{"id":484,"date":"2025-11-05T17:34:33","date_gmt":"2025-11-05T17:34:33","guid":{"rendered":"https:\/\/ambulanceflight.com\/haberler\/"},"modified":"2025-12-26T16:17:01","modified_gmt":"2025-12-26T16:17:01","slug":"haberler","status":"publish","type":"page","link":"https:\/\/ambulanceflight.com\/tr\/haberler\/","title":{"rendered":"Haberler"},"content":{"rendered":"\t\t<div data-elementor-type=\"wp-page\" data-elementor-id=\"484\" class=\"elementor elementor-484 elementor-279\" data-elementor-settings=\"{&quot;ha_cmc_init_switcher&quot;:&quot;no&quot;}\" data-elementor-post-type=\"page\">\n\t\t\t\t<div class=\"elementor-element elementor-element-f1277b1 e-flex e-con-boxed e-con e-parent\" data-id=\"f1277b1\" data-element_type=\"container\" data-settings=\"{&quot;background_background&quot;:&quot;classic&quot;,&quot;_ha_eqh_enable&quot;:false,&quot;ekit_has_onepagescroll_dot&quot;:&quot;yes&quot;}\">\n\t\t\t\t\t<div class=\"e-con-inner\">\n\t\t\t\t<div class=\"elementor-element elementor-element-c5caa3f elementor-widget elementor-widget-heading\" data-id=\"c5caa3f\" data-element_type=\"widget\" data-settings=\"{&quot;ekit_we_effect_on&quot;:&quot;none&quot;}\" data-widget_type=\"heading.default\">\n\t\t\t\t<div class=\"elementor-widget-container\">\n\t\t\t<h2 class=\"elementor-heading-title elementor-size-default\">Haberler<\/h2>\t\t<\/div>\n\t\t\t\t<\/div>\n\t\t\t\t<div class=\"elementor-element elementor-element-365a120 elementor-widget elementor-widget-text-editor\" data-id=\"365a120\" data-element_type=\"widget\" data-settings=\"{&quot;ekit_we_effect_on&quot;:&quot;none&quot;}\" data-widget_type=\"text-editor.default\">\n\t\t\t\t<div class=\"elementor-widget-container\">\n\t\t\t\t\t\t\t<p>Ana Sayfa &#8211; Haberler<\/p>\t\t\t\t\t\t<\/div>\n\t\t\t\t<\/div>\n\t\t\t\t\t<\/div>\n\t\t\t\t<\/div>\n\t\t<div class=\"elementor-element elementor-element-62647079 e-flex e-con-boxed e-con e-parent\" data-id=\"62647079\" data-element_type=\"container\" data-settings=\"{&quot;_ha_eqh_enable&quot;:false,&quot;ekit_has_onepagescroll_dot&quot;:&quot;yes&quot;}\">\n\t\t\t\t\t<div class=\"e-con-inner\">\n\t\t<div class=\"elementor-element elementor-element-26be31c9 e-con-full e-flex e-con e-child\" data-id=\"26be31c9\" data-element_type=\"container\" data-settings=\"{&quot;_ha_eqh_enable&quot;:false,&quot;ekit_has_onepagescroll_dot&quot;:&quot;yes&quot;}\">\n\t\t\t\t<div class=\"elementor-element elementor-element-4a4fb7c0 animated-fast ha-has-bg-overlay elementor-invisible elementor-widget elementor-widget-heading\" data-id=\"4a4fb7c0\" data-element_type=\"widget\" data-settings=\"{&quot;_animation&quot;:&quot;slideInLeft&quot;,&quot;ekit_we_effect_on&quot;:&quot;none&quot;}\" data-widget_type=\"heading.default\">\n\t\t\t\t<div class=\"elementor-widget-container\">\n\t\t\t<h5 class=\"elementor-heading-title elementor-size-default\">Haberler &amp; \u0130\u00e7g\u00f6r\u00fcler<\/h5>\t\t<\/div>\n\t\t\t\t<\/div>\n\t\t\t\t<div class=\"elementor-element elementor-element-269e70ce elementor-widget__width-inherit elementor-invisible elementor-widget elementor-widget-heading\" data-id=\"269e70ce\" data-element_type=\"widget\" data-settings=\"{&quot;_animation&quot;:&quot;slideInLeft&quot;,&quot;ekit_we_effect_on&quot;:&quot;none&quot;}\" data-widget_type=\"heading.default\">\n\t\t\t\t<div class=\"elementor-widget-container\">\n\t\t\t<h2 class=\"elementor-heading-title elementor-size-default\">AmbulanceFlight.com ile Haberdar Olun<\/h2>\t\t<\/div>\n\t\t\t\t<\/div>\n\t\t\t\t<div class=\"elementor-element elementor-element-7c6a6e4c animated-slow elementor-invisible elementor-widget elementor-widget-text-editor\" data-id=\"7c6a6e4c\" data-element_type=\"widget\" data-settings=\"{&quot;_animation&quot;:&quot;slideInLeft&quot;,&quot;ekit_we_effect_on&quot;:&quot;none&quot;}\" data-widget_type=\"text-editor.default\">\n\t\t\t\t<div class=\"elementor-widget-container\">\n\t\t\t\t\t\t\t<p data-start=\"631\" data-end=\"799\">A\u015fa\u011f\u0131da <strong data-start=\"713\" data-end=\"741\">hava ambulans\u0131 operasyonlar\u0131<\/strong>, <strong data-start=\"743\" data-end=\"763\">t\u0131bbi havac\u0131l\u0131k<\/strong> ve <strong data-start=\"769\" data-end=\"796\">yo\u011fun bak\u0131m ta\u015f\u0131mac\u0131l\u0131\u011f\u0131<\/strong> alan\u0131ndaki en son makalelerimizi, uzman ipu\u00e7lar\u0131m\u0131z\u0131 ve g\u00fcncellemelerimizi bulacaks\u0131n\u0131z.<\/p>\t\t\t\t\t\t<\/div>\n\t\t\t\t<\/div>\n\t\t\t\t<\/div>\n\t\t\t\t<div class=\"elementor-element elementor-element-43bba9de elementor-widget elementor-widget-elementskit-blog-posts\" data-id=\"43bba9de\" data-element_type=\"widget\" data-settings=\"{&quot;ekit_we_effect_on&quot;:&quot;none&quot;}\" data-widget_type=\"elementskit-blog-posts.default\">\n\t\t\t\t<div class=\"elementor-widget-container\">\n\t\t\t<div class=\"ekit-wid-con\" >\n        <div id=\"post-items--43bba9de\" class=\"row post-items ekit-blog-posts-content wihout-masonry \" data-enable=\"no\">\n\n\t\t\t<!-- Blog Carousel markup render -->\n\t\t\t\n\n            <div class=\"col-lg-4 col-md-6\">\n\n                                    <div class=\"elementskit-post-image-card\">\n                        <div class=\"elementskit-entry-header\">\n                                                            <a href=\"https:\/\/ambulanceflight.com\/tr\/hava-ambulansi-ucuslari-yogun-bakim-hastalari-icin-nasil-donatilir\/\" class=\"elementskit-entry-thumb\">\n                                    <img decoding=\"async\" src=\"https:\/\/ambulanceflight.com\/wp-content\/uploads\/2025\/12\/PHOTO-2023-02-17-10-04-26.jpg\" alt=\"Hava Ambulans\u0131 U\u00e7u\u015flar\u0131 Yo\u011fun Bak\u0131m Hastalar\u0131 \u0130\u00e7in Nas\u0131l Donat\u0131l\u0131r?\">\n                                <\/a><!-- .elementskit-entry-thumb END -->\n                                                                                                    <div class=\"elementskit-meta-lists\">\n                                        <div class=\"elementskit-single-meta\"><span class=\"elementskit-meta-wraper\"><strong>05<\/strong>Kas<\/span><\/div>\n                                    <\/div>\n                                                                                            \n                            \n                                                    <\/div><!-- .elementskit-entry-header END -->\n\n                        <div class=\"elementskit-post-body \">\n                            \n                                                                                                                <div class=\"post-meta-list\">\n                                                                        <span class=\"meta-author\">\n                                \n                                    <i aria-hidden=\"true\" class=\"icon icon-user\"><\/i>\n                                                                <a href=\"https:\/\/ambulanceflight.com\/tr\/author\/admin123\/\" class=\"author-name\">Medical Operations<\/a>\n                            <\/span>\n                                                                                                                                                                                                <span class=\"meta-date\">\n\n                                <i aria-hidden=\"true\" class=\"icon icon-calendar3\"><\/i>\n                                <span class=\"meta-date-text\">\n                                    Kas\u0131m 5, 2025                                <\/span>\n                            <\/span>\n                                                                                                            <\/div>\n                                                                        \n                                        \n                                        \t\t\t\t\t\t\t\t\t\t                <h2 class=\"entry-title\">\n                    <a href=\"https:\/\/ambulanceflight.com\/tr\/hava-ambulansi-ucuslari-yogun-bakim-hastalari-icin-nasil-donatilir\/\">\n                            Hava Ambulans\u0131 U\u00e7u\u015flar\u0131 Yo\u011fun Bak\u0131m Hastalar\u0131 \u0130\u00e7in Nas\u0131l Donat\u0131l\u0131r?                    <\/a>\n                <\/h2>\n                                                                                                                                                    \t\t\t\t\t\t\t\t\t\t<p>Modern hava ambulanslar\u0131n\u0131n, kritik hastalar\u0131n bak\u0131m\u0131 i\u00e7in ileri t\u0131bbi teknoloji ve uzman personel ile donat\u0131lm\u0131\u015f, u\u00e7an yo\u011fun bak\u0131m \u00fcniteleri olarak nas\u0131l i\u015flev g\u00f6rd\u00fc\u011f\u00fcn\u00fc ke\u015ffedin. Hava&hellip;<\/p>\n                                                                                                                                                        <div class=\"btn-wraper\">\n                                    \n                                                                            <a href=\"https:\/\/ambulanceflight.com\/tr\/hava-ambulansi-ucuslari-yogun-bakim-hastalari-icin-nasil-donatilir\/\" class=\"elementskit-btn  whitespace--normal\" >\n                                                                                    Daha fazla bilgi edinin                                          <\/a>\n                                                                    <\/div>\n                                                    <\/div><!-- .elementskit-post-body END -->\n                    <\/div>\n                \n            <\/div>\t\t\t\t\n\n            <div class=\"col-lg-4 col-md-6\">\n\n                                    <div class=\"elementskit-post-image-card\">\n                        <div class=\"elementskit-entry-header\">\n                                                            <a href=\"https:\/\/ambulanceflight.com\/tr\/tibbi-geri-donus-ucusu-talep-etmeden-once-bilmeniz-gerekenler\/\" class=\"elementskit-entry-thumb\">\n                                    <img decoding=\"async\" src=\"https:\/\/ambulanceflight.com\/wp-content\/uploads\/2025\/10\/JAYNJCJ.jpg\" alt=\"T\u0131bbi Geri D\u00f6n\u00fc\u015f U\u00e7u\u015fu Talep Etmeden \u00d6nce Bilmeniz Gerekenler\">\n                                <\/a><!-- .elementskit-entry-thumb END -->\n                                                                                                    <div class=\"elementskit-meta-lists\">\n                                        <div class=\"elementskit-single-meta\"><span class=\"elementskit-meta-wraper\"><strong>05<\/strong>Kas<\/span><\/div>\n                                    <\/div>\n                                                                                            \n                            \n                                                    <\/div><!-- .elementskit-entry-header END -->\n\n                        <div class=\"elementskit-post-body \">\n                            \n                                                                                                                <div class=\"post-meta-list\">\n                                                                        <span class=\"meta-author\">\n                                \n                                    <i aria-hidden=\"true\" class=\"icon icon-user\"><\/i>\n                                                                <a href=\"https:\/\/ambulanceflight.com\/tr\/author\/admin123\/\" class=\"author-name\">Medical Operations<\/a>\n                            <\/span>\n                                                                                                                                                                                                <span class=\"meta-date\">\n\n                                <i aria-hidden=\"true\" class=\"icon icon-calendar3\"><\/i>\n                                <span class=\"meta-date-text\">\n                                    Kas\u0131m 5, 2025                                <\/span>\n                            <\/span>\n                                                                                                            <\/div>\n                                                                        \n                                        \n                                        \t\t\t\t\t\t\t\t\t\t                <h2 class=\"entry-title\">\n                    <a href=\"https:\/\/ambulanceflight.com\/tr\/tibbi-geri-donus-ucusu-talep-etmeden-once-bilmeniz-gerekenler\/\">\n                            T\u0131bbi Geri D\u00f6n\u00fc\u015f U\u00e7u\u015fu Talep Etmeden \u00d6nce Bilmeniz Gerekenler                    <\/a>\n                <\/h2>\n                                                                                                                                                    \t\t\t\t\t\t\t\t\t\t<p>T\u0131bbi bir geri d\u00f6n\u00fc\u015f m\u00fc planl\u0131yorsunuz? Dok\u00fcmantasyon ve sigortadan do\u011fru hava ambulans\u0131 sa\u011flay\u0131c\u0131s\u0131n\u0131 se\u00e7meye kadar bilmeniz gereken her \u015fey burada. T\u0131bbi Geri D\u00f6n\u00fc\u015f U\u00e7u\u015fu Talep&hellip;<\/p>\n                                                                                                                                                        <div class=\"btn-wraper\">\n                                    \n                                                                            <a href=\"https:\/\/ambulanceflight.com\/tr\/tibbi-geri-donus-ucusu-talep-etmeden-once-bilmeniz-gerekenler\/\" class=\"elementskit-btn  whitespace--normal\" >\n                                                                                    Daha fazla bilgi edinin                                          <\/a>\n                                                                    <\/div>\n                                                    <\/div><!-- .elementskit-post-body END -->\n                    <\/div>\n                \n            <\/div>\t\t\t\t\n\n            <div class=\"col-lg-4 col-md-6\">\n\n                                    <div class=\"elementskit-post-image-card\">\n                        <div class=\"elementskit-entry-header\">\n                                                            <a href=\"https:\/\/ambulanceflight.com\/tr\/tibbi-acil-durumlarda-hava-ambulansi-hizmetlerinin-onemi\/\" class=\"elementskit-entry-thumb\">\n                                    <img decoding=\"async\" src=\"https:\/\/ambulanceflight.com\/wp-content\/uploads\/2025\/10\/EA82XQR.jpg\" alt=\"T\u0131bbi Acil Durumlarda Hava Ambulans\u0131 Hizmetlerinin \u00d6nemi\">\n                                <\/a><!-- .elementskit-entry-thumb END -->\n                                                                                                    <div class=\"elementskit-meta-lists\">\n                                        <div class=\"elementskit-single-meta\"><span class=\"elementskit-meta-wraper\"><strong>05<\/strong>Kas<\/span><\/div>\n                                    <\/div>\n                                                                                            \n                            \n                                                    <\/div><!-- .elementskit-entry-header END -->\n\n                        <div class=\"elementskit-post-body \">\n                            \n                                                                                                                <div class=\"post-meta-list\">\n                                                                        <span class=\"meta-author\">\n                                \n                                    <i aria-hidden=\"true\" class=\"icon icon-user\"><\/i>\n                                                                <a href=\"https:\/\/ambulanceflight.com\/tr\/author\/admin123\/\" class=\"author-name\">Medical Operations<\/a>\n                            <\/span>\n                                                                                                                                                                                                <span class=\"meta-date\">\n\n                                <i aria-hidden=\"true\" class=\"icon icon-calendar3\"><\/i>\n                                <span class=\"meta-date-text\">\n                                    Kas\u0131m 5, 2025                                <\/span>\n                            <\/span>\n                                                                                                            <\/div>\n                                                                        \n                                        \n                                        \t\t\t\t\t\t\t\t\t\t                <h2 class=\"entry-title\">\n                    <a href=\"https:\/\/ambulanceflight.com\/tr\/tibbi-acil-durumlarda-hava-ambulansi-hizmetlerinin-onemi\/\">\n                            T\u0131bbi Acil Durumlarda Hava Ambulans\u0131 Hizmetlerinin \u00d6nemi                    <\/a>\n                <\/h2>\n                                                                                                                                                    \t\t\t\t\t\t\t\t\t\t<p>Kritik t\u0131bbi acil durumlarda hayat kurtarmak i\u00e7in hava ambulans\u0131 hizmetlerinin neden gerekli oldu\u011funu ke\u015ffedin. H\u0131zl\u0131 m\u00fcdahalenin ve yo\u011fun bak\u0131m \u00fcnitesinde bak\u0131m\u0131n nas\u0131l bir fark yaratt\u0131\u011f\u0131n\u0131&hellip;<\/p>\n                                                                                                                                                        <div class=\"btn-wraper\">\n                                    \n                                                                            <a href=\"https:\/\/ambulanceflight.com\/tr\/tibbi-acil-durumlarda-hava-ambulansi-hizmetlerinin-onemi\/\" class=\"elementskit-btn  whitespace--normal\" >\n                                                                                    Daha fazla bilgi edinin                                          <\/a>\n                                                                    <\/div>\n                                                    <\/div><!-- .elementskit-post-body END -->\n                    <\/div>\n                \n            <\/div>\t\t\t\t        <\/div>\n        \n        \n        <\/div>\t\t<\/div>\n\t\t\t\t<\/div>\n\t\t\t\t\t<\/div>\n\t\t\t\t<\/div>\n\t\t\t\t<\/div>\n\t\t","protected":false},"excerpt":{"rendered":"<p>Haberler Ana Sayfa &#8211; Haberler Haberler &amp; \u0130\u00e7g\u00f6r\u00fcler AmbulanceFlight.com ile Haberdar Olun A\u015fa\u011f\u0131da hava ambulans\u0131 operasyonlar\u0131, t\u0131bbi havac\u0131l\u0131k ve yo\u011fun bak\u0131m ta\u015f\u0131mac\u0131l\u0131\u011f\u0131 alan\u0131ndaki en son makalelerimizi, uzman ipu\u00e7lar\u0131m\u0131z\u0131 ve g\u00fcncellemelerimizi bulacaks\u0131n\u0131z. 05Nov admin123 November 5, 2025 How Air Ambulance Flights Are Equipped for Critical Care Patients Explore how modern air ambulances function as flying ICUs, [&hellip;]<\/p>\n","protected":false},"author":1,"featured_media":0,"parent":0,"menu_order":0,"comment_status":"closed","ping_status":"closed","template":"elementor_header_footer","meta":{"footnotes":""},"class_list":["post-484","page","type-page","status-publish","hentry"],"_links":{"self":[{"href":"https:\/\/ambulanceflight.com\/tr\/wp-json\/wp\/v2\/pages\/484","targetHints":{"allow":["GET"]}}],"collection":[{"href":"https:\/\/ambulanceflight.com\/tr\/wp-json\/wp\/v2\/pages"}],"about":[{"href":"https:\/\/ambulanceflight.com\/tr\/wp-json\/wp\/v2\/types\/page"}],"author":[{"embeddable":true,"href":"https:\/\/ambulanceflight.com\/tr\/wp-json\/wp\/v2\/users\/1"}],"replies":[{"embeddable":true,"href":"https:\/\/ambulanceflight.com\/tr\/wp-json\/wp\/v2\/comments?post=484"}],"version-history":[{"count":4,"href":"https:\/\/ambulanceflight.com\/tr\/wp-json\/wp\/v2\/pages\/484\/revisions"}],"predecessor-version":[{"id":1255,"href":"https:\/\/ambulanceflight.com\/tr\/wp-json\/wp\/v2\/pages\/484\/revisions\/1255"}],"wp:attachment":[{"href":"https:\/\/ambulanceflight.com\/tr\/wp-json\/wp\/v2\/media?parent=484"}],"curies":[{"name":"wp","href":"https:\/\/api.w.org\/{rel}","templated":true}]}}