{"id":480,"date":"2025-11-06T06:54:09","date_gmt":"2025-11-06T06:54:09","guid":{"rendered":"https:\/\/ambulanceflight.com\/nasil-calisir\/"},"modified":"2026-01-09T14:58:39","modified_gmt":"2026-01-09T14:58:39","slug":"nasil-calisir","status":"publish","type":"page","link":"https:\/\/ambulanceflight.com\/tr\/nasil-calisir\/","title":{"rendered":"Prosed\u00fcr"},"content":{"rendered":"\t\t<div data-elementor-type=\"wp-page\" data-elementor-id=\"480\" class=\"elementor elementor-480 elementor-315\" data-elementor-settings=\"{&quot;ha_cmc_init_switcher&quot;:&quot;no&quot;}\" data-elementor-post-type=\"page\">\n\t\t\t\t<div class=\"elementor-element elementor-element-7acdfdf e-flex e-con-boxed e-con e-parent\" data-id=\"7acdfdf\" data-element_type=\"container\" data-settings=\"{&quot;background_background&quot;:&quot;classic&quot;,&quot;_ha_eqh_enable&quot;:false,&quot;ekit_has_onepagescroll_dot&quot;:&quot;yes&quot;}\">\n\t\t\t\t\t<div class=\"e-con-inner\">\n\t\t\t\t<div class=\"elementor-element elementor-element-73020b5 elementor-widget elementor-widget-heading\" data-id=\"73020b5\" data-element_type=\"widget\" data-settings=\"{&quot;ekit_we_effect_on&quot;:&quot;none&quot;}\" data-widget_type=\"heading.default\">\n\t\t\t\t<div class=\"elementor-widget-container\">\n\t\t\t<h2 class=\"elementor-heading-title elementor-size-default\">Rezervasyon S\u00fcreci<\/h2>\t\t<\/div>\n\t\t\t\t<\/div>\n\t\t\t\t<div class=\"elementor-element elementor-element-3c72446 elementor-widget elementor-widget-text-editor\" data-id=\"3c72446\" data-element_type=\"widget\" data-settings=\"{&quot;ekit_we_effect_on&quot;:&quot;none&quot;}\" data-widget_type=\"text-editor.default\">\n\t\t\t\t<div class=\"elementor-widget-container\">\n\t\t\t\t\t\t\t<p>Ana Sayfa &#8211; Rezervasyon S\u00fcreci ?<\/p>\t\t\t\t\t\t<\/div>\n\t\t\t\t<\/div>\n\t\t\t\t\t<\/div>\n\t\t\t\t<\/div>\n\t\t<div class=\"elementor-element elementor-element-3b71ff1 e-flex e-con-boxed e-con e-parent\" data-id=\"3b71ff1\" data-element_type=\"container\" data-settings=\"{&quot;background_background&quot;:&quot;classic&quot;,&quot;_ha_eqh_enable&quot;:false,&quot;ekit_has_onepagescroll_dot&quot;:&quot;yes&quot;}\">\n\t\t\t\t\t<div class=\"e-con-inner\">\n\t\t\t\t<div class=\"elementor-element elementor-element-9292617 elementor-widget elementor-widget-html\" data-id=\"9292617\" data-element_type=\"widget\" data-settings=\"{&quot;ekit_we_effect_on&quot;:&quot;none&quot;}\" data-widget_type=\"html.default\">\n\t\t\t\t<div class=\"elementor-widget-container\">\n\t\t\t<style>\/* CONTAINER *\/\n.timeline-wrapper {\n    position: relative;\n    padding: 80px 20px;\n    background: linear-gradient(180deg, #eef7fc, #f8fcff);\n    font-family: Arial, Helvetica, sans-serif;\n}\n\n\/* TITLE IN BLUE (IMPORTANT) *\/\n.timeline-title {\n    text-align: center;\n    font-size: 38px;\n    font-weight: 700;\n    color: #1f5ea8;\n    margin-bottom: 60px;\n}\n\n\/* TIMELINE *\/\n.timeline {\n    position: relative;\n    max-width: 900px;\n    margin: auto;\n}\n\n\/* CENTRAL LINE *\/\n.timeline::before {\n    content: \"\";\n    position: absolute;\n    left: 50%;\n    top: 0;\n    bottom: 0;\n    width: 6px;\n    background: #cde6f6;\n    transform: translateX(-50%);\n    border-radius: 6px;\n}\n\n\/* PLANE *\/\n#plane {\n    position: absolute;\n    left: 50%;\n    top: 0;\n    transform: translateX(-50%);\n    font-size: 34px;\n    z-index: 10;\n    pointer-events: none;\n}\n\n\/* STEP *\/\n.step {\n    position: relative;\n    width: 50%;\n    padding: 25px 30px;\n    box-sizing: border-box;\n}\n\n.step.left {\n    left: 0;\n    text-align: right;\n}\n\n.step.right {\n    left: 50%;\n    text-align: left;\n}\n\n\/* BUBBLE *\/\n.step-content {\n    background: white;\n    padding: 18px 22px;\n    border-radius: 14px;\n    display: inline-block;\n    box-shadow: 0 6px 18px rgba(0,0,0,0.08);\n    max-width: 320px;\n}\n\n\/* NUMBER *\/\n.step-number {\n    position: absolute;\n    top: 30px;\n    width: 46px;\n    height: 46px;\n    background: #1f5ea8;\n    color: white;\n    border-radius: 50%;\n    font-weight: bold;\n    display: flex;\n    align-items: center;\n    justify-content: center;\n}\n\n.step.left .step-number {\n    right: -23px;\n}\n\n.step.right .step-number {\n    left: -23px;\n}\n\n\/* TEXT *\/\n.step-content h3 {\n    margin: 0 0 6px;\n    font-size: 16px;\n    color: #1f5ea8;\n}\n\n.step-content p {\n    margin: 0;\n    font-size: 14px;\n    color: #555;\n}\n<\/style><div class=\"timeline-wrapper\"><h2 class=\"timeline-title\">Rezervasyon S\u00fcreci<\/h2><div class=\"timeline\"><div id=\"plane\">\ud83d\udee9\ufe0f<\/div><div class=\"step left\"><div class=\"step-number\">1<\/div><div class=\"step-content\"><h3>\u2060\u0130lk \u0130leti\u015fim<\/h3><p>Bilgi talebi veya acil durum<\/p><\/div><\/div><div class=\"step right\"><div class=\"step-number\">2<\/div><div class=\"step-content\"><h3>T\u0131bbi De\u011ferlendirme<\/h3><p>U\u00e7u\u015fun t\u0131bbi\/operasyonel olarak yap\u0131labilirli\u011finin de\u011ferlendirilmesi <\/p><\/div><\/div><div class=\"step left\"><div class=\"step-number\">3<\/div><div class=\"step-content\"><h3>U\u00e7u\u015f Teklifi<\/h3><p>Onay<\/p><\/div><\/div><div class=\"step right\"><div class=\"step-number\">4<\/div><div class=\"step-content\"><h3>U\u00e7u\u015f Organizasyonu<\/h3><p>U\u00e7u\u015ftan \u00f6nce<\/p><\/div><\/div><div class=\"step left\"><div class=\"step-number\">5<\/div><div class=\"step-content\"><h3>\u2060Hastan\u0131n Teslim Al\u0131nmas\u0131 <\/h3><p>Yataktan yata\u011fa hizmet<\/p><\/div><\/div><div class=\"step right\"><div class=\"step-number\">6<\/div><div class=\"step-content\"><h3>T\u0131bbi U\u00e7u\u015f<\/h3><\/div><\/div><div class=\"step left\"><div class=\"step-number\">7<\/div><div class=\"step-content\"><h3>Var\u0131\u015f & teslim<\/h3><p>Hasta var\u0131\u015f hastanesine teslim edilir, gerekli raporlama ve takip yap\u0131l\u0131r.<\/p><\/div><\/div><\/div><\/div><script>const plane = document.getElementById(\"plane\");\nconst timeline = document.querySelector(\".timeline\");\n\nlet lastScrollY = window.scrollY;\nlet planeY = 0;\nconst speed = 0.90; \/\/ smaller = slower\n\nwindow.addEventListener(\"scroll\", () => {\n    const rect = timeline.getBoundingClientRect();\n    const scrollDelta = window.scrollY - lastScrollY;\n    lastScrollY = window.scrollY;\n\n    if (rect.top < window.innerHeight && rect.bottom > 0) {\n        planeY += scrollDelta * speed;\n\n        planeY = Math.max(0, planeY);\n        planeY = Math.min(planeY, rect.height - 60);\n\n        plane.style.top = planeY + \"px\";\n    }\n});\n<\/script>\t\t<\/div>\n\t\t\t\t<\/div>\n\t\t\t\t\t<\/div>\n\t\t\t\t<\/div>\n\t\t\t\t<\/div>\n\t\t","protected":false},"excerpt":{"rendered":"<p>Rezervasyon S\u00fcreci Ana Sayfa &#8211; Rezervasyon S\u00fcreci ? Rezervasyon S\u00fcreci \ud83d\udee9\ufe0f1 \u2060\u0130lk \u0130leti\u015fim Bilgi talebi veya acil durum 2 T\u0131bbi De\u011ferlendirme U\u00e7u\u015fun t\u0131bbi\/operasyonel olarak yap\u0131labilirli\u011finin de\u011ferlendirilmesi 3 U\u00e7u\u015f Teklifi Onay 4 U\u00e7u\u015f Organizasyonu U\u00e7u\u015ftan \u00f6nce 5 \u2060Hastan\u0131n Teslim Al\u0131nmas\u0131 Yataktan yata\u011fa hizmet 6 T\u0131bbi U\u00e7u\u015f 7 Var\u0131\u015f &#038; teslim Hasta var\u0131\u015f hastanesine teslim edilir, gerekli [&hellip;]<\/p>\n","protected":false},"author":1,"featured_media":0,"parent":0,"menu_order":0,"comment_status":"closed","ping_status":"closed","template":"elementor_header_footer","meta":{"footnotes":""},"class_list":["post-480","page","type-page","status-publish","hentry"],"_links":{"self":[{"href":"https:\/\/ambulanceflight.com\/tr\/wp-json\/wp\/v2\/pages\/480","targetHints":{"allow":["GET"]}}],"collection":[{"href":"https:\/\/ambulanceflight.com\/tr\/wp-json\/wp\/v2\/pages"}],"about":[{"href":"https:\/\/ambulanceflight.com\/tr\/wp-json\/wp\/v2\/types\/page"}],"author":[{"embeddable":true,"href":"https:\/\/ambulanceflight.com\/tr\/wp-json\/wp\/v2\/users\/1"}],"replies":[{"embeddable":true,"href":"https:\/\/ambulanceflight.com\/tr\/wp-json\/wp\/v2\/comments?post=480"}],"version-history":[{"count":15,"href":"https:\/\/ambulanceflight.com\/tr\/wp-json\/wp\/v2\/pages\/480\/revisions"}],"predecessor-version":[{"id":2163,"href":"https:\/\/ambulanceflight.com\/tr\/wp-json\/wp\/v2\/pages\/480\/revisions\/2163"}],"wp:attachment":[{"href":"https:\/\/ambulanceflight.com\/tr\/wp-json\/wp\/v2\/media?parent=480"}],"curies":[{"name":"wp","href":"https:\/\/api.w.org\/{rel}","templated":true}]}}