{"id":2117,"date":"2025-12-31T16:01:50","date_gmt":"2025-12-31T16:01:50","guid":{"rendered":"https:\/\/ambulanceflight.com\/falcon-900\/"},"modified":"2026-04-15T14:22:02","modified_gmt":"2026-04-15T14:22:02","slug":"falcon-900","status":"publish","type":"page","link":"https:\/\/ambulanceflight.com\/tr\/donanma\/agir-jet\/falcon-900\/","title":{"rendered":"Falcon 900"},"content":{"rendered":"\t\t<div data-elementor-type=\"wp-page\" data-elementor-id=\"2117\" class=\"elementor elementor-2117 elementor-2109\" data-elementor-settings=\"{&quot;ha_cmc_init_switcher&quot;:&quot;no&quot;}\" data-elementor-post-type=\"page\">\n\t\t\t\t<div class=\"elementor-element elementor-element-1024ae3 e-flex e-con-boxed e-con e-parent\" data-id=\"1024ae3\" data-element_type=\"container\" data-settings=\"{&quot;_ha_eqh_enable&quot;:false,&quot;ekit_has_onepagescroll_dot&quot;:&quot;yes&quot;}\">\n\t\t\t\t\t<div class=\"e-con-inner\">\n\t\t<div class=\"elementor-element elementor-element-b4dbc45 e-con-full e-flex e-con e-child\" data-id=\"b4dbc45\" data-element_type=\"container\" data-settings=\"{&quot;_ha_eqh_enable&quot;:false,&quot;ekit_has_onepagescroll_dot&quot;:&quot;yes&quot;}\">\n\t\t\t\t<div class=\"elementor-element elementor-element-a991142 elementor-widget elementor-widget-image\" data-id=\"a991142\" data-element_type=\"widget\" data-settings=\"{&quot;ekit_we_effect_on&quot;:&quot;none&quot;}\" data-widget_type=\"image.default\">\n\t\t\t\t<div class=\"elementor-widget-container\">\n\t\t\t\t\t\t\t\t\t\t\t\t\t<img fetchpriority=\"high\" decoding=\"async\" width=\"736\" height=\"607\" src=\"https:\/\/ambulanceflight.com\/wp-content\/uploads\/2025\/12\/Falcon-900EX-1.jpg\" class=\"attachment-large size-large wp-image-2120\" alt=\"\" srcset=\"https:\/\/ambulanceflight.com\/wp-content\/uploads\/2025\/12\/Falcon-900EX-1.jpg 736w, https:\/\/ambulanceflight.com\/wp-content\/uploads\/2025\/12\/Falcon-900EX-1-300x247.jpg 300w\" sizes=\"(max-width: 736px) 100vw, 736px\" \/>\t\t\t\t\t\t\t\t\t\t\t\t\t<\/div>\n\t\t\t\t<\/div>\n\t\t\t\t<\/div>\n\t\t<div class=\"elementor-element elementor-element-4a51f56 e-con-full e-flex e-con e-child\" data-id=\"4a51f56\" data-element_type=\"container\" data-settings=\"{&quot;_ha_eqh_enable&quot;:false,&quot;ekit_has_onepagescroll_dot&quot;:&quot;yes&quot;}\">\n\t\t<div class=\"elementor-element elementor-element-a5cd3cb e-con-full e-flex e-con e-child\" data-id=\"a5cd3cb\" data-element_type=\"container\" data-settings=\"{&quot;_ha_eqh_enable&quot;:false,&quot;ekit_has_onepagescroll_dot&quot;:&quot;yes&quot;}\">\n\t\t\t\t<div class=\"elementor-element elementor-element-c21e967 elementor-widget elementor-widget-image\" data-id=\"c21e967\" data-element_type=\"widget\" data-settings=\"{&quot;ekit_we_effect_on&quot;:&quot;none&quot;}\" data-widget_type=\"image.default\">\n\t\t\t\t<div class=\"elementor-widget-container\">\n\t\t\t\t\t\t\t\t\t\t\t\t\t<img decoding=\"async\" width=\"800\" height=\"534\" src=\"https:\/\/ambulanceflight.com\/wp-content\/uploads\/2026\/01\/Airlec_Falcon-900-EX-3-1024x683.jpg\" class=\"attachment-large size-large wp-image-3030\" alt=\"\" srcset=\"https:\/\/ambulanceflight.com\/wp-content\/uploads\/2026\/01\/Airlec_Falcon-900-EX-3-1024x683.jpg 1024w, https:\/\/ambulanceflight.com\/wp-content\/uploads\/2026\/01\/Airlec_Falcon-900-EX-3-300x200.jpg 300w, https:\/\/ambulanceflight.com\/wp-content\/uploads\/2026\/01\/Airlec_Falcon-900-EX-3-768x512.jpg 768w, https:\/\/ambulanceflight.com\/wp-content\/uploads\/2026\/01\/Airlec_Falcon-900-EX-3.jpg 1225w\" sizes=\"(max-width: 800px) 100vw, 800px\" \/>\t\t\t\t\t\t\t\t\t\t\t\t\t<\/div>\n\t\t\t\t<\/div>\n\t\t\t\t<\/div>\n\t\t<div class=\"elementor-element elementor-element-821eb58 e-con-full e-flex e-con e-child\" data-id=\"821eb58\" data-element_type=\"container\" data-settings=\"{&quot;_ha_eqh_enable&quot;:false,&quot;ekit_has_onepagescroll_dot&quot;:&quot;yes&quot;}\">\n\t\t\t\t<\/div>\n\t\t\t\t<\/div>\n\t\t\t\t\t<\/div>\n\t\t\t\t<\/div>\n\t\t<div class=\"elementor-element elementor-element-f9f403c e-flex e-con-boxed e-con e-parent\" data-id=\"f9f403c\" data-element_type=\"container\" data-settings=\"{&quot;background_background&quot;:&quot;classic&quot;,&quot;_ha_eqh_enable&quot;:false,&quot;ekit_has_onepagescroll_dot&quot;:&quot;yes&quot;}\">\n\t\t\t\t\t<div class=\"e-con-inner\">\n\t\t\t\t<div class=\"elementor-element elementor-element-33980db elementor-widget elementor-widget-text-editor\" data-id=\"33980db\" data-element_type=\"widget\" data-settings=\"{&quot;ekit_we_effect_on&quot;:&quot;none&quot;}\" data-widget_type=\"text-editor.default\">\n\t\t\t\t<div class=\"elementor-widget-container\">\n\t\t\t\t\t\t\t<p data-path-to-node=\"0\"> <\/p><p data-path-to-node=\"0\"><b data-path-to-node=\"0\" data-index-in-node=\"4\">Dassault Falcon 900<\/b>, k\u00fcresel hava ambulans filosunun en \u00e7ok y\u00f6nl\u00fc ve prestijli a\u011f\u0131r jetlerinden biridir. Falcon 50 gibi, \u00fc\u00e7 <b data-path-to-node=\"0\" data-index-in-node=\"149\">motorlu (\u00fc\u00e7 motorlu)<\/b> bir konfig\u00fcrasyona sahiptir ve zorlu havaalanlar\u0131ndan gelen okyanuslar aras\u0131 u\u00e7u\u015flar ve operasyonlar i\u00e7in e\u015fsiz g\u00fcvenlik ve performans sa\u011flar. \u00c7ok daha b\u00fcy\u00fck bir kabin ve \u00e7ok daha geni\u015f menzil sunar; bu da onu d\u00fcnya genelinde kritik hasta hastalar\u0131n ta\u015f\u0131nmas\u0131 i\u00e7in birinci s\u0131n\u0131f bir tercih haline getirir.  <\/p><p data-path-to-node=\"1\">Falcon 900, geni\u015f g\u00f6vdeli &#8220;ayakta&#8221; kabini ve son derece sessiz ortam\u0131yla \u00fcnl\u00fcd\u00fcr. Uzun mesafeleri y\u00fcksek h\u0131zda u\u00e7abilme yetene\u011fi, d\u00fc\u015f\u00fck kabin irtifas\u0131 (\u00fcst\u00fcn bas\u0131n\u00e7) tutarken, karma\u015f\u0131k kalp veya solunum ihtiya\u00e7lar\u0131 olan hastalar i\u00e7in hayati \u00f6neme sahiptir ve onlar\u0131n en iyi durumda ula\u015fmas\u0131n\u0131 sa\u011flar. <\/p><p data-path-to-node=\"1\"> <\/p><h3 data-path-to-node=\"3\">T\u0131bbi Ekipman<\/h3><p data-path-to-node=\"4\">Falcon 900, <b data-path-to-node=\"4\" data-index-in-node=\"20\">a\u011f\u0131r hizmet i\u00e7in bir U\u00e7u\u015f Yo\u011fun Bak\u0131m Birimi (ICU)<\/b>&#8216;dur. Geni\u015f i\u00e7 mekan\u0131, iki hastay\u0131 ayr\u0131 bir t\u0131bbi ekiple veya bir hastay\u0131 b\u00fcy\u00fck bir aile grubuyla ta\u015f\u0131mak gibi \u00e7ok \u00e7e\u015fitli t\u0131bbi konfig\u00fcrasyonlara olanak tan\u0131r. <\/p><ul data-path-to-node=\"5\"><li><p data-path-to-node=\"5,0,0\">\u0130leri yo\u011fun bak\u0131m s\u0131n\u0131f\u0131 ta\u015f\u0131ma ventilat\u00f6r\u00fc<\/p><\/li><li><p data-path-to-node=\"5,1,0\">Y\u00fcksek kaliteli \u00e7ok parametreli monit\u00f6r (12-lead EKG, SpO2, EtCO2, IBP\/NIBP, S\u0131cakl\u0131k)<\/p><\/li><li><p data-path-to-node=\"5,2,0\">Bifazli defibrilat\u00f6r, harici kalp pili ve AED<\/p><\/li><li><p data-path-to-node=\"5,3,0\">10&#8217;a kadar hassas \u015f\u0131r\u0131nga s\u00fcr\u00fcc\u00fcs\u00fc ve inf\u00fczyon pompas\u0131ndan olu\u015fan entegre banka<\/p><\/li><li><p data-path-to-node=\"5,4,0\">\u00c7ift devreli, y\u00fcksek kapasiteli t\u0131bbi emici sistemler<\/p><\/li><li><p data-path-to-node=\"5,5,0\">Bak\u0131m noktas\u0131 kan gaz\u0131 ve elektrolit analiz\u00f6r\u00fc (i-STAT \/ EPOC)<\/p><\/li><li><p data-path-to-node=\"5,6,0\">Kapsaml\u0131 acil, cerrahi ve reanimasyon kitleri<\/p><\/li><li><p data-path-to-node=\"5,7,0\">Y\u00fcksek hassasiyetli g\u00f6revler i\u00e7in \u00f6zel destek: Yenido\u011fan Kulu\u00e7ka Makinesi, ECMO veya IABP<\/p><\/li><li><p data-path-to-node=\"5,8,0\">Ultra uzun mesafe mesafeleri i\u00e7in devasa t\u0131bbi oksijen rezervleri ve \u00f6zel g\u00fc\u00e7 yedekli\u011fi<\/p><\/li><\/ul><blockquote data-path-to-node=\"6\"><p data-path-to-node=\"6,0\"><i data-path-to-node=\"6,0\" data-index-in-node=\"0\">Falcon 900&#8217;\u00fcn kabini \u00fc\u00e7 b\u00f6lgeye ayr\u0131lm\u0131\u015ft\u0131r; b\u00f6ylece t\u0131bbi ekip hastaya odaklan\u0131rken, aile \u00fcyeleri ve yard\u0131m ekibi u\u00e7a\u011f\u0131n ayr\u0131 \u00f6zel b\u00f6l\u00fcmlerinde dinlenmektedir.<\/i><\/p><\/blockquote><table data-path-to-node=\"9\"><thead><tr><td><strong>\u00d6zellik<\/strong><\/td><td><strong>Spesifikasyonu<\/strong><\/td><\/tr><\/thead><tbody><tr><td><span data-path-to-node=\"9,1,0,0\"><b data-path-to-node=\"9,1,0,0\" data-index-in-node=\"0\">Seyir<\/b><\/span><\/td><td><span data-path-to-node=\"9,1,1,0\">h\u0131z\u0131 yakla\u015f\u0131k 850 km\/s (459 kt)<\/span><\/td><\/tr><tr><td><span data-path-to-node=\"9,2,0,0\"><b data-path-to-node=\"9,2,0,0\" data-index-in-node=\"0\">Menzil<\/b><\/span><\/td><td><span data-path-to-node=\"9,2,1,0\">yakla\u015f\u0131k 7.400 km &#8211; 8.800 km (modele ba\u011fl\u0131 olarak: B\/EX\/LX)<\/span><\/td><\/tr><tr><td><span data-path-to-node=\"9,3,0,0\"><b data-path-to-node=\"9,3,0,0\" data-index-in-node=\"0\">Motorlar<\/b><\/span><\/td><td><span data-path-to-node=\"9,3,1,0\">3 x Honeywell TFE731-5BR veya -60<\/span><\/td><\/tr><tr><td><span data-path-to-node=\"9,4,0,0\"><b data-path-to-node=\"9,4,0,0\" data-index-in-node=\"0\">Hizmet<\/b><\/span><\/td><td><span data-path-to-node=\"9,4,1,0\">Tavan\u0131 51.000 ft (15.545 m)<\/span><\/td><\/tr><tr><td><span data-path-to-node=\"9,5,0,0\"><b data-path-to-node=\"9,5,0,0\" data-index-in-node=\"0\">Uzun<\/b><\/span><\/td><td><span data-path-to-node=\"9,5,1,0\">mesafe g\u00f6revleri ve geni\u015f g\u00f6vde konforu i\u00e7in Key Advantage Trijet g\u00fcvenli\u011fi<\/span><\/td><\/tr><\/tbody><\/table>\t\t\t\t\t\t<\/div>\n\t\t\t\t<\/div>\n\t\t\t\t\t<\/div>\n\t\t\t\t<\/div>\n\t\t\t\t<\/div>\n\t\t","protected":false},"excerpt":{"rendered":"<p>Dassault Falcon 900, k\u00fcresel hava ambulans filosunun en \u00e7ok y\u00f6nl\u00fc ve prestijli a\u011f\u0131r jetlerinden biridir. Falcon 50 gibi, \u00fc\u00e7 motorlu (\u00fc\u00e7 motorlu) bir konfig\u00fcrasyona sahiptir ve zorlu havaalanlar\u0131ndan gelen okyanuslar aras\u0131 u\u00e7u\u015flar ve operasyonlar i\u00e7in e\u015fsiz g\u00fcvenlik ve performans sa\u011flar. \u00c7ok daha b\u00fcy\u00fck bir kabin ve \u00e7ok daha geni\u015f menzil sunar; bu da onu d\u00fcnya [&hellip;]<\/p>\n","protected":false},"author":1,"featured_media":0,"parent":1608,"menu_order":0,"comment_status":"closed","ping_status":"closed","template":"","meta":{"footnotes":""},"class_list":["post-2117","page","type-page","status-publish","hentry"],"yoast_head":"<!-- This site is optimized with the Yoast SEO plugin v27.6 - https:\/\/yoast.com\/product\/yoast-seo-wordpress\/ -->\n<title>Falcon 900 - K\u00fcresel Hava Ambulans Hizmetleri<\/title>\n<meta name=\"robots\" content=\"index, follow, max-snippet:-1, max-image-preview:large, max-video-preview:-1\" \/>\n<link rel=\"canonical\" href=\"https:\/\/ambulanceflight.com\/tr\/donanma\/agir-jet\/falcon-900\/\" \/>\n<meta property=\"og:locale\" content=\"tr_TR\" \/>\n<meta property=\"og:type\" content=\"article\" \/>\n<meta property=\"og:title\" content=\"Falcon 900 - K\u00fcresel Hava Ambulans Hizmetleri\" \/>\n<meta property=\"og:description\" content=\"Dassault Falcon 900, k\u00fcresel hava ambulans filosunun en \u00e7ok y\u00f6nl\u00fc ve prestijli a\u011f\u0131r jetlerinden biridir. Falcon 50 gibi, \u00fc\u00e7 motorlu (\u00fc\u00e7 motorlu) bir konfig\u00fcrasyona sahiptir ve zorlu havaalanlar\u0131ndan gelen okyanuslar aras\u0131 u\u00e7u\u015flar ve operasyonlar i\u00e7in e\u015fsiz g\u00fcvenlik ve performans sa\u011flar. \u00c7ok daha b\u00fcy\u00fck bir kabin ve \u00e7ok daha geni\u015f menzil sunar; bu da onu d\u00fcnya [&hellip;]\" \/>\n<meta property=\"og:url\" content=\"https:\/\/ambulanceflight.com\/tr\/donanma\/agir-jet\/falcon-900\/\" \/>\n<meta property=\"og:site_name\" content=\"K\u00fcresel Hava Ambulans Hizmetleri\" \/>\n<meta property=\"article:modified_time\" content=\"2026-04-15T14:22:02+00:00\" \/>\n<meta property=\"og:image\" content=\"http:\/\/ambulanceflight.com\/wp-content\/uploads\/2025\/12\/Falcon-900EX-1.jpg\" \/>\n<meta name=\"twitter:card\" content=\"summary_large_image\" \/>\n<meta name=\"twitter:label1\" content=\"Tahmini okuma s\u00fcresi\" \/>\n\t<meta name=\"twitter:data1\" content=\"2 dakika\" \/>\n<script type=\"application\/ld+json\" class=\"yoast-schema-graph\">{\"@context\":\"https:\\\/\\\/schema.org\",\"@graph\":[{\"@type\":\"WebPage\",\"@id\":\"https:\\\/\\\/ambulanceflight.com\\\/tr\\\/donanma\\\/agir-jet\\\/falcon-900\\\/\",\"url\":\"https:\\\/\\\/ambulanceflight.com\\\/tr\\\/donanma\\\/agir-jet\\\/falcon-900\\\/\",\"name\":\"Falcon 900 - K\u00fcresel Hava Ambulans Hizmetleri\",\"isPartOf\":{\"@id\":\"https:\\\/\\\/ambulanceflight.com\\\/tr\\\/#website\"},\"primaryImageOfPage\":{\"@id\":\"https:\\\/\\\/ambulanceflight.com\\\/tr\\\/donanma\\\/agir-jet\\\/falcon-900\\\/#primaryimage\"},\"image\":{\"@id\":\"https:\\\/\\\/ambulanceflight.com\\\/tr\\\/donanma\\\/agir-jet\\\/falcon-900\\\/#primaryimage\"},\"thumbnailUrl\":\"http:\\\/\\\/ambulanceflight.com\\\/wp-content\\\/uploads\\\/2025\\\/12\\\/Falcon-900EX-1.jpg\",\"datePublished\":\"2025-12-31T16:01:50+00:00\",\"dateModified\":\"2026-04-15T14:22:02+00:00\",\"breadcrumb\":{\"@id\":\"https:\\\/\\\/ambulanceflight.com\\\/tr\\\/donanma\\\/agir-jet\\\/falcon-900\\\/#breadcrumb\"},\"inLanguage\":\"tr\",\"potentialAction\":[{\"@type\":\"ReadAction\",\"target\":[\"https:\\\/\\\/ambulanceflight.com\\\/tr\\\/donanma\\\/agir-jet\\\/falcon-900\\\/\"]}]},{\"@type\":\"ImageObject\",\"inLanguage\":\"tr\",\"@id\":\"https:\\\/\\\/ambulanceflight.com\\\/tr\\\/donanma\\\/agir-jet\\\/falcon-900\\\/#primaryimage\",\"url\":\"http:\\\/\\\/ambulanceflight.com\\\/wp-content\\\/uploads\\\/2025\\\/12\\\/Falcon-900EX-1.jpg\",\"contentUrl\":\"http:\\\/\\\/ambulanceflight.com\\\/wp-content\\\/uploads\\\/2025\\\/12\\\/Falcon-900EX-1.jpg\"},{\"@type\":\"BreadcrumbList\",\"@id\":\"https:\\\/\\\/ambulanceflight.com\\\/tr\\\/donanma\\\/agir-jet\\\/falcon-900\\\/#breadcrumb\",\"itemListElement\":[{\"@type\":\"ListItem\",\"position\":1,\"name\":\"Home\",\"item\":\"https:\\\/\\\/ambulanceflight.com\\\/tr\\\/\"},{\"@type\":\"ListItem\",\"position\":2,\"name\":\"Donanma\",\"item\":\"https:\\\/\\\/ambulanceflight.com\\\/tr\\\/fleet\\\/\"},{\"@type\":\"ListItem\",\"position\":3,\"name\":\"A\u011f\u0131r Jet\",\"item\":\"https:\\\/\\\/ambulanceflight.com\\\/tr\\\/fleet\\\/heavy-jet\\\/\"},{\"@type\":\"ListItem\",\"position\":4,\"name\":\"Falcon 900\"}]},{\"@type\":\"WebSite\",\"@id\":\"https:\\\/\\\/ambulanceflight.com\\\/tr\\\/#website\",\"url\":\"https:\\\/\\\/ambulanceflight.com\\\/tr\\\/\",\"name\":\"K\u00fcresel Hava Ambulans Hizmetleri\",\"description\":\"D\u00fcnyan\u0131n her yerindeki hastalar i\u00e7in h\u0131zl\u0131, g\u00fcvenli ve tam donan\u0131ml\u0131 hava ambulans\u0131 transferleri.\",\"potentialAction\":[{\"@type\":\"SearchAction\",\"target\":{\"@type\":\"EntryPoint\",\"urlTemplate\":\"https:\\\/\\\/ambulanceflight.com\\\/tr\\\/?s={search_term_string}\"},\"query-input\":{\"@type\":\"PropertyValueSpecification\",\"valueRequired\":true,\"valueName\":\"search_term_string\"}}],\"inLanguage\":\"tr\"}]}<\/script>\n<!-- \/ Yoast SEO plugin. -->","yoast_head_json":{"title":"Falcon 900 - K\u00fcresel Hava Ambulans Hizmetleri","robots":{"index":"index","follow":"follow","max-snippet":"max-snippet:-1","max-image-preview":"max-image-preview:large","max-video-preview":"max-video-preview:-1"},"canonical":"https:\/\/ambulanceflight.com\/tr\/donanma\/agir-jet\/falcon-900\/","og_locale":"tr_TR","og_type":"article","og_title":"Falcon 900 - K\u00fcresel Hava Ambulans Hizmetleri","og_description":"Dassault Falcon 900, k\u00fcresel hava ambulans filosunun en \u00e7ok y\u00f6nl\u00fc ve prestijli a\u011f\u0131r jetlerinden biridir. Falcon 50 gibi, \u00fc\u00e7 motorlu (\u00fc\u00e7 motorlu) bir konfig\u00fcrasyona sahiptir ve zorlu havaalanlar\u0131ndan gelen okyanuslar aras\u0131 u\u00e7u\u015flar ve operasyonlar i\u00e7in e\u015fsiz g\u00fcvenlik ve performans sa\u011flar. \u00c7ok daha b\u00fcy\u00fck bir kabin ve \u00e7ok daha geni\u015f menzil sunar; bu da onu d\u00fcnya [&hellip;]","og_url":"https:\/\/ambulanceflight.com\/tr\/donanma\/agir-jet\/falcon-900\/","og_site_name":"K\u00fcresel Hava Ambulans Hizmetleri","article_modified_time":"2026-04-15T14:22:02+00:00","og_image":[{"url":"http:\/\/ambulanceflight.com\/wp-content\/uploads\/2025\/12\/Falcon-900EX-1.jpg","type":"","width":"","height":""}],"twitter_card":"summary_large_image","twitter_misc":{"Tahmini okuma s\u00fcresi":"2 dakika"},"schema":{"@context":"https:\/\/schema.org","@graph":[{"@type":"WebPage","@id":"https:\/\/ambulanceflight.com\/tr\/donanma\/agir-jet\/falcon-900\/","url":"https:\/\/ambulanceflight.com\/tr\/donanma\/agir-jet\/falcon-900\/","name":"Falcon 900 - K\u00fcresel Hava Ambulans Hizmetleri","isPartOf":{"@id":"https:\/\/ambulanceflight.com\/tr\/#website"},"primaryImageOfPage":{"@id":"https:\/\/ambulanceflight.com\/tr\/donanma\/agir-jet\/falcon-900\/#primaryimage"},"image":{"@id":"https:\/\/ambulanceflight.com\/tr\/donanma\/agir-jet\/falcon-900\/#primaryimage"},"thumbnailUrl":"http:\/\/ambulanceflight.com\/wp-content\/uploads\/2025\/12\/Falcon-900EX-1.jpg","datePublished":"2025-12-31T16:01:50+00:00","dateModified":"2026-04-15T14:22:02+00:00","breadcrumb":{"@id":"https:\/\/ambulanceflight.com\/tr\/donanma\/agir-jet\/falcon-900\/#breadcrumb"},"inLanguage":"tr","potentialAction":[{"@type":"ReadAction","target":["https:\/\/ambulanceflight.com\/tr\/donanma\/agir-jet\/falcon-900\/"]}]},{"@type":"ImageObject","inLanguage":"tr","@id":"https:\/\/ambulanceflight.com\/tr\/donanma\/agir-jet\/falcon-900\/#primaryimage","url":"http:\/\/ambulanceflight.com\/wp-content\/uploads\/2025\/12\/Falcon-900EX-1.jpg","contentUrl":"http:\/\/ambulanceflight.com\/wp-content\/uploads\/2025\/12\/Falcon-900EX-1.jpg"},{"@type":"BreadcrumbList","@id":"https:\/\/ambulanceflight.com\/tr\/donanma\/agir-jet\/falcon-900\/#breadcrumb","itemListElement":[{"@type":"ListItem","position":1,"name":"Home","item":"https:\/\/ambulanceflight.com\/tr\/"},{"@type":"ListItem","position":2,"name":"Donanma","item":"https:\/\/ambulanceflight.com\/tr\/fleet\/"},{"@type":"ListItem","position":3,"name":"A\u011f\u0131r Jet","item":"https:\/\/ambulanceflight.com\/tr\/fleet\/heavy-jet\/"},{"@type":"ListItem","position":4,"name":"Falcon 900"}]},{"@type":"WebSite","@id":"https:\/\/ambulanceflight.com\/tr\/#website","url":"https:\/\/ambulanceflight.com\/tr\/","name":"K\u00fcresel Hava Ambulans Hizmetleri","description":"D\u00fcnyan\u0131n her yerindeki hastalar i\u00e7in h\u0131zl\u0131, g\u00fcvenli ve tam donan\u0131ml\u0131 hava ambulans\u0131 transferleri.","potentialAction":[{"@type":"SearchAction","target":{"@type":"EntryPoint","urlTemplate":"https:\/\/ambulanceflight.com\/tr\/?s={search_term_string}"},"query-input":{"@type":"PropertyValueSpecification","valueRequired":true,"valueName":"search_term_string"}}],"inLanguage":"tr"}]}},"_links":{"self":[{"href":"https:\/\/ambulanceflight.com\/tr\/wp-json\/wp\/v2\/pages\/2117","targetHints":{"allow":["GET"]}}],"collection":[{"href":"https:\/\/ambulanceflight.com\/tr\/wp-json\/wp\/v2\/pages"}],"about":[{"href":"https:\/\/ambulanceflight.com\/tr\/wp-json\/wp\/v2\/types\/page"}],"author":[{"embeddable":true,"href":"https:\/\/ambulanceflight.com\/tr\/wp-json\/wp\/v2\/users\/1"}],"replies":[{"embeddable":true,"href":"https:\/\/ambulanceflight.com\/tr\/wp-json\/wp\/v2\/comments?post=2117"}],"version-history":[{"count":3,"href":"https:\/\/ambulanceflight.com\/tr\/wp-json\/wp\/v2\/pages\/2117\/revisions"}],"predecessor-version":[{"id":3031,"href":"https:\/\/ambulanceflight.com\/tr\/wp-json\/wp\/v2\/pages\/2117\/revisions\/3031"}],"up":[{"embeddable":true,"href":"https:\/\/ambulanceflight.com\/tr\/wp-json\/wp\/v2\/pages\/1608"}],"wp:attachment":[{"href":"https:\/\/ambulanceflight.com\/tr\/wp-json\/wp\/v2\/media?parent=2117"}],"curies":[{"name":"wp","href":"https:\/\/api.w.org\/{rel}","templated":true}]}}