{"id":2095,"date":"2025-12-31T16:00:05","date_gmt":"2025-12-31T16:00:05","guid":{"rendered":"https:\/\/ambulanceflight.com\/gulfstream-gv\/"},"modified":"2026-04-15T14:22:02","modified_gmt":"2026-04-15T14:22:02","slug":"gulfstream-gv","status":"publish","type":"page","link":"https:\/\/ambulanceflight.com\/tr\/donanma\/agir-jet\/gulfstream-gv\/","title":{"rendered":"Gulfstream GV"},"content":{"rendered":"\t\t<div data-elementor-type=\"wp-page\" data-elementor-id=\"2095\" class=\"elementor elementor-2095 elementor-2082\" data-elementor-settings=\"{&quot;ha_cmc_init_switcher&quot;:&quot;no&quot;}\" data-elementor-post-type=\"page\">\n\t\t\t\t<div class=\"elementor-element elementor-element-0caaceb e-flex e-con-boxed e-con e-parent\" data-id=\"0caaceb\" data-element_type=\"container\" data-settings=\"{&quot;_ha_eqh_enable&quot;:false,&quot;ekit_has_onepagescroll_dot&quot;:&quot;yes&quot;}\">\n\t\t\t\t\t<div class=\"e-con-inner\">\n\t\t<div class=\"elementor-element elementor-element-a3463ba e-con-full e-flex e-con e-child\" data-id=\"a3463ba\" data-element_type=\"container\" data-settings=\"{&quot;_ha_eqh_enable&quot;:false,&quot;ekit_has_onepagescroll_dot&quot;:&quot;yes&quot;}\">\n\t\t\t\t<div class=\"elementor-element elementor-element-b461129 elementor-widget elementor-widget-image\" data-id=\"b461129\" data-element_type=\"widget\" data-settings=\"{&quot;ekit_we_effect_on&quot;:&quot;none&quot;}\" data-widget_type=\"image.default\">\n\t\t\t\t<div class=\"elementor-widget-container\">\n\t\t\t\t\t\t\t\t\t\t\t\t\t<img fetchpriority=\"high\" decoding=\"async\" width=\"736\" height=\"920\" src=\"https:\/\/ambulanceflight.com\/wp-content\/uploads\/2025\/12\/9-2.jpg\" class=\"attachment-large size-large wp-image-2097\" alt=\"\" srcset=\"https:\/\/ambulanceflight.com\/wp-content\/uploads\/2025\/12\/9-2.jpg 736w, https:\/\/ambulanceflight.com\/wp-content\/uploads\/2025\/12\/9-2-240x300.jpg 240w\" sizes=\"(max-width: 736px) 100vw, 736px\" \/>\t\t\t\t\t\t\t\t\t\t\t\t\t<\/div>\n\t\t\t\t<\/div>\n\t\t\t\t<\/div>\n\t\t<div class=\"elementor-element elementor-element-2080efc e-con-full e-flex e-con e-child\" data-id=\"2080efc\" data-element_type=\"container\" data-settings=\"{&quot;_ha_eqh_enable&quot;:false,&quot;ekit_has_onepagescroll_dot&quot;:&quot;yes&quot;}\">\n\t\t<div class=\"elementor-element elementor-element-ae33363 e-con-full e-flex e-con e-child\" data-id=\"ae33363\" data-element_type=\"container\" data-settings=\"{&quot;_ha_eqh_enable&quot;:false,&quot;ekit_has_onepagescroll_dot&quot;:&quot;yes&quot;}\">\n\t\t\t\t<div class=\"elementor-element elementor-element-20cfffb elementor-widget elementor-widget-image\" data-id=\"20cfffb\" data-element_type=\"widget\" data-settings=\"{&quot;ekit_we_effect_on&quot;:&quot;none&quot;}\" data-widget_type=\"image.default\">\n\t\t\t\t<div class=\"elementor-widget-container\">\n\t\t\t\t\t\t\t\t\t\t\t\t\t<img decoding=\"async\" width=\"800\" height=\"457\" src=\"https:\/\/ambulanceflight.com\/wp-content\/uploads\/2026\/01\/WhatsApp-Image-2026-01-23-at-14.15.41-1024x585.jpeg\" class=\"attachment-large size-large wp-image-3038\" alt=\"\" srcset=\"https:\/\/ambulanceflight.com\/wp-content\/uploads\/2026\/01\/WhatsApp-Image-2026-01-23-at-14.15.41-1024x585.jpeg 1024w, https:\/\/ambulanceflight.com\/wp-content\/uploads\/2026\/01\/WhatsApp-Image-2026-01-23-at-14.15.41-300x171.jpeg 300w, https:\/\/ambulanceflight.com\/wp-content\/uploads\/2026\/01\/WhatsApp-Image-2026-01-23-at-14.15.41-768x439.jpeg 768w, https:\/\/ambulanceflight.com\/wp-content\/uploads\/2026\/01\/WhatsApp-Image-2026-01-23-at-14.15.41.jpeg 1536w\" sizes=\"(max-width: 800px) 100vw, 800px\" \/>\t\t\t\t\t\t\t\t\t\t\t\t\t<\/div>\n\t\t\t\t<\/div>\n\t\t\t\t<\/div>\n\t\t<div class=\"elementor-element elementor-element-a2ff95e e-con-full e-flex e-con e-child\" data-id=\"a2ff95e\" data-element_type=\"container\" data-settings=\"{&quot;_ha_eqh_enable&quot;:false,&quot;ekit_has_onepagescroll_dot&quot;:&quot;yes&quot;}\">\n\t\t\t\t<\/div>\n\t\t\t\t<\/div>\n\t\t\t\t\t<\/div>\n\t\t\t\t<\/div>\n\t\t<div class=\"elementor-element elementor-element-211d9bf e-flex e-con-boxed e-con e-parent\" data-id=\"211d9bf\" data-element_type=\"container\" data-settings=\"{&quot;background_background&quot;:&quot;classic&quot;,&quot;_ha_eqh_enable&quot;:false,&quot;ekit_has_onepagescroll_dot&quot;:&quot;yes&quot;}\">\n\t\t\t\t\t<div class=\"e-con-inner\">\n\t\t\t\t<div class=\"elementor-element elementor-element-b9fcad0 elementor-widget elementor-widget-text-editor\" data-id=\"b9fcad0\" data-element_type=\"widget\" data-settings=\"{&quot;ekit_we_effect_on&quot;:&quot;none&quot;}\" data-widget_type=\"text-editor.default\">\n\t\t\t\t<div class=\"elementor-widget-container\">\n\t\t\t\t\t\t\t<p data-path-to-node=\"0\"> <\/p><p data-path-to-node=\"0\"><b data-path-to-node=\"0\" data-index-in-node=\"4\">Gulfstream G-V (G5),<\/b> uluslararas\u0131 aeromedikal ta\u015f\u0131mac\u0131l\u0131\u011f\u0131n zirvesi olan d\u00fcnyan\u0131n en yetenekli ultra-uzun menzilli jetlerinden biridir. Avrupa&#8217;dan G\u00fcneydo\u011fu Asya&#8217;ya veya Amerika&#8217;dan Afrika&#8217;ya do\u011frudan u\u00e7u\u015flar gibi gezegendeki en uzak mesafeleri k\u00f6pr\u00fclemek i\u00e7in tasarlanm\u0131\u015ft\u0131r. Birincil avantaj\u0131, inan\u0131lmaz menzili ve y\u00fcksek seyir h\u0131z\u0131d\u0131r; bu h\u0131z, seyahat s\u00fcresini en aza indirir ve birden fazla yak\u0131t ikmali duraklamas\u0131na gerek kalmaz\u2014bu durum dengesiz veya kritik hasta hastalar i\u00e7in kritik bir fakt\u00f6rd\u00fcr.  <\/p><p data-path-to-node=\"1\">G-V, &#8220;d\u00fc\u015f\u00fck kabin irtifas\u0131&#8221; bas\u0131n\u00e7land\u0131rma sistemiyle \u00fcnl\u00fcd\u00fcr. Y\u00fcksek seyir irtifalar\u0131nda, kabin k\u00fc\u00e7\u00fck jetlere g\u00f6re \u00e7ok daha y\u00fcksek bas\u0131n\u00e7ta kal\u0131r; bu, solunum problemleri, kalp rahats\u0131zl\u0131klar\u0131 veya oksijen seviyelerine hassas olan yak\u0131n zamanda ameliyat olmu\u015f hastalar i\u00e7in hayati \u00f6nem ta\u015f\u0131r. <\/p><p data-path-to-node=\"1\"> <\/p><h3 data-path-to-node=\"3\">T\u0131bbi Ekipman<\/h3><p data-path-to-node=\"4\">Gulfstream G-V, <b data-path-to-node=\"4\" data-index-in-node=\"30\">geni\u015f ve \u00e7ok b\u00f6lgeli bir U\u00e7u\u015f Yo\u011fun Bak\u0131m \u00dcnitesi (ICU)<\/b> sa\u011flar. Devasa i\u00e7 mekan\u0131, gerekirse &#8220;\u00c7ift Sedeye&#8221; konfig\u00fcrasyonuna olanak tan\u0131r ve \u00fc\u00e7 veya d\u00f6rt uzmandan olu\u015fan \u00f6zel t\u0131bbi ekibin ayn\u0131 anda k\u0131s\u0131tlamas\u0131z \u00e7al\u0131\u015fabilmesi i\u00e7in yeterli alan sa\u011flar. <\/p><ul data-path-to-node=\"5\"><li><p data-path-to-node=\"5,0,0\">Son teknoloji yo\u011fun bak\u0131m ventilat\u00f6r\u00fc (yo\u011fun bak\u0131m s\u0131n\u0131f\u0131)<\/p><\/li><li><p data-path-to-node=\"5,1,0\">Kapsaml\u0131 \u00e7ok parametreli izleme (12-lead EKG, SpO2, IBP, EtCO2, S\u0131cakl\u0131k)<\/p><\/li><li><p data-path-to-node=\"5,2,0\">Bifazli defibrilat\u00f6r, harici kalp pili ve AED<\/p><\/li><li><p data-path-to-node=\"5,3,0\">B\u00fcy\u00fck \u00f6l\u00e7ekli hassas \u015f\u0131r\u0131nga s\u00fcr\u00fcc\u00fcleri ve hacimsel inf\u00fczyon pompalar\u0131 bankas\u0131<\/p><\/li><li><p data-path-to-node=\"5,4,0\">\u00c7ift yedekli y\u00fcksek kapasiteli emici sistemler<\/p><\/li><li><p data-path-to-node=\"5,5,0\">Bak\u0131m noktas\u0131 kan gaz\u0131 ve elektrolit analiz\u00f6r\u00fc (i-STAT \/ EPOC)<\/p><\/li><li><p data-path-to-node=\"5,6,0\">Tam acil, cerrahi ve canland\u0131rma kitleri<\/p><\/li><li><p data-path-to-node=\"5,7,0\">Uzmanla\u015fm\u0131\u015f destekler: Yenido\u011fan Kulu\u00e7ka Makinesi, ECMO veya IABP (Intra-aort balon pompas\u0131)<\/p><\/li><li><p data-path-to-node=\"5,8,0\">B\u00fcy\u00fck t\u0131bbi oksijen rezervleri (12+ saate kadar u\u00e7u\u015flar i\u00e7in) ve \u00f6zel yedek g\u00fc\u00e7<\/p><\/li><\/ul><blockquote data-path-to-node=\"6\"><p data-path-to-node=\"6,0\"><i data-path-to-node=\"6,0\" data-index-in-node=\"0\">G-V&#8217;nin kabin uzunlu\u011fu belirgin b\u00f6lgeler sunar: hasta i\u00e7in \u00f6zel bir t\u0131bbi tedavi alan\u0131 ve e\u015flik eden aile \u00fcyeleri ile yard\u0131mc\u0131 u\u00e7u\u015f ekibi i\u00e7in ayr\u0131 ve sessiz bir dinlenme alan\u0131.<\/i><\/p><p data-path-to-node=\"6,0\"> <\/p><\/blockquote><table data-path-to-node=\"9\"><thead><tr><td><strong>\u00d6zellik<\/strong><\/td><td><strong>Spesifikasyonu<\/strong><\/td><\/tr><\/thead><tbody><tr><td><span data-path-to-node=\"9,1,0,0\"><b data-path-to-node=\"9,1,0,0\" data-index-in-node=\"0\">Seyir<\/b><\/span><\/td><td><span data-path-to-node=\"9,1,1,0\">h\u0131z\u0131 yakla\u015f\u0131k 900 km\/s (488 kt)<\/span><\/td><\/tr><tr><td><span data-path-to-node=\"9,2,0,0\"><b data-path-to-node=\"9,2,0,0\" data-index-in-node=\"0\">Menzil<\/b><\/span><\/td><td><span data-path-to-node=\"9,2,1,0\">yakla\u015f\u0131k 12.000 km (6.500 nm)<\/span><\/td><\/tr><tr><td><span data-path-to-node=\"9,3,0,0\"><b data-path-to-node=\"9,3,0,0\" data-index-in-node=\"0\">Motorlar<\/b><\/span><\/td><td><span data-path-to-node=\"9,3,1,0\">2 x Rolls-Royce BR710<\/span><\/td><\/tr><tr><td><span data-path-to-node=\"9,4,0,0\"><b data-path-to-node=\"9,4,0,0\" data-index-in-node=\"0\">Hizmet<\/b><\/span><\/td><td><span data-path-to-node=\"9,4,1,0\">Tavan\u0131 51.000 ft (15.545 m)<\/span><\/td><\/tr><tr><td><span data-path-to-node=\"9,5,0,0\"><b data-path-to-node=\"9,5,0,0\" data-index-in-node=\"0\">Ana Avantaj<\/b><\/span><\/td><td><span data-path-to-node=\"9,5,1,0\">Ultra uzun menzilli performans ve \u00fcst\u00fcn kabin bas\u0131nc\u0131<\/span><\/td><\/tr><\/tbody><\/table>\t\t\t\t\t\t<\/div>\n\t\t\t\t<\/div>\n\t\t\t\t\t<\/div>\n\t\t\t\t<\/div>\n\t\t\t\t<\/div>\n\t\t","protected":false},"excerpt":{"rendered":"<p>Gulfstream G-V (G5), uluslararas\u0131 aeromedikal ta\u015f\u0131mac\u0131l\u0131\u011f\u0131n zirvesi olan d\u00fcnyan\u0131n en yetenekli ultra-uzun menzilli jetlerinden biridir. Avrupa&#8217;dan G\u00fcneydo\u011fu Asya&#8217;ya veya Amerika&#8217;dan Afrika&#8217;ya do\u011frudan u\u00e7u\u015flar gibi gezegendeki en uzak mesafeleri k\u00f6pr\u00fclemek i\u00e7in tasarlanm\u0131\u015ft\u0131r. Birincil avantaj\u0131, inan\u0131lmaz menzili ve y\u00fcksek seyir h\u0131z\u0131d\u0131r; bu h\u0131z, seyahat s\u00fcresini en aza indirir ve birden fazla yak\u0131t ikmali duraklamas\u0131na gerek kalmaz\u2014bu durum [&hellip;]<\/p>\n","protected":false},"author":1,"featured_media":0,"parent":1608,"menu_order":0,"comment_status":"closed","ping_status":"closed","template":"","meta":{"footnotes":""},"class_list":["post-2095","page","type-page","status-publish","hentry"],"yoast_head":"<!-- This site is optimized with the Yoast SEO plugin v27.6 - https:\/\/yoast.com\/product\/yoast-seo-wordpress\/ -->\n<title>Gulfstream GV - K\u00fcresel Hava Ambulans Hizmetleri<\/title>\n<meta name=\"robots\" content=\"index, follow, max-snippet:-1, max-image-preview:large, max-video-preview:-1\" \/>\n<link rel=\"canonical\" href=\"https:\/\/ambulanceflight.com\/tr\/donanma\/agir-jet\/gulfstream-gv\/\" \/>\n<meta property=\"og:locale\" content=\"tr_TR\" \/>\n<meta property=\"og:type\" content=\"article\" \/>\n<meta property=\"og:title\" content=\"Gulfstream GV - K\u00fcresel Hava Ambulans Hizmetleri\" \/>\n<meta property=\"og:description\" content=\"Gulfstream G-V (G5), uluslararas\u0131 aeromedikal ta\u015f\u0131mac\u0131l\u0131\u011f\u0131n zirvesi olan d\u00fcnyan\u0131n en yetenekli ultra-uzun menzilli jetlerinden biridir. Avrupa&#8217;dan G\u00fcneydo\u011fu Asya&#8217;ya veya Amerika&#8217;dan Afrika&#8217;ya do\u011frudan u\u00e7u\u015flar gibi gezegendeki en uzak mesafeleri k\u00f6pr\u00fclemek i\u00e7in tasarlanm\u0131\u015ft\u0131r. Birincil avantaj\u0131, inan\u0131lmaz menzili ve y\u00fcksek seyir h\u0131z\u0131d\u0131r; bu h\u0131z, seyahat s\u00fcresini en aza indirir ve birden fazla yak\u0131t ikmali duraklamas\u0131na gerek kalmaz\u2014bu durum [&hellip;]\" \/>\n<meta property=\"og:url\" content=\"https:\/\/ambulanceflight.com\/tr\/donanma\/agir-jet\/gulfstream-gv\/\" \/>\n<meta property=\"og:site_name\" content=\"K\u00fcresel Hava Ambulans Hizmetleri\" \/>\n<meta property=\"article:modified_time\" content=\"2026-04-15T14:22:02+00:00\" \/>\n<meta property=\"og:image\" content=\"http:\/\/ambulanceflight.com\/wp-content\/uploads\/2025\/12\/9-2.jpg\" \/>\n<meta name=\"twitter:card\" content=\"summary_large_image\" \/>\n<meta name=\"twitter:label1\" content=\"Tahmini okuma s\u00fcresi\" \/>\n\t<meta name=\"twitter:data1\" content=\"2 dakika\" \/>\n<script type=\"application\/ld+json\" class=\"yoast-schema-graph\">{\"@context\":\"https:\\\/\\\/schema.org\",\"@graph\":[{\"@type\":\"WebPage\",\"@id\":\"https:\\\/\\\/ambulanceflight.com\\\/tr\\\/donanma\\\/agir-jet\\\/gulfstream-gv\\\/\",\"url\":\"https:\\\/\\\/ambulanceflight.com\\\/tr\\\/donanma\\\/agir-jet\\\/gulfstream-gv\\\/\",\"name\":\"Gulfstream GV - K\u00fcresel Hava Ambulans Hizmetleri\",\"isPartOf\":{\"@id\":\"https:\\\/\\\/ambulanceflight.com\\\/tr\\\/#website\"},\"primaryImageOfPage\":{\"@id\":\"https:\\\/\\\/ambulanceflight.com\\\/tr\\\/donanma\\\/agir-jet\\\/gulfstream-gv\\\/#primaryimage\"},\"image\":{\"@id\":\"https:\\\/\\\/ambulanceflight.com\\\/tr\\\/donanma\\\/agir-jet\\\/gulfstream-gv\\\/#primaryimage\"},\"thumbnailUrl\":\"http:\\\/\\\/ambulanceflight.com\\\/wp-content\\\/uploads\\\/2025\\\/12\\\/9-2.jpg\",\"datePublished\":\"2025-12-31T16:00:05+00:00\",\"dateModified\":\"2026-04-15T14:22:02+00:00\",\"breadcrumb\":{\"@id\":\"https:\\\/\\\/ambulanceflight.com\\\/tr\\\/donanma\\\/agir-jet\\\/gulfstream-gv\\\/#breadcrumb\"},\"inLanguage\":\"tr\",\"potentialAction\":[{\"@type\":\"ReadAction\",\"target\":[\"https:\\\/\\\/ambulanceflight.com\\\/tr\\\/donanma\\\/agir-jet\\\/gulfstream-gv\\\/\"]}]},{\"@type\":\"ImageObject\",\"inLanguage\":\"tr\",\"@id\":\"https:\\\/\\\/ambulanceflight.com\\\/tr\\\/donanma\\\/agir-jet\\\/gulfstream-gv\\\/#primaryimage\",\"url\":\"http:\\\/\\\/ambulanceflight.com\\\/wp-content\\\/uploads\\\/2025\\\/12\\\/9-2.jpg\",\"contentUrl\":\"http:\\\/\\\/ambulanceflight.com\\\/wp-content\\\/uploads\\\/2025\\\/12\\\/9-2.jpg\"},{\"@type\":\"BreadcrumbList\",\"@id\":\"https:\\\/\\\/ambulanceflight.com\\\/tr\\\/donanma\\\/agir-jet\\\/gulfstream-gv\\\/#breadcrumb\",\"itemListElement\":[{\"@type\":\"ListItem\",\"position\":1,\"name\":\"Home\",\"item\":\"https:\\\/\\\/ambulanceflight.com\\\/tr\\\/\"},{\"@type\":\"ListItem\",\"position\":2,\"name\":\"Donanma\",\"item\":\"https:\\\/\\\/ambulanceflight.com\\\/tr\\\/fleet\\\/\"},{\"@type\":\"ListItem\",\"position\":3,\"name\":\"A\u011f\u0131r Jet\",\"item\":\"https:\\\/\\\/ambulanceflight.com\\\/tr\\\/fleet\\\/heavy-jet\\\/\"},{\"@type\":\"ListItem\",\"position\":4,\"name\":\"Gulfstream GV\"}]},{\"@type\":\"WebSite\",\"@id\":\"https:\\\/\\\/ambulanceflight.com\\\/tr\\\/#website\",\"url\":\"https:\\\/\\\/ambulanceflight.com\\\/tr\\\/\",\"name\":\"K\u00fcresel Hava Ambulans Hizmetleri\",\"description\":\"D\u00fcnyan\u0131n her yerindeki hastalar i\u00e7in h\u0131zl\u0131, g\u00fcvenli ve tam donan\u0131ml\u0131 hava ambulans\u0131 transferleri.\",\"potentialAction\":[{\"@type\":\"SearchAction\",\"target\":{\"@type\":\"EntryPoint\",\"urlTemplate\":\"https:\\\/\\\/ambulanceflight.com\\\/tr\\\/?s={search_term_string}\"},\"query-input\":{\"@type\":\"PropertyValueSpecification\",\"valueRequired\":true,\"valueName\":\"search_term_string\"}}],\"inLanguage\":\"tr\"}]}<\/script>\n<!-- \/ Yoast SEO plugin. -->","yoast_head_json":{"title":"Gulfstream GV - K\u00fcresel Hava Ambulans Hizmetleri","robots":{"index":"index","follow":"follow","max-snippet":"max-snippet:-1","max-image-preview":"max-image-preview:large","max-video-preview":"max-video-preview:-1"},"canonical":"https:\/\/ambulanceflight.com\/tr\/donanma\/agir-jet\/gulfstream-gv\/","og_locale":"tr_TR","og_type":"article","og_title":"Gulfstream GV - K\u00fcresel Hava Ambulans Hizmetleri","og_description":"Gulfstream G-V (G5), uluslararas\u0131 aeromedikal ta\u015f\u0131mac\u0131l\u0131\u011f\u0131n zirvesi olan d\u00fcnyan\u0131n en yetenekli ultra-uzun menzilli jetlerinden biridir. Avrupa&#8217;dan G\u00fcneydo\u011fu Asya&#8217;ya veya Amerika&#8217;dan Afrika&#8217;ya do\u011frudan u\u00e7u\u015flar gibi gezegendeki en uzak mesafeleri k\u00f6pr\u00fclemek i\u00e7in tasarlanm\u0131\u015ft\u0131r. Birincil avantaj\u0131, inan\u0131lmaz menzili ve y\u00fcksek seyir h\u0131z\u0131d\u0131r; bu h\u0131z, seyahat s\u00fcresini en aza indirir ve birden fazla yak\u0131t ikmali duraklamas\u0131na gerek kalmaz\u2014bu durum [&hellip;]","og_url":"https:\/\/ambulanceflight.com\/tr\/donanma\/agir-jet\/gulfstream-gv\/","og_site_name":"K\u00fcresel Hava Ambulans Hizmetleri","article_modified_time":"2026-04-15T14:22:02+00:00","og_image":[{"url":"http:\/\/ambulanceflight.com\/wp-content\/uploads\/2025\/12\/9-2.jpg","type":"","width":"","height":""}],"twitter_card":"summary_large_image","twitter_misc":{"Tahmini okuma s\u00fcresi":"2 dakika"},"schema":{"@context":"https:\/\/schema.org","@graph":[{"@type":"WebPage","@id":"https:\/\/ambulanceflight.com\/tr\/donanma\/agir-jet\/gulfstream-gv\/","url":"https:\/\/ambulanceflight.com\/tr\/donanma\/agir-jet\/gulfstream-gv\/","name":"Gulfstream GV - K\u00fcresel Hava Ambulans Hizmetleri","isPartOf":{"@id":"https:\/\/ambulanceflight.com\/tr\/#website"},"primaryImageOfPage":{"@id":"https:\/\/ambulanceflight.com\/tr\/donanma\/agir-jet\/gulfstream-gv\/#primaryimage"},"image":{"@id":"https:\/\/ambulanceflight.com\/tr\/donanma\/agir-jet\/gulfstream-gv\/#primaryimage"},"thumbnailUrl":"http:\/\/ambulanceflight.com\/wp-content\/uploads\/2025\/12\/9-2.jpg","datePublished":"2025-12-31T16:00:05+00:00","dateModified":"2026-04-15T14:22:02+00:00","breadcrumb":{"@id":"https:\/\/ambulanceflight.com\/tr\/donanma\/agir-jet\/gulfstream-gv\/#breadcrumb"},"inLanguage":"tr","potentialAction":[{"@type":"ReadAction","target":["https:\/\/ambulanceflight.com\/tr\/donanma\/agir-jet\/gulfstream-gv\/"]}]},{"@type":"ImageObject","inLanguage":"tr","@id":"https:\/\/ambulanceflight.com\/tr\/donanma\/agir-jet\/gulfstream-gv\/#primaryimage","url":"http:\/\/ambulanceflight.com\/wp-content\/uploads\/2025\/12\/9-2.jpg","contentUrl":"http:\/\/ambulanceflight.com\/wp-content\/uploads\/2025\/12\/9-2.jpg"},{"@type":"BreadcrumbList","@id":"https:\/\/ambulanceflight.com\/tr\/donanma\/agir-jet\/gulfstream-gv\/#breadcrumb","itemListElement":[{"@type":"ListItem","position":1,"name":"Home","item":"https:\/\/ambulanceflight.com\/tr\/"},{"@type":"ListItem","position":2,"name":"Donanma","item":"https:\/\/ambulanceflight.com\/tr\/fleet\/"},{"@type":"ListItem","position":3,"name":"A\u011f\u0131r Jet","item":"https:\/\/ambulanceflight.com\/tr\/fleet\/heavy-jet\/"},{"@type":"ListItem","position":4,"name":"Gulfstream GV"}]},{"@type":"WebSite","@id":"https:\/\/ambulanceflight.com\/tr\/#website","url":"https:\/\/ambulanceflight.com\/tr\/","name":"K\u00fcresel Hava Ambulans Hizmetleri","description":"D\u00fcnyan\u0131n her yerindeki hastalar i\u00e7in h\u0131zl\u0131, g\u00fcvenli ve tam donan\u0131ml\u0131 hava ambulans\u0131 transferleri.","potentialAction":[{"@type":"SearchAction","target":{"@type":"EntryPoint","urlTemplate":"https:\/\/ambulanceflight.com\/tr\/?s={search_term_string}"},"query-input":{"@type":"PropertyValueSpecification","valueRequired":true,"valueName":"search_term_string"}}],"inLanguage":"tr"}]}},"_links":{"self":[{"href":"https:\/\/ambulanceflight.com\/tr\/wp-json\/wp\/v2\/pages\/2095","targetHints":{"allow":["GET"]}}],"collection":[{"href":"https:\/\/ambulanceflight.com\/tr\/wp-json\/wp\/v2\/pages"}],"about":[{"href":"https:\/\/ambulanceflight.com\/tr\/wp-json\/wp\/v2\/types\/page"}],"author":[{"embeddable":true,"href":"https:\/\/ambulanceflight.com\/tr\/wp-json\/wp\/v2\/users\/1"}],"replies":[{"embeddable":true,"href":"https:\/\/ambulanceflight.com\/tr\/wp-json\/wp\/v2\/comments?post=2095"}],"version-history":[{"count":5,"href":"https:\/\/ambulanceflight.com\/tr\/wp-json\/wp\/v2\/pages\/2095\/revisions"}],"predecessor-version":[{"id":3039,"href":"https:\/\/ambulanceflight.com\/tr\/wp-json\/wp\/v2\/pages\/2095\/revisions\/3039"}],"up":[{"embeddable":true,"href":"https:\/\/ambulanceflight.com\/tr\/wp-json\/wp\/v2\/pages\/1608"}],"wp:attachment":[{"href":"https:\/\/ambulanceflight.com\/tr\/wp-json\/wp\/v2\/media?parent=2095"}],"curies":[{"name":"wp","href":"https:\/\/api.w.org\/{rel}","templated":true}]}}