{"id":2070,"date":"2025-12-31T15:47:16","date_gmt":"2025-12-31T15:47:16","guid":{"rendered":"https:\/\/ambulanceflight.com\/challenger-605\/"},"modified":"2026-04-15T14:22:02","modified_gmt":"2026-04-15T14:22:02","slug":"challenger-605","status":"publish","type":"page","link":"https:\/\/ambulanceflight.com\/tr\/donanma\/agir-jet\/challenger-605\/","title":{"rendered":"Challenger 605"},"content":{"rendered":"\t\t<div data-elementor-type=\"wp-page\" data-elementor-id=\"2070\" class=\"elementor elementor-2070 elementor-2060\" data-elementor-settings=\"{&quot;ha_cmc_init_switcher&quot;:&quot;no&quot;}\" data-elementor-post-type=\"page\">\n\t\t\t\t<div class=\"elementor-element elementor-element-26e069d e-flex e-con-boxed e-con e-parent\" data-id=\"26e069d\" data-element_type=\"container\" data-settings=\"{&quot;_ha_eqh_enable&quot;:false,&quot;ekit_has_onepagescroll_dot&quot;:&quot;yes&quot;}\">\n\t\t\t\t\t<div class=\"e-con-inner\">\n\t\t<div class=\"elementor-element elementor-element-b0ed2e1 e-con-full e-flex e-con e-child\" data-id=\"b0ed2e1\" data-element_type=\"container\" data-settings=\"{&quot;_ha_eqh_enable&quot;:false,&quot;ekit_has_onepagescroll_dot&quot;:&quot;yes&quot;}\">\n\t\t\t\t<div class=\"elementor-element elementor-element-5754ccf elementor-widget elementor-widget-image\" data-id=\"5754ccf\" data-element_type=\"widget\" data-settings=\"{&quot;ekit_we_effect_on&quot;:&quot;none&quot;}\" data-widget_type=\"image.default\">\n\t\t\t\t<div class=\"elementor-widget-container\">\n\t\t\t\t\t\t\t\t\t\t\t\t\t<img fetchpriority=\"high\" decoding=\"async\" width=\"800\" height=\"534\" src=\"https:\/\/ambulanceflight.com\/wp-content\/uploads\/2025\/12\/world_wide_lux_fleet_bombardier_challenger-605_1-1024x683.jpg\" class=\"attachment-large size-large wp-image-2071\" alt=\"\" srcset=\"https:\/\/ambulanceflight.com\/wp-content\/uploads\/2025\/12\/world_wide_lux_fleet_bombardier_challenger-605_1-1024x683.jpg 1024w, https:\/\/ambulanceflight.com\/wp-content\/uploads\/2025\/12\/world_wide_lux_fleet_bombardier_challenger-605_1-300x200.jpg 300w, https:\/\/ambulanceflight.com\/wp-content\/uploads\/2025\/12\/world_wide_lux_fleet_bombardier_challenger-605_1-768x512.jpg 768w, https:\/\/ambulanceflight.com\/wp-content\/uploads\/2025\/12\/world_wide_lux_fleet_bombardier_challenger-605_1-1536x1024.jpg 1536w, https:\/\/ambulanceflight.com\/wp-content\/uploads\/2025\/12\/world_wide_lux_fleet_bombardier_challenger-605_1.jpg 1800w\" sizes=\"(max-width: 800px) 100vw, 800px\" \/>\t\t\t\t\t\t\t\t\t\t\t\t\t<\/div>\n\t\t\t\t<\/div>\n\t\t\t\t<\/div>\n\t\t<div class=\"elementor-element elementor-element-db4d849 e-con-full e-flex e-con e-child\" data-id=\"db4d849\" data-element_type=\"container\" data-settings=\"{&quot;_ha_eqh_enable&quot;:false,&quot;ekit_has_onepagescroll_dot&quot;:&quot;yes&quot;}\">\n\t\t<div class=\"elementor-element elementor-element-d7a7adf e-con-full e-flex e-con e-child\" data-id=\"d7a7adf\" data-element_type=\"container\" data-settings=\"{&quot;_ha_eqh_enable&quot;:false,&quot;ekit_has_onepagescroll_dot&quot;:&quot;yes&quot;}\">\n\t\t\t\t<div class=\"elementor-element elementor-element-4c371ad elementor-widget elementor-widget-image\" data-id=\"4c371ad\" data-element_type=\"widget\" data-settings=\"{&quot;ekit_we_effect_on&quot;:&quot;none&quot;}\" data-widget_type=\"image.default\">\n\t\t\t\t<div class=\"elementor-widget-container\">\n\t\t\t\t\t\t\t\t\t\t\t\t\t<img decoding=\"async\" width=\"800\" height=\"534\" src=\"https:\/\/ambulanceflight.com\/wp-content\/uploads\/2026\/01\/WhatsApp-Image-2026-01-23-at-14.13.16-1024x683.jpeg\" class=\"attachment-large size-large wp-image-3021\" alt=\"\" srcset=\"https:\/\/ambulanceflight.com\/wp-content\/uploads\/2026\/01\/WhatsApp-Image-2026-01-23-at-14.13.16-1024x683.jpeg 1024w, https:\/\/ambulanceflight.com\/wp-content\/uploads\/2026\/01\/WhatsApp-Image-2026-01-23-at-14.13.16-300x200.jpeg 300w, https:\/\/ambulanceflight.com\/wp-content\/uploads\/2026\/01\/WhatsApp-Image-2026-01-23-at-14.13.16-768x512.jpeg 768w, https:\/\/ambulanceflight.com\/wp-content\/uploads\/2026\/01\/WhatsApp-Image-2026-01-23-at-14.13.16-1536x1024.jpeg 1536w, https:\/\/ambulanceflight.com\/wp-content\/uploads\/2026\/01\/WhatsApp-Image-2026-01-23-at-14.13.16.jpeg 1600w\" sizes=\"(max-width: 800px) 100vw, 800px\" \/>\t\t\t\t\t\t\t\t\t\t\t\t\t<\/div>\n\t\t\t\t<\/div>\n\t\t\t\t<\/div>\n\t\t<div class=\"elementor-element elementor-element-2873548 e-con-full e-flex e-con e-child\" data-id=\"2873548\" data-element_type=\"container\" data-settings=\"{&quot;_ha_eqh_enable&quot;:false,&quot;ekit_has_onepagescroll_dot&quot;:&quot;yes&quot;}\">\n\t\t\t\t<div class=\"elementor-element elementor-element-0777f49 elementor-widget elementor-widget-image\" data-id=\"0777f49\" data-element_type=\"widget\" data-settings=\"{&quot;ekit_we_effect_on&quot;:&quot;none&quot;}\" data-widget_type=\"image.default\">\n\t\t\t\t<div class=\"elementor-widget-container\">\n\t\t\t\t\t\t\t\t\t\t\t\t\t<img decoding=\"async\" width=\"800\" height=\"534\" src=\"https:\/\/ambulanceflight.com\/wp-content\/uploads\/2026\/01\/WhatsApp-Image-2026-01-23-at-14.13.16-1-1024x683.jpeg\" class=\"attachment-large size-large wp-image-3022\" alt=\"\" srcset=\"https:\/\/ambulanceflight.com\/wp-content\/uploads\/2026\/01\/WhatsApp-Image-2026-01-23-at-14.13.16-1-1024x683.jpeg 1024w, https:\/\/ambulanceflight.com\/wp-content\/uploads\/2026\/01\/WhatsApp-Image-2026-01-23-at-14.13.16-1-300x200.jpeg 300w, https:\/\/ambulanceflight.com\/wp-content\/uploads\/2026\/01\/WhatsApp-Image-2026-01-23-at-14.13.16-1-768x512.jpeg 768w, https:\/\/ambulanceflight.com\/wp-content\/uploads\/2026\/01\/WhatsApp-Image-2026-01-23-at-14.13.16-1-1536x1024.jpeg 1536w, https:\/\/ambulanceflight.com\/wp-content\/uploads\/2026\/01\/WhatsApp-Image-2026-01-23-at-14.13.16-1.jpeg 1600w\" sizes=\"(max-width: 800px) 100vw, 800px\" \/>\t\t\t\t\t\t\t\t\t\t\t\t\t<\/div>\n\t\t\t\t<\/div>\n\t\t\t\t<\/div>\n\t\t\t\t<\/div>\n\t\t\t\t\t<\/div>\n\t\t\t\t<\/div>\n\t\t<div class=\"elementor-element elementor-element-a1ec8ac e-flex e-con-boxed e-con e-parent\" data-id=\"a1ec8ac\" data-element_type=\"container\" data-settings=\"{&quot;background_background&quot;:&quot;classic&quot;,&quot;_ha_eqh_enable&quot;:false,&quot;ekit_has_onepagescroll_dot&quot;:&quot;yes&quot;}\">\n\t\t\t\t\t<div class=\"e-con-inner\">\n\t\t\t\t<div class=\"elementor-element elementor-element-d102d3a elementor-widget elementor-widget-text-editor\" data-id=\"d102d3a\" data-element_type=\"widget\" data-settings=\"{&quot;ekit_we_effect_on&quot;:&quot;none&quot;}\" data-widget_type=\"text-editor.default\">\n\t\t\t\t<div class=\"elementor-widget-container\">\n\t\t\t\t\t\t\t<p data-path-to-node=\"0\"> <\/p><p data-path-to-node=\"0\"><b data-path-to-node=\"0\" data-index-in-node=\"4\">Bombardier Challenger 605<\/b>, 604&#8217;\u00fcn modernize edilmi\u015f halefidir ve aeromedikal sekt\u00f6r\u00fcndeki en geli\u015fmi\u015f a\u011f\u0131r jetlerden birini temsil eder. Challenger serisinin \u00fcnl\u00fc oldu\u011fu efsanevi &#8220;geni\u015f g\u00f6vdeli&#8221; kabini koruyor\u2014s\u0131n\u0131f\u0131nda en fazla hacim ve zemin alan\u0131n\u0131 sunuyor. Bu u\u00e7ak, hasta konforu, t\u0131bbi ekip hareketlili\u011fi ve birden fazla yolcu ta\u015f\u0131ma yetene\u011finin \u00f6n planda oldu\u011fu uzun menzilli, k\u0131talararas\u0131 t\u0131bbi g\u00f6revler i\u00e7in alt\u0131n standartt\u0131r.  <\/p><p data-path-to-node=\"1\">605, geli\u015ftirilmi\u015f aviyonik ve daha b\u00fcy\u00fck, daha y\u00fcksek konumlanm\u0131\u015f pencerelere sahiptir; bu da hasta i\u00e7in daha parlak ve sakinle\u015ftirici bir ortam yarat\u0131r. \u0130nan\u0131lmaz menzili, uzak k\u0131talar aras\u0131nda durmaks\u0131z\u0131n u\u00e7u\u015flar yapmay\u0131 sa\u011flar ve gereksiz yak\u0131t ikmali duraklamalar\u0131n\u0131 ortadan kald\u0131rarak seyahat stresini \u00f6nemli \u00f6l\u00e7\u00fcde azalt\u0131r. <\/p><p data-path-to-node=\"1\"> <\/p><h3 data-path-to-node=\"3\">T\u0131bbi Ekipman<\/h3><p data-path-to-node=\"4\">Challenger 605, <b data-path-to-node=\"4\" data-index-in-node=\"31\">u\u00e7an &#8220;En Teknolojik&#8221; Yo\u011fun Bak\u0131m Birimi (ICU<\/b>) olarak hizmet vermektedir. Kabin, t\u0131bbi personelin sedyenin her iki taraf\u0131nda serbest\u00e7e hareket edebilece\u011fi kadar geni\u015ftir; bu, karma\u015f\u0131k i\u015flemler veya uzun mesafeli u\u00e7u\u015flarda y\u00fcksek hassasiyetli hastalar\u0131n y\u00f6netimi i\u00e7in \u00e7ok \u00f6nemlidir. <\/p><ul data-path-to-node=\"5\"><li><p data-path-to-node=\"5,0,0\">Geli\u015fmi\u015f havaland\u0131rma modlar\u0131na sahip y\u00fcksek kaliteli yo\u011fun bak\u0131m ventilat\u00f6r\u00fc<\/p><\/li><li><p data-path-to-node=\"5,1,0\">Tam spektrumlu \u00e7ok parametreli monit\u00f6r (EKG, 12-lead, SpO2, EtCO2, IBP\/NIBP, S\u0131cakl\u0131k)<\/p><\/li><li><p data-path-to-node=\"5,2,0\">Bifazik defibrilat\u00f6r ve d\u0131\u015f kalp pili<\/p><\/li><li><p data-path-to-node=\"5,3,0\">Hassas \u015f\u0131r\u0131nga s\u00fcr\u00fcc\u00fcleri ve hacimsel pompalar\u0131n entegre bankas\u0131<\/p><\/li><li><p data-path-to-node=\"5,4,0\">Yedek, y\u00fcksek kapasiteli emici sistemler<\/p><\/li><li><p data-path-to-node=\"5,5,0\">Ta\u015f\u0131nabilir kan gaz\u0131 ve elektrolit analiz\u00f6r\u00fc (i-STAT \/ EPOC)<\/p><\/li><li><p data-path-to-node=\"5,6,0\">Kapsaml\u0131 acil, cerrahi ve reanimasyon kitleri<\/p><\/li><li><p data-path-to-node=\"5,7,0\">Uzmanla\u015fm\u0131\u015f destek: Yenido\u011fan Kulu\u00e7ka \u00dcnitesi, ECMO (Ya\u015fam Destek) veya IABP<\/p><\/li><li><p data-path-to-node=\"5,8,0\">Devasa t\u0131bbi oksijen rezervleri ve \u00f6zel evrensel g\u00fc\u00e7 kayna\u011f\u0131<\/p><\/li><\/ul><blockquote data-path-to-node=\"6\"><p data-path-to-node=\"6,0\"><i data-path-to-node=\"6,0\" data-index-in-node=\"0\">Challenger 605&#8217;in boyutu, b\u00fcy\u00fck bir t\u0131bbi ekibin (\u00f6rne\u011fin Doktor, U\u00e7u\u015f Hem\u015firesi ve Uzman) ayn\u0131 anda \u00e7al\u0131\u015fmas\u0131na olanak tan\u0131rken, ayr\u0131 bir oturma alan\u0131nda 4\u20135 e\u015flik eden aile \u00fcyesine kadar konaklama imkan\u0131 sunar.<\/i><\/p><p data-path-to-node=\"6,0\"> <\/p><\/blockquote><table data-path-to-node=\"9\"><thead><tr><td><strong>\u00d6zellik<\/strong><\/td><td><strong>Spesifikasyonu<\/strong><\/td><\/tr><\/thead><tbody><tr><td><span data-path-to-node=\"9,1,0,0\"><b data-path-to-node=\"9,1,0,0\" data-index-in-node=\"0\">Seyir<\/b><\/span><\/td><td><span data-path-to-node=\"9,1,1,0\">h\u0131z\u0131 yakla\u015f\u0131k 850 km\/s (459 kt)<\/span><\/td><\/tr><tr><td><span data-path-to-node=\"9,2,0,0\"><b data-path-to-node=\"9,2,0,0\" data-index-in-node=\"0\">Menzil<\/b><\/span><\/td><td><span data-path-to-node=\"9,2,1,0\">yakla\u015f\u0131k 7.400 km (4.000 nm)<\/span><\/td><\/tr><tr><td><span data-path-to-node=\"9,3,0,0\"><b data-path-to-node=\"9,3,0,0\" data-index-in-node=\"0\"><\/b><\/span><\/td><td><span data-path-to-node=\"9,3,1,0\">Motorlar 2 x General Electric CF34-3B<\/span><\/td><\/tr><tr><td><span data-path-to-node=\"9,4,0,0\"><b data-path-to-node=\"9,4,0,0\" data-index-in-node=\"0\">Hizmet<\/b><\/span><\/td><td><span data-path-to-node=\"9,4,1,0\">Tavan\u0131 41.000 ft (12.500 m)<\/span><\/td><\/tr><tr><td><span data-path-to-node=\"9,5,0,0\"><b data-path-to-node=\"9,5,0,0\" data-index-in-node=\"0\">Anahtar Avantaj<\/b><\/span><\/td><td><span data-path-to-node=\"9,5,1,0\">S\u0131n\u0131f\u0131nda en b\u00fcy\u00fck kabin hacmi ve k\u0131talararas\u0131 menzile<\/span> sahip<\/td><\/tr><\/tbody><\/table>\t\t\t\t\t\t<\/div>\n\t\t\t\t<\/div>\n\t\t\t\t\t<\/div>\n\t\t\t\t<\/div>\n\t\t\t\t<\/div>\n\t\t","protected":false},"excerpt":{"rendered":"<p>Bombardier Challenger 605, 604&#8217;\u00fcn modernize edilmi\u015f halefidir ve aeromedikal sekt\u00f6r\u00fcndeki en geli\u015fmi\u015f a\u011f\u0131r jetlerden birini temsil eder. Challenger serisinin \u00fcnl\u00fc oldu\u011fu efsanevi &#8220;geni\u015f g\u00f6vdeli&#8221; kabini koruyor\u2014s\u0131n\u0131f\u0131nda en fazla hacim ve zemin alan\u0131n\u0131 sunuyor. Bu u\u00e7ak, hasta konforu, t\u0131bbi ekip hareketlili\u011fi ve birden fazla yolcu ta\u015f\u0131ma yetene\u011finin \u00f6n planda oldu\u011fu uzun menzilli, k\u0131talararas\u0131 t\u0131bbi g\u00f6revler i\u00e7in [&hellip;]<\/p>\n","protected":false},"author":1,"featured_media":0,"parent":1608,"menu_order":0,"comment_status":"closed","ping_status":"closed","template":"","meta":{"footnotes":""},"class_list":["post-2070","page","type-page","status-publish","hentry"],"yoast_head":"<!-- This site is optimized with the Yoast SEO plugin v27.6 - https:\/\/yoast.com\/product\/yoast-seo-wordpress\/ -->\n<title>Challenger 605 - K\u00fcresel Hava Ambulans Hizmetleri<\/title>\n<meta name=\"robots\" content=\"index, follow, max-snippet:-1, max-image-preview:large, max-video-preview:-1\" \/>\n<link rel=\"canonical\" href=\"https:\/\/ambulanceflight.com\/tr\/donanma\/agir-jet\/challenger-605\/\" \/>\n<meta property=\"og:locale\" content=\"tr_TR\" \/>\n<meta property=\"og:type\" content=\"article\" \/>\n<meta property=\"og:title\" content=\"Challenger 605 - K\u00fcresel Hava Ambulans Hizmetleri\" \/>\n<meta property=\"og:description\" content=\"Bombardier Challenger 605, 604&#8217;\u00fcn modernize edilmi\u015f halefidir ve aeromedikal sekt\u00f6r\u00fcndeki en geli\u015fmi\u015f a\u011f\u0131r jetlerden birini temsil eder. Challenger serisinin \u00fcnl\u00fc oldu\u011fu efsanevi &#8220;geni\u015f g\u00f6vdeli&#8221; kabini koruyor\u2014s\u0131n\u0131f\u0131nda en fazla hacim ve zemin alan\u0131n\u0131 sunuyor. Bu u\u00e7ak, hasta konforu, t\u0131bbi ekip hareketlili\u011fi ve birden fazla yolcu ta\u015f\u0131ma yetene\u011finin \u00f6n planda oldu\u011fu uzun menzilli, k\u0131talararas\u0131 t\u0131bbi g\u00f6revler i\u00e7in [&hellip;]\" \/>\n<meta property=\"og:url\" content=\"https:\/\/ambulanceflight.com\/tr\/donanma\/agir-jet\/challenger-605\/\" \/>\n<meta property=\"og:site_name\" content=\"K\u00fcresel Hava Ambulans Hizmetleri\" \/>\n<meta property=\"article:modified_time\" content=\"2026-04-15T14:22:02+00:00\" \/>\n<meta property=\"og:image\" content=\"http:\/\/ambulanceflight.com\/wp-content\/uploads\/2025\/12\/world_wide_lux_fleet_bombardier_challenger-605_1-1024x683.jpg\" \/>\n<meta name=\"twitter:card\" content=\"summary_large_image\" \/>\n<meta name=\"twitter:label1\" content=\"Tahmini okuma s\u00fcresi\" \/>\n\t<meta name=\"twitter:data1\" content=\"2 dakika\" \/>\n<script type=\"application\/ld+json\" class=\"yoast-schema-graph\">{\"@context\":\"https:\\\/\\\/schema.org\",\"@graph\":[{\"@type\":\"WebPage\",\"@id\":\"https:\\\/\\\/ambulanceflight.com\\\/tr\\\/donanma\\\/agir-jet\\\/challenger-605\\\/\",\"url\":\"https:\\\/\\\/ambulanceflight.com\\\/tr\\\/donanma\\\/agir-jet\\\/challenger-605\\\/\",\"name\":\"Challenger 605 - K\u00fcresel Hava Ambulans Hizmetleri\",\"isPartOf\":{\"@id\":\"https:\\\/\\\/ambulanceflight.com\\\/tr\\\/#website\"},\"primaryImageOfPage\":{\"@id\":\"https:\\\/\\\/ambulanceflight.com\\\/tr\\\/donanma\\\/agir-jet\\\/challenger-605\\\/#primaryimage\"},\"image\":{\"@id\":\"https:\\\/\\\/ambulanceflight.com\\\/tr\\\/donanma\\\/agir-jet\\\/challenger-605\\\/#primaryimage\"},\"thumbnailUrl\":\"http:\\\/\\\/ambulanceflight.com\\\/wp-content\\\/uploads\\\/2025\\\/12\\\/world_wide_lux_fleet_bombardier_challenger-605_1-1024x683.jpg\",\"datePublished\":\"2025-12-31T15:47:16+00:00\",\"dateModified\":\"2026-04-15T14:22:02+00:00\",\"breadcrumb\":{\"@id\":\"https:\\\/\\\/ambulanceflight.com\\\/tr\\\/donanma\\\/agir-jet\\\/challenger-605\\\/#breadcrumb\"},\"inLanguage\":\"tr\",\"potentialAction\":[{\"@type\":\"ReadAction\",\"target\":[\"https:\\\/\\\/ambulanceflight.com\\\/tr\\\/donanma\\\/agir-jet\\\/challenger-605\\\/\"]}]},{\"@type\":\"ImageObject\",\"inLanguage\":\"tr\",\"@id\":\"https:\\\/\\\/ambulanceflight.com\\\/tr\\\/donanma\\\/agir-jet\\\/challenger-605\\\/#primaryimage\",\"url\":\"http:\\\/\\\/ambulanceflight.com\\\/wp-content\\\/uploads\\\/2025\\\/12\\\/world_wide_lux_fleet_bombardier_challenger-605_1-1024x683.jpg\",\"contentUrl\":\"http:\\\/\\\/ambulanceflight.com\\\/wp-content\\\/uploads\\\/2025\\\/12\\\/world_wide_lux_fleet_bombardier_challenger-605_1-1024x683.jpg\"},{\"@type\":\"BreadcrumbList\",\"@id\":\"https:\\\/\\\/ambulanceflight.com\\\/tr\\\/donanma\\\/agir-jet\\\/challenger-605\\\/#breadcrumb\",\"itemListElement\":[{\"@type\":\"ListItem\",\"position\":1,\"name\":\"Home\",\"item\":\"https:\\\/\\\/ambulanceflight.com\\\/tr\\\/\"},{\"@type\":\"ListItem\",\"position\":2,\"name\":\"Donanma\",\"item\":\"https:\\\/\\\/ambulanceflight.com\\\/tr\\\/fleet\\\/\"},{\"@type\":\"ListItem\",\"position\":3,\"name\":\"A\u011f\u0131r Jet\",\"item\":\"https:\\\/\\\/ambulanceflight.com\\\/tr\\\/fleet\\\/heavy-jet\\\/\"},{\"@type\":\"ListItem\",\"position\":4,\"name\":\"Challenger 605\"}]},{\"@type\":\"WebSite\",\"@id\":\"https:\\\/\\\/ambulanceflight.com\\\/tr\\\/#website\",\"url\":\"https:\\\/\\\/ambulanceflight.com\\\/tr\\\/\",\"name\":\"K\u00fcresel Hava Ambulans Hizmetleri\",\"description\":\"D\u00fcnyan\u0131n her yerindeki hastalar i\u00e7in h\u0131zl\u0131, g\u00fcvenli ve tam donan\u0131ml\u0131 hava ambulans\u0131 transferleri.\",\"potentialAction\":[{\"@type\":\"SearchAction\",\"target\":{\"@type\":\"EntryPoint\",\"urlTemplate\":\"https:\\\/\\\/ambulanceflight.com\\\/tr\\\/?s={search_term_string}\"},\"query-input\":{\"@type\":\"PropertyValueSpecification\",\"valueRequired\":true,\"valueName\":\"search_term_string\"}}],\"inLanguage\":\"tr\"}]}<\/script>\n<!-- \/ Yoast SEO plugin. -->","yoast_head_json":{"title":"Challenger 605 - K\u00fcresel Hava Ambulans Hizmetleri","robots":{"index":"index","follow":"follow","max-snippet":"max-snippet:-1","max-image-preview":"max-image-preview:large","max-video-preview":"max-video-preview:-1"},"canonical":"https:\/\/ambulanceflight.com\/tr\/donanma\/agir-jet\/challenger-605\/","og_locale":"tr_TR","og_type":"article","og_title":"Challenger 605 - K\u00fcresel Hava Ambulans Hizmetleri","og_description":"Bombardier Challenger 605, 604&#8217;\u00fcn modernize edilmi\u015f halefidir ve aeromedikal sekt\u00f6r\u00fcndeki en geli\u015fmi\u015f a\u011f\u0131r jetlerden birini temsil eder. Challenger serisinin \u00fcnl\u00fc oldu\u011fu efsanevi &#8220;geni\u015f g\u00f6vdeli&#8221; kabini koruyor\u2014s\u0131n\u0131f\u0131nda en fazla hacim ve zemin alan\u0131n\u0131 sunuyor. Bu u\u00e7ak, hasta konforu, t\u0131bbi ekip hareketlili\u011fi ve birden fazla yolcu ta\u015f\u0131ma yetene\u011finin \u00f6n planda oldu\u011fu uzun menzilli, k\u0131talararas\u0131 t\u0131bbi g\u00f6revler i\u00e7in [&hellip;]","og_url":"https:\/\/ambulanceflight.com\/tr\/donanma\/agir-jet\/challenger-605\/","og_site_name":"K\u00fcresel Hava Ambulans Hizmetleri","article_modified_time":"2026-04-15T14:22:02+00:00","og_image":[{"url":"http:\/\/ambulanceflight.com\/wp-content\/uploads\/2025\/12\/world_wide_lux_fleet_bombardier_challenger-605_1-1024x683.jpg","type":"","width":"","height":""}],"twitter_card":"summary_large_image","twitter_misc":{"Tahmini okuma s\u00fcresi":"2 dakika"},"schema":{"@context":"https:\/\/schema.org","@graph":[{"@type":"WebPage","@id":"https:\/\/ambulanceflight.com\/tr\/donanma\/agir-jet\/challenger-605\/","url":"https:\/\/ambulanceflight.com\/tr\/donanma\/agir-jet\/challenger-605\/","name":"Challenger 605 - K\u00fcresel Hava Ambulans Hizmetleri","isPartOf":{"@id":"https:\/\/ambulanceflight.com\/tr\/#website"},"primaryImageOfPage":{"@id":"https:\/\/ambulanceflight.com\/tr\/donanma\/agir-jet\/challenger-605\/#primaryimage"},"image":{"@id":"https:\/\/ambulanceflight.com\/tr\/donanma\/agir-jet\/challenger-605\/#primaryimage"},"thumbnailUrl":"http:\/\/ambulanceflight.com\/wp-content\/uploads\/2025\/12\/world_wide_lux_fleet_bombardier_challenger-605_1-1024x683.jpg","datePublished":"2025-12-31T15:47:16+00:00","dateModified":"2026-04-15T14:22:02+00:00","breadcrumb":{"@id":"https:\/\/ambulanceflight.com\/tr\/donanma\/agir-jet\/challenger-605\/#breadcrumb"},"inLanguage":"tr","potentialAction":[{"@type":"ReadAction","target":["https:\/\/ambulanceflight.com\/tr\/donanma\/agir-jet\/challenger-605\/"]}]},{"@type":"ImageObject","inLanguage":"tr","@id":"https:\/\/ambulanceflight.com\/tr\/donanma\/agir-jet\/challenger-605\/#primaryimage","url":"http:\/\/ambulanceflight.com\/wp-content\/uploads\/2025\/12\/world_wide_lux_fleet_bombardier_challenger-605_1-1024x683.jpg","contentUrl":"http:\/\/ambulanceflight.com\/wp-content\/uploads\/2025\/12\/world_wide_lux_fleet_bombardier_challenger-605_1-1024x683.jpg"},{"@type":"BreadcrumbList","@id":"https:\/\/ambulanceflight.com\/tr\/donanma\/agir-jet\/challenger-605\/#breadcrumb","itemListElement":[{"@type":"ListItem","position":1,"name":"Home","item":"https:\/\/ambulanceflight.com\/tr\/"},{"@type":"ListItem","position":2,"name":"Donanma","item":"https:\/\/ambulanceflight.com\/tr\/fleet\/"},{"@type":"ListItem","position":3,"name":"A\u011f\u0131r Jet","item":"https:\/\/ambulanceflight.com\/tr\/fleet\/heavy-jet\/"},{"@type":"ListItem","position":4,"name":"Challenger 605"}]},{"@type":"WebSite","@id":"https:\/\/ambulanceflight.com\/tr\/#website","url":"https:\/\/ambulanceflight.com\/tr\/","name":"K\u00fcresel Hava Ambulans Hizmetleri","description":"D\u00fcnyan\u0131n her yerindeki hastalar i\u00e7in h\u0131zl\u0131, g\u00fcvenli ve tam donan\u0131ml\u0131 hava ambulans\u0131 transferleri.","potentialAction":[{"@type":"SearchAction","target":{"@type":"EntryPoint","urlTemplate":"https:\/\/ambulanceflight.com\/tr\/?s={search_term_string}"},"query-input":{"@type":"PropertyValueSpecification","valueRequired":true,"valueName":"search_term_string"}}],"inLanguage":"tr"}]}},"_links":{"self":[{"href":"https:\/\/ambulanceflight.com\/tr\/wp-json\/wp\/v2\/pages\/2070","targetHints":{"allow":["GET"]}}],"collection":[{"href":"https:\/\/ambulanceflight.com\/tr\/wp-json\/wp\/v2\/pages"}],"about":[{"href":"https:\/\/ambulanceflight.com\/tr\/wp-json\/wp\/v2\/types\/page"}],"author":[{"embeddable":true,"href":"https:\/\/ambulanceflight.com\/tr\/wp-json\/wp\/v2\/users\/1"}],"replies":[{"embeddable":true,"href":"https:\/\/ambulanceflight.com\/tr\/wp-json\/wp\/v2\/comments?post=2070"}],"version-history":[{"count":3,"href":"https:\/\/ambulanceflight.com\/tr\/wp-json\/wp\/v2\/pages\/2070\/revisions"}],"predecessor-version":[{"id":3023,"href":"https:\/\/ambulanceflight.com\/tr\/wp-json\/wp\/v2\/pages\/2070\/revisions\/3023"}],"up":[{"embeddable":true,"href":"https:\/\/ambulanceflight.com\/tr\/wp-json\/wp\/v2\/pages\/1608"}],"wp:attachment":[{"href":"https:\/\/ambulanceflight.com\/tr\/wp-json\/wp\/v2\/media?parent=2070"}],"curies":[{"name":"wp","href":"https:\/\/api.w.org\/{rel}","templated":true}]}}