{"id":2049,"date":"2025-12-31T15:40:17","date_gmt":"2025-12-31T15:40:17","guid":{"rendered":"https:\/\/ambulanceflight.com\/challenger-604\/"},"modified":"2026-04-15T14:22:01","modified_gmt":"2026-04-15T14:22:01","slug":"challenger-604","status":"publish","type":"page","link":"https:\/\/ambulanceflight.com\/tr\/donanma\/agir-jet\/challenger-604\/","title":{"rendered":"Challenger 604"},"content":{"rendered":"\t\t<div data-elementor-type=\"wp-page\" data-elementor-id=\"2049\" class=\"elementor elementor-2049 elementor-2038\" data-elementor-settings=\"{&quot;ha_cmc_init_switcher&quot;:&quot;no&quot;}\" data-elementor-post-type=\"page\">\n\t\t\t\t<div class=\"elementor-element elementor-element-3973d5e e-flex e-con-boxed e-con e-parent\" data-id=\"3973d5e\" data-element_type=\"container\" data-settings=\"{&quot;_ha_eqh_enable&quot;:false,&quot;ekit_has_onepagescroll_dot&quot;:&quot;yes&quot;}\">\n\t\t\t\t\t<div class=\"e-con-inner\">\n\t\t<div class=\"elementor-element elementor-element-4ca7cfb e-con-full e-flex e-con e-child\" data-id=\"4ca7cfb\" data-element_type=\"container\" data-settings=\"{&quot;_ha_eqh_enable&quot;:false,&quot;ekit_has_onepagescroll_dot&quot;:&quot;yes&quot;}\">\n\t\t\t\t<div class=\"elementor-element elementor-element-ccbc4db elementor-widget elementor-widget-image\" data-id=\"ccbc4db\" data-element_type=\"widget\" data-settings=\"{&quot;ekit_we_effect_on&quot;:&quot;none&quot;}\" data-widget_type=\"image.default\">\n\t\t\t\t<div class=\"elementor-widget-container\">\n\t\t\t\t\t\t\t\t\t\t\t\t\t<img fetchpriority=\"high\" decoding=\"async\" width=\"800\" height=\"325\" src=\"https:\/\/ambulanceflight.com\/wp-content\/uploads\/2025\/12\/CL604_sn-5578_extLHsaleshot_ss_-4_wm-3-1024x416.jpg\" class=\"attachment-large size-large wp-image-2050\" alt=\"\" srcset=\"https:\/\/ambulanceflight.com\/wp-content\/uploads\/2025\/12\/CL604_sn-5578_extLHsaleshot_ss_-4_wm-3-1024x416.jpg 1024w, https:\/\/ambulanceflight.com\/wp-content\/uploads\/2025\/12\/CL604_sn-5578_extLHsaleshot_ss_-4_wm-3-300x122.jpg 300w, https:\/\/ambulanceflight.com\/wp-content\/uploads\/2025\/12\/CL604_sn-5578_extLHsaleshot_ss_-4_wm-3-768x312.jpg 768w, https:\/\/ambulanceflight.com\/wp-content\/uploads\/2025\/12\/CL604_sn-5578_extLHsaleshot_ss_-4_wm-3.jpg 1280w\" sizes=\"(max-width: 800px) 100vw, 800px\" \/>\t\t\t\t\t\t\t\t\t\t\t\t\t<\/div>\n\t\t\t\t<\/div>\n\t\t\t\t<\/div>\n\t\t<div class=\"elementor-element elementor-element-f36ef47 e-con-full e-flex e-con e-child\" data-id=\"f36ef47\" data-element_type=\"container\" data-settings=\"{&quot;_ha_eqh_enable&quot;:false,&quot;ekit_has_onepagescroll_dot&quot;:&quot;yes&quot;}\">\n\t\t<div class=\"elementor-element elementor-element-03c12d5 e-con-full e-flex e-con e-child\" data-id=\"03c12d5\" data-element_type=\"container\" data-settings=\"{&quot;_ha_eqh_enable&quot;:false,&quot;ekit_has_onepagescroll_dot&quot;:&quot;yes&quot;}\">\n\t\t\t\t<div class=\"elementor-element elementor-element-05283a6 elementor-widget elementor-widget-image\" data-id=\"05283a6\" data-element_type=\"widget\" data-settings=\"{&quot;ekit_we_effect_on&quot;:&quot;none&quot;}\" data-widget_type=\"image.default\">\n\t\t\t\t<div class=\"elementor-widget-container\">\n\t\t\t\t\t\t\t\t\t\t\t\t\t<img decoding=\"async\" width=\"800\" height=\"450\" src=\"https:\/\/ambulanceflight.com\/wp-content\/uploads\/2026\/01\/WhatsApp-Image-2026-01-23-at-14.11.53-1024x576.jpeg\" class=\"attachment-large size-large wp-image-3011\" alt=\"\" srcset=\"https:\/\/ambulanceflight.com\/wp-content\/uploads\/2026\/01\/WhatsApp-Image-2026-01-23-at-14.11.53-1024x576.jpeg 1024w, https:\/\/ambulanceflight.com\/wp-content\/uploads\/2026\/01\/WhatsApp-Image-2026-01-23-at-14.11.53-300x169.jpeg 300w, https:\/\/ambulanceflight.com\/wp-content\/uploads\/2026\/01\/WhatsApp-Image-2026-01-23-at-14.11.53-768x432.jpeg 768w, https:\/\/ambulanceflight.com\/wp-content\/uploads\/2026\/01\/WhatsApp-Image-2026-01-23-at-14.11.53.jpeg 1200w\" sizes=\"(max-width: 800px) 100vw, 800px\" \/>\t\t\t\t\t\t\t\t\t\t\t\t\t<\/div>\n\t\t\t\t<\/div>\n\t\t\t\t<\/div>\n\t\t<div class=\"elementor-element elementor-element-e6133a9 e-con-full e-flex e-con e-child\" data-id=\"e6133a9\" data-element_type=\"container\" data-settings=\"{&quot;_ha_eqh_enable&quot;:false,&quot;ekit_has_onepagescroll_dot&quot;:&quot;yes&quot;}\">\n\t\t\t\t<\/div>\n\t\t\t\t<\/div>\n\t\t\t\t\t<\/div>\n\t\t\t\t<\/div>\n\t\t<div class=\"elementor-element elementor-element-4042715 e-flex e-con-boxed e-con e-parent\" data-id=\"4042715\" data-element_type=\"container\" data-settings=\"{&quot;background_background&quot;:&quot;classic&quot;,&quot;_ha_eqh_enable&quot;:false,&quot;ekit_has_onepagescroll_dot&quot;:&quot;yes&quot;}\">\n\t\t\t\t\t<div class=\"e-con-inner\">\n\t\t\t\t<div class=\"elementor-element elementor-element-7c8a3df elementor-widget elementor-widget-text-editor\" data-id=\"7c8a3df\" data-element_type=\"widget\" data-settings=\"{&quot;ekit_we_effect_on&quot;:&quot;none&quot;}\" data-widget_type=\"text-editor.default\">\n\t\t\t\t<div class=\"elementor-widget-container\">\n\t\t\t\t\t\t\t<p> <\/p><p data-path-to-node=\"0\"><b data-path-to-node=\"0\" data-index-in-node=\"4\">Bombardier Challenger 604<\/b>, aeromedikal end\u00fcstrisinde a\u011f\u0131r bir u\u00e7akt\u0131r; ger\u00e7ek bir k\u0131talararas\u0131 menzil sunar ve s\u0131n\u0131f\u0131ndaki en geni\u015f kabinlerden biridir. &#8220;A\u011f\u0131r jet&#8221; olarak bilinen bu u\u00e7ak, hafif veya orta boy u\u00e7aklarda ula\u015f\u0131lamayacak bir konfor ve alan seviyesi sa\u011flar. Bu da onu k\u0131talar aras\u0131 u\u00e7u\u015flar gibi uzun mesafeli t\u0131bbi geri d\u00f6n\u00fc\u015fler i\u00e7in (\u00f6rne\u011fin, Avrupa&#8217;dan Asya&#8217;ya veya Amerika&#8217;ya) en iyi tercih haline getirir.  <\/p><p data-path-to-node=\"1\">Challenger 604&#8217;\u00fcn &#8220;ayakta duran&#8221; geni\u015f g\u00f6vdeli kabini, hastan\u0131n etraf\u0131nda rahat bir \u015fekilde hareket ettirebilecek tam bir t\u0131bbi ekibin olmas\u0131n\u0131 sa\u011fl\u0131yor. Uzun menzilli yetenekleri, hassas ko\u015fullardaki hastalar i\u00e7in istikrarl\u0131 bir ortam sa\u011flamak ve toplam ta\u015f\u0131ma s\u00fcresini azaltmak i\u00e7in kritik olan daha az yak\u0131t dura\u011f\u0131 anlam\u0131na geliyor. <\/p><p data-path-to-node=\"1\"> <\/p><h3 data-path-to-node=\"3\">T\u0131bbi Ekipman<\/h3><p> <\/p><p data-path-to-node=\"4\">Challenger 604, <b data-path-to-node=\"4\" data-index-in-node=\"34\">y\u00fcksek kapasiteli u\u00e7an Yo\u011fun Bak\u0131m Birimi (ICU<\/b>) olarak i\u015flev g\u00f6r\u00fcr. Boyutu nedeniyle, birden fazla sedye veya son derece karma\u015f\u0131k ya\u015fam destek sistemleri ta\u015f\u0131yacak \u015fekilde yap\u0131land\u0131r\u0131labilirken, birka\u00e7 aile \u00fcyesi ve tam t\u0131bbi personel i\u00e7in de yer b\u0131rak\u0131labilir. <\/p><ul data-path-to-node=\"5\"><li><p data-path-to-node=\"5,0,0\">Son teknoloji yo\u011fun bak\u0131m ventilat\u00f6r\u00fc (y\u00fcksek frekans kapasiteli)<\/p><\/li><li><p data-path-to-node=\"5,1,0\">Geli\u015fmi\u015f \u00e7ok parametreli izleme (EKG, 12-lead, SpO2, EtCO2, IBP\/NIBP)<\/p><\/li><li><p data-path-to-node=\"5,2,0\">Bifazik defibrilat\u00f6r ve harici kalp pili<\/p><\/li><li><p data-path-to-node=\"5,3,0\">B\u00fcy\u00fck bir hassas \u015f\u0131r\u0131nga s\u00fcr\u00fcc\u00fcs\u00fc ve inf\u00fczyon pompas\u0131 bankas\u0131<\/p><\/li><li><p data-path-to-node=\"5,4,0\">\u00c7ift devreli y\u00fcksek kapasiteli emi\u015f sistemi<\/p><\/li><li><p data-path-to-node=\"5,5,0\">Ta\u015f\u0131nabilir kan gaz\u0131 analiz\u00f6r\u00fc (EPOC \/ i-STAT)<\/p><\/li><li><p data-path-to-node=\"5,6,0\">Kapsaml\u0131 acil ve cerrahi reanimasyon kitleri<\/p><\/li><li><p data-path-to-node=\"5,7,0\">\u00d6zel ta\u015f\u0131ma i\u00e7in tam destek: Yenido\u011fan Kulu\u00e7ka At\u0131, ECMO veya IABP<\/p><\/li><li><p data-path-to-node=\"5,8,0\">B\u00fcy\u00fck t\u0131bbi oksijen rezervleri ve yedek g\u00fc\u00e7 kaynaklar\u0131<\/p><\/li><\/ul><blockquote data-path-to-node=\"6\"><p data-path-to-node=\"6,0\"><i data-path-to-node=\"6,0\" data-index-in-node=\"0\">T\u0131bbi konfig\u00fcrasyon tamamen \u00f6zel yap\u0131d\u0131r. Geni\u015f kabin sayesinde hasta ve sevdikleriyle birlikte tam g\u00fcvende \u00f6zel bir ekip (\u00f6rne\u011fin yo\u011fun bak\u0131m uzman\u0131, u\u00e7u\u015f hem\u015firesi ve solunum terapisti) u\u00e7urabiliyoruz. <\/i><\/p><p data-path-to-node=\"6,0\"> <\/p><\/blockquote><table data-path-to-node=\"9\"><thead><tr><td><strong>\u00d6zellik<\/strong><\/td><td><strong>Spesifikasyonu<\/strong><\/td><\/tr><\/thead><tbody><tr><td><span data-path-to-node=\"9,1,0,0\"><b data-path-to-node=\"9,1,0,0\" data-index-in-node=\"0\">Seyir<\/b><\/span><\/td><td><span data-path-to-node=\"9,1,1,0\">h\u0131z\u0131 yakla\u015f\u0131k 850 km\/s (459 kt)<\/span><\/td><\/tr><tr><td><span data-path-to-node=\"9,2,0,0\"><b data-path-to-node=\"9,2,0,0\" data-index-in-node=\"0\">Menzil<\/b><\/span><\/td><td><span data-path-to-node=\"9,2,1,0\">yakla\u015f\u0131k 7.400 km (4.000 nm)<\/span><\/td><\/tr><tr><td><span data-path-to-node=\"9,3,0,0\"><b data-path-to-node=\"9,3,0,0\" data-index-in-node=\"0\"><\/b><\/span><\/td><td><span data-path-to-node=\"9,3,1,0\">Motorlar 2 x General Electric CF34-3B<\/span><\/td><\/tr><tr><td><span data-path-to-node=\"9,4,0,0\"><b data-path-to-node=\"9,4,0,0\" data-index-in-node=\"0\">Hizmet<\/b><\/span><\/td><td><span data-path-to-node=\"9,4,1,0\">Tavan\u0131 41.000 ft (12.500 m)<\/span><\/td><\/tr><tr><td><span data-path-to-node=\"9,5,0,0\"><b data-path-to-node=\"9,5,0,0\" data-index-in-node=\"0\">Anahtar Avantaj<\/b><\/span><\/td><td><span data-path-to-node=\"9,5,1,0\">Ekstra geni\u015f kabin ve k\u0131talararas\u0131 &#8220;uzun mesafe&#8221; menzili<\/span><\/td><\/tr><\/tbody><\/table>\t\t\t\t\t\t<\/div>\n\t\t\t\t<\/div>\n\t\t\t\t\t<\/div>\n\t\t\t\t<\/div>\n\t\t\t\t<\/div>\n\t\t","protected":false},"excerpt":{"rendered":"<p>Bombardier Challenger 604, aeromedikal end\u00fcstrisinde a\u011f\u0131r bir u\u00e7akt\u0131r; ger\u00e7ek bir k\u0131talararas\u0131 menzil sunar ve s\u0131n\u0131f\u0131ndaki en geni\u015f kabinlerden biridir. &#8220;A\u011f\u0131r jet&#8221; olarak bilinen bu u\u00e7ak, hafif veya orta boy u\u00e7aklarda ula\u015f\u0131lamayacak bir konfor ve alan seviyesi sa\u011flar. Bu da onu k\u0131talar aras\u0131 u\u00e7u\u015flar gibi uzun mesafeli t\u0131bbi geri d\u00f6n\u00fc\u015fler i\u00e7in (\u00f6rne\u011fin, Avrupa&#8217;dan Asya&#8217;ya veya Amerika&#8217;ya) [&hellip;]<\/p>\n","protected":false},"author":1,"featured_media":0,"parent":1608,"menu_order":0,"comment_status":"closed","ping_status":"closed","template":"","meta":{"footnotes":""},"class_list":["post-2049","page","type-page","status-publish","hentry"],"yoast_head":"<!-- This site is optimized with the Yoast SEO plugin v27.6 - https:\/\/yoast.com\/product\/yoast-seo-wordpress\/ -->\n<title>Challenger 604 - K\u00fcresel Hava Ambulans Hizmetleri<\/title>\n<meta name=\"robots\" content=\"index, follow, max-snippet:-1, max-image-preview:large, max-video-preview:-1\" \/>\n<link rel=\"canonical\" href=\"https:\/\/ambulanceflight.com\/tr\/donanma\/agir-jet\/challenger-604\/\" \/>\n<meta property=\"og:locale\" content=\"tr_TR\" \/>\n<meta property=\"og:type\" content=\"article\" \/>\n<meta property=\"og:title\" content=\"Challenger 604 - K\u00fcresel Hava Ambulans Hizmetleri\" \/>\n<meta property=\"og:description\" content=\"Bombardier Challenger 604, aeromedikal end\u00fcstrisinde a\u011f\u0131r bir u\u00e7akt\u0131r; ger\u00e7ek bir k\u0131talararas\u0131 menzil sunar ve s\u0131n\u0131f\u0131ndaki en geni\u015f kabinlerden biridir. &#8220;A\u011f\u0131r jet&#8221; olarak bilinen bu u\u00e7ak, hafif veya orta boy u\u00e7aklarda ula\u015f\u0131lamayacak bir konfor ve alan seviyesi sa\u011flar. Bu da onu k\u0131talar aras\u0131 u\u00e7u\u015flar gibi uzun mesafeli t\u0131bbi geri d\u00f6n\u00fc\u015fler i\u00e7in (\u00f6rne\u011fin, Avrupa&#8217;dan Asya&#8217;ya veya Amerika&#8217;ya) [&hellip;]\" \/>\n<meta property=\"og:url\" content=\"https:\/\/ambulanceflight.com\/tr\/donanma\/agir-jet\/challenger-604\/\" \/>\n<meta property=\"og:site_name\" content=\"K\u00fcresel Hava Ambulans Hizmetleri\" \/>\n<meta property=\"article:modified_time\" content=\"2026-04-15T14:22:01+00:00\" \/>\n<meta property=\"og:image\" content=\"http:\/\/ambulanceflight.com\/wp-content\/uploads\/2025\/12\/CL604_sn-5578_extLHsaleshot_ss_-4_wm-3-1024x416.jpg\" \/>\n<meta name=\"twitter:card\" content=\"summary_large_image\" \/>\n<meta name=\"twitter:label1\" content=\"Tahmini okuma s\u00fcresi\" \/>\n\t<meta name=\"twitter:data1\" content=\"2 dakika\" \/>\n<script type=\"application\/ld+json\" class=\"yoast-schema-graph\">{\"@context\":\"https:\\\/\\\/schema.org\",\"@graph\":[{\"@type\":\"WebPage\",\"@id\":\"https:\\\/\\\/ambulanceflight.com\\\/tr\\\/donanma\\\/agir-jet\\\/challenger-604\\\/\",\"url\":\"https:\\\/\\\/ambulanceflight.com\\\/tr\\\/donanma\\\/agir-jet\\\/challenger-604\\\/\",\"name\":\"Challenger 604 - K\u00fcresel Hava Ambulans Hizmetleri\",\"isPartOf\":{\"@id\":\"https:\\\/\\\/ambulanceflight.com\\\/tr\\\/#website\"},\"primaryImageOfPage\":{\"@id\":\"https:\\\/\\\/ambulanceflight.com\\\/tr\\\/donanma\\\/agir-jet\\\/challenger-604\\\/#primaryimage\"},\"image\":{\"@id\":\"https:\\\/\\\/ambulanceflight.com\\\/tr\\\/donanma\\\/agir-jet\\\/challenger-604\\\/#primaryimage\"},\"thumbnailUrl\":\"http:\\\/\\\/ambulanceflight.com\\\/wp-content\\\/uploads\\\/2025\\\/12\\\/CL604_sn-5578_extLHsaleshot_ss_-4_wm-3-1024x416.jpg\",\"datePublished\":\"2025-12-31T15:40:17+00:00\",\"dateModified\":\"2026-04-15T14:22:01+00:00\",\"breadcrumb\":{\"@id\":\"https:\\\/\\\/ambulanceflight.com\\\/tr\\\/donanma\\\/agir-jet\\\/challenger-604\\\/#breadcrumb\"},\"inLanguage\":\"tr\",\"potentialAction\":[{\"@type\":\"ReadAction\",\"target\":[\"https:\\\/\\\/ambulanceflight.com\\\/tr\\\/donanma\\\/agir-jet\\\/challenger-604\\\/\"]}]},{\"@type\":\"ImageObject\",\"inLanguage\":\"tr\",\"@id\":\"https:\\\/\\\/ambulanceflight.com\\\/tr\\\/donanma\\\/agir-jet\\\/challenger-604\\\/#primaryimage\",\"url\":\"http:\\\/\\\/ambulanceflight.com\\\/wp-content\\\/uploads\\\/2025\\\/12\\\/CL604_sn-5578_extLHsaleshot_ss_-4_wm-3-1024x416.jpg\",\"contentUrl\":\"http:\\\/\\\/ambulanceflight.com\\\/wp-content\\\/uploads\\\/2025\\\/12\\\/CL604_sn-5578_extLHsaleshot_ss_-4_wm-3-1024x416.jpg\"},{\"@type\":\"BreadcrumbList\",\"@id\":\"https:\\\/\\\/ambulanceflight.com\\\/tr\\\/donanma\\\/agir-jet\\\/challenger-604\\\/#breadcrumb\",\"itemListElement\":[{\"@type\":\"ListItem\",\"position\":1,\"name\":\"Home\",\"item\":\"https:\\\/\\\/ambulanceflight.com\\\/tr\\\/\"},{\"@type\":\"ListItem\",\"position\":2,\"name\":\"Donanma\",\"item\":\"https:\\\/\\\/ambulanceflight.com\\\/tr\\\/fleet\\\/\"},{\"@type\":\"ListItem\",\"position\":3,\"name\":\"A\u011f\u0131r Jet\",\"item\":\"https:\\\/\\\/ambulanceflight.com\\\/tr\\\/fleet\\\/heavy-jet\\\/\"},{\"@type\":\"ListItem\",\"position\":4,\"name\":\"Challenger 604\"}]},{\"@type\":\"WebSite\",\"@id\":\"https:\\\/\\\/ambulanceflight.com\\\/tr\\\/#website\",\"url\":\"https:\\\/\\\/ambulanceflight.com\\\/tr\\\/\",\"name\":\"K\u00fcresel Hava Ambulans Hizmetleri\",\"description\":\"D\u00fcnyan\u0131n her yerindeki hastalar i\u00e7in h\u0131zl\u0131, g\u00fcvenli ve tam donan\u0131ml\u0131 hava ambulans\u0131 transferleri.\",\"potentialAction\":[{\"@type\":\"SearchAction\",\"target\":{\"@type\":\"EntryPoint\",\"urlTemplate\":\"https:\\\/\\\/ambulanceflight.com\\\/tr\\\/?s={search_term_string}\"},\"query-input\":{\"@type\":\"PropertyValueSpecification\",\"valueRequired\":true,\"valueName\":\"search_term_string\"}}],\"inLanguage\":\"tr\"}]}<\/script>\n<!-- \/ Yoast SEO plugin. -->","yoast_head_json":{"title":"Challenger 604 - K\u00fcresel Hava Ambulans Hizmetleri","robots":{"index":"index","follow":"follow","max-snippet":"max-snippet:-1","max-image-preview":"max-image-preview:large","max-video-preview":"max-video-preview:-1"},"canonical":"https:\/\/ambulanceflight.com\/tr\/donanma\/agir-jet\/challenger-604\/","og_locale":"tr_TR","og_type":"article","og_title":"Challenger 604 - K\u00fcresel Hava Ambulans Hizmetleri","og_description":"Bombardier Challenger 604, aeromedikal end\u00fcstrisinde a\u011f\u0131r bir u\u00e7akt\u0131r; ger\u00e7ek bir k\u0131talararas\u0131 menzil sunar ve s\u0131n\u0131f\u0131ndaki en geni\u015f kabinlerden biridir. &#8220;A\u011f\u0131r jet&#8221; olarak bilinen bu u\u00e7ak, hafif veya orta boy u\u00e7aklarda ula\u015f\u0131lamayacak bir konfor ve alan seviyesi sa\u011flar. Bu da onu k\u0131talar aras\u0131 u\u00e7u\u015flar gibi uzun mesafeli t\u0131bbi geri d\u00f6n\u00fc\u015fler i\u00e7in (\u00f6rne\u011fin, Avrupa&#8217;dan Asya&#8217;ya veya Amerika&#8217;ya) [&hellip;]","og_url":"https:\/\/ambulanceflight.com\/tr\/donanma\/agir-jet\/challenger-604\/","og_site_name":"K\u00fcresel Hava Ambulans Hizmetleri","article_modified_time":"2026-04-15T14:22:01+00:00","og_image":[{"url":"http:\/\/ambulanceflight.com\/wp-content\/uploads\/2025\/12\/CL604_sn-5578_extLHsaleshot_ss_-4_wm-3-1024x416.jpg","type":"","width":"","height":""}],"twitter_card":"summary_large_image","twitter_misc":{"Tahmini okuma s\u00fcresi":"2 dakika"},"schema":{"@context":"https:\/\/schema.org","@graph":[{"@type":"WebPage","@id":"https:\/\/ambulanceflight.com\/tr\/donanma\/agir-jet\/challenger-604\/","url":"https:\/\/ambulanceflight.com\/tr\/donanma\/agir-jet\/challenger-604\/","name":"Challenger 604 - K\u00fcresel Hava Ambulans Hizmetleri","isPartOf":{"@id":"https:\/\/ambulanceflight.com\/tr\/#website"},"primaryImageOfPage":{"@id":"https:\/\/ambulanceflight.com\/tr\/donanma\/agir-jet\/challenger-604\/#primaryimage"},"image":{"@id":"https:\/\/ambulanceflight.com\/tr\/donanma\/agir-jet\/challenger-604\/#primaryimage"},"thumbnailUrl":"http:\/\/ambulanceflight.com\/wp-content\/uploads\/2025\/12\/CL604_sn-5578_extLHsaleshot_ss_-4_wm-3-1024x416.jpg","datePublished":"2025-12-31T15:40:17+00:00","dateModified":"2026-04-15T14:22:01+00:00","breadcrumb":{"@id":"https:\/\/ambulanceflight.com\/tr\/donanma\/agir-jet\/challenger-604\/#breadcrumb"},"inLanguage":"tr","potentialAction":[{"@type":"ReadAction","target":["https:\/\/ambulanceflight.com\/tr\/donanma\/agir-jet\/challenger-604\/"]}]},{"@type":"ImageObject","inLanguage":"tr","@id":"https:\/\/ambulanceflight.com\/tr\/donanma\/agir-jet\/challenger-604\/#primaryimage","url":"http:\/\/ambulanceflight.com\/wp-content\/uploads\/2025\/12\/CL604_sn-5578_extLHsaleshot_ss_-4_wm-3-1024x416.jpg","contentUrl":"http:\/\/ambulanceflight.com\/wp-content\/uploads\/2025\/12\/CL604_sn-5578_extLHsaleshot_ss_-4_wm-3-1024x416.jpg"},{"@type":"BreadcrumbList","@id":"https:\/\/ambulanceflight.com\/tr\/donanma\/agir-jet\/challenger-604\/#breadcrumb","itemListElement":[{"@type":"ListItem","position":1,"name":"Home","item":"https:\/\/ambulanceflight.com\/tr\/"},{"@type":"ListItem","position":2,"name":"Donanma","item":"https:\/\/ambulanceflight.com\/tr\/fleet\/"},{"@type":"ListItem","position":3,"name":"A\u011f\u0131r Jet","item":"https:\/\/ambulanceflight.com\/tr\/fleet\/heavy-jet\/"},{"@type":"ListItem","position":4,"name":"Challenger 604"}]},{"@type":"WebSite","@id":"https:\/\/ambulanceflight.com\/tr\/#website","url":"https:\/\/ambulanceflight.com\/tr\/","name":"K\u00fcresel Hava Ambulans Hizmetleri","description":"D\u00fcnyan\u0131n her yerindeki hastalar i\u00e7in h\u0131zl\u0131, g\u00fcvenli ve tam donan\u0131ml\u0131 hava ambulans\u0131 transferleri.","potentialAction":[{"@type":"SearchAction","target":{"@type":"EntryPoint","urlTemplate":"https:\/\/ambulanceflight.com\/tr\/?s={search_term_string}"},"query-input":{"@type":"PropertyValueSpecification","valueRequired":true,"valueName":"search_term_string"}}],"inLanguage":"tr"}]}},"_links":{"self":[{"href":"https:\/\/ambulanceflight.com\/tr\/wp-json\/wp\/v2\/pages\/2049","targetHints":{"allow":["GET"]}}],"collection":[{"href":"https:\/\/ambulanceflight.com\/tr\/wp-json\/wp\/v2\/pages"}],"about":[{"href":"https:\/\/ambulanceflight.com\/tr\/wp-json\/wp\/v2\/types\/page"}],"author":[{"embeddable":true,"href":"https:\/\/ambulanceflight.com\/tr\/wp-json\/wp\/v2\/users\/1"}],"replies":[{"embeddable":true,"href":"https:\/\/ambulanceflight.com\/tr\/wp-json\/wp\/v2\/comments?post=2049"}],"version-history":[{"count":3,"href":"https:\/\/ambulanceflight.com\/tr\/wp-json\/wp\/v2\/pages\/2049\/revisions"}],"predecessor-version":[{"id":3012,"href":"https:\/\/ambulanceflight.com\/tr\/wp-json\/wp\/v2\/pages\/2049\/revisions\/3012"}],"up":[{"embeddable":true,"href":"https:\/\/ambulanceflight.com\/tr\/wp-json\/wp\/v2\/pages\/1608"}],"wp:attachment":[{"href":"https:\/\/ambulanceflight.com\/tr\/wp-json\/wp\/v2\/media?parent=2049"}],"curies":[{"name":"wp","href":"https:\/\/api.w.org\/{rel}","templated":true}]}}