{"id":2025,"date":"2025-12-31T14:49:55","date_gmt":"2025-12-31T14:49:55","guid":{"rendered":"https:\/\/ambulanceflight.com\/hawker-900\/"},"modified":"2026-01-23T13:09:53","modified_gmt":"2026-01-23T13:09:53","slug":"hawker-900","status":"publish","type":"page","link":"https:\/\/ambulanceflight.com\/tr\/donanma\/orta-boy-jetler\/hawker-900\/","title":{"rendered":"Hawker 900"},"content":{"rendered":"\t\t<div data-elementor-type=\"wp-page\" data-elementor-id=\"2025\" class=\"elementor elementor-2025 elementor-2013\" data-elementor-settings=\"{&quot;ha_cmc_init_switcher&quot;:&quot;no&quot;}\" data-elementor-post-type=\"page\">\n\t\t\t\t<div class=\"elementor-element elementor-element-f76db34 e-flex e-con-boxed e-con e-parent\" data-id=\"f76db34\" data-element_type=\"container\" data-settings=\"{&quot;_ha_eqh_enable&quot;:false,&quot;ekit_has_onepagescroll_dot&quot;:&quot;yes&quot;}\">\n\t\t\t\t\t<div class=\"e-con-inner\">\n\t\t<div class=\"elementor-element elementor-element-0f78bae e-con-full e-flex e-con e-child\" data-id=\"0f78bae\" data-element_type=\"container\" data-settings=\"{&quot;_ha_eqh_enable&quot;:false,&quot;ekit_has_onepagescroll_dot&quot;:&quot;yes&quot;}\">\n\t\t\t\t<div class=\"elementor-element elementor-element-2a66a85 elementor-widget elementor-widget-image\" data-id=\"2a66a85\" data-element_type=\"widget\" data-settings=\"{&quot;ekit_we_effect_on&quot;:&quot;none&quot;}\" data-widget_type=\"image.default\">\n\t\t\t\t<div class=\"elementor-widget-container\">\n\t\t\t\t\t\t\t\t\t\t\t\t\t<img fetchpriority=\"high\" decoding=\"async\" width=\"800\" height=\"520\" src=\"https:\/\/ambulanceflight.com\/wp-content\/uploads\/2025\/12\/Hawker-900XP-Ext-JS-1024x666.jpg\" class=\"attachment-large size-large wp-image-2027\" alt=\"\" srcset=\"https:\/\/ambulanceflight.com\/wp-content\/uploads\/2025\/12\/Hawker-900XP-Ext-JS-1024x666.jpg 1024w, https:\/\/ambulanceflight.com\/wp-content\/uploads\/2025\/12\/Hawker-900XP-Ext-JS-300x195.jpg 300w, https:\/\/ambulanceflight.com\/wp-content\/uploads\/2025\/12\/Hawker-900XP-Ext-JS-768x499.jpg 768w, https:\/\/ambulanceflight.com\/wp-content\/uploads\/2025\/12\/Hawker-900XP-Ext-JS.jpg 1200w\" sizes=\"(max-width: 800px) 100vw, 800px\" \/>\t\t\t\t\t\t\t\t\t\t\t\t\t<\/div>\n\t\t\t\t<\/div>\n\t\t\t\t<\/div>\n\t\t<div class=\"elementor-element elementor-element-c8c0621 e-con-full e-flex e-con e-child\" data-id=\"c8c0621\" data-element_type=\"container\" data-settings=\"{&quot;_ha_eqh_enable&quot;:false,&quot;ekit_has_onepagescroll_dot&quot;:&quot;yes&quot;}\">\n\t\t<div class=\"elementor-element elementor-element-8c20b79 e-con-full e-flex e-con e-child\" data-id=\"8c20b79\" data-element_type=\"container\" data-settings=\"{&quot;_ha_eqh_enable&quot;:false,&quot;ekit_has_onepagescroll_dot&quot;:&quot;yes&quot;}\">\n\t\t\t\t<div class=\"elementor-element elementor-element-c7e9a2b elementor-widget elementor-widget-image\" data-id=\"c7e9a2b\" data-element_type=\"widget\" data-settings=\"{&quot;ekit_we_effect_on&quot;:&quot;none&quot;}\" data-widget_type=\"image.default\">\n\t\t\t\t<div class=\"elementor-widget-container\">\n\t\t\t\t\t\t\t\t\t\t\t\t\t<img decoding=\"async\" width=\"800\" height=\"534\" src=\"https:\/\/ambulanceflight.com\/wp-content\/uploads\/2026\/01\/Airlec_Hawker-900-6-1024x683.jpg\" class=\"attachment-large size-large wp-image-3003\" alt=\"\" srcset=\"https:\/\/ambulanceflight.com\/wp-content\/uploads\/2026\/01\/Airlec_Hawker-900-6-1024x683.jpg 1024w, https:\/\/ambulanceflight.com\/wp-content\/uploads\/2026\/01\/Airlec_Hawker-900-6-300x200.jpg 300w, https:\/\/ambulanceflight.com\/wp-content\/uploads\/2026\/01\/Airlec_Hawker-900-6-768x512.jpg 768w, https:\/\/ambulanceflight.com\/wp-content\/uploads\/2026\/01\/Airlec_Hawker-900-6.jpg 1225w\" sizes=\"(max-width: 800px) 100vw, 800px\" \/>\t\t\t\t\t\t\t\t\t\t\t\t\t<\/div>\n\t\t\t\t<\/div>\n\t\t\t\t<\/div>\n\t\t<div class=\"elementor-element elementor-element-276993a e-con-full e-flex e-con e-child\" data-id=\"276993a\" data-element_type=\"container\" data-settings=\"{&quot;_ha_eqh_enable&quot;:false,&quot;ekit_has_onepagescroll_dot&quot;:&quot;yes&quot;}\">\n\t\t\t\t<\/div>\n\t\t\t\t<\/div>\n\t\t\t\t\t<\/div>\n\t\t\t\t<\/div>\n\t\t<div class=\"elementor-element elementor-element-c2d60df e-flex e-con-boxed e-con e-parent\" data-id=\"c2d60df\" data-element_type=\"container\" data-settings=\"{&quot;background_background&quot;:&quot;classic&quot;,&quot;_ha_eqh_enable&quot;:false,&quot;ekit_has_onepagescroll_dot&quot;:&quot;yes&quot;}\">\n\t\t\t\t\t<div class=\"e-con-inner\">\n\t\t\t\t<div class=\"elementor-element elementor-element-b06ef8e elementor-widget elementor-widget-text-editor\" data-id=\"b06ef8e\" data-element_type=\"widget\" data-settings=\"{&quot;ekit_we_effect_on&quot;:&quot;none&quot;}\" data-widget_type=\"text-editor.default\">\n\t\t\t\t<div class=\"elementor-widget-container\">\n\t\t\t\t\t\t\t<p> <\/p><p data-path-to-node=\"0\"><b data-path-to-node=\"0\" data-index-in-node=\"4\">Hawker 900XP<\/b>, aeromedikal sekt\u00f6r\u00fcnde en sayg\u0131n orta boy jetlerden biridir; geni\u015f kabini ve ola\u011fan\u00fcst\u00fc &#8220;s\u0131cak ve y\u00fcksek&#8221; performans\u0131yla tan\u0131n\u0131r. \u00dcnl\u00fc Hawker 800 serisinin bir evrimidir; geli\u015ftirilmi\u015f kanat\u00e7\u0131klar ve daha g\u00fc\u00e7l\u00fc motorlar sayesinde daha uza\u011fa ve daha verimli u\u00e7mas\u0131na olanak tan\u0131r. <\/p><p data-path-to-node=\"1\">Hawker 900XP&#8217;yi t\u0131bbi g\u00f6revler i\u00e7in ay\u0131ran \u015fey b\u00fcy\u00fck, geni\u015f g\u00f6vdeli kabini. Bu y\u00f6ntem, t\u0131bbi ekibin uzun mesafeli u\u00e7u\u015flarda maksimum verimlilikle \u00e7al\u0131\u015fmas\u0131n\u0131 sa\u011flayan \u00f6nemli miktarda ba\u015f mesafesi ve zemin alan\u0131 sa\u011flar. D\u00fczg\u00fcn u\u00e7u\u015f \u00f6zellikleri ve sessiz i\u00e7 mekan\u0131, hasta konforunu \u00f6nemli \u00f6l\u00e7\u00fcde art\u0131r\u0131r ve hassas k\u0131talararas\u0131 geri d\u00f6n\u00fc\u015fler i\u00e7in tercih edilen bir tercih haline gelir.  <\/p><p data-path-to-node=\"1\"> <\/p><h3 data-path-to-node=\"3\">T\u0131bbi Ekipman<\/h3><p data-path-to-node=\"4\">Hawker 900XP, <b data-path-to-node=\"4\" data-index-in-node=\"36\">premium bir Yo\u011fun Bak\u0131m \u00dcnitesi (ICU)<\/b> olarak yap\u0131land\u0131r\u0131lm\u0131\u015ft\u0131r. Kabinin geni\u015fli\u011fi b\u00fcy\u00fck bir avantajd\u0131r; gerekirse hastaya 360 derece yakla\u015fma imkan\u0131 sa\u011flar ve geli\u015fmi\u015f ya\u015fam destek sistemleri i\u00e7in bolca alan sa\u011flar. <\/p><ul data-path-to-node=\"5\"><li><p data-path-to-node=\"5,0,0\">Y\u00fcksek kaliteli yo\u011fun bak\u0131m ta\u015f\u0131ma ventilat\u00f6r\u00fc<\/p><\/li><li><p data-path-to-node=\"5,1,0\">Kapsaml\u0131 \u00e7ok parametreli monit\u00f6r (EKG, SpO2, NIBP, EtCO2, S\u0131cakl\u0131k)<\/p><\/li><li><p data-path-to-node=\"5,2,0\">Bifazik defibrilat\u00f6r ve harici kalp pili<\/p><\/li><li><p data-path-to-node=\"5,3,0\">Hassas \u015f\u0131r\u0131nga s\u00fcr\u00fcc\u00fcleri ve y\u00fcksek kapasiteli inf\u00fczyon pompalar\u0131<\/p><\/li><li><p data-path-to-node=\"5,4,0\">\u00c7ift devreli y\u00fcksek performansl\u0131 emici \u00fcnite<\/p><\/li><li><p data-path-to-node=\"5,5,0\">Bak\u0131m noktas\u0131 kan gaz\u0131 analiz\u00f6r\u00fc (EPOC)<\/p><\/li><li><p data-path-to-node=\"5,6,0\">\u00d6zel acil t\u0131p ve reanimasyon kiti<\/p><\/li><li><p data-path-to-node=\"5,7,0\">Yenido\u011fan ta\u015f\u0131ma (Kulu\u00e7ka At\u0131) veya ECMO sistemleri i\u00e7in tam kapasite<\/p><\/li><li><p data-path-to-node=\"5,8,0\">B\u00fcy\u00fck \u00f6l\u00e7ekli t\u0131bbi oksijen temini ve \u00f6zel elektrik g\u00fc\u00e7 sistemi<\/p><\/li><\/ul><blockquote data-path-to-node=\"6\"><p data-path-to-node=\"6,0\"><i data-path-to-node=\"6,0\" data-index-in-node=\"0\">T\u0131bbi konfig\u00fcrasyon tamamen mod\u00fclerdir. Her g\u00f6rev i\u00e7in, genellikle bir u\u00e7u\u015f hekimi ve bir u\u00e7u\u015f hem\u015firesi olmak \u00fczere uzman bir t\u0131bbi ekip sa\u011fl\u0131yor ve ekipman\u0131 hastan\u0131n \u00f6zel sa\u011fl\u0131k durumuna g\u00f6re \u00f6zelle\u015ftiriyoruz. <\/i><\/p><\/blockquote><p data-path-to-node=\"6,0\"> <\/p><table data-path-to-node=\"9\"><thead><tr><td><strong>\u00d6zellik<\/strong><\/td><td><strong>Spesifikasyonu<\/strong><\/td><\/tr><\/thead><tbody><tr><td><span data-path-to-node=\"9,1,0,0\"><b data-path-to-node=\"9,1,0,0\" data-index-in-node=\"0\">Seyir<\/b><\/span><\/td><td><span data-path-to-node=\"9,1,1,0\">h\u0131z\u0131 yakla\u015f\u0131k 830 km\/s (448 kt)<\/span><\/td><\/tr><tr><td><span data-path-to-node=\"9,2,0,0\"><b data-path-to-node=\"9,2,0,0\" data-index-in-node=\"0\">Menzil<\/b><\/span><\/td><td><span data-path-to-node=\"9,2,1,0\">yakla\u015f\u0131k 5.200 km (2.800 nm)<\/span><\/td><\/tr><tr><td><span data-path-to-node=\"9,3,0,0\"><b data-path-to-node=\"9,3,0,0\" data-index-in-node=\"0\">Motorlar<\/b><\/span><\/td><td><span data-path-to-node=\"9,3,1,0\">2 x Honeywell TFE731-50R<\/span><\/td><\/tr><tr><td><span data-path-to-node=\"9,4,0,0\"><b data-path-to-node=\"9,4,0,0\" data-index-in-node=\"0\">Hizmet<\/b><\/span><\/td><td><span data-path-to-node=\"9,4,1,0\">Tavan\u0131 41.000 ft (12.500 m)<\/span><\/td><\/tr><tr><td><span data-path-to-node=\"9,5,0,0\"><b data-path-to-node=\"9,5,0,0\" data-index-in-node=\"0\">Ana Avantaj<\/b><\/span><\/td><td><span data-path-to-node=\"9,5,1,0\">Geni\u015f g\u00f6vdeli kabin konforu ve ola\u011fan\u00fcst\u00fc uzun menzilli performans<\/span><\/td><\/tr><\/tbody><\/table>\t\t\t\t\t\t<\/div>\n\t\t\t\t<\/div>\n\t\t\t\t\t<\/div>\n\t\t\t\t<\/div>\n\t\t\t\t<\/div>\n\t\t","protected":false},"excerpt":{"rendered":"<p>Hawker 900XP, aeromedikal sekt\u00f6r\u00fcnde en sayg\u0131n orta boy jetlerden biridir; geni\u015f kabini ve ola\u011fan\u00fcst\u00fc &#8220;s\u0131cak ve y\u00fcksek&#8221; performans\u0131yla tan\u0131n\u0131r. \u00dcnl\u00fc Hawker 800 serisinin bir evrimidir; geli\u015ftirilmi\u015f kanat\u00e7\u0131klar ve daha g\u00fc\u00e7l\u00fc motorlar sayesinde daha uza\u011fa ve daha verimli u\u00e7mas\u0131na olanak tan\u0131r. Hawker 900XP&#8217;yi t\u0131bbi g\u00f6revler i\u00e7in ay\u0131ran \u015fey b\u00fcy\u00fck, geni\u015f g\u00f6vdeli kabini. Bu y\u00f6ntem, t\u0131bbi ekibin [&hellip;]<\/p>\n","protected":false},"author":1,"featured_media":0,"parent":1547,"menu_order":0,"comment_status":"closed","ping_status":"closed","template":"","meta":{"footnotes":""},"class_list":["post-2025","page","type-page","status-publish","hentry"],"yoast_head":"<!-- This site is optimized with the Yoast SEO plugin v27.6 - https:\/\/yoast.com\/product\/yoast-seo-wordpress\/ -->\n<title>Hawker 900 - K\u00fcresel Hava Ambulans Hizmetleri<\/title>\n<meta name=\"robots\" content=\"index, follow, max-snippet:-1, max-image-preview:large, max-video-preview:-1\" \/>\n<link rel=\"canonical\" href=\"https:\/\/ambulanceflight.com\/tr\/donanma\/orta-boy-jetler\/hawker-900\/\" \/>\n<meta property=\"og:locale\" content=\"tr_TR\" \/>\n<meta property=\"og:type\" content=\"article\" \/>\n<meta property=\"og:title\" content=\"Hawker 900 - K\u00fcresel Hava Ambulans Hizmetleri\" \/>\n<meta property=\"og:description\" content=\"Hawker 900XP, aeromedikal sekt\u00f6r\u00fcnde en sayg\u0131n orta boy jetlerden biridir; geni\u015f kabini ve ola\u011fan\u00fcst\u00fc &#8220;s\u0131cak ve y\u00fcksek&#8221; performans\u0131yla tan\u0131n\u0131r. \u00dcnl\u00fc Hawker 800 serisinin bir evrimidir; geli\u015ftirilmi\u015f kanat\u00e7\u0131klar ve daha g\u00fc\u00e7l\u00fc motorlar sayesinde daha uza\u011fa ve daha verimli u\u00e7mas\u0131na olanak tan\u0131r. Hawker 900XP&#8217;yi t\u0131bbi g\u00f6revler i\u00e7in ay\u0131ran \u015fey b\u00fcy\u00fck, geni\u015f g\u00f6vdeli kabini. Bu y\u00f6ntem, t\u0131bbi ekibin [&hellip;]\" \/>\n<meta property=\"og:url\" content=\"https:\/\/ambulanceflight.com\/tr\/donanma\/orta-boy-jetler\/hawker-900\/\" \/>\n<meta property=\"og:site_name\" content=\"K\u00fcresel Hava Ambulans Hizmetleri\" \/>\n<meta property=\"article:modified_time\" content=\"2026-01-23T13:09:53+00:00\" \/>\n<meta property=\"og:image\" content=\"http:\/\/ambulanceflight.com\/wp-content\/uploads\/2025\/12\/Hawker-900XP-Ext-JS-1024x666.jpg\" \/>\n<meta name=\"twitter:card\" content=\"summary_large_image\" \/>\n<meta name=\"twitter:label1\" content=\"Tahmini okuma s\u00fcresi\" \/>\n\t<meta name=\"twitter:data1\" content=\"2 dakika\" \/>\n<script type=\"application\/ld+json\" class=\"yoast-schema-graph\">{\"@context\":\"https:\\\/\\\/schema.org\",\"@graph\":[{\"@type\":\"WebPage\",\"@id\":\"https:\\\/\\\/ambulanceflight.com\\\/tr\\\/donanma\\\/orta-boy-jetler\\\/hawker-900\\\/\",\"url\":\"https:\\\/\\\/ambulanceflight.com\\\/tr\\\/donanma\\\/orta-boy-jetler\\\/hawker-900\\\/\",\"name\":\"Hawker 900 - K\u00fcresel Hava Ambulans Hizmetleri\",\"isPartOf\":{\"@id\":\"https:\\\/\\\/ambulanceflight.com\\\/tr\\\/#website\"},\"primaryImageOfPage\":{\"@id\":\"https:\\\/\\\/ambulanceflight.com\\\/tr\\\/donanma\\\/orta-boy-jetler\\\/hawker-900\\\/#primaryimage\"},\"image\":{\"@id\":\"https:\\\/\\\/ambulanceflight.com\\\/tr\\\/donanma\\\/orta-boy-jetler\\\/hawker-900\\\/#primaryimage\"},\"thumbnailUrl\":\"http:\\\/\\\/ambulanceflight.com\\\/wp-content\\\/uploads\\\/2025\\\/12\\\/Hawker-900XP-Ext-JS-1024x666.jpg\",\"datePublished\":\"2025-12-31T14:49:55+00:00\",\"dateModified\":\"2026-01-23T13:09:53+00:00\",\"breadcrumb\":{\"@id\":\"https:\\\/\\\/ambulanceflight.com\\\/tr\\\/donanma\\\/orta-boy-jetler\\\/hawker-900\\\/#breadcrumb\"},\"inLanguage\":\"tr\",\"potentialAction\":[{\"@type\":\"ReadAction\",\"target\":[\"https:\\\/\\\/ambulanceflight.com\\\/tr\\\/donanma\\\/orta-boy-jetler\\\/hawker-900\\\/\"]}]},{\"@type\":\"ImageObject\",\"inLanguage\":\"tr\",\"@id\":\"https:\\\/\\\/ambulanceflight.com\\\/tr\\\/donanma\\\/orta-boy-jetler\\\/hawker-900\\\/#primaryimage\",\"url\":\"http:\\\/\\\/ambulanceflight.com\\\/wp-content\\\/uploads\\\/2025\\\/12\\\/Hawker-900XP-Ext-JS-1024x666.jpg\",\"contentUrl\":\"http:\\\/\\\/ambulanceflight.com\\\/wp-content\\\/uploads\\\/2025\\\/12\\\/Hawker-900XP-Ext-JS-1024x666.jpg\"},{\"@type\":\"BreadcrumbList\",\"@id\":\"https:\\\/\\\/ambulanceflight.com\\\/tr\\\/donanma\\\/orta-boy-jetler\\\/hawker-900\\\/#breadcrumb\",\"itemListElement\":[{\"@type\":\"ListItem\",\"position\":1,\"name\":\"Home\",\"item\":\"https:\\\/\\\/ambulanceflight.com\\\/tr\\\/\"},{\"@type\":\"ListItem\",\"position\":2,\"name\":\"Donanma\",\"item\":\"https:\\\/\\\/ambulanceflight.com\\\/tr\\\/fleet\\\/\"},{\"@type\":\"ListItem\",\"position\":3,\"name\":\"Orta boy jetler\",\"item\":\"https:\\\/\\\/ambulanceflight.com\\\/tr\\\/fleet\\\/midsize-jets\\\/\"},{\"@type\":\"ListItem\",\"position\":4,\"name\":\"Hawker 900\"}]},{\"@type\":\"WebSite\",\"@id\":\"https:\\\/\\\/ambulanceflight.com\\\/tr\\\/#website\",\"url\":\"https:\\\/\\\/ambulanceflight.com\\\/tr\\\/\",\"name\":\"K\u00fcresel Hava Ambulans Hizmetleri\",\"description\":\"D\u00fcnyan\u0131n her yerindeki hastalar i\u00e7in h\u0131zl\u0131, g\u00fcvenli ve tam donan\u0131ml\u0131 hava ambulans\u0131 transferleri.\",\"potentialAction\":[{\"@type\":\"SearchAction\",\"target\":{\"@type\":\"EntryPoint\",\"urlTemplate\":\"https:\\\/\\\/ambulanceflight.com\\\/tr\\\/?s={search_term_string}\"},\"query-input\":{\"@type\":\"PropertyValueSpecification\",\"valueRequired\":true,\"valueName\":\"search_term_string\"}}],\"inLanguage\":\"tr\"}]}<\/script>\n<!-- \/ Yoast SEO plugin. -->","yoast_head_json":{"title":"Hawker 900 - K\u00fcresel Hava Ambulans Hizmetleri","robots":{"index":"index","follow":"follow","max-snippet":"max-snippet:-1","max-image-preview":"max-image-preview:large","max-video-preview":"max-video-preview:-1"},"canonical":"https:\/\/ambulanceflight.com\/tr\/donanma\/orta-boy-jetler\/hawker-900\/","og_locale":"tr_TR","og_type":"article","og_title":"Hawker 900 - K\u00fcresel Hava Ambulans Hizmetleri","og_description":"Hawker 900XP, aeromedikal sekt\u00f6r\u00fcnde en sayg\u0131n orta boy jetlerden biridir; geni\u015f kabini ve ola\u011fan\u00fcst\u00fc &#8220;s\u0131cak ve y\u00fcksek&#8221; performans\u0131yla tan\u0131n\u0131r. \u00dcnl\u00fc Hawker 800 serisinin bir evrimidir; geli\u015ftirilmi\u015f kanat\u00e7\u0131klar ve daha g\u00fc\u00e7l\u00fc motorlar sayesinde daha uza\u011fa ve daha verimli u\u00e7mas\u0131na olanak tan\u0131r. Hawker 900XP&#8217;yi t\u0131bbi g\u00f6revler i\u00e7in ay\u0131ran \u015fey b\u00fcy\u00fck, geni\u015f g\u00f6vdeli kabini. Bu y\u00f6ntem, t\u0131bbi ekibin [&hellip;]","og_url":"https:\/\/ambulanceflight.com\/tr\/donanma\/orta-boy-jetler\/hawker-900\/","og_site_name":"K\u00fcresel Hava Ambulans Hizmetleri","article_modified_time":"2026-01-23T13:09:53+00:00","og_image":[{"url":"http:\/\/ambulanceflight.com\/wp-content\/uploads\/2025\/12\/Hawker-900XP-Ext-JS-1024x666.jpg","type":"","width":"","height":""}],"twitter_card":"summary_large_image","twitter_misc":{"Tahmini okuma s\u00fcresi":"2 dakika"},"schema":{"@context":"https:\/\/schema.org","@graph":[{"@type":"WebPage","@id":"https:\/\/ambulanceflight.com\/tr\/donanma\/orta-boy-jetler\/hawker-900\/","url":"https:\/\/ambulanceflight.com\/tr\/donanma\/orta-boy-jetler\/hawker-900\/","name":"Hawker 900 - K\u00fcresel Hava Ambulans Hizmetleri","isPartOf":{"@id":"https:\/\/ambulanceflight.com\/tr\/#website"},"primaryImageOfPage":{"@id":"https:\/\/ambulanceflight.com\/tr\/donanma\/orta-boy-jetler\/hawker-900\/#primaryimage"},"image":{"@id":"https:\/\/ambulanceflight.com\/tr\/donanma\/orta-boy-jetler\/hawker-900\/#primaryimage"},"thumbnailUrl":"http:\/\/ambulanceflight.com\/wp-content\/uploads\/2025\/12\/Hawker-900XP-Ext-JS-1024x666.jpg","datePublished":"2025-12-31T14:49:55+00:00","dateModified":"2026-01-23T13:09:53+00:00","breadcrumb":{"@id":"https:\/\/ambulanceflight.com\/tr\/donanma\/orta-boy-jetler\/hawker-900\/#breadcrumb"},"inLanguage":"tr","potentialAction":[{"@type":"ReadAction","target":["https:\/\/ambulanceflight.com\/tr\/donanma\/orta-boy-jetler\/hawker-900\/"]}]},{"@type":"ImageObject","inLanguage":"tr","@id":"https:\/\/ambulanceflight.com\/tr\/donanma\/orta-boy-jetler\/hawker-900\/#primaryimage","url":"http:\/\/ambulanceflight.com\/wp-content\/uploads\/2025\/12\/Hawker-900XP-Ext-JS-1024x666.jpg","contentUrl":"http:\/\/ambulanceflight.com\/wp-content\/uploads\/2025\/12\/Hawker-900XP-Ext-JS-1024x666.jpg"},{"@type":"BreadcrumbList","@id":"https:\/\/ambulanceflight.com\/tr\/donanma\/orta-boy-jetler\/hawker-900\/#breadcrumb","itemListElement":[{"@type":"ListItem","position":1,"name":"Home","item":"https:\/\/ambulanceflight.com\/tr\/"},{"@type":"ListItem","position":2,"name":"Donanma","item":"https:\/\/ambulanceflight.com\/tr\/fleet\/"},{"@type":"ListItem","position":3,"name":"Orta boy jetler","item":"https:\/\/ambulanceflight.com\/tr\/fleet\/midsize-jets\/"},{"@type":"ListItem","position":4,"name":"Hawker 900"}]},{"@type":"WebSite","@id":"https:\/\/ambulanceflight.com\/tr\/#website","url":"https:\/\/ambulanceflight.com\/tr\/","name":"K\u00fcresel Hava Ambulans Hizmetleri","description":"D\u00fcnyan\u0131n her yerindeki hastalar i\u00e7in h\u0131zl\u0131, g\u00fcvenli ve tam donan\u0131ml\u0131 hava ambulans\u0131 transferleri.","potentialAction":[{"@type":"SearchAction","target":{"@type":"EntryPoint","urlTemplate":"https:\/\/ambulanceflight.com\/tr\/?s={search_term_string}"},"query-input":{"@type":"PropertyValueSpecification","valueRequired":true,"valueName":"search_term_string"}}],"inLanguage":"tr"}]}},"_links":{"self":[{"href":"https:\/\/ambulanceflight.com\/tr\/wp-json\/wp\/v2\/pages\/2025","targetHints":{"allow":["GET"]}}],"collection":[{"href":"https:\/\/ambulanceflight.com\/tr\/wp-json\/wp\/v2\/pages"}],"about":[{"href":"https:\/\/ambulanceflight.com\/tr\/wp-json\/wp\/v2\/types\/page"}],"author":[{"embeddable":true,"href":"https:\/\/ambulanceflight.com\/tr\/wp-json\/wp\/v2\/users\/1"}],"replies":[{"embeddable":true,"href":"https:\/\/ambulanceflight.com\/tr\/wp-json\/wp\/v2\/comments?post=2025"}],"version-history":[{"count":3,"href":"https:\/\/ambulanceflight.com\/tr\/wp-json\/wp\/v2\/pages\/2025\/revisions"}],"predecessor-version":[{"id":3004,"href":"https:\/\/ambulanceflight.com\/tr\/wp-json\/wp\/v2\/pages\/2025\/revisions\/3004"}],"up":[{"embeddable":true,"href":"https:\/\/ambulanceflight.com\/tr\/wp-json\/wp\/v2\/pages\/1547"}],"wp:attachment":[{"href":"https:\/\/ambulanceflight.com\/tr\/wp-json\/wp\/v2\/media?parent=2025"}],"curies":[{"name":"wp","href":"https:\/\/api.w.org\/{rel}","templated":true}]}}