{"id":1999,"date":"2025-12-31T13:02:16","date_gmt":"2025-12-31T13:02:16","guid":{"rendered":"https:\/\/ambulanceflight.com\/learjet-60\/"},"modified":"2026-01-23T13:08:18","modified_gmt":"2026-01-23T13:08:18","slug":"learjet-60","status":"publish","type":"page","link":"https:\/\/ambulanceflight.com\/tr\/donanma\/orta-boy-jetler\/learjet-60\/","title":{"rendered":"LearJet 60"},"content":{"rendered":"\t\t<div data-elementor-type=\"wp-page\" data-elementor-id=\"1999\" class=\"elementor elementor-1999 elementor-1987\" data-elementor-settings=\"{&quot;ha_cmc_init_switcher&quot;:&quot;no&quot;}\" data-elementor-post-type=\"page\">\n\t\t\t\t<div class=\"elementor-element elementor-element-db27b7c e-flex e-con-boxed e-con e-parent\" data-id=\"db27b7c\" data-element_type=\"container\" data-settings=\"{&quot;_ha_eqh_enable&quot;:false,&quot;ekit_has_onepagescroll_dot&quot;:&quot;yes&quot;}\">\n\t\t\t\t\t<div class=\"e-con-inner\">\n\t\t<div class=\"elementor-element elementor-element-54e309d e-con-full e-flex e-con e-child\" data-id=\"54e309d\" data-element_type=\"container\" data-settings=\"{&quot;_ha_eqh_enable&quot;:false,&quot;ekit_has_onepagescroll_dot&quot;:&quot;yes&quot;}\">\n\t\t\t\t<div class=\"elementor-element elementor-element-367f867 elementor-widget elementor-widget-image\" data-id=\"367f867\" data-element_type=\"widget\" data-settings=\"{&quot;ekit_we_effect_on&quot;:&quot;none&quot;}\" data-widget_type=\"image.default\">\n\t\t\t\t<div class=\"elementor-widget-container\">\n\t\t\t\t\t\t\t\t\t\t\t\t\t<img fetchpriority=\"high\" decoding=\"async\" width=\"735\" height=\"490\" src=\"https:\/\/ambulanceflight.com\/wp-content\/uploads\/2025\/12\/Learjet-60-Aircraft-for-Sale-with-Price-2-Aircraft-Available.jpg\" class=\"attachment-large size-large wp-image-2001\" alt=\"\" srcset=\"https:\/\/ambulanceflight.com\/wp-content\/uploads\/2025\/12\/Learjet-60-Aircraft-for-Sale-with-Price-2-Aircraft-Available.jpg 735w, https:\/\/ambulanceflight.com\/wp-content\/uploads\/2025\/12\/Learjet-60-Aircraft-for-Sale-with-Price-2-Aircraft-Available-300x200.jpg 300w\" sizes=\"(max-width: 735px) 100vw, 735px\" \/>\t\t\t\t\t\t\t\t\t\t\t\t\t<\/div>\n\t\t\t\t<\/div>\n\t\t\t\t<\/div>\n\t\t<div class=\"elementor-element elementor-element-064f4d4 e-con-full e-flex e-con e-child\" data-id=\"064f4d4\" data-element_type=\"container\" data-settings=\"{&quot;_ha_eqh_enable&quot;:false,&quot;ekit_has_onepagescroll_dot&quot;:&quot;yes&quot;}\">\n\t\t<div class=\"elementor-element elementor-element-ffaebd6 e-con-full e-flex e-con e-child\" data-id=\"ffaebd6\" data-element_type=\"container\" data-settings=\"{&quot;_ha_eqh_enable&quot;:false,&quot;ekit_has_onepagescroll_dot&quot;:&quot;yes&quot;}\">\n\t\t\t\t<div class=\"elementor-element elementor-element-d4f400c elementor-widget elementor-widget-image\" data-id=\"d4f400c\" data-element_type=\"widget\" data-settings=\"{&quot;ekit_we_effect_on&quot;:&quot;none&quot;}\" data-widget_type=\"image.default\">\n\t\t\t\t<div class=\"elementor-widget-container\">\n\t\t\t\t\t\t\t\t\t\t\t\t\t<img decoding=\"async\" width=\"669\" height=\"446\" src=\"https:\/\/ambulanceflight.com\/wp-content\/uploads\/2026\/01\/WhatsApp-Image-2026-01-23-at-14.07.43.jpeg\" class=\"attachment-large size-large wp-image-2992\" alt=\"\" srcset=\"https:\/\/ambulanceflight.com\/wp-content\/uploads\/2026\/01\/WhatsApp-Image-2026-01-23-at-14.07.43.jpeg 669w, https:\/\/ambulanceflight.com\/wp-content\/uploads\/2026\/01\/WhatsApp-Image-2026-01-23-at-14.07.43-300x200.jpeg 300w\" sizes=\"(max-width: 669px) 100vw, 669px\" \/>\t\t\t\t\t\t\t\t\t\t\t\t\t<\/div>\n\t\t\t\t<\/div>\n\t\t\t\t<\/div>\n\t\t<div class=\"elementor-element elementor-element-13bb64b e-con-full e-flex e-con e-child\" data-id=\"13bb64b\" data-element_type=\"container\" data-settings=\"{&quot;_ha_eqh_enable&quot;:false,&quot;ekit_has_onepagescroll_dot&quot;:&quot;yes&quot;}\">\n\t\t\t\t<\/div>\n\t\t\t\t<\/div>\n\t\t\t\t\t<\/div>\n\t\t\t\t<\/div>\n\t\t<div class=\"elementor-element elementor-element-715f7e6 e-flex e-con-boxed e-con e-parent\" data-id=\"715f7e6\" data-element_type=\"container\" data-settings=\"{&quot;background_background&quot;:&quot;classic&quot;,&quot;_ha_eqh_enable&quot;:false,&quot;ekit_has_onepagescroll_dot&quot;:&quot;yes&quot;}\">\n\t\t\t\t\t<div class=\"e-con-inner\">\n\t\t\t\t<div class=\"elementor-element elementor-element-f27cf1f elementor-widget elementor-widget-text-editor\" data-id=\"f27cf1f\" data-element_type=\"widget\" data-settings=\"{&quot;ekit_we_effect_on&quot;:&quot;none&quot;}\" data-widget_type=\"text-editor.default\">\n\t\t\t\t<div class=\"elementor-widget-container\">\n\t\t\t\t\t\t\t<p data-path-to-node=\"0\"><b data-path-to-node=\"0\" data-index-in-node=\"4\">Learjet 60<\/b>, aeromedikal end\u00fcstrisinde en h\u0131zl\u0131 ve en y\u00fcksek u\u00e7an orta boy jetlerden biridir. &#8220;T\u0131rmanma ve koruma&#8221; performans\u0131yla bilinen bu u\u00e7ak, di\u011fer u\u00e7aklardan \u00e7ok daha h\u0131zl\u0131 y\u00fcksek irtifaya ula\u015fabiliyor ve k\u00f6t\u00fc hava ko\u015fullar\u0131 ile t\u00fcrb\u00fclans\u0131n \u00fczerinde u\u00e7abiliyor. Bu, hayati bulgahlar\u0131 veya n\u00f6rolojik sorunlar\u0131 olan hastalar i\u00e7in kritik olan, son derece p\u00fcr\u00fczs\u00fcz ve sessiz bir ortam sa\u011flar.  <\/p><p data-path-to-node=\"1\">Learjet 60, Learjet 35 veya 45&#8217;e g\u00f6re \u00e7ok daha uzun ve geni\u015f bir kabin sunar; t\u0131bbi ekip i\u00e7in daha konforlu bir \u00e7al\u0131\u015fma alan\u0131 ve e\u015flik eden aile \u00fcyeleri i\u00e7in daha iyi olanaklar sunar. H\u0131z\u0131n birincil gereksinim oldu\u011fu orta ve uzun menzilli k\u0131talararas\u0131 geri d\u00f6n\u00fc\u015fler i\u00e7in tercih edilen bir tercihtir. <\/p><p data-path-to-node=\"1\"> <\/p><h3 data-path-to-node=\"3\">T\u0131bbi Ekipman<\/h3><p data-path-to-node=\"4\">Learjet 60, <b data-path-to-node=\"4\" data-index-in-node=\"33\">son teknoloji bir u\u00e7u\u015f Yo\u011fun Bak\u0131m Birimi (ICU)<\/b> olarak donat\u0131lm\u0131\u015ft\u0131r. Artan kabin hacmi, daha geli\u015fmi\u015f t\u0131bbi konfig\u00fcrasyonlar ve u\u00e7u\u015f manevralar\u0131 s\u0131ras\u0131nda hastaya daha iyi eri\u015fim sa\u011flar. <\/p><ul data-path-to-node=\"5\"><li><p data-path-to-node=\"5,0,0\">Geli\u015fmi\u015f y\u00fcksek frekansl\u0131 ta\u015f\u0131ma ventilat\u00f6r\u00fc<\/p><\/li><li><p data-path-to-node=\"5,1,0\">Tam \u00e7oklu parametre izleme (EKG, 12-lead yetene\u011fi, SpO2, EtCO2, NIBP\/IBP)<\/p><\/li><li><p data-path-to-node=\"5,2,0\">Bifazik defibrilat\u00f6r ve harici kalp pili<\/p><\/li><li><p data-path-to-node=\"5,3,0\">Hassas \u015f\u0131r\u0131nga s\u00fcr\u00fcc\u00fcleri ve y\u00fcksek kapasiteli inf\u00fczyon pompalar\u0131<\/p><\/li><li><p data-path-to-node=\"5,4,0\">\u00c7ift devreli y\u00fcksek vakum emici \u00fcnitesi<\/p><\/li><li><p data-path-to-node=\"5,5,0\">Bak\u0131m noktas\u0131 kan gaz\u0131 analiz\u00f6r\u00fc (EPOC)<\/p><\/li><li><p data-path-to-node=\"5,6,0\">\u00d6zel acil t\u0131p ve cerrahi res\u00fcsitasyon kiti<\/p><\/li><li><p data-path-to-node=\"5,7,0\">Yenido\u011fan ta\u015f\u0131ma (Kulu\u00e7ka At\u0131) veya ECMO sistemleri i\u00e7in tam uyumluluk<\/p><\/li><li><p data-path-to-node=\"5,8,0\">B\u00fcy\u00fck \u00f6l\u00e7ekli t\u0131bbi oksijen tedariki ve \u00f6zel g\u00fc\u00e7 d\u00f6n\u00fc\u015ft\u00fcr\u00fcc\u00fcleri<\/p><\/li><\/ul><blockquote data-path-to-node=\"6\"><p data-path-to-node=\"6,0\"><i data-path-to-node=\"6,0\" data-index-in-node=\"0\">Her g\u00f6rev \u00f6zel olarak yap\u0131land\u0131r\u0131l\u0131r. Genellikle bir u\u00e7u\u015f doktoru ve bir u\u00e7u\u015f hem\u015firesi, hastan\u0131n klinik patolojisini y\u00f6netmek i\u00e7in \u00f6zel donan\u0131ml\u0131 bir t\u0131bbi ekip garanti ediyoruz. <\/i><\/p><p data-path-to-node=\"6,0\"> <\/p><\/blockquote><table data-path-to-node=\"9\"><thead><tr><td><strong>\u00d6zellik<\/strong><\/td><td><strong>Spesifikasyonu<\/strong><\/td><\/tr><\/thead><tbody><tr><td><span data-path-to-node=\"9,1,0,0\"><b data-path-to-node=\"9,1,0,0\" data-index-in-node=\"0\">Seyir<\/b><\/span><\/td><td><span data-path-to-node=\"9,1,1,0\">h\u0131z\u0131 yakla\u015f\u0131k 860 km\/s (465 kt)<\/span><\/td><\/tr><tr><td><span data-path-to-node=\"9,2,0,0\"><b data-path-to-node=\"9,2,0,0\" data-index-in-node=\"0\">Menzil<\/b><\/span><\/td><td><span data-path-to-node=\"9,2,1,0\">yakla\u015f\u0131k 4.400 km (2.400 nm)<\/span><\/td><\/tr><tr><td><span data-path-to-node=\"9,3,0,0\"><b data-path-to-node=\"9,3,0,0\" data-index-in-node=\"0\">Motorlar<\/b><\/span><\/td><td><span data-path-to-node=\"9,3,1,0\">2 x Pratt &amp; Whitney PW305A<\/span><\/td><\/tr><tr><td><span data-path-to-node=\"9,4,0,0\"><b data-path-to-node=\"9,4,0,0\" data-index-in-node=\"0\">Hizmet<\/b><\/span><\/td><td><span data-path-to-node=\"9,4,1,0\">Tavan\u0131 51.000 ft (15.545 m)<\/span><\/td><\/tr><tr><td><span data-path-to-node=\"9,5,0,0\"><b data-path-to-node=\"9,5,0,0\" data-index-in-node=\"0\">Ana Avantaj<\/b><\/span><\/td><td><span data-path-to-node=\"9,5,1,0\">\u0130nan\u0131lmaz t\u0131rmanma h\u0131z\u0131 ve y\u00fcksek irtifa h\u0131z\u0131<\/span><\/td><\/tr><\/tbody><\/table>\t\t\t\t\t\t<\/div>\n\t\t\t\t<\/div>\n\t\t\t\t\t<\/div>\n\t\t\t\t<\/div>\n\t\t\t\t<\/div>\n\t\t","protected":false},"excerpt":{"rendered":"<p>Learjet 60, aeromedikal end\u00fcstrisinde en h\u0131zl\u0131 ve en y\u00fcksek u\u00e7an orta boy jetlerden biridir. &#8220;T\u0131rmanma ve koruma&#8221; performans\u0131yla bilinen bu u\u00e7ak, di\u011fer u\u00e7aklardan \u00e7ok daha h\u0131zl\u0131 y\u00fcksek irtifaya ula\u015fabiliyor ve k\u00f6t\u00fc hava ko\u015fullar\u0131 ile t\u00fcrb\u00fclans\u0131n \u00fczerinde u\u00e7abiliyor. Bu, hayati bulgahlar\u0131 veya n\u00f6rolojik sorunlar\u0131 olan hastalar i\u00e7in kritik olan, son derece p\u00fcr\u00fczs\u00fcz ve sessiz bir ortam [&hellip;]<\/p>\n","protected":false},"author":1,"featured_media":0,"parent":1547,"menu_order":0,"comment_status":"closed","ping_status":"closed","template":"","meta":{"footnotes":""},"class_list":["post-1999","page","type-page","status-publish","hentry"],"yoast_head":"<!-- This site is optimized with the Yoast SEO plugin v27.6 - https:\/\/yoast.com\/product\/yoast-seo-wordpress\/ -->\n<title>LearJet 60 - K\u00fcresel Hava Ambulans Hizmetleri<\/title>\n<meta name=\"robots\" content=\"index, follow, max-snippet:-1, max-image-preview:large, max-video-preview:-1\" \/>\n<link rel=\"canonical\" href=\"https:\/\/ambulanceflight.com\/tr\/donanma\/orta-boy-jetler\/learjet-60\/\" \/>\n<meta property=\"og:locale\" content=\"tr_TR\" \/>\n<meta property=\"og:type\" content=\"article\" \/>\n<meta property=\"og:title\" content=\"LearJet 60 - K\u00fcresel Hava Ambulans Hizmetleri\" \/>\n<meta property=\"og:description\" content=\"Learjet 60, aeromedikal end\u00fcstrisinde en h\u0131zl\u0131 ve en y\u00fcksek u\u00e7an orta boy jetlerden biridir. &#8220;T\u0131rmanma ve koruma&#8221; performans\u0131yla bilinen bu u\u00e7ak, di\u011fer u\u00e7aklardan \u00e7ok daha h\u0131zl\u0131 y\u00fcksek irtifaya ula\u015fabiliyor ve k\u00f6t\u00fc hava ko\u015fullar\u0131 ile t\u00fcrb\u00fclans\u0131n \u00fczerinde u\u00e7abiliyor. Bu, hayati bulgahlar\u0131 veya n\u00f6rolojik sorunlar\u0131 olan hastalar i\u00e7in kritik olan, son derece p\u00fcr\u00fczs\u00fcz ve sessiz bir ortam [&hellip;]\" \/>\n<meta property=\"og:url\" content=\"https:\/\/ambulanceflight.com\/tr\/donanma\/orta-boy-jetler\/learjet-60\/\" \/>\n<meta property=\"og:site_name\" content=\"K\u00fcresel Hava Ambulans Hizmetleri\" \/>\n<meta property=\"article:modified_time\" content=\"2026-01-23T13:08:18+00:00\" \/>\n<meta property=\"og:image\" content=\"http:\/\/ambulanceflight.com\/wp-content\/uploads\/2025\/12\/Learjet-60-Aircraft-for-Sale-with-Price-2-Aircraft-Available.jpg\" \/>\n<meta name=\"twitter:card\" content=\"summary_large_image\" \/>\n<meta name=\"twitter:label1\" content=\"Tahmini okuma s\u00fcresi\" \/>\n\t<meta name=\"twitter:data1\" content=\"2 dakika\" \/>\n<script type=\"application\/ld+json\" class=\"yoast-schema-graph\">{\"@context\":\"https:\\\/\\\/schema.org\",\"@graph\":[{\"@type\":\"WebPage\",\"@id\":\"https:\\\/\\\/ambulanceflight.com\\\/tr\\\/donanma\\\/orta-boy-jetler\\\/learjet-60\\\/\",\"url\":\"https:\\\/\\\/ambulanceflight.com\\\/tr\\\/donanma\\\/orta-boy-jetler\\\/learjet-60\\\/\",\"name\":\"LearJet 60 - K\u00fcresel Hava Ambulans Hizmetleri\",\"isPartOf\":{\"@id\":\"https:\\\/\\\/ambulanceflight.com\\\/tr\\\/#website\"},\"primaryImageOfPage\":{\"@id\":\"https:\\\/\\\/ambulanceflight.com\\\/tr\\\/donanma\\\/orta-boy-jetler\\\/learjet-60\\\/#primaryimage\"},\"image\":{\"@id\":\"https:\\\/\\\/ambulanceflight.com\\\/tr\\\/donanma\\\/orta-boy-jetler\\\/learjet-60\\\/#primaryimage\"},\"thumbnailUrl\":\"http:\\\/\\\/ambulanceflight.com\\\/wp-content\\\/uploads\\\/2025\\\/12\\\/Learjet-60-Aircraft-for-Sale-with-Price-2-Aircraft-Available.jpg\",\"datePublished\":\"2025-12-31T13:02:16+00:00\",\"dateModified\":\"2026-01-23T13:08:18+00:00\",\"breadcrumb\":{\"@id\":\"https:\\\/\\\/ambulanceflight.com\\\/tr\\\/donanma\\\/orta-boy-jetler\\\/learjet-60\\\/#breadcrumb\"},\"inLanguage\":\"tr\",\"potentialAction\":[{\"@type\":\"ReadAction\",\"target\":[\"https:\\\/\\\/ambulanceflight.com\\\/tr\\\/donanma\\\/orta-boy-jetler\\\/learjet-60\\\/\"]}]},{\"@type\":\"ImageObject\",\"inLanguage\":\"tr\",\"@id\":\"https:\\\/\\\/ambulanceflight.com\\\/tr\\\/donanma\\\/orta-boy-jetler\\\/learjet-60\\\/#primaryimage\",\"url\":\"http:\\\/\\\/ambulanceflight.com\\\/wp-content\\\/uploads\\\/2025\\\/12\\\/Learjet-60-Aircraft-for-Sale-with-Price-2-Aircraft-Available.jpg\",\"contentUrl\":\"http:\\\/\\\/ambulanceflight.com\\\/wp-content\\\/uploads\\\/2025\\\/12\\\/Learjet-60-Aircraft-for-Sale-with-Price-2-Aircraft-Available.jpg\"},{\"@type\":\"BreadcrumbList\",\"@id\":\"https:\\\/\\\/ambulanceflight.com\\\/tr\\\/donanma\\\/orta-boy-jetler\\\/learjet-60\\\/#breadcrumb\",\"itemListElement\":[{\"@type\":\"ListItem\",\"position\":1,\"name\":\"Home\",\"item\":\"https:\\\/\\\/ambulanceflight.com\\\/tr\\\/\"},{\"@type\":\"ListItem\",\"position\":2,\"name\":\"Donanma\",\"item\":\"https:\\\/\\\/ambulanceflight.com\\\/tr\\\/fleet\\\/\"},{\"@type\":\"ListItem\",\"position\":3,\"name\":\"Orta boy jetler\",\"item\":\"https:\\\/\\\/ambulanceflight.com\\\/tr\\\/fleet\\\/midsize-jets\\\/\"},{\"@type\":\"ListItem\",\"position\":4,\"name\":\"LearJet 60\"}]},{\"@type\":\"WebSite\",\"@id\":\"https:\\\/\\\/ambulanceflight.com\\\/tr\\\/#website\",\"url\":\"https:\\\/\\\/ambulanceflight.com\\\/tr\\\/\",\"name\":\"K\u00fcresel Hava Ambulans Hizmetleri\",\"description\":\"D\u00fcnyan\u0131n her yerindeki hastalar i\u00e7in h\u0131zl\u0131, g\u00fcvenli ve tam donan\u0131ml\u0131 hava ambulans\u0131 transferleri.\",\"potentialAction\":[{\"@type\":\"SearchAction\",\"target\":{\"@type\":\"EntryPoint\",\"urlTemplate\":\"https:\\\/\\\/ambulanceflight.com\\\/tr\\\/?s={search_term_string}\"},\"query-input\":{\"@type\":\"PropertyValueSpecification\",\"valueRequired\":true,\"valueName\":\"search_term_string\"}}],\"inLanguage\":\"tr\"}]}<\/script>\n<!-- \/ Yoast SEO plugin. -->","yoast_head_json":{"title":"LearJet 60 - K\u00fcresel Hava Ambulans Hizmetleri","robots":{"index":"index","follow":"follow","max-snippet":"max-snippet:-1","max-image-preview":"max-image-preview:large","max-video-preview":"max-video-preview:-1"},"canonical":"https:\/\/ambulanceflight.com\/tr\/donanma\/orta-boy-jetler\/learjet-60\/","og_locale":"tr_TR","og_type":"article","og_title":"LearJet 60 - K\u00fcresel Hava Ambulans Hizmetleri","og_description":"Learjet 60, aeromedikal end\u00fcstrisinde en h\u0131zl\u0131 ve en y\u00fcksek u\u00e7an orta boy jetlerden biridir. &#8220;T\u0131rmanma ve koruma&#8221; performans\u0131yla bilinen bu u\u00e7ak, di\u011fer u\u00e7aklardan \u00e7ok daha h\u0131zl\u0131 y\u00fcksek irtifaya ula\u015fabiliyor ve k\u00f6t\u00fc hava ko\u015fullar\u0131 ile t\u00fcrb\u00fclans\u0131n \u00fczerinde u\u00e7abiliyor. Bu, hayati bulgahlar\u0131 veya n\u00f6rolojik sorunlar\u0131 olan hastalar i\u00e7in kritik olan, son derece p\u00fcr\u00fczs\u00fcz ve sessiz bir ortam [&hellip;]","og_url":"https:\/\/ambulanceflight.com\/tr\/donanma\/orta-boy-jetler\/learjet-60\/","og_site_name":"K\u00fcresel Hava Ambulans Hizmetleri","article_modified_time":"2026-01-23T13:08:18+00:00","og_image":[{"url":"http:\/\/ambulanceflight.com\/wp-content\/uploads\/2025\/12\/Learjet-60-Aircraft-for-Sale-with-Price-2-Aircraft-Available.jpg","type":"","width":"","height":""}],"twitter_card":"summary_large_image","twitter_misc":{"Tahmini okuma s\u00fcresi":"2 dakika"},"schema":{"@context":"https:\/\/schema.org","@graph":[{"@type":"WebPage","@id":"https:\/\/ambulanceflight.com\/tr\/donanma\/orta-boy-jetler\/learjet-60\/","url":"https:\/\/ambulanceflight.com\/tr\/donanma\/orta-boy-jetler\/learjet-60\/","name":"LearJet 60 - K\u00fcresel Hava Ambulans Hizmetleri","isPartOf":{"@id":"https:\/\/ambulanceflight.com\/tr\/#website"},"primaryImageOfPage":{"@id":"https:\/\/ambulanceflight.com\/tr\/donanma\/orta-boy-jetler\/learjet-60\/#primaryimage"},"image":{"@id":"https:\/\/ambulanceflight.com\/tr\/donanma\/orta-boy-jetler\/learjet-60\/#primaryimage"},"thumbnailUrl":"http:\/\/ambulanceflight.com\/wp-content\/uploads\/2025\/12\/Learjet-60-Aircraft-for-Sale-with-Price-2-Aircraft-Available.jpg","datePublished":"2025-12-31T13:02:16+00:00","dateModified":"2026-01-23T13:08:18+00:00","breadcrumb":{"@id":"https:\/\/ambulanceflight.com\/tr\/donanma\/orta-boy-jetler\/learjet-60\/#breadcrumb"},"inLanguage":"tr","potentialAction":[{"@type":"ReadAction","target":["https:\/\/ambulanceflight.com\/tr\/donanma\/orta-boy-jetler\/learjet-60\/"]}]},{"@type":"ImageObject","inLanguage":"tr","@id":"https:\/\/ambulanceflight.com\/tr\/donanma\/orta-boy-jetler\/learjet-60\/#primaryimage","url":"http:\/\/ambulanceflight.com\/wp-content\/uploads\/2025\/12\/Learjet-60-Aircraft-for-Sale-with-Price-2-Aircraft-Available.jpg","contentUrl":"http:\/\/ambulanceflight.com\/wp-content\/uploads\/2025\/12\/Learjet-60-Aircraft-for-Sale-with-Price-2-Aircraft-Available.jpg"},{"@type":"BreadcrumbList","@id":"https:\/\/ambulanceflight.com\/tr\/donanma\/orta-boy-jetler\/learjet-60\/#breadcrumb","itemListElement":[{"@type":"ListItem","position":1,"name":"Home","item":"https:\/\/ambulanceflight.com\/tr\/"},{"@type":"ListItem","position":2,"name":"Donanma","item":"https:\/\/ambulanceflight.com\/tr\/fleet\/"},{"@type":"ListItem","position":3,"name":"Orta boy jetler","item":"https:\/\/ambulanceflight.com\/tr\/fleet\/midsize-jets\/"},{"@type":"ListItem","position":4,"name":"LearJet 60"}]},{"@type":"WebSite","@id":"https:\/\/ambulanceflight.com\/tr\/#website","url":"https:\/\/ambulanceflight.com\/tr\/","name":"K\u00fcresel Hava Ambulans Hizmetleri","description":"D\u00fcnyan\u0131n her yerindeki hastalar i\u00e7in h\u0131zl\u0131, g\u00fcvenli ve tam donan\u0131ml\u0131 hava ambulans\u0131 transferleri.","potentialAction":[{"@type":"SearchAction","target":{"@type":"EntryPoint","urlTemplate":"https:\/\/ambulanceflight.com\/tr\/?s={search_term_string}"},"query-input":{"@type":"PropertyValueSpecification","valueRequired":true,"valueName":"search_term_string"}}],"inLanguage":"tr"}]}},"_links":{"self":[{"href":"https:\/\/ambulanceflight.com\/tr\/wp-json\/wp\/v2\/pages\/1999","targetHints":{"allow":["GET"]}}],"collection":[{"href":"https:\/\/ambulanceflight.com\/tr\/wp-json\/wp\/v2\/pages"}],"about":[{"href":"https:\/\/ambulanceflight.com\/tr\/wp-json\/wp\/v2\/types\/page"}],"author":[{"embeddable":true,"href":"https:\/\/ambulanceflight.com\/tr\/wp-json\/wp\/v2\/users\/1"}],"replies":[{"embeddable":true,"href":"https:\/\/ambulanceflight.com\/tr\/wp-json\/wp\/v2\/comments?post=1999"}],"version-history":[{"count":4,"href":"https:\/\/ambulanceflight.com\/tr\/wp-json\/wp\/v2\/pages\/1999\/revisions"}],"predecessor-version":[{"id":2993,"href":"https:\/\/ambulanceflight.com\/tr\/wp-json\/wp\/v2\/pages\/1999\/revisions\/2993"}],"up":[{"embeddable":true,"href":"https:\/\/ambulanceflight.com\/tr\/wp-json\/wp\/v2\/pages\/1547"}],"wp:attachment":[{"href":"https:\/\/ambulanceflight.com\/tr\/wp-json\/wp\/v2\/media?parent=1999"}],"curies":[{"name":"wp","href":"https:\/\/api.w.org\/{rel}","templated":true}]}}