{"id":1975,"date":"2025-12-31T10:42:24","date_gmt":"2025-12-31T10:42:24","guid":{"rendered":"https:\/\/ambulanceflight.com\/alinti-xls\/"},"modified":"2026-04-15T14:22:04","modified_gmt":"2026-04-15T14:22:04","slug":"alinti-xls","status":"publish","type":"page","link":"https:\/\/ambulanceflight.com\/tr\/donanma\/orta-boy-jetler\/alinti-xls\/","title":{"rendered":"Al\u0131nt\u0131 XLS"},"content":{"rendered":"\t\t<div data-elementor-type=\"wp-page\" data-elementor-id=\"1975\" class=\"elementor elementor-1975 elementor-1963\" data-elementor-settings=\"{&quot;ha_cmc_init_switcher&quot;:&quot;no&quot;}\" data-elementor-post-type=\"page\">\n\t\t\t\t<div class=\"elementor-element elementor-element-732c06c e-flex e-con-boxed e-con e-parent\" data-id=\"732c06c\" data-element_type=\"container\" data-settings=\"{&quot;_ha_eqh_enable&quot;:false,&quot;ekit_has_onepagescroll_dot&quot;:&quot;yes&quot;}\">\n\t\t\t\t\t<div class=\"e-con-inner\">\n\t\t<div class=\"elementor-element elementor-element-aebb61e e-con-full e-flex e-con e-child\" data-id=\"aebb61e\" data-element_type=\"container\" data-settings=\"{&quot;_ha_eqh_enable&quot;:false,&quot;ekit_has_onepagescroll_dot&quot;:&quot;yes&quot;}\">\n\t\t\t\t<div class=\"elementor-element elementor-element-ceda9e4 elementor-widget elementor-widget-image\" data-id=\"ceda9e4\" data-element_type=\"widget\" data-settings=\"{&quot;ekit_we_effect_on&quot;:&quot;none&quot;}\" data-widget_type=\"image.default\">\n\t\t\t\t<div class=\"elementor-widget-container\">\n\t\t\t\t\t\t\t\t\t\t\t\t\t<img fetchpriority=\"high\" decoding=\"async\" width=\"736\" height=\"588\" src=\"https:\/\/ambulanceflight.com\/wp-content\/uploads\/2025\/12\/Cessna-Citation-XLS.jpg\" class=\"attachment-large size-large wp-image-1978\" alt=\"\" srcset=\"https:\/\/ambulanceflight.com\/wp-content\/uploads\/2025\/12\/Cessna-Citation-XLS.jpg 736w, https:\/\/ambulanceflight.com\/wp-content\/uploads\/2025\/12\/Cessna-Citation-XLS-300x240.jpg 300w\" sizes=\"(max-width: 736px) 100vw, 736px\" \/>\t\t\t\t\t\t\t\t\t\t\t\t\t<\/div>\n\t\t\t\t<\/div>\n\t\t\t\t<\/div>\n\t\t<div class=\"elementor-element elementor-element-491186c e-con-full e-flex e-con e-child\" data-id=\"491186c\" data-element_type=\"container\" data-settings=\"{&quot;_ha_eqh_enable&quot;:false,&quot;ekit_has_onepagescroll_dot&quot;:&quot;yes&quot;}\">\n\t\t<div class=\"elementor-element elementor-element-dcde5f3 e-con-full e-flex e-con e-child\" data-id=\"dcde5f3\" data-element_type=\"container\" data-settings=\"{&quot;_ha_eqh_enable&quot;:false,&quot;ekit_has_onepagescroll_dot&quot;:&quot;yes&quot;}\">\n\t\t\t\t<div class=\"elementor-element elementor-element-a783b77 elementor-widget elementor-widget-image\" data-id=\"a783b77\" data-element_type=\"widget\" data-settings=\"{&quot;ekit_we_effect_on&quot;:&quot;none&quot;}\" data-widget_type=\"image.default\">\n\t\t\t\t<div class=\"elementor-widget-container\">\n\t\t\t\t\t\t\t\t\t\t\t\t\t<img decoding=\"async\" width=\"800\" height=\"531\" src=\"https:\/\/ambulanceflight.com\/wp-content\/uploads\/2026\/01\/WhatsApp-Image-2026-01-23-at-14.05.33-1024x680.jpeg\" class=\"attachment-large size-large wp-image-2983\" alt=\"\" srcset=\"https:\/\/ambulanceflight.com\/wp-content\/uploads\/2026\/01\/WhatsApp-Image-2026-01-23-at-14.05.33-1024x680.jpeg 1024w, https:\/\/ambulanceflight.com\/wp-content\/uploads\/2026\/01\/WhatsApp-Image-2026-01-23-at-14.05.33-300x199.jpeg 300w, https:\/\/ambulanceflight.com\/wp-content\/uploads\/2026\/01\/WhatsApp-Image-2026-01-23-at-14.05.33-768x510.jpeg 768w, https:\/\/ambulanceflight.com\/wp-content\/uploads\/2026\/01\/WhatsApp-Image-2026-01-23-at-14.05.33.jpeg 1200w\" sizes=\"(max-width: 800px) 100vw, 800px\" \/>\t\t\t\t\t\t\t\t\t\t\t\t\t<\/div>\n\t\t\t\t<\/div>\n\t\t\t\t<\/div>\n\t\t<div class=\"elementor-element elementor-element-ac4ba2c e-con-full e-flex e-con e-child\" data-id=\"ac4ba2c\" data-element_type=\"container\" data-settings=\"{&quot;_ha_eqh_enable&quot;:false,&quot;ekit_has_onepagescroll_dot&quot;:&quot;yes&quot;}\">\n\t\t\t\t<div class=\"elementor-element elementor-element-ca2730b elementor-widget elementor-widget-image\" data-id=\"ca2730b\" data-element_type=\"widget\" data-settings=\"{&quot;ekit_we_effect_on&quot;:&quot;none&quot;}\" data-widget_type=\"image.default\">\n\t\t\t\t<div class=\"elementor-widget-container\">\n\t\t\t\t\t\t\t\t\t\t\t\t\t<img decoding=\"async\" width=\"800\" height=\"531\" src=\"https:\/\/ambulanceflight.com\/wp-content\/uploads\/2026\/01\/WhatsApp-Image-2026-01-23-at-14.05.33-1-1024x680.jpeg\" class=\"attachment-large size-large wp-image-2984\" alt=\"\" srcset=\"https:\/\/ambulanceflight.com\/wp-content\/uploads\/2026\/01\/WhatsApp-Image-2026-01-23-at-14.05.33-1-1024x680.jpeg 1024w, https:\/\/ambulanceflight.com\/wp-content\/uploads\/2026\/01\/WhatsApp-Image-2026-01-23-at-14.05.33-1-300x199.jpeg 300w, https:\/\/ambulanceflight.com\/wp-content\/uploads\/2026\/01\/WhatsApp-Image-2026-01-23-at-14.05.33-1-768x510.jpeg 768w, https:\/\/ambulanceflight.com\/wp-content\/uploads\/2026\/01\/WhatsApp-Image-2026-01-23-at-14.05.33-1.jpeg 1200w\" sizes=\"(max-width: 800px) 100vw, 800px\" \/>\t\t\t\t\t\t\t\t\t\t\t\t\t<\/div>\n\t\t\t\t<\/div>\n\t\t\t\t<\/div>\n\t\t\t\t<\/div>\n\t\t\t\t\t<\/div>\n\t\t\t\t<\/div>\n\t\t<div class=\"elementor-element elementor-element-c2f34cc e-flex e-con-boxed e-con e-parent\" data-id=\"c2f34cc\" data-element_type=\"container\" data-settings=\"{&quot;background_background&quot;:&quot;classic&quot;,&quot;_ha_eqh_enable&quot;:false,&quot;ekit_has_onepagescroll_dot&quot;:&quot;yes&quot;}\">\n\t\t\t\t\t<div class=\"e-con-inner\">\n\t\t\t\t<div class=\"elementor-element elementor-element-89696c9 elementor-widget elementor-widget-text-editor\" data-id=\"89696c9\" data-element_type=\"widget\" data-settings=\"{&quot;ekit_we_effect_on&quot;:&quot;none&quot;}\" data-widget_type=\"text-editor.default\">\n\t\t\t\t<div class=\"elementor-widget-container\">\n\t\t\t\t\t\t\t<p data-path-to-node=\"0\"> <\/p><p data-path-to-node=\"0\"><b data-path-to-node=\"0\" data-index-in-node=\"4\">Cessna Citation XLS<\/b> (ve halefi XLS+), d\u00fcnyan\u0131n en \u00e7ok satan i\u015f jetlerinden biridir ve orta menzilli aeromedikal g\u00f6revler i\u00e7in \u00fcst d\u00fczey bir tercih olarak g\u00f6r\u00fcl\u00fcr. Hafif jetler ile b\u00fcy\u00fck kabinli u\u00e7aklar aras\u0131ndaki bo\u015flu\u011fu m\u00fckemmel \u015fekilde kapat\u0131yor. \u00d6ne \u00e7\u0131kan \u00f6zelli\u011fi, t\u0131bbi personelin k\u00fc\u00e7\u00fck jetlere k\u0131yasla \u00e7ok daha ergonomik bir kolayl\u0131kla \u00e7al\u0131\u015fmas\u0131n\u0131 sa\u011flayan &#8220;ayakta&#8221; kabin y\u00fcksekli\u011fidir; bu da karma\u015f\u0131k g\u00f6revlerde yorgunlu\u011fu \u00f6nemli \u00f6l\u00e7\u00fcde azaltmaktad\u0131r.  <\/p><p data-path-to-node=\"1\">XLS, daha k\u0131sa pistlerden \u00e7al\u0131\u015fma yetene\u011fiyle tan\u0131n\u0131rken, \u00e7ok daha b\u00fcy\u00fck bir jetin konforu ve alan\u0131 sunar. Bu da hem y\u00fcksek h\u0131zl\u0131 hem de geni\u015f t\u0131bbi ortam gerektiren acil hasta nakilleri i\u00e7in ideal hale getirir. <\/p><p data-path-to-node=\"1\"> <\/p><h3 data-path-to-node=\"3\">T\u0131bbi Ekipman<\/h3><p data-path-to-node=\"4\">Citation XLS, <b data-path-to-node=\"4\" data-index-in-node=\"36\">premium mobil Yo\u011fun Bak\u0131m \u00dcnitesi (ICU)<\/b> olarak yap\u0131land\u0131r\u0131lm\u0131\u015ft\u0131r. Geni\u015f kabin koridoru ve geni\u015f zemin alan\u0131, sedyenin kolayca y\u00fcklenmesini sa\u011flar ve t\u0131bbi ekip (doktor ve u\u00e7u\u015f hem\u015firesi) hastan\u0131n \u00fcst v\u00fccuduna 360 derece eri\u015fim sa\u011flar. <\/p><ul data-path-to-node=\"5\"><li><p data-path-to-node=\"5,0,0\">Geli\u015fmi\u015f y\u00fcksek kaliteli ta\u015f\u0131ma ventilat\u00f6r\u00fc<\/p><\/li><li><p data-path-to-node=\"5,1,0\">Kapsaml\u0131 \u00e7ok parametreli monit\u00f6r (EKG, SpO2, NIBP, EtCO2, S\u0131cakl\u0131k)<\/p><\/li><li><p data-path-to-node=\"5,2,0\">Bifazik defibrilat\u00f6r ve harici kalp pili<\/p><\/li><li><p data-path-to-node=\"5,3,0\">Hassas \u015f\u0131r\u0131nga s\u00fcr\u00fcc\u00fcleri ve hacimsel inf\u00fczyon pompalar\u0131<\/p><\/li><li><p data-path-to-node=\"5,4,0\">Y\u00fcksek performansl\u0131 ta\u015f\u0131nabilir emici \u00fcnite<\/p><\/li><li><p data-path-to-node=\"5,5,0\">Bak\u0131m noktas\u0131 kan gaz\u0131 analiz\u00f6r\u00fc (EPOC)<\/p><\/li><li><p data-path-to-node=\"5,6,0\">\u00d6zel acil t\u0131p ve reanimasyon kiti<\/p><\/li><li><p data-path-to-node=\"5,7,0\">Yenido\u011fan ta\u015f\u0131ma (Kulu\u00e7ka Makinesi) veya ECMO i\u00e7in tam kapasite<\/p><\/li><li><p data-path-to-node=\"5,8,0\">B\u00fcy\u00fck kapasiteli t\u0131bbi oksijen sistemi ve \u00f6zel elektrik g\u00fcc\u00fc<\/p><\/li><\/ul><blockquote data-path-to-node=\"6\"><p data-path-to-node=\"6,0\"><i data-path-to-node=\"6,0\" data-index-in-node=\"0\">T\u0131bbi kurulum mod\u00fcler ve her g\u00f6rev i\u00e7in \u00f6zelle\u015ftirilmi\u015ftir. Hem ekipman\u0131n hem de uzman t\u0131bbi personelin hastan\u0131n klinik ihtiya\u00e7lar\u0131na m\u00fckemmel \u015fekilde uygun olmas\u0131n\u0131 sa\u011fl\u0131yoruz. <\/i><\/p><\/blockquote><p data-path-to-node=\"6,0\"> <\/p><table data-path-to-node=\"9\"><thead><tr><td><strong>\u00d6zellik<\/strong><\/td><td><strong>Spesifikasyonu<\/strong><\/td><\/tr><\/thead><tbody><tr><td><span data-path-to-node=\"9,1,0,0\"><b data-path-to-node=\"9,1,0,0\" data-index-in-node=\"0\">Seyir<\/b><\/span><\/td><td><span data-path-to-node=\"9,1,1,0\">h\u0131z\u0131 yakla\u015f\u0131k 815 km\/s (440 kt)<\/span><\/td><\/tr><tr><td><span data-path-to-node=\"9,2,0,0\"><b data-path-to-node=\"9,2,0,0\" data-index-in-node=\"0\">Menzil<\/b><\/span><\/td><td><span data-path-to-node=\"9,2,1,0\">yakla\u015f\u0131k 3.400 km (1.850 nm)<\/span><\/td><\/tr><tr><td><span data-path-to-node=\"9,3,0,0\"><b data-path-to-node=\"9,3,0,0\" data-index-in-node=\"0\"><\/b><\/span><\/td><td><span data-path-to-node=\"9,3,1,0\">Lokomotifler 2 x Pratt &amp; Whitney PW545B<\/span><\/td><\/tr><tr><td><span data-path-to-node=\"9,4,0,0\"><b data-path-to-node=\"9,4,0,0\" data-index-in-node=\"0\">Hizmet<\/b><\/span><\/td><td><span data-path-to-node=\"9,4,1,0\">Tavan\u0131 45.000 ft (13.716 m)<\/span><\/td><\/tr><tr><td><span data-path-to-node=\"9,5,0,0\"><b data-path-to-node=\"9,5,0,0\" data-index-in-node=\"0\">Anahtar Avantaj<\/b><\/span><\/td><td><span data-path-to-node=\"9,5,1,0\">Geni\u015f ayakta kabin ve m\u00fckemmel k\u0131sa pist performans\u0131<\/span><\/td><\/tr><\/tbody><\/table>\t\t\t\t\t\t<\/div>\n\t\t\t\t<\/div>\n\t\t\t\t\t<\/div>\n\t\t\t\t<\/div>\n\t\t\t\t<\/div>\n\t\t","protected":false},"excerpt":{"rendered":"<p>Cessna Citation XLS (ve halefi XLS+), d\u00fcnyan\u0131n en \u00e7ok satan i\u015f jetlerinden biridir ve orta menzilli aeromedikal g\u00f6revler i\u00e7in \u00fcst d\u00fczey bir tercih olarak g\u00f6r\u00fcl\u00fcr. Hafif jetler ile b\u00fcy\u00fck kabinli u\u00e7aklar aras\u0131ndaki bo\u015flu\u011fu m\u00fckemmel \u015fekilde kapat\u0131yor. \u00d6ne \u00e7\u0131kan \u00f6zelli\u011fi, t\u0131bbi personelin k\u00fc\u00e7\u00fck jetlere k\u0131yasla \u00e7ok daha ergonomik bir kolayl\u0131kla \u00e7al\u0131\u015fmas\u0131n\u0131 sa\u011flayan &#8220;ayakta&#8221; kabin y\u00fcksekli\u011fidir; bu [&hellip;]<\/p>\n","protected":false},"author":1,"featured_media":0,"parent":1547,"menu_order":0,"comment_status":"closed","ping_status":"closed","template":"","meta":{"footnotes":""},"class_list":["post-1975","page","type-page","status-publish","hentry"],"yoast_head":"<!-- This site is optimized with the Yoast SEO plugin v27.6 - https:\/\/yoast.com\/product\/yoast-seo-wordpress\/ -->\n<title>Al\u0131nt\u0131 XLS - K\u00fcresel Hava Ambulans Hizmetleri<\/title>\n<meta name=\"robots\" content=\"index, follow, max-snippet:-1, max-image-preview:large, max-video-preview:-1\" \/>\n<link rel=\"canonical\" href=\"https:\/\/ambulanceflight.com\/tr\/donanma\/orta-boy-jetler\/alinti-xls\/\" \/>\n<meta property=\"og:locale\" content=\"tr_TR\" \/>\n<meta property=\"og:type\" content=\"article\" \/>\n<meta property=\"og:title\" content=\"Al\u0131nt\u0131 XLS - K\u00fcresel Hava Ambulans Hizmetleri\" \/>\n<meta property=\"og:description\" content=\"Cessna Citation XLS (ve halefi XLS+), d\u00fcnyan\u0131n en \u00e7ok satan i\u015f jetlerinden biridir ve orta menzilli aeromedikal g\u00f6revler i\u00e7in \u00fcst d\u00fczey bir tercih olarak g\u00f6r\u00fcl\u00fcr. Hafif jetler ile b\u00fcy\u00fck kabinli u\u00e7aklar aras\u0131ndaki bo\u015flu\u011fu m\u00fckemmel \u015fekilde kapat\u0131yor. \u00d6ne \u00e7\u0131kan \u00f6zelli\u011fi, t\u0131bbi personelin k\u00fc\u00e7\u00fck jetlere k\u0131yasla \u00e7ok daha ergonomik bir kolayl\u0131kla \u00e7al\u0131\u015fmas\u0131n\u0131 sa\u011flayan &#8220;ayakta&#8221; kabin y\u00fcksekli\u011fidir; bu [&hellip;]\" \/>\n<meta property=\"og:url\" content=\"https:\/\/ambulanceflight.com\/tr\/donanma\/orta-boy-jetler\/alinti-xls\/\" \/>\n<meta property=\"og:site_name\" content=\"K\u00fcresel Hava Ambulans Hizmetleri\" \/>\n<meta property=\"article:modified_time\" content=\"2026-04-15T14:22:04+00:00\" \/>\n<meta property=\"og:image\" content=\"http:\/\/ambulanceflight.com\/wp-content\/uploads\/2025\/12\/Cessna-Citation-XLS.jpg\" \/>\n<meta name=\"twitter:card\" content=\"summary_large_image\" \/>\n<meta name=\"twitter:label1\" content=\"Tahmini okuma s\u00fcresi\" \/>\n\t<meta name=\"twitter:data1\" content=\"2 dakika\" \/>\n<script type=\"application\/ld+json\" class=\"yoast-schema-graph\">{\"@context\":\"https:\\\/\\\/schema.org\",\"@graph\":[{\"@type\":\"WebPage\",\"@id\":\"https:\\\/\\\/ambulanceflight.com\\\/tr\\\/donanma\\\/orta-boy-jetler\\\/alinti-xls\\\/\",\"url\":\"https:\\\/\\\/ambulanceflight.com\\\/tr\\\/donanma\\\/orta-boy-jetler\\\/alinti-xls\\\/\",\"name\":\"Al\u0131nt\u0131 XLS - K\u00fcresel Hava Ambulans Hizmetleri\",\"isPartOf\":{\"@id\":\"https:\\\/\\\/ambulanceflight.com\\\/tr\\\/#website\"},\"primaryImageOfPage\":{\"@id\":\"https:\\\/\\\/ambulanceflight.com\\\/tr\\\/donanma\\\/orta-boy-jetler\\\/alinti-xls\\\/#primaryimage\"},\"image\":{\"@id\":\"https:\\\/\\\/ambulanceflight.com\\\/tr\\\/donanma\\\/orta-boy-jetler\\\/alinti-xls\\\/#primaryimage\"},\"thumbnailUrl\":\"http:\\\/\\\/ambulanceflight.com\\\/wp-content\\\/uploads\\\/2025\\\/12\\\/Cessna-Citation-XLS.jpg\",\"datePublished\":\"2025-12-31T10:42:24+00:00\",\"dateModified\":\"2026-04-15T14:22:04+00:00\",\"breadcrumb\":{\"@id\":\"https:\\\/\\\/ambulanceflight.com\\\/tr\\\/donanma\\\/orta-boy-jetler\\\/alinti-xls\\\/#breadcrumb\"},\"inLanguage\":\"tr\",\"potentialAction\":[{\"@type\":\"ReadAction\",\"target\":[\"https:\\\/\\\/ambulanceflight.com\\\/tr\\\/donanma\\\/orta-boy-jetler\\\/alinti-xls\\\/\"]}]},{\"@type\":\"ImageObject\",\"inLanguage\":\"tr\",\"@id\":\"https:\\\/\\\/ambulanceflight.com\\\/tr\\\/donanma\\\/orta-boy-jetler\\\/alinti-xls\\\/#primaryimage\",\"url\":\"http:\\\/\\\/ambulanceflight.com\\\/wp-content\\\/uploads\\\/2025\\\/12\\\/Cessna-Citation-XLS.jpg\",\"contentUrl\":\"http:\\\/\\\/ambulanceflight.com\\\/wp-content\\\/uploads\\\/2025\\\/12\\\/Cessna-Citation-XLS.jpg\"},{\"@type\":\"BreadcrumbList\",\"@id\":\"https:\\\/\\\/ambulanceflight.com\\\/tr\\\/donanma\\\/orta-boy-jetler\\\/alinti-xls\\\/#breadcrumb\",\"itemListElement\":[{\"@type\":\"ListItem\",\"position\":1,\"name\":\"Home\",\"item\":\"https:\\\/\\\/ambulanceflight.com\\\/tr\\\/\"},{\"@type\":\"ListItem\",\"position\":2,\"name\":\"Donanma\",\"item\":\"https:\\\/\\\/ambulanceflight.com\\\/tr\\\/fleet\\\/\"},{\"@type\":\"ListItem\",\"position\":3,\"name\":\"Orta boy jetler\",\"item\":\"https:\\\/\\\/ambulanceflight.com\\\/tr\\\/fleet\\\/midsize-jets\\\/\"},{\"@type\":\"ListItem\",\"position\":4,\"name\":\"Al\u0131nt\u0131 XLS\"}]},{\"@type\":\"WebSite\",\"@id\":\"https:\\\/\\\/ambulanceflight.com\\\/tr\\\/#website\",\"url\":\"https:\\\/\\\/ambulanceflight.com\\\/tr\\\/\",\"name\":\"K\u00fcresel Hava Ambulans Hizmetleri\",\"description\":\"D\u00fcnyan\u0131n her yerindeki hastalar i\u00e7in h\u0131zl\u0131, g\u00fcvenli ve tam donan\u0131ml\u0131 hava ambulans\u0131 transferleri.\",\"potentialAction\":[{\"@type\":\"SearchAction\",\"target\":{\"@type\":\"EntryPoint\",\"urlTemplate\":\"https:\\\/\\\/ambulanceflight.com\\\/tr\\\/?s={search_term_string}\"},\"query-input\":{\"@type\":\"PropertyValueSpecification\",\"valueRequired\":true,\"valueName\":\"search_term_string\"}}],\"inLanguage\":\"tr\"}]}<\/script>\n<!-- \/ Yoast SEO plugin. -->","yoast_head_json":{"title":"Al\u0131nt\u0131 XLS - K\u00fcresel Hava Ambulans Hizmetleri","robots":{"index":"index","follow":"follow","max-snippet":"max-snippet:-1","max-image-preview":"max-image-preview:large","max-video-preview":"max-video-preview:-1"},"canonical":"https:\/\/ambulanceflight.com\/tr\/donanma\/orta-boy-jetler\/alinti-xls\/","og_locale":"tr_TR","og_type":"article","og_title":"Al\u0131nt\u0131 XLS - K\u00fcresel Hava Ambulans Hizmetleri","og_description":"Cessna Citation XLS (ve halefi XLS+), d\u00fcnyan\u0131n en \u00e7ok satan i\u015f jetlerinden biridir ve orta menzilli aeromedikal g\u00f6revler i\u00e7in \u00fcst d\u00fczey bir tercih olarak g\u00f6r\u00fcl\u00fcr. Hafif jetler ile b\u00fcy\u00fck kabinli u\u00e7aklar aras\u0131ndaki bo\u015flu\u011fu m\u00fckemmel \u015fekilde kapat\u0131yor. \u00d6ne \u00e7\u0131kan \u00f6zelli\u011fi, t\u0131bbi personelin k\u00fc\u00e7\u00fck jetlere k\u0131yasla \u00e7ok daha ergonomik bir kolayl\u0131kla \u00e7al\u0131\u015fmas\u0131n\u0131 sa\u011flayan &#8220;ayakta&#8221; kabin y\u00fcksekli\u011fidir; bu [&hellip;]","og_url":"https:\/\/ambulanceflight.com\/tr\/donanma\/orta-boy-jetler\/alinti-xls\/","og_site_name":"K\u00fcresel Hava Ambulans Hizmetleri","article_modified_time":"2026-04-15T14:22:04+00:00","og_image":[{"url":"http:\/\/ambulanceflight.com\/wp-content\/uploads\/2025\/12\/Cessna-Citation-XLS.jpg","type":"","width":"","height":""}],"twitter_card":"summary_large_image","twitter_misc":{"Tahmini okuma s\u00fcresi":"2 dakika"},"schema":{"@context":"https:\/\/schema.org","@graph":[{"@type":"WebPage","@id":"https:\/\/ambulanceflight.com\/tr\/donanma\/orta-boy-jetler\/alinti-xls\/","url":"https:\/\/ambulanceflight.com\/tr\/donanma\/orta-boy-jetler\/alinti-xls\/","name":"Al\u0131nt\u0131 XLS - K\u00fcresel Hava Ambulans Hizmetleri","isPartOf":{"@id":"https:\/\/ambulanceflight.com\/tr\/#website"},"primaryImageOfPage":{"@id":"https:\/\/ambulanceflight.com\/tr\/donanma\/orta-boy-jetler\/alinti-xls\/#primaryimage"},"image":{"@id":"https:\/\/ambulanceflight.com\/tr\/donanma\/orta-boy-jetler\/alinti-xls\/#primaryimage"},"thumbnailUrl":"http:\/\/ambulanceflight.com\/wp-content\/uploads\/2025\/12\/Cessna-Citation-XLS.jpg","datePublished":"2025-12-31T10:42:24+00:00","dateModified":"2026-04-15T14:22:04+00:00","breadcrumb":{"@id":"https:\/\/ambulanceflight.com\/tr\/donanma\/orta-boy-jetler\/alinti-xls\/#breadcrumb"},"inLanguage":"tr","potentialAction":[{"@type":"ReadAction","target":["https:\/\/ambulanceflight.com\/tr\/donanma\/orta-boy-jetler\/alinti-xls\/"]}]},{"@type":"ImageObject","inLanguage":"tr","@id":"https:\/\/ambulanceflight.com\/tr\/donanma\/orta-boy-jetler\/alinti-xls\/#primaryimage","url":"http:\/\/ambulanceflight.com\/wp-content\/uploads\/2025\/12\/Cessna-Citation-XLS.jpg","contentUrl":"http:\/\/ambulanceflight.com\/wp-content\/uploads\/2025\/12\/Cessna-Citation-XLS.jpg"},{"@type":"BreadcrumbList","@id":"https:\/\/ambulanceflight.com\/tr\/donanma\/orta-boy-jetler\/alinti-xls\/#breadcrumb","itemListElement":[{"@type":"ListItem","position":1,"name":"Home","item":"https:\/\/ambulanceflight.com\/tr\/"},{"@type":"ListItem","position":2,"name":"Donanma","item":"https:\/\/ambulanceflight.com\/tr\/fleet\/"},{"@type":"ListItem","position":3,"name":"Orta boy jetler","item":"https:\/\/ambulanceflight.com\/tr\/fleet\/midsize-jets\/"},{"@type":"ListItem","position":4,"name":"Al\u0131nt\u0131 XLS"}]},{"@type":"WebSite","@id":"https:\/\/ambulanceflight.com\/tr\/#website","url":"https:\/\/ambulanceflight.com\/tr\/","name":"K\u00fcresel Hava Ambulans Hizmetleri","description":"D\u00fcnyan\u0131n her yerindeki hastalar i\u00e7in h\u0131zl\u0131, g\u00fcvenli ve tam donan\u0131ml\u0131 hava ambulans\u0131 transferleri.","potentialAction":[{"@type":"SearchAction","target":{"@type":"EntryPoint","urlTemplate":"https:\/\/ambulanceflight.com\/tr\/?s={search_term_string}"},"query-input":{"@type":"PropertyValueSpecification","valueRequired":true,"valueName":"search_term_string"}}],"inLanguage":"tr"}]}},"_links":{"self":[{"href":"https:\/\/ambulanceflight.com\/tr\/wp-json\/wp\/v2\/pages\/1975","targetHints":{"allow":["GET"]}}],"collection":[{"href":"https:\/\/ambulanceflight.com\/tr\/wp-json\/wp\/v2\/pages"}],"about":[{"href":"https:\/\/ambulanceflight.com\/tr\/wp-json\/wp\/v2\/types\/page"}],"author":[{"embeddable":true,"href":"https:\/\/ambulanceflight.com\/tr\/wp-json\/wp\/v2\/users\/1"}],"replies":[{"embeddable":true,"href":"https:\/\/ambulanceflight.com\/tr\/wp-json\/wp\/v2\/comments?post=1975"}],"version-history":[{"count":3,"href":"https:\/\/ambulanceflight.com\/tr\/wp-json\/wp\/v2\/pages\/1975\/revisions"}],"predecessor-version":[{"id":2985,"href":"https:\/\/ambulanceflight.com\/tr\/wp-json\/wp\/v2\/pages\/1975\/revisions\/2985"}],"up":[{"embeddable":true,"href":"https:\/\/ambulanceflight.com\/tr\/wp-json\/wp\/v2\/pages\/1547"}],"wp:attachment":[{"href":"https:\/\/ambulanceflight.com\/tr\/wp-json\/wp\/v2\/media?parent=1975"}],"curies":[{"name":"wp","href":"https:\/\/api.w.org\/{rel}","templated":true}]}}