{"id":1948,"date":"2025-12-31T10:05:03","date_gmt":"2025-12-31T10:05:03","guid":{"rendered":"https:\/\/ambulanceflight.com\/falcon-50\/"},"modified":"2026-04-15T14:22:05","modified_gmt":"2026-04-15T14:22:05","slug":"falcon-50","status":"publish","type":"page","link":"https:\/\/ambulanceflight.com\/tr\/donanma\/orta-boy-jetler\/falcon-50\/","title":{"rendered":"Falcon 50"},"content":{"rendered":"\t\t<div data-elementor-type=\"wp-page\" data-elementor-id=\"1948\" class=\"elementor elementor-1948 elementor-1940\" data-elementor-settings=\"{&quot;ha_cmc_init_switcher&quot;:&quot;no&quot;}\" data-elementor-post-type=\"page\">\n\t\t\t\t<div class=\"elementor-element elementor-element-ec0edcc e-flex e-con-boxed e-con e-parent\" data-id=\"ec0edcc\" data-element_type=\"container\" data-settings=\"{&quot;_ha_eqh_enable&quot;:false,&quot;ekit_has_onepagescroll_dot&quot;:&quot;yes&quot;}\">\n\t\t\t\t\t<div class=\"e-con-inner\">\n\t\t<div class=\"elementor-element elementor-element-b019927 e-con-full e-flex e-con e-child\" data-id=\"b019927\" data-element_type=\"container\" data-settings=\"{&quot;_ha_eqh_enable&quot;:false,&quot;ekit_has_onepagescroll_dot&quot;:&quot;yes&quot;}\">\n\t\t\t\t<div class=\"elementor-element elementor-element-e852575 elementor-widget elementor-widget-image\" data-id=\"e852575\" data-element_type=\"widget\" data-settings=\"{&quot;ekit_we_effect_on&quot;:&quot;none&quot;}\" data-widget_type=\"image.default\">\n\t\t\t\t<div class=\"elementor-widget-container\">\n\t\t\t\t\t\t\t\t\t\t\t\t\t<img fetchpriority=\"high\" decoding=\"async\" width=\"800\" height=\"352\" src=\"https:\/\/ambulanceflight.com\/wp-content\/uploads\/2025\/12\/falcon50.1-1024x451.jpg\" class=\"attachment-large size-large wp-image-1951\" alt=\"\" srcset=\"https:\/\/ambulanceflight.com\/wp-content\/uploads\/2025\/12\/falcon50.1-1024x451.jpg 1024w, https:\/\/ambulanceflight.com\/wp-content\/uploads\/2025\/12\/falcon50.1-300x132.jpg 300w, https:\/\/ambulanceflight.com\/wp-content\/uploads\/2025\/12\/falcon50.1-768x338.jpg 768w, https:\/\/ambulanceflight.com\/wp-content\/uploads\/2025\/12\/falcon50.1-1536x676.jpg 1536w, https:\/\/ambulanceflight.com\/wp-content\/uploads\/2025\/12\/falcon50.1.jpg 2000w\" sizes=\"(max-width: 800px) 100vw, 800px\" \/>\t\t\t\t\t\t\t\t\t\t\t\t\t<\/div>\n\t\t\t\t<\/div>\n\t\t\t\t<\/div>\n\t\t<div class=\"elementor-element elementor-element-c10d90d e-con-full e-flex e-con e-child\" data-id=\"c10d90d\" data-element_type=\"container\" data-settings=\"{&quot;_ha_eqh_enable&quot;:false,&quot;ekit_has_onepagescroll_dot&quot;:&quot;yes&quot;}\">\n\t\t<div class=\"elementor-element elementor-element-ffcc7cd e-con-full e-flex e-con e-child\" data-id=\"ffcc7cd\" data-element_type=\"container\" data-settings=\"{&quot;_ha_eqh_enable&quot;:false,&quot;ekit_has_onepagescroll_dot&quot;:&quot;yes&quot;}\">\n\t\t\t\t<div class=\"elementor-element elementor-element-6301663 elementor-widget elementor-widget-image\" data-id=\"6301663\" data-element_type=\"widget\" data-settings=\"{&quot;ekit_we_effect_on&quot;:&quot;none&quot;}\" data-widget_type=\"image.default\">\n\t\t\t\t<div class=\"elementor-widget-container\">\n\t\t\t\t\t\t\t\t\t\t\t\t\t<img decoding=\"async\" width=\"768\" height=\"1024\" src=\"https:\/\/ambulanceflight.com\/wp-content\/uploads\/2026\/01\/PHOTO-2026-01-23-14-02-56-768x1024.jpg\" class=\"attachment-large size-large wp-image-2973\" alt=\"\" srcset=\"https:\/\/ambulanceflight.com\/wp-content\/uploads\/2026\/01\/PHOTO-2026-01-23-14-02-56-768x1024.jpg 768w, https:\/\/ambulanceflight.com\/wp-content\/uploads\/2026\/01\/PHOTO-2026-01-23-14-02-56-225x300.jpg 225w, https:\/\/ambulanceflight.com\/wp-content\/uploads\/2026\/01\/PHOTO-2026-01-23-14-02-56-1152x1536.jpg 1152w, https:\/\/ambulanceflight.com\/wp-content\/uploads\/2026\/01\/PHOTO-2026-01-23-14-02-56.jpg 1200w\" sizes=\"(max-width: 768px) 100vw, 768px\" \/>\t\t\t\t\t\t\t\t\t\t\t\t\t<\/div>\n\t\t\t\t<\/div>\n\t\t\t\t<\/div>\n\t\t<div class=\"elementor-element elementor-element-d3f6174 e-con-full e-flex e-con e-child\" data-id=\"d3f6174\" data-element_type=\"container\" data-settings=\"{&quot;_ha_eqh_enable&quot;:false,&quot;ekit_has_onepagescroll_dot&quot;:&quot;yes&quot;}\">\n\t\t\t\t<\/div>\n\t\t\t\t<\/div>\n\t\t\t\t\t<\/div>\n\t\t\t\t<\/div>\n\t\t<div class=\"elementor-element elementor-element-27300c5 e-flex e-con-boxed e-con e-parent\" data-id=\"27300c5\" data-element_type=\"container\" data-settings=\"{&quot;background_background&quot;:&quot;classic&quot;,&quot;_ha_eqh_enable&quot;:false,&quot;ekit_has_onepagescroll_dot&quot;:&quot;yes&quot;}\">\n\t\t\t\t\t<div class=\"e-con-inner\">\n\t\t\t\t<div class=\"elementor-element elementor-element-f616be9 elementor-widget elementor-widget-text-editor\" data-id=\"f616be9\" data-element_type=\"widget\" data-settings=\"{&quot;ekit_we_effect_on&quot;:&quot;none&quot;}\" data-widget_type=\"text-editor.default\">\n\t\t\t\t<div class=\"elementor-widget-container\">\n\t\t\t\t\t\t\t<p data-path-to-node=\"0\"> <\/p><p data-path-to-node=\"0\"><b data-path-to-node=\"0\" data-index-in-node=\"4\">Dassault Falcon 50<\/b>, benzersiz <b data-path-to-node=\"0\" data-index-in-node=\"96\">\u00fc\u00e7 motorlu (trijet)<\/b> konfig\u00fcrasyonuyla kolayca tan\u0131nabilen efsanevi uzun menzilli bir t\u0131bbi jettir. Bu \u00fc\u00e7\u00fcnc\u00fc motor, \u00f6zellikle uzun su \u00fcst\u00fc u\u00e7u\u015flar veya y\u00fcksek irtifa havaalanlar\u0131ndan kalk\u0131\u015f g\u00f6revleri i\u00e7in ekstra bir g\u00fcvenlik ve performans katman\u0131 sa\u011flar. Aeromedikal d\u00fcnyas\u0131nda, Falcon 50 &#8220;a\u011f\u0131r s\u0131n\u0131f&#8221; bir \u00e7\u00f6z\u00fcmd\u00fcr; daha \u00f6nce bahsedilen hafif jetlere g\u00f6re \u00e7ok daha b\u00fcy\u00fck kabin ve daha geni\u015f menzil sunar.  <\/p><p data-path-to-node=\"1\">&#8220;Ayakta&#8221; kabini ve \u00fcst\u00fcn stabilitesi, k\u0131talararas\u0131 t\u0131bbi geri d\u00f6n\u00fc\u015fler i\u00e7in tercih edilen bir tercih haline gelmektedir. Falcon 50, daha az yak\u0131t duraklamas\u0131yla Atlantik&#8217;i ge\u00e7ebilir veya uzak k\u0131talar\u0131 birbirine ba\u011flayabilir, b\u00f6ylece hasta var\u0131\u015f noktas\u0131na m\u00fcmk\u00fcn olan en h\u0131zl\u0131 ve rahat \u015fekilde ula\u015fabilir. <\/p><p data-path-to-node=\"1\"> <\/p><h3 data-path-to-node=\"3\">T\u0131bbi Ekipman<\/h3><p> <\/p><p data-path-to-node=\"4\">Falcon 50&#8217;nin geni\u015f g\u00f6vdeli kabini, <b data-path-to-node=\"4\" data-index-in-node=\"45\">premium bir Yo\u011fun Bak\u0131m \u00dcnitesi (ICU<\/b> ) kurulumu sunuyor. Ekstra alan, uzun mesafeli u\u00e7u\u015flar i\u00e7in hayati \u00f6neme sahiptir; \u00e7\u00fcnk\u00fc t\u0131bbi ekibin hastan\u0131n etraf\u0131nda kolayca hareket etmesini ve hatta k\u00fc\u00e7\u00fck jetlere s\u0131\u011fmayan karma\u015f\u0131k ya\u015fam destek sistemlerini bar\u0131nd\u0131rmas\u0131n\u0131 sa\u011flar. <\/p><ul data-path-to-node=\"5\"><li><p data-path-to-node=\"5,0,0\">Son teknoloji yo\u011fun bak\u0131m ventilat\u00f6r\u00fc<\/p><\/li><li><p data-path-to-node=\"5,1,0\">\u0130leri \u00e7ok parametreli izleme (EKG, SpO2, EtCO2, invaziv\/invaziv olmayan kan bas\u0131nc\u0131)<\/p><\/li><li><p data-path-to-node=\"5,2,0\">Bifazik defibrilat\u00f6r ve d\u0131\u015f kalp paceri<\/p><\/li><li><p data-path-to-node=\"5,3,0\">Birden fazla y\u00fcksek hassasiyetli \u015f\u0131r\u0131nga s\u00fcr\u00fcc\u00fcs\u00fc ve inf\u00fczyon pompas\u0131<\/p><\/li><li><p data-path-to-node=\"5,4,0\">\u00c7ift devreli ta\u015f\u0131nabilir emici \u00fcnite<\/p><\/li><li><p data-path-to-node=\"5,5,0\">Bak\u0131m noktas\u0131 kan gaz\u0131 analiz\u00f6r\u00fc (EPOC)<\/p><\/li><li><p data-path-to-node=\"5,6,0\">\u00d6zel acil t\u0131p ve reanimasyon kiti<\/p><\/li><li><p data-path-to-node=\"5,7,0\">Yenido\u011fan kulu\u00e7ka makineleri veya ECMO (ya\u015fam deste\u011fi) i\u00e7in tam uyumluluk<\/p><\/li><li><p data-path-to-node=\"5,8,0\">B\u00fcy\u00fck t\u0131bbi oksijen rezervleri ve \u00f6zel yedek g\u00fc\u00e7 sistemleri<\/p><\/li><\/ul><blockquote data-path-to-node=\"6\"><p data-path-to-node=\"6,0\"><i data-path-to-node=\"6,0\" data-index-in-node=\"0\">Bu konfig\u00fcrasyon tamamen mod\u00fclerdir. G\u00f6reve ba\u011fl\u0131 olarak, uzman doktorlar ve u\u00e7u\u015f hem\u015firelerinden olu\u015fan tam bir t\u0131bbi ekiple birlikte ayn\u0131 anda bir veya iki hastay\u0131 ta\u015f\u0131yabiliyoruz. <\/i><\/p><\/blockquote><p data-path-to-node=\"6,0\"> <\/p><table data-path-to-node=\"9\"><thead><tr><td><strong>\u00d6zellik<\/strong><\/td><td><strong>Spesifikasyonu<\/strong><\/td><\/tr><\/thead><tbody><tr><td><span data-path-to-node=\"9,1,0,0\"><b data-path-to-node=\"9,1,0,0\" data-index-in-node=\"0\">Seyir<\/b><\/span><\/td><td><span data-path-to-node=\"9,1,1,0\">h\u0131z\u0131 yakla\u015f\u0131k 850 km\/s (460 kt)<\/span><\/td><\/tr><tr><td><span data-path-to-node=\"9,2,0,0\"><b data-path-to-node=\"9,2,0,0\" data-index-in-node=\"0\">Menzil<\/b><\/span><\/td><td><span data-path-to-node=\"9,2,1,0\">yakla\u015f\u0131k 5.500 km (3.000 nm)<\/span><\/td><\/tr><tr><td><span data-path-to-node=\"9,3,0,0\"><b data-path-to-node=\"9,3,0,0\" data-index-in-node=\"0\">Motorlar<\/b><\/span><\/td><td><span data-path-to-node=\"9,3,1,0\">3 x Honeywell TFE731-3<\/span><\/td><\/tr><tr><td><span data-path-to-node=\"9,4,0,0\"><b data-path-to-node=\"9,4,0,0\" data-index-in-node=\"0\">Hizmet<\/b><\/span><\/td><td><span data-path-to-node=\"9,4,1,0\">Tavan\u0131 49.000 ft (14.935 m)<\/span><\/td><\/tr><tr><td><span data-path-to-node=\"9,5,0,0\"><b data-path-to-node=\"9,5,0,0\" data-index-in-node=\"0\">Key Advantage<\/b><\/span><\/td><td><span data-path-to-node=\"9,5,1,0\">Trijet g\u00fcvenli\u011fi, uzun mesafe\/su \u00fcst\u00fc g\u00f6revler ve b\u00fcy\u00fck kabin<\/span> i\u00e7in<\/td><\/tr><\/tbody><\/table>\t\t\t\t\t\t<\/div>\n\t\t\t\t<\/div>\n\t\t\t\t\t<\/div>\n\t\t\t\t<\/div>\n\t\t\t\t<\/div>\n\t\t","protected":false},"excerpt":{"rendered":"<p>Dassault Falcon 50, benzersiz \u00fc\u00e7 motorlu (trijet) konfig\u00fcrasyonuyla kolayca tan\u0131nabilen efsanevi uzun menzilli bir t\u0131bbi jettir. Bu \u00fc\u00e7\u00fcnc\u00fc motor, \u00f6zellikle uzun su \u00fcst\u00fc u\u00e7u\u015flar veya y\u00fcksek irtifa havaalanlar\u0131ndan kalk\u0131\u015f g\u00f6revleri i\u00e7in ekstra bir g\u00fcvenlik ve performans katman\u0131 sa\u011flar. Aeromedikal d\u00fcnyas\u0131nda, Falcon 50 &#8220;a\u011f\u0131r s\u0131n\u0131f&#8221; bir \u00e7\u00f6z\u00fcmd\u00fcr; daha \u00f6nce bahsedilen hafif jetlere g\u00f6re \u00e7ok daha b\u00fcy\u00fck [&hellip;]<\/p>\n","protected":false},"author":1,"featured_media":0,"parent":1547,"menu_order":0,"comment_status":"closed","ping_status":"closed","template":"","meta":{"footnotes":""},"class_list":["post-1948","page","type-page","status-publish","hentry"],"yoast_head":"<!-- This site is optimized with the Yoast SEO plugin v27.6 - https:\/\/yoast.com\/product\/yoast-seo-wordpress\/ -->\n<title>Falcon 50 - K\u00fcresel Hava Ambulans Hizmetleri<\/title>\n<meta name=\"robots\" content=\"index, follow, max-snippet:-1, max-image-preview:large, max-video-preview:-1\" \/>\n<link rel=\"canonical\" href=\"https:\/\/ambulanceflight.com\/tr\/donanma\/orta-boy-jetler\/falcon-50\/\" \/>\n<meta property=\"og:locale\" content=\"tr_TR\" \/>\n<meta property=\"og:type\" content=\"article\" \/>\n<meta property=\"og:title\" content=\"Falcon 50 - K\u00fcresel Hava Ambulans Hizmetleri\" \/>\n<meta property=\"og:description\" content=\"Dassault Falcon 50, benzersiz \u00fc\u00e7 motorlu (trijet) konfig\u00fcrasyonuyla kolayca tan\u0131nabilen efsanevi uzun menzilli bir t\u0131bbi jettir. Bu \u00fc\u00e7\u00fcnc\u00fc motor, \u00f6zellikle uzun su \u00fcst\u00fc u\u00e7u\u015flar veya y\u00fcksek irtifa havaalanlar\u0131ndan kalk\u0131\u015f g\u00f6revleri i\u00e7in ekstra bir g\u00fcvenlik ve performans katman\u0131 sa\u011flar. Aeromedikal d\u00fcnyas\u0131nda, Falcon 50 &#8220;a\u011f\u0131r s\u0131n\u0131f&#8221; bir \u00e7\u00f6z\u00fcmd\u00fcr; daha \u00f6nce bahsedilen hafif jetlere g\u00f6re \u00e7ok daha b\u00fcy\u00fck [&hellip;]\" \/>\n<meta property=\"og:url\" content=\"https:\/\/ambulanceflight.com\/tr\/donanma\/orta-boy-jetler\/falcon-50\/\" \/>\n<meta property=\"og:site_name\" content=\"K\u00fcresel Hava Ambulans Hizmetleri\" \/>\n<meta property=\"article:modified_time\" content=\"2026-04-15T14:22:05+00:00\" \/>\n<meta property=\"og:image\" content=\"http:\/\/ambulanceflight.com\/wp-content\/uploads\/2025\/12\/falcon50.1-1024x451.jpg\" \/>\n<meta name=\"twitter:card\" content=\"summary_large_image\" \/>\n<meta name=\"twitter:label1\" content=\"Tahmini okuma s\u00fcresi\" \/>\n\t<meta name=\"twitter:data1\" content=\"2 dakika\" \/>\n<script type=\"application\/ld+json\" class=\"yoast-schema-graph\">{\"@context\":\"https:\\\/\\\/schema.org\",\"@graph\":[{\"@type\":\"WebPage\",\"@id\":\"https:\\\/\\\/ambulanceflight.com\\\/tr\\\/donanma\\\/orta-boy-jetler\\\/falcon-50\\\/\",\"url\":\"https:\\\/\\\/ambulanceflight.com\\\/tr\\\/donanma\\\/orta-boy-jetler\\\/falcon-50\\\/\",\"name\":\"Falcon 50 - K\u00fcresel Hava Ambulans Hizmetleri\",\"isPartOf\":{\"@id\":\"https:\\\/\\\/ambulanceflight.com\\\/tr\\\/#website\"},\"primaryImageOfPage\":{\"@id\":\"https:\\\/\\\/ambulanceflight.com\\\/tr\\\/donanma\\\/orta-boy-jetler\\\/falcon-50\\\/#primaryimage\"},\"image\":{\"@id\":\"https:\\\/\\\/ambulanceflight.com\\\/tr\\\/donanma\\\/orta-boy-jetler\\\/falcon-50\\\/#primaryimage\"},\"thumbnailUrl\":\"http:\\\/\\\/ambulanceflight.com\\\/wp-content\\\/uploads\\\/2025\\\/12\\\/falcon50.1-1024x451.jpg\",\"datePublished\":\"2025-12-31T10:05:03+00:00\",\"dateModified\":\"2026-04-15T14:22:05+00:00\",\"breadcrumb\":{\"@id\":\"https:\\\/\\\/ambulanceflight.com\\\/tr\\\/donanma\\\/orta-boy-jetler\\\/falcon-50\\\/#breadcrumb\"},\"inLanguage\":\"tr\",\"potentialAction\":[{\"@type\":\"ReadAction\",\"target\":[\"https:\\\/\\\/ambulanceflight.com\\\/tr\\\/donanma\\\/orta-boy-jetler\\\/falcon-50\\\/\"]}]},{\"@type\":\"ImageObject\",\"inLanguage\":\"tr\",\"@id\":\"https:\\\/\\\/ambulanceflight.com\\\/tr\\\/donanma\\\/orta-boy-jetler\\\/falcon-50\\\/#primaryimage\",\"url\":\"http:\\\/\\\/ambulanceflight.com\\\/wp-content\\\/uploads\\\/2025\\\/12\\\/falcon50.1-1024x451.jpg\",\"contentUrl\":\"http:\\\/\\\/ambulanceflight.com\\\/wp-content\\\/uploads\\\/2025\\\/12\\\/falcon50.1-1024x451.jpg\"},{\"@type\":\"BreadcrumbList\",\"@id\":\"https:\\\/\\\/ambulanceflight.com\\\/tr\\\/donanma\\\/orta-boy-jetler\\\/falcon-50\\\/#breadcrumb\",\"itemListElement\":[{\"@type\":\"ListItem\",\"position\":1,\"name\":\"Home\",\"item\":\"https:\\\/\\\/ambulanceflight.com\\\/tr\\\/\"},{\"@type\":\"ListItem\",\"position\":2,\"name\":\"Donanma\",\"item\":\"https:\\\/\\\/ambulanceflight.com\\\/tr\\\/fleet\\\/\"},{\"@type\":\"ListItem\",\"position\":3,\"name\":\"Orta boy jetler\",\"item\":\"https:\\\/\\\/ambulanceflight.com\\\/tr\\\/fleet\\\/midsize-jets\\\/\"},{\"@type\":\"ListItem\",\"position\":4,\"name\":\"Falcon 50\"}]},{\"@type\":\"WebSite\",\"@id\":\"https:\\\/\\\/ambulanceflight.com\\\/tr\\\/#website\",\"url\":\"https:\\\/\\\/ambulanceflight.com\\\/tr\\\/\",\"name\":\"K\u00fcresel Hava Ambulans Hizmetleri\",\"description\":\"D\u00fcnyan\u0131n her yerindeki hastalar i\u00e7in h\u0131zl\u0131, g\u00fcvenli ve tam donan\u0131ml\u0131 hava ambulans\u0131 transferleri.\",\"potentialAction\":[{\"@type\":\"SearchAction\",\"target\":{\"@type\":\"EntryPoint\",\"urlTemplate\":\"https:\\\/\\\/ambulanceflight.com\\\/tr\\\/?s={search_term_string}\"},\"query-input\":{\"@type\":\"PropertyValueSpecification\",\"valueRequired\":true,\"valueName\":\"search_term_string\"}}],\"inLanguage\":\"tr\"}]}<\/script>\n<!-- \/ Yoast SEO plugin. -->","yoast_head_json":{"title":"Falcon 50 - K\u00fcresel Hava Ambulans Hizmetleri","robots":{"index":"index","follow":"follow","max-snippet":"max-snippet:-1","max-image-preview":"max-image-preview:large","max-video-preview":"max-video-preview:-1"},"canonical":"https:\/\/ambulanceflight.com\/tr\/donanma\/orta-boy-jetler\/falcon-50\/","og_locale":"tr_TR","og_type":"article","og_title":"Falcon 50 - K\u00fcresel Hava Ambulans Hizmetleri","og_description":"Dassault Falcon 50, benzersiz \u00fc\u00e7 motorlu (trijet) konfig\u00fcrasyonuyla kolayca tan\u0131nabilen efsanevi uzun menzilli bir t\u0131bbi jettir. Bu \u00fc\u00e7\u00fcnc\u00fc motor, \u00f6zellikle uzun su \u00fcst\u00fc u\u00e7u\u015flar veya y\u00fcksek irtifa havaalanlar\u0131ndan kalk\u0131\u015f g\u00f6revleri i\u00e7in ekstra bir g\u00fcvenlik ve performans katman\u0131 sa\u011flar. Aeromedikal d\u00fcnyas\u0131nda, Falcon 50 &#8220;a\u011f\u0131r s\u0131n\u0131f&#8221; bir \u00e7\u00f6z\u00fcmd\u00fcr; daha \u00f6nce bahsedilen hafif jetlere g\u00f6re \u00e7ok daha b\u00fcy\u00fck [&hellip;]","og_url":"https:\/\/ambulanceflight.com\/tr\/donanma\/orta-boy-jetler\/falcon-50\/","og_site_name":"K\u00fcresel Hava Ambulans Hizmetleri","article_modified_time":"2026-04-15T14:22:05+00:00","og_image":[{"url":"http:\/\/ambulanceflight.com\/wp-content\/uploads\/2025\/12\/falcon50.1-1024x451.jpg","type":"","width":"","height":""}],"twitter_card":"summary_large_image","twitter_misc":{"Tahmini okuma s\u00fcresi":"2 dakika"},"schema":{"@context":"https:\/\/schema.org","@graph":[{"@type":"WebPage","@id":"https:\/\/ambulanceflight.com\/tr\/donanma\/orta-boy-jetler\/falcon-50\/","url":"https:\/\/ambulanceflight.com\/tr\/donanma\/orta-boy-jetler\/falcon-50\/","name":"Falcon 50 - K\u00fcresel Hava Ambulans Hizmetleri","isPartOf":{"@id":"https:\/\/ambulanceflight.com\/tr\/#website"},"primaryImageOfPage":{"@id":"https:\/\/ambulanceflight.com\/tr\/donanma\/orta-boy-jetler\/falcon-50\/#primaryimage"},"image":{"@id":"https:\/\/ambulanceflight.com\/tr\/donanma\/orta-boy-jetler\/falcon-50\/#primaryimage"},"thumbnailUrl":"http:\/\/ambulanceflight.com\/wp-content\/uploads\/2025\/12\/falcon50.1-1024x451.jpg","datePublished":"2025-12-31T10:05:03+00:00","dateModified":"2026-04-15T14:22:05+00:00","breadcrumb":{"@id":"https:\/\/ambulanceflight.com\/tr\/donanma\/orta-boy-jetler\/falcon-50\/#breadcrumb"},"inLanguage":"tr","potentialAction":[{"@type":"ReadAction","target":["https:\/\/ambulanceflight.com\/tr\/donanma\/orta-boy-jetler\/falcon-50\/"]}]},{"@type":"ImageObject","inLanguage":"tr","@id":"https:\/\/ambulanceflight.com\/tr\/donanma\/orta-boy-jetler\/falcon-50\/#primaryimage","url":"http:\/\/ambulanceflight.com\/wp-content\/uploads\/2025\/12\/falcon50.1-1024x451.jpg","contentUrl":"http:\/\/ambulanceflight.com\/wp-content\/uploads\/2025\/12\/falcon50.1-1024x451.jpg"},{"@type":"BreadcrumbList","@id":"https:\/\/ambulanceflight.com\/tr\/donanma\/orta-boy-jetler\/falcon-50\/#breadcrumb","itemListElement":[{"@type":"ListItem","position":1,"name":"Home","item":"https:\/\/ambulanceflight.com\/tr\/"},{"@type":"ListItem","position":2,"name":"Donanma","item":"https:\/\/ambulanceflight.com\/tr\/fleet\/"},{"@type":"ListItem","position":3,"name":"Orta boy jetler","item":"https:\/\/ambulanceflight.com\/tr\/fleet\/midsize-jets\/"},{"@type":"ListItem","position":4,"name":"Falcon 50"}]},{"@type":"WebSite","@id":"https:\/\/ambulanceflight.com\/tr\/#website","url":"https:\/\/ambulanceflight.com\/tr\/","name":"K\u00fcresel Hava Ambulans Hizmetleri","description":"D\u00fcnyan\u0131n her yerindeki hastalar i\u00e7in h\u0131zl\u0131, g\u00fcvenli ve tam donan\u0131ml\u0131 hava ambulans\u0131 transferleri.","potentialAction":[{"@type":"SearchAction","target":{"@type":"EntryPoint","urlTemplate":"https:\/\/ambulanceflight.com\/tr\/?s={search_term_string}"},"query-input":{"@type":"PropertyValueSpecification","valueRequired":true,"valueName":"search_term_string"}}],"inLanguage":"tr"}]}},"_links":{"self":[{"href":"https:\/\/ambulanceflight.com\/tr\/wp-json\/wp\/v2\/pages\/1948","targetHints":{"allow":["GET"]}}],"collection":[{"href":"https:\/\/ambulanceflight.com\/tr\/wp-json\/wp\/v2\/pages"}],"about":[{"href":"https:\/\/ambulanceflight.com\/tr\/wp-json\/wp\/v2\/types\/page"}],"author":[{"embeddable":true,"href":"https:\/\/ambulanceflight.com\/tr\/wp-json\/wp\/v2\/users\/1"}],"replies":[{"embeddable":true,"href":"https:\/\/ambulanceflight.com\/tr\/wp-json\/wp\/v2\/comments?post=1948"}],"version-history":[{"count":3,"href":"https:\/\/ambulanceflight.com\/tr\/wp-json\/wp\/v2\/pages\/1948\/revisions"}],"predecessor-version":[{"id":2974,"href":"https:\/\/ambulanceflight.com\/tr\/wp-json\/wp\/v2\/pages\/1948\/revisions\/2974"}],"up":[{"embeddable":true,"href":"https:\/\/ambulanceflight.com\/tr\/wp-json\/wp\/v2\/pages\/1547"}],"wp:attachment":[{"href":"https:\/\/ambulanceflight.com\/tr\/wp-json\/wp\/v2\/media?parent=1948"}],"curies":[{"name":"wp","href":"https:\/\/api.w.org\/{rel}","templated":true}]}}