{"id":1927,"date":"2025-12-31T09:55:19","date_gmt":"2025-12-31T09:55:19","guid":{"rendered":"https:\/\/ambulanceflight.com\/learjet-45\/"},"modified":"2026-01-23T12:59:21","modified_gmt":"2026-01-23T12:59:21","slug":"learjet-45","status":"publish","type":"page","link":"https:\/\/ambulanceflight.com\/tr\/donanma\/orta-boy-jetler\/learjet-45\/","title":{"rendered":"LearJet 45"},"content":{"rendered":"\t\t<div data-elementor-type=\"wp-page\" data-elementor-id=\"1927\" class=\"elementor elementor-1927 elementor-1916\" data-elementor-settings=\"{&quot;ha_cmc_init_switcher&quot;:&quot;no&quot;}\" data-elementor-post-type=\"page\">\n\t\t\t\t<div class=\"elementor-element elementor-element-c99788a e-flex e-con-boxed e-con e-parent\" data-id=\"c99788a\" data-element_type=\"container\" data-settings=\"{&quot;_ha_eqh_enable&quot;:false,&quot;ekit_has_onepagescroll_dot&quot;:&quot;yes&quot;}\">\n\t\t\t\t\t<div class=\"e-con-inner\">\n\t\t<div class=\"elementor-element elementor-element-72d52ad e-con-full e-flex e-con e-child\" data-id=\"72d52ad\" data-element_type=\"container\" data-settings=\"{&quot;_ha_eqh_enable&quot;:false,&quot;ekit_has_onepagescroll_dot&quot;:&quot;yes&quot;}\">\n\t\t\t\t<div class=\"elementor-element elementor-element-0392c31 elementor-widget elementor-widget-image\" data-id=\"0392c31\" data-element_type=\"widget\" data-settings=\"{&quot;ekit_we_effect_on&quot;:&quot;none&quot;}\" data-widget_type=\"image.default\">\n\t\t\t\t<div class=\"elementor-widget-container\">\n\t\t\t\t\t\t\t\t\t\t\t\t\t<img fetchpriority=\"high\" decoding=\"async\" width=\"800\" height=\"500\" src=\"https:\/\/ambulanceflight.com\/wp-content\/uploads\/2025\/12\/LearJet-45-Airbourne.jpg.webp\" class=\"attachment-large size-large wp-image-1928\" alt=\"\" srcset=\"https:\/\/ambulanceflight.com\/wp-content\/uploads\/2025\/12\/LearJet-45-Airbourne.jpg.webp 800w, https:\/\/ambulanceflight.com\/wp-content\/uploads\/2025\/12\/LearJet-45-Airbourne.jpg-300x188.webp 300w, https:\/\/ambulanceflight.com\/wp-content\/uploads\/2025\/12\/LearJet-45-Airbourne.jpg-768x480.webp 768w\" sizes=\"(max-width: 800px) 100vw, 800px\" \/>\t\t\t\t\t\t\t\t\t\t\t\t\t<\/div>\n\t\t\t\t<\/div>\n\t\t\t\t<\/div>\n\t\t<div class=\"elementor-element elementor-element-e7eec1c e-con-full e-flex e-con e-child\" data-id=\"e7eec1c\" data-element_type=\"container\" data-settings=\"{&quot;_ha_eqh_enable&quot;:false,&quot;ekit_has_onepagescroll_dot&quot;:&quot;yes&quot;}\">\n\t\t<div class=\"elementor-element elementor-element-bde0512 e-con-full e-flex e-con e-child\" data-id=\"bde0512\" data-element_type=\"container\" data-settings=\"{&quot;_ha_eqh_enable&quot;:false,&quot;ekit_has_onepagescroll_dot&quot;:&quot;yes&quot;}\">\n\t\t\t\t<div class=\"elementor-element elementor-element-ed565ad elementor-widget elementor-widget-image\" data-id=\"ed565ad\" data-element_type=\"widget\" data-settings=\"{&quot;ekit_we_effect_on&quot;:&quot;none&quot;}\" data-widget_type=\"image.default\">\n\t\t\t\t<div class=\"elementor-widget-container\">\n\t\t\t\t\t\t\t\t\t\t\t\t\t<img decoding=\"async\" width=\"640\" height=\"420\" src=\"https:\/\/ambulanceflight.com\/wp-content\/uploads\/2026\/01\/studiovision-asl-220217-oomed-lrpreview-011-sv5-7916_1645553159.jpg\" class=\"attachment-large size-large wp-image-2964\" alt=\"\" srcset=\"https:\/\/ambulanceflight.com\/wp-content\/uploads\/2026\/01\/studiovision-asl-220217-oomed-lrpreview-011-sv5-7916_1645553159.jpg 640w, https:\/\/ambulanceflight.com\/wp-content\/uploads\/2026\/01\/studiovision-asl-220217-oomed-lrpreview-011-sv5-7916_1645553159-300x197.jpg 300w\" sizes=\"(max-width: 640px) 100vw, 640px\" \/>\t\t\t\t\t\t\t\t\t\t\t\t\t<\/div>\n\t\t\t\t<\/div>\n\t\t\t\t<\/div>\n\t\t<div class=\"elementor-element elementor-element-d3f524b e-con-full e-flex e-con e-child\" data-id=\"d3f524b\" data-element_type=\"container\" data-settings=\"{&quot;_ha_eqh_enable&quot;:false,&quot;ekit_has_onepagescroll_dot&quot;:&quot;yes&quot;}\">\n\t\t\t\t<div class=\"elementor-element elementor-element-1795981 elementor-widget elementor-widget-image\" data-id=\"1795981\" data-element_type=\"widget\" data-settings=\"{&quot;ekit_we_effect_on&quot;:&quot;none&quot;}\" data-widget_type=\"image.default\">\n\t\t\t\t<div class=\"elementor-widget-container\">\n\t\t\t\t\t\t\t\t\t\t\t\t\t<img decoding=\"async\" width=\"450\" height=\"350\" src=\"https:\/\/ambulanceflight.com\/wp-content\/uploads\/2026\/01\/PHOTO-2026-01-23-13-58-27.jpg\" class=\"attachment-large size-large wp-image-2965\" alt=\"\" srcset=\"https:\/\/ambulanceflight.com\/wp-content\/uploads\/2026\/01\/PHOTO-2026-01-23-13-58-27.jpg 450w, https:\/\/ambulanceflight.com\/wp-content\/uploads\/2026\/01\/PHOTO-2026-01-23-13-58-27-300x233.jpg 300w\" sizes=\"(max-width: 450px) 100vw, 450px\" \/>\t\t\t\t\t\t\t\t\t\t\t\t\t<\/div>\n\t\t\t\t<\/div>\n\t\t\t\t<\/div>\n\t\t\t\t<\/div>\n\t\t\t\t\t<\/div>\n\t\t\t\t<\/div>\n\t\t<div class=\"elementor-element elementor-element-5e725d4 e-flex e-con-boxed e-con e-parent\" data-id=\"5e725d4\" data-element_type=\"container\" data-settings=\"{&quot;background_background&quot;:&quot;classic&quot;,&quot;_ha_eqh_enable&quot;:false,&quot;ekit_has_onepagescroll_dot&quot;:&quot;yes&quot;}\">\n\t\t\t\t\t<div class=\"e-con-inner\">\n\t\t\t\t<div class=\"elementor-element elementor-element-ac9c2be elementor-widget elementor-widget-text-editor\" data-id=\"ac9c2be\" data-element_type=\"widget\" data-settings=\"{&quot;ekit_we_effect_on&quot;:&quot;none&quot;}\" data-widget_type=\"text-editor.default\">\n\t\t\t\t<div class=\"elementor-widget-container\">\n\t\t\t\t\t\t\t<p> <\/p><p data-path-to-node=\"0\"><b data-path-to-node=\"0\" data-index-in-node=\"4\">Learjet 45<\/b>, s\u00fcper hafif jet kategorisinde \u00f6ne \u00e7\u0131kan bir model; y\u00fcksek h\u0131zl\u0131 performans ile Learjet 35 gibi seleflerine k\u0131yasla olduk\u00e7a daha b\u00fcy\u00fck bir kabin kar\u0131\u015f\u0131m\u0131 sunuyor. Bu, Learjet ailesindeki ilk &#8220;temiz sayfa&#8221; tasar\u0131m\u0131yd\u0131 ve uzun menzilli uluslararas\u0131 t\u0131bbi tahliyelerde s\u0131k\u00e7a kullan\u0131lan son derece g\u00fcvenilir bir u\u00e7ak ortaya \u00e7\u0131kard\u0131. <\/p><p data-path-to-node=\"1\">Learjet 45, \u00e7o\u011fu ticari hava trafi\u011fi ve k\u00f6t\u00fc hava ko\u015fullar\u0131 \u00fczerinde u\u00e7abilme yetene\u011fi nedeniyle de\u011ferli g\u00f6r\u00fcl\u00fcr; bu da p\u00fcr\u00fczs\u00fcz ve istikrarl\u0131 bir ortam sa\u011flar. Artan kabin geni\u015fli\u011fi ve y\u00fcksekli\u011fi, t\u0131bbi ekibin \u00e7al\u0131\u015fma alan\u0131 i\u00e7in daha fazla alan sa\u011flar ve bu da onu kritik hasta veya yaral\u0131 hastalar\u0131n uzun mesafelere ta\u015f\u0131mas\u0131nda en konforlu ve verimli se\u00e7eneklerden biri haline getirir. <\/p><h3 data-path-to-node=\"3\"> <\/h3><h3 data-path-to-node=\"3\">T\u0131bbi Ekipman<\/h3><p data-path-to-node=\"4\">Learjet 45, <b data-path-to-node=\"4\" data-index-in-node=\"37\">y\u00fcksek performansl\u0131 u\u00e7an yo\u011fun bak\u0131m \u00fcnitesine<\/b> d\u00f6n\u00fc\u015ft\u00fcr\u00fcl\u00fcr. U\u00e7a\u011f\u0131n geli\u015fmi\u015f elektrik sistemleri ve geni\u015f i\u00e7 mekan\u0131, en son t\u0131bbi teknolojilerin entegrasyonunu sa\u011flar; bu ekip u\u00e7u\u015f doktorlar\u0131 ve hem\u015firelerden olu\u015fan uzman bir ekip taraf\u0131ndan y\u00f6netilir. <\/p><ul data-path-to-node=\"5\"><li><p data-path-to-node=\"5,0,0\">\u0130leri yo\u011fun bak\u0131m ventilat\u00f6r\u00fc (Aero-sertifikal\u0131)<\/p><\/li><li><p data-path-to-node=\"5,1,0\">\u00c7ok parametreli izleme (EKG, SpO2, IBP\/NIBP, EtCO2, S\u0131cakl\u0131k)<\/p><\/li><li><p data-path-to-node=\"5,2,0\">Bifazik defibrilat\u00f6r ve harici pacer<\/p><\/li><li><p data-path-to-node=\"5,3,0\">Y\u00fcksek hassasiyetli hacimsel inf\u00fczyon pompalar\u0131 ve \u015f\u0131r\u0131nga s\u00fcr\u00fcc\u00fcleri<\/p><\/li><li><p data-path-to-node=\"5,4,0\">A\u011f\u0131r hizmet ta\u015f\u0131nabilir emici \u00fcnitesi<\/p><\/li><li><p data-path-to-node=\"5,5,0\">Bak\u0131m noktas\u0131 kan gaz\u0131 analiz\u00f6r\u00fc (EPOC)<\/p><\/li><li><p data-path-to-node=\"5,6,0\">Kapsaml\u0131 acil durum ve res\u00fcsitasyon kiti<\/p><\/li><li><p data-path-to-node=\"5,7,0\">Yenido\u011fan ta\u015f\u0131ma kulu\u00e7ka makinesi veya ECMO sistemleri i\u00e7in destek<\/p><\/li><li><p data-path-to-node=\"5,8,0\">B\u00fcy\u00fck kapasiteli t\u0131bbi oksijen kayna\u011f\u0131 ve \u00f6zel g\u00fc\u00e7 yedek<\/p><\/li><\/ul><blockquote data-path-to-node=\"6\"><p data-path-to-node=\"6,0\"><i data-path-to-node=\"6,0\" data-index-in-node=\"0\">Bu ekipman standart bir t\u0131bbi kurulumu temsil eder. Her g\u00f6rev, hastan\u0131n klinik gereksinimlerini kar\u015f\u0131lamak i\u00e7in \u00f6zel olarak se\u00e7ilmi\u015f bir t\u0131bbi ekiple \u00f6zelle\u015ftirilir. <\/i><\/p><p data-path-to-node=\"6,0\"> <\/p><\/blockquote><table data-path-to-node=\"9\"><thead><tr><td><strong>\u00d6zellik<\/strong><\/td><td><strong>Spesifikasyonu<\/strong><\/td><\/tr><\/thead><tbody><tr><td><span data-path-to-node=\"9,1,0,0\"><b data-path-to-node=\"9,1,0,0\" data-index-in-node=\"0\">Seyir<\/b><\/span><\/td><td><span data-path-to-node=\"9,1,1,0\">h\u0131z\u0131 yakla\u015f\u0131k 850 km\/s (460 kt)<\/span><\/td><\/tr><tr><td><span data-path-to-node=\"9,2,0,0\"><b data-path-to-node=\"9,2,0,0\" data-index-in-node=\"0\">Menzil<\/b><\/span><\/td><td><span data-path-to-node=\"9,2,1,0\">yakla\u015f\u0131k 3.600 km (1.950 nm)<\/span><\/td><\/tr><tr><td><span data-path-to-node=\"9,3,0,0\"><b data-path-to-node=\"9,3,0,0\" data-index-in-node=\"0\">Motorlar<\/b><\/span><\/td><td><span data-path-to-node=\"9,3,1,0\">2 x Honeywell TFE731-20<\/span><\/td><\/tr><tr><td><span data-path-to-node=\"9,4,0,0\"><b data-path-to-node=\"9,4,0,0\" data-index-in-node=\"0\">Hizmet<\/b><\/span><\/td><td><span data-path-to-node=\"9,4,1,0\">Tavan\u0131 51.000 ft (15.545 m)<\/span><\/td><\/tr><tr><td><span data-path-to-node=\"9,5,0,0\"><b data-path-to-node=\"9,5,0,0\" data-index-in-node=\"0\">Key Advantage<\/b><\/span><\/td><td><span data-path-to-node=\"9,5,1,0\">High servis tavan\u0131 (daha ak\u0131c\u0131 u\u00e7u\u015f) ve geni\u015f bir &#8220;\u00c7ift Kul\u00fcp&#8221; kabin<\/span><\/td><\/tr><\/tbody><\/table>\t\t\t\t\t\t<\/div>\n\t\t\t\t<\/div>\n\t\t\t\t\t<\/div>\n\t\t\t\t<\/div>\n\t\t\t\t<\/div>\n\t\t","protected":false},"excerpt":{"rendered":"<p>Learjet 45, s\u00fcper hafif jet kategorisinde \u00f6ne \u00e7\u0131kan bir model; y\u00fcksek h\u0131zl\u0131 performans ile Learjet 35 gibi seleflerine k\u0131yasla olduk\u00e7a daha b\u00fcy\u00fck bir kabin kar\u0131\u015f\u0131m\u0131 sunuyor. Bu, Learjet ailesindeki ilk &#8220;temiz sayfa&#8221; tasar\u0131m\u0131yd\u0131 ve uzun menzilli uluslararas\u0131 t\u0131bbi tahliyelerde s\u0131k\u00e7a kullan\u0131lan son derece g\u00fcvenilir bir u\u00e7ak ortaya \u00e7\u0131kard\u0131. Learjet 45, \u00e7o\u011fu ticari hava trafi\u011fi ve [&hellip;]<\/p>\n","protected":false},"author":1,"featured_media":0,"parent":1547,"menu_order":0,"comment_status":"closed","ping_status":"closed","template":"","meta":{"footnotes":""},"class_list":["post-1927","page","type-page","status-publish","hentry"],"yoast_head":"<!-- This site is optimized with the Yoast SEO plugin v27.6 - https:\/\/yoast.com\/product\/yoast-seo-wordpress\/ -->\n<title>LearJet 45 - K\u00fcresel Hava Ambulans Hizmetleri<\/title>\n<meta name=\"robots\" content=\"index, follow, max-snippet:-1, max-image-preview:large, max-video-preview:-1\" \/>\n<link rel=\"canonical\" href=\"https:\/\/ambulanceflight.com\/tr\/donanma\/orta-boy-jetler\/learjet-45\/\" \/>\n<meta property=\"og:locale\" content=\"tr_TR\" \/>\n<meta property=\"og:type\" content=\"article\" \/>\n<meta property=\"og:title\" content=\"LearJet 45 - K\u00fcresel Hava Ambulans Hizmetleri\" \/>\n<meta property=\"og:description\" content=\"Learjet 45, s\u00fcper hafif jet kategorisinde \u00f6ne \u00e7\u0131kan bir model; y\u00fcksek h\u0131zl\u0131 performans ile Learjet 35 gibi seleflerine k\u0131yasla olduk\u00e7a daha b\u00fcy\u00fck bir kabin kar\u0131\u015f\u0131m\u0131 sunuyor. Bu, Learjet ailesindeki ilk &#8220;temiz sayfa&#8221; tasar\u0131m\u0131yd\u0131 ve uzun menzilli uluslararas\u0131 t\u0131bbi tahliyelerde s\u0131k\u00e7a kullan\u0131lan son derece g\u00fcvenilir bir u\u00e7ak ortaya \u00e7\u0131kard\u0131. Learjet 45, \u00e7o\u011fu ticari hava trafi\u011fi ve [&hellip;]\" \/>\n<meta property=\"og:url\" content=\"https:\/\/ambulanceflight.com\/tr\/donanma\/orta-boy-jetler\/learjet-45\/\" \/>\n<meta property=\"og:site_name\" content=\"K\u00fcresel Hava Ambulans Hizmetleri\" \/>\n<meta property=\"article:modified_time\" content=\"2026-01-23T12:59:21+00:00\" \/>\n<meta property=\"og:image\" content=\"http:\/\/ambulanceflight.com\/wp-content\/uploads\/2025\/12\/LearJet-45-Airbourne.jpg.webp\" \/>\n<meta name=\"twitter:card\" content=\"summary_large_image\" \/>\n<meta name=\"twitter:label1\" content=\"Tahmini okuma s\u00fcresi\" \/>\n\t<meta name=\"twitter:data1\" content=\"2 dakika\" \/>\n<script type=\"application\/ld+json\" class=\"yoast-schema-graph\">{\"@context\":\"https:\\\/\\\/schema.org\",\"@graph\":[{\"@type\":\"WebPage\",\"@id\":\"https:\\\/\\\/ambulanceflight.com\\\/tr\\\/donanma\\\/orta-boy-jetler\\\/learjet-45\\\/\",\"url\":\"https:\\\/\\\/ambulanceflight.com\\\/tr\\\/donanma\\\/orta-boy-jetler\\\/learjet-45\\\/\",\"name\":\"LearJet 45 - K\u00fcresel Hava Ambulans Hizmetleri\",\"isPartOf\":{\"@id\":\"https:\\\/\\\/ambulanceflight.com\\\/tr\\\/#website\"},\"primaryImageOfPage\":{\"@id\":\"https:\\\/\\\/ambulanceflight.com\\\/tr\\\/donanma\\\/orta-boy-jetler\\\/learjet-45\\\/#primaryimage\"},\"image\":{\"@id\":\"https:\\\/\\\/ambulanceflight.com\\\/tr\\\/donanma\\\/orta-boy-jetler\\\/learjet-45\\\/#primaryimage\"},\"thumbnailUrl\":\"http:\\\/\\\/ambulanceflight.com\\\/wp-content\\\/uploads\\\/2025\\\/12\\\/LearJet-45-Airbourne.jpg.webp\",\"datePublished\":\"2025-12-31T09:55:19+00:00\",\"dateModified\":\"2026-01-23T12:59:21+00:00\",\"breadcrumb\":{\"@id\":\"https:\\\/\\\/ambulanceflight.com\\\/tr\\\/donanma\\\/orta-boy-jetler\\\/learjet-45\\\/#breadcrumb\"},\"inLanguage\":\"tr\",\"potentialAction\":[{\"@type\":\"ReadAction\",\"target\":[\"https:\\\/\\\/ambulanceflight.com\\\/tr\\\/donanma\\\/orta-boy-jetler\\\/learjet-45\\\/\"]}]},{\"@type\":\"ImageObject\",\"inLanguage\":\"tr\",\"@id\":\"https:\\\/\\\/ambulanceflight.com\\\/tr\\\/donanma\\\/orta-boy-jetler\\\/learjet-45\\\/#primaryimage\",\"url\":\"http:\\\/\\\/ambulanceflight.com\\\/wp-content\\\/uploads\\\/2025\\\/12\\\/LearJet-45-Airbourne.jpg.webp\",\"contentUrl\":\"http:\\\/\\\/ambulanceflight.com\\\/wp-content\\\/uploads\\\/2025\\\/12\\\/LearJet-45-Airbourne.jpg.webp\"},{\"@type\":\"BreadcrumbList\",\"@id\":\"https:\\\/\\\/ambulanceflight.com\\\/tr\\\/donanma\\\/orta-boy-jetler\\\/learjet-45\\\/#breadcrumb\",\"itemListElement\":[{\"@type\":\"ListItem\",\"position\":1,\"name\":\"Home\",\"item\":\"https:\\\/\\\/ambulanceflight.com\\\/tr\\\/\"},{\"@type\":\"ListItem\",\"position\":2,\"name\":\"Donanma\",\"item\":\"https:\\\/\\\/ambulanceflight.com\\\/tr\\\/fleet\\\/\"},{\"@type\":\"ListItem\",\"position\":3,\"name\":\"Orta boy jetler\",\"item\":\"https:\\\/\\\/ambulanceflight.com\\\/tr\\\/fleet\\\/midsize-jets\\\/\"},{\"@type\":\"ListItem\",\"position\":4,\"name\":\"LearJet 45\"}]},{\"@type\":\"WebSite\",\"@id\":\"https:\\\/\\\/ambulanceflight.com\\\/tr\\\/#website\",\"url\":\"https:\\\/\\\/ambulanceflight.com\\\/tr\\\/\",\"name\":\"K\u00fcresel Hava Ambulans Hizmetleri\",\"description\":\"D\u00fcnyan\u0131n her yerindeki hastalar i\u00e7in h\u0131zl\u0131, g\u00fcvenli ve tam donan\u0131ml\u0131 hava ambulans\u0131 transferleri.\",\"potentialAction\":[{\"@type\":\"SearchAction\",\"target\":{\"@type\":\"EntryPoint\",\"urlTemplate\":\"https:\\\/\\\/ambulanceflight.com\\\/tr\\\/?s={search_term_string}\"},\"query-input\":{\"@type\":\"PropertyValueSpecification\",\"valueRequired\":true,\"valueName\":\"search_term_string\"}}],\"inLanguage\":\"tr\"}]}<\/script>\n<!-- \/ Yoast SEO plugin. -->","yoast_head_json":{"title":"LearJet 45 - K\u00fcresel Hava Ambulans Hizmetleri","robots":{"index":"index","follow":"follow","max-snippet":"max-snippet:-1","max-image-preview":"max-image-preview:large","max-video-preview":"max-video-preview:-1"},"canonical":"https:\/\/ambulanceflight.com\/tr\/donanma\/orta-boy-jetler\/learjet-45\/","og_locale":"tr_TR","og_type":"article","og_title":"LearJet 45 - K\u00fcresel Hava Ambulans Hizmetleri","og_description":"Learjet 45, s\u00fcper hafif jet kategorisinde \u00f6ne \u00e7\u0131kan bir model; y\u00fcksek h\u0131zl\u0131 performans ile Learjet 35 gibi seleflerine k\u0131yasla olduk\u00e7a daha b\u00fcy\u00fck bir kabin kar\u0131\u015f\u0131m\u0131 sunuyor. Bu, Learjet ailesindeki ilk &#8220;temiz sayfa&#8221; tasar\u0131m\u0131yd\u0131 ve uzun menzilli uluslararas\u0131 t\u0131bbi tahliyelerde s\u0131k\u00e7a kullan\u0131lan son derece g\u00fcvenilir bir u\u00e7ak ortaya \u00e7\u0131kard\u0131. Learjet 45, \u00e7o\u011fu ticari hava trafi\u011fi ve [&hellip;]","og_url":"https:\/\/ambulanceflight.com\/tr\/donanma\/orta-boy-jetler\/learjet-45\/","og_site_name":"K\u00fcresel Hava Ambulans Hizmetleri","article_modified_time":"2026-01-23T12:59:21+00:00","og_image":[{"url":"http:\/\/ambulanceflight.com\/wp-content\/uploads\/2025\/12\/LearJet-45-Airbourne.jpg.webp","type":"","width":"","height":""}],"twitter_card":"summary_large_image","twitter_misc":{"Tahmini okuma s\u00fcresi":"2 dakika"},"schema":{"@context":"https:\/\/schema.org","@graph":[{"@type":"WebPage","@id":"https:\/\/ambulanceflight.com\/tr\/donanma\/orta-boy-jetler\/learjet-45\/","url":"https:\/\/ambulanceflight.com\/tr\/donanma\/orta-boy-jetler\/learjet-45\/","name":"LearJet 45 - K\u00fcresel Hava Ambulans Hizmetleri","isPartOf":{"@id":"https:\/\/ambulanceflight.com\/tr\/#website"},"primaryImageOfPage":{"@id":"https:\/\/ambulanceflight.com\/tr\/donanma\/orta-boy-jetler\/learjet-45\/#primaryimage"},"image":{"@id":"https:\/\/ambulanceflight.com\/tr\/donanma\/orta-boy-jetler\/learjet-45\/#primaryimage"},"thumbnailUrl":"http:\/\/ambulanceflight.com\/wp-content\/uploads\/2025\/12\/LearJet-45-Airbourne.jpg.webp","datePublished":"2025-12-31T09:55:19+00:00","dateModified":"2026-01-23T12:59:21+00:00","breadcrumb":{"@id":"https:\/\/ambulanceflight.com\/tr\/donanma\/orta-boy-jetler\/learjet-45\/#breadcrumb"},"inLanguage":"tr","potentialAction":[{"@type":"ReadAction","target":["https:\/\/ambulanceflight.com\/tr\/donanma\/orta-boy-jetler\/learjet-45\/"]}]},{"@type":"ImageObject","inLanguage":"tr","@id":"https:\/\/ambulanceflight.com\/tr\/donanma\/orta-boy-jetler\/learjet-45\/#primaryimage","url":"http:\/\/ambulanceflight.com\/wp-content\/uploads\/2025\/12\/LearJet-45-Airbourne.jpg.webp","contentUrl":"http:\/\/ambulanceflight.com\/wp-content\/uploads\/2025\/12\/LearJet-45-Airbourne.jpg.webp"},{"@type":"BreadcrumbList","@id":"https:\/\/ambulanceflight.com\/tr\/donanma\/orta-boy-jetler\/learjet-45\/#breadcrumb","itemListElement":[{"@type":"ListItem","position":1,"name":"Home","item":"https:\/\/ambulanceflight.com\/tr\/"},{"@type":"ListItem","position":2,"name":"Donanma","item":"https:\/\/ambulanceflight.com\/tr\/fleet\/"},{"@type":"ListItem","position":3,"name":"Orta boy jetler","item":"https:\/\/ambulanceflight.com\/tr\/fleet\/midsize-jets\/"},{"@type":"ListItem","position":4,"name":"LearJet 45"}]},{"@type":"WebSite","@id":"https:\/\/ambulanceflight.com\/tr\/#website","url":"https:\/\/ambulanceflight.com\/tr\/","name":"K\u00fcresel Hava Ambulans Hizmetleri","description":"D\u00fcnyan\u0131n her yerindeki hastalar i\u00e7in h\u0131zl\u0131, g\u00fcvenli ve tam donan\u0131ml\u0131 hava ambulans\u0131 transferleri.","potentialAction":[{"@type":"SearchAction","target":{"@type":"EntryPoint","urlTemplate":"https:\/\/ambulanceflight.com\/tr\/?s={search_term_string}"},"query-input":{"@type":"PropertyValueSpecification","valueRequired":true,"valueName":"search_term_string"}}],"inLanguage":"tr"}]}},"_links":{"self":[{"href":"https:\/\/ambulanceflight.com\/tr\/wp-json\/wp\/v2\/pages\/1927","targetHints":{"allow":["GET"]}}],"collection":[{"href":"https:\/\/ambulanceflight.com\/tr\/wp-json\/wp\/v2\/pages"}],"about":[{"href":"https:\/\/ambulanceflight.com\/tr\/wp-json\/wp\/v2\/types\/page"}],"author":[{"embeddable":true,"href":"https:\/\/ambulanceflight.com\/tr\/wp-json\/wp\/v2\/users\/1"}],"replies":[{"embeddable":true,"href":"https:\/\/ambulanceflight.com\/tr\/wp-json\/wp\/v2\/comments?post=1927"}],"version-history":[{"count":3,"href":"https:\/\/ambulanceflight.com\/tr\/wp-json\/wp\/v2\/pages\/1927\/revisions"}],"predecessor-version":[{"id":2966,"href":"https:\/\/ambulanceflight.com\/tr\/wp-json\/wp\/v2\/pages\/1927\/revisions\/2966"}],"up":[{"embeddable":true,"href":"https:\/\/ambulanceflight.com\/tr\/wp-json\/wp\/v2\/pages\/1547"}],"wp:attachment":[{"href":"https:\/\/ambulanceflight.com\/tr\/wp-json\/wp\/v2\/media?parent=1927"}],"curies":[{"name":"wp","href":"https:\/\/api.w.org\/{rel}","templated":true}]}}