{"id":1905,"date":"2025-12-31T09:48:20","date_gmt":"2025-12-31T09:48:20","guid":{"rendered":"https:\/\/ambulanceflight.com\/alinti-cj3\/"},"modified":"2026-04-15T14:22:03","modified_gmt":"2026-04-15T14:22:03","slug":"alinti-cj3","status":"publish","type":"page","link":"https:\/\/ambulanceflight.com\/tr\/donanma\/hafif-jetler\/alinti-cj3\/","title":{"rendered":"Al\u0131nt\u0131 CJ3"},"content":{"rendered":"\t\t<div data-elementor-type=\"wp-page\" data-elementor-id=\"1905\" class=\"elementor elementor-1905 elementor-1894\" data-elementor-settings=\"{&quot;ha_cmc_init_switcher&quot;:&quot;no&quot;}\" data-elementor-post-type=\"page\">\n\t\t\t\t<div class=\"elementor-element elementor-element-bee6586 e-flex e-con-boxed e-con e-parent\" data-id=\"bee6586\" data-element_type=\"container\" data-settings=\"{&quot;_ha_eqh_enable&quot;:false,&quot;ekit_has_onepagescroll_dot&quot;:&quot;yes&quot;}\">\n\t\t\t\t\t<div class=\"e-con-inner\">\n\t\t<div class=\"elementor-element elementor-element-3241271 e-con-full e-flex e-con e-child\" data-id=\"3241271\" data-element_type=\"container\" data-settings=\"{&quot;_ha_eqh_enable&quot;:false,&quot;ekit_has_onepagescroll_dot&quot;:&quot;yes&quot;}\">\n\t\t\t\t<div class=\"elementor-element elementor-element-b312378 elementor-widget elementor-widget-image\" data-id=\"b312378\" data-element_type=\"widget\" data-settings=\"{&quot;ekit_we_effect_on&quot;:&quot;none&quot;}\" data-widget_type=\"image.default\">\n\t\t\t\t<div class=\"elementor-widget-container\">\n\t\t\t\t\t\t\t\t\t\t\t\t\t<img fetchpriority=\"high\" decoding=\"async\" width=\"800\" height=\"450\" src=\"https:\/\/ambulanceflight.com\/wp-content\/uploads\/2025\/12\/952_0_67766a41b183f_a640ddf2ada09f749ee7afbafc31709d6e0572ac.jpg\" class=\"attachment-large size-large wp-image-1906\" alt=\"\" srcset=\"https:\/\/ambulanceflight.com\/wp-content\/uploads\/2025\/12\/952_0_67766a41b183f_a640ddf2ada09f749ee7afbafc31709d6e0572ac.jpg 1000w, https:\/\/ambulanceflight.com\/wp-content\/uploads\/2025\/12\/952_0_67766a41b183f_a640ddf2ada09f749ee7afbafc31709d6e0572ac-300x169.jpg 300w, https:\/\/ambulanceflight.com\/wp-content\/uploads\/2025\/12\/952_0_67766a41b183f_a640ddf2ada09f749ee7afbafc31709d6e0572ac-768x432.jpg 768w\" sizes=\"(max-width: 800px) 100vw, 800px\" \/>\t\t\t\t\t\t\t\t\t\t\t\t\t<\/div>\n\t\t\t\t<\/div>\n\t\t\t\t<\/div>\n\t\t<div class=\"elementor-element elementor-element-bd1c24a e-con-full e-flex e-con e-child\" data-id=\"bd1c24a\" data-element_type=\"container\" data-settings=\"{&quot;_ha_eqh_enable&quot;:false,&quot;ekit_has_onepagescroll_dot&quot;:&quot;yes&quot;}\">\n\t\t<div class=\"elementor-element elementor-element-b8f00b4 e-con-full e-flex e-con e-child\" data-id=\"b8f00b4\" data-element_type=\"container\" data-settings=\"{&quot;_ha_eqh_enable&quot;:false,&quot;ekit_has_onepagescroll_dot&quot;:&quot;yes&quot;}\">\n\t\t\t\t<div class=\"elementor-element elementor-element-b4f9c13 elementor-widget elementor-widget-image\" data-id=\"b4f9c13\" data-element_type=\"widget\" data-settings=\"{&quot;ekit_we_effect_on&quot;:&quot;none&quot;}\" data-widget_type=\"image.default\">\n\t\t\t\t<div class=\"elementor-widget-container\">\n\t\t\t\t\t\t\t\t\t\t\t\t\t<img decoding=\"async\" width=\"768\" height=\"1024\" src=\"https:\/\/ambulanceflight.com\/wp-content\/uploads\/2026\/01\/PHOTO-2026-01-23-13-55-32-768x1024.jpg\" class=\"attachment-large size-large wp-image-2954\" alt=\"\" srcset=\"https:\/\/ambulanceflight.com\/wp-content\/uploads\/2026\/01\/PHOTO-2026-01-23-13-55-32-768x1024.jpg 768w, https:\/\/ambulanceflight.com\/wp-content\/uploads\/2026\/01\/PHOTO-2026-01-23-13-55-32-225x300.jpg 225w, https:\/\/ambulanceflight.com\/wp-content\/uploads\/2026\/01\/PHOTO-2026-01-23-13-55-32-1152x1536.jpg 1152w, https:\/\/ambulanceflight.com\/wp-content\/uploads\/2026\/01\/PHOTO-2026-01-23-13-55-32.jpg 1200w\" sizes=\"(max-width: 768px) 100vw, 768px\" \/>\t\t\t\t\t\t\t\t\t\t\t\t\t<\/div>\n\t\t\t\t<\/div>\n\t\t\t\t<\/div>\n\t\t<div class=\"elementor-element elementor-element-6d5cb69 e-con-full e-flex e-con e-child\" data-id=\"6d5cb69\" data-element_type=\"container\" data-settings=\"{&quot;_ha_eqh_enable&quot;:false,&quot;ekit_has_onepagescroll_dot&quot;:&quot;yes&quot;}\">\n\t\t\t\t<\/div>\n\t\t\t\t<\/div>\n\t\t\t\t\t<\/div>\n\t\t\t\t<\/div>\n\t\t<div class=\"elementor-element elementor-element-989776d e-flex e-con-boxed e-con e-parent\" data-id=\"989776d\" data-element_type=\"container\" data-settings=\"{&quot;background_background&quot;:&quot;classic&quot;,&quot;_ha_eqh_enable&quot;:false,&quot;ekit_has_onepagescroll_dot&quot;:&quot;yes&quot;}\">\n\t\t\t\t\t<div class=\"e-con-inner\">\n\t\t\t\t<div class=\"elementor-element elementor-element-0c2aaaf elementor-widget elementor-widget-text-editor\" data-id=\"0c2aaaf\" data-element_type=\"widget\" data-settings=\"{&quot;ekit_we_effect_on&quot;:&quot;none&quot;}\" data-widget_type=\"text-editor.default\">\n\t\t\t\t<div class=\"elementor-widget-container\">\n\t\t\t\t\t\t\t<p data-path-to-node=\"0\"> <\/p><p data-path-to-node=\"0\"><b data-path-to-node=\"0\" data-index-in-node=\"4\">Cessna Citation CJ3<\/b>, g\u00fcn\u00fcm\u00fczde aeromedikal end\u00fcstrisinde kullan\u0131lan en modern ve verimli hafif jetlerden biridir. Citation ailesinde \u00f6nemli bir evrim olarak, seleflerine k\u0131yasla daha uzun kabin ve \u00fcst\u00fcn menzil sunar. G\u00fcvenilirli\u011fi ve y\u00fcksek irtifaya h\u0131zl\u0131ca t\u0131rmanabilme yetene\u011fi nedeniyle y\u00fcksek takdir edilir; bu da ticari trafik ve t\u00fcrb\u00fclans ko\u015fullar\u0131n\u0131n \u00fczerinde u\u00e7abilmesini sa\u011flar; bu da hasta i\u00e7in p\u00fcr\u00fczs\u00fcz ve stabil bir ortam sa\u011flar.  <\/p><p data-path-to-node=\"1\">CJ3, \u00f6zellikle orta menzilli g\u00f6revler i\u00e7in maliyet etkin; jet h\u0131zlar\u0131 ve \u00e7ok sessiz bir kabin sunar; bu da transfer s\u0131ras\u0131nda hasta stresini ve yorgunlu\u011funu azalt\u0131r.<\/p><p data-path-to-node=\"1\"> <\/p><h3 data-path-to-node=\"3\">T\u0131bbi Ekipman<\/h3><p data-path-to-node=\"4\">Citation CJ3 genellikle <b data-path-to-node=\"4\" data-index-in-node=\"46\">y\u00fcksek teknolojili bir Mobil Yo\u011fun Bak\u0131m Birimi (ICU)<\/b> olarak yap\u0131land\u0131r\u0131l\u0131r. Kabini, en iyi ergonomi i\u00e7in tasarlanm\u0131\u015ft\u0131r ve t\u0131bbi ekip (doktor ve u\u00e7u\u015f hem\u015firesi) hastan\u0131n sedyesinde eski hafif jet modellerine k\u0131yasla daha iyi manevra kabinesi sa\u011flar. <\/p><ul data-path-to-node=\"5\"><li><p data-path-to-node=\"5,0,0\">Son teknoloji ta\u015f\u0131ma ventilat\u00f6r\u00fc<\/p><\/li><li><p data-path-to-node=\"5,1,0\">Geli\u015fmi\u015f \u00e7ok parametreli monit\u00f6r (EKG, SpO2, NIBP, EtCO2)<\/p><\/li><li><p data-path-to-node=\"5,2,0\">Bifazik defibrilat\u00f6r ve kalp izleme<\/p><\/li><li><p data-path-to-node=\"5,3,0\">Hassas \u015f\u0131r\u0131nga s\u00fcr\u00fcc\u00fcleri ve hacimsel inf\u00fczyon pompalar\u0131<\/p><\/li><li><p data-path-to-node=\"5,4,0\">Y\u00fcksek vakumlu ta\u015f\u0131nabilir emici \u00fcnite<\/p><\/li><li><p data-path-to-node=\"5,5,0\">Bak\u0131m noktas\u0131 kan gaz\u0131 analiz\u00f6r\u00fc (EPOC)<\/p><\/li><li><p data-path-to-node=\"5,6,0\">\u00d6zel acil t\u0131p ve reanimasyon kiti<\/p><\/li><li><p data-path-to-node=\"5,7,0\">Opsiyonel yenido\u011fan ta\u015f\u0131ma kulu\u00e7ka makinesi<\/p><\/li><li><p data-path-to-node=\"5,8,0\">Y\u00fcksek kapasiteli t\u0131bbi oksijen sistemi ve \u00f6zel g\u00fc\u00e7 invert\u00f6rleri<\/p><\/li><\/ul><blockquote data-path-to-node=\"6\"><p data-path-to-node=\"6,0\"><i data-path-to-node=\"6,0\" data-index-in-node=\"0\">\u00d6nemli: Her t\u0131bbi u\u00e7u\u015f benzersizdir. En y\u00fcksek g\u00fcvenlik standartlar\u0131n\u0131 sa\u011flamak i\u00e7in hastan\u0131n \u00f6zel klinik ihtiya\u00e7lar\u0131na g\u00f6re gemide bulunan ekipmanlar\u0131 ve uzman t\u0131bbi personeli \u00f6zelle\u015ftiriyoruz. <\/i><\/p><p data-path-to-node=\"6,0\"> <\/p><\/blockquote><table data-path-to-node=\"9\"><thead><tr><td><strong>\u00d6zellik<\/strong><\/td><td><strong>Spesifikasyonu<\/strong><\/td><\/tr><\/thead><tbody><tr><td><span data-path-to-node=\"9,1,0,0\"><b data-path-to-node=\"9,1,0,0\" data-index-in-node=\"0\">Seyir<\/b><\/span><\/td><td><span data-path-to-node=\"9,1,1,0\">h\u0131z\u0131 yakla\u015f\u0131k 770 km\/s (416 kt)<\/span><\/td><\/tr><tr><td><span data-path-to-node=\"9,2,0,0\"><b data-path-to-node=\"9,2,0,0\" data-index-in-node=\"0\">Menzil<\/b><\/span><\/td><td><span data-path-to-node=\"9,2,1,0\">yakla\u015f\u0131k 3.400 km (1.835 nm)<\/span><\/td><\/tr><tr><td><span data-path-to-node=\"9,3,0,0\"><b data-path-to-node=\"9,3,0,0\" data-index-in-node=\"0\">Motorlar<\/b><\/span><\/td><td><span data-path-to-node=\"9,3,1,0\">2 x Williams FJ44-3A<\/span><\/td><\/tr><tr><td><span data-path-to-node=\"9,4,0,0\"><b data-path-to-node=\"9,4,0,0\" data-index-in-node=\"0\">Hizmet<\/b><\/span><\/td><td><span data-path-to-node=\"9,4,1,0\">Tavan\u0131 45.000 ft (13.716 m)<\/span><\/td><\/tr><tr><td><span data-path-to-node=\"9,5,0,0\"><b data-path-to-node=\"9,5,0,0\" data-index-in-node=\"0\">Anahtar Avantaj<\/b><\/span><\/td><td><span data-path-to-node=\"9,5,1,0\">Hafif bir jet i\u00e7in y\u00fcksek yak\u0131t verimlili\u011fi ve uzun menzil<\/span><\/td><\/tr><\/tbody><\/table>\t\t\t\t\t\t<\/div>\n\t\t\t\t<\/div>\n\t\t\t\t\t<\/div>\n\t\t\t\t<\/div>\n\t\t\t\t<\/div>\n\t\t","protected":false},"excerpt":{"rendered":"<p>Cessna Citation CJ3, g\u00fcn\u00fcm\u00fczde aeromedikal end\u00fcstrisinde kullan\u0131lan en modern ve verimli hafif jetlerden biridir. Citation ailesinde \u00f6nemli bir evrim olarak, seleflerine k\u0131yasla daha uzun kabin ve \u00fcst\u00fcn menzil sunar. G\u00fcvenilirli\u011fi ve y\u00fcksek irtifaya h\u0131zl\u0131ca t\u0131rmanabilme yetene\u011fi nedeniyle y\u00fcksek takdir edilir; bu da ticari trafik ve t\u00fcrb\u00fclans ko\u015fullar\u0131n\u0131n \u00fczerinde u\u00e7abilmesini sa\u011flar; bu da hasta i\u00e7in p\u00fcr\u00fczs\u00fcz [&hellip;]<\/p>\n","protected":false},"author":1,"featured_media":0,"parent":1526,"menu_order":0,"comment_status":"closed","ping_status":"closed","template":"","meta":{"footnotes":""},"class_list":["post-1905","page","type-page","status-publish","hentry"],"yoast_head":"<!-- This site is optimized with the Yoast SEO plugin v27.6 - https:\/\/yoast.com\/product\/yoast-seo-wordpress\/ -->\n<title>Al\u0131nt\u0131 CJ3 - K\u00fcresel Hava Ambulans Hizmetleri<\/title>\n<meta name=\"robots\" content=\"index, follow, max-snippet:-1, max-image-preview:large, max-video-preview:-1\" \/>\n<link rel=\"canonical\" href=\"https:\/\/ambulanceflight.com\/tr\/donanma\/hafif-jetler\/alinti-cj3\/\" \/>\n<meta property=\"og:locale\" content=\"tr_TR\" \/>\n<meta property=\"og:type\" content=\"article\" \/>\n<meta property=\"og:title\" content=\"Al\u0131nt\u0131 CJ3 - K\u00fcresel Hava Ambulans Hizmetleri\" \/>\n<meta property=\"og:description\" content=\"Cessna Citation CJ3, g\u00fcn\u00fcm\u00fczde aeromedikal end\u00fcstrisinde kullan\u0131lan en modern ve verimli hafif jetlerden biridir. Citation ailesinde \u00f6nemli bir evrim olarak, seleflerine k\u0131yasla daha uzun kabin ve \u00fcst\u00fcn menzil sunar. G\u00fcvenilirli\u011fi ve y\u00fcksek irtifaya h\u0131zl\u0131ca t\u0131rmanabilme yetene\u011fi nedeniyle y\u00fcksek takdir edilir; bu da ticari trafik ve t\u00fcrb\u00fclans ko\u015fullar\u0131n\u0131n \u00fczerinde u\u00e7abilmesini sa\u011flar; bu da hasta i\u00e7in p\u00fcr\u00fczs\u00fcz [&hellip;]\" \/>\n<meta property=\"og:url\" content=\"https:\/\/ambulanceflight.com\/tr\/donanma\/hafif-jetler\/alinti-cj3\/\" \/>\n<meta property=\"og:site_name\" content=\"K\u00fcresel Hava Ambulans Hizmetleri\" \/>\n<meta property=\"article:modified_time\" content=\"2026-04-15T14:22:03+00:00\" \/>\n<meta property=\"og:image\" content=\"http:\/\/ambulanceflight.com\/wp-content\/uploads\/2025\/12\/952_0_67766a41b183f_a640ddf2ada09f749ee7afbafc31709d6e0572ac.jpg\" \/>\n<meta name=\"twitter:card\" content=\"summary_large_image\" \/>\n<meta name=\"twitter:label1\" content=\"Tahmini okuma s\u00fcresi\" \/>\n\t<meta name=\"twitter:data1\" content=\"2 dakika\" \/>\n<script type=\"application\/ld+json\" class=\"yoast-schema-graph\">{\"@context\":\"https:\\\/\\\/schema.org\",\"@graph\":[{\"@type\":\"WebPage\",\"@id\":\"https:\\\/\\\/ambulanceflight.com\\\/tr\\\/donanma\\\/hafif-jetler\\\/alinti-cj3\\\/\",\"url\":\"https:\\\/\\\/ambulanceflight.com\\\/tr\\\/donanma\\\/hafif-jetler\\\/alinti-cj3\\\/\",\"name\":\"Al\u0131nt\u0131 CJ3 - K\u00fcresel Hava Ambulans Hizmetleri\",\"isPartOf\":{\"@id\":\"https:\\\/\\\/ambulanceflight.com\\\/tr\\\/#website\"},\"primaryImageOfPage\":{\"@id\":\"https:\\\/\\\/ambulanceflight.com\\\/tr\\\/donanma\\\/hafif-jetler\\\/alinti-cj3\\\/#primaryimage\"},\"image\":{\"@id\":\"https:\\\/\\\/ambulanceflight.com\\\/tr\\\/donanma\\\/hafif-jetler\\\/alinti-cj3\\\/#primaryimage\"},\"thumbnailUrl\":\"http:\\\/\\\/ambulanceflight.com\\\/wp-content\\\/uploads\\\/2025\\\/12\\\/952_0_67766a41b183f_a640ddf2ada09f749ee7afbafc31709d6e0572ac.jpg\",\"datePublished\":\"2025-12-31T09:48:20+00:00\",\"dateModified\":\"2026-04-15T14:22:03+00:00\",\"breadcrumb\":{\"@id\":\"https:\\\/\\\/ambulanceflight.com\\\/tr\\\/donanma\\\/hafif-jetler\\\/alinti-cj3\\\/#breadcrumb\"},\"inLanguage\":\"tr\",\"potentialAction\":[{\"@type\":\"ReadAction\",\"target\":[\"https:\\\/\\\/ambulanceflight.com\\\/tr\\\/donanma\\\/hafif-jetler\\\/alinti-cj3\\\/\"]}]},{\"@type\":\"ImageObject\",\"inLanguage\":\"tr\",\"@id\":\"https:\\\/\\\/ambulanceflight.com\\\/tr\\\/donanma\\\/hafif-jetler\\\/alinti-cj3\\\/#primaryimage\",\"url\":\"http:\\\/\\\/ambulanceflight.com\\\/wp-content\\\/uploads\\\/2025\\\/12\\\/952_0_67766a41b183f_a640ddf2ada09f749ee7afbafc31709d6e0572ac.jpg\",\"contentUrl\":\"http:\\\/\\\/ambulanceflight.com\\\/wp-content\\\/uploads\\\/2025\\\/12\\\/952_0_67766a41b183f_a640ddf2ada09f749ee7afbafc31709d6e0572ac.jpg\"},{\"@type\":\"BreadcrumbList\",\"@id\":\"https:\\\/\\\/ambulanceflight.com\\\/tr\\\/donanma\\\/hafif-jetler\\\/alinti-cj3\\\/#breadcrumb\",\"itemListElement\":[{\"@type\":\"ListItem\",\"position\":1,\"name\":\"Home\",\"item\":\"https:\\\/\\\/ambulanceflight.com\\\/tr\\\/\"},{\"@type\":\"ListItem\",\"position\":2,\"name\":\"Donanma\",\"item\":\"https:\\\/\\\/ambulanceflight.com\\\/tr\\\/fleet\\\/\"},{\"@type\":\"ListItem\",\"position\":3,\"name\":\"Hafif Jetler\",\"item\":\"https:\\\/\\\/ambulanceflight.com\\\/tr\\\/fleet\\\/light-jets\\\/\"},{\"@type\":\"ListItem\",\"position\":4,\"name\":\"Al\u0131nt\u0131 CJ3\"}]},{\"@type\":\"WebSite\",\"@id\":\"https:\\\/\\\/ambulanceflight.com\\\/tr\\\/#website\",\"url\":\"https:\\\/\\\/ambulanceflight.com\\\/tr\\\/\",\"name\":\"K\u00fcresel Hava Ambulans Hizmetleri\",\"description\":\"D\u00fcnyan\u0131n her yerindeki hastalar i\u00e7in h\u0131zl\u0131, g\u00fcvenli ve tam donan\u0131ml\u0131 hava ambulans\u0131 transferleri.\",\"potentialAction\":[{\"@type\":\"SearchAction\",\"target\":{\"@type\":\"EntryPoint\",\"urlTemplate\":\"https:\\\/\\\/ambulanceflight.com\\\/tr\\\/?s={search_term_string}\"},\"query-input\":{\"@type\":\"PropertyValueSpecification\",\"valueRequired\":true,\"valueName\":\"search_term_string\"}}],\"inLanguage\":\"tr\"}]}<\/script>\n<!-- \/ Yoast SEO plugin. -->","yoast_head_json":{"title":"Al\u0131nt\u0131 CJ3 - K\u00fcresel Hava Ambulans Hizmetleri","robots":{"index":"index","follow":"follow","max-snippet":"max-snippet:-1","max-image-preview":"max-image-preview:large","max-video-preview":"max-video-preview:-1"},"canonical":"https:\/\/ambulanceflight.com\/tr\/donanma\/hafif-jetler\/alinti-cj3\/","og_locale":"tr_TR","og_type":"article","og_title":"Al\u0131nt\u0131 CJ3 - K\u00fcresel Hava Ambulans Hizmetleri","og_description":"Cessna Citation CJ3, g\u00fcn\u00fcm\u00fczde aeromedikal end\u00fcstrisinde kullan\u0131lan en modern ve verimli hafif jetlerden biridir. Citation ailesinde \u00f6nemli bir evrim olarak, seleflerine k\u0131yasla daha uzun kabin ve \u00fcst\u00fcn menzil sunar. G\u00fcvenilirli\u011fi ve y\u00fcksek irtifaya h\u0131zl\u0131ca t\u0131rmanabilme yetene\u011fi nedeniyle y\u00fcksek takdir edilir; bu da ticari trafik ve t\u00fcrb\u00fclans ko\u015fullar\u0131n\u0131n \u00fczerinde u\u00e7abilmesini sa\u011flar; bu da hasta i\u00e7in p\u00fcr\u00fczs\u00fcz [&hellip;]","og_url":"https:\/\/ambulanceflight.com\/tr\/donanma\/hafif-jetler\/alinti-cj3\/","og_site_name":"K\u00fcresel Hava Ambulans Hizmetleri","article_modified_time":"2026-04-15T14:22:03+00:00","og_image":[{"url":"http:\/\/ambulanceflight.com\/wp-content\/uploads\/2025\/12\/952_0_67766a41b183f_a640ddf2ada09f749ee7afbafc31709d6e0572ac.jpg","type":"","width":"","height":""}],"twitter_card":"summary_large_image","twitter_misc":{"Tahmini okuma s\u00fcresi":"2 dakika"},"schema":{"@context":"https:\/\/schema.org","@graph":[{"@type":"WebPage","@id":"https:\/\/ambulanceflight.com\/tr\/donanma\/hafif-jetler\/alinti-cj3\/","url":"https:\/\/ambulanceflight.com\/tr\/donanma\/hafif-jetler\/alinti-cj3\/","name":"Al\u0131nt\u0131 CJ3 - K\u00fcresel Hava Ambulans Hizmetleri","isPartOf":{"@id":"https:\/\/ambulanceflight.com\/tr\/#website"},"primaryImageOfPage":{"@id":"https:\/\/ambulanceflight.com\/tr\/donanma\/hafif-jetler\/alinti-cj3\/#primaryimage"},"image":{"@id":"https:\/\/ambulanceflight.com\/tr\/donanma\/hafif-jetler\/alinti-cj3\/#primaryimage"},"thumbnailUrl":"http:\/\/ambulanceflight.com\/wp-content\/uploads\/2025\/12\/952_0_67766a41b183f_a640ddf2ada09f749ee7afbafc31709d6e0572ac.jpg","datePublished":"2025-12-31T09:48:20+00:00","dateModified":"2026-04-15T14:22:03+00:00","breadcrumb":{"@id":"https:\/\/ambulanceflight.com\/tr\/donanma\/hafif-jetler\/alinti-cj3\/#breadcrumb"},"inLanguage":"tr","potentialAction":[{"@type":"ReadAction","target":["https:\/\/ambulanceflight.com\/tr\/donanma\/hafif-jetler\/alinti-cj3\/"]}]},{"@type":"ImageObject","inLanguage":"tr","@id":"https:\/\/ambulanceflight.com\/tr\/donanma\/hafif-jetler\/alinti-cj3\/#primaryimage","url":"http:\/\/ambulanceflight.com\/wp-content\/uploads\/2025\/12\/952_0_67766a41b183f_a640ddf2ada09f749ee7afbafc31709d6e0572ac.jpg","contentUrl":"http:\/\/ambulanceflight.com\/wp-content\/uploads\/2025\/12\/952_0_67766a41b183f_a640ddf2ada09f749ee7afbafc31709d6e0572ac.jpg"},{"@type":"BreadcrumbList","@id":"https:\/\/ambulanceflight.com\/tr\/donanma\/hafif-jetler\/alinti-cj3\/#breadcrumb","itemListElement":[{"@type":"ListItem","position":1,"name":"Home","item":"https:\/\/ambulanceflight.com\/tr\/"},{"@type":"ListItem","position":2,"name":"Donanma","item":"https:\/\/ambulanceflight.com\/tr\/fleet\/"},{"@type":"ListItem","position":3,"name":"Hafif Jetler","item":"https:\/\/ambulanceflight.com\/tr\/fleet\/light-jets\/"},{"@type":"ListItem","position":4,"name":"Al\u0131nt\u0131 CJ3"}]},{"@type":"WebSite","@id":"https:\/\/ambulanceflight.com\/tr\/#website","url":"https:\/\/ambulanceflight.com\/tr\/","name":"K\u00fcresel Hava Ambulans Hizmetleri","description":"D\u00fcnyan\u0131n her yerindeki hastalar i\u00e7in h\u0131zl\u0131, g\u00fcvenli ve tam donan\u0131ml\u0131 hava ambulans\u0131 transferleri.","potentialAction":[{"@type":"SearchAction","target":{"@type":"EntryPoint","urlTemplate":"https:\/\/ambulanceflight.com\/tr\/?s={search_term_string}"},"query-input":{"@type":"PropertyValueSpecification","valueRequired":true,"valueName":"search_term_string"}}],"inLanguage":"tr"}]}},"_links":{"self":[{"href":"https:\/\/ambulanceflight.com\/tr\/wp-json\/wp\/v2\/pages\/1905","targetHints":{"allow":["GET"]}}],"collection":[{"href":"https:\/\/ambulanceflight.com\/tr\/wp-json\/wp\/v2\/pages"}],"about":[{"href":"https:\/\/ambulanceflight.com\/tr\/wp-json\/wp\/v2\/types\/page"}],"author":[{"embeddable":true,"href":"https:\/\/ambulanceflight.com\/tr\/wp-json\/wp\/v2\/users\/1"}],"replies":[{"embeddable":true,"href":"https:\/\/ambulanceflight.com\/tr\/wp-json\/wp\/v2\/comments?post=1905"}],"version-history":[{"count":3,"href":"https:\/\/ambulanceflight.com\/tr\/wp-json\/wp\/v2\/pages\/1905\/revisions"}],"predecessor-version":[{"id":2955,"href":"https:\/\/ambulanceflight.com\/tr\/wp-json\/wp\/v2\/pages\/1905\/revisions\/2955"}],"up":[{"embeddable":true,"href":"https:\/\/ambulanceflight.com\/tr\/wp-json\/wp\/v2\/pages\/1526"}],"wp:attachment":[{"href":"https:\/\/ambulanceflight.com\/tr\/wp-json\/wp\/v2\/media?parent=1905"}],"curies":[{"name":"wp","href":"https:\/\/api.w.org\/{rel}","templated":true}]}}