{"id":1881,"date":"2025-12-31T09:44:07","date_gmt":"2025-12-31T09:44:07","guid":{"rendered":"https:\/\/ambulanceflight.com\/falcon-100\/"},"modified":"2026-04-15T14:22:03","modified_gmt":"2026-04-15T14:22:03","slug":"falcon-100","status":"publish","type":"page","link":"https:\/\/ambulanceflight.com\/tr\/donanma\/hafif-jetler\/falcon-100\/","title":{"rendered":"Falcon 100"},"content":{"rendered":"\t\t<div data-elementor-type=\"wp-page\" data-elementor-id=\"1881\" class=\"elementor elementor-1881 elementor-1866\" data-elementor-settings=\"{&quot;ha_cmc_init_switcher&quot;:&quot;no&quot;}\" data-elementor-post-type=\"page\">\n\t\t\t\t<div class=\"elementor-element elementor-element-ce523b7 e-flex e-con-boxed e-con e-parent\" data-id=\"ce523b7\" data-element_type=\"container\" data-settings=\"{&quot;_ha_eqh_enable&quot;:false,&quot;ekit_has_onepagescroll_dot&quot;:&quot;yes&quot;}\">\n\t\t\t\t\t<div class=\"e-con-inner\">\n\t\t<div class=\"elementor-element elementor-element-a11c94f e-con-full e-flex e-con e-child\" data-id=\"a11c94f\" data-element_type=\"container\" data-settings=\"{&quot;_ha_eqh_enable&quot;:false,&quot;ekit_has_onepagescroll_dot&quot;:&quot;yes&quot;}\">\n\t\t\t\t<div class=\"elementor-element elementor-element-54387bb elementor-widget elementor-widget-image\" data-id=\"54387bb\" data-element_type=\"widget\" data-settings=\"{&quot;ekit_we_effect_on&quot;:&quot;none&quot;}\" data-widget_type=\"image.default\">\n\t\t\t\t<div class=\"elementor-widget-container\">\n\t\t\t\t\t\t\t\t\t\t\t\t\t<img fetchpriority=\"high\" decoding=\"async\" width=\"800\" height=\"373\" src=\"https:\/\/ambulanceflight.com\/wp-content\/uploads\/2025\/12\/Capture-decran-2025-12-31-a-10.41.53-1024x478.png\" class=\"attachment-large size-large wp-image-1883\" alt=\"\" srcset=\"https:\/\/ambulanceflight.com\/wp-content\/uploads\/2025\/12\/Capture-decran-2025-12-31-a-10.41.53-1024x478.png 1024w, https:\/\/ambulanceflight.com\/wp-content\/uploads\/2025\/12\/Capture-decran-2025-12-31-a-10.41.53-300x140.png 300w, https:\/\/ambulanceflight.com\/wp-content\/uploads\/2025\/12\/Capture-decran-2025-12-31-a-10.41.53-768x359.png 768w, https:\/\/ambulanceflight.com\/wp-content\/uploads\/2025\/12\/Capture-decran-2025-12-31-a-10.41.53-1536x717.png 1536w, https:\/\/ambulanceflight.com\/wp-content\/uploads\/2025\/12\/Capture-decran-2025-12-31-a-10.41.53-2048x956.png 2048w\" sizes=\"(max-width: 800px) 100vw, 800px\" \/>\t\t\t\t\t\t\t\t\t\t\t\t\t<\/div>\n\t\t\t\t<\/div>\n\t\t\t\t<\/div>\n\t\t<div class=\"elementor-element elementor-element-726ed36 e-con-full e-flex e-con e-child\" data-id=\"726ed36\" data-element_type=\"container\" data-settings=\"{&quot;_ha_eqh_enable&quot;:false,&quot;ekit_has_onepagescroll_dot&quot;:&quot;yes&quot;}\">\n\t\t<div class=\"elementor-element elementor-element-a798b8b e-con-full e-flex e-con e-child\" data-id=\"a798b8b\" data-element_type=\"container\" data-settings=\"{&quot;_ha_eqh_enable&quot;:false,&quot;ekit_has_onepagescroll_dot&quot;:&quot;yes&quot;}\">\n\t\t\t\t<div class=\"elementor-element elementor-element-e76a221 elementor-widget elementor-widget-image\" data-id=\"e76a221\" data-element_type=\"widget\" data-settings=\"{&quot;ekit_we_effect_on&quot;:&quot;none&quot;}\" data-widget_type=\"image.default\">\n\t\t\t\t<div class=\"elementor-widget-container\">\n\t\t\t\t\t\t\t\t\t\t\t\t\t<img decoding=\"async\" width=\"800\" height=\"888\" src=\"https:\/\/ambulanceflight.com\/wp-content\/uploads\/2025\/12\/Capture-decran-2025-12-31-a-10.43.50-923x1024.png\" class=\"attachment-large size-large wp-image-1885\" alt=\"\" srcset=\"https:\/\/ambulanceflight.com\/wp-content\/uploads\/2025\/12\/Capture-decran-2025-12-31-a-10.43.50-923x1024.png 923w, https:\/\/ambulanceflight.com\/wp-content\/uploads\/2025\/12\/Capture-decran-2025-12-31-a-10.43.50-271x300.png 271w, https:\/\/ambulanceflight.com\/wp-content\/uploads\/2025\/12\/Capture-decran-2025-12-31-a-10.43.50-768x852.png 768w, https:\/\/ambulanceflight.com\/wp-content\/uploads\/2025\/12\/Capture-decran-2025-12-31-a-10.43.50.png 954w\" sizes=\"(max-width: 800px) 100vw, 800px\" \/>\t\t\t\t\t\t\t\t\t\t\t\t\t<\/div>\n\t\t\t\t<\/div>\n\t\t\t\t<\/div>\n\t\t<div class=\"elementor-element elementor-element-e0b8d5f e-con-full e-flex e-con e-child\" data-id=\"e0b8d5f\" data-element_type=\"container\" data-settings=\"{&quot;_ha_eqh_enable&quot;:false,&quot;ekit_has_onepagescroll_dot&quot;:&quot;yes&quot;}\">\n\t\t\t\t<\/div>\n\t\t\t\t<\/div>\n\t\t\t\t\t<\/div>\n\t\t\t\t<\/div>\n\t\t<div class=\"elementor-element elementor-element-09d1073 e-flex e-con-boxed e-con e-parent\" data-id=\"09d1073\" data-element_type=\"container\" data-settings=\"{&quot;background_background&quot;:&quot;classic&quot;,&quot;_ha_eqh_enable&quot;:false,&quot;ekit_has_onepagescroll_dot&quot;:&quot;yes&quot;}\">\n\t\t\t\t\t<div class=\"e-con-inner\">\n\t\t\t\t<div class=\"elementor-element elementor-element-9d3b7ca elementor-widget elementor-widget-text-editor\" data-id=\"9d3b7ca\" data-element_type=\"widget\" data-settings=\"{&quot;ekit_we_effect_on&quot;:&quot;none&quot;}\" data-widget_type=\"text-editor.default\">\n\t\t\t\t<div class=\"elementor-widget-container\">\n\t\t\t\t\t\t\t<p data-path-to-node=\"0\"> <\/p><p data-path-to-node=\"0\"><b data-path-to-node=\"0\" data-index-in-node=\"4\">Dassault Falcon 100<\/b> (Falcon 10&#8217;un evrimi), ola\u011fan\u00fcst\u00fc h\u0131z\u0131 ve sa\u011flam yap\u0131m kalitesiyle tan\u0131nan y\u00fcksek performansl\u0131 hafif bir jettir. Aeromedikal sekt\u00f6r\u00fcnde, genellikle t\u0131bbi jetlerin &#8220;Formula 1&#8243;i olarak an\u0131l\u0131r. Birincil avantaj\u0131, \u00e7ok y\u00fcksek h\u0131zlara izin veren kanat tasar\u0131m\u0131d\u0131r; bu da nispeten k\u0131sa pistlere ini\u015f yapabilmeyi sa\u011flar ve k\u00fc\u00e7\u00fck b\u00f6lgesel havaalanlar\u0131 ile b\u00fcy\u00fck \u015fehir hastaneleri aras\u0131nda kritik bir ba\u011flant\u0131 sa\u011flar.  <\/p><p data-path-to-node=\"1\">Falcon 100, mesafe ve h\u0131z\u0131n en \u00f6ncelikli oldu\u011fu acil ve zaman hassasiyetli g\u00f6revler i\u00e7in \u00f6zellikle uygundur. Kabini kompakt olmas\u0131na ra\u011fmen, d\u00fc\u015f\u00fck &#8220;kabin irtifas\u0131&#8221; sa\u011flamak i\u00e7in bas\u0131n\u00e7l\u0131d\u0131r; bu, solunum sorunlar\u0131 olan veya yak\u0131n zamanda ameliyat ge\u00e7irmi\u015f hastalar i\u00e7in hayati \u00f6neme sahiptir. <\/p><p data-path-to-node=\"1\"> <\/p><h3 data-path-to-node=\"3\">T\u0131bbi Ekipman<\/h3><p> <\/p><p data-path-to-node=\"4\">Falcon 100, <b data-path-to-node=\"4\" data-index-in-node=\"34\">y\u00fcksek h\u0131zl\u0131 Yo\u011fun Bak\u0131m \u00dcnitesi (ICU)<\/b> olarak yap\u0131land\u0131r\u0131lm\u0131\u015ft\u0131r. D\u00fczen, t\u0131bbi ekibin y\u00fcksek h\u0131zl\u0131 ula\u015f\u0131m s\u0131ras\u0131nda hastan\u0131n hayati de\u011ferlerine an\u0131nda eri\u015febilmesini sa\u011flamak i\u00e7in optimize edilmi\u015ftir. <\/p><ul data-path-to-node=\"5\"><li><p data-path-to-node=\"5,0,0\">Y\u00fcksek performansl\u0131 ta\u015f\u0131ma ventilat\u00f6r\u00fc<\/p><\/li><li><p data-path-to-node=\"5,1,0\">Geli\u015fmi\u015f izleme sistemi (EKG, SpO2, NIBP, invaziv bas\u0131n\u00e7lar)<\/p><\/li><li><p data-path-to-node=\"5,2,0\">Bifazik defibrilat\u00f6r ve harici pacer<\/p><\/li><li><p data-path-to-node=\"5,3,0\">Hassas inf\u00fczyon pompalar\u0131 ve \u015f\u0131r\u0131nga s\u00fcr\u00fcc\u00fcleri<\/p><\/li><li><p data-path-to-node=\"5,4,0\">A\u011f\u0131r hizmet emici \u00fcnitesi<\/p><\/li><li><p data-path-to-node=\"5,5,0\">Ta\u015f\u0131nabilir kan gaz\u0131 analiz\u00f6r\u00fc (EPOC)<\/p><\/li><li><p data-path-to-node=\"5,6,0\">Acil durum ve reanimasyon ila\u00e7 kiti<\/p><\/li><li><p data-path-to-node=\"5,7,0\">Yenido\u011fan kulu\u00e7ka makinesi uyumlu<\/p><\/li><li><p data-path-to-node=\"5,8,0\">Uzmanla\u015fm\u0131\u015f aeromedikal oksijen tedariki<\/p><\/li><\/ul><blockquote data-path-to-node=\"6\"><p data-path-to-node=\"6,0\"><i data-path-to-node=\"6,0\" data-index-in-node=\"0\">L\u00fctfen dikkat: Her u\u00e7u\u015f \u00f6zel olarak yap\u0131land\u0131r\u0131lm\u0131\u015ft\u0131r. Hastan\u0131n patolojisine \u00f6zel bir t\u0131bbi ekip (doktor ve u\u00e7u\u015f hem\u015firesi) ve ekipman\u0131n varl\u0131\u011f\u0131n\u0131 sa\u011fl\u0131yoruz. <\/i><\/p><p data-path-to-node=\"6,0\"> <\/p><\/blockquote><table data-path-to-node=\"9\"><thead><tr><td><strong>\u00d6zellik<\/strong><\/td><td><strong>Spesifikasyonu<\/strong><\/td><\/tr><\/thead><tbody><tr><td><span data-path-to-node=\"9,1,0,0\"><b data-path-to-node=\"9,1,0,0\" data-index-in-node=\"0\">Seyir<\/b><\/span><\/td><td><span data-path-to-node=\"9,1,1,0\">h\u0131z\u0131 yakla\u015f\u0131k 850 km\/s (460 kt)<\/span><\/td><\/tr><tr><td><span data-path-to-node=\"9,2,0,0\"><b data-path-to-node=\"9,2,0,0\" data-index-in-node=\"0\">Menzil<\/b><\/span><\/td><td><span data-path-to-node=\"9,2,1,0\">yakla\u015f\u0131k 3.000 km (1.620 nm)<\/span><\/td><\/tr><tr><td><span data-path-to-node=\"9,3,0,0\"><b data-path-to-node=\"9,3,0,0\" data-index-in-node=\"0\">Motorlar<\/b><\/span><\/td><td><span data-path-to-node=\"9,3,1,0\">2 x Honeywell TFE731-2<\/span><\/td><\/tr><tr><td><span data-path-to-node=\"9,4,0,0\"><b data-path-to-node=\"9,4,0,0\" data-index-in-node=\"0\">Hizmet<\/b><\/span><\/td><td><span data-path-to-node=\"9,4,1,0\">Tavan\u0131 45.000 ft (13.716 m)<\/span><\/td><\/tr><tr><td><span data-path-to-node=\"9,5,0,0\"><b data-path-to-node=\"9,5,0,0\" data-index-in-node=\"0\">Ana Avantaj<\/b><\/span><\/td><td><span data-path-to-node=\"9,5,1,0\">Ola\u011fan\u00fcst\u00fc h\u0131z ve y\u00fcksek irtifa stabilitesi<\/span><\/td><\/tr><\/tbody><\/table>\t\t\t\t\t\t<\/div>\n\t\t\t\t<\/div>\n\t\t\t\t\t<\/div>\n\t\t\t\t<\/div>\n\t\t\t\t<\/div>\n\t\t","protected":false},"excerpt":{"rendered":"<p>Dassault Falcon 100 (Falcon 10&#8217;un evrimi), ola\u011fan\u00fcst\u00fc h\u0131z\u0131 ve sa\u011flam yap\u0131m kalitesiyle tan\u0131nan y\u00fcksek performansl\u0131 hafif bir jettir. Aeromedikal sekt\u00f6r\u00fcnde, genellikle t\u0131bbi jetlerin &#8220;Formula 1&#8243;i olarak an\u0131l\u0131r. Birincil avantaj\u0131, \u00e7ok y\u00fcksek h\u0131zlara izin veren kanat tasar\u0131m\u0131d\u0131r; bu da nispeten k\u0131sa pistlere ini\u015f yapabilmeyi sa\u011flar ve k\u00fc\u00e7\u00fck b\u00f6lgesel havaalanlar\u0131 ile b\u00fcy\u00fck \u015fehir hastaneleri aras\u0131nda kritik bir [&hellip;]<\/p>\n","protected":false},"author":1,"featured_media":0,"parent":1526,"menu_order":0,"comment_status":"closed","ping_status":"closed","template":"","meta":{"footnotes":""},"class_list":["post-1881","page","type-page","status-publish","hentry"],"yoast_head":"<!-- This site is optimized with the Yoast SEO plugin v27.6 - https:\/\/yoast.com\/product\/yoast-seo-wordpress\/ -->\n<title>Falcon 100 - K\u00fcresel Hava Ambulans Hizmetleri<\/title>\n<meta name=\"robots\" content=\"index, follow, max-snippet:-1, max-image-preview:large, max-video-preview:-1\" \/>\n<link rel=\"canonical\" href=\"https:\/\/ambulanceflight.com\/tr\/donanma\/hafif-jetler\/falcon-100\/\" \/>\n<meta property=\"og:locale\" content=\"tr_TR\" \/>\n<meta property=\"og:type\" content=\"article\" \/>\n<meta property=\"og:title\" content=\"Falcon 100 - K\u00fcresel Hava Ambulans Hizmetleri\" \/>\n<meta property=\"og:description\" content=\"Dassault Falcon 100 (Falcon 10&#8217;un evrimi), ola\u011fan\u00fcst\u00fc h\u0131z\u0131 ve sa\u011flam yap\u0131m kalitesiyle tan\u0131nan y\u00fcksek performansl\u0131 hafif bir jettir. Aeromedikal sekt\u00f6r\u00fcnde, genellikle t\u0131bbi jetlerin &#8220;Formula 1&#8243;i olarak an\u0131l\u0131r. Birincil avantaj\u0131, \u00e7ok y\u00fcksek h\u0131zlara izin veren kanat tasar\u0131m\u0131d\u0131r; bu da nispeten k\u0131sa pistlere ini\u015f yapabilmeyi sa\u011flar ve k\u00fc\u00e7\u00fck b\u00f6lgesel havaalanlar\u0131 ile b\u00fcy\u00fck \u015fehir hastaneleri aras\u0131nda kritik bir [&hellip;]\" \/>\n<meta property=\"og:url\" content=\"https:\/\/ambulanceflight.com\/tr\/donanma\/hafif-jetler\/falcon-100\/\" \/>\n<meta property=\"og:site_name\" content=\"K\u00fcresel Hava Ambulans Hizmetleri\" \/>\n<meta property=\"article:modified_time\" content=\"2026-04-15T14:22:03+00:00\" \/>\n<meta property=\"og:image\" content=\"http:\/\/ambulanceflight.com\/wp-content\/uploads\/2025\/12\/Capture-decran-2025-12-31-a-10.41.53-1024x478.png\" \/>\n<meta name=\"twitter:card\" content=\"summary_large_image\" \/>\n<meta name=\"twitter:label1\" content=\"Tahmini okuma s\u00fcresi\" \/>\n\t<meta name=\"twitter:data1\" content=\"2 dakika\" \/>\n<script type=\"application\/ld+json\" class=\"yoast-schema-graph\">{\"@context\":\"https:\\\/\\\/schema.org\",\"@graph\":[{\"@type\":\"WebPage\",\"@id\":\"https:\\\/\\\/ambulanceflight.com\\\/tr\\\/donanma\\\/hafif-jetler\\\/falcon-100\\\/\",\"url\":\"https:\\\/\\\/ambulanceflight.com\\\/tr\\\/donanma\\\/hafif-jetler\\\/falcon-100\\\/\",\"name\":\"Falcon 100 - K\u00fcresel Hava Ambulans Hizmetleri\",\"isPartOf\":{\"@id\":\"https:\\\/\\\/ambulanceflight.com\\\/tr\\\/#website\"},\"primaryImageOfPage\":{\"@id\":\"https:\\\/\\\/ambulanceflight.com\\\/tr\\\/donanma\\\/hafif-jetler\\\/falcon-100\\\/#primaryimage\"},\"image\":{\"@id\":\"https:\\\/\\\/ambulanceflight.com\\\/tr\\\/donanma\\\/hafif-jetler\\\/falcon-100\\\/#primaryimage\"},\"thumbnailUrl\":\"http:\\\/\\\/ambulanceflight.com\\\/wp-content\\\/uploads\\\/2025\\\/12\\\/Capture-decran-2025-12-31-a-10.41.53-1024x478.png\",\"datePublished\":\"2025-12-31T09:44:07+00:00\",\"dateModified\":\"2026-04-15T14:22:03+00:00\",\"breadcrumb\":{\"@id\":\"https:\\\/\\\/ambulanceflight.com\\\/tr\\\/donanma\\\/hafif-jetler\\\/falcon-100\\\/#breadcrumb\"},\"inLanguage\":\"tr\",\"potentialAction\":[{\"@type\":\"ReadAction\",\"target\":[\"https:\\\/\\\/ambulanceflight.com\\\/tr\\\/donanma\\\/hafif-jetler\\\/falcon-100\\\/\"]}]},{\"@type\":\"ImageObject\",\"inLanguage\":\"tr\",\"@id\":\"https:\\\/\\\/ambulanceflight.com\\\/tr\\\/donanma\\\/hafif-jetler\\\/falcon-100\\\/#primaryimage\",\"url\":\"http:\\\/\\\/ambulanceflight.com\\\/wp-content\\\/uploads\\\/2025\\\/12\\\/Capture-decran-2025-12-31-a-10.41.53-1024x478.png\",\"contentUrl\":\"http:\\\/\\\/ambulanceflight.com\\\/wp-content\\\/uploads\\\/2025\\\/12\\\/Capture-decran-2025-12-31-a-10.41.53-1024x478.png\"},{\"@type\":\"BreadcrumbList\",\"@id\":\"https:\\\/\\\/ambulanceflight.com\\\/tr\\\/donanma\\\/hafif-jetler\\\/falcon-100\\\/#breadcrumb\",\"itemListElement\":[{\"@type\":\"ListItem\",\"position\":1,\"name\":\"Home\",\"item\":\"https:\\\/\\\/ambulanceflight.com\\\/tr\\\/\"},{\"@type\":\"ListItem\",\"position\":2,\"name\":\"Donanma\",\"item\":\"https:\\\/\\\/ambulanceflight.com\\\/tr\\\/fleet\\\/\"},{\"@type\":\"ListItem\",\"position\":3,\"name\":\"Hafif Jetler\",\"item\":\"https:\\\/\\\/ambulanceflight.com\\\/tr\\\/fleet\\\/light-jets\\\/\"},{\"@type\":\"ListItem\",\"position\":4,\"name\":\"Falcon 100\"}]},{\"@type\":\"WebSite\",\"@id\":\"https:\\\/\\\/ambulanceflight.com\\\/tr\\\/#website\",\"url\":\"https:\\\/\\\/ambulanceflight.com\\\/tr\\\/\",\"name\":\"K\u00fcresel Hava Ambulans Hizmetleri\",\"description\":\"D\u00fcnyan\u0131n her yerindeki hastalar i\u00e7in h\u0131zl\u0131, g\u00fcvenli ve tam donan\u0131ml\u0131 hava ambulans\u0131 transferleri.\",\"potentialAction\":[{\"@type\":\"SearchAction\",\"target\":{\"@type\":\"EntryPoint\",\"urlTemplate\":\"https:\\\/\\\/ambulanceflight.com\\\/tr\\\/?s={search_term_string}\"},\"query-input\":{\"@type\":\"PropertyValueSpecification\",\"valueRequired\":true,\"valueName\":\"search_term_string\"}}],\"inLanguage\":\"tr\"}]}<\/script>\n<!-- \/ Yoast SEO plugin. -->","yoast_head_json":{"title":"Falcon 100 - K\u00fcresel Hava Ambulans Hizmetleri","robots":{"index":"index","follow":"follow","max-snippet":"max-snippet:-1","max-image-preview":"max-image-preview:large","max-video-preview":"max-video-preview:-1"},"canonical":"https:\/\/ambulanceflight.com\/tr\/donanma\/hafif-jetler\/falcon-100\/","og_locale":"tr_TR","og_type":"article","og_title":"Falcon 100 - K\u00fcresel Hava Ambulans Hizmetleri","og_description":"Dassault Falcon 100 (Falcon 10&#8217;un evrimi), ola\u011fan\u00fcst\u00fc h\u0131z\u0131 ve sa\u011flam yap\u0131m kalitesiyle tan\u0131nan y\u00fcksek performansl\u0131 hafif bir jettir. Aeromedikal sekt\u00f6r\u00fcnde, genellikle t\u0131bbi jetlerin &#8220;Formula 1&#8243;i olarak an\u0131l\u0131r. Birincil avantaj\u0131, \u00e7ok y\u00fcksek h\u0131zlara izin veren kanat tasar\u0131m\u0131d\u0131r; bu da nispeten k\u0131sa pistlere ini\u015f yapabilmeyi sa\u011flar ve k\u00fc\u00e7\u00fck b\u00f6lgesel havaalanlar\u0131 ile b\u00fcy\u00fck \u015fehir hastaneleri aras\u0131nda kritik bir [&hellip;]","og_url":"https:\/\/ambulanceflight.com\/tr\/donanma\/hafif-jetler\/falcon-100\/","og_site_name":"K\u00fcresel Hava Ambulans Hizmetleri","article_modified_time":"2026-04-15T14:22:03+00:00","og_image":[{"url":"http:\/\/ambulanceflight.com\/wp-content\/uploads\/2025\/12\/Capture-decran-2025-12-31-a-10.41.53-1024x478.png","type":"","width":"","height":""}],"twitter_card":"summary_large_image","twitter_misc":{"Tahmini okuma s\u00fcresi":"2 dakika"},"schema":{"@context":"https:\/\/schema.org","@graph":[{"@type":"WebPage","@id":"https:\/\/ambulanceflight.com\/tr\/donanma\/hafif-jetler\/falcon-100\/","url":"https:\/\/ambulanceflight.com\/tr\/donanma\/hafif-jetler\/falcon-100\/","name":"Falcon 100 - K\u00fcresel Hava Ambulans Hizmetleri","isPartOf":{"@id":"https:\/\/ambulanceflight.com\/tr\/#website"},"primaryImageOfPage":{"@id":"https:\/\/ambulanceflight.com\/tr\/donanma\/hafif-jetler\/falcon-100\/#primaryimage"},"image":{"@id":"https:\/\/ambulanceflight.com\/tr\/donanma\/hafif-jetler\/falcon-100\/#primaryimage"},"thumbnailUrl":"http:\/\/ambulanceflight.com\/wp-content\/uploads\/2025\/12\/Capture-decran-2025-12-31-a-10.41.53-1024x478.png","datePublished":"2025-12-31T09:44:07+00:00","dateModified":"2026-04-15T14:22:03+00:00","breadcrumb":{"@id":"https:\/\/ambulanceflight.com\/tr\/donanma\/hafif-jetler\/falcon-100\/#breadcrumb"},"inLanguage":"tr","potentialAction":[{"@type":"ReadAction","target":["https:\/\/ambulanceflight.com\/tr\/donanma\/hafif-jetler\/falcon-100\/"]}]},{"@type":"ImageObject","inLanguage":"tr","@id":"https:\/\/ambulanceflight.com\/tr\/donanma\/hafif-jetler\/falcon-100\/#primaryimage","url":"http:\/\/ambulanceflight.com\/wp-content\/uploads\/2025\/12\/Capture-decran-2025-12-31-a-10.41.53-1024x478.png","contentUrl":"http:\/\/ambulanceflight.com\/wp-content\/uploads\/2025\/12\/Capture-decran-2025-12-31-a-10.41.53-1024x478.png"},{"@type":"BreadcrumbList","@id":"https:\/\/ambulanceflight.com\/tr\/donanma\/hafif-jetler\/falcon-100\/#breadcrumb","itemListElement":[{"@type":"ListItem","position":1,"name":"Home","item":"https:\/\/ambulanceflight.com\/tr\/"},{"@type":"ListItem","position":2,"name":"Donanma","item":"https:\/\/ambulanceflight.com\/tr\/fleet\/"},{"@type":"ListItem","position":3,"name":"Hafif Jetler","item":"https:\/\/ambulanceflight.com\/tr\/fleet\/light-jets\/"},{"@type":"ListItem","position":4,"name":"Falcon 100"}]},{"@type":"WebSite","@id":"https:\/\/ambulanceflight.com\/tr\/#website","url":"https:\/\/ambulanceflight.com\/tr\/","name":"K\u00fcresel Hava Ambulans Hizmetleri","description":"D\u00fcnyan\u0131n her yerindeki hastalar i\u00e7in h\u0131zl\u0131, g\u00fcvenli ve tam donan\u0131ml\u0131 hava ambulans\u0131 transferleri.","potentialAction":[{"@type":"SearchAction","target":{"@type":"EntryPoint","urlTemplate":"https:\/\/ambulanceflight.com\/tr\/?s={search_term_string}"},"query-input":{"@type":"PropertyValueSpecification","valueRequired":true,"valueName":"search_term_string"}}],"inLanguage":"tr"}]}},"_links":{"self":[{"href":"https:\/\/ambulanceflight.com\/tr\/wp-json\/wp\/v2\/pages\/1881","targetHints":{"allow":["GET"]}}],"collection":[{"href":"https:\/\/ambulanceflight.com\/tr\/wp-json\/wp\/v2\/pages"}],"about":[{"href":"https:\/\/ambulanceflight.com\/tr\/wp-json\/wp\/v2\/types\/page"}],"author":[{"embeddable":true,"href":"https:\/\/ambulanceflight.com\/tr\/wp-json\/wp\/v2\/users\/1"}],"replies":[{"embeddable":true,"href":"https:\/\/ambulanceflight.com\/tr\/wp-json\/wp\/v2\/comments?post=1881"}],"version-history":[{"count":3,"href":"https:\/\/ambulanceflight.com\/tr\/wp-json\/wp\/v2\/pages\/1881\/revisions"}],"predecessor-version":[{"id":2947,"href":"https:\/\/ambulanceflight.com\/tr\/wp-json\/wp\/v2\/pages\/1881\/revisions\/2947"}],"up":[{"embeddable":true,"href":"https:\/\/ambulanceflight.com\/tr\/wp-json\/wp\/v2\/pages\/1526"}],"wp:attachment":[{"href":"https:\/\/ambulanceflight.com\/tr\/wp-json\/wp\/v2\/media?parent=1881"}],"curies":[{"name":"wp","href":"https:\/\/api.w.org\/{rel}","templated":true}]}}