{"id":1853,"date":"2025-12-31T09:25:05","date_gmt":"2025-12-31T09:25:05","guid":{"rendered":"https:\/\/ambulanceflight.com\/alinti-bravo\/"},"modified":"2026-04-15T14:22:03","modified_gmt":"2026-04-15T14:22:03","slug":"alinti-bravo","status":"publish","type":"page","link":"https:\/\/ambulanceflight.com\/tr\/donanma\/hafif-jetler\/alinti-bravo\/","title":{"rendered":"Al\u0131nt\u0131 Bravo"},"content":{"rendered":"\t\t<div data-elementor-type=\"wp-page\" data-elementor-id=\"1853\" class=\"elementor elementor-1853 elementor-1841\" data-elementor-settings=\"{&quot;ha_cmc_init_switcher&quot;:&quot;no&quot;}\" data-elementor-post-type=\"page\">\n\t\t\t\t<div class=\"elementor-element elementor-element-476e04f e-flex e-con-boxed e-con e-parent\" data-id=\"476e04f\" data-element_type=\"container\" data-settings=\"{&quot;_ha_eqh_enable&quot;:false,&quot;ekit_has_onepagescroll_dot&quot;:&quot;yes&quot;}\">\n\t\t\t\t\t<div class=\"e-con-inner\">\n\t\t<div class=\"elementor-element elementor-element-e78be01 e-con-full e-flex e-con e-child\" data-id=\"e78be01\" data-element_type=\"container\" data-settings=\"{&quot;_ha_eqh_enable&quot;:false,&quot;ekit_has_onepagescroll_dot&quot;:&quot;yes&quot;}\">\n\t\t\t\t<div class=\"elementor-element elementor-element-20e73b7 elementor-widget elementor-widget-image\" data-id=\"20e73b7\" data-element_type=\"widget\" data-settings=\"{&quot;ekit_we_effect_on&quot;:&quot;none&quot;}\" data-widget_type=\"image.default\">\n\t\t\t\t<div class=\"elementor-widget-container\">\n\t\t\t\t\t\t\t\t\t\t\t\t\t<img fetchpriority=\"high\" decoding=\"async\" width=\"800\" height=\"538\" src=\"https:\/\/ambulanceflight.com\/wp-content\/uploads\/2025\/12\/Cessna_550b_citation_bravo_cs-dhr_arp-1024x689.jpg\" class=\"attachment-large size-large wp-image-1856\" alt=\"\" srcset=\"https:\/\/ambulanceflight.com\/wp-content\/uploads\/2025\/12\/Cessna_550b_citation_bravo_cs-dhr_arp-1024x689.jpg 1024w, https:\/\/ambulanceflight.com\/wp-content\/uploads\/2025\/12\/Cessna_550b_citation_bravo_cs-dhr_arp-300x202.jpg 300w, https:\/\/ambulanceflight.com\/wp-content\/uploads\/2025\/12\/Cessna_550b_citation_bravo_cs-dhr_arp-768x517.jpg 768w, https:\/\/ambulanceflight.com\/wp-content\/uploads\/2025\/12\/Cessna_550b_citation_bravo_cs-dhr_arp-1536x1034.jpg 1536w, https:\/\/ambulanceflight.com\/wp-content\/uploads\/2025\/12\/Cessna_550b_citation_bravo_cs-dhr_arp.jpg 1850w\" sizes=\"(max-width: 800px) 100vw, 800px\" \/>\t\t\t\t\t\t\t\t\t\t\t\t\t<\/div>\n\t\t\t\t<\/div>\n\t\t\t\t<\/div>\n\t\t<div class=\"elementor-element elementor-element-88976b4 e-con-full e-flex e-con e-child\" data-id=\"88976b4\" data-element_type=\"container\" data-settings=\"{&quot;_ha_eqh_enable&quot;:false,&quot;ekit_has_onepagescroll_dot&quot;:&quot;yes&quot;}\">\n\t\t<div class=\"elementor-element elementor-element-6f3193b e-con-full e-flex e-con e-child\" data-id=\"6f3193b\" data-element_type=\"container\" data-settings=\"{&quot;_ha_eqh_enable&quot;:false,&quot;ekit_has_onepagescroll_dot&quot;:&quot;yes&quot;}\">\n\t\t\t\t<div class=\"elementor-element elementor-element-566e352 elementor-widget elementor-widget-image\" data-id=\"566e352\" data-element_type=\"widget\" data-settings=\"{&quot;ekit_we_effect_on&quot;:&quot;none&quot;}\" data-widget_type=\"image.default\">\n\t\t\t\t<div class=\"elementor-widget-container\">\n\t\t\t\t\t\t\t\t\t\t\t\t\t<img decoding=\"async\" width=\"600\" height=\"350\" src=\"https:\/\/ambulanceflight.com\/wp-content\/uploads\/2026\/01\/AeroMD-Citation-Bravo-Interior.jpg\" class=\"attachment-large size-large wp-image-2940\" alt=\"\" srcset=\"https:\/\/ambulanceflight.com\/wp-content\/uploads\/2026\/01\/AeroMD-Citation-Bravo-Interior.jpg 600w, https:\/\/ambulanceflight.com\/wp-content\/uploads\/2026\/01\/AeroMD-Citation-Bravo-Interior-300x175.jpg 300w\" sizes=\"(max-width: 600px) 100vw, 600px\" \/>\t\t\t\t\t\t\t\t\t\t\t\t\t<\/div>\n\t\t\t\t<\/div>\n\t\t\t\t<\/div>\n\t\t<div class=\"elementor-element elementor-element-3cee4fd e-con-full e-flex e-con e-child\" data-id=\"3cee4fd\" data-element_type=\"container\" data-settings=\"{&quot;_ha_eqh_enable&quot;:false,&quot;ekit_has_onepagescroll_dot&quot;:&quot;yes&quot;}\">\n\t\t\t\t<div class=\"elementor-element elementor-element-a446ba8 elementor-widget elementor-widget-image\" data-id=\"a446ba8\" data-element_type=\"widget\" data-settings=\"{&quot;ekit_we_effect_on&quot;:&quot;none&quot;}\" data-widget_type=\"image.default\">\n\t\t\t\t<div class=\"elementor-widget-container\">\n\t\t\t\t\t\t\t\t\t\t\t\t\t<img decoding=\"async\" width=\"800\" height=\"533\" src=\"https:\/\/ambulanceflight.com\/wp-content\/uploads\/2026\/01\/citation_550.jpg\" class=\"attachment-large size-large wp-image-2941\" alt=\"\" srcset=\"https:\/\/ambulanceflight.com\/wp-content\/uploads\/2026\/01\/citation_550.jpg 1000w, https:\/\/ambulanceflight.com\/wp-content\/uploads\/2026\/01\/citation_550-300x200.jpg 300w, https:\/\/ambulanceflight.com\/wp-content\/uploads\/2026\/01\/citation_550-768x511.jpg 768w\" sizes=\"(max-width: 800px) 100vw, 800px\" \/>\t\t\t\t\t\t\t\t\t\t\t\t\t<\/div>\n\t\t\t\t<\/div>\n\t\t\t\t<\/div>\n\t\t\t\t<\/div>\n\t\t\t\t\t<\/div>\n\t\t\t\t<\/div>\n\t\t<div class=\"elementor-element elementor-element-e72a43c e-flex e-con-boxed e-con e-parent\" data-id=\"e72a43c\" data-element_type=\"container\" data-settings=\"{&quot;background_background&quot;:&quot;classic&quot;,&quot;_ha_eqh_enable&quot;:false,&quot;ekit_has_onepagescroll_dot&quot;:&quot;yes&quot;}\">\n\t\t\t\t\t<div class=\"e-con-inner\">\n\t\t\t\t<div class=\"elementor-element elementor-element-40f9b3d elementor-widget elementor-widget-text-editor\" data-id=\"40f9b3d\" data-element_type=\"widget\" data-settings=\"{&quot;ekit_we_effect_on&quot;:&quot;none&quot;}\" data-widget_type=\"text-editor.default\">\n\t\t\t\t<div class=\"elementor-widget-container\">\n\t\t\t\t\t\t\t<p data-path-to-node=\"0\"> <\/p><p data-path-to-node=\"0\"><b data-path-to-node=\"0\" data-index-in-node=\"4\">Cessna Citation Bravo<\/b>, aeromedikal end\u00fcstrisinde olduk\u00e7a pop\u00fcler bir hafif jet olup, Citation II&#8217;nin halefi olarak bilinir. Maliyet-verimlilik, menzil ve kabin konforu aras\u0131nda m\u00fckemmel bir denge sa\u011flar. \u00d6zellikle omurga yaralanmas\u0131 olan veya harekete hassas hastalar\u0131n ta\u015f\u0131nmas\u0131nda \u00f6nemli bir avantaj olan trailing-link ini\u015f tak\u0131m\u0131 sayesinde d\u00fczg\u00fcn ini\u015f yetenekleriyle takdir edilir.  <\/p><p data-path-to-node=\"1\">Bravo&#8217;nun kabini sessiz ve bas\u0131n\u00e7l\u0131 olacak \u015fekilde tasarlanm\u0131\u015ft\u0131r, b\u00f6ylece t\u0131bbi ekip istikrarl\u0131 bir ortamda \u00e7al\u0131\u015fabilir. Hava ko\u015fullar\u0131n\u0131n \u00e7o\u011fundan ka\u00e7\u0131nmak i\u00e7in y\u00fcksek irtifada u\u00e7abilmektedir; bu da bir\u00e7ok turboprop alternatifinden daha h\u0131zl\u0131 ve konforlu bir yolculuk sa\u011flar. <\/p><h3 data-path-to-node=\"3\"> <\/h3><h3 data-path-to-node=\"3\">T\u0131bbi Ekipman<\/h3><p> <\/p><p data-path-to-node=\"4\">Citation Bravo, <b data-path-to-node=\"4\" data-index-in-node=\"37\">kompakt bir Yo\u011fun Bak\u0131m \u00dcnitesi (ICU)<\/b> olarak donat\u0131lm\u0131\u015ft\u0131r. Kabin d\u00fczeni, t\u0131bbi ekibin (doktor ve u\u00e7u\u015f hem\u015firesi) u\u00e7u\u015f s\u0131ras\u0131nda hastan\u0131n ba\u015f\u0131na ve g\u00f6vdesine kolayca eri\u015fim sa\u011flamas\u0131n\u0131 sa\u011flar; bu s\u00fcre\u00e7te hava yolu y\u00f6netimi ve izleme sa\u011flan\u0131r. <\/p><ul data-path-to-node=\"5\"><li><p data-path-to-node=\"5,0,0\">Yo\u011fun bak\u0131m ta\u015f\u0131ma ventilat\u00f6r\u00fc<\/p><\/li><li><p data-path-to-node=\"5,1,0\">\u00c7ok parametreli hasta monit\u00f6r\u00fc (EKG, SpO2, NIBP, EtCO2)<\/p><\/li><li><p data-path-to-node=\"5,2,0\">Defibrilat\u00f6r ve kalp monit\u00f6r\u00fc<\/p><\/li><li><p data-path-to-node=\"5,3,0\">Hassas \u015f\u0131r\u0131nga s\u00fcr\u00fcc\u00fcleri ve inf\u00fczyon pompalar\u0131<\/p><\/li><li><p data-path-to-node=\"5,4,0\">Ta\u015f\u0131nabilir emi\u015f \u00fcnitesi<\/p><\/li><li><p data-path-to-node=\"5,5,0\">Kan gaz\u0131 analiz\u00f6r\u00fc (EPOC)<\/p><\/li><li><p data-path-to-node=\"5,6,0\">Kapsaml\u0131 acil durum ve res\u00fcsitasyon kiti<\/p><\/li><li><p data-path-to-node=\"5,7,0\">Yenido\u011fan g\u00f6revleri i\u00e7in ta\u015f\u0131ma kulu\u00e7ka merkezi (iste\u011fe ba\u011fl\u0131)<\/p><\/li><li><p data-path-to-node=\"5,8,0\">Entegre t\u0131bbi oksijen ve 220V g\u00fc\u00e7 kayna\u011f\u0131<\/p><\/li><\/ul><blockquote data-path-to-node=\"6\"><p data-path-to-node=\"6,0\"><i data-path-to-node=\"6,0\" data-index-in-node=\"0\">T\u0131bbi konfig\u00fcrasyonlar her g\u00f6reve kesinlikle g\u00f6re ayarlan\u0131r. T\u0131bbi uzmanlar\u0131m\u0131z, hastan\u0131n \u00f6zel sa\u011fl\u0131k ihtiya\u00e7lar\u0131na g\u00f6re t\u00fcm gerekli \u00f6zel ekipmanlar\u0131n gemide olmas\u0131n\u0131 sa\u011flar. <\/i><\/p><p data-path-to-node=\"6,0\"> <\/p><\/blockquote><table data-path-to-node=\"9\"><thead><tr><td><strong>\u00d6zellik<\/strong><\/td><td><strong>Spesifikasyonu<\/strong><\/td><\/tr><\/thead><tbody><tr><td><span data-path-to-node=\"9,1,0,0\"><b data-path-to-node=\"9,1,0,0\" data-index-in-node=\"0\">Seyir<\/b><\/span><\/td><td><span data-path-to-node=\"9,1,1,0\">h\u0131z\u0131 yakla\u015f\u0131k 740 km\/s (400 kt)<\/span><\/td><\/tr><tr><td><span data-path-to-node=\"9,2,0,0\"><b data-path-to-node=\"9,2,0,0\" data-index-in-node=\"0\">Menzil<\/b><\/span><\/td><td><span data-path-to-node=\"9,2,1,0\">yakla\u015f\u0131k 3.200 km (1.720 nm)<\/span><\/td><\/tr><tr><td><span data-path-to-node=\"9,3,0,0\"><b data-path-to-node=\"9,3,0,0\" data-index-in-node=\"0\">Motorlar<\/b><\/span><\/td><td><span data-path-to-node=\"9,3,1,0\">2 x Pratt &amp; Whitney PW530A<\/span><\/td><\/tr><tr><td><span data-path-to-node=\"9,4,0,0\"><b data-path-to-node=\"9,4,0,0\" data-index-in-node=\"0\">Hizmet<\/b><\/span><\/td><td><span data-path-to-node=\"9,4,1,0\">Tavan\u0131 45.000 ft (13.716 m)<\/span><\/td><\/tr><tr><td><span data-path-to-node=\"9,5,0,0\"><b data-path-to-node=\"9,5,0,0\" data-index-in-node=\"0\">Ana Avantaj<\/b><\/span><\/td><td><span data-path-to-node=\"9,5,1,0\">Sorunsuz &#8220;trailing-link&#8221; ini\u015fleri ve y\u00fcksek irtifa verimlili\u011fi<\/span><\/td><\/tr><\/tbody><\/table>\t\t\t\t\t\t<\/div>\n\t\t\t\t<\/div>\n\t\t\t\t\t<\/div>\n\t\t\t\t<\/div>\n\t\t\t\t<\/div>\n\t\t","protected":false},"excerpt":{"rendered":"<p>Cessna Citation Bravo, aeromedikal end\u00fcstrisinde olduk\u00e7a pop\u00fcler bir hafif jet olup, Citation II&#8217;nin halefi olarak bilinir. Maliyet-verimlilik, menzil ve kabin konforu aras\u0131nda m\u00fckemmel bir denge sa\u011flar. \u00d6zellikle omurga yaralanmas\u0131 olan veya harekete hassas hastalar\u0131n ta\u015f\u0131nmas\u0131nda \u00f6nemli bir avantaj olan trailing-link ini\u015f tak\u0131m\u0131 sayesinde d\u00fczg\u00fcn ini\u015f yetenekleriyle takdir edilir. Bravo&#8217;nun kabini sessiz ve bas\u0131n\u00e7l\u0131 olacak \u015fekilde [&hellip;]<\/p>\n","protected":false},"author":1,"featured_media":0,"parent":1526,"menu_order":0,"comment_status":"closed","ping_status":"closed","template":"","meta":{"footnotes":""},"class_list":["post-1853","page","type-page","status-publish","hentry"],"yoast_head":"<!-- This site is optimized with the Yoast SEO plugin v27.6 - https:\/\/yoast.com\/product\/yoast-seo-wordpress\/ -->\n<title>Al\u0131nt\u0131 Bravo - K\u00fcresel Hava Ambulans Hizmetleri<\/title>\n<meta name=\"robots\" content=\"index, follow, max-snippet:-1, max-image-preview:large, max-video-preview:-1\" \/>\n<link rel=\"canonical\" href=\"https:\/\/ambulanceflight.com\/tr\/donanma\/hafif-jetler\/alinti-bravo\/\" \/>\n<meta property=\"og:locale\" content=\"tr_TR\" \/>\n<meta property=\"og:type\" content=\"article\" \/>\n<meta property=\"og:title\" content=\"Al\u0131nt\u0131 Bravo - K\u00fcresel Hava Ambulans Hizmetleri\" \/>\n<meta property=\"og:description\" content=\"Cessna Citation Bravo, aeromedikal end\u00fcstrisinde olduk\u00e7a pop\u00fcler bir hafif jet olup, Citation II&#8217;nin halefi olarak bilinir. Maliyet-verimlilik, menzil ve kabin konforu aras\u0131nda m\u00fckemmel bir denge sa\u011flar. \u00d6zellikle omurga yaralanmas\u0131 olan veya harekete hassas hastalar\u0131n ta\u015f\u0131nmas\u0131nda \u00f6nemli bir avantaj olan trailing-link ini\u015f tak\u0131m\u0131 sayesinde d\u00fczg\u00fcn ini\u015f yetenekleriyle takdir edilir. Bravo&#8217;nun kabini sessiz ve bas\u0131n\u00e7l\u0131 olacak \u015fekilde [&hellip;]\" \/>\n<meta property=\"og:url\" content=\"https:\/\/ambulanceflight.com\/tr\/donanma\/hafif-jetler\/alinti-bravo\/\" \/>\n<meta property=\"og:site_name\" content=\"K\u00fcresel Hava Ambulans Hizmetleri\" \/>\n<meta property=\"article:modified_time\" content=\"2026-04-15T14:22:03+00:00\" \/>\n<meta property=\"og:image\" content=\"http:\/\/ambulanceflight.com\/wp-content\/uploads\/2025\/12\/Cessna_550b_citation_bravo_cs-dhr_arp-1024x689.jpg\" \/>\n<meta name=\"twitter:card\" content=\"summary_large_image\" \/>\n<meta name=\"twitter:label1\" content=\"Tahmini okuma s\u00fcresi\" \/>\n\t<meta name=\"twitter:data1\" content=\"2 dakika\" \/>\n<script type=\"application\/ld+json\" class=\"yoast-schema-graph\">{\"@context\":\"https:\\\/\\\/schema.org\",\"@graph\":[{\"@type\":\"WebPage\",\"@id\":\"https:\\\/\\\/ambulanceflight.com\\\/tr\\\/donanma\\\/hafif-jetler\\\/alinti-bravo\\\/\",\"url\":\"https:\\\/\\\/ambulanceflight.com\\\/tr\\\/donanma\\\/hafif-jetler\\\/alinti-bravo\\\/\",\"name\":\"Al\u0131nt\u0131 Bravo - K\u00fcresel Hava Ambulans Hizmetleri\",\"isPartOf\":{\"@id\":\"https:\\\/\\\/ambulanceflight.com\\\/tr\\\/#website\"},\"primaryImageOfPage\":{\"@id\":\"https:\\\/\\\/ambulanceflight.com\\\/tr\\\/donanma\\\/hafif-jetler\\\/alinti-bravo\\\/#primaryimage\"},\"image\":{\"@id\":\"https:\\\/\\\/ambulanceflight.com\\\/tr\\\/donanma\\\/hafif-jetler\\\/alinti-bravo\\\/#primaryimage\"},\"thumbnailUrl\":\"http:\\\/\\\/ambulanceflight.com\\\/wp-content\\\/uploads\\\/2025\\\/12\\\/Cessna_550b_citation_bravo_cs-dhr_arp-1024x689.jpg\",\"datePublished\":\"2025-12-31T09:25:05+00:00\",\"dateModified\":\"2026-04-15T14:22:03+00:00\",\"breadcrumb\":{\"@id\":\"https:\\\/\\\/ambulanceflight.com\\\/tr\\\/donanma\\\/hafif-jetler\\\/alinti-bravo\\\/#breadcrumb\"},\"inLanguage\":\"tr\",\"potentialAction\":[{\"@type\":\"ReadAction\",\"target\":[\"https:\\\/\\\/ambulanceflight.com\\\/tr\\\/donanma\\\/hafif-jetler\\\/alinti-bravo\\\/\"]}]},{\"@type\":\"ImageObject\",\"inLanguage\":\"tr\",\"@id\":\"https:\\\/\\\/ambulanceflight.com\\\/tr\\\/donanma\\\/hafif-jetler\\\/alinti-bravo\\\/#primaryimage\",\"url\":\"http:\\\/\\\/ambulanceflight.com\\\/wp-content\\\/uploads\\\/2025\\\/12\\\/Cessna_550b_citation_bravo_cs-dhr_arp-1024x689.jpg\",\"contentUrl\":\"http:\\\/\\\/ambulanceflight.com\\\/wp-content\\\/uploads\\\/2025\\\/12\\\/Cessna_550b_citation_bravo_cs-dhr_arp-1024x689.jpg\"},{\"@type\":\"BreadcrumbList\",\"@id\":\"https:\\\/\\\/ambulanceflight.com\\\/tr\\\/donanma\\\/hafif-jetler\\\/alinti-bravo\\\/#breadcrumb\",\"itemListElement\":[{\"@type\":\"ListItem\",\"position\":1,\"name\":\"Home\",\"item\":\"https:\\\/\\\/ambulanceflight.com\\\/tr\\\/\"},{\"@type\":\"ListItem\",\"position\":2,\"name\":\"Donanma\",\"item\":\"https:\\\/\\\/ambulanceflight.com\\\/tr\\\/fleet\\\/\"},{\"@type\":\"ListItem\",\"position\":3,\"name\":\"Hafif Jetler\",\"item\":\"https:\\\/\\\/ambulanceflight.com\\\/tr\\\/fleet\\\/light-jets\\\/\"},{\"@type\":\"ListItem\",\"position\":4,\"name\":\"Al\u0131nt\u0131 Bravo\"}]},{\"@type\":\"WebSite\",\"@id\":\"https:\\\/\\\/ambulanceflight.com\\\/tr\\\/#website\",\"url\":\"https:\\\/\\\/ambulanceflight.com\\\/tr\\\/\",\"name\":\"K\u00fcresel Hava Ambulans Hizmetleri\",\"description\":\"D\u00fcnyan\u0131n her yerindeki hastalar i\u00e7in h\u0131zl\u0131, g\u00fcvenli ve tam donan\u0131ml\u0131 hava ambulans\u0131 transferleri.\",\"potentialAction\":[{\"@type\":\"SearchAction\",\"target\":{\"@type\":\"EntryPoint\",\"urlTemplate\":\"https:\\\/\\\/ambulanceflight.com\\\/tr\\\/?s={search_term_string}\"},\"query-input\":{\"@type\":\"PropertyValueSpecification\",\"valueRequired\":true,\"valueName\":\"search_term_string\"}}],\"inLanguage\":\"tr\"}]}<\/script>\n<!-- \/ Yoast SEO plugin. -->","yoast_head_json":{"title":"Al\u0131nt\u0131 Bravo - K\u00fcresel Hava Ambulans Hizmetleri","robots":{"index":"index","follow":"follow","max-snippet":"max-snippet:-1","max-image-preview":"max-image-preview:large","max-video-preview":"max-video-preview:-1"},"canonical":"https:\/\/ambulanceflight.com\/tr\/donanma\/hafif-jetler\/alinti-bravo\/","og_locale":"tr_TR","og_type":"article","og_title":"Al\u0131nt\u0131 Bravo - K\u00fcresel Hava Ambulans Hizmetleri","og_description":"Cessna Citation Bravo, aeromedikal end\u00fcstrisinde olduk\u00e7a pop\u00fcler bir hafif jet olup, Citation II&#8217;nin halefi olarak bilinir. Maliyet-verimlilik, menzil ve kabin konforu aras\u0131nda m\u00fckemmel bir denge sa\u011flar. \u00d6zellikle omurga yaralanmas\u0131 olan veya harekete hassas hastalar\u0131n ta\u015f\u0131nmas\u0131nda \u00f6nemli bir avantaj olan trailing-link ini\u015f tak\u0131m\u0131 sayesinde d\u00fczg\u00fcn ini\u015f yetenekleriyle takdir edilir. Bravo&#8217;nun kabini sessiz ve bas\u0131n\u00e7l\u0131 olacak \u015fekilde [&hellip;]","og_url":"https:\/\/ambulanceflight.com\/tr\/donanma\/hafif-jetler\/alinti-bravo\/","og_site_name":"K\u00fcresel Hava Ambulans Hizmetleri","article_modified_time":"2026-04-15T14:22:03+00:00","og_image":[{"url":"http:\/\/ambulanceflight.com\/wp-content\/uploads\/2025\/12\/Cessna_550b_citation_bravo_cs-dhr_arp-1024x689.jpg","type":"","width":"","height":""}],"twitter_card":"summary_large_image","twitter_misc":{"Tahmini okuma s\u00fcresi":"2 dakika"},"schema":{"@context":"https:\/\/schema.org","@graph":[{"@type":"WebPage","@id":"https:\/\/ambulanceflight.com\/tr\/donanma\/hafif-jetler\/alinti-bravo\/","url":"https:\/\/ambulanceflight.com\/tr\/donanma\/hafif-jetler\/alinti-bravo\/","name":"Al\u0131nt\u0131 Bravo - K\u00fcresel Hava Ambulans Hizmetleri","isPartOf":{"@id":"https:\/\/ambulanceflight.com\/tr\/#website"},"primaryImageOfPage":{"@id":"https:\/\/ambulanceflight.com\/tr\/donanma\/hafif-jetler\/alinti-bravo\/#primaryimage"},"image":{"@id":"https:\/\/ambulanceflight.com\/tr\/donanma\/hafif-jetler\/alinti-bravo\/#primaryimage"},"thumbnailUrl":"http:\/\/ambulanceflight.com\/wp-content\/uploads\/2025\/12\/Cessna_550b_citation_bravo_cs-dhr_arp-1024x689.jpg","datePublished":"2025-12-31T09:25:05+00:00","dateModified":"2026-04-15T14:22:03+00:00","breadcrumb":{"@id":"https:\/\/ambulanceflight.com\/tr\/donanma\/hafif-jetler\/alinti-bravo\/#breadcrumb"},"inLanguage":"tr","potentialAction":[{"@type":"ReadAction","target":["https:\/\/ambulanceflight.com\/tr\/donanma\/hafif-jetler\/alinti-bravo\/"]}]},{"@type":"ImageObject","inLanguage":"tr","@id":"https:\/\/ambulanceflight.com\/tr\/donanma\/hafif-jetler\/alinti-bravo\/#primaryimage","url":"http:\/\/ambulanceflight.com\/wp-content\/uploads\/2025\/12\/Cessna_550b_citation_bravo_cs-dhr_arp-1024x689.jpg","contentUrl":"http:\/\/ambulanceflight.com\/wp-content\/uploads\/2025\/12\/Cessna_550b_citation_bravo_cs-dhr_arp-1024x689.jpg"},{"@type":"BreadcrumbList","@id":"https:\/\/ambulanceflight.com\/tr\/donanma\/hafif-jetler\/alinti-bravo\/#breadcrumb","itemListElement":[{"@type":"ListItem","position":1,"name":"Home","item":"https:\/\/ambulanceflight.com\/tr\/"},{"@type":"ListItem","position":2,"name":"Donanma","item":"https:\/\/ambulanceflight.com\/tr\/fleet\/"},{"@type":"ListItem","position":3,"name":"Hafif Jetler","item":"https:\/\/ambulanceflight.com\/tr\/fleet\/light-jets\/"},{"@type":"ListItem","position":4,"name":"Al\u0131nt\u0131 Bravo"}]},{"@type":"WebSite","@id":"https:\/\/ambulanceflight.com\/tr\/#website","url":"https:\/\/ambulanceflight.com\/tr\/","name":"K\u00fcresel Hava Ambulans Hizmetleri","description":"D\u00fcnyan\u0131n her yerindeki hastalar i\u00e7in h\u0131zl\u0131, g\u00fcvenli ve tam donan\u0131ml\u0131 hava ambulans\u0131 transferleri.","potentialAction":[{"@type":"SearchAction","target":{"@type":"EntryPoint","urlTemplate":"https:\/\/ambulanceflight.com\/tr\/?s={search_term_string}"},"query-input":{"@type":"PropertyValueSpecification","valueRequired":true,"valueName":"search_term_string"}}],"inLanguage":"tr"}]}},"_links":{"self":[{"href":"https:\/\/ambulanceflight.com\/tr\/wp-json\/wp\/v2\/pages\/1853","targetHints":{"allow":["GET"]}}],"collection":[{"href":"https:\/\/ambulanceflight.com\/tr\/wp-json\/wp\/v2\/pages"}],"about":[{"href":"https:\/\/ambulanceflight.com\/tr\/wp-json\/wp\/v2\/types\/page"}],"author":[{"embeddable":true,"href":"https:\/\/ambulanceflight.com\/tr\/wp-json\/wp\/v2\/users\/1"}],"replies":[{"embeddable":true,"href":"https:\/\/ambulanceflight.com\/tr\/wp-json\/wp\/v2\/comments?post=1853"}],"version-history":[{"count":3,"href":"https:\/\/ambulanceflight.com\/tr\/wp-json\/wp\/v2\/pages\/1853\/revisions"}],"predecessor-version":[{"id":2942,"href":"https:\/\/ambulanceflight.com\/tr\/wp-json\/wp\/v2\/pages\/1853\/revisions\/2942"}],"up":[{"embeddable":true,"href":"https:\/\/ambulanceflight.com\/tr\/wp-json\/wp\/v2\/pages\/1526"}],"wp:attachment":[{"href":"https:\/\/ambulanceflight.com\/tr\/wp-json\/wp\/v2\/media?parent=1853"}],"curies":[{"name":"wp","href":"https:\/\/api.w.org\/{rel}","templated":true}]}}