{"id":1806,"date":"2025-12-31T09:10:41","date_gmt":"2025-12-31T09:10:41","guid":{"rendered":"https:\/\/ambulanceflight.com\/beechcraft-400\/"},"modified":"2026-04-15T14:22:03","modified_gmt":"2026-04-15T14:22:03","slug":"beechcraft-400","status":"publish","type":"page","link":"https:\/\/ambulanceflight.com\/tr\/donanma\/hafif-jetler\/beechcraft-400\/","title":{"rendered":"Beechcraft 400"},"content":{"rendered":"\t\t<div data-elementor-type=\"wp-page\" data-elementor-id=\"1806\" class=\"elementor elementor-1806 elementor-1796\" data-elementor-settings=\"{&quot;ha_cmc_init_switcher&quot;:&quot;no&quot;}\" data-elementor-post-type=\"page\">\n\t\t\t\t<div class=\"elementor-element elementor-element-12c2d01 e-flex e-con-boxed e-con e-parent\" data-id=\"12c2d01\" data-element_type=\"container\" data-settings=\"{&quot;_ha_eqh_enable&quot;:false,&quot;ekit_has_onepagescroll_dot&quot;:&quot;yes&quot;}\">\n\t\t\t\t\t<div class=\"e-con-inner\">\n\t\t<div class=\"elementor-element elementor-element-c408f2a e-con-full e-flex e-con e-child\" data-id=\"c408f2a\" data-element_type=\"container\" data-settings=\"{&quot;_ha_eqh_enable&quot;:false,&quot;ekit_has_onepagescroll_dot&quot;:&quot;yes&quot;}\">\n\t\t\t\t<div class=\"elementor-element elementor-element-7d0ebcc elementor-widget elementor-widget-image\" data-id=\"7d0ebcc\" data-element_type=\"widget\" data-settings=\"{&quot;ekit_we_effect_on&quot;:&quot;none&quot;}\" data-widget_type=\"image.default\">\n\t\t\t\t<div class=\"elementor-widget-container\">\n\t\t\t\t\t\t\t\t\t\t\t\t\t<img fetchpriority=\"high\" decoding=\"async\" width=\"800\" height=\"600\" src=\"https:\/\/ambulanceflight.com\/wp-content\/uploads\/2026\/01\/PHOTO-2026-01-23-13-42-15-1024x768.jpg\" class=\"attachment-large size-large wp-image-2915\" alt=\"\" srcset=\"https:\/\/ambulanceflight.com\/wp-content\/uploads\/2026\/01\/PHOTO-2026-01-23-13-42-15-1024x768.jpg 1024w, https:\/\/ambulanceflight.com\/wp-content\/uploads\/2026\/01\/PHOTO-2026-01-23-13-42-15-300x225.jpg 300w, https:\/\/ambulanceflight.com\/wp-content\/uploads\/2026\/01\/PHOTO-2026-01-23-13-42-15-768x576.jpg 768w, https:\/\/ambulanceflight.com\/wp-content\/uploads\/2026\/01\/PHOTO-2026-01-23-13-42-15-1536x1152.jpg 1536w, https:\/\/ambulanceflight.com\/wp-content\/uploads\/2026\/01\/PHOTO-2026-01-23-13-42-15.jpg 1600w\" sizes=\"(max-width: 800px) 100vw, 800px\" \/>\t\t\t\t\t\t\t\t\t\t\t\t\t<\/div>\n\t\t\t\t<\/div>\n\t\t\t\t<\/div>\n\t\t<div class=\"elementor-element elementor-element-4e16e10 e-con-full e-flex e-con e-child\" data-id=\"4e16e10\" data-element_type=\"container\" data-settings=\"{&quot;_ha_eqh_enable&quot;:false,&quot;ekit_has_onepagescroll_dot&quot;:&quot;yes&quot;}\">\n\t\t<div class=\"elementor-element elementor-element-023a6a5 e-con-full e-flex e-con e-child\" data-id=\"023a6a5\" data-element_type=\"container\" data-settings=\"{&quot;_ha_eqh_enable&quot;:false,&quot;ekit_has_onepagescroll_dot&quot;:&quot;yes&quot;}\">\n\t\t\t\t<div class=\"elementor-element elementor-element-410e7c2 elementor-widget elementor-widget-image\" data-id=\"410e7c2\" data-element_type=\"widget\" data-settings=\"{&quot;ekit_we_effect_on&quot;:&quot;none&quot;}\" data-widget_type=\"image.default\">\n\t\t\t\t<div class=\"elementor-widget-container\">\n\t\t\t\t\t\t\t\t\t\t\t\t\t<img decoding=\"async\" width=\"800\" height=\"534\" src=\"https:\/\/ambulanceflight.com\/wp-content\/uploads\/2026\/01\/PHOTO-2026-01-23-13-42-28.jpg\" class=\"attachment-large size-large wp-image-2916\" alt=\"\" srcset=\"https:\/\/ambulanceflight.com\/wp-content\/uploads\/2026\/01\/PHOTO-2026-01-23-13-42-28.jpg 1024w, https:\/\/ambulanceflight.com\/wp-content\/uploads\/2026\/01\/PHOTO-2026-01-23-13-42-28-300x200.jpg 300w, https:\/\/ambulanceflight.com\/wp-content\/uploads\/2026\/01\/PHOTO-2026-01-23-13-42-28-768x512.jpg 768w\" sizes=\"(max-width: 800px) 100vw, 800px\" \/>\t\t\t\t\t\t\t\t\t\t\t\t\t<\/div>\n\t\t\t\t<\/div>\n\t\t\t\t<\/div>\n\t\t<div class=\"elementor-element elementor-element-9fe0051 e-con-full e-flex e-con e-child\" data-id=\"9fe0051\" data-element_type=\"container\" data-settings=\"{&quot;_ha_eqh_enable&quot;:false,&quot;ekit_has_onepagescroll_dot&quot;:&quot;yes&quot;}\">\n\t\t\t\t<\/div>\n\t\t\t\t<\/div>\n\t\t\t\t\t<\/div>\n\t\t\t\t<\/div>\n\t\t<div class=\"elementor-element elementor-element-610dcd6 e-flex e-con-boxed e-con e-parent\" data-id=\"610dcd6\" data-element_type=\"container\" data-settings=\"{&quot;background_background&quot;:&quot;classic&quot;,&quot;_ha_eqh_enable&quot;:false,&quot;ekit_has_onepagescroll_dot&quot;:&quot;yes&quot;}\">\n\t\t\t\t\t<div class=\"e-con-inner\">\n\t\t\t\t<div class=\"elementor-element elementor-element-0f5950a elementor-widget elementor-widget-text-editor\" data-id=\"0f5950a\" data-element_type=\"widget\" data-settings=\"{&quot;ekit_we_effect_on&quot;:&quot;none&quot;}\" data-widget_type=\"text-editor.default\">\n\t\t\t\t<div class=\"elementor-widget-container\">\n\t\t\t\t\t\t\t<p data-path-to-node=\"0\"> <\/p><p data-path-to-node=\"0\"><b data-path-to-node=\"0\" data-index-in-node=\"4\">Beechcraft 400 (Beechjet),<\/b> benzersiz &#8220;dikey oval&#8221; kabin tasar\u0131m\u0131yla geni\u015f \u00e7apta tan\u0131nan son derece verimli bir hafif jet jetidir. Bu \u015fekil, tipik dairesel kabinlere g\u00f6re daha fazla ba\u015f ve omuz alan\u0131 sa\u011flar ve hava ambulans\u0131 g\u00f6revleri i\u00e7in m\u00fckemmel bir platform haline gelir. <\/p><p data-path-to-node=\"1\">Jet olarak, turboproplara g\u00f6re \u00f6nemli bir h\u0131z avantaj\u0131 sunar ve hastalar\u0131n k\u0131talar aras\u0131nda h\u0131zl\u0131 transferini sa\u011flar. \u00d6zellikle ak\u0131c\u0131 u\u00e7u\u015f \u00f6zellikleri ve y\u00fcksek irtifada u\u00e7abilme yetene\u011fi nedeniyle de\u011fer g\u00f6r\u00fcr; bu durum \u00e7o\u011fu hava t\u00fcrb\u00fclans\u0131ndan ka\u00e7\u0131narak en y\u00fcksek hasta konforu ve stabilitesini sa\u011flar. <\/p><p data-path-to-node=\"1\"> <\/p><h3 data-path-to-node=\"3\">T\u0131bbi Ekipman<\/h3><p data-path-to-node=\"4\">Beechcraft 400, <b data-path-to-node=\"4\" data-index-in-node=\"36\">son teknoloji mobil yo\u011fun bak\u0131m \u00fcnitesi<\/b> olarak donat\u0131lm\u0131\u015ft\u0131r. Geni\u015f i\u00e7 mekan\u0131, t\u0131bbi ekibin hastaya tam eri\u015fim sa\u011flamas\u0131n\u0131 sa\u011flar; bu, y\u00fcksek h\u0131zl\u0131 ula\u015f\u0131m s\u0131ras\u0131nda izleme ve acil m\u00fcdahaleler i\u00e7in hayati \u00f6neme sahiptir. <\/p><ul data-path-to-node=\"5\"><li><p data-path-to-node=\"5,0,0\">\u0130leri yo\u011fun bak\u0131m ventilat\u00f6r\u00fc<\/p><\/li><li><p data-path-to-node=\"5,1,0\">\u00c7ok parametreli hasta monit\u00f6r\u00fc (EKG, SpO2, NIBP)<\/p><\/li><li><p data-path-to-node=\"5,2,0\">Defibrilat\u00f6r ve harici kalp pili<\/p><\/li><li><p data-path-to-node=\"5,3,0\">Hassas inf\u00fczyon pompalar\u0131 ve \u015f\u0131r\u0131nga s\u00fcr\u00fcc\u00fcleri<\/p><\/li><li><p data-path-to-node=\"5,4,0\">Ta\u015f\u0131nabilir emi\u015f \u00fcnitesi<\/p><\/li><li><p data-path-to-node=\"5,5,0\">Kan gaz\u0131 analiz sistemi (EPOC)<\/p><\/li><li><p data-path-to-node=\"5,6,0\">\u00d6zel res\u00fcsitasyon ve acil durum kiti<\/p><\/li><li><p data-path-to-node=\"5,7,0\">Yenido\u011fan ta\u015f\u0131ma kulu\u00e7ka kapasitesi<\/p><\/li><li><p data-path-to-node=\"5,8,0\">Y\u00fcksek ak\u0131\u015fl\u0131 t\u0131bbi oksijen sistemi<\/p><\/li><\/ul><p> <\/p><table data-path-to-node=\"9\"><thead><tr><td><strong>\u00d6zellik<\/strong><\/td><td><strong>Spesifikasyonu<\/strong><\/td><\/tr><\/thead><tbody><tr><td><span data-path-to-node=\"9,1,0,0\"><b data-path-to-node=\"9,1,0,0\" data-index-in-node=\"0\">Seyir<\/b><\/span><\/td><td><span data-path-to-node=\"9,1,1,0\">h\u0131z\u0131 yakla\u015f\u0131k 830 km\/s (450 kt)<\/span><\/td><\/tr><tr><td><span data-path-to-node=\"9,2,0,0\"><b data-path-to-node=\"9,2,0,0\" data-index-in-node=\"0\">Menzil<\/b><\/span><\/td><td><span data-path-to-node=\"9,2,1,0\">yakla\u015f\u0131k 2.700 km (1.450 nm)<\/span><\/td><\/tr><tr><td><span data-path-to-node=\"9,3,0,0\"><b data-path-to-node=\"9,3,0,0\" data-index-in-node=\"0\"><\/b><\/span><\/td><td><span data-path-to-node=\"9,3,1,0\">Lokomotifler 2 x Pratt &amp; Whitney JT15D-5<\/span><\/td><\/tr><tr><td><span data-path-to-node=\"9,4,0,0\"><b data-path-to-node=\"9,4,0,0\" data-index-in-node=\"0\">Hizmet<\/b><\/span><\/td><td><span data-path-to-node=\"9,4,1,0\">Tavan\u0131 45.000 ft (13.716 m)<\/span><\/td><\/tr><tr><td><span data-path-to-node=\"9,5,0,0\"><b data-path-to-node=\"9,5,0,0\" data-index-in-node=\"0\">Key Advantage<\/b><\/span><\/td><td><span data-path-to-node=\"9,5,1,0\">Y\u00fcksek h\u0131z ve \u00fcst\u00fcn kabin omuz alan\u0131<\/span><\/td><\/tr><\/tbody><\/table>\t\t\t\t\t\t<\/div>\n\t\t\t\t<\/div>\n\t\t\t\t\t<\/div>\n\t\t\t\t<\/div>\n\t\t\t\t<\/div>\n\t\t","protected":false},"excerpt":{"rendered":"<p>Beechcraft 400 (Beechjet), benzersiz &#8220;dikey oval&#8221; kabin tasar\u0131m\u0131yla geni\u015f \u00e7apta tan\u0131nan son derece verimli bir hafif jet jetidir. Bu \u015fekil, tipik dairesel kabinlere g\u00f6re daha fazla ba\u015f ve omuz alan\u0131 sa\u011flar ve hava ambulans\u0131 g\u00f6revleri i\u00e7in m\u00fckemmel bir platform haline gelir. Jet olarak, turboproplara g\u00f6re \u00f6nemli bir h\u0131z avantaj\u0131 sunar ve hastalar\u0131n k\u0131talar aras\u0131nda h\u0131zl\u0131 [&hellip;]<\/p>\n","protected":false},"author":1,"featured_media":0,"parent":1526,"menu_order":0,"comment_status":"closed","ping_status":"closed","template":"","meta":{"footnotes":""},"class_list":["post-1806","page","type-page","status-publish","hentry"],"yoast_head":"<!-- This site is optimized with the Yoast SEO plugin v27.6 - https:\/\/yoast.com\/product\/yoast-seo-wordpress\/ -->\n<title>Beechcraft 400 - K\u00fcresel Hava Ambulans Hizmetleri<\/title>\n<meta name=\"robots\" content=\"index, follow, max-snippet:-1, max-image-preview:large, max-video-preview:-1\" \/>\n<link rel=\"canonical\" href=\"https:\/\/ambulanceflight.com\/tr\/donanma\/hafif-jetler\/beechcraft-400\/\" \/>\n<meta property=\"og:locale\" content=\"tr_TR\" \/>\n<meta property=\"og:type\" content=\"article\" \/>\n<meta property=\"og:title\" content=\"Beechcraft 400 - K\u00fcresel Hava Ambulans Hizmetleri\" \/>\n<meta property=\"og:description\" content=\"Beechcraft 400 (Beechjet), benzersiz &#8220;dikey oval&#8221; kabin tasar\u0131m\u0131yla geni\u015f \u00e7apta tan\u0131nan son derece verimli bir hafif jet jetidir. Bu \u015fekil, tipik dairesel kabinlere g\u00f6re daha fazla ba\u015f ve omuz alan\u0131 sa\u011flar ve hava ambulans\u0131 g\u00f6revleri i\u00e7in m\u00fckemmel bir platform haline gelir. Jet olarak, turboproplara g\u00f6re \u00f6nemli bir h\u0131z avantaj\u0131 sunar ve hastalar\u0131n k\u0131talar aras\u0131nda h\u0131zl\u0131 [&hellip;]\" \/>\n<meta property=\"og:url\" content=\"https:\/\/ambulanceflight.com\/tr\/donanma\/hafif-jetler\/beechcraft-400\/\" \/>\n<meta property=\"og:site_name\" content=\"K\u00fcresel Hava Ambulans Hizmetleri\" \/>\n<meta property=\"article:modified_time\" content=\"2026-04-15T14:22:03+00:00\" \/>\n<meta property=\"og:image\" content=\"http:\/\/ambulanceflight.com\/wp-content\/uploads\/2026\/01\/PHOTO-2026-01-23-13-42-15-1024x768.jpg\" \/>\n<meta name=\"twitter:card\" content=\"summary_large_image\" \/>\n<meta name=\"twitter:label1\" content=\"Tahmini okuma s\u00fcresi\" \/>\n\t<meta name=\"twitter:data1\" content=\"1 dakika\" \/>\n<script type=\"application\/ld+json\" class=\"yoast-schema-graph\">{\"@context\":\"https:\\\/\\\/schema.org\",\"@graph\":[{\"@type\":\"WebPage\",\"@id\":\"https:\\\/\\\/ambulanceflight.com\\\/tr\\\/donanma\\\/hafif-jetler\\\/beechcraft-400\\\/\",\"url\":\"https:\\\/\\\/ambulanceflight.com\\\/tr\\\/donanma\\\/hafif-jetler\\\/beechcraft-400\\\/\",\"name\":\"Beechcraft 400 - K\u00fcresel Hava Ambulans Hizmetleri\",\"isPartOf\":{\"@id\":\"https:\\\/\\\/ambulanceflight.com\\\/tr\\\/#website\"},\"primaryImageOfPage\":{\"@id\":\"https:\\\/\\\/ambulanceflight.com\\\/tr\\\/donanma\\\/hafif-jetler\\\/beechcraft-400\\\/#primaryimage\"},\"image\":{\"@id\":\"https:\\\/\\\/ambulanceflight.com\\\/tr\\\/donanma\\\/hafif-jetler\\\/beechcraft-400\\\/#primaryimage\"},\"thumbnailUrl\":\"http:\\\/\\\/ambulanceflight.com\\\/wp-content\\\/uploads\\\/2026\\\/01\\\/PHOTO-2026-01-23-13-42-15-1024x768.jpg\",\"datePublished\":\"2025-12-31T09:10:41+00:00\",\"dateModified\":\"2026-04-15T14:22:03+00:00\",\"breadcrumb\":{\"@id\":\"https:\\\/\\\/ambulanceflight.com\\\/tr\\\/donanma\\\/hafif-jetler\\\/beechcraft-400\\\/#breadcrumb\"},\"inLanguage\":\"tr\",\"potentialAction\":[{\"@type\":\"ReadAction\",\"target\":[\"https:\\\/\\\/ambulanceflight.com\\\/tr\\\/donanma\\\/hafif-jetler\\\/beechcraft-400\\\/\"]}]},{\"@type\":\"ImageObject\",\"inLanguage\":\"tr\",\"@id\":\"https:\\\/\\\/ambulanceflight.com\\\/tr\\\/donanma\\\/hafif-jetler\\\/beechcraft-400\\\/#primaryimage\",\"url\":\"http:\\\/\\\/ambulanceflight.com\\\/wp-content\\\/uploads\\\/2026\\\/01\\\/PHOTO-2026-01-23-13-42-15-1024x768.jpg\",\"contentUrl\":\"http:\\\/\\\/ambulanceflight.com\\\/wp-content\\\/uploads\\\/2026\\\/01\\\/PHOTO-2026-01-23-13-42-15-1024x768.jpg\"},{\"@type\":\"BreadcrumbList\",\"@id\":\"https:\\\/\\\/ambulanceflight.com\\\/tr\\\/donanma\\\/hafif-jetler\\\/beechcraft-400\\\/#breadcrumb\",\"itemListElement\":[{\"@type\":\"ListItem\",\"position\":1,\"name\":\"Home\",\"item\":\"https:\\\/\\\/ambulanceflight.com\\\/tr\\\/\"},{\"@type\":\"ListItem\",\"position\":2,\"name\":\"Donanma\",\"item\":\"https:\\\/\\\/ambulanceflight.com\\\/tr\\\/fleet\\\/\"},{\"@type\":\"ListItem\",\"position\":3,\"name\":\"Hafif Jetler\",\"item\":\"https:\\\/\\\/ambulanceflight.com\\\/tr\\\/fleet\\\/light-jets\\\/\"},{\"@type\":\"ListItem\",\"position\":4,\"name\":\"Beechcraft 400\"}]},{\"@type\":\"WebSite\",\"@id\":\"https:\\\/\\\/ambulanceflight.com\\\/tr\\\/#website\",\"url\":\"https:\\\/\\\/ambulanceflight.com\\\/tr\\\/\",\"name\":\"K\u00fcresel Hava Ambulans Hizmetleri\",\"description\":\"D\u00fcnyan\u0131n her yerindeki hastalar i\u00e7in h\u0131zl\u0131, g\u00fcvenli ve tam donan\u0131ml\u0131 hava ambulans\u0131 transferleri.\",\"potentialAction\":[{\"@type\":\"SearchAction\",\"target\":{\"@type\":\"EntryPoint\",\"urlTemplate\":\"https:\\\/\\\/ambulanceflight.com\\\/tr\\\/?s={search_term_string}\"},\"query-input\":{\"@type\":\"PropertyValueSpecification\",\"valueRequired\":true,\"valueName\":\"search_term_string\"}}],\"inLanguage\":\"tr\"}]}<\/script>\n<!-- \/ Yoast SEO plugin. -->","yoast_head_json":{"title":"Beechcraft 400 - K\u00fcresel Hava Ambulans Hizmetleri","robots":{"index":"index","follow":"follow","max-snippet":"max-snippet:-1","max-image-preview":"max-image-preview:large","max-video-preview":"max-video-preview:-1"},"canonical":"https:\/\/ambulanceflight.com\/tr\/donanma\/hafif-jetler\/beechcraft-400\/","og_locale":"tr_TR","og_type":"article","og_title":"Beechcraft 400 - K\u00fcresel Hava Ambulans Hizmetleri","og_description":"Beechcraft 400 (Beechjet), benzersiz &#8220;dikey oval&#8221; kabin tasar\u0131m\u0131yla geni\u015f \u00e7apta tan\u0131nan son derece verimli bir hafif jet jetidir. Bu \u015fekil, tipik dairesel kabinlere g\u00f6re daha fazla ba\u015f ve omuz alan\u0131 sa\u011flar ve hava ambulans\u0131 g\u00f6revleri i\u00e7in m\u00fckemmel bir platform haline gelir. Jet olarak, turboproplara g\u00f6re \u00f6nemli bir h\u0131z avantaj\u0131 sunar ve hastalar\u0131n k\u0131talar aras\u0131nda h\u0131zl\u0131 [&hellip;]","og_url":"https:\/\/ambulanceflight.com\/tr\/donanma\/hafif-jetler\/beechcraft-400\/","og_site_name":"K\u00fcresel Hava Ambulans Hizmetleri","article_modified_time":"2026-04-15T14:22:03+00:00","og_image":[{"url":"http:\/\/ambulanceflight.com\/wp-content\/uploads\/2026\/01\/PHOTO-2026-01-23-13-42-15-1024x768.jpg","type":"","width":"","height":""}],"twitter_card":"summary_large_image","twitter_misc":{"Tahmini okuma s\u00fcresi":"1 dakika"},"schema":{"@context":"https:\/\/schema.org","@graph":[{"@type":"WebPage","@id":"https:\/\/ambulanceflight.com\/tr\/donanma\/hafif-jetler\/beechcraft-400\/","url":"https:\/\/ambulanceflight.com\/tr\/donanma\/hafif-jetler\/beechcraft-400\/","name":"Beechcraft 400 - K\u00fcresel Hava Ambulans Hizmetleri","isPartOf":{"@id":"https:\/\/ambulanceflight.com\/tr\/#website"},"primaryImageOfPage":{"@id":"https:\/\/ambulanceflight.com\/tr\/donanma\/hafif-jetler\/beechcraft-400\/#primaryimage"},"image":{"@id":"https:\/\/ambulanceflight.com\/tr\/donanma\/hafif-jetler\/beechcraft-400\/#primaryimage"},"thumbnailUrl":"http:\/\/ambulanceflight.com\/wp-content\/uploads\/2026\/01\/PHOTO-2026-01-23-13-42-15-1024x768.jpg","datePublished":"2025-12-31T09:10:41+00:00","dateModified":"2026-04-15T14:22:03+00:00","breadcrumb":{"@id":"https:\/\/ambulanceflight.com\/tr\/donanma\/hafif-jetler\/beechcraft-400\/#breadcrumb"},"inLanguage":"tr","potentialAction":[{"@type":"ReadAction","target":["https:\/\/ambulanceflight.com\/tr\/donanma\/hafif-jetler\/beechcraft-400\/"]}]},{"@type":"ImageObject","inLanguage":"tr","@id":"https:\/\/ambulanceflight.com\/tr\/donanma\/hafif-jetler\/beechcraft-400\/#primaryimage","url":"http:\/\/ambulanceflight.com\/wp-content\/uploads\/2026\/01\/PHOTO-2026-01-23-13-42-15-1024x768.jpg","contentUrl":"http:\/\/ambulanceflight.com\/wp-content\/uploads\/2026\/01\/PHOTO-2026-01-23-13-42-15-1024x768.jpg"},{"@type":"BreadcrumbList","@id":"https:\/\/ambulanceflight.com\/tr\/donanma\/hafif-jetler\/beechcraft-400\/#breadcrumb","itemListElement":[{"@type":"ListItem","position":1,"name":"Home","item":"https:\/\/ambulanceflight.com\/tr\/"},{"@type":"ListItem","position":2,"name":"Donanma","item":"https:\/\/ambulanceflight.com\/tr\/fleet\/"},{"@type":"ListItem","position":3,"name":"Hafif Jetler","item":"https:\/\/ambulanceflight.com\/tr\/fleet\/light-jets\/"},{"@type":"ListItem","position":4,"name":"Beechcraft 400"}]},{"@type":"WebSite","@id":"https:\/\/ambulanceflight.com\/tr\/#website","url":"https:\/\/ambulanceflight.com\/tr\/","name":"K\u00fcresel Hava Ambulans Hizmetleri","description":"D\u00fcnyan\u0131n her yerindeki hastalar i\u00e7in h\u0131zl\u0131, g\u00fcvenli ve tam donan\u0131ml\u0131 hava ambulans\u0131 transferleri.","potentialAction":[{"@type":"SearchAction","target":{"@type":"EntryPoint","urlTemplate":"https:\/\/ambulanceflight.com\/tr\/?s={search_term_string}"},"query-input":{"@type":"PropertyValueSpecification","valueRequired":true,"valueName":"search_term_string"}}],"inLanguage":"tr"}]}},"_links":{"self":[{"href":"https:\/\/ambulanceflight.com\/tr\/wp-json\/wp\/v2\/pages\/1806","targetHints":{"allow":["GET"]}}],"collection":[{"href":"https:\/\/ambulanceflight.com\/tr\/wp-json\/wp\/v2\/pages"}],"about":[{"href":"https:\/\/ambulanceflight.com\/tr\/wp-json\/wp\/v2\/types\/page"}],"author":[{"embeddable":true,"href":"https:\/\/ambulanceflight.com\/tr\/wp-json\/wp\/v2\/users\/1"}],"replies":[{"embeddable":true,"href":"https:\/\/ambulanceflight.com\/tr\/wp-json\/wp\/v2\/comments?post=1806"}],"version-history":[{"count":3,"href":"https:\/\/ambulanceflight.com\/tr\/wp-json\/wp\/v2\/pages\/1806\/revisions"}],"predecessor-version":[{"id":2917,"href":"https:\/\/ambulanceflight.com\/tr\/wp-json\/wp\/v2\/pages\/1806\/revisions\/2917"}],"up":[{"embeddable":true,"href":"https:\/\/ambulanceflight.com\/tr\/wp-json\/wp\/v2\/pages\/1526"}],"wp:attachment":[{"href":"https:\/\/ambulanceflight.com\/tr\/wp-json\/wp\/v2\/media?parent=1806"}],"curies":[{"name":"wp","href":"https:\/\/api.w.org\/{rel}","templated":true}]}}