{"id":1784,"date":"2025-12-31T09:01:32","date_gmt":"2025-12-31T09:01:32","guid":{"rendered":"https:\/\/ambulanceflight.com\/alinti-v\/"},"modified":"2026-04-15T14:22:03","modified_gmt":"2026-04-15T14:22:03","slug":"alinti-v","status":"publish","type":"page","link":"https:\/\/ambulanceflight.com\/tr\/donanma\/hafif-jetler\/alinti-v\/","title":{"rendered":"Al\u0131nt\u0131 V"},"content":{"rendered":"\t\t<div data-elementor-type=\"wp-page\" data-elementor-id=\"1784\" class=\"elementor elementor-1784 elementor-1774\" data-elementor-settings=\"{&quot;ha_cmc_init_switcher&quot;:&quot;no&quot;}\" data-elementor-post-type=\"page\">\n\t\t\t\t<div class=\"elementor-element elementor-element-9c9f9b2 e-flex e-con-boxed e-con e-parent\" data-id=\"9c9f9b2\" data-element_type=\"container\" data-settings=\"{&quot;_ha_eqh_enable&quot;:false,&quot;ekit_has_onepagescroll_dot&quot;:&quot;yes&quot;}\">\n\t\t\t\t\t<div class=\"e-con-inner\">\n\t\t<div class=\"elementor-element elementor-element-9db09f4 e-con-full e-flex e-con e-child\" data-id=\"9db09f4\" data-element_type=\"container\" data-settings=\"{&quot;_ha_eqh_enable&quot;:false,&quot;ekit_has_onepagescroll_dot&quot;:&quot;yes&quot;}\">\n\t\t\t\t<div class=\"elementor-element elementor-element-d3fb56a elementor-widget elementor-widget-image\" data-id=\"d3fb56a\" data-element_type=\"widget\" data-settings=\"{&quot;ekit_we_effect_on&quot;:&quot;none&quot;}\" data-widget_type=\"image.default\">\n\t\t\t\t<div class=\"elementor-widget-container\">\n\t\t\t\t\t\t\t\t\t\t\t\t\t<img fetchpriority=\"high\" decoding=\"async\" width=\"738\" height=\"415\" src=\"https:\/\/ambulanceflight.com\/wp-content\/uploads\/2025\/12\/images.jpeg\" class=\"attachment-large size-large wp-image-1786\" alt=\"\" srcset=\"https:\/\/ambulanceflight.com\/wp-content\/uploads\/2025\/12\/images.jpeg 738w, https:\/\/ambulanceflight.com\/wp-content\/uploads\/2025\/12\/images-300x169.jpeg 300w\" sizes=\"(max-width: 738px) 100vw, 738px\" \/>\t\t\t\t\t\t\t\t\t\t\t\t\t<\/div>\n\t\t\t\t<\/div>\n\t\t\t\t<\/div>\n\t\t<div class=\"elementor-element elementor-element-3817fe6 e-con-full e-flex e-con e-child\" data-id=\"3817fe6\" data-element_type=\"container\" data-settings=\"{&quot;_ha_eqh_enable&quot;:false,&quot;ekit_has_onepagescroll_dot&quot;:&quot;yes&quot;}\">\n\t\t<div class=\"elementor-element elementor-element-3fa7ed3 e-con-full e-flex e-con e-child\" data-id=\"3fa7ed3\" data-element_type=\"container\" data-settings=\"{&quot;_ha_eqh_enable&quot;:false,&quot;ekit_has_onepagescroll_dot&quot;:&quot;yes&quot;}\">\n\t\t\t\t<div class=\"elementor-element elementor-element-04793cc elementor-widget elementor-widget-image\" data-id=\"04793cc\" data-element_type=\"widget\" data-settings=\"{&quot;ekit_we_effect_on&quot;:&quot;none&quot;}\" data-widget_type=\"image.default\">\n\t\t\t\t<div class=\"elementor-widget-container\">\n\t\t\t\t\t\t\t\t\t\t\t\t\t<img decoding=\"async\" width=\"800\" height=\"1020\" src=\"https:\/\/ambulanceflight.com\/wp-content\/uploads\/2026\/01\/WhatsApp-Image-2026-01-23-at-13.38.38-803x1024.jpeg\" class=\"attachment-large size-large wp-image-2903\" alt=\"\" srcset=\"https:\/\/ambulanceflight.com\/wp-content\/uploads\/2026\/01\/WhatsApp-Image-2026-01-23-at-13.38.38-803x1024.jpeg 803w, https:\/\/ambulanceflight.com\/wp-content\/uploads\/2026\/01\/WhatsApp-Image-2026-01-23-at-13.38.38-235x300.jpeg 235w, https:\/\/ambulanceflight.com\/wp-content\/uploads\/2026\/01\/WhatsApp-Image-2026-01-23-at-13.38.38-768x979.jpeg 768w, https:\/\/ambulanceflight.com\/wp-content\/uploads\/2026\/01\/WhatsApp-Image-2026-01-23-at-13.38.38-1205x1536.jpeg 1205w, https:\/\/ambulanceflight.com\/wp-content\/uploads\/2026\/01\/WhatsApp-Image-2026-01-23-at-13.38.38.jpeg 1255w\" sizes=\"(max-width: 800px) 100vw, 800px\" \/>\t\t\t\t\t\t\t\t\t\t\t\t\t<\/div>\n\t\t\t\t<\/div>\n\t\t\t\t<\/div>\n\t\t<div class=\"elementor-element elementor-element-44ddbe9 e-con-full e-flex e-con e-child\" data-id=\"44ddbe9\" data-element_type=\"container\" data-settings=\"{&quot;_ha_eqh_enable&quot;:false,&quot;ekit_has_onepagescroll_dot&quot;:&quot;yes&quot;}\">\n\t\t\t\t<div class=\"elementor-element elementor-element-2825c16 elementor-widget elementor-widget-image\" data-id=\"2825c16\" data-element_type=\"widget\" data-settings=\"{&quot;ekit_we_effect_on&quot;:&quot;none&quot;}\" data-widget_type=\"image.default\">\n\t\t\t\t<div class=\"elementor-widget-container\">\n\t\t\t\t\t\t\t\t\t\t\t\t\t<img decoding=\"async\" width=\"768\" height=\"1024\" src=\"https:\/\/ambulanceflight.com\/wp-content\/uploads\/2026\/01\/WhatsApp-Image-2026-01-23-at-13.38.38-1-768x1024.jpeg\" class=\"attachment-large size-large wp-image-2904\" alt=\"\" srcset=\"https:\/\/ambulanceflight.com\/wp-content\/uploads\/2026\/01\/WhatsApp-Image-2026-01-23-at-13.38.38-1-768x1024.jpeg 768w, https:\/\/ambulanceflight.com\/wp-content\/uploads\/2026\/01\/WhatsApp-Image-2026-01-23-at-13.38.38-1-225x300.jpeg 225w, https:\/\/ambulanceflight.com\/wp-content\/uploads\/2026\/01\/WhatsApp-Image-2026-01-23-at-13.38.38-1-1152x1536.jpeg 1152w, https:\/\/ambulanceflight.com\/wp-content\/uploads\/2026\/01\/WhatsApp-Image-2026-01-23-at-13.38.38-1.jpeg 1200w\" sizes=\"(max-width: 768px) 100vw, 768px\" \/>\t\t\t\t\t\t\t\t\t\t\t\t\t<\/div>\n\t\t\t\t<\/div>\n\t\t\t\t<\/div>\n\t\t\t\t<\/div>\n\t\t\t\t\t<\/div>\n\t\t\t\t<\/div>\n\t\t<div class=\"elementor-element elementor-element-f3964fe e-flex e-con-boxed e-con e-parent\" data-id=\"f3964fe\" data-element_type=\"container\" data-settings=\"{&quot;background_background&quot;:&quot;classic&quot;,&quot;_ha_eqh_enable&quot;:false,&quot;ekit_has_onepagescroll_dot&quot;:&quot;yes&quot;}\">\n\t\t\t\t\t<div class=\"e-con-inner\">\n\t\t\t\t<div class=\"elementor-element elementor-element-f6ddc62 elementor-widget elementor-widget-text-editor\" data-id=\"f6ddc62\" data-element_type=\"widget\" data-settings=\"{&quot;ekit_we_effect_on&quot;:&quot;none&quot;}\" data-widget_type=\"text-editor.default\">\n\t\t\t\t<div class=\"elementor-widget-container\">\n\t\t\t\t\t\t\t<p data-path-to-node=\"0\"> <\/p><p data-path-to-node=\"0\"><b data-path-to-node=\"0\" data-index-in-node=\"4\">Cessna Citation V<\/b>, t\u0131bbi geri d\u00f6n\u00fc\u015f ve acil hava ambulans g\u00f6revleri i\u00e7in en g\u00fcvenilir ve s\u0131k kullan\u0131lan hafif jetlerden biridir. Turboprop motorlar\u0131n aksine, bu jet y\u00fcksek irtifada \u00e7ok daha y\u00fcksek h\u0131zlar ve daha ak\u0131c\u0131 u\u00e7u\u015f sunar; bu, hassas hastalar\u0131n ta\u015f\u0131nmas\u0131nda konfor i\u00e7in hayati \u00f6neme sahiptir. <\/p><p data-path-to-node=\"1\">Citation V, s\u0131n\u0131f\u0131 i\u00e7in uzun bir kabin sunar; hasta, t\u0131bbi ekipman ve iki yolcu i\u00e7in yeterli alan sa\u011flar. \u00c7o\u011fu hava t\u00fcrb\u00fclans\u0131n\u0131n \u00fczerinde u\u00e7abilme yetene\u011fi, t\u0131bbi ekibin u\u00e7u\u015f s\u0131ras\u0131nda kritik bak\u0131m yapabilmesi i\u00e7in istikrarl\u0131 bir ortam sa\u011flar. <\/p><p data-path-to-node=\"1\"> <\/p><h3 data-path-to-node=\"3\">T\u0131bbi Ekipman<\/h3><p data-path-to-node=\"4\">Kabin, <b data-path-to-node=\"4\" data-index-in-node=\"28\">U\u00e7an Yo\u011fun Bak\u0131m Birimi<\/b> olarak donat\u0131lm\u0131\u015ft\u0131r. Bas\u0131n\u00e7l\u0131 ortam\u0131 ve y\u00fcksek irtifa yetenekleri nedeniyle, ekipman hastan\u0131n hayati belirtilerinin s\u00fcrekli izlenmesini sa\u011flamak i\u00e7in aero-medikal kullan\u0131m i\u00e7in \u00f6zel olarak sertifikaland\u0131r\u0131lm\u0131\u015ft\u0131r. <\/p><ul data-path-to-node=\"5\"><li><p data-path-to-node=\"5,0,0\">Yo\u011fun bak\u0131m i\u00e7in ta\u015f\u0131nabilir ventilat\u00f6r<\/p><\/li><li><p data-path-to-node=\"5,1,0\">\u00c7ok parametreli monit\u00f6r (EKG, SpO2, NIBP, S\u0131cakl\u0131k)<\/p><\/li><li><p data-path-to-node=\"5,2,0\">Defibrilat\u00f6r ve kalp monit\u00f6r\u00fc<\/p><\/li><li><p data-path-to-node=\"5,3,0\">\u00c7oklu inf\u00fczyon pompalar\u0131 ve \u015f\u0131r\u0131nga s\u00fcr\u00fcc\u00fcleri<\/p><\/li><li><p data-path-to-node=\"5,4,0\">Ta\u015f\u0131nabilir emi\u015f \u00fcnitesi<\/p><\/li><li><p data-path-to-node=\"5,5,0\">Kan gaz\u0131 analiz\u00f6r\u00fc (EPOC)<\/p><\/li><li><p data-path-to-node=\"5,6,0\">D\u0131\u015f kalp pili ve reanimasyon kiti<\/p><\/li><li><p data-path-to-node=\"5,7,0\">Yenido\u011fan nakil kulu\u00e7ka makinesi (talep \u00fczerine mevcuttur)<\/p><\/li><li><p data-path-to-node=\"5,8,0\">Merkezi t\u0131bbi oksijen sistemi<\/p><\/li><\/ul><p> <\/p><table data-path-to-node=\"9\"><thead><tr><td><strong>\u00d6zellik<\/strong><\/td><td><strong>Spesifikasyonu<\/strong><\/td><\/tr><\/thead><tbody><tr><td><span data-path-to-node=\"9,1,0,0\"><b data-path-to-node=\"9,1,0,0\" data-index-in-node=\"0\">Seyir<\/b><\/span><\/td><td><span data-path-to-node=\"9,1,1,0\">h\u0131z\u0131 yakla\u015f\u0131k 740 km\/s (400 kt)<\/span><\/td><\/tr><tr><td><span data-path-to-node=\"9,2,0,0\"><b data-path-to-node=\"9,2,0,0\" data-index-in-node=\"0\">Menzil<\/b><\/span><\/td><td><span data-path-to-node=\"9,2,1,0\">yakla\u015f\u0131k 3.200 km (1.720 nm)<\/span><\/td><\/tr><tr><td><span data-path-to-node=\"9,3,0,0\"><b data-path-to-node=\"9,3,0,0\" data-index-in-node=\"0\">Motorlar<\/b><\/span><\/td><td><span data-path-to-node=\"9,3,1,0\">2 x Pratt &amp; Whitney JT15D-5A<\/span><\/td><\/tr><tr><td><span data-path-to-node=\"9,4,0,0\"><b data-path-to-node=\"9,4,0,0\" data-index-in-node=\"0\">Hizmet<\/b><\/span><\/td><td><span data-path-to-node=\"9,4,1,0\">Tavan\u0131 45.000 ft (13.716 m)<\/span><\/td><\/tr><tr><td><span data-path-to-node=\"9,5,0,0\"><b data-path-to-node=\"9,5,0,0\" data-index-in-node=\"0\">Key Advantage<\/b><\/span><\/td><td><span data-path-to-node=\"9,5,1,0\">Y\u00fcksek h\u0131zl\u0131 jet yolculu\u011fu ve \u00fcst\u00fcn hasta konforu<\/span><\/td><\/tr><\/tbody><\/table>\t\t\t\t\t\t<\/div>\n\t\t\t\t<\/div>\n\t\t\t\t\t<\/div>\n\t\t\t\t<\/div>\n\t\t\t\t<\/div>\n\t\t","protected":false},"excerpt":{"rendered":"<p>Cessna Citation V, t\u0131bbi geri d\u00f6n\u00fc\u015f ve acil hava ambulans g\u00f6revleri i\u00e7in en g\u00fcvenilir ve s\u0131k kullan\u0131lan hafif jetlerden biridir. Turboprop motorlar\u0131n aksine, bu jet y\u00fcksek irtifada \u00e7ok daha y\u00fcksek h\u0131zlar ve daha ak\u0131c\u0131 u\u00e7u\u015f sunar; bu, hassas hastalar\u0131n ta\u015f\u0131nmas\u0131nda konfor i\u00e7in hayati \u00f6neme sahiptir. Citation V, s\u0131n\u0131f\u0131 i\u00e7in uzun bir kabin sunar; hasta, t\u0131bbi [&hellip;]<\/p>\n","protected":false},"author":1,"featured_media":0,"parent":1526,"menu_order":0,"comment_status":"closed","ping_status":"closed","template":"","meta":{"footnotes":""},"class_list":["post-1784","page","type-page","status-publish","hentry"],"yoast_head":"<!-- This site is optimized with the Yoast SEO plugin v27.6 - https:\/\/yoast.com\/product\/yoast-seo-wordpress\/ -->\n<title>Al\u0131nt\u0131 V - K\u00fcresel Hava Ambulans Hizmetleri<\/title>\n<meta name=\"robots\" content=\"index, follow, max-snippet:-1, max-image-preview:large, max-video-preview:-1\" \/>\n<link rel=\"canonical\" href=\"https:\/\/ambulanceflight.com\/tr\/donanma\/hafif-jetler\/alinti-v\/\" \/>\n<meta property=\"og:locale\" content=\"tr_TR\" \/>\n<meta property=\"og:type\" content=\"article\" \/>\n<meta property=\"og:title\" content=\"Al\u0131nt\u0131 V - K\u00fcresel Hava Ambulans Hizmetleri\" \/>\n<meta property=\"og:description\" content=\"Cessna Citation V, t\u0131bbi geri d\u00f6n\u00fc\u015f ve acil hava ambulans g\u00f6revleri i\u00e7in en g\u00fcvenilir ve s\u0131k kullan\u0131lan hafif jetlerden biridir. Turboprop motorlar\u0131n aksine, bu jet y\u00fcksek irtifada \u00e7ok daha y\u00fcksek h\u0131zlar ve daha ak\u0131c\u0131 u\u00e7u\u015f sunar; bu, hassas hastalar\u0131n ta\u015f\u0131nmas\u0131nda konfor i\u00e7in hayati \u00f6neme sahiptir. Citation V, s\u0131n\u0131f\u0131 i\u00e7in uzun bir kabin sunar; hasta, t\u0131bbi [&hellip;]\" \/>\n<meta property=\"og:url\" content=\"https:\/\/ambulanceflight.com\/tr\/donanma\/hafif-jetler\/alinti-v\/\" \/>\n<meta property=\"og:site_name\" content=\"K\u00fcresel Hava Ambulans Hizmetleri\" \/>\n<meta property=\"article:modified_time\" content=\"2026-04-15T14:22:03+00:00\" \/>\n<meta property=\"og:image\" content=\"http:\/\/ambulanceflight.com\/wp-content\/uploads\/2025\/12\/images.jpeg\" \/>\n<meta name=\"twitter:card\" content=\"summary_large_image\" \/>\n<meta name=\"twitter:label1\" content=\"Tahmini okuma s\u00fcresi\" \/>\n\t<meta name=\"twitter:data1\" content=\"1 dakika\" \/>\n<script type=\"application\/ld+json\" class=\"yoast-schema-graph\">{\"@context\":\"https:\\\/\\\/schema.org\",\"@graph\":[{\"@type\":\"WebPage\",\"@id\":\"https:\\\/\\\/ambulanceflight.com\\\/tr\\\/donanma\\\/hafif-jetler\\\/alinti-v\\\/\",\"url\":\"https:\\\/\\\/ambulanceflight.com\\\/tr\\\/donanma\\\/hafif-jetler\\\/alinti-v\\\/\",\"name\":\"Al\u0131nt\u0131 V - K\u00fcresel Hava Ambulans Hizmetleri\",\"isPartOf\":{\"@id\":\"https:\\\/\\\/ambulanceflight.com\\\/tr\\\/#website\"},\"primaryImageOfPage\":{\"@id\":\"https:\\\/\\\/ambulanceflight.com\\\/tr\\\/donanma\\\/hafif-jetler\\\/alinti-v\\\/#primaryimage\"},\"image\":{\"@id\":\"https:\\\/\\\/ambulanceflight.com\\\/tr\\\/donanma\\\/hafif-jetler\\\/alinti-v\\\/#primaryimage\"},\"thumbnailUrl\":\"http:\\\/\\\/ambulanceflight.com\\\/wp-content\\\/uploads\\\/2025\\\/12\\\/images.jpeg\",\"datePublished\":\"2025-12-31T09:01:32+00:00\",\"dateModified\":\"2026-04-15T14:22:03+00:00\",\"breadcrumb\":{\"@id\":\"https:\\\/\\\/ambulanceflight.com\\\/tr\\\/donanma\\\/hafif-jetler\\\/alinti-v\\\/#breadcrumb\"},\"inLanguage\":\"tr\",\"potentialAction\":[{\"@type\":\"ReadAction\",\"target\":[\"https:\\\/\\\/ambulanceflight.com\\\/tr\\\/donanma\\\/hafif-jetler\\\/alinti-v\\\/\"]}]},{\"@type\":\"ImageObject\",\"inLanguage\":\"tr\",\"@id\":\"https:\\\/\\\/ambulanceflight.com\\\/tr\\\/donanma\\\/hafif-jetler\\\/alinti-v\\\/#primaryimage\",\"url\":\"http:\\\/\\\/ambulanceflight.com\\\/wp-content\\\/uploads\\\/2025\\\/12\\\/images.jpeg\",\"contentUrl\":\"http:\\\/\\\/ambulanceflight.com\\\/wp-content\\\/uploads\\\/2025\\\/12\\\/images.jpeg\"},{\"@type\":\"BreadcrumbList\",\"@id\":\"https:\\\/\\\/ambulanceflight.com\\\/tr\\\/donanma\\\/hafif-jetler\\\/alinti-v\\\/#breadcrumb\",\"itemListElement\":[{\"@type\":\"ListItem\",\"position\":1,\"name\":\"Home\",\"item\":\"https:\\\/\\\/ambulanceflight.com\\\/tr\\\/\"},{\"@type\":\"ListItem\",\"position\":2,\"name\":\"Donanma\",\"item\":\"https:\\\/\\\/ambulanceflight.com\\\/tr\\\/fleet\\\/\"},{\"@type\":\"ListItem\",\"position\":3,\"name\":\"Hafif Jetler\",\"item\":\"https:\\\/\\\/ambulanceflight.com\\\/tr\\\/fleet\\\/light-jets\\\/\"},{\"@type\":\"ListItem\",\"position\":4,\"name\":\"Al\u0131nt\u0131 V\"}]},{\"@type\":\"WebSite\",\"@id\":\"https:\\\/\\\/ambulanceflight.com\\\/tr\\\/#website\",\"url\":\"https:\\\/\\\/ambulanceflight.com\\\/tr\\\/\",\"name\":\"K\u00fcresel Hava Ambulans Hizmetleri\",\"description\":\"D\u00fcnyan\u0131n her yerindeki hastalar i\u00e7in h\u0131zl\u0131, g\u00fcvenli ve tam donan\u0131ml\u0131 hava ambulans\u0131 transferleri.\",\"potentialAction\":[{\"@type\":\"SearchAction\",\"target\":{\"@type\":\"EntryPoint\",\"urlTemplate\":\"https:\\\/\\\/ambulanceflight.com\\\/tr\\\/?s={search_term_string}\"},\"query-input\":{\"@type\":\"PropertyValueSpecification\",\"valueRequired\":true,\"valueName\":\"search_term_string\"}}],\"inLanguage\":\"tr\"}]}<\/script>\n<!-- \/ Yoast SEO plugin. -->","yoast_head_json":{"title":"Al\u0131nt\u0131 V - K\u00fcresel Hava Ambulans Hizmetleri","robots":{"index":"index","follow":"follow","max-snippet":"max-snippet:-1","max-image-preview":"max-image-preview:large","max-video-preview":"max-video-preview:-1"},"canonical":"https:\/\/ambulanceflight.com\/tr\/donanma\/hafif-jetler\/alinti-v\/","og_locale":"tr_TR","og_type":"article","og_title":"Al\u0131nt\u0131 V - K\u00fcresel Hava Ambulans Hizmetleri","og_description":"Cessna Citation V, t\u0131bbi geri d\u00f6n\u00fc\u015f ve acil hava ambulans g\u00f6revleri i\u00e7in en g\u00fcvenilir ve s\u0131k kullan\u0131lan hafif jetlerden biridir. Turboprop motorlar\u0131n aksine, bu jet y\u00fcksek irtifada \u00e7ok daha y\u00fcksek h\u0131zlar ve daha ak\u0131c\u0131 u\u00e7u\u015f sunar; bu, hassas hastalar\u0131n ta\u015f\u0131nmas\u0131nda konfor i\u00e7in hayati \u00f6neme sahiptir. Citation V, s\u0131n\u0131f\u0131 i\u00e7in uzun bir kabin sunar; hasta, t\u0131bbi [&hellip;]","og_url":"https:\/\/ambulanceflight.com\/tr\/donanma\/hafif-jetler\/alinti-v\/","og_site_name":"K\u00fcresel Hava Ambulans Hizmetleri","article_modified_time":"2026-04-15T14:22:03+00:00","og_image":[{"url":"http:\/\/ambulanceflight.com\/wp-content\/uploads\/2025\/12\/images.jpeg","type":"","width":"","height":""}],"twitter_card":"summary_large_image","twitter_misc":{"Tahmini okuma s\u00fcresi":"1 dakika"},"schema":{"@context":"https:\/\/schema.org","@graph":[{"@type":"WebPage","@id":"https:\/\/ambulanceflight.com\/tr\/donanma\/hafif-jetler\/alinti-v\/","url":"https:\/\/ambulanceflight.com\/tr\/donanma\/hafif-jetler\/alinti-v\/","name":"Al\u0131nt\u0131 V - K\u00fcresel Hava Ambulans Hizmetleri","isPartOf":{"@id":"https:\/\/ambulanceflight.com\/tr\/#website"},"primaryImageOfPage":{"@id":"https:\/\/ambulanceflight.com\/tr\/donanma\/hafif-jetler\/alinti-v\/#primaryimage"},"image":{"@id":"https:\/\/ambulanceflight.com\/tr\/donanma\/hafif-jetler\/alinti-v\/#primaryimage"},"thumbnailUrl":"http:\/\/ambulanceflight.com\/wp-content\/uploads\/2025\/12\/images.jpeg","datePublished":"2025-12-31T09:01:32+00:00","dateModified":"2026-04-15T14:22:03+00:00","breadcrumb":{"@id":"https:\/\/ambulanceflight.com\/tr\/donanma\/hafif-jetler\/alinti-v\/#breadcrumb"},"inLanguage":"tr","potentialAction":[{"@type":"ReadAction","target":["https:\/\/ambulanceflight.com\/tr\/donanma\/hafif-jetler\/alinti-v\/"]}]},{"@type":"ImageObject","inLanguage":"tr","@id":"https:\/\/ambulanceflight.com\/tr\/donanma\/hafif-jetler\/alinti-v\/#primaryimage","url":"http:\/\/ambulanceflight.com\/wp-content\/uploads\/2025\/12\/images.jpeg","contentUrl":"http:\/\/ambulanceflight.com\/wp-content\/uploads\/2025\/12\/images.jpeg"},{"@type":"BreadcrumbList","@id":"https:\/\/ambulanceflight.com\/tr\/donanma\/hafif-jetler\/alinti-v\/#breadcrumb","itemListElement":[{"@type":"ListItem","position":1,"name":"Home","item":"https:\/\/ambulanceflight.com\/tr\/"},{"@type":"ListItem","position":2,"name":"Donanma","item":"https:\/\/ambulanceflight.com\/tr\/fleet\/"},{"@type":"ListItem","position":3,"name":"Hafif Jetler","item":"https:\/\/ambulanceflight.com\/tr\/fleet\/light-jets\/"},{"@type":"ListItem","position":4,"name":"Al\u0131nt\u0131 V"}]},{"@type":"WebSite","@id":"https:\/\/ambulanceflight.com\/tr\/#website","url":"https:\/\/ambulanceflight.com\/tr\/","name":"K\u00fcresel Hava Ambulans Hizmetleri","description":"D\u00fcnyan\u0131n her yerindeki hastalar i\u00e7in h\u0131zl\u0131, g\u00fcvenli ve tam donan\u0131ml\u0131 hava ambulans\u0131 transferleri.","potentialAction":[{"@type":"SearchAction","target":{"@type":"EntryPoint","urlTemplate":"https:\/\/ambulanceflight.com\/tr\/?s={search_term_string}"},"query-input":{"@type":"PropertyValueSpecification","valueRequired":true,"valueName":"search_term_string"}}],"inLanguage":"tr"}]}},"_links":{"self":[{"href":"https:\/\/ambulanceflight.com\/tr\/wp-json\/wp\/v2\/pages\/1784","targetHints":{"allow":["GET"]}}],"collection":[{"href":"https:\/\/ambulanceflight.com\/tr\/wp-json\/wp\/v2\/pages"}],"about":[{"href":"https:\/\/ambulanceflight.com\/tr\/wp-json\/wp\/v2\/types\/page"}],"author":[{"embeddable":true,"href":"https:\/\/ambulanceflight.com\/tr\/wp-json\/wp\/v2\/users\/1"}],"replies":[{"embeddable":true,"href":"https:\/\/ambulanceflight.com\/tr\/wp-json\/wp\/v2\/comments?post=1784"}],"version-history":[{"count":3,"href":"https:\/\/ambulanceflight.com\/tr\/wp-json\/wp\/v2\/pages\/1784\/revisions"}],"predecessor-version":[{"id":2905,"href":"https:\/\/ambulanceflight.com\/tr\/wp-json\/wp\/v2\/pages\/1784\/revisions\/2905"}],"up":[{"embeddable":true,"href":"https:\/\/ambulanceflight.com\/tr\/wp-json\/wp\/v2\/pages\/1526"}],"wp:attachment":[{"href":"https:\/\/ambulanceflight.com\/tr\/wp-json\/wp\/v2\/media?parent=1784"}],"curies":[{"name":"wp","href":"https:\/\/api.w.org\/{rel}","templated":true}]}}