{"id":1728,"date":"2025-12-31T08:40:33","date_gmt":"2025-12-31T08:40:33","guid":{"rendered":"https:\/\/ambulanceflight.com\/piaggio\/"},"modified":"2026-01-23T12:37:21","modified_gmt":"2026-01-23T12:37:21","slug":"piaggio","status":"publish","type":"page","link":"https:\/\/ambulanceflight.com\/tr\/donanma\/turboprop\/piaggio\/","title":{"rendered":"Piaggio"},"content":{"rendered":"\t\t<div data-elementor-type=\"wp-page\" data-elementor-id=\"1728\" class=\"elementor elementor-1728 elementor-1725\" data-elementor-settings=\"{&quot;ha_cmc_init_switcher&quot;:&quot;no&quot;}\" data-elementor-post-type=\"page\">\n\t\t\t\t<div class=\"elementor-element elementor-element-f7eba07 e-flex e-con-boxed e-con e-parent\" data-id=\"f7eba07\" data-element_type=\"container\" data-settings=\"{&quot;_ha_eqh_enable&quot;:false,&quot;ekit_has_onepagescroll_dot&quot;:&quot;yes&quot;}\">\n\t\t\t\t\t<div class=\"e-con-inner\">\n\t\t<div class=\"elementor-element elementor-element-48e8397 e-con-full e-flex e-con e-child\" data-id=\"48e8397\" data-element_type=\"container\" data-settings=\"{&quot;_ha_eqh_enable&quot;:false,&quot;ekit_has_onepagescroll_dot&quot;:&quot;yes&quot;}\">\n\t\t\t\t<div class=\"elementor-element elementor-element-8688030 elementor-widget elementor-widget-spacer\" data-id=\"8688030\" data-element_type=\"widget\" data-settings=\"{&quot;ekit_we_effect_on&quot;:&quot;none&quot;}\" data-widget_type=\"spacer.default\">\n\t\t\t\t<div class=\"elementor-widget-container\">\n\t\t\t\t\t<div class=\"elementor-spacer\">\n\t\t\t<div class=\"elementor-spacer-inner\"><\/div>\n\t\t<\/div>\n\t\t\t\t<\/div>\n\t\t\t\t<\/div>\n\t\t\t\t<div class=\"elementor-element elementor-element-c7ae5b6 elementor-widget elementor-widget-spacer\" data-id=\"c7ae5b6\" data-element_type=\"widget\" data-settings=\"{&quot;ekit_we_effect_on&quot;:&quot;none&quot;}\" data-widget_type=\"spacer.default\">\n\t\t\t\t<div class=\"elementor-widget-container\">\n\t\t\t\t\t<div class=\"elementor-spacer\">\n\t\t\t<div class=\"elementor-spacer-inner\"><\/div>\n\t\t<\/div>\n\t\t\t\t<\/div>\n\t\t\t\t<\/div>\n\t\t\t\t<div class=\"elementor-element elementor-element-44a113d elementor-widget elementor-widget-image\" data-id=\"44a113d\" data-element_type=\"widget\" data-settings=\"{&quot;ekit_we_effect_on&quot;:&quot;none&quot;}\" data-widget_type=\"image.default\">\n\t\t\t\t<div class=\"elementor-widget-container\">\n\t\t\t\t\t\t\t\t\t\t\t\t\t<img fetchpriority=\"high\" decoding=\"async\" width=\"800\" height=\"450\" src=\"https:\/\/ambulanceflight.com\/wp-content\/uploads\/2025\/12\/piaggio-p180-avanti-ii.jpg-1024x576.webp\" class=\"attachment-large size-large wp-image-1743\" alt=\"\" srcset=\"https:\/\/ambulanceflight.com\/wp-content\/uploads\/2025\/12\/piaggio-p180-avanti-ii.jpg-1024x576.webp 1024w, https:\/\/ambulanceflight.com\/wp-content\/uploads\/2025\/12\/piaggio-p180-avanti-ii.jpg-300x169.webp 300w, https:\/\/ambulanceflight.com\/wp-content\/uploads\/2025\/12\/piaggio-p180-avanti-ii.jpg-768x432.webp 768w, https:\/\/ambulanceflight.com\/wp-content\/uploads\/2025\/12\/piaggio-p180-avanti-ii.jpg-1536x864.webp 1536w, https:\/\/ambulanceflight.com\/wp-content\/uploads\/2025\/12\/piaggio-p180-avanti-ii.jpg.webp 1600w\" sizes=\"(max-width: 800px) 100vw, 800px\" \/>\t\t\t\t\t\t\t\t\t\t\t\t\t<\/div>\n\t\t\t\t<\/div>\n\t\t\t\t<\/div>\n\t\t<div class=\"elementor-element elementor-element-a2d27df e-con-full e-flex e-con e-child\" data-id=\"a2d27df\" data-element_type=\"container\" data-settings=\"{&quot;_ha_eqh_enable&quot;:false,&quot;ekit_has_onepagescroll_dot&quot;:&quot;yes&quot;}\">\n\t\t<div class=\"elementor-element elementor-element-04d09e7 e-con-full e-flex e-con e-child\" data-id=\"04d09e7\" data-element_type=\"container\" data-settings=\"{&quot;_ha_eqh_enable&quot;:false,&quot;ekit_has_onepagescroll_dot&quot;:&quot;yes&quot;}\">\n\t\t\t\t<div class=\"elementor-element elementor-element-e62306f elementor-widget elementor-widget-spacer\" data-id=\"e62306f\" data-element_type=\"widget\" data-settings=\"{&quot;ekit_we_effect_on&quot;:&quot;none&quot;}\" data-widget_type=\"spacer.default\">\n\t\t\t\t<div class=\"elementor-widget-container\">\n\t\t\t\t\t<div class=\"elementor-spacer\">\n\t\t\t<div class=\"elementor-spacer-inner\"><\/div>\n\t\t<\/div>\n\t\t\t\t<\/div>\n\t\t\t\t<\/div>\n\t\t\t\t<div class=\"elementor-element elementor-element-55d089e elementor-widget elementor-widget-image\" data-id=\"55d089e\" data-element_type=\"widget\" data-settings=\"{&quot;ekit_we_effect_on&quot;:&quot;none&quot;}\" data-widget_type=\"image.default\">\n\t\t\t\t<div class=\"elementor-widget-container\">\n\t\t\t\t\t\t\t\t\t\t\t\t\t<img decoding=\"async\" width=\"800\" height=\"370\" src=\"https:\/\/ambulanceflight.com\/wp-content\/uploads\/2025\/12\/20230619_095322-scaled-1-1024x473.jpg\" class=\"attachment-large size-large wp-image-1740\" alt=\"\" srcset=\"https:\/\/ambulanceflight.com\/wp-content\/uploads\/2025\/12\/20230619_095322-scaled-1-1024x473.jpg 1024w, https:\/\/ambulanceflight.com\/wp-content\/uploads\/2025\/12\/20230619_095322-scaled-1-300x139.jpg 300w, https:\/\/ambulanceflight.com\/wp-content\/uploads\/2025\/12\/20230619_095322-scaled-1-768x355.jpg 768w, https:\/\/ambulanceflight.com\/wp-content\/uploads\/2025\/12\/20230619_095322-scaled-1-1536x710.jpg 1536w, https:\/\/ambulanceflight.com\/wp-content\/uploads\/2025\/12\/20230619_095322-scaled-1-2048x946.jpg 2048w\" sizes=\"(max-width: 800px) 100vw, 800px\" \/>\t\t\t\t\t\t\t\t\t\t\t\t\t<\/div>\n\t\t\t\t<\/div>\n\t\t\t\t<\/div>\n\t\t<div class=\"elementor-element elementor-element-30d1a2b e-con-full e-flex e-con e-child\" data-id=\"30d1a2b\" data-element_type=\"container\" data-settings=\"{&quot;_ha_eqh_enable&quot;:false,&quot;ekit_has_onepagescroll_dot&quot;:&quot;yes&quot;}\">\n\t\t\t\t<div class=\"elementor-element elementor-element-243275a elementor-widget elementor-widget-image\" data-id=\"243275a\" data-element_type=\"widget\" data-settings=\"{&quot;ekit_we_effect_on&quot;:&quot;none&quot;}\" data-widget_type=\"image.default\">\n\t\t\t\t<div class=\"elementor-widget-container\">\n\t\t\t\t\t\t\t\t\t\t\t\t\t<img decoding=\"async\" width=\"800\" height=\"370\" src=\"https:\/\/ambulanceflight.com\/wp-content\/uploads\/2026\/01\/20230619_095249-scaled-1-1024x473.jpg\" class=\"attachment-large size-large wp-image-2893\" alt=\"\" srcset=\"https:\/\/ambulanceflight.com\/wp-content\/uploads\/2026\/01\/20230619_095249-scaled-1-1024x473.jpg 1024w, https:\/\/ambulanceflight.com\/wp-content\/uploads\/2026\/01\/20230619_095249-scaled-1-300x139.jpg 300w, https:\/\/ambulanceflight.com\/wp-content\/uploads\/2026\/01\/20230619_095249-scaled-1-768x355.jpg 768w, https:\/\/ambulanceflight.com\/wp-content\/uploads\/2026\/01\/20230619_095249-scaled-1-1536x710.jpg 1536w, https:\/\/ambulanceflight.com\/wp-content\/uploads\/2026\/01\/20230619_095249-scaled-1-2048x946.jpg 2048w\" sizes=\"(max-width: 800px) 100vw, 800px\" \/>\t\t\t\t\t\t\t\t\t\t\t\t\t<\/div>\n\t\t\t\t<\/div>\n\t\t\t\t<\/div>\n\t\t\t\t<\/div>\n\t\t\t\t\t<\/div>\n\t\t\t\t<\/div>\n\t\t<div class=\"elementor-element elementor-element-557f091 e-flex e-con-boxed e-con e-parent\" data-id=\"557f091\" data-element_type=\"container\" data-settings=\"{&quot;background_background&quot;:&quot;classic&quot;,&quot;_ha_eqh_enable&quot;:false,&quot;ekit_has_onepagescroll_dot&quot;:&quot;yes&quot;}\">\n\t\t\t\t\t<div class=\"e-con-inner\">\n\t\t\t\t<div class=\"elementor-element elementor-element-39826a4 elementor-widget elementor-widget-text-editor\" data-id=\"39826a4\" data-element_type=\"widget\" data-settings=\"{&quot;ekit_we_effect_on&quot;:&quot;none&quot;}\" data-widget_type=\"text-editor.default\">\n\t\t\t\t<div class=\"elementor-widget-container\">\n\t\t\t\t\t\t\t<p data-path-to-node=\"12\"> <\/p><p data-path-to-node=\"12\"> <\/p><p data-path-to-node=\"12\"><b data-path-to-node=\"12\" data-index-in-node=\"4\">Piaggio P.180 Avanti<\/b>, futuristik tasar\u0131m\u0131 ve ola\u011fan\u00fcst\u00fc h\u0131z\u0131 nedeniyle s\u0131k\u00e7a &#8220;g\u00f6ky\u00fcz\u00fcn\u00fcn Ferrari&#8217;si&#8221; olarak adland\u0131r\u0131l\u0131r. T\u0131p alan\u0131nda, jet benzeri h\u0131zlar\u0131 turboprop bir motorun maliyet etkinli\u011fi ve esnekli\u011fiyle birle\u015ftirerek verimlilikte en \u00fcst d\u00fczeyde temsil eder. S\u0131n\u0131f\u0131n\u0131n en y\u00fcksek kabini olan geni\u015f kabini, hastalar ve sa\u011fl\u0131k personeli i\u00e7in en iyi bak\u0131m ortam\u0131n\u0131 sa\u011flar.  <\/p><p data-path-to-node=\"13\">Arkaya bakan &#8220;itici&#8221; motorlar\u0131 ve benzersiz \u00fc\u00e7 kald\u0131rma y\u00fczeyli tasar\u0131m\u0131 sayesinde, P.180 mevcut en sessiz ve en stabil u\u00e7aklardan biridir ve uzun mesafe transferlerinde hasta stresini \u00f6nemli \u00f6l\u00e7\u00fcde azalt\u0131r.<\/p><h4 data-path-to-node=\"14\"> <\/h4><h4 data-path-to-node=\"14\"><b data-path-to-node=\"14\" data-index-in-node=\"0\">Teknik Veriler:<\/b><\/h4><ul data-path-to-node=\"15\"><li><p data-path-to-node=\"15,0,0\"><b data-path-to-node=\"15,0,0\" data-index-in-node=\"0\">Seyir h\u0131z\u0131:<\/b> yakla\u015f\u0131k 740 km\/s (400 kt) <\/p><\/li><li><p data-path-to-node=\"15,1,0\"><b data-path-to-node=\"15,1,0\" data-index-in-node=\"0\">Menzil:<\/b> 2.800 km<\/p><\/li><li><p data-path-to-node=\"15,2,0\"><b data-path-to-node=\"15,2,0\" data-index-in-node=\"0\">Motorlar:<\/b> 2 x Pratt &amp; Whitney PT6A-66<\/p><\/li><li><p data-path-to-node=\"15,3,0\"><b data-path-to-node=\"15,3,0\" data-index-in-node=\"0\">Maksimum irtifa:<\/b> 41.000 ft (12.500 m)<\/p><\/li><\/ul><p> <\/p><table data-path-to-node=\"2\"><thead><tr><td><strong>\u00d6zellik<\/strong><\/td><td><strong>Spesifikasyonu<\/strong><\/td><\/tr><\/thead><tbody><tr><td><span data-path-to-node=\"2,1,0,0\"><b data-path-to-node=\"2,1,0,0\" data-index-in-node=\"0\">Seyir<\/b><\/span><\/td><td><span data-path-to-node=\"2,1,1,0\">h\u0131z\u0131 yakla\u015f\u0131k 740 km\/s (400 kt)<\/span><\/td><\/tr><tr><td><span data-path-to-node=\"2,2,0,0\"><b data-path-to-node=\"2,2,0,0\" data-index-in-node=\"0\">Menzil<\/b><\/span><\/td><td><span data-path-to-node=\"2,2,1,0\">yakla\u015f\u0131k 2.800 km (1.510 nm)<\/span><\/td><\/tr><tr><td><span data-path-to-node=\"2,3,0,0\"><b data-path-to-node=\"2,3,0,0\" data-index-in-node=\"0\"><\/b><\/span><\/td><td><span data-path-to-node=\"2,3,1,0\">Motorlar 2 x Pratt &amp; Whitney PT6A-66<\/span><\/td><\/tr><tr><td><span data-path-to-node=\"2,4,0,0\"><b data-path-to-node=\"2,4,0,0\" data-index-in-node=\"0\">Hizmet<\/b><\/span><\/td><td><span data-path-to-node=\"2,4,1,0\">Tavan\u0131 41.000 ft (12.500 m)<\/span><\/td><\/tr><tr><td><span data-path-to-node=\"2,5,0,0\"><b data-path-to-node=\"2,5,0,0\" data-index-in-node=\"0\">Ana Avantaj<\/b><\/span><\/td><td><span data-path-to-node=\"2,5,1,0\">Son derece sessiz ve geni\u015f &#8220;ayakta&#8221; kabin<\/span><\/td><\/tr><\/tbody><\/table>\t\t\t\t\t\t<\/div>\n\t\t\t\t<\/div>\n\t\t\t\t\t<\/div>\n\t\t\t\t<\/div>\n\t\t\t\t<\/div>\n\t\t","protected":false},"excerpt":{"rendered":"<p>Piaggio P.180 Avanti, futuristik tasar\u0131m\u0131 ve ola\u011fan\u00fcst\u00fc h\u0131z\u0131 nedeniyle s\u0131k\u00e7a &#8220;g\u00f6ky\u00fcz\u00fcn\u00fcn Ferrari&#8217;si&#8221; olarak adland\u0131r\u0131l\u0131r. T\u0131p alan\u0131nda, jet benzeri h\u0131zlar\u0131 turboprop bir motorun maliyet etkinli\u011fi ve esnekli\u011fiyle birle\u015ftirerek verimlilikte en \u00fcst d\u00fczeyde temsil eder. S\u0131n\u0131f\u0131n\u0131n en y\u00fcksek kabini olan geni\u015f kabini, hastalar ve sa\u011fl\u0131k personeli i\u00e7in en iyi bak\u0131m ortam\u0131n\u0131 sa\u011flar. Arkaya bakan &#8220;itici&#8221; motorlar\u0131 ve [&hellip;]<\/p>\n","protected":false},"author":1,"featured_media":0,"parent":1466,"menu_order":0,"comment_status":"closed","ping_status":"closed","template":"","meta":{"footnotes":""},"class_list":["post-1728","page","type-page","status-publish","hentry"],"yoast_head":"<!-- This site is optimized with the Yoast SEO plugin v27.6 - https:\/\/yoast.com\/product\/yoast-seo-wordpress\/ -->\n<title>Piaggio - K\u00fcresel Hava Ambulans Hizmetleri<\/title>\n<meta name=\"robots\" content=\"index, follow, max-snippet:-1, max-image-preview:large, max-video-preview:-1\" \/>\n<link rel=\"canonical\" href=\"https:\/\/ambulanceflight.com\/tr\/donanma\/turboprop\/piaggio\/\" \/>\n<meta property=\"og:locale\" content=\"tr_TR\" \/>\n<meta property=\"og:type\" content=\"article\" \/>\n<meta property=\"og:title\" content=\"Piaggio - K\u00fcresel Hava Ambulans Hizmetleri\" \/>\n<meta property=\"og:description\" content=\"Piaggio P.180 Avanti, futuristik tasar\u0131m\u0131 ve ola\u011fan\u00fcst\u00fc h\u0131z\u0131 nedeniyle s\u0131k\u00e7a &#8220;g\u00f6ky\u00fcz\u00fcn\u00fcn Ferrari&#8217;si&#8221; olarak adland\u0131r\u0131l\u0131r. T\u0131p alan\u0131nda, jet benzeri h\u0131zlar\u0131 turboprop bir motorun maliyet etkinli\u011fi ve esnekli\u011fiyle birle\u015ftirerek verimlilikte en \u00fcst d\u00fczeyde temsil eder. S\u0131n\u0131f\u0131n\u0131n en y\u00fcksek kabini olan geni\u015f kabini, hastalar ve sa\u011fl\u0131k personeli i\u00e7in en iyi bak\u0131m ortam\u0131n\u0131 sa\u011flar. Arkaya bakan &#8220;itici&#8221; motorlar\u0131 ve [&hellip;]\" \/>\n<meta property=\"og:url\" content=\"https:\/\/ambulanceflight.com\/tr\/donanma\/turboprop\/piaggio\/\" \/>\n<meta property=\"og:site_name\" content=\"K\u00fcresel Hava Ambulans Hizmetleri\" \/>\n<meta property=\"article:modified_time\" content=\"2026-01-23T12:37:21+00:00\" \/>\n<meta property=\"og:image\" content=\"http:\/\/ambulanceflight.com\/wp-content\/uploads\/2025\/12\/piaggio-p180-avanti-ii.jpg-1024x576.webp\" \/>\n<meta name=\"twitter:card\" content=\"summary_large_image\" \/>\n<meta name=\"twitter:label1\" content=\"Tahmini okuma s\u00fcresi\" \/>\n\t<meta name=\"twitter:data1\" content=\"1 dakika\" \/>\n<script type=\"application\/ld+json\" class=\"yoast-schema-graph\">{\"@context\":\"https:\\\/\\\/schema.org\",\"@graph\":[{\"@type\":\"WebPage\",\"@id\":\"https:\\\/\\\/ambulanceflight.com\\\/tr\\\/donanma\\\/turboprop\\\/piaggio\\\/\",\"url\":\"https:\\\/\\\/ambulanceflight.com\\\/tr\\\/donanma\\\/turboprop\\\/piaggio\\\/\",\"name\":\"Piaggio - K\u00fcresel Hava Ambulans Hizmetleri\",\"isPartOf\":{\"@id\":\"https:\\\/\\\/ambulanceflight.com\\\/tr\\\/#website\"},\"primaryImageOfPage\":{\"@id\":\"https:\\\/\\\/ambulanceflight.com\\\/tr\\\/donanma\\\/turboprop\\\/piaggio\\\/#primaryimage\"},\"image\":{\"@id\":\"https:\\\/\\\/ambulanceflight.com\\\/tr\\\/donanma\\\/turboprop\\\/piaggio\\\/#primaryimage\"},\"thumbnailUrl\":\"http:\\\/\\\/ambulanceflight.com\\\/wp-content\\\/uploads\\\/2025\\\/12\\\/piaggio-p180-avanti-ii.jpg-1024x576.webp\",\"datePublished\":\"2025-12-31T08:40:33+00:00\",\"dateModified\":\"2026-01-23T12:37:21+00:00\",\"breadcrumb\":{\"@id\":\"https:\\\/\\\/ambulanceflight.com\\\/tr\\\/donanma\\\/turboprop\\\/piaggio\\\/#breadcrumb\"},\"inLanguage\":\"tr\",\"potentialAction\":[{\"@type\":\"ReadAction\",\"target\":[\"https:\\\/\\\/ambulanceflight.com\\\/tr\\\/donanma\\\/turboprop\\\/piaggio\\\/\"]}]},{\"@type\":\"ImageObject\",\"inLanguage\":\"tr\",\"@id\":\"https:\\\/\\\/ambulanceflight.com\\\/tr\\\/donanma\\\/turboprop\\\/piaggio\\\/#primaryimage\",\"url\":\"http:\\\/\\\/ambulanceflight.com\\\/wp-content\\\/uploads\\\/2025\\\/12\\\/piaggio-p180-avanti-ii.jpg-1024x576.webp\",\"contentUrl\":\"http:\\\/\\\/ambulanceflight.com\\\/wp-content\\\/uploads\\\/2025\\\/12\\\/piaggio-p180-avanti-ii.jpg-1024x576.webp\"},{\"@type\":\"BreadcrumbList\",\"@id\":\"https:\\\/\\\/ambulanceflight.com\\\/tr\\\/donanma\\\/turboprop\\\/piaggio\\\/#breadcrumb\",\"itemListElement\":[{\"@type\":\"ListItem\",\"position\":1,\"name\":\"Home\",\"item\":\"https:\\\/\\\/ambulanceflight.com\\\/tr\\\/\"},{\"@type\":\"ListItem\",\"position\":2,\"name\":\"Donanma\",\"item\":\"https:\\\/\\\/ambulanceflight.com\\\/tr\\\/fleet\\\/\"},{\"@type\":\"ListItem\",\"position\":3,\"name\":\"Turboprop\",\"item\":\"https:\\\/\\\/ambulanceflight.com\\\/tr\\\/fleet\\\/turboprop\\\/\"},{\"@type\":\"ListItem\",\"position\":4,\"name\":\"Piaggio\"}]},{\"@type\":\"WebSite\",\"@id\":\"https:\\\/\\\/ambulanceflight.com\\\/tr\\\/#website\",\"url\":\"https:\\\/\\\/ambulanceflight.com\\\/tr\\\/\",\"name\":\"K\u00fcresel Hava Ambulans Hizmetleri\",\"description\":\"D\u00fcnyan\u0131n her yerindeki hastalar i\u00e7in h\u0131zl\u0131, g\u00fcvenli ve tam donan\u0131ml\u0131 hava ambulans\u0131 transferleri.\",\"potentialAction\":[{\"@type\":\"SearchAction\",\"target\":{\"@type\":\"EntryPoint\",\"urlTemplate\":\"https:\\\/\\\/ambulanceflight.com\\\/tr\\\/?s={search_term_string}\"},\"query-input\":{\"@type\":\"PropertyValueSpecification\",\"valueRequired\":true,\"valueName\":\"search_term_string\"}}],\"inLanguage\":\"tr\"}]}<\/script>\n<!-- \/ Yoast SEO plugin. -->","yoast_head_json":{"title":"Piaggio - K\u00fcresel Hava Ambulans Hizmetleri","robots":{"index":"index","follow":"follow","max-snippet":"max-snippet:-1","max-image-preview":"max-image-preview:large","max-video-preview":"max-video-preview:-1"},"canonical":"https:\/\/ambulanceflight.com\/tr\/donanma\/turboprop\/piaggio\/","og_locale":"tr_TR","og_type":"article","og_title":"Piaggio - K\u00fcresel Hava Ambulans Hizmetleri","og_description":"Piaggio P.180 Avanti, futuristik tasar\u0131m\u0131 ve ola\u011fan\u00fcst\u00fc h\u0131z\u0131 nedeniyle s\u0131k\u00e7a &#8220;g\u00f6ky\u00fcz\u00fcn\u00fcn Ferrari&#8217;si&#8221; olarak adland\u0131r\u0131l\u0131r. T\u0131p alan\u0131nda, jet benzeri h\u0131zlar\u0131 turboprop bir motorun maliyet etkinli\u011fi ve esnekli\u011fiyle birle\u015ftirerek verimlilikte en \u00fcst d\u00fczeyde temsil eder. S\u0131n\u0131f\u0131n\u0131n en y\u00fcksek kabini olan geni\u015f kabini, hastalar ve sa\u011fl\u0131k personeli i\u00e7in en iyi bak\u0131m ortam\u0131n\u0131 sa\u011flar. Arkaya bakan &#8220;itici&#8221; motorlar\u0131 ve [&hellip;]","og_url":"https:\/\/ambulanceflight.com\/tr\/donanma\/turboprop\/piaggio\/","og_site_name":"K\u00fcresel Hava Ambulans Hizmetleri","article_modified_time":"2026-01-23T12:37:21+00:00","og_image":[{"url":"http:\/\/ambulanceflight.com\/wp-content\/uploads\/2025\/12\/piaggio-p180-avanti-ii.jpg-1024x576.webp","type":"","width":"","height":""}],"twitter_card":"summary_large_image","twitter_misc":{"Tahmini okuma s\u00fcresi":"1 dakika"},"schema":{"@context":"https:\/\/schema.org","@graph":[{"@type":"WebPage","@id":"https:\/\/ambulanceflight.com\/tr\/donanma\/turboprop\/piaggio\/","url":"https:\/\/ambulanceflight.com\/tr\/donanma\/turboprop\/piaggio\/","name":"Piaggio - K\u00fcresel Hava Ambulans Hizmetleri","isPartOf":{"@id":"https:\/\/ambulanceflight.com\/tr\/#website"},"primaryImageOfPage":{"@id":"https:\/\/ambulanceflight.com\/tr\/donanma\/turboprop\/piaggio\/#primaryimage"},"image":{"@id":"https:\/\/ambulanceflight.com\/tr\/donanma\/turboprop\/piaggio\/#primaryimage"},"thumbnailUrl":"http:\/\/ambulanceflight.com\/wp-content\/uploads\/2025\/12\/piaggio-p180-avanti-ii.jpg-1024x576.webp","datePublished":"2025-12-31T08:40:33+00:00","dateModified":"2026-01-23T12:37:21+00:00","breadcrumb":{"@id":"https:\/\/ambulanceflight.com\/tr\/donanma\/turboprop\/piaggio\/#breadcrumb"},"inLanguage":"tr","potentialAction":[{"@type":"ReadAction","target":["https:\/\/ambulanceflight.com\/tr\/donanma\/turboprop\/piaggio\/"]}]},{"@type":"ImageObject","inLanguage":"tr","@id":"https:\/\/ambulanceflight.com\/tr\/donanma\/turboprop\/piaggio\/#primaryimage","url":"http:\/\/ambulanceflight.com\/wp-content\/uploads\/2025\/12\/piaggio-p180-avanti-ii.jpg-1024x576.webp","contentUrl":"http:\/\/ambulanceflight.com\/wp-content\/uploads\/2025\/12\/piaggio-p180-avanti-ii.jpg-1024x576.webp"},{"@type":"BreadcrumbList","@id":"https:\/\/ambulanceflight.com\/tr\/donanma\/turboprop\/piaggio\/#breadcrumb","itemListElement":[{"@type":"ListItem","position":1,"name":"Home","item":"https:\/\/ambulanceflight.com\/tr\/"},{"@type":"ListItem","position":2,"name":"Donanma","item":"https:\/\/ambulanceflight.com\/tr\/fleet\/"},{"@type":"ListItem","position":3,"name":"Turboprop","item":"https:\/\/ambulanceflight.com\/tr\/fleet\/turboprop\/"},{"@type":"ListItem","position":4,"name":"Piaggio"}]},{"@type":"WebSite","@id":"https:\/\/ambulanceflight.com\/tr\/#website","url":"https:\/\/ambulanceflight.com\/tr\/","name":"K\u00fcresel Hava Ambulans Hizmetleri","description":"D\u00fcnyan\u0131n her yerindeki hastalar i\u00e7in h\u0131zl\u0131, g\u00fcvenli ve tam donan\u0131ml\u0131 hava ambulans\u0131 transferleri.","potentialAction":[{"@type":"SearchAction","target":{"@type":"EntryPoint","urlTemplate":"https:\/\/ambulanceflight.com\/tr\/?s={search_term_string}"},"query-input":{"@type":"PropertyValueSpecification","valueRequired":true,"valueName":"search_term_string"}}],"inLanguage":"tr"}]}},"_links":{"self":[{"href":"https:\/\/ambulanceflight.com\/tr\/wp-json\/wp\/v2\/pages\/1728","targetHints":{"allow":["GET"]}}],"collection":[{"href":"https:\/\/ambulanceflight.com\/tr\/wp-json\/wp\/v2\/pages"}],"about":[{"href":"https:\/\/ambulanceflight.com\/tr\/wp-json\/wp\/v2\/types\/page"}],"author":[{"embeddable":true,"href":"https:\/\/ambulanceflight.com\/tr\/wp-json\/wp\/v2\/users\/1"}],"replies":[{"embeddable":true,"href":"https:\/\/ambulanceflight.com\/tr\/wp-json\/wp\/v2\/comments?post=1728"}],"version-history":[{"count":5,"href":"https:\/\/ambulanceflight.com\/tr\/wp-json\/wp\/v2\/pages\/1728\/revisions"}],"predecessor-version":[{"id":2894,"href":"https:\/\/ambulanceflight.com\/tr\/wp-json\/wp\/v2\/pages\/1728\/revisions\/2894"}],"up":[{"embeddable":true,"href":"https:\/\/ambulanceflight.com\/tr\/wp-json\/wp\/v2\/pages\/1466"}],"wp:attachment":[{"href":"https:\/\/ambulanceflight.com\/tr\/wp-json\/wp\/v2\/media?parent=1728"}],"curies":[{"name":"wp","href":"https:\/\/api.w.org\/{rel}","templated":true}]}}