{"id":1724,"date":"2025-12-31T08:39:21","date_gmt":"2025-12-31T08:39:21","guid":{"rendered":"https:\/\/ambulanceflight.com\/beechcraft-king-air\/"},"modified":"2026-01-23T12:32:06","modified_gmt":"2026-01-23T12:32:06","slug":"beechcraft-king-air","status":"publish","type":"page","link":"https:\/\/ambulanceflight.com\/tr\/donanma\/turboprop\/beechcraft-king-air\/","title":{"rendered":"Beechcraft King Air"},"content":{"rendered":"\t\t<div data-elementor-type=\"wp-page\" data-elementor-id=\"1724\" class=\"elementor elementor-1724 elementor-1721\" data-elementor-settings=\"{&quot;ha_cmc_init_switcher&quot;:&quot;no&quot;}\" data-elementor-post-type=\"page\">\n\t\t\t\t<div class=\"elementor-element elementor-element-a89deb2 e-flex e-con-boxed e-con e-parent\" data-id=\"a89deb2\" data-element_type=\"container\" data-settings=\"{&quot;_ha_eqh_enable&quot;:false,&quot;ekit_has_onepagescroll_dot&quot;:&quot;yes&quot;}\">\n\t\t\t\t\t<div class=\"e-con-inner\">\n\t\t<div class=\"elementor-element elementor-element-5a8585a e-con-full e-flex e-con e-child\" data-id=\"5a8585a\" data-element_type=\"container\" data-settings=\"{&quot;_ha_eqh_enable&quot;:false,&quot;ekit_has_onepagescroll_dot&quot;:&quot;yes&quot;}\">\n\t\t\t\t<div class=\"elementor-element elementor-element-fc7667d elementor-widget elementor-widget-spacer\" data-id=\"fc7667d\" data-element_type=\"widget\" data-settings=\"{&quot;ekit_we_effect_on&quot;:&quot;none&quot;}\" data-widget_type=\"spacer.default\">\n\t\t\t\t<div class=\"elementor-widget-container\">\n\t\t\t\t\t<div class=\"elementor-spacer\">\n\t\t\t<div class=\"elementor-spacer-inner\"><\/div>\n\t\t<\/div>\n\t\t\t\t<\/div>\n\t\t\t\t<\/div>\n\t\t\t\t<div class=\"elementor-element elementor-element-3d0add4 elementor-widget elementor-widget-image\" data-id=\"3d0add4\" data-element_type=\"widget\" data-settings=\"{&quot;ekit_we_effect_on&quot;:&quot;none&quot;}\" data-widget_type=\"image.default\">\n\t\t\t\t<div class=\"elementor-widget-container\">\n\t\t\t\t\t\t\t\t\t\t\t\t\t<img fetchpriority=\"high\" decoding=\"async\" width=\"800\" height=\"450\" src=\"https:\/\/ambulanceflight.com\/wp-content\/uploads\/2025\/12\/beechcraft-king-air-300-350-1.jpg-1024x576.webp\" class=\"attachment-large size-large wp-image-1764\" alt=\"\" srcset=\"https:\/\/ambulanceflight.com\/wp-content\/uploads\/2025\/12\/beechcraft-king-air-300-350-1.jpg-1024x576.webp 1024w, https:\/\/ambulanceflight.com\/wp-content\/uploads\/2025\/12\/beechcraft-king-air-300-350-1.jpg-300x169.webp 300w, https:\/\/ambulanceflight.com\/wp-content\/uploads\/2025\/12\/beechcraft-king-air-300-350-1.jpg-768x432.webp 768w, https:\/\/ambulanceflight.com\/wp-content\/uploads\/2025\/12\/beechcraft-king-air-300-350-1.jpg-1536x864.webp 1536w, https:\/\/ambulanceflight.com\/wp-content\/uploads\/2025\/12\/beechcraft-king-air-300-350-1.jpg.webp 1600w\" sizes=\"(max-width: 800px) 100vw, 800px\" \/>\t\t\t\t\t\t\t\t\t\t\t\t\t<\/div>\n\t\t\t\t<\/div>\n\t\t\t\t<\/div>\n\t\t<div class=\"elementor-element elementor-element-94e07c7 e-con-full e-flex e-con e-child\" data-id=\"94e07c7\" data-element_type=\"container\" data-settings=\"{&quot;_ha_eqh_enable&quot;:false,&quot;ekit_has_onepagescroll_dot&quot;:&quot;yes&quot;}\">\n\t\t<div class=\"elementor-element elementor-element-0da9a99 e-con-full e-flex e-con e-child\" data-id=\"0da9a99\" data-element_type=\"container\" data-settings=\"{&quot;_ha_eqh_enable&quot;:false,&quot;ekit_has_onepagescroll_dot&quot;:&quot;yes&quot;}\">\n\t\t\t\t<div class=\"elementor-element elementor-element-18db250 elementor-widget elementor-widget-image\" data-id=\"18db250\" data-element_type=\"widget\" data-settings=\"{&quot;ekit_we_effect_on&quot;:&quot;none&quot;}\" data-widget_type=\"image.default\">\n\t\t\t\t<div class=\"elementor-widget-container\">\n\t\t\t\t\t\t\t\t\t\t\t\t\t<img decoding=\"async\" width=\"800\" height=\"533\" src=\"https:\/\/ambulanceflight.com\/wp-content\/uploads\/2026\/01\/WhatsApp-Image-2026-01-23-at-13.30.38.jpeg\" class=\"attachment-large size-large wp-image-2884\" alt=\"\" srcset=\"https:\/\/ambulanceflight.com\/wp-content\/uploads\/2026\/01\/WhatsApp-Image-2026-01-23-at-13.30.38.jpeg 960w, https:\/\/ambulanceflight.com\/wp-content\/uploads\/2026\/01\/WhatsApp-Image-2026-01-23-at-13.30.38-300x200.jpeg 300w, https:\/\/ambulanceflight.com\/wp-content\/uploads\/2026\/01\/WhatsApp-Image-2026-01-23-at-13.30.38-768x512.jpeg 768w\" sizes=\"(max-width: 800px) 100vw, 800px\" \/>\t\t\t\t\t\t\t\t\t\t\t\t\t<\/div>\n\t\t\t\t<\/div>\n\t\t\t\t<\/div>\n\t\t<div class=\"elementor-element elementor-element-3647e5c e-con-full e-flex e-con e-child\" data-id=\"3647e5c\" data-element_type=\"container\" data-settings=\"{&quot;_ha_eqh_enable&quot;:false,&quot;ekit_has_onepagescroll_dot&quot;:&quot;yes&quot;}\">\n\t\t\t\t<div class=\"elementor-element elementor-element-3ce9c75 elementor-widget elementor-widget-image\" data-id=\"3ce9c75\" data-element_type=\"widget\" data-settings=\"{&quot;ekit_we_effect_on&quot;:&quot;none&quot;}\" data-widget_type=\"image.default\">\n\t\t\t\t<div class=\"elementor-widget-container\">\n\t\t\t\t\t\t\t\t\t\t\t\t\t<img decoding=\"async\" width=\"800\" height=\"400\" src=\"https:\/\/ambulanceflight.com\/wp-content\/uploads\/2026\/01\/WhatsApp-Image-2026-01-23-at-13.31.31.jpeg\" class=\"attachment-large size-large wp-image-2885\" alt=\"\" srcset=\"https:\/\/ambulanceflight.com\/wp-content\/uploads\/2026\/01\/WhatsApp-Image-2026-01-23-at-13.31.31.jpeg 800w, https:\/\/ambulanceflight.com\/wp-content\/uploads\/2026\/01\/WhatsApp-Image-2026-01-23-at-13.31.31-300x150.jpeg 300w, https:\/\/ambulanceflight.com\/wp-content\/uploads\/2026\/01\/WhatsApp-Image-2026-01-23-at-13.31.31-768x384.jpeg 768w\" sizes=\"(max-width: 800px) 100vw, 800px\" \/>\t\t\t\t\t\t\t\t\t\t\t\t\t<\/div>\n\t\t\t\t<\/div>\n\t\t\t\t<\/div>\n\t\t\t\t<\/div>\n\t\t\t\t\t<\/div>\n\t\t\t\t<\/div>\n\t\t<div class=\"elementor-element elementor-element-e68ffda e-flex e-con-boxed e-con e-parent\" data-id=\"e68ffda\" data-element_type=\"container\" data-settings=\"{&quot;background_background&quot;:&quot;classic&quot;,&quot;_ha_eqh_enable&quot;:false,&quot;ekit_has_onepagescroll_dot&quot;:&quot;yes&quot;}\">\n\t\t\t\t\t<div class=\"e-con-inner\">\n\t\t\t\t<div class=\"elementor-element elementor-element-4a1b37e elementor-widget elementor-widget-text-editor\" data-id=\"4a1b37e\" data-element_type=\"widget\" data-settings=\"{&quot;ekit_we_effect_on&quot;:&quot;none&quot;}\" data-widget_type=\"text-editor.default\">\n\t\t\t\t<div class=\"elementor-widget-container\">\n\t\t\t\t\t\t\t<p data-path-to-node=\"1\"> <\/p><p data-path-to-node=\"1\"><b data-path-to-node=\"1\" data-index-in-node=\"4\">Beechcraft King Air<\/b>, aeromedikal ta\u015f\u0131mac\u0131l\u0131k i\u00e7in k\u00fcresel bir \u00f6l\u00e7\u00fctt\u00fcr. King Air 200&#8217;den daha \u00e7ok y\u00f6nl\u00fc olan bu model, iki hastaya kadar a\u011f\u0131rlayabilen ve son derece k\u0131sa pistlerde \u00e7al\u0131\u015fmak i\u00e7in gereken \u00e7evikli\u011fi koruyan uzun bir kabine sahiptir. Efsanevi g\u00fcvenilirli\u011fi ve her hava ko\u015fulunda kullanma yetenekleri, da\u011fl\u0131k b\u00f6lgelerde ve uzak b\u00f6lgelerde kurtarma hizmetleri i\u00e7in tercih edilen ara\u00e7 haline getiriyor.  <\/p><p data-path-to-node=\"2\">Verimli bas\u0131n\u00e7land\u0131rmas\u0131 ve u\u00e7u\u015f stabilitesi sayesinde, kritik hastalar\u0131n izlenmesi i\u00e7in optimal bir ortam sa\u011flan\u0131r. H\u0131zl\u0131 ve g\u00fcvenli hastaneler aras\u0131 transferler i\u00e7in ideal u\u00e7akt\u0131r. <\/p><p data-path-to-node=\"2\"> <\/p><p data-path-to-node=\"2\"> <\/p><h3 data-path-to-node=\"4\">T\u0131bbi Ekipman<\/h3><p data-path-to-node=\"5\"> <\/p><p data-path-to-node=\"5\">I\u00e7 konfig\u00fcrasyon, bu u\u00e7a\u011f\u0131 ger\u00e7ek <b data-path-to-node=\"5\" data-index-in-node=\"64\">bir Mobil Yo\u011fun Bak\u0131m \u00dcnitesine (ICU)<\/b> d\u00f6n\u00fc\u015ft\u00fcr\u00fcr. T\u0131bbi ekip, h\u0131zl\u0131 ve verimli m\u00fcdahale etmek i\u00e7in gerekli t\u00fcm alana sahiptir. <\/p><ul data-path-to-node=\"6\"><li><p data-path-to-node=\"6,0,0\">Geli\u015fmi\u015f ta\u015f\u0131ma ventilat\u00f6r\u00fc<\/p><\/li><li><p data-path-to-node=\"6,1,0\">\u00c7ok parametreli monit\u00f6r (EKG, SpO2, NIBP)<\/p><\/li><li><p data-path-to-node=\"6,2,0\">Kalp monit\u00f6r ve defibrilat\u00f6r<\/p><\/li><li><p data-path-to-node=\"6,3,0\">\u0130nf\u00fczyon pompalar\u0131 ve \u015f\u0131r\u0131nga s\u00fcr\u00fcc\u00fcleri<\/p><\/li><li><p data-path-to-node=\"6,4,0\">Ta\u015f\u0131nabilir emi\u015f \u00fcnitesi<\/p><\/li><li><p data-path-to-node=\"6,5,0\">Kan gaz\u0131 analiz\u00f6r\u00fc (EPOC)<\/p><\/li><li><p data-path-to-node=\"6,6,0\">Kapsaml\u0131 reanimasyon kiti<\/p><\/li><li><p data-path-to-node=\"6,7,0\">Yenido\u011fan ta\u015f\u0131ma kulu\u00e7ka makinesi deste\u011fi<\/p><\/li><li><p data-path-to-node=\"6,8,0\">Y\u00fcksek kapasiteli oksijen temin ve yedekleme sistemi<\/p><\/li><\/ul><p> <\/p><table data-path-to-node=\"10\"><thead><tr><td><strong>\u00d6zellik<\/strong><\/td><td><strong>Spesifikasyonu<\/strong><\/td><\/tr><\/thead><tbody><tr><td><span data-path-to-node=\"10,1,0,0\"><b data-path-to-node=\"10,1,0,0\" data-index-in-node=\"0\">Seyir<\/b><\/span><\/td><td><span data-path-to-node=\"10,1,1,0\">h\u0131z\u0131 yakla\u015f\u0131k 580 km\/s (310 kt)<\/span><\/td><\/tr><tr><td><span data-path-to-node=\"10,2,0,0\"><b data-path-to-node=\"10,2,0,0\" data-index-in-node=\"0\">Menzil<\/b><\/span><\/td><td><span data-path-to-node=\"10,2,1,0\">yakla\u015f\u0131k 3.300 km (1.800 nm)<\/span><\/td><\/tr><tr><td><span data-path-to-node=\"10,3,0,0\"><b data-path-to-node=\"10,3,0,0\" data-index-in-node=\"0\"><\/b><\/span><\/td><td><span data-path-to-node=\"10,3,1,0\">Motorlar 2 x Pratt &amp; Whitney PT6A-60A<\/span><\/td><\/tr><tr><td><span data-path-to-node=\"10,4,0,0\"><b data-path-to-node=\"10,4,0,0\" data-index-in-node=\"0\">Hizmet<\/b><\/span><\/td><td><span data-path-to-node=\"10,4,1,0\">Tavan\u0131 35.000 ft (10.668 m)<\/span><\/td><\/tr><tr><td><span data-path-to-node=\"10,5,0,0\"><b data-path-to-node=\"10,5,0,0\" data-index-in-node=\"0\">Anahtar Avantaj<\/b><\/span><\/td><td><span data-path-to-node=\"10,5,1,0\">K\u0131sa alan performans\u0131 ve \u00e7ok hastal\u0131 kapasite<\/span><\/td><\/tr><\/tbody><\/table>\t\t\t\t\t\t<\/div>\n\t\t\t\t<\/div>\n\t\t\t\t\t<\/div>\n\t\t\t\t<\/div>\n\t\t\t\t<\/div>\n\t\t","protected":false},"excerpt":{"rendered":"<p>Beechcraft King Air, aeromedikal ta\u015f\u0131mac\u0131l\u0131k i\u00e7in k\u00fcresel bir \u00f6l\u00e7\u00fctt\u00fcr. King Air 200&#8217;den daha \u00e7ok y\u00f6nl\u00fc olan bu model, iki hastaya kadar a\u011f\u0131rlayabilen ve son derece k\u0131sa pistlerde \u00e7al\u0131\u015fmak i\u00e7in gereken \u00e7evikli\u011fi koruyan uzun bir kabine sahiptir. Efsanevi g\u00fcvenilirli\u011fi ve her hava ko\u015fulunda kullanma yetenekleri, da\u011fl\u0131k b\u00f6lgelerde ve uzak b\u00f6lgelerde kurtarma hizmetleri i\u00e7in tercih edilen ara\u00e7 [&hellip;]<\/p>\n","protected":false},"author":1,"featured_media":0,"parent":1466,"menu_order":0,"comment_status":"closed","ping_status":"closed","template":"","meta":{"footnotes":""},"class_list":["post-1724","page","type-page","status-publish","hentry"],"yoast_head":"<!-- This site is optimized with the Yoast SEO plugin v27.6 - https:\/\/yoast.com\/product\/yoast-seo-wordpress\/ -->\n<title>Beechcraft King Air - K\u00fcresel Hava Ambulans Hizmetleri<\/title>\n<meta name=\"robots\" content=\"index, follow, max-snippet:-1, max-image-preview:large, max-video-preview:-1\" \/>\n<link rel=\"canonical\" href=\"https:\/\/ambulanceflight.com\/tr\/donanma\/turboprop\/beechcraft-king-air\/\" \/>\n<meta property=\"og:locale\" content=\"tr_TR\" \/>\n<meta property=\"og:type\" content=\"article\" \/>\n<meta property=\"og:title\" content=\"Beechcraft King Air - K\u00fcresel Hava Ambulans Hizmetleri\" \/>\n<meta property=\"og:description\" content=\"Beechcraft King Air, aeromedikal ta\u015f\u0131mac\u0131l\u0131k i\u00e7in k\u00fcresel bir \u00f6l\u00e7\u00fctt\u00fcr. King Air 200&#8217;den daha \u00e7ok y\u00f6nl\u00fc olan bu model, iki hastaya kadar a\u011f\u0131rlayabilen ve son derece k\u0131sa pistlerde \u00e7al\u0131\u015fmak i\u00e7in gereken \u00e7evikli\u011fi koruyan uzun bir kabine sahiptir. Efsanevi g\u00fcvenilirli\u011fi ve her hava ko\u015fulunda kullanma yetenekleri, da\u011fl\u0131k b\u00f6lgelerde ve uzak b\u00f6lgelerde kurtarma hizmetleri i\u00e7in tercih edilen ara\u00e7 [&hellip;]\" \/>\n<meta property=\"og:url\" content=\"https:\/\/ambulanceflight.com\/tr\/donanma\/turboprop\/beechcraft-king-air\/\" \/>\n<meta property=\"og:site_name\" content=\"K\u00fcresel Hava Ambulans Hizmetleri\" \/>\n<meta property=\"article:modified_time\" content=\"2026-01-23T12:32:06+00:00\" \/>\n<meta property=\"og:image\" content=\"http:\/\/ambulanceflight.com\/wp-content\/uploads\/2025\/12\/beechcraft-king-air-300-350-1.jpg-1024x576.webp\" \/>\n<meta name=\"twitter:card\" content=\"summary_large_image\" \/>\n<meta name=\"twitter:label1\" content=\"Tahmini okuma s\u00fcresi\" \/>\n\t<meta name=\"twitter:data1\" content=\"1 dakika\" \/>\n<script type=\"application\/ld+json\" class=\"yoast-schema-graph\">{\"@context\":\"https:\\\/\\\/schema.org\",\"@graph\":[{\"@type\":\"WebPage\",\"@id\":\"https:\\\/\\\/ambulanceflight.com\\\/tr\\\/donanma\\\/turboprop\\\/beechcraft-king-air\\\/\",\"url\":\"https:\\\/\\\/ambulanceflight.com\\\/tr\\\/donanma\\\/turboprop\\\/beechcraft-king-air\\\/\",\"name\":\"Beechcraft King Air - K\u00fcresel Hava Ambulans Hizmetleri\",\"isPartOf\":{\"@id\":\"https:\\\/\\\/ambulanceflight.com\\\/tr\\\/#website\"},\"primaryImageOfPage\":{\"@id\":\"https:\\\/\\\/ambulanceflight.com\\\/tr\\\/donanma\\\/turboprop\\\/beechcraft-king-air\\\/#primaryimage\"},\"image\":{\"@id\":\"https:\\\/\\\/ambulanceflight.com\\\/tr\\\/donanma\\\/turboprop\\\/beechcraft-king-air\\\/#primaryimage\"},\"thumbnailUrl\":\"http:\\\/\\\/ambulanceflight.com\\\/wp-content\\\/uploads\\\/2025\\\/12\\\/beechcraft-king-air-300-350-1.jpg-1024x576.webp\",\"datePublished\":\"2025-12-31T08:39:21+00:00\",\"dateModified\":\"2026-01-23T12:32:06+00:00\",\"breadcrumb\":{\"@id\":\"https:\\\/\\\/ambulanceflight.com\\\/tr\\\/donanma\\\/turboprop\\\/beechcraft-king-air\\\/#breadcrumb\"},\"inLanguage\":\"tr\",\"potentialAction\":[{\"@type\":\"ReadAction\",\"target\":[\"https:\\\/\\\/ambulanceflight.com\\\/tr\\\/donanma\\\/turboprop\\\/beechcraft-king-air\\\/\"]}]},{\"@type\":\"ImageObject\",\"inLanguage\":\"tr\",\"@id\":\"https:\\\/\\\/ambulanceflight.com\\\/tr\\\/donanma\\\/turboprop\\\/beechcraft-king-air\\\/#primaryimage\",\"url\":\"http:\\\/\\\/ambulanceflight.com\\\/wp-content\\\/uploads\\\/2025\\\/12\\\/beechcraft-king-air-300-350-1.jpg-1024x576.webp\",\"contentUrl\":\"http:\\\/\\\/ambulanceflight.com\\\/wp-content\\\/uploads\\\/2025\\\/12\\\/beechcraft-king-air-300-350-1.jpg-1024x576.webp\"},{\"@type\":\"BreadcrumbList\",\"@id\":\"https:\\\/\\\/ambulanceflight.com\\\/tr\\\/donanma\\\/turboprop\\\/beechcraft-king-air\\\/#breadcrumb\",\"itemListElement\":[{\"@type\":\"ListItem\",\"position\":1,\"name\":\"Home\",\"item\":\"https:\\\/\\\/ambulanceflight.com\\\/tr\\\/\"},{\"@type\":\"ListItem\",\"position\":2,\"name\":\"Donanma\",\"item\":\"https:\\\/\\\/ambulanceflight.com\\\/tr\\\/fleet\\\/\"},{\"@type\":\"ListItem\",\"position\":3,\"name\":\"Turboprop\",\"item\":\"https:\\\/\\\/ambulanceflight.com\\\/tr\\\/fleet\\\/turboprop\\\/\"},{\"@type\":\"ListItem\",\"position\":4,\"name\":\"Beechcraft King Air\"}]},{\"@type\":\"WebSite\",\"@id\":\"https:\\\/\\\/ambulanceflight.com\\\/tr\\\/#website\",\"url\":\"https:\\\/\\\/ambulanceflight.com\\\/tr\\\/\",\"name\":\"K\u00fcresel Hava Ambulans Hizmetleri\",\"description\":\"D\u00fcnyan\u0131n her yerindeki hastalar i\u00e7in h\u0131zl\u0131, g\u00fcvenli ve tam donan\u0131ml\u0131 hava ambulans\u0131 transferleri.\",\"potentialAction\":[{\"@type\":\"SearchAction\",\"target\":{\"@type\":\"EntryPoint\",\"urlTemplate\":\"https:\\\/\\\/ambulanceflight.com\\\/tr\\\/?s={search_term_string}\"},\"query-input\":{\"@type\":\"PropertyValueSpecification\",\"valueRequired\":true,\"valueName\":\"search_term_string\"}}],\"inLanguage\":\"tr\"}]}<\/script>\n<!-- \/ Yoast SEO plugin. -->","yoast_head_json":{"title":"Beechcraft King Air - K\u00fcresel Hava Ambulans Hizmetleri","robots":{"index":"index","follow":"follow","max-snippet":"max-snippet:-1","max-image-preview":"max-image-preview:large","max-video-preview":"max-video-preview:-1"},"canonical":"https:\/\/ambulanceflight.com\/tr\/donanma\/turboprop\/beechcraft-king-air\/","og_locale":"tr_TR","og_type":"article","og_title":"Beechcraft King Air - K\u00fcresel Hava Ambulans Hizmetleri","og_description":"Beechcraft King Air, aeromedikal ta\u015f\u0131mac\u0131l\u0131k i\u00e7in k\u00fcresel bir \u00f6l\u00e7\u00fctt\u00fcr. King Air 200&#8217;den daha \u00e7ok y\u00f6nl\u00fc olan bu model, iki hastaya kadar a\u011f\u0131rlayabilen ve son derece k\u0131sa pistlerde \u00e7al\u0131\u015fmak i\u00e7in gereken \u00e7evikli\u011fi koruyan uzun bir kabine sahiptir. Efsanevi g\u00fcvenilirli\u011fi ve her hava ko\u015fulunda kullanma yetenekleri, da\u011fl\u0131k b\u00f6lgelerde ve uzak b\u00f6lgelerde kurtarma hizmetleri i\u00e7in tercih edilen ara\u00e7 [&hellip;]","og_url":"https:\/\/ambulanceflight.com\/tr\/donanma\/turboprop\/beechcraft-king-air\/","og_site_name":"K\u00fcresel Hava Ambulans Hizmetleri","article_modified_time":"2026-01-23T12:32:06+00:00","og_image":[{"url":"http:\/\/ambulanceflight.com\/wp-content\/uploads\/2025\/12\/beechcraft-king-air-300-350-1.jpg-1024x576.webp","type":"","width":"","height":""}],"twitter_card":"summary_large_image","twitter_misc":{"Tahmini okuma s\u00fcresi":"1 dakika"},"schema":{"@context":"https:\/\/schema.org","@graph":[{"@type":"WebPage","@id":"https:\/\/ambulanceflight.com\/tr\/donanma\/turboprop\/beechcraft-king-air\/","url":"https:\/\/ambulanceflight.com\/tr\/donanma\/turboprop\/beechcraft-king-air\/","name":"Beechcraft King Air - K\u00fcresel Hava Ambulans Hizmetleri","isPartOf":{"@id":"https:\/\/ambulanceflight.com\/tr\/#website"},"primaryImageOfPage":{"@id":"https:\/\/ambulanceflight.com\/tr\/donanma\/turboprop\/beechcraft-king-air\/#primaryimage"},"image":{"@id":"https:\/\/ambulanceflight.com\/tr\/donanma\/turboprop\/beechcraft-king-air\/#primaryimage"},"thumbnailUrl":"http:\/\/ambulanceflight.com\/wp-content\/uploads\/2025\/12\/beechcraft-king-air-300-350-1.jpg-1024x576.webp","datePublished":"2025-12-31T08:39:21+00:00","dateModified":"2026-01-23T12:32:06+00:00","breadcrumb":{"@id":"https:\/\/ambulanceflight.com\/tr\/donanma\/turboprop\/beechcraft-king-air\/#breadcrumb"},"inLanguage":"tr","potentialAction":[{"@type":"ReadAction","target":["https:\/\/ambulanceflight.com\/tr\/donanma\/turboprop\/beechcraft-king-air\/"]}]},{"@type":"ImageObject","inLanguage":"tr","@id":"https:\/\/ambulanceflight.com\/tr\/donanma\/turboprop\/beechcraft-king-air\/#primaryimage","url":"http:\/\/ambulanceflight.com\/wp-content\/uploads\/2025\/12\/beechcraft-king-air-300-350-1.jpg-1024x576.webp","contentUrl":"http:\/\/ambulanceflight.com\/wp-content\/uploads\/2025\/12\/beechcraft-king-air-300-350-1.jpg-1024x576.webp"},{"@type":"BreadcrumbList","@id":"https:\/\/ambulanceflight.com\/tr\/donanma\/turboprop\/beechcraft-king-air\/#breadcrumb","itemListElement":[{"@type":"ListItem","position":1,"name":"Home","item":"https:\/\/ambulanceflight.com\/tr\/"},{"@type":"ListItem","position":2,"name":"Donanma","item":"https:\/\/ambulanceflight.com\/tr\/fleet\/"},{"@type":"ListItem","position":3,"name":"Turboprop","item":"https:\/\/ambulanceflight.com\/tr\/fleet\/turboprop\/"},{"@type":"ListItem","position":4,"name":"Beechcraft King Air"}]},{"@type":"WebSite","@id":"https:\/\/ambulanceflight.com\/tr\/#website","url":"https:\/\/ambulanceflight.com\/tr\/","name":"K\u00fcresel Hava Ambulans Hizmetleri","description":"D\u00fcnyan\u0131n her yerindeki hastalar i\u00e7in h\u0131zl\u0131, g\u00fcvenli ve tam donan\u0131ml\u0131 hava ambulans\u0131 transferleri.","potentialAction":[{"@type":"SearchAction","target":{"@type":"EntryPoint","urlTemplate":"https:\/\/ambulanceflight.com\/tr\/?s={search_term_string}"},"query-input":{"@type":"PropertyValueSpecification","valueRequired":true,"valueName":"search_term_string"}}],"inLanguage":"tr"}]}},"_links":{"self":[{"href":"https:\/\/ambulanceflight.com\/tr\/wp-json\/wp\/v2\/pages\/1724","targetHints":{"allow":["GET"]}}],"collection":[{"href":"https:\/\/ambulanceflight.com\/tr\/wp-json\/wp\/v2\/pages"}],"about":[{"href":"https:\/\/ambulanceflight.com\/tr\/wp-json\/wp\/v2\/types\/page"}],"author":[{"embeddable":true,"href":"https:\/\/ambulanceflight.com\/tr\/wp-json\/wp\/v2\/users\/1"}],"replies":[{"embeddable":true,"href":"https:\/\/ambulanceflight.com\/tr\/wp-json\/wp\/v2\/comments?post=1724"}],"version-history":[{"count":4,"href":"https:\/\/ambulanceflight.com\/tr\/wp-json\/wp\/v2\/pages\/1724\/revisions"}],"predecessor-version":[{"id":2886,"href":"https:\/\/ambulanceflight.com\/tr\/wp-json\/wp\/v2\/pages\/1724\/revisions\/2886"}],"up":[{"embeddable":true,"href":"https:\/\/ambulanceflight.com\/tr\/wp-json\/wp\/v2\/pages\/1466"}],"wp:attachment":[{"href":"https:\/\/ambulanceflight.com\/tr\/wp-json\/wp\/v2\/media?parent=1724"}],"curies":[{"name":"wp","href":"https:\/\/api.w.org\/{rel}","templated":true}]}}