{"id":1696,"date":"2025-12-30T16:53:37","date_gmt":"2025-12-30T16:53:37","guid":{"rendered":"https:\/\/ambulanceflight.com\/beechcraft-1900d\/"},"modified":"2026-01-23T12:29:30","modified_gmt":"2026-01-23T12:29:30","slug":"beechcraft-1900d","status":"publish","type":"page","link":"https:\/\/ambulanceflight.com\/tr\/donanma\/turboprop\/beechcraft-1900d\/","title":{"rendered":"BeechCraft 1900d"},"content":{"rendered":"\t\t<div data-elementor-type=\"wp-page\" data-elementor-id=\"1696\" class=\"elementor elementor-1696 elementor-1688\" data-elementor-settings=\"{&quot;ha_cmc_init_switcher&quot;:&quot;no&quot;}\" data-elementor-post-type=\"page\">\n\t\t\t\t<div class=\"elementor-element elementor-element-ea0c1ae e-flex e-con-boxed e-con e-parent\" data-id=\"ea0c1ae\" data-element_type=\"container\" data-settings=\"{&quot;_ha_eqh_enable&quot;:false,&quot;ekit_has_onepagescroll_dot&quot;:&quot;yes&quot;}\">\n\t\t\t\t\t<div class=\"e-con-inner\">\n\t\t<div class=\"elementor-element elementor-element-d4763c3 e-con-full e-flex e-con e-child\" data-id=\"d4763c3\" data-element_type=\"container\" data-settings=\"{&quot;_ha_eqh_enable&quot;:false,&quot;ekit_has_onepagescroll_dot&quot;:&quot;yes&quot;}\">\n\t\t\t\t<div class=\"elementor-element elementor-element-34f676a elementor-widget elementor-widget-image\" data-id=\"34f676a\" data-element_type=\"widget\" data-settings=\"{&quot;ekit_we_effect_on&quot;:&quot;none&quot;}\" data-widget_type=\"image.default\">\n\t\t\t\t<div class=\"elementor-widget-container\">\n\t\t\t\t\t\t\t\t\t\t\t\t\t<img fetchpriority=\"high\" decoding=\"async\" width=\"800\" height=\"533\" src=\"https:\/\/ambulanceflight.com\/wp-content\/uploads\/2026\/01\/1ac72d0cda5331b935641086a3b8b9f9-1024x682.jpg\" class=\"attachment-large size-large wp-image-2814\" alt=\"\" srcset=\"https:\/\/ambulanceflight.com\/wp-content\/uploads\/2026\/01\/1ac72d0cda5331b935641086a3b8b9f9-1024x682.jpg 1024w, https:\/\/ambulanceflight.com\/wp-content\/uploads\/2026\/01\/1ac72d0cda5331b935641086a3b8b9f9-300x200.jpg 300w, https:\/\/ambulanceflight.com\/wp-content\/uploads\/2026\/01\/1ac72d0cda5331b935641086a3b8b9f9-768x512.jpg 768w, https:\/\/ambulanceflight.com\/wp-content\/uploads\/2026\/01\/1ac72d0cda5331b935641086a3b8b9f9.jpg 1199w\" sizes=\"(max-width: 800px) 100vw, 800px\" \/>\t\t\t\t\t\t\t\t\t\t\t\t\t<\/div>\n\t\t\t\t<\/div>\n\t\t\t\t<\/div>\n\t\t<div class=\"elementor-element elementor-element-0b47cb6 e-con-full e-flex e-con e-child\" data-id=\"0b47cb6\" data-element_type=\"container\" data-settings=\"{&quot;_ha_eqh_enable&quot;:false,&quot;ekit_has_onepagescroll_dot&quot;:&quot;yes&quot;}\">\n\t\t<div class=\"elementor-element elementor-element-abd572a e-con-full e-flex e-con e-child\" data-id=\"abd572a\" data-element_type=\"container\" data-settings=\"{&quot;_ha_eqh_enable&quot;:false,&quot;ekit_has_onepagescroll_dot&quot;:&quot;yes&quot;}\">\n\t\t\t\t<div class=\"elementor-element elementor-element-a4cda34 elementor-widget elementor-widget-image\" data-id=\"a4cda34\" data-element_type=\"widget\" data-settings=\"{&quot;ekit_we_effect_on&quot;:&quot;none&quot;}\" data-widget_type=\"image.default\">\n\t\t\t\t<div class=\"elementor-widget-container\">\n\t\t\t\t\t\t\t\t\t\t\t\t\t<img decoding=\"async\" width=\"800\" height=\"427\" src=\"https:\/\/ambulanceflight.com\/wp-content\/uploads\/2026\/01\/WhatsApp-Image-2026-01-23-at-13.27.19-1024x546.jpeg\" class=\"attachment-large size-large wp-image-2873\" alt=\"\" srcset=\"https:\/\/ambulanceflight.com\/wp-content\/uploads\/2026\/01\/WhatsApp-Image-2026-01-23-at-13.27.19-1024x546.jpeg 1024w, https:\/\/ambulanceflight.com\/wp-content\/uploads\/2026\/01\/WhatsApp-Image-2026-01-23-at-13.27.19-300x160.jpeg 300w, https:\/\/ambulanceflight.com\/wp-content\/uploads\/2026\/01\/WhatsApp-Image-2026-01-23-at-13.27.19-768x410.jpeg 768w, https:\/\/ambulanceflight.com\/wp-content\/uploads\/2026\/01\/WhatsApp-Image-2026-01-23-at-13.27.19.jpeg 1440w\" sizes=\"(max-width: 800px) 100vw, 800px\" \/>\t\t\t\t\t\t\t\t\t\t\t\t\t<\/div>\n\t\t\t\t<\/div>\n\t\t\t\t<\/div>\n\t\t<div class=\"elementor-element elementor-element-9c43184 e-con-full e-flex e-con e-child\" data-id=\"9c43184\" data-element_type=\"container\" data-settings=\"{&quot;_ha_eqh_enable&quot;:false,&quot;ekit_has_onepagescroll_dot&quot;:&quot;yes&quot;}\">\n\t\t\t\t<div class=\"elementor-element elementor-element-20d8b60 elementor-widget elementor-widget-image\" data-id=\"20d8b60\" data-element_type=\"widget\" data-settings=\"{&quot;ekit_we_effect_on&quot;:&quot;none&quot;}\" data-widget_type=\"image.default\">\n\t\t\t\t<div class=\"elementor-widget-container\">\n\t\t\t\t\t\t\t\t\t\t\t\t\t<img decoding=\"async\" width=\"800\" height=\"427\" src=\"https:\/\/ambulanceflight.com\/wp-content\/uploads\/2026\/01\/WhatsApp-Image-2026-01-23-at-13.27.19-1-1024x546.jpeg\" class=\"attachment-large size-large wp-image-2874\" alt=\"\" srcset=\"https:\/\/ambulanceflight.com\/wp-content\/uploads\/2026\/01\/WhatsApp-Image-2026-01-23-at-13.27.19-1-1024x546.jpeg 1024w, https:\/\/ambulanceflight.com\/wp-content\/uploads\/2026\/01\/WhatsApp-Image-2026-01-23-at-13.27.19-1-300x160.jpeg 300w, https:\/\/ambulanceflight.com\/wp-content\/uploads\/2026\/01\/WhatsApp-Image-2026-01-23-at-13.27.19-1-768x410.jpeg 768w, https:\/\/ambulanceflight.com\/wp-content\/uploads\/2026\/01\/WhatsApp-Image-2026-01-23-at-13.27.19-1.jpeg 1440w\" sizes=\"(max-width: 800px) 100vw, 800px\" \/>\t\t\t\t\t\t\t\t\t\t\t\t\t<\/div>\n\t\t\t\t<\/div>\n\t\t\t\t<\/div>\n\t\t\t\t<\/div>\n\t\t\t\t\t<\/div>\n\t\t\t\t<\/div>\n\t\t<div class=\"elementor-element elementor-element-f2e954c e-flex e-con-boxed e-con e-parent\" data-id=\"f2e954c\" data-element_type=\"container\" data-settings=\"{&quot;background_background&quot;:&quot;classic&quot;,&quot;_ha_eqh_enable&quot;:false,&quot;ekit_has_onepagescroll_dot&quot;:&quot;yes&quot;}\">\n\t\t\t\t\t<div class=\"e-con-inner\">\n\t\t\t\t<div class=\"elementor-element elementor-element-a97c4a6 elementor-widget elementor-widget-text-editor\" data-id=\"a97c4a6\" data-element_type=\"widget\" data-settings=\"{&quot;ekit_we_effect_on&quot;:&quot;none&quot;}\" data-widget_type=\"text-editor.default\">\n\t\t\t\t<div class=\"elementor-widget-container\">\n\t\t\t\t\t\t\t<p data-path-to-node=\"0\"> <\/p><p data-path-to-node=\"0\"> <\/p><p data-path-to-node=\"0\"><b data-path-to-node=\"0\" data-index-in-node=\"4\">Beechcraft 1900D<\/b>, b\u00f6lgesel hava ambulans g\u00f6revleri i\u00e7in birinci s\u0131n\u0131f bir tercih olup, t\u0131bbi tahliyeler (MEDEVAC) i\u00e7in uzay ve performans a\u00e7\u0131s\u0131ndan \u00f6nemli bir y\u00fckseltme sunuyor. Daha k\u00fc\u00e7\u00fck u\u00e7aklar\u0131n aksine, 1900D &#8220;ayakta kabin&#8221; \u00f6zelli\u011fine sahiptir; bu da t\u0131bbi personelin serbest\u00e7e hareket etmesini ve yo\u011fun bak\u0131m sa\u011flamas\u0131n\u0131 sa\u011flar. <\/p><p data-path-to-node=\"1\">Bu u\u00e7ak, \u00f6zellikle \u00e7ok y\u00f6nl\u00fcl\u00fc\u011f\u00fcyle \u00fcnl\u00fcd\u00fcr: k\u0131sa ve geli\u015ftirilmemi\u015f pistlerde \u00e7al\u0131\u015fabilen turboprop bir motorun dayan\u0131kl\u0131l\u0131\u011f\u0131n\u0131, b\u00f6lgesel bir yolcu u\u00e7a\u011f\u0131n\u0131n i\u00e7 hacmiyle birle\u015ftirir. Bu durum, daha b\u00fcy\u00fck jet u\u00e7aklar\u0131n\u0131n eri\u015femeyece\u011fi uzak yerlere \u00e7ok say\u0131da hasta veya a\u011f\u0131r yo\u011fun bak\u0131m ekipman\u0131n\u0131n ta\u015f\u0131nmas\u0131 i\u00e7in ideal hale gelir. <\/p><p data-path-to-node=\"1\"> <\/p><h3 data-path-to-node=\"3\">T\u0131bbi Ekipman<\/h3><p data-path-to-node=\"4\">1900D&#8217;nin i\u00e7 k\u0131sm\u0131 <b data-path-to-node=\"4\" data-index-in-node=\"40\">mobil yo\u011fun bak\u0131m \u00fcnitesi (ICU)<\/b> olarak yap\u0131land\u0131r\u0131lm\u0131\u015ft\u0131r. Artan kabin y\u00fcksekli\u011fi ve geni\u015fli\u011fi, genellikle uzman bir doktor ve u\u00e7u\u015f hem\u015firesinden olu\u015fan t\u0131bbi ekibin hastay\u0131 \u00fcst d\u00fczey bir hastanede g\u00f6r\u00fclen bak\u0131m seviyesiyle izleyip tedavi etmesini sa\u011flar. <\/p><ul data-path-to-node=\"5\"><li><p data-path-to-node=\"5,0,0\">Geli\u015fmi\u015f ta\u015f\u0131ma ventilat\u00f6r\u00fc<\/p><\/li><li><p data-path-to-node=\"5,1,0\">\u00c7ok parametreli monit\u00f6r (EKG, SpO2, NIBP)<\/p><\/li><li><p data-path-to-node=\"5,2,0\">Ta\u015f\u0131nabilir emi\u015f \u00fcnitesi<\/p><\/li><li><p data-path-to-node=\"5,3,0\">\u015e\u0131r\u0131nga s\u00fcr\u00fcc\u00fcleri ve inf\u00fczyon pompalar\u0131<\/p><\/li><li><p data-path-to-node=\"5,4,0\">Ta\u015f\u0131nabilir kan gaz\u0131 analiz\u00f6r\u00fc (EPOC)<\/p><\/li><li><p data-path-to-node=\"5,5,0\">ECMO (Ekstrakorporeal Membran Oksijenasyonu) Deste\u011fi \/ IABP<\/p><\/li><li><p data-path-to-node=\"5,6,0\">Ta\u015f\u0131nabilir ultrason makinesi<\/p><\/li><li><p data-path-to-node=\"5,7,0\">Harici kalp pili<\/p><\/li><li><p data-path-to-node=\"5,8,0\">Yenido\u011fan ta\u015f\u0131ma kulu\u00e7ka makinesi<\/p><\/li><li><p data-path-to-node=\"5,9,0\">Y\u00fcksek kapasiteli oksijen sistemi<\/p><\/li><\/ul><p data-path-to-node=\"6,0\"> <\/p><table data-path-to-node=\"9\"><thead><tr><td><strong>\u00d6zellik<\/strong><\/td><td><strong>Spesifikasyonu<\/strong><\/td><\/tr><\/thead><tbody><tr><td><span data-path-to-node=\"9,1,0,0\"><b data-path-to-node=\"9,1,0,0\" data-index-in-node=\"0\">Seyir<\/b><\/span><\/td><td><span data-path-to-node=\"9,1,1,0\">h\u0131z\u0131 yakla\u015f\u0131k 520 km\/s (280 kt)<\/span><\/td><\/tr><tr><td><span data-path-to-node=\"9,2,0,0\"><b data-path-to-node=\"9,2,0,0\" data-index-in-node=\"0\">Menzil<\/b><\/span><\/td><td><span data-path-to-node=\"9,2,1,0\">2.500 km (y\u00fcke ba\u011fl\u0131 olarak)<\/span><\/td><\/tr><tr><td><span data-path-to-node=\"9,3,0,0\"><b data-path-to-node=\"9,3,0,0\" data-index-in-node=\"0\">Motorlar<\/b><\/span><\/td><td><span data-path-to-node=\"9,3,1,0\">2 x Pratt &amp; Whitney PT6A-67D<\/span><\/td><\/tr><tr><td><span data-path-to-node=\"9,4,0,0\"><b data-path-to-node=\"9,4,0,0\" data-index-in-node=\"0\">Maksimum \u0130rtifa<\/b><\/span><\/td><td><span data-path-to-node=\"9,4,1,0\">25.000 ft (7.620 m)<\/span><\/td><\/tr><tr><td><span data-path-to-node=\"9,5,0,0\"><b data-path-to-node=\"9,5,0,0\" data-index-in-node=\"0\"><\/b><\/span><\/td><td><span data-path-to-node=\"9,5,1,0\">Konfig\u00fcrasyon 1\u20132 sedye + t\u0131bbi ekip ve yolda\u015flar<\/span><\/td><\/tr><\/tbody><\/table>\t\t\t\t\t\t<\/div>\n\t\t\t\t<\/div>\n\t\t\t\t\t<\/div>\n\t\t\t\t<\/div>\n\t\t\t\t<\/div>\n\t\t","protected":false},"excerpt":{"rendered":"<p>Beechcraft 1900D, b\u00f6lgesel hava ambulans g\u00f6revleri i\u00e7in birinci s\u0131n\u0131f bir tercih olup, t\u0131bbi tahliyeler (MEDEVAC) i\u00e7in uzay ve performans a\u00e7\u0131s\u0131ndan \u00f6nemli bir y\u00fckseltme sunuyor. Daha k\u00fc\u00e7\u00fck u\u00e7aklar\u0131n aksine, 1900D &#8220;ayakta kabin&#8221; \u00f6zelli\u011fine sahiptir; bu da t\u0131bbi personelin serbest\u00e7e hareket etmesini ve yo\u011fun bak\u0131m sa\u011flamas\u0131n\u0131 sa\u011flar. Bu u\u00e7ak, \u00f6zellikle \u00e7ok y\u00f6nl\u00fcl\u00fc\u011f\u00fcyle \u00fcnl\u00fcd\u00fcr: k\u0131sa ve geli\u015ftirilmemi\u015f pistlerde [&hellip;]<\/p>\n","protected":false},"author":1,"featured_media":0,"parent":1466,"menu_order":0,"comment_status":"closed","ping_status":"closed","template":"","meta":{"footnotes":""},"class_list":["post-1696","page","type-page","status-publish","hentry"],"yoast_head":"<!-- This site is optimized with the Yoast SEO plugin v27.6 - https:\/\/yoast.com\/product\/yoast-seo-wordpress\/ -->\n<title>BeechCraft 1900d - K\u00fcresel Hava Ambulans Hizmetleri<\/title>\n<meta name=\"robots\" content=\"index, follow, max-snippet:-1, max-image-preview:large, max-video-preview:-1\" \/>\n<link rel=\"canonical\" href=\"https:\/\/ambulanceflight.com\/tr\/donanma\/turboprop\/beechcraft-1900d\/\" \/>\n<meta property=\"og:locale\" content=\"tr_TR\" \/>\n<meta property=\"og:type\" content=\"article\" \/>\n<meta property=\"og:title\" content=\"BeechCraft 1900d - K\u00fcresel Hava Ambulans Hizmetleri\" \/>\n<meta property=\"og:description\" content=\"Beechcraft 1900D, b\u00f6lgesel hava ambulans g\u00f6revleri i\u00e7in birinci s\u0131n\u0131f bir tercih olup, t\u0131bbi tahliyeler (MEDEVAC) i\u00e7in uzay ve performans a\u00e7\u0131s\u0131ndan \u00f6nemli bir y\u00fckseltme sunuyor. Daha k\u00fc\u00e7\u00fck u\u00e7aklar\u0131n aksine, 1900D &#8220;ayakta kabin&#8221; \u00f6zelli\u011fine sahiptir; bu da t\u0131bbi personelin serbest\u00e7e hareket etmesini ve yo\u011fun bak\u0131m sa\u011flamas\u0131n\u0131 sa\u011flar. Bu u\u00e7ak, \u00f6zellikle \u00e7ok y\u00f6nl\u00fcl\u00fc\u011f\u00fcyle \u00fcnl\u00fcd\u00fcr: k\u0131sa ve geli\u015ftirilmemi\u015f pistlerde [&hellip;]\" \/>\n<meta property=\"og:url\" content=\"https:\/\/ambulanceflight.com\/tr\/donanma\/turboprop\/beechcraft-1900d\/\" \/>\n<meta property=\"og:site_name\" content=\"K\u00fcresel Hava Ambulans Hizmetleri\" \/>\n<meta property=\"article:modified_time\" content=\"2026-01-23T12:29:30+00:00\" \/>\n<meta property=\"og:image\" content=\"http:\/\/ambulanceflight.com\/wp-content\/uploads\/2026\/01\/1ac72d0cda5331b935641086a3b8b9f9-1024x682.jpg\" \/>\n<meta name=\"twitter:card\" content=\"summary_large_image\" \/>\n<meta name=\"twitter:label1\" content=\"Tahmini okuma s\u00fcresi\" \/>\n\t<meta name=\"twitter:data1\" content=\"1 dakika\" \/>\n<script type=\"application\/ld+json\" class=\"yoast-schema-graph\">{\"@context\":\"https:\\\/\\\/schema.org\",\"@graph\":[{\"@type\":\"WebPage\",\"@id\":\"https:\\\/\\\/ambulanceflight.com\\\/tr\\\/donanma\\\/turboprop\\\/beechcraft-1900d\\\/\",\"url\":\"https:\\\/\\\/ambulanceflight.com\\\/tr\\\/donanma\\\/turboprop\\\/beechcraft-1900d\\\/\",\"name\":\"BeechCraft 1900d - K\u00fcresel Hava Ambulans Hizmetleri\",\"isPartOf\":{\"@id\":\"https:\\\/\\\/ambulanceflight.com\\\/tr\\\/#website\"},\"primaryImageOfPage\":{\"@id\":\"https:\\\/\\\/ambulanceflight.com\\\/tr\\\/donanma\\\/turboprop\\\/beechcraft-1900d\\\/#primaryimage\"},\"image\":{\"@id\":\"https:\\\/\\\/ambulanceflight.com\\\/tr\\\/donanma\\\/turboprop\\\/beechcraft-1900d\\\/#primaryimage\"},\"thumbnailUrl\":\"http:\\\/\\\/ambulanceflight.com\\\/wp-content\\\/uploads\\\/2026\\\/01\\\/1ac72d0cda5331b935641086a3b8b9f9-1024x682.jpg\",\"datePublished\":\"2025-12-30T16:53:37+00:00\",\"dateModified\":\"2026-01-23T12:29:30+00:00\",\"breadcrumb\":{\"@id\":\"https:\\\/\\\/ambulanceflight.com\\\/tr\\\/donanma\\\/turboprop\\\/beechcraft-1900d\\\/#breadcrumb\"},\"inLanguage\":\"tr\",\"potentialAction\":[{\"@type\":\"ReadAction\",\"target\":[\"https:\\\/\\\/ambulanceflight.com\\\/tr\\\/donanma\\\/turboprop\\\/beechcraft-1900d\\\/\"]}]},{\"@type\":\"ImageObject\",\"inLanguage\":\"tr\",\"@id\":\"https:\\\/\\\/ambulanceflight.com\\\/tr\\\/donanma\\\/turboprop\\\/beechcraft-1900d\\\/#primaryimage\",\"url\":\"http:\\\/\\\/ambulanceflight.com\\\/wp-content\\\/uploads\\\/2026\\\/01\\\/1ac72d0cda5331b935641086a3b8b9f9-1024x682.jpg\",\"contentUrl\":\"http:\\\/\\\/ambulanceflight.com\\\/wp-content\\\/uploads\\\/2026\\\/01\\\/1ac72d0cda5331b935641086a3b8b9f9-1024x682.jpg\"},{\"@type\":\"BreadcrumbList\",\"@id\":\"https:\\\/\\\/ambulanceflight.com\\\/tr\\\/donanma\\\/turboprop\\\/beechcraft-1900d\\\/#breadcrumb\",\"itemListElement\":[{\"@type\":\"ListItem\",\"position\":1,\"name\":\"Home\",\"item\":\"https:\\\/\\\/ambulanceflight.com\\\/tr\\\/\"},{\"@type\":\"ListItem\",\"position\":2,\"name\":\"Donanma\",\"item\":\"https:\\\/\\\/ambulanceflight.com\\\/tr\\\/fleet\\\/\"},{\"@type\":\"ListItem\",\"position\":3,\"name\":\"Turboprop\",\"item\":\"https:\\\/\\\/ambulanceflight.com\\\/tr\\\/fleet\\\/turboprop\\\/\"},{\"@type\":\"ListItem\",\"position\":4,\"name\":\"BeechCraft 1900d\"}]},{\"@type\":\"WebSite\",\"@id\":\"https:\\\/\\\/ambulanceflight.com\\\/tr\\\/#website\",\"url\":\"https:\\\/\\\/ambulanceflight.com\\\/tr\\\/\",\"name\":\"K\u00fcresel Hava Ambulans Hizmetleri\",\"description\":\"D\u00fcnyan\u0131n her yerindeki hastalar i\u00e7in h\u0131zl\u0131, g\u00fcvenli ve tam donan\u0131ml\u0131 hava ambulans\u0131 transferleri.\",\"potentialAction\":[{\"@type\":\"SearchAction\",\"target\":{\"@type\":\"EntryPoint\",\"urlTemplate\":\"https:\\\/\\\/ambulanceflight.com\\\/tr\\\/?s={search_term_string}\"},\"query-input\":{\"@type\":\"PropertyValueSpecification\",\"valueRequired\":true,\"valueName\":\"search_term_string\"}}],\"inLanguage\":\"tr\"}]}<\/script>\n<!-- \/ Yoast SEO plugin. -->","yoast_head_json":{"title":"BeechCraft 1900d - K\u00fcresel Hava Ambulans Hizmetleri","robots":{"index":"index","follow":"follow","max-snippet":"max-snippet:-1","max-image-preview":"max-image-preview:large","max-video-preview":"max-video-preview:-1"},"canonical":"https:\/\/ambulanceflight.com\/tr\/donanma\/turboprop\/beechcraft-1900d\/","og_locale":"tr_TR","og_type":"article","og_title":"BeechCraft 1900d - K\u00fcresel Hava Ambulans Hizmetleri","og_description":"Beechcraft 1900D, b\u00f6lgesel hava ambulans g\u00f6revleri i\u00e7in birinci s\u0131n\u0131f bir tercih olup, t\u0131bbi tahliyeler (MEDEVAC) i\u00e7in uzay ve performans a\u00e7\u0131s\u0131ndan \u00f6nemli bir y\u00fckseltme sunuyor. Daha k\u00fc\u00e7\u00fck u\u00e7aklar\u0131n aksine, 1900D &#8220;ayakta kabin&#8221; \u00f6zelli\u011fine sahiptir; bu da t\u0131bbi personelin serbest\u00e7e hareket etmesini ve yo\u011fun bak\u0131m sa\u011flamas\u0131n\u0131 sa\u011flar. Bu u\u00e7ak, \u00f6zellikle \u00e7ok y\u00f6nl\u00fcl\u00fc\u011f\u00fcyle \u00fcnl\u00fcd\u00fcr: k\u0131sa ve geli\u015ftirilmemi\u015f pistlerde [&hellip;]","og_url":"https:\/\/ambulanceflight.com\/tr\/donanma\/turboprop\/beechcraft-1900d\/","og_site_name":"K\u00fcresel Hava Ambulans Hizmetleri","article_modified_time":"2026-01-23T12:29:30+00:00","og_image":[{"url":"http:\/\/ambulanceflight.com\/wp-content\/uploads\/2026\/01\/1ac72d0cda5331b935641086a3b8b9f9-1024x682.jpg","type":"","width":"","height":""}],"twitter_card":"summary_large_image","twitter_misc":{"Tahmini okuma s\u00fcresi":"1 dakika"},"schema":{"@context":"https:\/\/schema.org","@graph":[{"@type":"WebPage","@id":"https:\/\/ambulanceflight.com\/tr\/donanma\/turboprop\/beechcraft-1900d\/","url":"https:\/\/ambulanceflight.com\/tr\/donanma\/turboprop\/beechcraft-1900d\/","name":"BeechCraft 1900d - K\u00fcresel Hava Ambulans Hizmetleri","isPartOf":{"@id":"https:\/\/ambulanceflight.com\/tr\/#website"},"primaryImageOfPage":{"@id":"https:\/\/ambulanceflight.com\/tr\/donanma\/turboprop\/beechcraft-1900d\/#primaryimage"},"image":{"@id":"https:\/\/ambulanceflight.com\/tr\/donanma\/turboprop\/beechcraft-1900d\/#primaryimage"},"thumbnailUrl":"http:\/\/ambulanceflight.com\/wp-content\/uploads\/2026\/01\/1ac72d0cda5331b935641086a3b8b9f9-1024x682.jpg","datePublished":"2025-12-30T16:53:37+00:00","dateModified":"2026-01-23T12:29:30+00:00","breadcrumb":{"@id":"https:\/\/ambulanceflight.com\/tr\/donanma\/turboprop\/beechcraft-1900d\/#breadcrumb"},"inLanguage":"tr","potentialAction":[{"@type":"ReadAction","target":["https:\/\/ambulanceflight.com\/tr\/donanma\/turboprop\/beechcraft-1900d\/"]}]},{"@type":"ImageObject","inLanguage":"tr","@id":"https:\/\/ambulanceflight.com\/tr\/donanma\/turboprop\/beechcraft-1900d\/#primaryimage","url":"http:\/\/ambulanceflight.com\/wp-content\/uploads\/2026\/01\/1ac72d0cda5331b935641086a3b8b9f9-1024x682.jpg","contentUrl":"http:\/\/ambulanceflight.com\/wp-content\/uploads\/2026\/01\/1ac72d0cda5331b935641086a3b8b9f9-1024x682.jpg"},{"@type":"BreadcrumbList","@id":"https:\/\/ambulanceflight.com\/tr\/donanma\/turboprop\/beechcraft-1900d\/#breadcrumb","itemListElement":[{"@type":"ListItem","position":1,"name":"Home","item":"https:\/\/ambulanceflight.com\/tr\/"},{"@type":"ListItem","position":2,"name":"Donanma","item":"https:\/\/ambulanceflight.com\/tr\/fleet\/"},{"@type":"ListItem","position":3,"name":"Turboprop","item":"https:\/\/ambulanceflight.com\/tr\/fleet\/turboprop\/"},{"@type":"ListItem","position":4,"name":"BeechCraft 1900d"}]},{"@type":"WebSite","@id":"https:\/\/ambulanceflight.com\/tr\/#website","url":"https:\/\/ambulanceflight.com\/tr\/","name":"K\u00fcresel Hava Ambulans Hizmetleri","description":"D\u00fcnyan\u0131n her yerindeki hastalar i\u00e7in h\u0131zl\u0131, g\u00fcvenli ve tam donan\u0131ml\u0131 hava ambulans\u0131 transferleri.","potentialAction":[{"@type":"SearchAction","target":{"@type":"EntryPoint","urlTemplate":"https:\/\/ambulanceflight.com\/tr\/?s={search_term_string}"},"query-input":{"@type":"PropertyValueSpecification","valueRequired":true,"valueName":"search_term_string"}}],"inLanguage":"tr"}]}},"_links":{"self":[{"href":"https:\/\/ambulanceflight.com\/tr\/wp-json\/wp\/v2\/pages\/1696","targetHints":{"allow":["GET"]}}],"collection":[{"href":"https:\/\/ambulanceflight.com\/tr\/wp-json\/wp\/v2\/pages"}],"about":[{"href":"https:\/\/ambulanceflight.com\/tr\/wp-json\/wp\/v2\/types\/page"}],"author":[{"embeddable":true,"href":"https:\/\/ambulanceflight.com\/tr\/wp-json\/wp\/v2\/users\/1"}],"replies":[{"embeddable":true,"href":"https:\/\/ambulanceflight.com\/tr\/wp-json\/wp\/v2\/comments?post=1696"}],"version-history":[{"count":4,"href":"https:\/\/ambulanceflight.com\/tr\/wp-json\/wp\/v2\/pages\/1696\/revisions"}],"predecessor-version":[{"id":2875,"href":"https:\/\/ambulanceflight.com\/tr\/wp-json\/wp\/v2\/pages\/1696\/revisions\/2875"}],"up":[{"embeddable":true,"href":"https:\/\/ambulanceflight.com\/tr\/wp-json\/wp\/v2\/pages\/1466"}],"wp:attachment":[{"href":"https:\/\/ambulanceflight.com\/tr\/wp-json\/wp\/v2\/media?parent=1696"}],"curies":[{"name":"wp","href":"https:\/\/api.w.org\/{rel}","templated":true}]}}