{"id":1668,"date":"2025-12-30T16:15:15","date_gmt":"2025-12-30T16:15:15","guid":{"rendered":"https:\/\/ambulanceflight.com\/pilatus-pc-12\/"},"modified":"2026-01-23T12:27:33","modified_gmt":"2026-01-23T12:27:33","slug":"pilatus-pc-12","status":"publish","type":"page","link":"https:\/\/ambulanceflight.com\/tr\/donanma\/turboprop\/pilatus-pc-12\/","title":{"rendered":"Pilatus PC-12"},"content":{"rendered":"\t\t<div data-elementor-type=\"wp-page\" data-elementor-id=\"1668\" class=\"elementor elementor-1668 elementor-1657\" data-elementor-settings=\"{&quot;ha_cmc_init_switcher&quot;:&quot;no&quot;}\" data-elementor-post-type=\"page\">\n\t\t\t\t<div class=\"elementor-element elementor-element-155d0dc e-flex e-con-boxed e-con e-parent\" data-id=\"155d0dc\" data-element_type=\"container\" data-settings=\"{&quot;_ha_eqh_enable&quot;:false,&quot;ekit_has_onepagescroll_dot&quot;:&quot;yes&quot;}\">\n\t\t\t\t\t<div class=\"e-con-inner\">\n\t\t<div class=\"elementor-element elementor-element-bd6ee64 e-con-full e-flex e-con e-child\" data-id=\"bd6ee64\" data-element_type=\"container\" data-settings=\"{&quot;_ha_eqh_enable&quot;:false,&quot;ekit_has_onepagescroll_dot&quot;:&quot;yes&quot;}\">\n\t\t\t\t<div class=\"elementor-element elementor-element-91f3c37 elementor-widget elementor-widget-spacer\" data-id=\"91f3c37\" data-element_type=\"widget\" data-settings=\"{&quot;ekit_we_effect_on&quot;:&quot;none&quot;}\" data-widget_type=\"spacer.default\">\n\t\t\t\t<div class=\"elementor-widget-container\">\n\t\t\t\t\t<div class=\"elementor-spacer\">\n\t\t\t<div class=\"elementor-spacer-inner\"><\/div>\n\t\t<\/div>\n\t\t\t\t<\/div>\n\t\t\t\t<\/div>\n\t\t\t\t<div class=\"elementor-element elementor-element-4fe9317 elementor-widget elementor-widget-image\" data-id=\"4fe9317\" data-element_type=\"widget\" data-settings=\"{&quot;ekit_we_effect_on&quot;:&quot;none&quot;}\" data-widget_type=\"image.default\">\n\t\t\t\t<div class=\"elementor-widget-container\">\n\t\t\t\t\t\t\t\t\t\t\t\t\t<img fetchpriority=\"high\" decoding=\"async\" width=\"800\" height=\"534\" src=\"https:\/\/ambulanceflight.com\/wp-content\/uploads\/2026\/01\/PHOTO-2026-01-23-13-21-46-2-1024x683.jpg\" class=\"attachment-large size-large wp-image-2850\" alt=\"\" srcset=\"https:\/\/ambulanceflight.com\/wp-content\/uploads\/2026\/01\/PHOTO-2026-01-23-13-21-46-2-1024x683.jpg 1024w, https:\/\/ambulanceflight.com\/wp-content\/uploads\/2026\/01\/PHOTO-2026-01-23-13-21-46-2-300x200.jpg 300w, https:\/\/ambulanceflight.com\/wp-content\/uploads\/2026\/01\/PHOTO-2026-01-23-13-21-46-2-768x512.jpg 768w, https:\/\/ambulanceflight.com\/wp-content\/uploads\/2026\/01\/PHOTO-2026-01-23-13-21-46-2.jpg 1199w\" sizes=\"(max-width: 800px) 100vw, 800px\" \/>\t\t\t\t\t\t\t\t\t\t\t\t\t<\/div>\n\t\t\t\t<\/div>\n\t\t\t\t<\/div>\n\t\t<div class=\"elementor-element elementor-element-a80c3e2 e-con-full e-flex e-con e-child\" data-id=\"a80c3e2\" data-element_type=\"container\" data-settings=\"{&quot;_ha_eqh_enable&quot;:false,&quot;ekit_has_onepagescroll_dot&quot;:&quot;yes&quot;}\">\n\t\t<div class=\"elementor-element elementor-element-a43fd45 e-con-full e-flex e-con e-child\" data-id=\"a43fd45\" data-element_type=\"container\" data-settings=\"{&quot;_ha_eqh_enable&quot;:false,&quot;ekit_has_onepagescroll_dot&quot;:&quot;yes&quot;}\">\n\t\t\t\t<div class=\"elementor-element elementor-element-c803739 elementor-widget elementor-widget-spacer\" data-id=\"c803739\" data-element_type=\"widget\" data-settings=\"{&quot;ekit_we_effect_on&quot;:&quot;none&quot;}\" data-widget_type=\"spacer.default\">\n\t\t\t\t<div class=\"elementor-widget-container\">\n\t\t\t\t\t<div class=\"elementor-spacer\">\n\t\t\t<div class=\"elementor-spacer-inner\"><\/div>\n\t\t<\/div>\n\t\t\t\t<\/div>\n\t\t\t\t<\/div>\n\t\t\t\t<div class=\"elementor-element elementor-element-a0d6bdd elementor-widget elementor-widget-image\" data-id=\"a0d6bdd\" data-element_type=\"widget\" data-settings=\"{&quot;ekit_we_effect_on&quot;:&quot;none&quot;}\" data-widget_type=\"image.default\">\n\t\t\t\t<div class=\"elementor-widget-container\">\n\t\t\t\t\t\t\t\t\t\t\t\t\t<img decoding=\"async\" width=\"800\" height=\"600\" src=\"https:\/\/ambulanceflight.com\/wp-content\/uploads\/2026\/01\/PHOTO-2026-01-23-13-21-57-1024x768.jpg\" class=\"attachment-large size-large wp-image-2851\" alt=\"\" srcset=\"https:\/\/ambulanceflight.com\/wp-content\/uploads\/2026\/01\/PHOTO-2026-01-23-13-21-57-1024x768.jpg 1024w, https:\/\/ambulanceflight.com\/wp-content\/uploads\/2026\/01\/PHOTO-2026-01-23-13-21-57-300x225.jpg 300w, https:\/\/ambulanceflight.com\/wp-content\/uploads\/2026\/01\/PHOTO-2026-01-23-13-21-57-768x576.jpg 768w, https:\/\/ambulanceflight.com\/wp-content\/uploads\/2026\/01\/PHOTO-2026-01-23-13-21-57-1536x1152.jpg 1536w, https:\/\/ambulanceflight.com\/wp-content\/uploads\/2026\/01\/PHOTO-2026-01-23-13-21-57.jpg 1600w\" sizes=\"(max-width: 800px) 100vw, 800px\" \/>\t\t\t\t\t\t\t\t\t\t\t\t\t<\/div>\n\t\t\t\t<\/div>\n\t\t\t\t<\/div>\n\t\t<div class=\"elementor-element elementor-element-77ea3ec e-con-full e-flex e-con e-child\" data-id=\"77ea3ec\" data-element_type=\"container\" data-settings=\"{&quot;_ha_eqh_enable&quot;:false,&quot;ekit_has_onepagescroll_dot&quot;:&quot;yes&quot;}\">\n\t\t\t\t<div class=\"elementor-element elementor-element-3914bbc elementor-widget elementor-widget-image\" data-id=\"3914bbc\" data-element_type=\"widget\" data-settings=\"{&quot;ekit_we_effect_on&quot;:&quot;none&quot;}\" data-widget_type=\"image.default\">\n\t\t\t\t<div class=\"elementor-widget-container\">\n\t\t\t\t\t\t\t\t\t\t\t\t\t<img decoding=\"async\" width=\"800\" height=\"1000\" src=\"https:\/\/ambulanceflight.com\/wp-content\/uploads\/2026\/01\/WhatsApp-Image-2026-01-23-at-13.21.46-819x1024.jpeg\" class=\"attachment-large size-large wp-image-2860\" alt=\"\" srcset=\"https:\/\/ambulanceflight.com\/wp-content\/uploads\/2026\/01\/WhatsApp-Image-2026-01-23-at-13.21.46-819x1024.jpeg 819w, https:\/\/ambulanceflight.com\/wp-content\/uploads\/2026\/01\/WhatsApp-Image-2026-01-23-at-13.21.46-240x300.jpeg 240w, https:\/\/ambulanceflight.com\/wp-content\/uploads\/2026\/01\/WhatsApp-Image-2026-01-23-at-13.21.46-768x960.jpeg 768w, https:\/\/ambulanceflight.com\/wp-content\/uploads\/2026\/01\/WhatsApp-Image-2026-01-23-at-13.21.46.jpeg 1200w\" sizes=\"(max-width: 800px) 100vw, 800px\" \/>\t\t\t\t\t\t\t\t\t\t\t\t\t<\/div>\n\t\t\t\t<\/div>\n\t\t\t\t<\/div>\n\t\t\t\t<\/div>\n\t\t\t\t\t<\/div>\n\t\t\t\t<\/div>\n\t\t<div class=\"elementor-element elementor-element-4547a50 e-flex e-con-boxed e-con e-parent\" data-id=\"4547a50\" data-element_type=\"container\" data-settings=\"{&quot;background_background&quot;:&quot;classic&quot;,&quot;_ha_eqh_enable&quot;:false,&quot;ekit_has_onepagescroll_dot&quot;:&quot;yes&quot;}\">\n\t\t\t\t\t<div class=\"e-con-inner\">\n\t\t\t\t<div class=\"elementor-element elementor-element-f1360f9 elementor-widget elementor-widget-text-editor\" data-id=\"f1360f9\" data-element_type=\"widget\" data-settings=\"{&quot;ekit_we_effect_on&quot;:&quot;none&quot;}\" data-widget_type=\"text-editor.default\">\n\t\t\t\t<div class=\"elementor-widget-container\">\n\t\t\t\t\t\t\t<p> <\/p><h3><strong>Tan\u0131m \u2013 Pilatus PC-12<\/strong><\/h3><p> <\/p><p>Pilatus PC-12, d\u00fcnyada medvac g\u00f6revleri i\u00e7in en \u00e7ok y\u00f6nl\u00fc ve yayg\u0131n kullan\u0131lan tek motorlu t\u0131bbi u\u00e7aklardan biridir. Geni\u015f ve mod\u00fcler kabini, hastay\u0131 yatan pozisyonda ve yan\u0131nda olan bir ki\u015fiyi en iyi konfor ve g\u00fcvenlik ko\u015fullar\u0131nda ta\u015f\u0131mak imkan\u0131 sunar.<br>Pilatus PC-12&#8217;nin \u00f6zelligi, bazen haz\u0131rl\u0131ks\u0131z (toprak, \u00e7ak\u0131l veya \u00e7im) \u00e7ok k\u0131sa pistlerde kalk\u0131\u015f ve ini\u015f yapabilme ola\u011fan\u00fcst\u00fc yetene\u011finde yatmaktad\u0131r. Bu yetenek, hastan\u0131n bulundu\u011fu yere m\u00fcmk\u00fcn oldu\u011funca yak\u0131n \u00e7al\u0131\u015fmas\u0131n\u0131 sa\u011flar; izole veya eri\u015fimi zor alanlarda da dahil. G\u00fc\u00e7l\u00fc ve son derece g\u00fcvenilir turboprop motoru sayesinde PC-12, bir\u00e7ok k\u00fc\u00e7\u00fck b\u00f6lgesel havaalan\u0131n\u0131 kolayca kullanabilir; bu da onu k\u0131sa ve orta mesafelerde t\u0131bbi transferler i\u00e7in m\u00fckemmel bir u\u00e7ak yapar; ayr\u0131ca daha uzun duraks\u0131z rotalarda da u\u00e7u\u015flar i\u00e7in ideal bir u\u00e7ak haline gelir.<br>Gemi \u00fczerindeki t\u0131bbi ekipman \u00e7ok y\u00fcksek standartta olup hastanedeki yo\u011fun bak\u0131m \u00fcnitesine benzeyebilir. T\u0131bbi hava ta\u015f\u0131mac\u0131l\u0131\u011f\u0131 konusunda uzmanla\u015fm\u0131\u015f bir doktor ve hem\u015fireden olu\u015fan ekip, u\u00e7u\u015f s\u0131ras\u0131nda karma\u015f\u0131k bak\u0131m sa\u011flamak \u00fczere e\u011fitilir. Ulusal veya uluslararas\u0131 sa\u011fl\u0131k transferleri s\u0131ras\u0131nda hastan\u0131n ve arkada\u015flar\u0131n\u0131n iyili\u011fini s\u00fcrekli olarak garanti eder.     <\/p><h3 data-start=\"1610\" data-end=\"1637\"> <\/h3><h3 data-start=\"1610\" data-end=\"1637\"> <\/h3><h3 data-start=\"1610\" data-end=\"1637\">T\u0131bbi ekipman (\u00f6rnekler)<\/h3><p> <\/p><ul><li data-start=\"1610\" data-end=\"1637\">Vantilat\u00f6r\/solunum cihaz\u0131<\/li><li data-start=\"1610\" data-end=\"1637\">\u00c7ok parametrik kalp monit\u00f6rl\u00fc\u011f\u00fc<\/li><li data-start=\"1610\" data-end=\"1637\">Mukus aspirat\u00f6r\u00fc<\/li><li data-start=\"1610\" data-end=\"1637\">Parf\u00fcm\u00e7\u00fcler<\/li><li data-start=\"1610\" data-end=\"1637\">\u0130nf\u00fczyon pompalar\u0131<\/li><li data-start=\"1610\" data-end=\"1637\">Mobil Kan Gaz\u0131 Analizi (EPOC)<\/li><li data-start=\"1610\" data-end=\"1637\">Ekstrakorporeal oksijenasyon deste\u011fi \/ intra-aort pompas\u0131 (ECMO \/ IABP)*<\/li><li data-start=\"1610\" data-end=\"1637\">Sonografi cihaz\u0131<\/li><li data-start=\"1610\" data-end=\"1637\">Harici kalp pili<\/li><li data-start=\"1610\" data-end=\"1637\">Ta\u015f\u0131ma kulu\u00e7ka makinesi&#8217;<\/li><\/ul><p> <\/p><p> <\/p><table style=\"width: 100%; border-collapse: collapse;\"><tbody><tr><th style=\"border: 1px solid #ccc; padding: 8px; text-align: left;\">Spesifikasyon<\/th><th style=\"border: 1px solid #ccc; padding: 8px; text-align: left;\">De\u011feri<\/th><\/tr><tr><td style=\"border: 1px solid #ccc; padding: 8px;\">Seyir h\u0131z\u0131<\/td><td style=\"border: 1px solid #ccc; padding: 8px;\">~500 km\/s<\/td><\/tr><tr><td style=\"border: 1px solid #ccc; padding: 8px;\">Menzil<\/td><td style=\"border: 1px solid #ccc; padding: 8px;\">~3.300 km<\/td><\/tr><tr><td style=\"border: 1px solid #ccc; padding: 8px;\">Motor<\/td><td style=\"border: 1px solid #ccc; padding: 8px;\">1 \u00d7 Pratt &amp; Whitney Kanada PT6A-67P<\/td><\/tr><tr><td style=\"border: 1px solid #ccc; padding: 8px;\">Maksimum irtifa<\/td><td style=\"border: 1px solid #ccc; padding: 8px;\">~9.100 m (30.000 ft)<\/td><\/tr><\/tbody><\/table>\t\t\t\t\t\t<\/div>\n\t\t\t\t<\/div>\n\t\t\t\t\t<\/div>\n\t\t\t\t<\/div>\n\t\t\t\t<\/div>\n\t\t","protected":false},"excerpt":{"rendered":"<p>Tan\u0131m \u2013 Pilatus PC-12 Pilatus PC-12, d\u00fcnyada medvac g\u00f6revleri i\u00e7in en \u00e7ok y\u00f6nl\u00fc ve yayg\u0131n kullan\u0131lan tek motorlu t\u0131bbi u\u00e7aklardan biridir. Geni\u015f ve mod\u00fcler kabini, hastay\u0131 yatan pozisyonda ve yan\u0131nda olan bir ki\u015fiyi en iyi konfor ve g\u00fcvenlik ko\u015fullar\u0131nda ta\u015f\u0131mak imkan\u0131 sunar.Pilatus PC-12&#8217;nin \u00f6zelligi, bazen haz\u0131rl\u0131ks\u0131z (toprak, \u00e7ak\u0131l veya \u00e7im) \u00e7ok k\u0131sa pistlerde kalk\u0131\u015f ve [&hellip;]<\/p>\n","protected":false},"author":1,"featured_media":0,"parent":1466,"menu_order":0,"comment_status":"closed","ping_status":"closed","template":"","meta":{"footnotes":""},"class_list":["post-1668","page","type-page","status-publish","hentry"],"yoast_head":"<!-- This site is optimized with the Yoast SEO plugin v27.6 - https:\/\/yoast.com\/product\/yoast-seo-wordpress\/ -->\n<title>Pilatus PC-12 - K\u00fcresel Hava Ambulans Hizmetleri<\/title>\n<meta name=\"robots\" content=\"index, follow, max-snippet:-1, max-image-preview:large, max-video-preview:-1\" \/>\n<link rel=\"canonical\" href=\"https:\/\/ambulanceflight.com\/tr\/donanma\/turboprop\/pilatus-pc-12\/\" \/>\n<meta property=\"og:locale\" content=\"tr_TR\" \/>\n<meta property=\"og:type\" content=\"article\" \/>\n<meta property=\"og:title\" content=\"Pilatus PC-12 - K\u00fcresel Hava Ambulans Hizmetleri\" \/>\n<meta property=\"og:description\" content=\"Tan\u0131m \u2013 Pilatus PC-12 Pilatus PC-12, d\u00fcnyada medvac g\u00f6revleri i\u00e7in en \u00e7ok y\u00f6nl\u00fc ve yayg\u0131n kullan\u0131lan tek motorlu t\u0131bbi u\u00e7aklardan biridir. Geni\u015f ve mod\u00fcler kabini, hastay\u0131 yatan pozisyonda ve yan\u0131nda olan bir ki\u015fiyi en iyi konfor ve g\u00fcvenlik ko\u015fullar\u0131nda ta\u015f\u0131mak imkan\u0131 sunar.Pilatus PC-12&#8217;nin \u00f6zelligi, bazen haz\u0131rl\u0131ks\u0131z (toprak, \u00e7ak\u0131l veya \u00e7im) \u00e7ok k\u0131sa pistlerde kalk\u0131\u015f ve [&hellip;]\" \/>\n<meta property=\"og:url\" content=\"https:\/\/ambulanceflight.com\/tr\/donanma\/turboprop\/pilatus-pc-12\/\" \/>\n<meta property=\"og:site_name\" content=\"K\u00fcresel Hava Ambulans Hizmetleri\" \/>\n<meta property=\"article:modified_time\" content=\"2026-01-23T12:27:33+00:00\" \/>\n<meta property=\"og:image\" content=\"http:\/\/ambulanceflight.com\/wp-content\/uploads\/2026\/01\/PHOTO-2026-01-23-13-21-46-2-1024x683.jpg\" \/>\n<meta name=\"twitter:card\" content=\"summary_large_image\" \/>\n<meta name=\"twitter:label1\" content=\"Tahmini okuma s\u00fcresi\" \/>\n\t<meta name=\"twitter:data1\" content=\"2 dakika\" \/>\n<script type=\"application\/ld+json\" class=\"yoast-schema-graph\">{\"@context\":\"https:\\\/\\\/schema.org\",\"@graph\":[{\"@type\":\"WebPage\",\"@id\":\"https:\\\/\\\/ambulanceflight.com\\\/tr\\\/donanma\\\/turboprop\\\/pilatus-pc-12\\\/\",\"url\":\"https:\\\/\\\/ambulanceflight.com\\\/tr\\\/donanma\\\/turboprop\\\/pilatus-pc-12\\\/\",\"name\":\"Pilatus PC-12 - K\u00fcresel Hava Ambulans Hizmetleri\",\"isPartOf\":{\"@id\":\"https:\\\/\\\/ambulanceflight.com\\\/tr\\\/#website\"},\"primaryImageOfPage\":{\"@id\":\"https:\\\/\\\/ambulanceflight.com\\\/tr\\\/donanma\\\/turboprop\\\/pilatus-pc-12\\\/#primaryimage\"},\"image\":{\"@id\":\"https:\\\/\\\/ambulanceflight.com\\\/tr\\\/donanma\\\/turboprop\\\/pilatus-pc-12\\\/#primaryimage\"},\"thumbnailUrl\":\"http:\\\/\\\/ambulanceflight.com\\\/wp-content\\\/uploads\\\/2026\\\/01\\\/PHOTO-2026-01-23-13-21-46-2-1024x683.jpg\",\"datePublished\":\"2025-12-30T16:15:15+00:00\",\"dateModified\":\"2026-01-23T12:27:33+00:00\",\"breadcrumb\":{\"@id\":\"https:\\\/\\\/ambulanceflight.com\\\/tr\\\/donanma\\\/turboprop\\\/pilatus-pc-12\\\/#breadcrumb\"},\"inLanguage\":\"tr\",\"potentialAction\":[{\"@type\":\"ReadAction\",\"target\":[\"https:\\\/\\\/ambulanceflight.com\\\/tr\\\/donanma\\\/turboprop\\\/pilatus-pc-12\\\/\"]}]},{\"@type\":\"ImageObject\",\"inLanguage\":\"tr\",\"@id\":\"https:\\\/\\\/ambulanceflight.com\\\/tr\\\/donanma\\\/turboprop\\\/pilatus-pc-12\\\/#primaryimage\",\"url\":\"http:\\\/\\\/ambulanceflight.com\\\/wp-content\\\/uploads\\\/2026\\\/01\\\/PHOTO-2026-01-23-13-21-46-2-1024x683.jpg\",\"contentUrl\":\"http:\\\/\\\/ambulanceflight.com\\\/wp-content\\\/uploads\\\/2026\\\/01\\\/PHOTO-2026-01-23-13-21-46-2-1024x683.jpg\"},{\"@type\":\"BreadcrumbList\",\"@id\":\"https:\\\/\\\/ambulanceflight.com\\\/tr\\\/donanma\\\/turboprop\\\/pilatus-pc-12\\\/#breadcrumb\",\"itemListElement\":[{\"@type\":\"ListItem\",\"position\":1,\"name\":\"Home\",\"item\":\"https:\\\/\\\/ambulanceflight.com\\\/tr\\\/\"},{\"@type\":\"ListItem\",\"position\":2,\"name\":\"Donanma\",\"item\":\"https:\\\/\\\/ambulanceflight.com\\\/tr\\\/fleet\\\/\"},{\"@type\":\"ListItem\",\"position\":3,\"name\":\"Turboprop\",\"item\":\"https:\\\/\\\/ambulanceflight.com\\\/tr\\\/fleet\\\/turboprop\\\/\"},{\"@type\":\"ListItem\",\"position\":4,\"name\":\"Pilatus PC-12\"}]},{\"@type\":\"WebSite\",\"@id\":\"https:\\\/\\\/ambulanceflight.com\\\/tr\\\/#website\",\"url\":\"https:\\\/\\\/ambulanceflight.com\\\/tr\\\/\",\"name\":\"K\u00fcresel Hava Ambulans Hizmetleri\",\"description\":\"D\u00fcnyan\u0131n her yerindeki hastalar i\u00e7in h\u0131zl\u0131, g\u00fcvenli ve tam donan\u0131ml\u0131 hava ambulans\u0131 transferleri.\",\"potentialAction\":[{\"@type\":\"SearchAction\",\"target\":{\"@type\":\"EntryPoint\",\"urlTemplate\":\"https:\\\/\\\/ambulanceflight.com\\\/tr\\\/?s={search_term_string}\"},\"query-input\":{\"@type\":\"PropertyValueSpecification\",\"valueRequired\":true,\"valueName\":\"search_term_string\"}}],\"inLanguage\":\"tr\"}]}<\/script>\n<!-- \/ Yoast SEO plugin. -->","yoast_head_json":{"title":"Pilatus PC-12 - K\u00fcresel Hava Ambulans Hizmetleri","robots":{"index":"index","follow":"follow","max-snippet":"max-snippet:-1","max-image-preview":"max-image-preview:large","max-video-preview":"max-video-preview:-1"},"canonical":"https:\/\/ambulanceflight.com\/tr\/donanma\/turboprop\/pilatus-pc-12\/","og_locale":"tr_TR","og_type":"article","og_title":"Pilatus PC-12 - K\u00fcresel Hava Ambulans Hizmetleri","og_description":"Tan\u0131m \u2013 Pilatus PC-12 Pilatus PC-12, d\u00fcnyada medvac g\u00f6revleri i\u00e7in en \u00e7ok y\u00f6nl\u00fc ve yayg\u0131n kullan\u0131lan tek motorlu t\u0131bbi u\u00e7aklardan biridir. Geni\u015f ve mod\u00fcler kabini, hastay\u0131 yatan pozisyonda ve yan\u0131nda olan bir ki\u015fiyi en iyi konfor ve g\u00fcvenlik ko\u015fullar\u0131nda ta\u015f\u0131mak imkan\u0131 sunar.Pilatus PC-12&#8217;nin \u00f6zelligi, bazen haz\u0131rl\u0131ks\u0131z (toprak, \u00e7ak\u0131l veya \u00e7im) \u00e7ok k\u0131sa pistlerde kalk\u0131\u015f ve [&hellip;]","og_url":"https:\/\/ambulanceflight.com\/tr\/donanma\/turboprop\/pilatus-pc-12\/","og_site_name":"K\u00fcresel Hava Ambulans Hizmetleri","article_modified_time":"2026-01-23T12:27:33+00:00","og_image":[{"url":"http:\/\/ambulanceflight.com\/wp-content\/uploads\/2026\/01\/PHOTO-2026-01-23-13-21-46-2-1024x683.jpg","type":"","width":"","height":""}],"twitter_card":"summary_large_image","twitter_misc":{"Tahmini okuma s\u00fcresi":"2 dakika"},"schema":{"@context":"https:\/\/schema.org","@graph":[{"@type":"WebPage","@id":"https:\/\/ambulanceflight.com\/tr\/donanma\/turboprop\/pilatus-pc-12\/","url":"https:\/\/ambulanceflight.com\/tr\/donanma\/turboprop\/pilatus-pc-12\/","name":"Pilatus PC-12 - K\u00fcresel Hava Ambulans Hizmetleri","isPartOf":{"@id":"https:\/\/ambulanceflight.com\/tr\/#website"},"primaryImageOfPage":{"@id":"https:\/\/ambulanceflight.com\/tr\/donanma\/turboprop\/pilatus-pc-12\/#primaryimage"},"image":{"@id":"https:\/\/ambulanceflight.com\/tr\/donanma\/turboprop\/pilatus-pc-12\/#primaryimage"},"thumbnailUrl":"http:\/\/ambulanceflight.com\/wp-content\/uploads\/2026\/01\/PHOTO-2026-01-23-13-21-46-2-1024x683.jpg","datePublished":"2025-12-30T16:15:15+00:00","dateModified":"2026-01-23T12:27:33+00:00","breadcrumb":{"@id":"https:\/\/ambulanceflight.com\/tr\/donanma\/turboprop\/pilatus-pc-12\/#breadcrumb"},"inLanguage":"tr","potentialAction":[{"@type":"ReadAction","target":["https:\/\/ambulanceflight.com\/tr\/donanma\/turboprop\/pilatus-pc-12\/"]}]},{"@type":"ImageObject","inLanguage":"tr","@id":"https:\/\/ambulanceflight.com\/tr\/donanma\/turboprop\/pilatus-pc-12\/#primaryimage","url":"http:\/\/ambulanceflight.com\/wp-content\/uploads\/2026\/01\/PHOTO-2026-01-23-13-21-46-2-1024x683.jpg","contentUrl":"http:\/\/ambulanceflight.com\/wp-content\/uploads\/2026\/01\/PHOTO-2026-01-23-13-21-46-2-1024x683.jpg"},{"@type":"BreadcrumbList","@id":"https:\/\/ambulanceflight.com\/tr\/donanma\/turboprop\/pilatus-pc-12\/#breadcrumb","itemListElement":[{"@type":"ListItem","position":1,"name":"Home","item":"https:\/\/ambulanceflight.com\/tr\/"},{"@type":"ListItem","position":2,"name":"Donanma","item":"https:\/\/ambulanceflight.com\/tr\/fleet\/"},{"@type":"ListItem","position":3,"name":"Turboprop","item":"https:\/\/ambulanceflight.com\/tr\/fleet\/turboprop\/"},{"@type":"ListItem","position":4,"name":"Pilatus PC-12"}]},{"@type":"WebSite","@id":"https:\/\/ambulanceflight.com\/tr\/#website","url":"https:\/\/ambulanceflight.com\/tr\/","name":"K\u00fcresel Hava Ambulans Hizmetleri","description":"D\u00fcnyan\u0131n her yerindeki hastalar i\u00e7in h\u0131zl\u0131, g\u00fcvenli ve tam donan\u0131ml\u0131 hava ambulans\u0131 transferleri.","potentialAction":[{"@type":"SearchAction","target":{"@type":"EntryPoint","urlTemplate":"https:\/\/ambulanceflight.com\/tr\/?s={search_term_string}"},"query-input":{"@type":"PropertyValueSpecification","valueRequired":true,"valueName":"search_term_string"}}],"inLanguage":"tr"}]}},"_links":{"self":[{"href":"https:\/\/ambulanceflight.com\/tr\/wp-json\/wp\/v2\/pages\/1668","targetHints":{"allow":["GET"]}}],"collection":[{"href":"https:\/\/ambulanceflight.com\/tr\/wp-json\/wp\/v2\/pages"}],"about":[{"href":"https:\/\/ambulanceflight.com\/tr\/wp-json\/wp\/v2\/types\/page"}],"author":[{"embeddable":true,"href":"https:\/\/ambulanceflight.com\/tr\/wp-json\/wp\/v2\/users\/1"}],"replies":[{"embeddable":true,"href":"https:\/\/ambulanceflight.com\/tr\/wp-json\/wp\/v2\/comments?post=1668"}],"version-history":[{"count":6,"href":"https:\/\/ambulanceflight.com\/tr\/wp-json\/wp\/v2\/pages\/1668\/revisions"}],"predecessor-version":[{"id":2861,"href":"https:\/\/ambulanceflight.com\/tr\/wp-json\/wp\/v2\/pages\/1668\/revisions\/2861"}],"up":[{"embeddable":true,"href":"https:\/\/ambulanceflight.com\/tr\/wp-json\/wp\/v2\/pages\/1466"}],"wp:attachment":[{"href":"https:\/\/ambulanceflight.com\/tr\/wp-json\/wp\/v2\/media?parent=1668"}],"curies":[{"name":"wp","href":"https:\/\/api.w.org\/{rel}","templated":true}]}}