{"id":1608,"date":"2025-12-30T14:34:56","date_gmt":"2025-12-30T14:34:56","guid":{"rendered":"https:\/\/ambulanceflight.com\/agir-jet\/"},"modified":"2026-04-15T14:22:01","modified_gmt":"2026-04-15T14:22:01","slug":"agir-jet","status":"publish","type":"page","link":"https:\/\/ambulanceflight.com\/tr\/donanma\/agir-jet\/","title":{"rendered":"A\u011f\u0131r Jet"},"content":{"rendered":"\t\t<div data-elementor-type=\"wp-page\" data-elementor-id=\"1608\" class=\"elementor elementor-1608 elementor-1598\" data-elementor-settings=\"{&quot;ha_cmc_init_switcher&quot;:&quot;no&quot;}\" data-elementor-post-type=\"page\">\n\t\t\t\t<div class=\"elementor-element elementor-element-b39d3ab e-flex e-con-boxed e-con e-parent\" data-id=\"b39d3ab\" data-element_type=\"container\" data-settings=\"{&quot;background_background&quot;:&quot;classic&quot;,&quot;_ha_eqh_enable&quot;:false,&quot;ekit_has_onepagescroll_dot&quot;:&quot;yes&quot;}\">\n\t\t\t\t\t<div class=\"e-con-inner\">\n\t\t<div class=\"elementor-element elementor-element-39ce08a e-con-full e-flex e-con e-child\" data-id=\"39ce08a\" data-element_type=\"container\" data-settings=\"{&quot;_ha_eqh_enable&quot;:false,&quot;ekit_has_onepagescroll_dot&quot;:&quot;yes&quot;}\">\n\t\t\t\t<div class=\"elementor-element elementor-element-df2d290 elementor-widget elementor-widget-spacer\" data-id=\"df2d290\" data-element_type=\"widget\" data-settings=\"{&quot;ekit_we_effect_on&quot;:&quot;none&quot;}\" data-widget_type=\"spacer.default\">\n\t\t\t\t<div class=\"elementor-widget-container\">\n\t\t\t\t\t<div class=\"elementor-spacer\">\n\t\t\t<div class=\"elementor-spacer-inner\"><\/div>\n\t\t<\/div>\n\t\t\t\t<\/div>\n\t\t\t\t<\/div>\n\t\t\t\t<div data-ha-element-link=\"{&quot;url&quot;:&quot;https:\\\/\\\/ambulanceflight.com\\\/challenger-604\\\/&quot;,&quot;is_external&quot;:&quot;&quot;,&quot;nofollow&quot;:&quot;&quot;}\" style=\"cursor: pointer\" class=\"elementor-element elementor-element-4d1c269 elementor-widget elementor-widget-html\" data-id=\"4d1c269\" data-element_type=\"widget\" data-settings=\"{&quot;ekit_we_effect_on&quot;:&quot;none&quot;}\" data-widget_type=\"html.default\">\n\t\t\t\t<div class=\"elementor-widget-container\">\n\t\t\t<div>\n\n\n    <meta charset=\"UTF-8\">\n    <meta name=\"viewport\" content=\"geni\u015flik=cihaz-geni\u015flik, ba\u015flang\u0131\u00e7 \u00f6l\u00e7e\u011fi=1.0\">\n    <title>Flotte - Al\u0131nt\u0131 V<\/title>\n    <link rel=\"stylesheet\" href=\"style.css\">\n\n\n\n    <section class=\"fleet-container\">\n        <div class=\"fleet-grid\">\n            \n            <div class=\"aircraft-card\">\n                <div class=\"image-container\">\n                    <img decoding=\"async\" src=\"http:\/\/ambulanceflight.com\/wp-content\/uploads\/2025\/12\/challenger-604.jpg\" alt=\"Challenger 604\">\n                <\/div>\n                <div class=\"aircraft-footer\">\n  CHALLENGER 604\n                <\/div>\n            <\/div>\n\n        <\/div>\n    <\/section>\n\n\n<\/div>\t\t<\/div>\n\t\t\t\t<\/div>\n\t\t\t\t<\/div>\n\t\t<div class=\"elementor-element elementor-element-780f0ba e-con-full e-flex e-con e-child\" data-id=\"780f0ba\" data-element_type=\"container\" data-settings=\"{&quot;_ha_eqh_enable&quot;:false,&quot;ekit_has_onepagescroll_dot&quot;:&quot;yes&quot;}\">\n\t\t\t\t<div class=\"elementor-element elementor-element-540b965 elementor-widget elementor-widget-spacer\" data-id=\"540b965\" data-element_type=\"widget\" data-settings=\"{&quot;ekit_we_effect_on&quot;:&quot;none&quot;}\" data-widget_type=\"spacer.default\">\n\t\t\t\t<div class=\"elementor-widget-container\">\n\t\t\t\t\t<div class=\"elementor-spacer\">\n\t\t\t<div class=\"elementor-spacer-inner\"><\/div>\n\t\t<\/div>\n\t\t\t\t<\/div>\n\t\t\t\t<\/div>\n\t\t\t\t<div data-ha-element-link=\"{&quot;url&quot;:&quot;https:\\\/\\\/ambulanceflight.com\\\/challenger-605\\\/&quot;,&quot;is_external&quot;:&quot;&quot;,&quot;nofollow&quot;:&quot;&quot;}\" style=\"cursor: pointer\" class=\"elementor-element elementor-element-3c9bc91 elementor-widget elementor-widget-html\" data-id=\"3c9bc91\" data-element_type=\"widget\" data-settings=\"{&quot;ekit_we_effect_on&quot;:&quot;none&quot;}\" data-widget_type=\"html.default\">\n\t\t\t\t<div class=\"elementor-widget-container\">\n\t\t\t<div>\n\n\n    <meta charset=\"UTF-8\">\n    <meta name=\"viewport\" content=\"geni\u015flik=cihaz-geni\u015flik, ba\u015flang\u0131\u00e7 \u00f6l\u00e7e\u011fi=1.0\">\n    <title>Flotte - Al\u0131nt\u0131 V<\/title>\n    <link rel=\"stylesheet\" href=\"style.css\">\n\n\n\n    <section class=\"fleet-container\">\n        <div class=\"fleet-grid\">\n            \n            <div class=\"aircraft-card\">\n                <div class=\"image-container\">\n                    <img decoding=\"async\" src=\"http:\/\/ambulanceflight.com\/wp-content\/uploads\/2025\/12\/Aviation-Photo-5365261_-Bombardier-Challenger-605-CL-600-2B16-Untitled.jpg\" alt=\"Challenger 605\">\n                <\/div>\n                <div class=\"aircraft-footer\">\n  Challenger 605\n                <\/div>\n            <\/div>\n\n        <\/div>\n    <\/section>\n\n\n<\/div>\t\t<\/div>\n\t\t\t\t<\/div>\n\t\t\t\t<\/div>\n\t\t<div class=\"elementor-element elementor-element-e23d2cd e-con-full e-flex e-con e-child\" data-id=\"e23d2cd\" data-element_type=\"container\" data-settings=\"{&quot;_ha_eqh_enable&quot;:false,&quot;ekit_has_onepagescroll_dot&quot;:&quot;yes&quot;}\">\n\t\t\t\t<div class=\"elementor-element elementor-element-b9b0891 elementor-widget elementor-widget-spacer\" data-id=\"b9b0891\" data-element_type=\"widget\" data-settings=\"{&quot;ekit_we_effect_on&quot;:&quot;none&quot;}\" data-widget_type=\"spacer.default\">\n\t\t\t\t<div class=\"elementor-widget-container\">\n\t\t\t\t\t<div class=\"elementor-spacer\">\n\t\t\t<div class=\"elementor-spacer-inner\"><\/div>\n\t\t<\/div>\n\t\t\t\t<\/div>\n\t\t\t\t<\/div>\n\t\t\t\t<div data-ha-element-link=\"{&quot;url&quot;:&quot;https:\\\/\\\/ambulanceflight.com\\\/gulfstream-gv\\\/&quot;,&quot;is_external&quot;:&quot;&quot;,&quot;nofollow&quot;:&quot;&quot;}\" style=\"cursor: pointer\" class=\"elementor-element elementor-element-fc05f39 elementor-widget elementor-widget-html\" data-id=\"fc05f39\" data-element_type=\"widget\" data-settings=\"{&quot;ekit_we_effect_on&quot;:&quot;none&quot;}\" data-widget_type=\"html.default\">\n\t\t\t\t<div class=\"elementor-widget-container\">\n\t\t\t<div>\n\n\n    <meta charset=\"UTF-8\">\n    <meta name=\"viewport\" content=\"geni\u015flik=cihaz-geni\u015flik, ba\u015flang\u0131\u00e7 \u00f6l\u00e7e\u011fi=1.0\">\n    <title>Flotte - Al\u0131nt\u0131 V<\/title>\n    <link rel=\"stylesheet\" href=\"style.css\">\n\n\n\n    <section class=\"fleet-container\">\n        <div class=\"fleet-grid\">\n            \n            <div class=\"aircraft-card\">\n                <div class=\"image-container\">\n                    <img decoding=\"async\" src=\"http:\/\/ambulanceflight.com\/wp-content\/uploads\/2025\/12\/Private-Jet-Fleet_-Gulfstream-Embraer-Dassault-Clay-Lacy-Aviation.jpg\" alt=\"Gulfstream GV\">\n                <\/div>\n                <div class=\"aircraft-footer\">\n  Gulfstream GV\n                <\/div>\n            <\/div>\n\n        <\/div>\n    <\/section>\n\n\n<\/div>\t\t<\/div>\n\t\t\t\t<\/div>\n\t\t\t\t<\/div>\n\t\t<div class=\"elementor-element elementor-element-eaf19c3 e-con-full e-flex e-con e-child\" data-id=\"eaf19c3\" data-element_type=\"container\" data-settings=\"{&quot;_ha_eqh_enable&quot;:false,&quot;ekit_has_onepagescroll_dot&quot;:&quot;yes&quot;}\">\n\t\t\t\t<div class=\"elementor-element elementor-element-d7d515f elementor-widget elementor-widget-spacer\" data-id=\"d7d515f\" data-element_type=\"widget\" data-settings=\"{&quot;ekit_we_effect_on&quot;:&quot;none&quot;}\" data-widget_type=\"spacer.default\">\n\t\t\t\t<div class=\"elementor-widget-container\">\n\t\t\t\t\t<div class=\"elementor-spacer\">\n\t\t\t<div class=\"elementor-spacer-inner\"><\/div>\n\t\t<\/div>\n\t\t\t\t<\/div>\n\t\t\t\t<\/div>\n\t\t\t\t<div data-ha-element-link=\"{&quot;url&quot;:&quot;https:\\\/\\\/ambulanceflight.com\\\/falcon-900\\\/&quot;,&quot;is_external&quot;:&quot;&quot;,&quot;nofollow&quot;:&quot;&quot;}\" style=\"cursor: pointer\" class=\"elementor-element elementor-element-2997316 elementor-widget elementor-widget-html\" data-id=\"2997316\" data-element_type=\"widget\" data-settings=\"{&quot;ekit_we_effect_on&quot;:&quot;none&quot;}\" data-widget_type=\"html.default\">\n\t\t\t\t<div class=\"elementor-widget-container\">\n\t\t\t<div>\n\n\n    <meta charset=\"UTF-8\">\n    <meta name=\"viewport\" content=\"geni\u015flik=cihaz-geni\u015flik, ba\u015flang\u0131\u00e7 \u00f6l\u00e7e\u011fi=1.0\">\n    <title>Flotte - Al\u0131nt\u0131 V<\/title>\n    <link rel=\"stylesheet\" href=\"style.css\">\n\n\n\n    <section class=\"fleet-container\">\n        <div class=\"fleet-grid\">\n            \n            <div class=\"aircraft-card\">\n                <div class=\"image-container\">\n                    <img decoding=\"async\" src=\"http:\/\/ambulanceflight.com\/wp-content\/uploads\/2025\/12\/Falcon-900EX.jpg\" alt=\"Falcon 900\">\n                <\/div>\n                <div class=\"aircraft-footer\">\n  Falcon 900\n                <\/div>\n            <\/div>\n\n        <\/div>\n    <\/section>\n\n\n<\/div>\t\t<\/div>\n\t\t\t\t<\/div>\n\t\t\t\t<\/div>\n\t\t\t\t\t<\/div>\n\t\t\t\t<\/div>\n\t\t<div class=\"elementor-element elementor-element-3d124a0 e-flex e-con-boxed e-con e-parent\" data-id=\"3d124a0\" data-element_type=\"container\" data-settings=\"{&quot;background_background&quot;:&quot;classic&quot;,&quot;_ha_eqh_enable&quot;:false,&quot;ekit_has_onepagescroll_dot&quot;:&quot;yes&quot;}\">\n\t\t\t\t\t<div class=\"e-con-inner\">\n\t\t\t\t<div class=\"elementor-element elementor-element-7eaa2b4 elementor-widget elementor-widget-text-editor\" data-id=\"7eaa2b4\" data-element_type=\"widget\" data-settings=\"{&quot;ekit_we_effect_on&quot;:&quot;none&quot;}\" data-widget_type=\"text-editor.default\">\n\t\t\t\t<div class=\"elementor-widget-container\">\n\t\t\t\t\t\t\t<p> <\/p><table data-path-to-node=\"2\"><thead><tr><td><strong>\u00d6zellik<\/strong><\/td><td><strong>Detaylar\u0131<\/strong><\/td><\/tr><\/thead><tbody><tr><td><span data-path-to-node=\"2,1,0,0\"><b data-path-to-node=\"2,1,0,0\" data-index-in-node=\"0\">Oturma kapasitesi:<\/b><\/span><\/td><td><span data-path-to-node=\"2,1,1,0\"><b data-path-to-node=\"2,1,1,0\" data-index-in-node=\"0\">10 ila 16 yolcu<\/b> (genellikle bir kanepe\/divan ile)<\/span><\/td><\/tr><tr><td><span data-path-to-node=\"2,2,0,0\"><b data-path-to-node=\"2,2,0,0\" data-index-in-node=\"0\">Sedye Kapasitesi (Medevac)<\/b><\/span><\/td><td><span data-path-to-node=\"2,2,1,0\"><b data-path-to-node=\"2,2,1,0\" data-index-in-node=\"0\">2 ila 3 sedye<\/b> (ger\u00e7ek mobil yo\u011fun bak\u0131m \u00fcnitesi)<\/span><\/td><\/tr><tr><td><span data-path-to-node=\"2,3,0,0\"><b data-path-to-node=\"2,3,0,0\" data-index-in-node=\"0\">Maksimum \u0130rtifa<\/b><\/span><\/td> <td><span data-path-to-node=\"2,3,1,0\"><b data-path-to-node=\"2,3,1,0\" data-index-in-node=\"6\">41.000 &#8211; 51.000 feet<\/b> (12.500 &#8211; 15.500 metre) kadar<\/span><\/td><\/tr><tr><td><span data-path-to-node=\"2,4,0,0\"><b data-path-to-node=\"2,4,0,0\" data-index-in-node=\"0\">Seyir<\/b><\/span><\/td><td><span data-path-to-node=\"2,4,1,0\">H\u0131z\u0131 Yakla\u015f\u0131k <b data-path-to-node=\"2,4,1,0\" data-index-in-node=\"8\">470 ila 490 knot<\/b> (870 ila 910 km\/s) aras\u0131nda<\/span><\/td><\/tr><tr><td><span data-path-to-node=\"2,5,0,0\"><b data-path-to-node=\"2,5,0,0\" data-index-in-node=\"0\">Maksimum Menzil (Mesafe):<\/b><\/span><\/td> <td><span data-path-to-node=\"2,5,1,0\"><b data-path-to-node=\"2,5,1,0\" data-index-in-node=\"0\">4.000 ila 6.000 deniz mili<\/b> (7.400 ila 11.000 km)<\/span><\/td><\/tr><tr><td><span data-path-to-node=\"2,6,0,0\"><b data-path-to-node=\"2,6,0,0\" data-index-in-node=\"0\">Durmaks\u0131z\u0131n Dayan\u0131kl\u0131l\u0131k<\/b><\/span><\/td><td><span data-path-to-node=\"2,6,1,0\">Yakla\u015f\u0131k <b data-path-to-node=\"2,6,1,0\" data-index-in-node=\"8\">8 ila 12 saat<\/b> u\u00e7u\u015f<\/span><\/td><\/tr><\/tbody><\/table><p> <\/p><p> <\/p><p><strong>A\u011f\u0131r Jekin Sunumu ve \u00d6zellikleri<\/strong><\/p><p> <\/p><p> <\/p><p>Heavy Jet, k\u0131talararas\u0131 seyahat ve b\u00fcy\u00fck \u00f6l\u00e7ekli diplomatik veya t\u0131bbi g\u00f6revler i\u00e7in \u00f6nde gelen kategoridir. Ana \u00f6zelli\u011fi, c\u00f6mert tavan y\u00fcksekli\u011fi ve birka\u00e7 farkl\u0131 ya\u015fam alan\u0131 (i\u015f, yemek, dinlenme) sunan ola\u011fan\u00fcst\u00fc kabin alan\u0131d\u0131r. Bu yap\u0131land\u0131rma, VIP hizmeti i\u00e7in u\u00e7u\u015f g\u00f6revlileri veya ayn\u0131 anda birka\u00e7 hastaya m\u00fcdahale edebilen \u00f6zel t\u0131bbi ekipler dahil olmak \u00fczere tam bir m\u00fcrettebat sa\u011flamas\u0131na olanak tan\u0131r. B\u00fcy\u00fck \u00f6zerkli\u011fi sayesinde, t\u00fcm k\u0131talar\u0131 (\u00f6rne\u011fin Paris&#8217;ten New York&#8217;a veya Dubai&#8217;den Tokyo&#8217;ya) duraklama olmadan ba\u011flayabiliyor, bu da zaman ve g\u00fcvenlik a\u00e7\u0131s\u0131ndan b\u00fcy\u00fck bir tasarruf. En son geli\u015fmi\u015f teknolojiler ve y\u00fcksek performansl\u0131 bas\u0131n\u00e7land\u0131rma sistemiyle donat\u0131lm\u0131\u015f olarak, jet lag ve yorgunlu\u011fun etkisini \u00f6nemli \u00f6l\u00e7\u00fcde azaltmaktad\u0131r. Tam esneklik, apartman tarz\u0131 konfor ve d\u00fcnyan\u0131n her yerinde en iyi ko\u015fullarda \u00e7al\u0131\u015fabilme yetene\u011fi talep edenler i\u00e7in nihai u\u00e7akt\u0131r.     <\/p><p> <\/p><p> <\/p>\t\t\t\t\t\t<\/div>\n\t\t\t\t<\/div>\n\t\t\t\t\t<\/div>\n\t\t\t\t<\/div>\n\t\t\t\t<\/div>\n\t\t","protected":false},"excerpt":{"rendered":"<p>Flotte &#8211; Al\u0131nt\u0131 V CHALLENGER 604 Flotte &#8211; Al\u0131nt\u0131 V Challenger 605 Flotte &#8211; Al\u0131nt\u0131 V Gulfstream GV Flotte &#8211; Al\u0131nt\u0131 V Falcon 900 \u00d6zellik Detaylar\u0131 Oturma kapasitesi: 10 ila 16 yolcu (genellikle bir kanepe\/divan ile) Sedye Kapasitesi (Medevac) 2 ila 3 sedye (ger\u00e7ek mobil yo\u011fun bak\u0131m \u00fcnitesi) Maksimum \u0130rtifa 41.000 &#8211; 51.000 feet (12.500 [&hellip;]<\/p>\n","protected":false},"author":1,"featured_media":0,"parent":475,"menu_order":0,"comment_status":"closed","ping_status":"closed","template":"","meta":{"footnotes":""},"class_list":["post-1608","page","type-page","status-publish","hentry"],"yoast_head":"<!-- This site is optimized with the Yoast SEO plugin v27.6 - https:\/\/yoast.com\/product\/yoast-seo-wordpress\/ -->\n<title>A\u011f\u0131r Jet - K\u00fcresel Hava Ambulans Hizmetleri<\/title>\n<meta name=\"robots\" content=\"index, follow, max-snippet:-1, max-image-preview:large, max-video-preview:-1\" \/>\n<link rel=\"canonical\" href=\"https:\/\/ambulanceflight.com\/tr\/donanma\/agir-jet\/\" \/>\n<meta property=\"og:locale\" content=\"tr_TR\" \/>\n<meta property=\"og:type\" content=\"article\" \/>\n<meta property=\"og:title\" content=\"A\u011f\u0131r Jet - K\u00fcresel Hava Ambulans Hizmetleri\" \/>\n<meta property=\"og:description\" content=\"Flotte &#8211; Al\u0131nt\u0131 V CHALLENGER 604 Flotte &#8211; Al\u0131nt\u0131 V Challenger 605 Flotte &#8211; Al\u0131nt\u0131 V Gulfstream GV Flotte &#8211; Al\u0131nt\u0131 V Falcon 900 \u00d6zellik Detaylar\u0131 Oturma kapasitesi: 10 ila 16 yolcu (genellikle bir kanepe\/divan ile) Sedye Kapasitesi (Medevac) 2 ila 3 sedye (ger\u00e7ek mobil yo\u011fun bak\u0131m \u00fcnitesi) Maksimum \u0130rtifa 41.000 &#8211; 51.000 feet (12.500 [&hellip;]\" \/>\n<meta property=\"og:url\" content=\"https:\/\/ambulanceflight.com\/tr\/donanma\/agir-jet\/\" \/>\n<meta property=\"og:site_name\" content=\"K\u00fcresel Hava Ambulans Hizmetleri\" \/>\n<meta property=\"article:modified_time\" content=\"2026-04-15T14:22:01+00:00\" \/>\n<meta property=\"og:image\" content=\"http:\/\/ambulanceflight.com\/wp-content\/uploads\/2025\/12\/challenger-604.jpg\" \/>\n<meta name=\"twitter:card\" content=\"summary_large_image\" \/>\n<meta name=\"twitter:label1\" content=\"Tahmini okuma s\u00fcresi\" \/>\n\t<meta name=\"twitter:data1\" content=\"1 dakika\" \/>\n<script type=\"application\/ld+json\" class=\"yoast-schema-graph\">{\"@context\":\"https:\\\/\\\/schema.org\",\"@graph\":[{\"@type\":\"WebPage\",\"@id\":\"https:\\\/\\\/ambulanceflight.com\\\/tr\\\/donanma\\\/agir-jet\\\/\",\"url\":\"https:\\\/\\\/ambulanceflight.com\\\/tr\\\/donanma\\\/agir-jet\\\/\",\"name\":\"A\u011f\u0131r Jet - K\u00fcresel Hava Ambulans Hizmetleri\",\"isPartOf\":{\"@id\":\"https:\\\/\\\/ambulanceflight.com\\\/tr\\\/#website\"},\"primaryImageOfPage\":{\"@id\":\"https:\\\/\\\/ambulanceflight.com\\\/tr\\\/donanma\\\/agir-jet\\\/#primaryimage\"},\"image\":{\"@id\":\"https:\\\/\\\/ambulanceflight.com\\\/tr\\\/donanma\\\/agir-jet\\\/#primaryimage\"},\"thumbnailUrl\":\"http:\\\/\\\/ambulanceflight.com\\\/wp-content\\\/uploads\\\/2025\\\/12\\\/challenger-604.jpg\",\"datePublished\":\"2025-12-30T14:34:56+00:00\",\"dateModified\":\"2026-04-15T14:22:01+00:00\",\"breadcrumb\":{\"@id\":\"https:\\\/\\\/ambulanceflight.com\\\/tr\\\/donanma\\\/agir-jet\\\/#breadcrumb\"},\"inLanguage\":\"tr\",\"potentialAction\":[{\"@type\":\"ReadAction\",\"target\":[\"https:\\\/\\\/ambulanceflight.com\\\/tr\\\/donanma\\\/agir-jet\\\/\"]}]},{\"@type\":\"ImageObject\",\"inLanguage\":\"tr\",\"@id\":\"https:\\\/\\\/ambulanceflight.com\\\/tr\\\/donanma\\\/agir-jet\\\/#primaryimage\",\"url\":\"http:\\\/\\\/ambulanceflight.com\\\/wp-content\\\/uploads\\\/2025\\\/12\\\/challenger-604.jpg\",\"contentUrl\":\"http:\\\/\\\/ambulanceflight.com\\\/wp-content\\\/uploads\\\/2025\\\/12\\\/challenger-604.jpg\"},{\"@type\":\"BreadcrumbList\",\"@id\":\"https:\\\/\\\/ambulanceflight.com\\\/tr\\\/donanma\\\/agir-jet\\\/#breadcrumb\",\"itemListElement\":[{\"@type\":\"ListItem\",\"position\":1,\"name\":\"Home\",\"item\":\"https:\\\/\\\/ambulanceflight.com\\\/tr\\\/\"},{\"@type\":\"ListItem\",\"position\":2,\"name\":\"Donanma\",\"item\":\"https:\\\/\\\/ambulanceflight.com\\\/tr\\\/fleet\\\/\"},{\"@type\":\"ListItem\",\"position\":3,\"name\":\"A\u011f\u0131r Jet\"}]},{\"@type\":\"WebSite\",\"@id\":\"https:\\\/\\\/ambulanceflight.com\\\/tr\\\/#website\",\"url\":\"https:\\\/\\\/ambulanceflight.com\\\/tr\\\/\",\"name\":\"K\u00fcresel Hava Ambulans Hizmetleri\",\"description\":\"D\u00fcnyan\u0131n her yerindeki hastalar i\u00e7in h\u0131zl\u0131, g\u00fcvenli ve tam donan\u0131ml\u0131 hava ambulans\u0131 transferleri.\",\"potentialAction\":[{\"@type\":\"SearchAction\",\"target\":{\"@type\":\"EntryPoint\",\"urlTemplate\":\"https:\\\/\\\/ambulanceflight.com\\\/tr\\\/?s={search_term_string}\"},\"query-input\":{\"@type\":\"PropertyValueSpecification\",\"valueRequired\":true,\"valueName\":\"search_term_string\"}}],\"inLanguage\":\"tr\"}]}<\/script>\n<!-- \/ Yoast SEO plugin. -->","yoast_head_json":{"title":"A\u011f\u0131r Jet - K\u00fcresel Hava Ambulans Hizmetleri","robots":{"index":"index","follow":"follow","max-snippet":"max-snippet:-1","max-image-preview":"max-image-preview:large","max-video-preview":"max-video-preview:-1"},"canonical":"https:\/\/ambulanceflight.com\/tr\/donanma\/agir-jet\/","og_locale":"tr_TR","og_type":"article","og_title":"A\u011f\u0131r Jet - K\u00fcresel Hava Ambulans Hizmetleri","og_description":"Flotte &#8211; Al\u0131nt\u0131 V CHALLENGER 604 Flotte &#8211; Al\u0131nt\u0131 V Challenger 605 Flotte &#8211; Al\u0131nt\u0131 V Gulfstream GV Flotte &#8211; Al\u0131nt\u0131 V Falcon 900 \u00d6zellik Detaylar\u0131 Oturma kapasitesi: 10 ila 16 yolcu (genellikle bir kanepe\/divan ile) Sedye Kapasitesi (Medevac) 2 ila 3 sedye (ger\u00e7ek mobil yo\u011fun bak\u0131m \u00fcnitesi) Maksimum \u0130rtifa 41.000 &#8211; 51.000 feet (12.500 [&hellip;]","og_url":"https:\/\/ambulanceflight.com\/tr\/donanma\/agir-jet\/","og_site_name":"K\u00fcresel Hava Ambulans Hizmetleri","article_modified_time":"2026-04-15T14:22:01+00:00","og_image":[{"url":"http:\/\/ambulanceflight.com\/wp-content\/uploads\/2025\/12\/challenger-604.jpg","type":"","width":"","height":""}],"twitter_card":"summary_large_image","twitter_misc":{"Tahmini okuma s\u00fcresi":"1 dakika"},"schema":{"@context":"https:\/\/schema.org","@graph":[{"@type":"WebPage","@id":"https:\/\/ambulanceflight.com\/tr\/donanma\/agir-jet\/","url":"https:\/\/ambulanceflight.com\/tr\/donanma\/agir-jet\/","name":"A\u011f\u0131r Jet - K\u00fcresel Hava Ambulans Hizmetleri","isPartOf":{"@id":"https:\/\/ambulanceflight.com\/tr\/#website"},"primaryImageOfPage":{"@id":"https:\/\/ambulanceflight.com\/tr\/donanma\/agir-jet\/#primaryimage"},"image":{"@id":"https:\/\/ambulanceflight.com\/tr\/donanma\/agir-jet\/#primaryimage"},"thumbnailUrl":"http:\/\/ambulanceflight.com\/wp-content\/uploads\/2025\/12\/challenger-604.jpg","datePublished":"2025-12-30T14:34:56+00:00","dateModified":"2026-04-15T14:22:01+00:00","breadcrumb":{"@id":"https:\/\/ambulanceflight.com\/tr\/donanma\/agir-jet\/#breadcrumb"},"inLanguage":"tr","potentialAction":[{"@type":"ReadAction","target":["https:\/\/ambulanceflight.com\/tr\/donanma\/agir-jet\/"]}]},{"@type":"ImageObject","inLanguage":"tr","@id":"https:\/\/ambulanceflight.com\/tr\/donanma\/agir-jet\/#primaryimage","url":"http:\/\/ambulanceflight.com\/wp-content\/uploads\/2025\/12\/challenger-604.jpg","contentUrl":"http:\/\/ambulanceflight.com\/wp-content\/uploads\/2025\/12\/challenger-604.jpg"},{"@type":"BreadcrumbList","@id":"https:\/\/ambulanceflight.com\/tr\/donanma\/agir-jet\/#breadcrumb","itemListElement":[{"@type":"ListItem","position":1,"name":"Home","item":"https:\/\/ambulanceflight.com\/tr\/"},{"@type":"ListItem","position":2,"name":"Donanma","item":"https:\/\/ambulanceflight.com\/tr\/fleet\/"},{"@type":"ListItem","position":3,"name":"A\u011f\u0131r Jet"}]},{"@type":"WebSite","@id":"https:\/\/ambulanceflight.com\/tr\/#website","url":"https:\/\/ambulanceflight.com\/tr\/","name":"K\u00fcresel Hava Ambulans Hizmetleri","description":"D\u00fcnyan\u0131n her yerindeki hastalar i\u00e7in h\u0131zl\u0131, g\u00fcvenli ve tam donan\u0131ml\u0131 hava ambulans\u0131 transferleri.","potentialAction":[{"@type":"SearchAction","target":{"@type":"EntryPoint","urlTemplate":"https:\/\/ambulanceflight.com\/tr\/?s={search_term_string}"},"query-input":{"@type":"PropertyValueSpecification","valueRequired":true,"valueName":"search_term_string"}}],"inLanguage":"tr"}]}},"_links":{"self":[{"href":"https:\/\/ambulanceflight.com\/tr\/wp-json\/wp\/v2\/pages\/1608","targetHints":{"allow":["GET"]}}],"collection":[{"href":"https:\/\/ambulanceflight.com\/tr\/wp-json\/wp\/v2\/pages"}],"about":[{"href":"https:\/\/ambulanceflight.com\/tr\/wp-json\/wp\/v2\/types\/page"}],"author":[{"embeddable":true,"href":"https:\/\/ambulanceflight.com\/tr\/wp-json\/wp\/v2\/users\/1"}],"replies":[{"embeddable":true,"href":"https:\/\/ambulanceflight.com\/tr\/wp-json\/wp\/v2\/comments?post=1608"}],"version-history":[{"count":5,"href":"https:\/\/ambulanceflight.com\/tr\/wp-json\/wp\/v2\/pages\/1608\/revisions"}],"predecessor-version":[{"id":2128,"href":"https:\/\/ambulanceflight.com\/tr\/wp-json\/wp\/v2\/pages\/1608\/revisions\/2128"}],"up":[{"embeddable":true,"href":"https:\/\/ambulanceflight.com\/tr\/wp-json\/wp\/v2\/pages\/475"}],"wp:attachment":[{"href":"https:\/\/ambulanceflight.com\/tr\/wp-json\/wp\/v2\/media?parent=1608"}],"curies":[{"name":"wp","href":"https:\/\/api.w.org\/{rel}","templated":true}]}}