{"id":1547,"date":"2025-12-30T10:32:11","date_gmt":"2025-12-30T10:32:11","guid":{"rendered":"https:\/\/ambulanceflight.com\/orta-boy-jetler\/"},"modified":"2026-04-15T14:22:04","modified_gmt":"2026-04-15T14:22:04","slug":"orta-boy-jetler","status":"publish","type":"page","link":"https:\/\/ambulanceflight.com\/tr\/donanma\/orta-boy-jetler\/","title":{"rendered":"Orta boy jetler"},"content":{"rendered":"\t\t<div data-elementor-type=\"wp-page\" data-elementor-id=\"1547\" class=\"elementor elementor-1547 elementor-1532\" data-elementor-settings=\"{&quot;ha_cmc_init_switcher&quot;:&quot;no&quot;}\" data-elementor-post-type=\"page\">\n\t\t\t\t<div class=\"elementor-element elementor-element-6f4fdc2 e-flex e-con-boxed e-con e-parent\" data-id=\"6f4fdc2\" data-element_type=\"container\" data-settings=\"{&quot;background_background&quot;:&quot;classic&quot;,&quot;_ha_eqh_enable&quot;:false,&quot;ekit_has_onepagescroll_dot&quot;:&quot;yes&quot;}\">\n\t\t\t\t\t<div class=\"e-con-inner\">\n\t\t<div class=\"elementor-element elementor-element-4da73b5 e-con-full e-flex e-con e-child\" data-id=\"4da73b5\" data-element_type=\"container\" data-settings=\"{&quot;_ha_eqh_enable&quot;:false,&quot;ekit_has_onepagescroll_dot&quot;:&quot;yes&quot;}\">\n\t\t\t\t<div class=\"elementor-element elementor-element-fb514bc elementor-widget elementor-widget-spacer\" data-id=\"fb514bc\" data-element_type=\"widget\" data-settings=\"{&quot;ekit_we_effect_on&quot;:&quot;none&quot;}\" data-widget_type=\"spacer.default\">\n\t\t\t\t<div class=\"elementor-widget-container\">\n\t\t\t\t\t<div class=\"elementor-spacer\">\n\t\t\t<div class=\"elementor-spacer-inner\"><\/div>\n\t\t<\/div>\n\t\t\t\t<\/div>\n\t\t\t\t<\/div>\n\t\t\t\t<div data-ha-element-link=\"{&quot;url&quot;:&quot;https:\\\/\\\/ambulanceflight.com\\\/learjet-45\\\/&quot;,&quot;is_external&quot;:&quot;&quot;,&quot;nofollow&quot;:&quot;&quot;}\" style=\"cursor: pointer\" class=\"elementor-element elementor-element-58b8ae5 elementor-widget elementor-widget-html\" data-id=\"58b8ae5\" data-element_type=\"widget\" data-settings=\"{&quot;ekit_we_effect_on&quot;:&quot;none&quot;}\" data-widget_type=\"html.default\">\n\t\t\t\t<div class=\"elementor-widget-container\">\n\t\t\t<div>\n\n\n    <meta charset=\"UTF-8\">\n    <meta name=\"viewport\" content=\"geni\u015flik=cihaz-geni\u015flik, ba\u015flang\u0131\u00e7 \u00f6l\u00e7e\u011fi=1.0\">\n    <title>Flotte d'Avions - King Air<\/title>\n    <link rel=\"stylesheet\" href=\"style.css\">\n\n\n\n    <section class=\"fleet-container\">\n        <div class=\"fleet-grid\">\n            \n            <div class=\"aircraft-card\">\n                <div class=\"image-container\">\n                    <img decoding=\"async\" src=\"http:\/\/ambulanceflight.com\/wp-content\/uploads\/2025\/12\/Bombardiers-Learjet-45.jpg\" alt=\"LearJet 45\">\n                <\/div>\n                <div class=\"aircraft-footer\">\n  LearJet 45\n                <\/div>\n            <\/div>\n\n        <\/div>\n    <\/section>\n\n\n<\/div>\t\t<\/div>\n\t\t\t\t<\/div>\n\t\t\t\t<\/div>\n\t\t<div class=\"elementor-element elementor-element-17369f9 e-con-full e-flex e-con e-child\" data-id=\"17369f9\" data-element_type=\"container\" data-settings=\"{&quot;_ha_eqh_enable&quot;:false,&quot;ekit_has_onepagescroll_dot&quot;:&quot;yes&quot;}\">\n\t\t\t\t<div class=\"elementor-element elementor-element-18d5e92 elementor-widget elementor-widget-spacer\" data-id=\"18d5e92\" data-element_type=\"widget\" data-settings=\"{&quot;ekit_we_effect_on&quot;:&quot;none&quot;}\" data-widget_type=\"spacer.default\">\n\t\t\t\t<div class=\"elementor-widget-container\">\n\t\t\t\t\t<div class=\"elementor-spacer\">\n\t\t\t<div class=\"elementor-spacer-inner\"><\/div>\n\t\t<\/div>\n\t\t\t\t<\/div>\n\t\t\t\t<\/div>\n\t\t\t\t<div data-ha-element-link=\"{&quot;url&quot;:&quot;https:\\\/\\\/ambulanceflight.com\\\/falcon-50\\\/&quot;,&quot;is_external&quot;:&quot;&quot;,&quot;nofollow&quot;:&quot;&quot;}\" style=\"cursor: pointer\" class=\"elementor-element elementor-element-50fa4cd elementor-widget elementor-widget-html\" data-id=\"50fa4cd\" data-element_type=\"widget\" data-settings=\"{&quot;ekit_we_effect_on&quot;:&quot;none&quot;}\" data-widget_type=\"html.default\">\n\t\t\t\t<div class=\"elementor-widget-container\">\n\t\t\t<div>\n\n\n    <meta charset=\"UTF-8\">\n    <meta name=\"viewport\" content=\"geni\u015flik=cihaz-geni\u015flik, ba\u015flang\u0131\u00e7 \u00f6l\u00e7e\u011fi=1.0\">\n    <title>Flotte d'Avions - King Air<\/title>\n    <link rel=\"stylesheet\" href=\"style.css\">\n\n\n\n    <section class=\"fleet-container\">\n        <div class=\"fleet-grid\">\n            \n            <div class=\"aircraft-card\">\n                <div class=\"image-container\">\n                    <img decoding=\"async\" src=\"http:\/\/ambulanceflight.com\/wp-content\/uploads\/2025\/12\/9-1.jpg\" alt=\"Falcon 50\">\n                <\/div>\n                <div class=\"aircraft-footer\">\n  Falcon 50\n                <\/div>\n            <\/div>\n\n        <\/div>\n    <\/section>\n\n\n<\/div>\t\t<\/div>\n\t\t\t\t<\/div>\n\t\t\t\t<\/div>\n\t\t<div class=\"elementor-element elementor-element-79b448f e-con-full e-flex e-con e-child\" data-id=\"79b448f\" data-element_type=\"container\" data-settings=\"{&quot;_ha_eqh_enable&quot;:false,&quot;ekit_has_onepagescroll_dot&quot;:&quot;yes&quot;}\">\n\t\t\t\t<div class=\"elementor-element elementor-element-b083635 elementor-widget elementor-widget-spacer\" data-id=\"b083635\" data-element_type=\"widget\" data-settings=\"{&quot;ekit_we_effect_on&quot;:&quot;none&quot;}\" data-widget_type=\"spacer.default\">\n\t\t\t\t<div class=\"elementor-widget-container\">\n\t\t\t\t\t<div class=\"elementor-spacer\">\n\t\t\t<div class=\"elementor-spacer-inner\"><\/div>\n\t\t<\/div>\n\t\t\t\t<\/div>\n\t\t\t\t<\/div>\n\t\t\t\t<div data-ha-element-link=\"{&quot;url&quot;:&quot;https:\\\/\\\/ambulanceflight.com\\\/citation-xls\\\/&quot;,&quot;is_external&quot;:&quot;&quot;,&quot;nofollow&quot;:&quot;&quot;}\" style=\"cursor: pointer\" class=\"elementor-element elementor-element-e68e1e6 elementor-widget elementor-widget-html\" data-id=\"e68e1e6\" data-element_type=\"widget\" data-settings=\"{&quot;ekit_we_effect_on&quot;:&quot;none&quot;}\" data-widget_type=\"html.default\">\n\t\t\t\t<div class=\"elementor-widget-container\">\n\t\t\t<div>\n\n\n    <meta charset=\"UTF-8\">\n    <meta name=\"viewport\" content=\"geni\u015flik=cihaz-geni\u015flik, ba\u015flang\u0131\u00e7 \u00f6l\u00e7e\u011fi=1.0\">\n    <title>Flotte d'Avions - King Air<\/title>\n    <link rel=\"stylesheet\" href=\"style.css\">\n\n\n\n    <section class=\"fleet-container\">\n        <div class=\"fleet-grid\">\n            \n            <div class=\"aircraft-card\">\n                <div class=\"image-container\">\n                    <img decoding=\"async\" src=\"http:\/\/ambulanceflight.com\/wp-content\/uploads\/2025\/12\/Cessna-Citation-XLS.jpg\" alt=\"Al\u0131nt\u0131 XLS\">\n                <\/div>\n                <div class=\"aircraft-footer\">\n  Al\u0131nt\u0131 XLS\n                <\/div>\n            <\/div>\n\n        <\/div>\n    <\/section>\n\n\n<\/div>\t\t<\/div>\n\t\t\t\t<\/div>\n\t\t\t\t<\/div>\n\t\t<div class=\"elementor-element elementor-element-45fae4f e-con-full e-flex e-con e-child\" data-id=\"45fae4f\" data-element_type=\"container\" data-settings=\"{&quot;_ha_eqh_enable&quot;:false,&quot;ekit_has_onepagescroll_dot&quot;:&quot;yes&quot;}\">\n\t\t\t\t<div class=\"elementor-element elementor-element-d03c641 elementor-widget elementor-widget-spacer\" data-id=\"d03c641\" data-element_type=\"widget\" data-settings=\"{&quot;ekit_we_effect_on&quot;:&quot;none&quot;}\" data-widget_type=\"spacer.default\">\n\t\t\t\t<div class=\"elementor-widget-container\">\n\t\t\t\t\t<div class=\"elementor-spacer\">\n\t\t\t<div class=\"elementor-spacer-inner\"><\/div>\n\t\t<\/div>\n\t\t\t\t<\/div>\n\t\t\t\t<\/div>\n\t\t\t\t<div data-ha-element-link=\"{&quot;url&quot;:&quot;https:\\\/\\\/ambulanceflight.com\\\/learjet-60\\\/&quot;,&quot;is_external&quot;:&quot;&quot;,&quot;nofollow&quot;:&quot;&quot;}\" style=\"cursor: pointer\" class=\"elementor-element elementor-element-791af11 elementor-widget elementor-widget-html\" data-id=\"791af11\" data-element_type=\"widget\" data-settings=\"{&quot;ekit_we_effect_on&quot;:&quot;none&quot;}\" data-widget_type=\"html.default\">\n\t\t\t\t<div class=\"elementor-widget-container\">\n\t\t\t<div>\n\n\n    <meta charset=\"UTF-8\">\n    <meta name=\"viewport\" content=\"geni\u015flik=cihaz-geni\u015flik, ba\u015flang\u0131\u00e7 \u00f6l\u00e7e\u011fi=1.0\">\n    <title>Flotte d'Avions - King Air<\/title>\n    <link rel=\"stylesheet\" href=\"style.css\">\n\n\n\n    <section class=\"fleet-container\">\n        <div class=\"fleet-grid\">\n            \n            <div class=\"aircraft-card\">\n                <div class=\"image-container\">\n                    <img decoding=\"async\" src=\"http:\/\/ambulanceflight.com\/wp-content\/uploads\/2025\/12\/Find-Bombardier-Learjet-60XR-for-sale-on-JamesEdition.jpg\" alt=\"LearJet 60\">\n                <\/div>\n                <div class=\"aircraft-footer\">\n  LearJet 60\n                <\/div>\n            <\/div>\n\n        <\/div>\n    <\/section>\n\n\n<\/div>\t\t<\/div>\n\t\t\t\t<\/div>\n\t\t\t\t<\/div>\n\t\t\t\t\t<\/div>\n\t\t\t\t<\/div>\n\t\t<div class=\"elementor-element elementor-element-476e7bd e-flex e-con-boxed e-con e-parent\" data-id=\"476e7bd\" data-element_type=\"container\" data-settings=\"{&quot;background_background&quot;:&quot;classic&quot;,&quot;_ha_eqh_enable&quot;:false,&quot;ekit_has_onepagescroll_dot&quot;:&quot;yes&quot;}\">\n\t\t\t\t\t<div class=\"e-con-inner\">\n\t\t<div class=\"elementor-element elementor-element-510c359 e-con-full e-flex e-con e-child\" data-id=\"510c359\" data-element_type=\"container\" data-settings=\"{&quot;_ha_eqh_enable&quot;:false,&quot;ekit_has_onepagescroll_dot&quot;:&quot;yes&quot;}\">\n\t\t\t\t<div data-ha-element-link=\"{&quot;url&quot;:&quot;https:\\\/\\\/ambulanceflight.com\\\/hawker-900\\\/&quot;,&quot;is_external&quot;:&quot;&quot;,&quot;nofollow&quot;:&quot;&quot;}\" style=\"cursor: pointer\" class=\"elementor-element elementor-element-7229cad elementor-widget elementor-widget-html\" data-id=\"7229cad\" data-element_type=\"widget\" data-settings=\"{&quot;ekit_we_effect_on&quot;:&quot;none&quot;}\" data-widget_type=\"html.default\">\n\t\t\t\t<div class=\"elementor-widget-container\">\n\t\t\t<div>\n\n\n    <meta charset=\"UTF-8\">\n    <meta name=\"viewport\" content=\"geni\u015flik=cihaz-geni\u015flik, ba\u015flang\u0131\u00e7 \u00f6l\u00e7e\u011fi=1.0\">\n    <title>Flotte d'Avions - King Air<\/title>\n    <link rel=\"stylesheet\" href=\"style.css\">\n\n\n\n    <section class=\"fleet-container\">\n        <div class=\"fleet-grid\">\n            \n            <div class=\"aircraft-card\">\n                <div class=\"image-container\">\n                    <img decoding=\"async\" src=\"http:\/\/ambulanceflight.com\/wp-content\/uploads\/2025\/12\/Hawker-900-XP-Midsize-Jets.jpg\" alt=\"Hawker 900\">\n                <\/div>\n                <div class=\"aircraft-footer\">\n  Hawker 900\n                <\/div>\n            <\/div>\n\n        <\/div>\n    <\/section>\n\n\n<\/div>\t\t<\/div>\n\t\t\t\t<\/div>\n\t\t\t\t<div class=\"elementor-element elementor-element-eba68aa elementor-widget elementor-widget-spacer\" data-id=\"eba68aa\" data-element_type=\"widget\" data-settings=\"{&quot;ekit_we_effect_on&quot;:&quot;none&quot;}\" data-widget_type=\"spacer.default\">\n\t\t\t\t<div class=\"elementor-widget-container\">\n\t\t\t\t\t<div class=\"elementor-spacer\">\n\t\t\t<div class=\"elementor-spacer-inner\"><\/div>\n\t\t<\/div>\n\t\t\t\t<\/div>\n\t\t\t\t<\/div>\n\t\t\t\t<\/div>\n\t\t<div class=\"elementor-element elementor-element-8e114e4 e-con-full e-flex e-con e-child\" data-id=\"8e114e4\" data-element_type=\"container\" data-settings=\"{&quot;_ha_eqh_enable&quot;:false,&quot;ekit_has_onepagescroll_dot&quot;:&quot;yes&quot;}\">\n\t\t\t\t<\/div>\n\t\t<div class=\"elementor-element elementor-element-7dedfdc e-con-full e-flex e-con e-child\" data-id=\"7dedfdc\" data-element_type=\"container\" data-settings=\"{&quot;_ha_eqh_enable&quot;:false,&quot;ekit_has_onepagescroll_dot&quot;:&quot;yes&quot;}\">\n\t\t\t\t<\/div>\n\t\t<div class=\"elementor-element elementor-element-fd309d2 e-con-full e-flex e-con e-child\" data-id=\"fd309d2\" data-element_type=\"container\" data-settings=\"{&quot;_ha_eqh_enable&quot;:false,&quot;ekit_has_onepagescroll_dot&quot;:&quot;yes&quot;}\">\n\t\t\t\t<\/div>\n\t\t\t\t\t<\/div>\n\t\t\t\t<\/div>\n\t\t<div class=\"elementor-element elementor-element-39cea31 e-flex e-con-boxed e-con e-parent\" data-id=\"39cea31\" data-element_type=\"container\" data-settings=\"{&quot;background_background&quot;:&quot;classic&quot;,&quot;_ha_eqh_enable&quot;:false,&quot;ekit_has_onepagescroll_dot&quot;:&quot;yes&quot;}\">\n\t\t\t\t\t<div class=\"e-con-inner\">\n\t\t\t\t\t<\/div>\n\t\t\t\t<\/div>\n\t\t<div class=\"elementor-element elementor-element-b640c2c e-flex e-con-boxed e-con e-parent\" data-id=\"b640c2c\" data-element_type=\"container\" data-settings=\"{&quot;background_background&quot;:&quot;classic&quot;,&quot;_ha_eqh_enable&quot;:false,&quot;ekit_has_onepagescroll_dot&quot;:&quot;yes&quot;}\">\n\t\t\t\t\t<div class=\"e-con-inner\">\n\t\t\t\t<div class=\"elementor-element elementor-element-beed1d7 elementor-widget elementor-widget-text-editor\" data-id=\"beed1d7\" data-element_type=\"widget\" data-settings=\"{&quot;ekit_we_effect_on&quot;:&quot;none&quot;}\" data-widget_type=\"text-editor.default\">\n\t\t\t\t<div class=\"elementor-widget-container\">\n\t\t\t\t\t\t\t<p> <\/p><table data-path-to-node=\"2\"><thead><tr><td><strong>\u00d6zellik<\/strong><\/td><td><strong>Detaylar\u0131<\/strong><\/td><\/tr><\/thead><tbody><tr><td><span data-path-to-node=\"2,1,0,0\"><b data-path-to-node=\"2,1,0,0\" data-index-in-node=\"0\">Oturma kapasitesi:<\/b><\/span><\/td><td><span data-path-to-node=\"2,1,1,0\"><b data-path-to-node=\"2,1,1,0\" data-index-in-node=\"0\">7 ila 9 yolcu<\/b> (ayakta kabin y\u00fcksekli\u011fiyle)<\/span><\/td><\/tr><tr><td><span data-path-to-node=\"2,2,0,0\"><b data-path-to-node=\"2,2,0,0\" data-index-in-node=\"0\">Sedye Kapasitesi (Medevac)<\/b><\/span><\/td><td><span data-path-to-node=\"2,2,1,0\"><b data-path-to-node=\"2,2,1,0\" data-index-in-node=\"0\">1 ila 2 sedye<\/b> (\u00f6zel t\u0131bbi yo\u011fun bak\u0131m sistemi ile)<\/span><\/td><\/tr><tr><td><span data-path-to-node=\"2,3,0,0\"><b data-path-to-node=\"2,3,0,0\" data-index-in-node=\"0\">Maksimum \u0130rtifa<\/b><\/span><\/td> <td><span data-path-to-node=\"2,3,1,0\"><b data-path-to-node=\"2,3,1,0\" data-index-in-node=\"6\">45.000 &#8211; 51.000 feet<\/b> (13.700 &#8211; 15.500 metre) kadar<\/span><\/td><\/tr><tr><td><span data-path-to-node=\"2,4,0,0\"><b data-path-to-node=\"2,4,0,0\" data-index-in-node=\"0\">Seyir<\/b><\/span><\/td><td><span data-path-to-node=\"2,4,1,0\">H\u0131z\u0131: <b data-path-to-node=\"2,4,1,0\" data-index-in-node=\"8\">Yakla\u015f\u0131k 460 knot<\/b> (850 km\/s)<\/span><\/td><\/tr><tr><td><span data-path-to-node=\"2,5,0,0\"><b data-path-to-node=\"2,5,0,0\" data-index-in-node=\"0\">Maksimum Menzil (Mesafe):<\/b><\/span><\/td> <td><span data-path-to-node=\"2,5,1,0\"><b data-path-to-node=\"2,5,1,0\" data-index-in-node=\"0\">2.100 ila 3.000 deniz mili<\/b> (3.900 ila 5.500 km)<\/span><\/td><\/tr><tr><td><span data-path-to-node=\"2,6,0,0\"><b data-path-to-node=\"2,6,0,0\" data-index-in-node=\"0\">Durmaks\u0131z\u0131n Dayan\u0131kl\u0131l\u0131k<\/b><\/span><\/td><td><span data-path-to-node=\"2,6,1,0\">Yakla\u015f\u0131k <b data-path-to-node=\"2,6,1,0\" data-index-in-node=\"8\">6 ila 7 saatlik<\/b> u\u00e7u\u015f<\/span><\/td><\/tr><\/tbody><\/table><p> <\/p><p><strong>Orta Boy Jet&#8217;in Sunumu ve Varl\u0131klar\u0131<\/strong><\/p><p>Orta boy Jet, performans ile kabin konforu aras\u0131nda m\u00fckemmel bir denge gerektiren k\u0131talararas\u0131 g\u00f6revler i\u00e7in tercih edilen u\u00e7akt\u0131r. En b\u00fcy\u00fck varl\u0131\u011f\u0131, yolcular\u0131n ve sa\u011fl\u0131k personelinin kolayca ayakta durup hareket etmesini sa\u011flayan &#8220;Stand-up&#8221; kabindir; bu da uzun vadeli u\u00e7u\u015flar veya karma\u015f\u0131k t\u0131bbi bak\u0131m i\u00e7in kritik bir avantajd\u0131r. Geni\u015fletilmi\u015f \u00f6zerkli\u011fi sayesinde, uzak \u015fehirleri (Cenevre&#8217;deki Dubai veya New York&#8217;taki Londra gibi) minimum bir mola ile sorunsuz bir \u015fekilde ba\u011flayabiliyor. Hafif Jet&#8217;ten daha h\u0131zl\u0131 ve daha geni\u015f olan bu arac\u0131, bagaj veya a\u011f\u0131r t\u0131bbi ekipman i\u00e7in daha fazla y\u00fck kapasitesine de sahiptir. \u00c7ok y\u00fcksek irtifada u\u00e7an bu u\u00e7ak, ticari trafik ve iklim tehlikeleri \u00fczerinde sorunsuz seyir sa\u011flar; b\u00f6ylece hem i\u015f seyahat\u00e7ileri hem de y\u00fcksek teknik t\u0131bbi tahliyeler i\u00e7in en iyi dakiklik ve g\u00fcvenlik sa\u011flar.    <\/p><p> <\/p><p> <\/p>\t\t\t\t\t\t<\/div>\n\t\t\t\t<\/div>\n\t\t\t\t<div class=\"elementor-element elementor-element-4f1c444 elementor-widget elementor-widget-spacer\" data-id=\"4f1c444\" data-element_type=\"widget\" data-settings=\"{&quot;ekit_we_effect_on&quot;:&quot;none&quot;}\" data-widget_type=\"spacer.default\">\n\t\t\t\t<div class=\"elementor-widget-container\">\n\t\t\t\t\t<div class=\"elementor-spacer\">\n\t\t\t<div class=\"elementor-spacer-inner\"><\/div>\n\t\t<\/div>\n\t\t\t\t<\/div>\n\t\t\t\t<\/div>\n\t\t\t\t\t<\/div>\n\t\t\t\t<\/div>\n\t\t\t\t<\/div>\n\t\t","protected":false},"excerpt":{"rendered":"<p>Flotte d&#8217;Avions &#8211; King Air LearJet 45 Flotte d&#8217;Avions &#8211; King Air Falcon 50 Flotte d&#8217;Avions &#8211; King Air Al\u0131nt\u0131 XLS Flotte d&#8217;Avions &#8211; King Air LearJet 60 Flotte d&#8217;Avions &#8211; King Air Hawker 900 \u00d6zellik Detaylar\u0131 Oturma kapasitesi: 7 ila 9 yolcu (ayakta kabin y\u00fcksekli\u011fiyle) Sedye Kapasitesi (Medevac) 1 ila 2 sedye (\u00f6zel t\u0131bbi [&hellip;]<\/p>\n","protected":false},"author":1,"featured_media":0,"parent":475,"menu_order":0,"comment_status":"closed","ping_status":"closed","template":"","meta":{"footnotes":""},"class_list":["post-1547","page","type-page","status-publish","hentry"],"yoast_head":"<!-- This site is optimized with the Yoast SEO plugin v27.6 - https:\/\/yoast.com\/product\/yoast-seo-wordpress\/ -->\n<title>Orta boy jetler - K\u00fcresel Hava Ambulans Hizmetleri<\/title>\n<meta name=\"robots\" content=\"index, follow, max-snippet:-1, max-image-preview:large, max-video-preview:-1\" \/>\n<link rel=\"canonical\" href=\"https:\/\/ambulanceflight.com\/tr\/donanma\/orta-boy-jetler\/\" \/>\n<meta property=\"og:locale\" content=\"tr_TR\" \/>\n<meta property=\"og:type\" content=\"article\" \/>\n<meta property=\"og:title\" content=\"Orta boy jetler - K\u00fcresel Hava Ambulans Hizmetleri\" \/>\n<meta property=\"og:description\" content=\"Flotte d&#8217;Avions &#8211; King Air LearJet 45 Flotte d&#8217;Avions &#8211; King Air Falcon 50 Flotte d&#8217;Avions &#8211; King Air Al\u0131nt\u0131 XLS Flotte d&#8217;Avions &#8211; King Air LearJet 60 Flotte d&#8217;Avions &#8211; King Air Hawker 900 \u00d6zellik Detaylar\u0131 Oturma kapasitesi: 7 ila 9 yolcu (ayakta kabin y\u00fcksekli\u011fiyle) Sedye Kapasitesi (Medevac) 1 ila 2 sedye (\u00f6zel t\u0131bbi [&hellip;]\" \/>\n<meta property=\"og:url\" content=\"https:\/\/ambulanceflight.com\/tr\/donanma\/orta-boy-jetler\/\" \/>\n<meta property=\"og:site_name\" content=\"K\u00fcresel Hava Ambulans Hizmetleri\" \/>\n<meta property=\"article:modified_time\" content=\"2026-04-15T14:22:04+00:00\" \/>\n<meta property=\"og:image\" content=\"http:\/\/ambulanceflight.com\/wp-content\/uploads\/2025\/12\/Bombardiers-Learjet-45.jpg\" \/>\n<meta name=\"twitter:card\" content=\"summary_large_image\" \/>\n<meta name=\"twitter:label1\" content=\"Tahmini okuma s\u00fcresi\" \/>\n\t<meta name=\"twitter:data1\" content=\"1 dakika\" \/>\n<script type=\"application\/ld+json\" class=\"yoast-schema-graph\">{\"@context\":\"https:\\\/\\\/schema.org\",\"@graph\":[{\"@type\":\"WebPage\",\"@id\":\"https:\\\/\\\/ambulanceflight.com\\\/tr\\\/donanma\\\/orta-boy-jetler\\\/\",\"url\":\"https:\\\/\\\/ambulanceflight.com\\\/tr\\\/donanma\\\/orta-boy-jetler\\\/\",\"name\":\"Orta boy jetler - K\u00fcresel Hava Ambulans Hizmetleri\",\"isPartOf\":{\"@id\":\"https:\\\/\\\/ambulanceflight.com\\\/tr\\\/#website\"},\"primaryImageOfPage\":{\"@id\":\"https:\\\/\\\/ambulanceflight.com\\\/tr\\\/donanma\\\/orta-boy-jetler\\\/#primaryimage\"},\"image\":{\"@id\":\"https:\\\/\\\/ambulanceflight.com\\\/tr\\\/donanma\\\/orta-boy-jetler\\\/#primaryimage\"},\"thumbnailUrl\":\"http:\\\/\\\/ambulanceflight.com\\\/wp-content\\\/uploads\\\/2025\\\/12\\\/Bombardiers-Learjet-45.jpg\",\"datePublished\":\"2025-12-30T10:32:11+00:00\",\"dateModified\":\"2026-04-15T14:22:04+00:00\",\"breadcrumb\":{\"@id\":\"https:\\\/\\\/ambulanceflight.com\\\/tr\\\/donanma\\\/orta-boy-jetler\\\/#breadcrumb\"},\"inLanguage\":\"tr\",\"potentialAction\":[{\"@type\":\"ReadAction\",\"target\":[\"https:\\\/\\\/ambulanceflight.com\\\/tr\\\/donanma\\\/orta-boy-jetler\\\/\"]}]},{\"@type\":\"ImageObject\",\"inLanguage\":\"tr\",\"@id\":\"https:\\\/\\\/ambulanceflight.com\\\/tr\\\/donanma\\\/orta-boy-jetler\\\/#primaryimage\",\"url\":\"http:\\\/\\\/ambulanceflight.com\\\/wp-content\\\/uploads\\\/2025\\\/12\\\/Bombardiers-Learjet-45.jpg\",\"contentUrl\":\"http:\\\/\\\/ambulanceflight.com\\\/wp-content\\\/uploads\\\/2025\\\/12\\\/Bombardiers-Learjet-45.jpg\"},{\"@type\":\"BreadcrumbList\",\"@id\":\"https:\\\/\\\/ambulanceflight.com\\\/tr\\\/donanma\\\/orta-boy-jetler\\\/#breadcrumb\",\"itemListElement\":[{\"@type\":\"ListItem\",\"position\":1,\"name\":\"Home\",\"item\":\"https:\\\/\\\/ambulanceflight.com\\\/tr\\\/\"},{\"@type\":\"ListItem\",\"position\":2,\"name\":\"Donanma\",\"item\":\"https:\\\/\\\/ambulanceflight.com\\\/tr\\\/fleet\\\/\"},{\"@type\":\"ListItem\",\"position\":3,\"name\":\"Orta boy jetler\"}]},{\"@type\":\"WebSite\",\"@id\":\"https:\\\/\\\/ambulanceflight.com\\\/tr\\\/#website\",\"url\":\"https:\\\/\\\/ambulanceflight.com\\\/tr\\\/\",\"name\":\"K\u00fcresel Hava Ambulans Hizmetleri\",\"description\":\"D\u00fcnyan\u0131n her yerindeki hastalar i\u00e7in h\u0131zl\u0131, g\u00fcvenli ve tam donan\u0131ml\u0131 hava ambulans\u0131 transferleri.\",\"potentialAction\":[{\"@type\":\"SearchAction\",\"target\":{\"@type\":\"EntryPoint\",\"urlTemplate\":\"https:\\\/\\\/ambulanceflight.com\\\/tr\\\/?s={search_term_string}\"},\"query-input\":{\"@type\":\"PropertyValueSpecification\",\"valueRequired\":true,\"valueName\":\"search_term_string\"}}],\"inLanguage\":\"tr\"}]}<\/script>\n<!-- \/ Yoast SEO plugin. -->","yoast_head_json":{"title":"Orta boy jetler - K\u00fcresel Hava Ambulans Hizmetleri","robots":{"index":"index","follow":"follow","max-snippet":"max-snippet:-1","max-image-preview":"max-image-preview:large","max-video-preview":"max-video-preview:-1"},"canonical":"https:\/\/ambulanceflight.com\/tr\/donanma\/orta-boy-jetler\/","og_locale":"tr_TR","og_type":"article","og_title":"Orta boy jetler - K\u00fcresel Hava Ambulans Hizmetleri","og_description":"Flotte d&#8217;Avions &#8211; King Air LearJet 45 Flotte d&#8217;Avions &#8211; King Air Falcon 50 Flotte d&#8217;Avions &#8211; King Air Al\u0131nt\u0131 XLS Flotte d&#8217;Avions &#8211; King Air LearJet 60 Flotte d&#8217;Avions &#8211; King Air Hawker 900 \u00d6zellik Detaylar\u0131 Oturma kapasitesi: 7 ila 9 yolcu (ayakta kabin y\u00fcksekli\u011fiyle) Sedye Kapasitesi (Medevac) 1 ila 2 sedye (\u00f6zel t\u0131bbi [&hellip;]","og_url":"https:\/\/ambulanceflight.com\/tr\/donanma\/orta-boy-jetler\/","og_site_name":"K\u00fcresel Hava Ambulans Hizmetleri","article_modified_time":"2026-04-15T14:22:04+00:00","og_image":[{"url":"http:\/\/ambulanceflight.com\/wp-content\/uploads\/2025\/12\/Bombardiers-Learjet-45.jpg","type":"","width":"","height":""}],"twitter_card":"summary_large_image","twitter_misc":{"Tahmini okuma s\u00fcresi":"1 dakika"},"schema":{"@context":"https:\/\/schema.org","@graph":[{"@type":"WebPage","@id":"https:\/\/ambulanceflight.com\/tr\/donanma\/orta-boy-jetler\/","url":"https:\/\/ambulanceflight.com\/tr\/donanma\/orta-boy-jetler\/","name":"Orta boy jetler - K\u00fcresel Hava Ambulans Hizmetleri","isPartOf":{"@id":"https:\/\/ambulanceflight.com\/tr\/#website"},"primaryImageOfPage":{"@id":"https:\/\/ambulanceflight.com\/tr\/donanma\/orta-boy-jetler\/#primaryimage"},"image":{"@id":"https:\/\/ambulanceflight.com\/tr\/donanma\/orta-boy-jetler\/#primaryimage"},"thumbnailUrl":"http:\/\/ambulanceflight.com\/wp-content\/uploads\/2025\/12\/Bombardiers-Learjet-45.jpg","datePublished":"2025-12-30T10:32:11+00:00","dateModified":"2026-04-15T14:22:04+00:00","breadcrumb":{"@id":"https:\/\/ambulanceflight.com\/tr\/donanma\/orta-boy-jetler\/#breadcrumb"},"inLanguage":"tr","potentialAction":[{"@type":"ReadAction","target":["https:\/\/ambulanceflight.com\/tr\/donanma\/orta-boy-jetler\/"]}]},{"@type":"ImageObject","inLanguage":"tr","@id":"https:\/\/ambulanceflight.com\/tr\/donanma\/orta-boy-jetler\/#primaryimage","url":"http:\/\/ambulanceflight.com\/wp-content\/uploads\/2025\/12\/Bombardiers-Learjet-45.jpg","contentUrl":"http:\/\/ambulanceflight.com\/wp-content\/uploads\/2025\/12\/Bombardiers-Learjet-45.jpg"},{"@type":"BreadcrumbList","@id":"https:\/\/ambulanceflight.com\/tr\/donanma\/orta-boy-jetler\/#breadcrumb","itemListElement":[{"@type":"ListItem","position":1,"name":"Home","item":"https:\/\/ambulanceflight.com\/tr\/"},{"@type":"ListItem","position":2,"name":"Donanma","item":"https:\/\/ambulanceflight.com\/tr\/fleet\/"},{"@type":"ListItem","position":3,"name":"Orta boy jetler"}]},{"@type":"WebSite","@id":"https:\/\/ambulanceflight.com\/tr\/#website","url":"https:\/\/ambulanceflight.com\/tr\/","name":"K\u00fcresel Hava Ambulans Hizmetleri","description":"D\u00fcnyan\u0131n her yerindeki hastalar i\u00e7in h\u0131zl\u0131, g\u00fcvenli ve tam donan\u0131ml\u0131 hava ambulans\u0131 transferleri.","potentialAction":[{"@type":"SearchAction","target":{"@type":"EntryPoint","urlTemplate":"https:\/\/ambulanceflight.com\/tr\/?s={search_term_string}"},"query-input":{"@type":"PropertyValueSpecification","valueRequired":true,"valueName":"search_term_string"}}],"inLanguage":"tr"}]}},"_links":{"self":[{"href":"https:\/\/ambulanceflight.com\/tr\/wp-json\/wp\/v2\/pages\/1547","targetHints":{"allow":["GET"]}}],"collection":[{"href":"https:\/\/ambulanceflight.com\/tr\/wp-json\/wp\/v2\/pages"}],"about":[{"href":"https:\/\/ambulanceflight.com\/tr\/wp-json\/wp\/v2\/types\/page"}],"author":[{"embeddable":true,"href":"https:\/\/ambulanceflight.com\/tr\/wp-json\/wp\/v2\/users\/1"}],"replies":[{"embeddable":true,"href":"https:\/\/ambulanceflight.com\/tr\/wp-json\/wp\/v2\/comments?post=1547"}],"version-history":[{"count":6,"href":"https:\/\/ambulanceflight.com\/tr\/wp-json\/wp\/v2\/pages\/1547\/revisions"}],"predecessor-version":[{"id":2035,"href":"https:\/\/ambulanceflight.com\/tr\/wp-json\/wp\/v2\/pages\/1547\/revisions\/2035"}],"up":[{"embeddable":true,"href":"https:\/\/ambulanceflight.com\/tr\/wp-json\/wp\/v2\/pages\/475"}],"wp:attachment":[{"href":"https:\/\/ambulanceflight.com\/tr\/wp-json\/wp\/v2\/media?parent=1547"}],"curies":[{"name":"wp","href":"https:\/\/api.w.org\/{rel}","templated":true}]}}