{"id":1466,"date":"2025-12-30T09:26:06","date_gmt":"2025-12-30T09:26:06","guid":{"rendered":"https:\/\/ambulanceflight.com\/turboprop\/"},"modified":"2025-12-31T08:59:00","modified_gmt":"2025-12-31T08:59:00","slug":"turboprop","status":"publish","type":"page","link":"https:\/\/ambulanceflight.com\/tr\/donanma\/turboprop\/","title":{"rendered":"Turboprop"},"content":{"rendered":"\t\t<div data-elementor-type=\"wp-page\" data-elementor-id=\"1466\" class=\"elementor elementor-1466 elementor-1457\" data-elementor-settings=\"{&quot;ha_cmc_init_switcher&quot;:&quot;no&quot;}\" data-elementor-post-type=\"page\">\n\t\t\t\t<div class=\"elementor-element elementor-element-d78b2d7 e-flex e-con-boxed e-con e-parent\" data-id=\"d78b2d7\" data-element_type=\"container\" data-settings=\"{&quot;background_background&quot;:&quot;classic&quot;,&quot;_ha_eqh_enable&quot;:false,&quot;ekit_has_onepagescroll_dot&quot;:&quot;yes&quot;}\">\n\t\t\t\t\t<div class=\"e-con-inner\">\n\t\t<div class=\"elementor-element elementor-element-163e5c2 e-con-full e-flex e-con e-child\" data-id=\"163e5c2\" data-element_type=\"container\" data-settings=\"{&quot;_ha_eqh_enable&quot;:false,&quot;ekit_has_onepagescroll_dot&quot;:&quot;yes&quot;}\">\n\t\t\t\t<div class=\"elementor-element elementor-element-99a0b93 elementor-widget elementor-widget-spacer\" data-id=\"99a0b93\" data-element_type=\"widget\" data-settings=\"{&quot;ekit_we_effect_on&quot;:&quot;none&quot;}\" data-widget_type=\"spacer.default\">\n\t\t\t\t<div class=\"elementor-widget-container\">\n\t\t\t\t\t<div class=\"elementor-spacer\">\n\t\t\t<div class=\"elementor-spacer-inner\"><\/div>\n\t\t<\/div>\n\t\t\t\t<\/div>\n\t\t\t\t<\/div>\n\t\t\t\t<div data-ha-element-link=\"{&quot;url&quot;:&quot;https:\\\/\\\/ambulanceflight.com\\\/pilatus-pc-12\\\/&quot;,&quot;is_external&quot;:&quot;&quot;,&quot;nofollow&quot;:&quot;&quot;}\" style=\"cursor: pointer\" class=\"elementor-element elementor-element-d66eaca elementor-widget elementor-widget-html\" data-id=\"d66eaca\" data-element_type=\"widget\" data-settings=\"{&quot;ekit_we_effect_on&quot;:&quot;none&quot;}\" data-widget_type=\"html.default\">\n\t\t\t\t<div class=\"elementor-widget-container\">\n\t\t\t<div>\n\n\n    <meta charset=\"UTF-8\">\n    <meta name=\"viewport\" content=\"geni\u015flik=cihaz-geni\u015flik, ba\u015flang\u0131\u00e7 \u00f6l\u00e7e\u011fi=1.0\">\n    <title>Flotte d'Avions<\/title>\n    <link rel=\"stylesheet\" href=\"style.css\">\n\n\n\n    <section class=\"fleet-container\">\n        <div class=\"fleet-grid\">\n            <div class=\"aircraft-card\">\n                <div class=\"image-container\">\n                    <img decoding=\"async\" src=\"http:\/\/ambulanceflight.com\/wp-content\/uploads\/2025\/12\/PC-12.jpg\" alt=\"Pilatus PC12\">\n                <\/div>\n                <div class=\"aircraft-footer\">\n  PILATUS PC12\n                <\/div>\n            <\/div>\n\n            <\/div>\n    <\/section>\n\n\n<\/div>\t\t<\/div>\n\t\t\t\t<\/div>\n\t\t\t\t<\/div>\n\t\t<div class=\"elementor-element elementor-element-7d73b74 e-con-full e-flex e-con e-child\" data-id=\"7d73b74\" data-element_type=\"container\" data-settings=\"{&quot;_ha_eqh_enable&quot;:false,&quot;ekit_has_onepagescroll_dot&quot;:&quot;yes&quot;}\">\n\t\t\t\t<div class=\"elementor-element elementor-element-a2c2d38 elementor-widget elementor-widget-spacer\" data-id=\"a2c2d38\" data-element_type=\"widget\" data-settings=\"{&quot;ekit_we_effect_on&quot;:&quot;none&quot;}\" data-widget_type=\"spacer.default\">\n\t\t\t\t<div class=\"elementor-widget-container\">\n\t\t\t\t\t<div class=\"elementor-spacer\">\n\t\t\t<div class=\"elementor-spacer-inner\"><\/div>\n\t\t<\/div>\n\t\t\t\t<\/div>\n\t\t\t\t<\/div>\n\t\t\t\t<div data-ha-element-link=\"{&quot;url&quot;:&quot;https:\\\/\\\/ambulanceflight.com\\\/beechcraft-1900d\\\/&quot;,&quot;is_external&quot;:&quot;&quot;,&quot;nofollow&quot;:&quot;&quot;}\" style=\"cursor: pointer\" class=\"elementor-element elementor-element-341d007 elementor-widget elementor-widget-html\" data-id=\"341d007\" data-element_type=\"widget\" data-settings=\"{&quot;ekit_we_effect_on&quot;:&quot;none&quot;}\" data-widget_type=\"html.default\">\n\t\t\t\t<div class=\"elementor-widget-container\">\n\t\t\t<div>\n\n\n    <meta charset=\"UTF-8\">\n    <meta name=\"viewport\" content=\"geni\u015flik=cihaz-geni\u015flik, ba\u015flang\u0131\u00e7 \u00f6l\u00e7e\u011fi=1.0\">\n    <title>Flotte d'Avions<\/title>\n    <link rel=\"stylesheet\" href=\"style.css\">\n\n\n\n    <section class=\"fleet-container\">\n        <div class=\"fleet-grid\">\n            \n            <div class=\"aircraft-card\">\n                <div class=\"image-container\">\n                    <img decoding=\"async\" src=\"http:\/\/ambulanceflight.com\/wp-content\/uploads\/2025\/12\/actualite5490.jpg\" alt=\"Beechcraft 1900D\">\n                <\/div>\n                <div class=\"aircraft-footer\">\n  BEECHCRAFT 1900D\n                <\/div>\n            <\/div>\n\n        <\/div>\n    <\/section>\n\n\n<\/div>\t\t<\/div>\n\t\t\t\t<\/div>\n\t\t\t\t<\/div>\n\t\t<div class=\"elementor-element elementor-element-b4f1448 e-con-full e-flex e-con e-child\" data-id=\"b4f1448\" data-element_type=\"container\" data-settings=\"{&quot;_ha_eqh_enable&quot;:false,&quot;ekit_has_onepagescroll_dot&quot;:&quot;yes&quot;}\">\n\t\t\t\t<div class=\"elementor-element elementor-element-4998d84 elementor-widget elementor-widget-spacer\" data-id=\"4998d84\" data-element_type=\"widget\" data-settings=\"{&quot;ekit_we_effect_on&quot;:&quot;none&quot;}\" data-widget_type=\"spacer.default\">\n\t\t\t\t<div class=\"elementor-widget-container\">\n\t\t\t\t\t<div class=\"elementor-spacer\">\n\t\t\t<div class=\"elementor-spacer-inner\"><\/div>\n\t\t<\/div>\n\t\t\t\t<\/div>\n\t\t\t\t<\/div>\n\t\t\t\t<div data-ha-element-link=\"{&quot;url&quot;:&quot;https:\\\/\\\/ambulanceflight.com\\\/fleet\\\/turboprop\\\/beechcraft-king-air\\\/&quot;,&quot;is_external&quot;:&quot;&quot;,&quot;nofollow&quot;:&quot;&quot;}\" style=\"cursor: pointer\" class=\"elementor-element elementor-element-8754551 elementor-widget elementor-widget-html\" data-id=\"8754551\" data-element_type=\"widget\" data-settings=\"{&quot;ekit_we_effect_on&quot;:&quot;none&quot;}\" data-widget_type=\"html.default\">\n\t\t\t\t<div class=\"elementor-widget-container\">\n\t\t\t<div>\n\n\n    <meta charset=\"UTF-8\">\n    <meta name=\"viewport\" content=\"geni\u015flik=cihaz-geni\u015flik, ba\u015flang\u0131\u00e7 \u00f6l\u00e7e\u011fi=1.0\">\n    <title>Flotte d'Avions - King Air<\/title>\n    <link rel=\"stylesheet\" href=\"style.css\">\n\n\n\n    <section class=\"fleet-container\">\n        <div class=\"fleet-grid\">\n            \n            <div class=\"aircraft-card\">\n                <div class=\"image-container\">\n                    <img decoding=\"async\" src=\"http:\/\/ambulanceflight.com\/wp-content\/uploads\/2025\/12\/Beechcrafts-New-Special-Edition-Turboprop-Is-Fit-for-a-King.jpg\" alt=\"Beechcraft King Air\">\n                <\/div>\n                <div class=\"aircraft-footer\">\n  BEECHCRAFT KING AIR\n                <\/div>\n            <\/div>\n\n        <\/div>\n    <\/section>\n\n\n<\/div>\t\t<\/div>\n\t\t\t\t<\/div>\n\t\t\t\t<div class=\"elementor-element elementor-element-a0fa95a elementor-widget elementor-widget-spacer\" data-id=\"a0fa95a\" data-element_type=\"widget\" data-settings=\"{&quot;ekit_we_effect_on&quot;:&quot;none&quot;}\" data-widget_type=\"spacer.default\">\n\t\t\t\t<div class=\"elementor-widget-container\">\n\t\t\t\t\t<div class=\"elementor-spacer\">\n\t\t\t<div class=\"elementor-spacer-inner\"><\/div>\n\t\t<\/div>\n\t\t\t\t<\/div>\n\t\t\t\t<\/div>\n\t\t\t\t<\/div>\n\t\t<div class=\"elementor-element elementor-element-2f5c004 e-con-full e-flex e-con e-child\" data-id=\"2f5c004\" data-element_type=\"container\" data-settings=\"{&quot;_ha_eqh_enable&quot;:false,&quot;ekit_has_onepagescroll_dot&quot;:&quot;yes&quot;}\">\n\t\t\t\t<div class=\"elementor-element elementor-element-bef2584 elementor-widget elementor-widget-spacer\" data-id=\"bef2584\" data-element_type=\"widget\" data-settings=\"{&quot;ekit_we_effect_on&quot;:&quot;none&quot;}\" data-widget_type=\"spacer.default\">\n\t\t\t\t<div class=\"elementor-widget-container\">\n\t\t\t\t\t<div class=\"elementor-spacer\">\n\t\t\t<div class=\"elementor-spacer-inner\"><\/div>\n\t\t<\/div>\n\t\t\t\t<\/div>\n\t\t\t\t<\/div>\n\t\t\t\t<div data-ha-element-link=\"{&quot;url&quot;:&quot;https:\\\/\\\/ambulanceflight.com\\\/piaggio\\\/&quot;,&quot;is_external&quot;:&quot;&quot;,&quot;nofollow&quot;:&quot;&quot;}\" style=\"cursor: pointer\" class=\"elementor-element elementor-element-7fc49b7 elementor-widget elementor-widget-html\" data-id=\"7fc49b7\" data-element_type=\"widget\" data-settings=\"{&quot;ekit_we_effect_on&quot;:&quot;none&quot;}\" data-widget_type=\"html.default\">\n\t\t\t\t<div class=\"elementor-widget-container\">\n\t\t\t<div>\n\n\n    <meta charset=\"UTF-8\">\n    <meta name=\"viewport\" content=\"geni\u015flik=cihaz-geni\u015flik, ba\u015flang\u0131\u00e7 \u00f6l\u00e7e\u011fi=1.0\">\n    <title>Flotte - Piaggio<\/title>\n    <link rel=\"stylesheet\" href=\"style.css\">\n\n\n\n    <section class=\"fleet-container\">\n        <div class=\"fleet-grid\">\n            \n            <div class=\"aircraft-card\">\n                <div class=\"image-container\">\n                    <img decoding=\"async\" src=\"http:\/\/ambulanceflight.com\/wp-content\/uploads\/2025\/12\/piaggio-p180-avanti-ii.jpg.webp\" alt=\"Piaggio P.180 Avanti\">\n                <\/div>\n                <div class=\"aircraft-footer\">\n  PIAGGIO P.180 AVANTI \n                <\/div>\n            <\/div>\n\n        <\/div>\n    <\/section>\n\n\n<\/div>\t\t<\/div>\n\t\t\t\t<\/div>\n\t\t\t\t<\/div>\n\t\t\t\t\t<\/div>\n\t\t\t\t<\/div>\n\t\t<div class=\"elementor-element elementor-element-8864399 e-flex e-con-boxed e-con e-parent\" data-id=\"8864399\" data-element_type=\"container\" data-settings=\"{&quot;background_background&quot;:&quot;classic&quot;,&quot;_ha_eqh_enable&quot;:false,&quot;ekit_has_onepagescroll_dot&quot;:&quot;yes&quot;}\">\n\t\t\t\t\t<div class=\"e-con-inner\">\n\t\t\t\t\t<\/div>\n\t\t\t\t<\/div>\n\t\t<div class=\"elementor-element elementor-element-2c19b4e e-flex e-con-boxed e-con e-parent\" data-id=\"2c19b4e\" data-element_type=\"container\" data-settings=\"{&quot;background_background&quot;:&quot;classic&quot;,&quot;_ha_eqh_enable&quot;:false,&quot;ekit_has_onepagescroll_dot&quot;:&quot;yes&quot;}\">\n\t\t\t\t\t<div class=\"e-con-inner\">\n\t\t\t\t<div class=\"elementor-element elementor-element-51ed071 elementor-widget elementor-widget-spacer\" data-id=\"51ed071\" data-element_type=\"widget\" data-settings=\"{&quot;ekit_we_effect_on&quot;:&quot;none&quot;}\" data-widget_type=\"spacer.default\">\n\t\t\t\t<div class=\"elementor-widget-container\">\n\t\t\t\t\t<div class=\"elementor-spacer\">\n\t\t\t<div class=\"elementor-spacer-inner\"><\/div>\n\t\t<\/div>\n\t\t\t\t<\/div>\n\t\t\t\t<\/div>\n\t\t\t\t<div class=\"elementor-element elementor-element-a3bc4b9 elementor-widget elementor-widget-text-editor\" data-id=\"a3bc4b9\" data-element_type=\"widget\" data-settings=\"{&quot;ekit_we_effect_on&quot;:&quot;none&quot;}\" data-widget_type=\"text-editor.default\">\n\t\t\t\t<div class=\"elementor-widget-container\">\n\t\t\t\t\t\t\t<p> <\/p>\n<table data-path-to-node=\"2\">\n<thead>\n<tr>\n<td><strong>\u00d6zellik<\/strong><\/td>\n<td><strong>Detaylar<\/strong><\/td>\n<\/tr>\n<\/thead>\n<tbody>\n<tr>\n<td><span data-path-to-node=\"2,1,0,0\"><b data-path-to-node=\"2,1,0,0\" data-index-in-node=\"0\">Oturma Kapasitesi<\/b><\/span><\/td>\n<td><span data-path-to-node=\"2,1,1,0\">7 <b data-path-to-node=\"2,1,1,0\" data-index-in-node=\"6\">ila 9 yolcu<\/b> kapasitesi (konfig\u00fcrasyona ba\u011fl\u0131 olarak)<\/span><\/td>\n<\/tr>\n<tr>\n<td><span data-path-to-node=\"2,2,0,0\"><b data-path-to-node=\"2,2,0,0\" data-index-in-node=\"0\">Sedye Kapasitesi (Medevac)<\/b><\/span><\/td>\n<td><span data-path-to-node=\"2,2,1,0\"><b data-path-to-node=\"2,2,1,0\" data-index-in-node=\"0\">1-2<\/b> sedye ve t\u0131bbi ekiple<\/span><\/td>\n<\/tr>\n<tr>\n<td><span data-path-to-node=\"2,3,0,0\"><b data-path-to-node=\"2,3,0,0\" data-index-in-node=\"0\">Hizmet Tavan\u0131 (\u0130rtituda)<\/b><\/span><\/td>\n<td><span data-path-to-node=\"2,3,1,0\"><strong><b data-path-to-node=\"2,3,1,0\" data-index-in-node=\"6\">25.000 feet&#8217;e<\/b> (yakla\u015f\u0131k 7.500 metre)<\/strong> kadar<\/span><\/td>\n<\/tr>\n<tr>\n<td><span data-path-to-node=\"2,4,0,0\"><b data-path-to-node=\"2,4,0,0\" data-index-in-node=\"0\">Seyir H\u0131z\u0131<\/b><\/span><\/td>\n<td><span data-path-to-node=\"2,4,1,0\">Yakla\u015f\u0131k <b data-path-to-node=\"2,4,1,0\" data-index-in-node=\"8\">285 knot<\/b> (530 km\/s) h\u0131z<\/span><\/td>\n<\/tr>\n<tr>\n<td><span data-path-to-node=\"2,5,0,0\"><b data-path-to-node=\"2,5,0,0\" data-index-in-node=\"0\">U\u00e7u\u015f Menzili<\/b><\/span><\/td>\n<td><span data-path-to-node=\"2,5,1,0\"><b data-path-to-node=\"2,5,1,0\" data-index-in-node=\"6\">1.500 deniz miline<\/b> (2.800 km)<\/span> kadar<\/td>\n<\/tr>\n<tr>\n<td><span data-path-to-node=\"2,6,0,0\"><b data-path-to-node=\"2,6,0,0\" data-index-in-node=\"0\">Dayan\u0131kl\u0131l\u0131k (Durmaks\u0131z\u0131n)<\/b><\/span><\/td>\n<td><span data-path-to-node=\"2,6,1,0\">Yakla\u015f\u0131k <b data-path-to-node=\"2,6,1,0\" data-index-in-node=\"8\">4 saat<\/b> yak\u0131t ikmali olmadan<\/span><\/td>\n<\/tr>\n<\/tbody>\n<\/table>\n<h3 data-path-to-node=\"4\"> <\/h3>\n<h3 data-path-to-node=\"4\"> <\/h3>\n<h3 data-path-to-node=\"4\">U\u00e7ak Genel Bak\u0131\u015f ve Temel Varl\u0131klar<\/h3>\n<p data-path-to-node=\"5\">Turboprop, \u00f6zellikle King Air serisi, i\u015f ve insani havac\u0131l\u0131\u011f\u0131n &#8220;i\u015f at&#8221; olarak yayg\u0131n olarak kabul edilir. Ba\u015fl\u0131ca avantaj\u0131 <b data-path-to-node=\"5\" data-index-in-node=\"151\">a\u015f\u0131r\u0131 \u00e7ok y\u00f6nl\u00fcl\u00fc\u011f\u00fcd\u00fcr<\/b>: bas\u0131n\u00e7l\u0131 kabinin konforunu k\u0131sa veya geli\u015ftirilmemi\u015f pistlere (\u00e7im, toprak veya \u00e7ak\u0131l) ini\u015f i\u00e7in gereken dayan\u0131kl\u0131l\u0131\u011f\u0131 birle\u015ftirebilen nadir u\u00e7aklardan biridir. Uzun asfaltl\u0131 pistler gerektiren \u00f6zel jetlerin aksine, bu turboprop uzak havaalanlar\u0131na ula\u015fabilir ve acil t\u0131bbi tahliyeler (Medevac) s\u0131ras\u0131nda nihai var\u0131\u015f noktas\u0131na veya hastalara daha yak\u0131n hale gelir.  <\/p>\n<p data-path-to-node=\"6\">Kabin konfig\u00fcrasyonu olduk\u00e7a mod\u00fcler olup rekor s\u00fcrede yeniden yap\u0131land\u0131r\u0131labilir; VIP &#8220;Kul\u00fcp Oturmalar\u0131&#8221; d\u00fczeninden u\u00e7an yo\u011fun bak\u0131m \u00fcnitesine ge\u00e7i\u015f sa\u011flar. Ekonomik olarak, k\u0131sa ve orta mesafelerde jetlere g\u00f6re \u00e7ok daha az yak\u0131t t\u00fcketir ve d\u00fcnya \u00e7ap\u0131nda \u00fcnl\u00fc Pratt &amp; Whitney motorlar\u0131 sayesinde ola\u011fan\u00fcst\u00fc mekanik g\u00fcvenilirlik sunar. H\u0131zl\u0131, g\u00fcvenli ve esnek g\u00f6revler i\u00e7in ideal bir ara\u00e7t\u0131r.  <\/p>\t\t\t\t\t\t<\/div>\n\t\t\t\t<\/div>\n\t\t\t\t<div class=\"elementor-element elementor-element-3fc569c elementor-widget elementor-widget-spacer\" data-id=\"3fc569c\" data-element_type=\"widget\" data-settings=\"{&quot;ekit_we_effect_on&quot;:&quot;none&quot;}\" data-widget_type=\"spacer.default\">\n\t\t\t\t<div class=\"elementor-widget-container\">\n\t\t\t\t\t<div class=\"elementor-spacer\">\n\t\t\t<div class=\"elementor-spacer-inner\"><\/div>\n\t\t<\/div>\n\t\t\t\t<\/div>\n\t\t\t\t<\/div>\n\t\t\t\t\t<\/div>\n\t\t\t\t<\/div>\n\t\t\t\t<\/div>\n\t\t","protected":false},"excerpt":{"rendered":"<p>Flotte d&#8217;Avions PILATUS PC12 Flotte d&#8217;Avions BEECHCRAFT 1900D Flotte d&#8217;Avions &#8211; King Air BEECHCRAFT KING AIR Flotte &#8211; Piaggio PIAGGIO P.180 AVANTI \u00d6zellik Detaylar Oturma Kapasitesi 7 ila 9 yolcu kapasitesi (konfig\u00fcrasyona ba\u011fl\u0131 olarak) Sedye Kapasitesi (Medevac) 1-2 sedye ve t\u0131bbi ekiple Hizmet Tavan\u0131 (\u0130rtituda) 25.000 feet&#8217;e (yakla\u015f\u0131k 7.500 metre) kadar Seyir H\u0131z\u0131 Yakla\u015f\u0131k 285 [&hellip;]<\/p>\n","protected":false},"author":1,"featured_media":1467,"parent":475,"menu_order":0,"comment_status":"closed","ping_status":"closed","template":"","meta":{"footnotes":""},"class_list":["post-1466","page","type-page","status-publish","has-post-thumbnail","hentry"],"yoast_head":"<!-- This site is optimized with the Yoast SEO plugin v27.6 - https:\/\/yoast.com\/product\/yoast-seo-wordpress\/ -->\n<title>Turboprop - K\u00fcresel Hava Ambulans Hizmetleri<\/title>\n<meta name=\"robots\" content=\"index, follow, max-snippet:-1, max-image-preview:large, max-video-preview:-1\" \/>\n<link rel=\"canonical\" href=\"https:\/\/ambulanceflight.com\/tr\/donanma\/turboprop\/\" \/>\n<meta property=\"og:locale\" content=\"tr_TR\" \/>\n<meta property=\"og:type\" content=\"article\" \/>\n<meta property=\"og:title\" content=\"Turboprop - K\u00fcresel Hava Ambulans Hizmetleri\" \/>\n<meta property=\"og:description\" content=\"Flotte d&#8217;Avions PILATUS PC12 Flotte d&#8217;Avions BEECHCRAFT 1900D Flotte d&#8217;Avions &#8211; King Air BEECHCRAFT KING AIR Flotte &#8211; Piaggio PIAGGIO P.180 AVANTI \u00d6zellik Detaylar Oturma Kapasitesi 7 ila 9 yolcu kapasitesi (konfig\u00fcrasyona ba\u011fl\u0131 olarak) Sedye Kapasitesi (Medevac) 1-2 sedye ve t\u0131bbi ekiple Hizmet Tavan\u0131 (\u0130rtituda) 25.000 feet&#8217;e (yakla\u015f\u0131k 7.500 metre) kadar Seyir H\u0131z\u0131 Yakla\u015f\u0131k 285 [&hellip;]\" \/>\n<meta property=\"og:url\" content=\"https:\/\/ambulanceflight.com\/tr\/donanma\/turboprop\/\" \/>\n<meta property=\"og:site_name\" content=\"K\u00fcresel Hava Ambulans Hizmetleri\" \/>\n<meta property=\"article:modified_time\" content=\"2025-12-31T08:59:00+00:00\" \/>\n<meta property=\"og:image\" content=\"https:\/\/ambulanceflight.com\/wp-content\/uploads\/2025\/12\/turboprop-1.png\" \/>\n\t<meta property=\"og:image:width\" content=\"912\" \/>\n\t<meta property=\"og:image:height\" content=\"656\" \/>\n\t<meta property=\"og:image:type\" content=\"image\/png\" \/>\n<meta name=\"twitter:card\" content=\"summary_large_image\" \/>\n<meta name=\"twitter:label1\" content=\"Tahmini okuma s\u00fcresi\" \/>\n\t<meta name=\"twitter:data1\" content=\"1 dakika\" \/>\n<script type=\"application\/ld+json\" class=\"yoast-schema-graph\">{\"@context\":\"https:\\\/\\\/schema.org\",\"@graph\":[{\"@type\":\"WebPage\",\"@id\":\"https:\\\/\\\/ambulanceflight.com\\\/tr\\\/donanma\\\/turboprop\\\/\",\"url\":\"https:\\\/\\\/ambulanceflight.com\\\/tr\\\/donanma\\\/turboprop\\\/\",\"name\":\"Turboprop - K\u00fcresel Hava Ambulans Hizmetleri\",\"isPartOf\":{\"@id\":\"https:\\\/\\\/ambulanceflight.com\\\/tr\\\/#website\"},\"primaryImageOfPage\":{\"@id\":\"https:\\\/\\\/ambulanceflight.com\\\/tr\\\/donanma\\\/turboprop\\\/#primaryimage\"},\"image\":{\"@id\":\"https:\\\/\\\/ambulanceflight.com\\\/tr\\\/donanma\\\/turboprop\\\/#primaryimage\"},\"thumbnailUrl\":\"https:\\\/\\\/ambulanceflight.com\\\/wp-content\\\/uploads\\\/2025\\\/12\\\/turboprop-1.png\",\"datePublished\":\"2025-12-30T09:26:06+00:00\",\"dateModified\":\"2025-12-31T08:59:00+00:00\",\"breadcrumb\":{\"@id\":\"https:\\\/\\\/ambulanceflight.com\\\/tr\\\/donanma\\\/turboprop\\\/#breadcrumb\"},\"inLanguage\":\"tr\",\"potentialAction\":[{\"@type\":\"ReadAction\",\"target\":[\"https:\\\/\\\/ambulanceflight.com\\\/tr\\\/donanma\\\/turboprop\\\/\"]}]},{\"@type\":\"ImageObject\",\"inLanguage\":\"tr\",\"@id\":\"https:\\\/\\\/ambulanceflight.com\\\/tr\\\/donanma\\\/turboprop\\\/#primaryimage\",\"url\":\"https:\\\/\\\/ambulanceflight.com\\\/wp-content\\\/uploads\\\/2025\\\/12\\\/turboprop-1.png\",\"contentUrl\":\"https:\\\/\\\/ambulanceflight.com\\\/wp-content\\\/uploads\\\/2025\\\/12\\\/turboprop-1.png\",\"width\":912,\"height\":656},{\"@type\":\"BreadcrumbList\",\"@id\":\"https:\\\/\\\/ambulanceflight.com\\\/tr\\\/donanma\\\/turboprop\\\/#breadcrumb\",\"itemListElement\":[{\"@type\":\"ListItem\",\"position\":1,\"name\":\"Home\",\"item\":\"https:\\\/\\\/ambulanceflight.com\\\/tr\\\/\"},{\"@type\":\"ListItem\",\"position\":2,\"name\":\"Donanma\",\"item\":\"https:\\\/\\\/ambulanceflight.com\\\/tr\\\/fleet\\\/\"},{\"@type\":\"ListItem\",\"position\":3,\"name\":\"Turboprop\"}]},{\"@type\":\"WebSite\",\"@id\":\"https:\\\/\\\/ambulanceflight.com\\\/tr\\\/#website\",\"url\":\"https:\\\/\\\/ambulanceflight.com\\\/tr\\\/\",\"name\":\"K\u00fcresel Hava Ambulans Hizmetleri\",\"description\":\"D\u00fcnyan\u0131n her yerindeki hastalar i\u00e7in h\u0131zl\u0131, g\u00fcvenli ve tam donan\u0131ml\u0131 hava ambulans\u0131 transferleri.\",\"potentialAction\":[{\"@type\":\"SearchAction\",\"target\":{\"@type\":\"EntryPoint\",\"urlTemplate\":\"https:\\\/\\\/ambulanceflight.com\\\/tr\\\/?s={search_term_string}\"},\"query-input\":{\"@type\":\"PropertyValueSpecification\",\"valueRequired\":true,\"valueName\":\"search_term_string\"}}],\"inLanguage\":\"tr\"}]}<\/script>\n<!-- \/ Yoast SEO plugin. -->","yoast_head_json":{"title":"Turboprop - K\u00fcresel Hava Ambulans Hizmetleri","robots":{"index":"index","follow":"follow","max-snippet":"max-snippet:-1","max-image-preview":"max-image-preview:large","max-video-preview":"max-video-preview:-1"},"canonical":"https:\/\/ambulanceflight.com\/tr\/donanma\/turboprop\/","og_locale":"tr_TR","og_type":"article","og_title":"Turboprop - K\u00fcresel Hava Ambulans Hizmetleri","og_description":"Flotte d&#8217;Avions PILATUS PC12 Flotte d&#8217;Avions BEECHCRAFT 1900D Flotte d&#8217;Avions &#8211; King Air BEECHCRAFT KING AIR Flotte &#8211; Piaggio PIAGGIO P.180 AVANTI \u00d6zellik Detaylar Oturma Kapasitesi 7 ila 9 yolcu kapasitesi (konfig\u00fcrasyona ba\u011fl\u0131 olarak) Sedye Kapasitesi (Medevac) 1-2 sedye ve t\u0131bbi ekiple Hizmet Tavan\u0131 (\u0130rtituda) 25.000 feet&#8217;e (yakla\u015f\u0131k 7.500 metre) kadar Seyir H\u0131z\u0131 Yakla\u015f\u0131k 285 [&hellip;]","og_url":"https:\/\/ambulanceflight.com\/tr\/donanma\/turboprop\/","og_site_name":"K\u00fcresel Hava Ambulans Hizmetleri","article_modified_time":"2025-12-31T08:59:00+00:00","og_image":[{"width":912,"height":656,"url":"https:\/\/ambulanceflight.com\/wp-content\/uploads\/2025\/12\/turboprop-1.png","type":"image\/png"}],"twitter_card":"summary_large_image","twitter_misc":{"Tahmini okuma s\u00fcresi":"1 dakika"},"schema":{"@context":"https:\/\/schema.org","@graph":[{"@type":"WebPage","@id":"https:\/\/ambulanceflight.com\/tr\/donanma\/turboprop\/","url":"https:\/\/ambulanceflight.com\/tr\/donanma\/turboprop\/","name":"Turboprop - K\u00fcresel Hava Ambulans Hizmetleri","isPartOf":{"@id":"https:\/\/ambulanceflight.com\/tr\/#website"},"primaryImageOfPage":{"@id":"https:\/\/ambulanceflight.com\/tr\/donanma\/turboprop\/#primaryimage"},"image":{"@id":"https:\/\/ambulanceflight.com\/tr\/donanma\/turboprop\/#primaryimage"},"thumbnailUrl":"https:\/\/ambulanceflight.com\/wp-content\/uploads\/2025\/12\/turboprop-1.png","datePublished":"2025-12-30T09:26:06+00:00","dateModified":"2025-12-31T08:59:00+00:00","breadcrumb":{"@id":"https:\/\/ambulanceflight.com\/tr\/donanma\/turboprop\/#breadcrumb"},"inLanguage":"tr","potentialAction":[{"@type":"ReadAction","target":["https:\/\/ambulanceflight.com\/tr\/donanma\/turboprop\/"]}]},{"@type":"ImageObject","inLanguage":"tr","@id":"https:\/\/ambulanceflight.com\/tr\/donanma\/turboprop\/#primaryimage","url":"https:\/\/ambulanceflight.com\/wp-content\/uploads\/2025\/12\/turboprop-1.png","contentUrl":"https:\/\/ambulanceflight.com\/wp-content\/uploads\/2025\/12\/turboprop-1.png","width":912,"height":656},{"@type":"BreadcrumbList","@id":"https:\/\/ambulanceflight.com\/tr\/donanma\/turboprop\/#breadcrumb","itemListElement":[{"@type":"ListItem","position":1,"name":"Home","item":"https:\/\/ambulanceflight.com\/tr\/"},{"@type":"ListItem","position":2,"name":"Donanma","item":"https:\/\/ambulanceflight.com\/tr\/fleet\/"},{"@type":"ListItem","position":3,"name":"Turboprop"}]},{"@type":"WebSite","@id":"https:\/\/ambulanceflight.com\/tr\/#website","url":"https:\/\/ambulanceflight.com\/tr\/","name":"K\u00fcresel Hava Ambulans Hizmetleri","description":"D\u00fcnyan\u0131n her yerindeki hastalar i\u00e7in h\u0131zl\u0131, g\u00fcvenli ve tam donan\u0131ml\u0131 hava ambulans\u0131 transferleri.","potentialAction":[{"@type":"SearchAction","target":{"@type":"EntryPoint","urlTemplate":"https:\/\/ambulanceflight.com\/tr\/?s={search_term_string}"},"query-input":{"@type":"PropertyValueSpecification","valueRequired":true,"valueName":"search_term_string"}}],"inLanguage":"tr"}]}},"_links":{"self":[{"href":"https:\/\/ambulanceflight.com\/tr\/wp-json\/wp\/v2\/pages\/1466","targetHints":{"allow":["GET"]}}],"collection":[{"href":"https:\/\/ambulanceflight.com\/tr\/wp-json\/wp\/v2\/pages"}],"about":[{"href":"https:\/\/ambulanceflight.com\/tr\/wp-json\/wp\/v2\/types\/page"}],"author":[{"embeddable":true,"href":"https:\/\/ambulanceflight.com\/tr\/wp-json\/wp\/v2\/users\/1"}],"replies":[{"embeddable":true,"href":"https:\/\/ambulanceflight.com\/tr\/wp-json\/wp\/v2\/comments?post=1466"}],"version-history":[{"count":16,"href":"https:\/\/ambulanceflight.com\/tr\/wp-json\/wp\/v2\/pages\/1466\/revisions"}],"predecessor-version":[{"id":1773,"href":"https:\/\/ambulanceflight.com\/tr\/wp-json\/wp\/v2\/pages\/1466\/revisions\/1773"}],"up":[{"embeddable":true,"href":"https:\/\/ambulanceflight.com\/tr\/wp-json\/wp\/v2\/pages\/475"}],"wp:featuredmedia":[{"embeddable":true,"href":"https:\/\/ambulanceflight.com\/tr\/wp-json\/wp\/v2\/media\/1467"}],"wp:attachment":[{"href":"https:\/\/ambulanceflight.com\/tr\/wp-json\/wp\/v2\/media?parent=1466"}],"curies":[{"name":"wp","href":"https:\/\/api.w.org\/{rel}","templated":true}]}}