{"id":1036,"date":"2025-11-17T19:48:01","date_gmt":"2025-11-17T19:48:01","guid":{"rendered":"https:\/\/ambulanceflight.com\/hizmetlerimiz\/tibbi-geri-donus\/"},"modified":"2025-12-29T09:40:04","modified_gmt":"2025-12-29T09:40:04","slug":"tibbi-geri-donus","status":"publish","type":"page","link":"https:\/\/ambulanceflight.com\/tr\/hizmetlerimiz\/tibbi-geri-donus\/","title":{"rendered":"T\u0131bbi Geri D\u00f6n\u00fc\u015f"},"content":{"rendered":"\t\t<div data-elementor-type=\"wp-page\" data-elementor-id=\"1036\" class=\"elementor elementor-1036 elementor-805\" data-elementor-settings=\"{&quot;ha_cmc_init_switcher&quot;:&quot;no&quot;}\" data-elementor-post-type=\"page\">\n\t\t\t\t<div class=\"elementor-element elementor-element-fd85f9f e-flex e-con-boxed e-con e-parent\" data-id=\"fd85f9f\" data-element_type=\"container\" data-settings=\"{&quot;background_background&quot;:&quot;classic&quot;,&quot;_ha_eqh_enable&quot;:false,&quot;ekit_has_onepagescroll_dot&quot;:&quot;yes&quot;}\">\n\t\t\t\t\t<div class=\"e-con-inner\">\n\t\t\t\t\t<\/div>\n\t\t\t\t<\/div>\n\t\t<div class=\"elementor-element elementor-element-c565c08 e-flex e-con-boxed e-con e-parent\" data-id=\"c565c08\" data-element_type=\"container\" data-settings=\"{&quot;background_background&quot;:&quot;classic&quot;,&quot;_ha_eqh_enable&quot;:false,&quot;ekit_has_onepagescroll_dot&quot;:&quot;yes&quot;}\">\n\t\t\t\t\t<div class=\"e-con-inner\">\n\t\t<div class=\"elementor-element elementor-element-0da1d81 e-con-full e-flex e-con e-child\" data-id=\"0da1d81\" data-element_type=\"container\" data-settings=\"{&quot;_ha_eqh_enable&quot;:false,&quot;ekit_has_onepagescroll_dot&quot;:&quot;yes&quot;}\">\n\t\t\t\t<div class=\"elementor-element elementor-element-79599bd elementor-invisible elementor-widget elementor-widget-heading\" data-id=\"79599bd\" data-element_type=\"widget\" data-settings=\"{&quot;_animation&quot;:&quot;slideInLeft&quot;,&quot;ekit_we_effect_on&quot;:&quot;none&quot;}\" data-widget_type=\"heading.default\">\n\t\t\t\t<div class=\"elementor-widget-container\">\n\t\t\t<h2 class=\"elementor-heading-title elementor-size-default\">T\u0131bbi Geri D\u00f6n\u00fc\u015f<\/h2>\t\t<\/div>\n\t\t\t\t<\/div>\n\t\t\t\t<div class=\"elementor-element elementor-element-923d4d5 animated-slow elementor-invisible elementor-widget elementor-widget-text-editor\" data-id=\"923d4d5\" data-element_type=\"widget\" data-settings=\"{&quot;_animation&quot;:&quot;slideInLeft&quot;,&quot;ekit_we_effect_on&quot;:&quot;none&quot;}\" data-widget_type=\"text-editor.default\">\n\t\t\t\t<div class=\"elementor-widget-container\">\n\t\t\t\t\t\t\t<h3 data-start=\"244\" data-end=\"306\">D\u00fcnya \u00c7ap\u0131nda T\u0131bbi Geri G\u00f6nderme Hizmetleri \u2013 G\u00fcvenli, H\u0131zl\u0131 ve Tam Koordineli<\/h3><p data-start=\"308\" data-end=\"570\">Ambulans Flight, g\u00fcvenli bir \u015fekilde kendi \u00fclkesine veya \u00f6zel bir t\u0131bbi tesise ula\u015f\u0131lmas\u0131 gereken hastalar i\u00e7in uluslararas\u0131 t\u0131bbi geri d\u00f6n\u00fc\u015f hizmetleri sunmaktad\u0131r. Bir kaza, hastal\u0131k veya t\u0131bbi acil durum sonras\u0131 yurt d\u0131\u015f\u0131nda, d\u00fcnya \u00e7ap\u0131nda t\u0131bbi denetimli ve tam koordineli geri d\u00f6n\u00fc\u015f u\u00e7u\u015flar\u0131 sa\u011fl\u0131yoruz. Yo\u011fun bak\u0131m \u00fcnitesi donan\u0131ml\u0131 u\u00e7aklar, sertifikal\u0131 t\u0131bbi ekipler ve 7\/24 operasyonlarla, geri d\u00f6n\u00fc\u015f s\u00fcrecinin her y\u00f6n\u00fcn\u00fc hassasiyet, h\u0131zl\u0131 ve \u00f6zenle y\u00f6netiyoruz.  <\/p>\t\t\t\t\t\t<\/div>\n\t\t\t\t<\/div>\n\t\t\t\t<\/div>\n\t\t\t\t\t<\/div>\n\t\t\t\t<\/div>\n\t\t<div class=\"elementor-element elementor-element-9e4ba0b e-flex e-con-boxed e-con e-parent\" data-id=\"9e4ba0b\" data-element_type=\"container\" data-settings=\"{&quot;background_background&quot;:&quot;classic&quot;,&quot;_ha_eqh_enable&quot;:false,&quot;ekit_has_onepagescroll_dot&quot;:&quot;yes&quot;}\">\n\t\t\t\t\t<div class=\"e-con-inner\">\n\t\t<div class=\"elementor-element elementor-element-74f6877 e-con-full e-flex e-con e-child\" data-id=\"74f6877\" data-element_type=\"container\" data-settings=\"{&quot;_ha_eqh_enable&quot;:false,&quot;ekit_has_onepagescroll_dot&quot;:&quot;yes&quot;}\">\n\t\t\t\t<div class=\"elementor-element elementor-element-0afc2dc elementor-invisible elementor-widget elementor-widget-heading\" data-id=\"0afc2dc\" data-element_type=\"widget\" data-settings=\"{&quot;_animation&quot;:&quot;slideInLeft&quot;,&quot;ekit_we_effect_on&quot;:&quot;none&quot;}\" data-widget_type=\"heading.default\">\n\t\t\t\t<div class=\"elementor-widget-container\">\n\t\t\t<h2 class=\"elementor-heading-title elementor-size-default\">Hava Ambulans\u0131 ile Uluslararas\u0131 T\u0131bbi Geri D\u00f6n\u00fc\u015f<\/h2>\t\t<\/div>\n\t\t\t\t<\/div>\n\t\t\t\t<div class=\"elementor-element elementor-element-4166c87 animated-slow elementor-invisible elementor-widget elementor-widget-text-editor\" data-id=\"4166c87\" data-element_type=\"widget\" data-settings=\"{&quot;_animation&quot;:&quot;slideInLeft&quot;,&quot;ekit_we_effect_on&quot;:&quot;none&quot;}\" data-widget_type=\"text-editor.default\">\n\t\t\t\t<div class=\"elementor-widget-container\">\n\t\t\t\t\t\t\t<p data-start=\"615\" data-end=\"860\">Hava ambulans\u0131 t\u0131bbi geri d\u00f6n\u00fc\u015f hizmetlerimiz, t\u0131bbi durumu nedeniyle ticari u\u00e7u\u015flarla seyahat edemeyen hastalar i\u00e7in tasarlanm\u0131\u015ft\u0131r. \u00d6zel t\u0131bbi u\u00e7aklar\u0131 yo\u011fun bak\u0131m \u00fcniteleri olarak donat\u0131lm\u0131\u015f \u015fekilde, seyahat boyunca s\u00fcrekli t\u0131bbi izleme, geli\u015fmi\u015f ya\u015fam deste\u011fi ve ki\u015fiselle\u015ftirilmi\u015f bak\u0131m sa\u011fl\u0131yoruz. Bu \u00e7\u00f6z\u00fcm, uzun mesafeli ve k\u0131talararas\u0131 geri d\u00f6n\u00fc\u015fler i\u00e7in g\u00fcvenli ve kontroll\u00fc bir ortam garanti eder.  <\/p>\t\t\t\t\t\t<\/div>\n\t\t\t\t<\/div>\n\t\t\t\t<div class=\"elementor-element elementor-element-d18e233 elementor-tablet-align-center elementor-mobile-align-justify elementor-widget-mobile__width-inherit elementor-widget elementor-widget-button\" data-id=\"d18e233\" data-element_type=\"widget\" data-settings=\"{&quot;ekit_we_effect_on&quot;:&quot;none&quot;}\" data-widget_type=\"button.default\">\n\t\t\t\t<div class=\"elementor-widget-container\">\n\t\t\t\t\t<div class=\"elementor-button-wrapper\">\n\t\t\t<a class=\"elementor-button elementor-button-link elementor-size-sm\" href=\"#\">\n\t\t\t\t\t\t<span class=\"elementor-button-content-wrapper\">\n\t\t\t\t\t\t\t\t\t<span class=\"elementor-button-text\">Bir teklif iste\u011fi<\/span>\n\t\t\t\t\t<\/span>\n\t\t\t\t\t<\/a>\n\t\t<\/div>\n\t\t\t\t<\/div>\n\t\t\t\t<\/div>\n\t\t\t\t<\/div>\n\t\t<div class=\"elementor-element elementor-element-32701b4 e-con-full e-flex e-con e-child\" data-id=\"32701b4\" data-element_type=\"container\" data-settings=\"{&quot;_ha_eqh_enable&quot;:false,&quot;ekit_has_onepagescroll_dot&quot;:&quot;yes&quot;}\">\n\t\t\t\t<div class=\"elementor-element elementor-element-4eaf715 elementor-invisible elementor-widget elementor-widget-image\" data-id=\"4eaf715\" data-element_type=\"widget\" data-settings=\"{&quot;_animation&quot;:&quot;slideInDown&quot;,&quot;ekit_we_effect_on&quot;:&quot;none&quot;}\" data-widget_type=\"image.default\">\n\t\t\t\t<div class=\"elementor-widget-container\">\n\t\t\t\t\t\t\t\t\t\t\t\t\t<img fetchpriority=\"high\" decoding=\"async\" width=\"1024\" height=\"1024\" src=\"https:\/\/ambulanceflight.com\/wp-content\/uploads\/2025\/12\/international-medical-air-transport.png\" class=\"attachment-full size-full wp-image-1318\" alt=\"\" srcset=\"https:\/\/ambulanceflight.com\/wp-content\/uploads\/2025\/12\/international-medical-air-transport.png 1024w, https:\/\/ambulanceflight.com\/wp-content\/uploads\/2025\/12\/international-medical-air-transport-300x300.png 300w, https:\/\/ambulanceflight.com\/wp-content\/uploads\/2025\/12\/international-medical-air-transport-150x150.png 150w, https:\/\/ambulanceflight.com\/wp-content\/uploads\/2025\/12\/international-medical-air-transport-768x768.png 768w\" sizes=\"(max-width: 1024px) 100vw, 1024px\" \/>\t\t\t\t\t\t\t\t\t\t\t\t\t<\/div>\n\t\t\t\t<\/div>\n\t\t\t\t<\/div>\n\t\t\t\t\t<\/div>\n\t\t\t\t<\/div>\n\t\t<div class=\"elementor-element elementor-element-5c71d6e e-flex e-con-boxed e-con e-parent\" data-id=\"5c71d6e\" data-element_type=\"container\" data-settings=\"{&quot;background_background&quot;:&quot;classic&quot;,&quot;_ha_eqh_enable&quot;:false,&quot;ekit_has_onepagescroll_dot&quot;:&quot;yes&quot;}\">\n\t\t\t\t\t<div class=\"e-con-inner\">\n\t\t<div class=\"elementor-element elementor-element-8718eb7 e-con-full e-flex e-con e-child\" data-id=\"8718eb7\" data-element_type=\"container\" data-settings=\"{&quot;_ha_eqh_enable&quot;:false,&quot;ekit_has_onepagescroll_dot&quot;:&quot;yes&quot;}\">\n\t\t\t\t<div class=\"elementor-element elementor-element-81d24c0 elementor-invisible elementor-widget elementor-widget-heading\" data-id=\"81d24c0\" data-element_type=\"widget\" data-settings=\"{&quot;_animation&quot;:&quot;slideInLeft&quot;,&quot;ekit_we_effect_on&quot;:&quot;none&quot;}\" data-widget_type=\"heading.default\">\n\t\t\t\t<div class=\"elementor-widget-container\">\n\t\t\t<h2 class=\"elementor-heading-title elementor-size-default\">Hastaneden Hastaneye T\u0131bbi Geri D\u00f6n\u00fc\u015f<\/h2>\t\t<\/div>\n\t\t\t\t<\/div>\n\t\t\t\t<div class=\"elementor-element elementor-element-c10966e animated-slow elementor-invisible elementor-widget elementor-widget-text-editor\" data-id=\"c10966e\" data-element_type=\"widget\" data-settings=\"{&quot;_animation&quot;:&quot;slideInLeft&quot;,&quot;ekit_we_effect_on&quot;:&quot;none&quot;}\" data-widget_type=\"text-editor.default\">\n\t\t\t\t<div class=\"elementor-widget-container\">\n\t\t\t\t\t\t\t<p data-start=\"901\" data-end=\"1158\">Ambulans Flight, <strong data-start=\"1726\" data-end=\"1771\">hastaneden hastaneye t\u0131bbi geri<\/strong> d\u00f6n\u00fc\u015fte uzmanla\u015fm\u0131\u015f olup, g\u00f6nderen ve alan t\u0131bbi tesisler aras\u0131nda kesintisiz koordinasyon sa\u011flar. T\u0131bbi kay\u0131tlar\u0131, doktor ileti\u015fimini, hasta stabilizasyonunu ve u\u00e7u\u015f lojisi\u011fini y\u00f6neterek bak\u0131m\u0131n s\u00fcreklili\u011fini s\u00fcrd\u00fcr\u00fcyoruz. Bu yakla\u015f\u0131m, hastalar\u0131n geli\u015f an\u0131nda kesinti veya risk olmaks\u0131z\u0131n do\u011frudan uygun t\u0131bbi bak\u0131ma y\u00f6nlendirilmesini sa\u011flar.  <\/p>\t\t\t\t\t\t<\/div>\n\t\t\t\t<\/div>\n\t\t\t\t<div class=\"elementor-element elementor-element-84d4e78 elementor-mobile-align-justify elementor-widget-mobile__width-inherit elementor-widget elementor-widget-button\" data-id=\"84d4e78\" data-element_type=\"widget\" data-settings=\"{&quot;ekit_we_effect_on&quot;:&quot;none&quot;}\" data-widget_type=\"button.default\">\n\t\t\t\t<div class=\"elementor-widget-container\">\n\t\t\t\t\t<div class=\"elementor-button-wrapper\">\n\t\t\t<a class=\"elementor-button elementor-button-link elementor-size-sm\" href=\"#\">\n\t\t\t\t\t\t<span class=\"elementor-button-content-wrapper\">\n\t\t\t\t\t\t\t\t\t<span class=\"elementor-button-text\">Bir teklif iste\u011fi<\/span>\n\t\t\t\t\t<\/span>\n\t\t\t\t\t<\/a>\n\t\t<\/div>\n\t\t\t\t<\/div>\n\t\t\t\t<\/div>\n\t\t\t\t<\/div>\n\t\t<div class=\"elementor-element elementor-element-9c13d9b e-con-full e-flex e-con e-child\" data-id=\"9c13d9b\" data-element_type=\"container\" data-settings=\"{&quot;_ha_eqh_enable&quot;:false,&quot;ekit_has_onepagescroll_dot&quot;:&quot;yes&quot;}\">\n\t\t\t\t<div class=\"elementor-element elementor-element-c904c1a elementor-invisible elementor-widget elementor-widget-image\" data-id=\"c904c1a\" data-element_type=\"widget\" data-settings=\"{&quot;_animation&quot;:&quot;slideInDown&quot;,&quot;ekit_we_effect_on&quot;:&quot;none&quot;}\" data-widget_type=\"image.default\">\n\t\t\t\t<div class=\"elementor-widget-container\">\n\t\t\t\t\t\t\t\t\t\t\t\t\t<img decoding=\"async\" width=\"1440\" height=\"811\" src=\"https:\/\/ambulanceflight.com\/wp-content\/uploads\/2025\/12\/hospital-to-hospital.jpeg\" class=\"attachment-full size-full wp-image-1320\" alt=\"\" srcset=\"https:\/\/ambulanceflight.com\/wp-content\/uploads\/2025\/12\/hospital-to-hospital.jpeg 1440w, https:\/\/ambulanceflight.com\/wp-content\/uploads\/2025\/12\/hospital-to-hospital-300x169.jpeg 300w, https:\/\/ambulanceflight.com\/wp-content\/uploads\/2025\/12\/hospital-to-hospital-1024x577.jpeg 1024w, https:\/\/ambulanceflight.com\/wp-content\/uploads\/2025\/12\/hospital-to-hospital-768x433.jpeg 768w\" sizes=\"(max-width: 1440px) 100vw, 1440px\" \/>\t\t\t\t\t\t\t\t\t\t\t\t\t<\/div>\n\t\t\t\t<\/div>\n\t\t\t\t<\/div>\n\t\t\t\t\t<\/div>\n\t\t\t\t<\/div>\n\t\t<div class=\"elementor-element elementor-element-1388383 e-flex e-con-boxed e-con e-parent\" data-id=\"1388383\" data-element_type=\"container\" data-settings=\"{&quot;background_background&quot;:&quot;classic&quot;,&quot;_ha_eqh_enable&quot;:false,&quot;ekit_has_onepagescroll_dot&quot;:&quot;yes&quot;}\">\n\t\t\t\t\t<div class=\"e-con-inner\">\n\t\t<div class=\"elementor-element elementor-element-eaad0c7 e-con-full e-flex e-con e-child\" data-id=\"eaad0c7\" data-element_type=\"container\" data-settings=\"{&quot;_ha_eqh_enable&quot;:false,&quot;ekit_has_onepagescroll_dot&quot;:&quot;yes&quot;}\">\n\t\t\t\t<div class=\"elementor-element elementor-element-f6cd321 elementor-invisible elementor-widget elementor-widget-heading\" data-id=\"f6cd321\" data-element_type=\"widget\" data-settings=\"{&quot;_animation&quot;:&quot;slideInLeft&quot;,&quot;ekit_we_effect_on&quot;:&quot;none&quot;}\" data-widget_type=\"heading.default\">\n\t\t\t\t<div class=\"elementor-widget-container\">\n\t\t\t<h2 class=\"elementor-heading-title elementor-size-default\">T\u0131bbi Eskort ile Ticari U\u00e7u\u015f Geri D\u00f6n\u00fc\u015f\u00fc<\/h2>\t\t<\/div>\n\t\t\t\t<\/div>\n\t\t\t\t<div class=\"elementor-element elementor-element-253ee07 animated-slow elementor-invisible elementor-widget elementor-widget-text-editor\" data-id=\"253ee07\" data-element_type=\"widget\" data-settings=\"{&quot;_animation&quot;:&quot;slideInLeft&quot;,&quot;ekit_we_effect_on&quot;:&quot;none&quot;}\" data-widget_type=\"text-editor.default\">\n\t\t\t\t<div class=\"elementor-widget-container\">\n\t\t\t\t\t\t\t<p data-start=\"615\" data-end=\"860\">Ticari havayollar\u0131nda seyahat edebilen stabil hastalar i\u00e7in, profesyonel bir t\u0131bbi eskortla t\u0131bbi iade sunuyoruz. Sertifikal\u0131 bir doktor veya hem\u015fire, hastaya t\u00fcm yolculuk boyunca e\u015flik eder; gerekirse izleme, ila\u00e7 uygulamas\u0131 ve t\u0131bbi yard\u0131m sa\u011flar. Bu maliyet etkin geri g\u00f6nderme se\u00e7ene\u011fi, hasta konforu ve g\u00f6zetimini sa\u011flarken y\u00fcksek g\u00fcvenlik standartlar\u0131n\u0131 korur.  <\/p>\t\t\t\t\t\t<\/div>\n\t\t\t\t<\/div>\n\t\t\t\t<div class=\"elementor-element elementor-element-d19d6a0 elementor-tablet-align-center elementor-mobile-align-justify elementor-widget-mobile__width-inherit elementor-widget elementor-widget-button\" data-id=\"d19d6a0\" data-element_type=\"widget\" data-settings=\"{&quot;ekit_we_effect_on&quot;:&quot;none&quot;}\" data-widget_type=\"button.default\">\n\t\t\t\t<div class=\"elementor-widget-container\">\n\t\t\t\t\t<div class=\"elementor-button-wrapper\">\n\t\t\t<a class=\"elementor-button elementor-button-link elementor-size-sm\" href=\"#\">\n\t\t\t\t\t\t<span class=\"elementor-button-content-wrapper\">\n\t\t\t\t\t\t\t\t\t<span class=\"elementor-button-text\">Bir teklif iste\u011fi<\/span>\n\t\t\t\t\t<\/span>\n\t\t\t\t\t<\/a>\n\t\t<\/div>\n\t\t\t\t<\/div>\n\t\t\t\t<\/div>\n\t\t\t\t<\/div>\n\t\t<div class=\"elementor-element elementor-element-e272582 e-con-full e-flex e-con e-child\" data-id=\"e272582\" data-element_type=\"container\" data-settings=\"{&quot;_ha_eqh_enable&quot;:false,&quot;ekit_has_onepagescroll_dot&quot;:&quot;yes&quot;}\">\n\t\t\t\t<div class=\"elementor-element elementor-element-5f4360d elementor-invisible elementor-widget elementor-widget-image\" data-id=\"5f4360d\" data-element_type=\"widget\" data-settings=\"{&quot;_animation&quot;:&quot;slideInDown&quot;,&quot;ekit_we_effect_on&quot;:&quot;none&quot;}\" data-widget_type=\"image.default\">\n\t\t\t\t<div class=\"elementor-widget-container\">\n\t\t\t\t\t\t\t\t\t\t\t\t\t<img decoding=\"async\" width=\"828\" height=\"896\" src=\"https:\/\/ambulanceflight.com\/wp-content\/uploads\/2025\/12\/Capture-decran-2025-12-29-a-10.38.51.png\" class=\"attachment-full size-full wp-image-1322\" alt=\"\" srcset=\"https:\/\/ambulanceflight.com\/wp-content\/uploads\/2025\/12\/Capture-decran-2025-12-29-a-10.38.51.png 828w, https:\/\/ambulanceflight.com\/wp-content\/uploads\/2025\/12\/Capture-decran-2025-12-29-a-10.38.51-277x300.png 277w, https:\/\/ambulanceflight.com\/wp-content\/uploads\/2025\/12\/Capture-decran-2025-12-29-a-10.38.51-768x831.png 768w\" sizes=\"(max-width: 828px) 100vw, 828px\" \/>\t\t\t\t\t\t\t\t\t\t\t\t\t<\/div>\n\t\t\t\t<\/div>\n\t\t\t\t<\/div>\n\t\t\t\t\t<\/div>\n\t\t\t\t<\/div>\n\t\t<div class=\"elementor-element elementor-element-bd81d93 e-flex e-con-boxed e-con e-parent\" data-id=\"bd81d93\" data-element_type=\"container\" data-settings=\"{&quot;background_background&quot;:&quot;classic&quot;,&quot;_ha_eqh_enable&quot;:false,&quot;ekit_has_onepagescroll_dot&quot;:&quot;yes&quot;}\">\n\t\t\t\t\t<div class=\"e-con-inner\">\n\t\t<div class=\"elementor-element elementor-element-328475e e-con-full e-flex e-con e-child\" data-id=\"328475e\" data-element_type=\"container\" data-settings=\"{&quot;_ha_eqh_enable&quot;:false,&quot;ekit_has_onepagescroll_dot&quot;:&quot;yes&quot;}\">\n\t\t\t\t<div class=\"elementor-element elementor-element-f53914f elementor-invisible elementor-widget elementor-widget-heading\" data-id=\"f53914f\" data-element_type=\"widget\" data-settings=\"{&quot;_animation&quot;:&quot;slideInLeft&quot;,&quot;ekit_we_effect_on&quot;:&quot;none&quot;}\" data-widget_type=\"heading.default\">\n\t\t\t\t<div class=\"elementor-widget-container\">\n\t\t\t<h2 class=\"elementor-heading-title elementor-size-default\">K\u00fcresel Koordinasyon, Dok\u00fcmantasyon ve D\u00fczenleyici Uyum<\/h2>\t\t<\/div>\n\t\t\t\t<\/div>\n\t\t\t\t<div class=\"elementor-element elementor-element-cc76981 animated-slow elementor-invisible elementor-widget elementor-widget-text-editor\" data-id=\"cc76981\" data-element_type=\"widget\" data-settings=\"{&quot;_animation&quot;:&quot;slideInLeft&quot;,&quot;ekit_we_effect_on&quot;:&quot;none&quot;}\" data-widget_type=\"text-editor.default\">\n\t\t\t\t<div class=\"elementor-widget-container\">\n\t\t\t\t\t\t\t<p data-start=\"1530\" data-end=\"1780\">T\u0131bbi geri d\u00f6n\u00fc\u015f karma\u015f\u0131k uluslararas\u0131 d\u00fczenlemeler i\u00e7erir. Ambulans U\u00e7u\u015fu, u\u00e7u\u015f izinleri, t\u0131bbi yetkiler, b\u00fcy\u00fckel\u00e7ilik koordinasyonu, sigorta ileti\u015fimi ve uluslararas\u0131 belgeler dahil olmak \u00fczere t\u00fcm idari i\u015flemleri y\u00fcr\u00fctmektedir. Uzmanl\u0131\u011f\u0131m\u0131z, tam d\u00fczenleyici uyumu sa\u011flar, gecikmeleri ortadan kald\u0131r\u0131r ve hastalar ile aileler i\u00e7in stresi azalt\u0131r.  <\/p>\t\t\t\t\t\t<\/div>\n\t\t\t\t<\/div>\n\t\t\t\t<div class=\"elementor-element elementor-element-c5d07bf elementor-mobile-align-justify elementor-widget-mobile__width-inherit elementor-widget elementor-widget-button\" data-id=\"c5d07bf\" data-element_type=\"widget\" data-settings=\"{&quot;ekit_we_effect_on&quot;:&quot;none&quot;}\" data-widget_type=\"button.default\">\n\t\t\t\t<div class=\"elementor-widget-container\">\n\t\t\t\t\t<div class=\"elementor-button-wrapper\">\n\t\t\t<a class=\"elementor-button elementor-button-link elementor-size-sm\" href=\"#\">\n\t\t\t\t\t\t<span class=\"elementor-button-content-wrapper\">\n\t\t\t\t\t\t\t\t\t<span class=\"elementor-button-text\">Bir teklif iste\u011fi<\/span>\n\t\t\t\t\t<\/span>\n\t\t\t\t\t<\/a>\n\t\t<\/div>\n\t\t\t\t<\/div>\n\t\t\t\t<\/div>\n\t\t\t\t<\/div>\n\t\t<div class=\"elementor-element elementor-element-134f9a3 e-con-full e-flex e-con e-child\" data-id=\"134f9a3\" data-element_type=\"container\" data-settings=\"{&quot;_ha_eqh_enable&quot;:false,&quot;ekit_has_onepagescroll_dot&quot;:&quot;yes&quot;}\">\n\t\t\t\t<div class=\"elementor-element elementor-element-92f2ce8 elementor-invisible elementor-widget elementor-widget-image\" data-id=\"92f2ce8\" data-element_type=\"widget\" data-settings=\"{&quot;_animation&quot;:&quot;slideInDown&quot;,&quot;ekit_we_effect_on&quot;:&quot;none&quot;}\" data-widget_type=\"image.default\">\n\t\t\t\t<div class=\"elementor-widget-container\">\n\t\t\t\t\t\t\t\t\t\t\t\t\t<img loading=\"lazy\" decoding=\"async\" width=\"720\" height=\"899\" src=\"https:\/\/ambulanceflight.com\/wp-content\/uploads\/2025\/12\/medical-air-transport.jpg\" class=\"attachment-full size-full wp-image-1074\" alt=\"\" srcset=\"https:\/\/ambulanceflight.com\/wp-content\/uploads\/2025\/12\/medical-air-transport.jpg 720w, https:\/\/ambulanceflight.com\/wp-content\/uploads\/2025\/12\/medical-air-transport-240x300.jpg 240w\" sizes=\"(max-width: 720px) 100vw, 720px\" \/>\t\t\t\t\t\t\t\t\t\t\t\t\t<\/div>\n\t\t\t\t<\/div>\n\t\t\t\t<\/div>\n\t\t\t\t\t<\/div>\n\t\t\t\t<\/div>\n\t\t<div class=\"elementor-element elementor-element-193d9f7 e-flex e-con-boxed e-con e-parent\" data-id=\"193d9f7\" data-element_type=\"container\" data-settings=\"{&quot;background_background&quot;:&quot;classic&quot;,&quot;_ha_eqh_enable&quot;:false,&quot;ekit_has_onepagescroll_dot&quot;:&quot;yes&quot;}\">\n\t\t\t\t\t<div class=\"e-con-inner\">\n\t\t<div class=\"elementor-element elementor-element-ad5ae10 e-con-full e-flex e-con e-child\" data-id=\"ad5ae10\" data-element_type=\"container\" data-settings=\"{&quot;_ha_eqh_enable&quot;:false,&quot;ekit_has_onepagescroll_dot&quot;:&quot;yes&quot;}\">\n\t\t\t\t<div class=\"elementor-element elementor-element-551f4bc elementor-invisible elementor-widget elementor-widget-heading\" data-id=\"551f4bc\" data-element_type=\"widget\" data-settings=\"{&quot;_animation&quot;:&quot;slideInLeft&quot;,&quot;ekit_we_effect_on&quot;:&quot;none&quot;}\" data-widget_type=\"heading.default\">\n\t\t\t\t<div class=\"elementor-widget-container\">\n\t\t\t<h2 class=\"elementor-heading-title elementor-size-default\">7\/24 Yataktan Yataktan T\u0131bbi Geri D\u00f6n\u00fc\u015f Hizmeti<\/h2>\t\t<\/div>\n\t\t\t\t<\/div>\n\t\t\t\t<div class=\"elementor-element elementor-element-9815e0c animated-slow elementor-invisible elementor-widget elementor-widget-text-editor\" data-id=\"9815e0c\" data-element_type=\"widget\" data-settings=\"{&quot;_animation&quot;:&quot;slideInLeft&quot;,&quot;ekit_we_effect_on&quot;:&quot;none&quot;}\" data-widget_type=\"text-editor.default\">\n\t\t\t\t<div class=\"elementor-widget-container\">\n\t\t\t\t\t\t\t<p data-start=\"1834\" data-end=\"2090\">Yataktan yata\u011fa t\u0131bbi iade hizmeti sunuyoruz; yer ambulans\u0131 ta\u015f\u0131mas\u0131, t\u0131bbi u\u00e7u\u015f ve nihai transferi var\u0131\u015f hastane veya konuta aktarmay\u0131 kapsar. 7\/24 operasyon merkezimiz, geri d\u00f6n\u00fc\u015f s\u00fcreci boyunca an\u0131nda m\u00fcdahale, h\u0131zl\u0131 konu\u015fland\u0131rma ve s\u00fcrekli ileti\u015fimi garanti ederek sorunsuz ve g\u00fcvenli bir transferi garanti eder. <\/p>\t\t\t\t\t\t<\/div>\n\t\t\t\t<\/div>\n\t\t\t\t<div class=\"elementor-element elementor-element-fd8cc06 elementor-tablet-align-center elementor-mobile-align-justify elementor-widget-mobile__width-inherit elementor-widget elementor-widget-button\" data-id=\"fd8cc06\" data-element_type=\"widget\" data-settings=\"{&quot;ekit_we_effect_on&quot;:&quot;none&quot;}\" data-widget_type=\"button.default\">\n\t\t\t\t<div class=\"elementor-widget-container\">\n\t\t\t\t\t<div class=\"elementor-button-wrapper\">\n\t\t\t<a class=\"elementor-button elementor-button-link elementor-size-sm\" href=\"#\">\n\t\t\t\t\t\t<span class=\"elementor-button-content-wrapper\">\n\t\t\t\t\t\t\t\t\t<span class=\"elementor-button-text\">Bir teklif iste\u011fi<\/span>\n\t\t\t\t\t<\/span>\n\t\t\t\t\t<\/a>\n\t\t<\/div>\n\t\t\t\t<\/div>\n\t\t\t\t<\/div>\n\t\t\t\t<\/div>\n\t\t<div class=\"elementor-element elementor-element-fabc253 e-con-full e-flex e-con e-child\" data-id=\"fabc253\" data-element_type=\"container\" data-settings=\"{&quot;_ha_eqh_enable&quot;:false,&quot;ekit_has_onepagescroll_dot&quot;:&quot;yes&quot;}\">\n\t\t\t\t<div class=\"elementor-element elementor-element-4d40e69 elementor-invisible elementor-widget elementor-widget-image\" data-id=\"4d40e69\" data-element_type=\"widget\" data-settings=\"{&quot;_animation&quot;:&quot;slideInDown&quot;,&quot;ekit_we_effect_on&quot;:&quot;none&quot;}\" data-widget_type=\"image.default\">\n\t\t\t\t<div class=\"elementor-widget-container\">\n\t\t\t\t\t\t\t\t\t\t\t\t\t<img loading=\"lazy\" decoding=\"async\" width=\"1600\" height=\"1200\" src=\"https:\/\/ambulanceflight.com\/wp-content\/uploads\/2025\/12\/global-ICU-et-ECMO-medical-evacuation.jpeg\" class=\"attachment-full size-full wp-image-1308\" alt=\"\" srcset=\"https:\/\/ambulanceflight.com\/wp-content\/uploads\/2025\/12\/global-ICU-et-ECMO-medical-evacuation.jpeg 1600w, https:\/\/ambulanceflight.com\/wp-content\/uploads\/2025\/12\/global-ICU-et-ECMO-medical-evacuation-300x225.jpeg 300w, https:\/\/ambulanceflight.com\/wp-content\/uploads\/2025\/12\/global-ICU-et-ECMO-medical-evacuation-1024x768.jpeg 1024w, https:\/\/ambulanceflight.com\/wp-content\/uploads\/2025\/12\/global-ICU-et-ECMO-medical-evacuation-768x576.jpeg 768w, https:\/\/ambulanceflight.com\/wp-content\/uploads\/2025\/12\/global-ICU-et-ECMO-medical-evacuation-1536x1152.jpeg 1536w\" sizes=\"(max-width: 1600px) 100vw, 1600px\" \/>\t\t\t\t\t\t\t\t\t\t\t\t\t<\/div>\n\t\t\t\t<\/div>\n\t\t\t\t<\/div>\n\t\t\t\t\t<\/div>\n\t\t\t\t<\/div>\n\t\t\t\t<\/div>\n\t\t","protected":false},"excerpt":{"rendered":"<p>T\u0131bbi Geri D\u00f6n\u00fc\u015f D\u00fcnya \u00c7ap\u0131nda T\u0131bbi Geri G\u00f6nderme Hizmetleri \u2013 G\u00fcvenli, H\u0131zl\u0131 ve Tam Koordineli Ambulans Flight, g\u00fcvenli bir \u015fekilde kendi \u00fclkesine veya \u00f6zel bir t\u0131bbi tesise ula\u015f\u0131lmas\u0131 gereken hastalar i\u00e7in uluslararas\u0131 t\u0131bbi geri d\u00f6n\u00fc\u015f hizmetleri sunmaktad\u0131r. Bir kaza, hastal\u0131k veya t\u0131bbi acil durum sonras\u0131 yurt d\u0131\u015f\u0131nda, d\u00fcnya \u00e7ap\u0131nda t\u0131bbi denetimli ve tam koordineli geri [&hellip;]<\/p>\n","protected":false},"author":1,"featured_media":0,"parent":492,"menu_order":0,"comment_status":"closed","ping_status":"closed","template":"elementor_header_footer","meta":{"footnotes":""},"class_list":["post-1036","page","type-page","status-publish","hentry"],"_links":{"self":[{"href":"https:\/\/ambulanceflight.com\/tr\/wp-json\/wp\/v2\/pages\/1036","targetHints":{"allow":["GET"]}}],"collection":[{"href":"https:\/\/ambulanceflight.com\/tr\/wp-json\/wp\/v2\/pages"}],"about":[{"href":"https:\/\/ambulanceflight.com\/tr\/wp-json\/wp\/v2\/types\/page"}],"author":[{"embeddable":true,"href":"https:\/\/ambulanceflight.com\/tr\/wp-json\/wp\/v2\/users\/1"}],"replies":[{"embeddable":true,"href":"https:\/\/ambulanceflight.com\/tr\/wp-json\/wp\/v2\/comments?post=1036"}],"version-history":[{"count":3,"href":"https:\/\/ambulanceflight.com\/tr\/wp-json\/wp\/v2\/pages\/1036\/revisions"}],"predecessor-version":[{"id":1325,"href":"https:\/\/ambulanceflight.com\/tr\/wp-json\/wp\/v2\/pages\/1036\/revisions\/1325"}],"up":[{"embeddable":true,"href":"https:\/\/ambulanceflight.com\/tr\/wp-json\/wp\/v2\/pages\/492"}],"wp:attachment":[{"href":"https:\/\/ambulanceflight.com\/tr\/wp-json\/wp\/v2\/media?parent=1036"}],"curies":[{"name":"wp","href":"https:\/\/api.w.org\/{rel}","templated":true}]}}