{"id":1029,"date":"2025-11-17T19:48:46","date_gmt":"2025-11-17T19:48:46","guid":{"rendered":"https:\/\/ambulanceflight.com\/hizmetlerimiz\/pediatrik-neonatal-transferler\/"},"modified":"2025-12-29T09:51:10","modified_gmt":"2025-12-29T09:51:10","slug":"pediatrik-neonatal-transferler","status":"publish","type":"page","link":"https:\/\/ambulanceflight.com\/tr\/hizmetlerimiz\/pediatrik-neonatal-transferler\/","title":{"rendered":"Pediatrik &amp; Neonatal Transferler"},"content":{"rendered":"\t\t<div data-elementor-type=\"wp-page\" data-elementor-id=\"1029\" class=\"elementor elementor-1029 elementor-810\" data-elementor-settings=\"{&quot;ha_cmc_init_switcher&quot;:&quot;no&quot;}\" data-elementor-post-type=\"page\">\n\t\t\t\t<div class=\"elementor-element elementor-element-fd85f9f e-flex e-con-boxed e-con e-parent\" data-id=\"fd85f9f\" data-element_type=\"container\" data-settings=\"{&quot;background_background&quot;:&quot;classic&quot;,&quot;_ha_eqh_enable&quot;:false,&quot;ekit_has_onepagescroll_dot&quot;:&quot;yes&quot;}\">\n\t\t\t\t\t<div class=\"e-con-inner\">\n\t\t\t\t\t<\/div>\n\t\t\t\t<\/div>\n\t\t<div class=\"elementor-element elementor-element-c565c08 e-flex e-con-boxed e-con e-parent\" data-id=\"c565c08\" data-element_type=\"container\" data-settings=\"{&quot;background_background&quot;:&quot;classic&quot;,&quot;_ha_eqh_enable&quot;:false,&quot;ekit_has_onepagescroll_dot&quot;:&quot;yes&quot;}\">\n\t\t\t\t\t<div class=\"e-con-inner\">\n\t\t<div class=\"elementor-element elementor-element-0da1d81 e-con-full e-flex e-con e-child\" data-id=\"0da1d81\" data-element_type=\"container\" data-settings=\"{&quot;_ha_eqh_enable&quot;:false,&quot;ekit_has_onepagescroll_dot&quot;:&quot;yes&quot;}\">\n\t\t\t\t<div class=\"elementor-element elementor-element-79599bd elementor-invisible elementor-widget elementor-widget-heading\" data-id=\"79599bd\" data-element_type=\"widget\" data-settings=\"{&quot;_animation&quot;:&quot;slideInLeft&quot;,&quot;ekit_we_effect_on&quot;:&quot;none&quot;}\" data-widget_type=\"heading.default\">\n\t\t\t\t<div class=\"elementor-widget-container\">\n\t\t\t<h2 class=\"elementor-heading-title elementor-size-default\">Pediatrik ve Yenido\u011fan Transferi<\/h2>\t\t<\/div>\n\t\t\t\t<\/div>\n\t\t\t\t<div class=\"elementor-element elementor-element-923d4d5 animated-slow elementor-invisible elementor-widget elementor-widget-text-editor\" data-id=\"923d4d5\" data-element_type=\"widget\" data-settings=\"{&quot;_animation&quot;:&quot;slideInLeft&quot;,&quot;ekit_we_effect_on&quot;:&quot;none&quot;}\" data-widget_type=\"text-editor.default\">\n\t\t\t\t<div class=\"elementor-widget-container\">\n\t\t\t\t\t\t\t<h3 data-start=\"244\" data-end=\"306\">D\u00fcnya \u00c7ap\u0131nda Uzmanla\u015fm\u0131\u015f Pediatrik ve Yenido\u011fan Hava Ambulans\u0131 Hizmetleri<\/h3><p data-start=\"308\" data-end=\"570\">Ambulans Flight, d\u00fcnya \u00e7ap\u0131nda \u00f6zel pediatrik ve yenido\u011fan transfer hizmetleri sunarak hava ta\u015f\u0131mac\u0131l\u0131\u011f\u0131 s\u0131ras\u0131nda yenido\u011fanlar, bebekler ve \u00e7ocuklar i\u00e7in en y\u00fcksek d\u00fczeyde t\u0131bbi bak\u0131m sa\u011flanmaktad\u0131r. Pediatrik ve yenido\u011fan hava ambulanslar\u0131m\u0131z, geli\u015fmi\u015f ya\u015fam destek sistemleriyle donat\u0131lm\u0131\u015ft\u0131r ve y\u00fcksek e\u011fitimli t\u0131bbi ekipler taraf\u0131ndan i\u015fletilmektedir. Acil tahliye veya planl\u0131 hastane transferleri i\u00e7in olsun, gen\u00e7 hastalar i\u00e7in \u00f6zel olarak tasarlanm\u0131\u015f g\u00fcvenli, stabil ve tam denetimli t\u0131bbi u\u00e7u\u015flar sunuyoruz.  <\/p>\t\t\t\t\t\t<\/div>\n\t\t\t\t<\/div>\n\t\t\t\t<\/div>\n\t\t\t\t\t<\/div>\n\t\t\t\t<\/div>\n\t\t<div class=\"elementor-element elementor-element-9e4ba0b e-flex e-con-boxed e-con e-parent\" data-id=\"9e4ba0b\" data-element_type=\"container\" data-settings=\"{&quot;background_background&quot;:&quot;classic&quot;,&quot;_ha_eqh_enable&quot;:false,&quot;ekit_has_onepagescroll_dot&quot;:&quot;yes&quot;}\">\n\t\t\t\t\t<div class=\"e-con-inner\">\n\t\t<div class=\"elementor-element elementor-element-74f6877 e-con-full e-flex e-con e-child\" data-id=\"74f6877\" data-element_type=\"container\" data-settings=\"{&quot;_ha_eqh_enable&quot;:false,&quot;ekit_has_onepagescroll_dot&quot;:&quot;yes&quot;}\">\n\t\t\t\t<div class=\"elementor-element elementor-element-0afc2dc elementor-invisible elementor-widget elementor-widget-heading\" data-id=\"0afc2dc\" data-element_type=\"widget\" data-settings=\"{&quot;_animation&quot;:&quot;slideInLeft&quot;,&quot;ekit_we_effect_on&quot;:&quot;none&quot;}\" data-widget_type=\"heading.default\">\n\t\t\t\t<div class=\"elementor-widget-container\">\n\t\t\t<h2 class=\"elementor-heading-title elementor-size-default\">Yenido\u011fan Yo\u011fun Bak\u0131m Hava Ta\u015f\u0131mac\u0131l\u0131\u011f\u0131 (NICU U\u00e7u\u015flar\u0131)<\/h2>\t\t<\/div>\n\t\t\t\t<\/div>\n\t\t\t\t<div class=\"elementor-element elementor-element-4166c87 animated-slow elementor-invisible elementor-widget elementor-widget-text-editor\" data-id=\"4166c87\" data-element_type=\"widget\" data-settings=\"{&quot;_animation&quot;:&quot;slideInLeft&quot;,&quot;ekit_we_effect_on&quot;:&quot;none&quot;}\" data-widget_type=\"text-editor.default\">\n\t\t\t\t<div class=\"elementor-widget-container\">\n\t\t\t\t\t\t\t<p data-start=\"615\" data-end=\"860\">Yenido\u011fan hava ambulans\u0131 hizmetlerimiz, nakil s\u0131ras\u0131nda yo\u011fun bak\u0131ma ihtiya\u00e7 duyan yenido\u011fanlar i\u00e7in tasarlanm\u0131\u015ft\u0131r. Her u\u00e7ak, havadaki yo\u011fun bak\u0131m \u00fcnitesi ortam\u0131n\u0131 taklit eden nakliye kulu\u00e7ka makineleri, neonatal ventilat\u00f6rler, s\u0131cakl\u0131k kontrol sistemleri ve s\u00fcrekli izleme cihazlar\u0131yla donat\u0131lm\u0131\u015ft\u0131r. Bu \u00f6zel kurulum, uzun mesafelerde bile g\u00fcvenli ve kontroll\u00fc bir yenido\u011fan transferi sa\u011flar.  <\/p>\t\t\t\t\t\t<\/div>\n\t\t\t\t<\/div>\n\t\t\t\t<div class=\"elementor-element elementor-element-d18e233 elementor-tablet-align-center elementor-mobile-align-justify elementor-widget-mobile__width-inherit elementor-widget elementor-widget-button\" data-id=\"d18e233\" data-element_type=\"widget\" data-settings=\"{&quot;ekit_we_effect_on&quot;:&quot;none&quot;}\" data-widget_type=\"button.default\">\n\t\t\t\t<div class=\"elementor-widget-container\">\n\t\t\t\t\t<div class=\"elementor-button-wrapper\">\n\t\t\t<a class=\"elementor-button elementor-button-link elementor-size-sm\" href=\"#\">\n\t\t\t\t\t\t<span class=\"elementor-button-content-wrapper\">\n\t\t\t\t\t\t\t\t\t<span class=\"elementor-button-text\">Bir teklif iste\u011fi<\/span>\n\t\t\t\t\t<\/span>\n\t\t\t\t\t<\/a>\n\t\t<\/div>\n\t\t\t\t<\/div>\n\t\t\t\t<\/div>\n\t\t\t\t<\/div>\n\t\t<div class=\"elementor-element elementor-element-32701b4 e-con-full e-flex e-con e-child\" data-id=\"32701b4\" data-element_type=\"container\" data-settings=\"{&quot;_ha_eqh_enable&quot;:false,&quot;ekit_has_onepagescroll_dot&quot;:&quot;yes&quot;}\">\n\t\t\t\t<div class=\"elementor-element elementor-element-4eaf715 elementor-invisible elementor-widget elementor-widget-image\" data-id=\"4eaf715\" data-element_type=\"widget\" data-settings=\"{&quot;_animation&quot;:&quot;slideInDown&quot;,&quot;ekit_we_effect_on&quot;:&quot;none&quot;}\" data-widget_type=\"image.default\">\n\t\t\t\t<div class=\"elementor-widget-container\">\n\t\t\t\t\t\t\t\t\t\t\t\t\t<img fetchpriority=\"high\" decoding=\"async\" width=\"724\" height=\"493\" src=\"https:\/\/ambulanceflight.com\/wp-content\/uploads\/2025\/12\/4-copie-2.jpg\" class=\"attachment-full size-full wp-image-1098\" alt=\"\" srcset=\"https:\/\/ambulanceflight.com\/wp-content\/uploads\/2025\/12\/4-copie-2.jpg 724w, https:\/\/ambulanceflight.com\/wp-content\/uploads\/2025\/12\/4-copie-2-300x204.jpg 300w\" sizes=\"(max-width: 724px) 100vw, 724px\" \/>\t\t\t\t\t\t\t\t\t\t\t\t\t<\/div>\n\t\t\t\t<\/div>\n\t\t\t\t<\/div>\n\t\t\t\t\t<\/div>\n\t\t\t\t<\/div>\n\t\t<div class=\"elementor-element elementor-element-5c71d6e e-flex e-con-boxed e-con e-parent\" data-id=\"5c71d6e\" data-element_type=\"container\" data-settings=\"{&quot;background_background&quot;:&quot;classic&quot;,&quot;_ha_eqh_enable&quot;:false,&quot;ekit_has_onepagescroll_dot&quot;:&quot;yes&quot;}\">\n\t\t\t\t\t<div class=\"e-con-inner\">\n\t\t<div class=\"elementor-element elementor-element-8718eb7 e-con-full e-flex e-con e-child\" data-id=\"8718eb7\" data-element_type=\"container\" data-settings=\"{&quot;_ha_eqh_enable&quot;:false,&quot;ekit_has_onepagescroll_dot&quot;:&quot;yes&quot;}\">\n\t\t\t\t<div class=\"elementor-element elementor-element-81d24c0 elementor-invisible elementor-widget elementor-widget-heading\" data-id=\"81d24c0\" data-element_type=\"widget\" data-settings=\"{&quot;_animation&quot;:&quot;slideInLeft&quot;,&quot;ekit_we_effect_on&quot;:&quot;none&quot;}\" data-widget_type=\"heading.default\">\n\t\t\t\t<div class=\"elementor-widget-container\">\n\t\t\t<h2 class=\"elementor-heading-title elementor-size-default\">Kritik Hasta \u00c7ocuklar \u0130\u00e7in Pediatrik Hava Ambulans\u0131<\/h2>\t\t<\/div>\n\t\t\t\t<\/div>\n\t\t\t\t<div class=\"elementor-element elementor-element-c10966e animated-slow elementor-invisible elementor-widget elementor-widget-text-editor\" data-id=\"c10966e\" data-element_type=\"widget\" data-settings=\"{&quot;_animation&quot;:&quot;slideInLeft&quot;,&quot;ekit_we_effect_on&quot;:&quot;none&quot;}\" data-widget_type=\"text-editor.default\">\n\t\t\t\t<div class=\"elementor-widget-container\">\n\t\t\t\t\t\t\t<p data-start=\"901\" data-end=\"1158\">Ambulans Flight, kritik veya karma\u015f\u0131k t\u0131bbi durumlar\u0131 olan bebekler ve \u00e7ocuklar i\u00e7in pediatrik hava ambulanslar\u0131 i\u015fletmektedir. U\u00e7aklar\u0131m\u0131z, pediatrik spesifik ventilasyon, ila\u00e7 dozlama ve izleme deste\u011fi sa\u011flayacak \u015fekilde konfig\u00fcre edilmi\u015ftir. S\u00fcrekli t\u0131bbi g\u00f6zetimle, acil veya \u00f6zel bak\u0131ma ihtiya\u00e7 duyan \u00e7ocuklar i\u00e7in g\u00fcvenli pediatrik t\u0131bbi nakil sa\u011fl\u0131yoruz.  <\/p>\t\t\t\t\t\t<\/div>\n\t\t\t\t<\/div>\n\t\t\t\t<div class=\"elementor-element elementor-element-84d4e78 elementor-mobile-align-justify elementor-widget-mobile__width-inherit elementor-widget elementor-widget-button\" data-id=\"84d4e78\" data-element_type=\"widget\" data-settings=\"{&quot;ekit_we_effect_on&quot;:&quot;none&quot;}\" data-widget_type=\"button.default\">\n\t\t\t\t<div class=\"elementor-widget-container\">\n\t\t\t\t\t<div class=\"elementor-button-wrapper\">\n\t\t\t<a class=\"elementor-button elementor-button-link elementor-size-sm\" href=\"#\">\n\t\t\t\t\t\t<span class=\"elementor-button-content-wrapper\">\n\t\t\t\t\t\t\t\t\t<span class=\"elementor-button-text\">Bir teklif iste\u011fi<\/span>\n\t\t\t\t\t<\/span>\n\t\t\t\t\t<\/a>\n\t\t<\/div>\n\t\t\t\t<\/div>\n\t\t\t\t<\/div>\n\t\t\t\t<\/div>\n\t\t<div class=\"elementor-element elementor-element-9c13d9b e-con-full e-flex e-con e-child\" data-id=\"9c13d9b\" data-element_type=\"container\" data-settings=\"{&quot;_ha_eqh_enable&quot;:false,&quot;ekit_has_onepagescroll_dot&quot;:&quot;yes&quot;}\">\n\t\t\t\t<div class=\"elementor-element elementor-element-c904c1a elementor-invisible elementor-widget elementor-widget-image\" data-id=\"c904c1a\" data-element_type=\"widget\" data-settings=\"{&quot;_animation&quot;:&quot;slideInDown&quot;,&quot;ekit_we_effect_on&quot;:&quot;none&quot;}\" data-widget_type=\"image.default\">\n\t\t\t\t<div class=\"elementor-widget-container\">\n\t\t\t\t\t\t\t\t\t\t\t\t\t<img decoding=\"async\" width=\"300\" height=\"300\" src=\"https:\/\/ambulanceflight.com\/wp-content\/uploads\/2025\/12\/critical-children-Air-Ambulance-Service.jpg\" class=\"attachment-full size-full wp-image-1336\" alt=\"\" srcset=\"https:\/\/ambulanceflight.com\/wp-content\/uploads\/2025\/12\/critical-children-Air-Ambulance-Service.jpg 300w, https:\/\/ambulanceflight.com\/wp-content\/uploads\/2025\/12\/critical-children-Air-Ambulance-Service-150x150.jpg 150w\" sizes=\"(max-width: 300px) 100vw, 300px\" \/>\t\t\t\t\t\t\t\t\t\t\t\t\t<\/div>\n\t\t\t\t<\/div>\n\t\t\t\t<\/div>\n\t\t\t\t\t<\/div>\n\t\t\t\t<\/div>\n\t\t<div class=\"elementor-element elementor-element-1388383 e-flex e-con-boxed e-con e-parent\" data-id=\"1388383\" data-element_type=\"container\" data-settings=\"{&quot;background_background&quot;:&quot;classic&quot;,&quot;_ha_eqh_enable&quot;:false,&quot;ekit_has_onepagescroll_dot&quot;:&quot;yes&quot;}\">\n\t\t\t\t\t<div class=\"e-con-inner\">\n\t\t<div class=\"elementor-element elementor-element-eaad0c7 e-con-full e-flex e-con e-child\" data-id=\"eaad0c7\" data-element_type=\"container\" data-settings=\"{&quot;_ha_eqh_enable&quot;:false,&quot;ekit_has_onepagescroll_dot&quot;:&quot;yes&quot;}\">\n\t\t\t\t<div class=\"elementor-element elementor-element-f6cd321 elementor-invisible elementor-widget elementor-widget-heading\" data-id=\"f6cd321\" data-element_type=\"widget\" data-settings=\"{&quot;_animation&quot;:&quot;slideInLeft&quot;,&quot;ekit_we_effect_on&quot;:&quot;none&quot;}\" data-widget_type=\"heading.default\">\n\t\t\t\t<div class=\"elementor-widget-container\">\n\t\t\t<h2 class=\"elementor-heading-title elementor-size-default\">Y\u00fcksek Uzmanla\u015fm\u0131\u015f Pediatrik ve Yenido\u011fan T\u0131bbi Ekipleri<\/h2>\t\t<\/div>\n\t\t\t\t<\/div>\n\t\t\t\t<div class=\"elementor-element elementor-element-253ee07 animated-slow elementor-invisible elementor-widget elementor-widget-text-editor\" data-id=\"253ee07\" data-element_type=\"widget\" data-settings=\"{&quot;_animation&quot;:&quot;slideInLeft&quot;,&quot;ekit_we_effect_on&quot;:&quot;none&quot;}\" data-widget_type=\"text-editor.default\">\n\t\t\t\t<div class=\"elementor-widget-container\">\n\t\t\t\t\t\t\t<p data-start=\"615\" data-end=\"860\">Her pediatrik ve yenido\u011fan transferi, sertifikal\u0131 \u00e7ocuk doktorlar\u0131, neonatolog uzmanlar\u0131, \u00e7ocuk yo\u011fun bak\u0131m hem\u015fireleri ve solunum uzmanlar\u0131 taraf\u0131ndan y\u00f6netilir. T\u0131bbi ekiplerimiz, k\u0131r\u0131lgan hastalara, h\u0131zl\u0131 fizyolojik de\u011fi\u015fikliklere ve u\u00e7u\u015f s\u0131ras\u0131nda acil m\u00fcdahalelere kar\u015f\u0131 e\u011fitim almaktad\u0131r. Uzmanl\u0131klar\u0131, t\u00fcm ula\u015f\u0131m boyunca s\u00fcrekli ve ya\u015fa uygun t\u0131bbi bak\u0131m sa\u011flar.  <\/p>\t\t\t\t\t\t<\/div>\n\t\t\t\t<\/div>\n\t\t\t\t<div class=\"elementor-element elementor-element-d19d6a0 elementor-tablet-align-center elementor-mobile-align-justify elementor-widget-mobile__width-inherit elementor-widget elementor-widget-button\" data-id=\"d19d6a0\" data-element_type=\"widget\" data-settings=\"{&quot;ekit_we_effect_on&quot;:&quot;none&quot;}\" data-widget_type=\"button.default\">\n\t\t\t\t<div class=\"elementor-widget-container\">\n\t\t\t\t\t<div class=\"elementor-button-wrapper\">\n\t\t\t<a class=\"elementor-button elementor-button-link elementor-size-sm\" href=\"#\">\n\t\t\t\t\t\t<span class=\"elementor-button-content-wrapper\">\n\t\t\t\t\t\t\t\t\t<span class=\"elementor-button-text\">Bir teklif iste\u011fi<\/span>\n\t\t\t\t\t<\/span>\n\t\t\t\t\t<\/a>\n\t\t<\/div>\n\t\t\t\t<\/div>\n\t\t\t\t<\/div>\n\t\t\t\t<\/div>\n\t\t<div class=\"elementor-element elementor-element-e272582 e-con-full e-flex e-con e-child\" data-id=\"e272582\" data-element_type=\"container\" data-settings=\"{&quot;_ha_eqh_enable&quot;:false,&quot;ekit_has_onepagescroll_dot&quot;:&quot;yes&quot;}\">\n\t\t\t\t<div class=\"elementor-element elementor-element-5f4360d elementor-invisible elementor-widget elementor-widget-image\" data-id=\"5f4360d\" data-element_type=\"widget\" data-settings=\"{&quot;_animation&quot;:&quot;slideInDown&quot;,&quot;ekit_we_effect_on&quot;:&quot;none&quot;}\" data-widget_type=\"image.default\">\n\t\t\t\t<div class=\"elementor-widget-container\">\n\t\t\t\t\t\t\t\t\t\t\t\t\t<img decoding=\"async\" width=\"700\" height=\"500\" src=\"https:\/\/ambulanceflight.com\/wp-content\/uploads\/2025\/12\/Air-Ambulance-Service-Mahipalpur-Delhi-Jyoti-Ambulance-medical-transportation-by-train-Jyoti_-1.jpg\" class=\"attachment-full size-full wp-image-1337\" alt=\"\" srcset=\"https:\/\/ambulanceflight.com\/wp-content\/uploads\/2025\/12\/Air-Ambulance-Service-Mahipalpur-Delhi-Jyoti-Ambulance-medical-transportation-by-train-Jyoti_-1.jpg 700w, https:\/\/ambulanceflight.com\/wp-content\/uploads\/2025\/12\/Air-Ambulance-Service-Mahipalpur-Delhi-Jyoti-Ambulance-medical-transportation-by-train-Jyoti_-1-300x214.jpg 300w\" sizes=\"(max-width: 700px) 100vw, 700px\" \/>\t\t\t\t\t\t\t\t\t\t\t\t\t<\/div>\n\t\t\t\t<\/div>\n\t\t\t\t<\/div>\n\t\t\t\t\t<\/div>\n\t\t\t\t<\/div>\n\t\t<div class=\"elementor-element elementor-element-bd81d93 e-flex e-con-boxed e-con e-parent\" data-id=\"bd81d93\" data-element_type=\"container\" data-settings=\"{&quot;background_background&quot;:&quot;classic&quot;,&quot;_ha_eqh_enable&quot;:false,&quot;ekit_has_onepagescroll_dot&quot;:&quot;yes&quot;}\">\n\t\t\t\t\t<div class=\"e-con-inner\">\n\t\t<div class=\"elementor-element elementor-element-328475e e-con-full e-flex e-con e-child\" data-id=\"328475e\" data-element_type=\"container\" data-settings=\"{&quot;_ha_eqh_enable&quot;:false,&quot;ekit_has_onepagescroll_dot&quot;:&quot;yes&quot;}\">\n\t\t\t\t<div class=\"elementor-element elementor-element-f53914f elementor-invisible elementor-widget elementor-widget-heading\" data-id=\"f53914f\" data-element_type=\"widget\" data-settings=\"{&quot;_animation&quot;:&quot;slideInLeft&quot;,&quot;ekit_we_effect_on&quot;:&quot;none&quot;}\" data-widget_type=\"heading.default\">\n\t\t\t\t<div class=\"elementor-widget-container\">\n\t\t\t<h2 class=\"elementor-heading-title elementor-size-default\">Uluslararas\u0131 Pediatrik ve Yenido\u011fan T\u0131bbi Transferleri<\/h2>\t\t<\/div>\n\t\t\t\t<\/div>\n\t\t\t\t<div class=\"elementor-element elementor-element-cc76981 animated-slow elementor-invisible elementor-widget elementor-widget-text-editor\" data-id=\"cc76981\" data-element_type=\"widget\" data-settings=\"{&quot;_animation&quot;:&quot;slideInLeft&quot;,&quot;ekit_we_effect_on&quot;:&quot;none&quot;}\" data-widget_type=\"text-editor.default\">\n\t\t\t\t<div class=\"elementor-widget-container\">\n\t\t\t\t\t\t\t<p data-start=\"1530\" data-end=\"1780\">K\u00fcresel operasyonel yetenekle Ambulans Flight, s\u0131n\u0131rlar ve k\u0131talar aras\u0131nda uluslararas\u0131 pediatrik ve yenido\u011fan transferlerini koordine etmektedir. H\u0131zl\u0131, uyumlu ve sorunsuz transferler i\u00e7in t\u0131bbi izinleri, hastane koordinasyonunu, u\u00e7u\u015f planlamas\u0131n\u0131 ve d\u00fczenleyici onaylar\u0131 y\u00f6netiyoruz. \u00c7ocuk nerede olursa olsun, d\u00fcnya \u00e7ap\u0131nda \u00f6zel pediatrik bak\u0131ma g\u00fcvenli eri\u015fim sa\u011fl\u0131yoruz.  <\/p>\t\t\t\t\t\t<\/div>\n\t\t\t\t<\/div>\n\t\t\t\t<div class=\"elementor-element elementor-element-c5d07bf elementor-mobile-align-justify elementor-widget-mobile__width-inherit elementor-widget elementor-widget-button\" data-id=\"c5d07bf\" data-element_type=\"widget\" data-settings=\"{&quot;ekit_we_effect_on&quot;:&quot;none&quot;}\" data-widget_type=\"button.default\">\n\t\t\t\t<div class=\"elementor-widget-container\">\n\t\t\t\t\t<div class=\"elementor-button-wrapper\">\n\t\t\t<a class=\"elementor-button elementor-button-link elementor-size-sm\" href=\"#\">\n\t\t\t\t\t\t<span class=\"elementor-button-content-wrapper\">\n\t\t\t\t\t\t\t\t\t<span class=\"elementor-button-text\">Bir teklif iste\u011fi<\/span>\n\t\t\t\t\t<\/span>\n\t\t\t\t\t<\/a>\n\t\t<\/div>\n\t\t\t\t<\/div>\n\t\t\t\t<\/div>\n\t\t\t\t<\/div>\n\t\t<div class=\"elementor-element elementor-element-134f9a3 e-con-full e-flex e-con e-child\" data-id=\"134f9a3\" data-element_type=\"container\" data-settings=\"{&quot;_ha_eqh_enable&quot;:false,&quot;ekit_has_onepagescroll_dot&quot;:&quot;yes&quot;}\">\n\t\t\t\t<div class=\"elementor-element elementor-element-92f2ce8 elementor-invisible elementor-widget elementor-widget-image\" data-id=\"92f2ce8\" data-element_type=\"widget\" data-settings=\"{&quot;_animation&quot;:&quot;slideInDown&quot;,&quot;ekit_we_effect_on&quot;:&quot;none&quot;}\" data-widget_type=\"image.default\">\n\t\t\t\t<div class=\"elementor-widget-container\">\n\t\t\t\t\t\t\t\t\t\t\t\t\t<img loading=\"lazy\" decoding=\"async\" width=\"736\" height=\"981\" src=\"https:\/\/ambulanceflight.com\/wp-content\/uploads\/2025\/12\/neonatal-et-pediatric-transfer.jpg\" class=\"attachment-full size-full wp-image-1099\" alt=\"\" srcset=\"https:\/\/ambulanceflight.com\/wp-content\/uploads\/2025\/12\/neonatal-et-pediatric-transfer.jpg 736w, https:\/\/ambulanceflight.com\/wp-content\/uploads\/2025\/12\/neonatal-et-pediatric-transfer-225x300.jpg 225w\" sizes=\"(max-width: 736px) 100vw, 736px\" \/>\t\t\t\t\t\t\t\t\t\t\t\t\t<\/div>\n\t\t\t\t<\/div>\n\t\t\t\t<\/div>\n\t\t\t\t\t<\/div>\n\t\t\t\t<\/div>\n\t\t<div class=\"elementor-element elementor-element-193d9f7 e-flex e-con-boxed e-con e-parent\" data-id=\"193d9f7\" data-element_type=\"container\" data-settings=\"{&quot;background_background&quot;:&quot;classic&quot;,&quot;_ha_eqh_enable&quot;:false,&quot;ekit_has_onepagescroll_dot&quot;:&quot;yes&quot;}\">\n\t\t\t\t\t<div class=\"e-con-inner\">\n\t\t<div class=\"elementor-element elementor-element-ad5ae10 e-con-full e-flex e-con e-child\" data-id=\"ad5ae10\" data-element_type=\"container\" data-settings=\"{&quot;_ha_eqh_enable&quot;:false,&quot;ekit_has_onepagescroll_dot&quot;:&quot;yes&quot;}\">\n\t\t\t\t<div class=\"elementor-element elementor-element-551f4bc elementor-invisible elementor-widget elementor-widget-heading\" data-id=\"551f4bc\" data-element_type=\"widget\" data-settings=\"{&quot;_animation&quot;:&quot;slideInLeft&quot;,&quot;ekit_we_effect_on&quot;:&quot;none&quot;}\" data-widget_type=\"heading.default\">\n\t\t\t\t<div class=\"elementor-widget-container\">\n\t\t\t<h2 class=\"elementor-heading-title elementor-size-default\">Yataktan Yata\u011fa Pediatrik ve Yenido\u011fan Nakliji \u2013 7\/24<\/h2>\t\t<\/div>\n\t\t\t\t<\/div>\n\t\t\t\t<div class=\"elementor-element elementor-element-9815e0c animated-slow elementor-invisible elementor-widget elementor-widget-text-editor\" data-id=\"9815e0c\" data-element_type=\"widget\" data-settings=\"{&quot;_animation&quot;:&quot;slideInLeft&quot;,&quot;ekit_we_effect_on&quot;:&quot;none&quot;}\" data-widget_type=\"text-editor.default\">\n\t\t\t\t<div class=\"elementor-widget-container\">\n\t\t\t\t\t\t\t<p data-start=\"1834\" data-end=\"2090\">Yataktan yata\u011fa pediatrik ve yenido\u011fan transfer hizmetimiz, yer ambulans\u0131 ta\u015f\u0131mas\u0131, t\u0131bbi hava u\u00e7u\u015fu ve do\u011frudan hastane ekibine teslim etmeyi i\u00e7ermektedir. 7\/24 operasyon merkezimizin deste\u011fiyle, bu kapsaml\u0131 yakla\u015f\u0131m kesintisiz bak\u0131m, minimum transfer s\u00fcresi ve son derece hassas durumlarda aileler i\u00e7in i\u00e7sel huzur sa\u011flar. <\/p>\t\t\t\t\t\t<\/div>\n\t\t\t\t<\/div>\n\t\t\t\t<div class=\"elementor-element elementor-element-fd8cc06 elementor-tablet-align-center elementor-mobile-align-justify elementor-widget-mobile__width-inherit elementor-widget elementor-widget-button\" data-id=\"fd8cc06\" data-element_type=\"widget\" data-settings=\"{&quot;ekit_we_effect_on&quot;:&quot;none&quot;}\" data-widget_type=\"button.default\">\n\t\t\t\t<div class=\"elementor-widget-container\">\n\t\t\t\t\t<div class=\"elementor-button-wrapper\">\n\t\t\t<a class=\"elementor-button elementor-button-link elementor-size-sm\" href=\"#\">\n\t\t\t\t\t\t<span class=\"elementor-button-content-wrapper\">\n\t\t\t\t\t\t\t\t\t<span class=\"elementor-button-text\">Bir teklif iste\u011fi<\/span>\n\t\t\t\t\t<\/span>\n\t\t\t\t\t<\/a>\n\t\t<\/div>\n\t\t\t\t<\/div>\n\t\t\t\t<\/div>\n\t\t\t\t<\/div>\n\t\t<div class=\"elementor-element elementor-element-fabc253 e-con-full e-flex e-con e-child\" data-id=\"fabc253\" data-element_type=\"container\" data-settings=\"{&quot;_ha_eqh_enable&quot;:false,&quot;ekit_has_onepagescroll_dot&quot;:&quot;yes&quot;}\">\n\t\t\t\t<div class=\"elementor-element elementor-element-4d40e69 elementor-invisible elementor-widget elementor-widget-image\" data-id=\"4d40e69\" data-element_type=\"widget\" data-settings=\"{&quot;_animation&quot;:&quot;slideInDown&quot;,&quot;ekit_we_effect_on&quot;:&quot;none&quot;}\" data-widget_type=\"image.default\">\n\t\t\t\t<div class=\"elementor-widget-container\">\n\t\t\t\t\t\t\t\t\t\t\t\t\t<img loading=\"lazy\" decoding=\"async\" width=\"724\" height=\"460\" src=\"https:\/\/ambulanceflight.com\/wp-content\/uploads\/2025\/12\/4-copie-3.jpg\" class=\"attachment-full size-full wp-image-1338\" alt=\"\" srcset=\"https:\/\/ambulanceflight.com\/wp-content\/uploads\/2025\/12\/4-copie-3.jpg 724w, https:\/\/ambulanceflight.com\/wp-content\/uploads\/2025\/12\/4-copie-3-300x191.jpg 300w\" sizes=\"(max-width: 724px) 100vw, 724px\" \/>\t\t\t\t\t\t\t\t\t\t\t\t\t<\/div>\n\t\t\t\t<\/div>\n\t\t\t\t<\/div>\n\t\t\t\t\t<\/div>\n\t\t\t\t<\/div>\n\t\t\t\t<\/div>\n\t\t","protected":false},"excerpt":{"rendered":"<p>Pediatrik ve Yenido\u011fan Transferi D\u00fcnya \u00c7ap\u0131nda Uzmanla\u015fm\u0131\u015f Pediatrik ve Yenido\u011fan Hava Ambulans\u0131 Hizmetleri Ambulans Flight, d\u00fcnya \u00e7ap\u0131nda \u00f6zel pediatrik ve yenido\u011fan transfer hizmetleri sunarak hava ta\u015f\u0131mac\u0131l\u0131\u011f\u0131 s\u0131ras\u0131nda yenido\u011fanlar, bebekler ve \u00e7ocuklar i\u00e7in en y\u00fcksek d\u00fczeyde t\u0131bbi bak\u0131m sa\u011flanmaktad\u0131r. Pediatrik ve yenido\u011fan hava ambulanslar\u0131m\u0131z, geli\u015fmi\u015f ya\u015fam destek sistemleriyle donat\u0131lm\u0131\u015ft\u0131r ve y\u00fcksek e\u011fitimli t\u0131bbi ekipler taraf\u0131ndan i\u015fletilmektedir. [&hellip;]<\/p>\n","protected":false},"author":1,"featured_media":0,"parent":492,"menu_order":0,"comment_status":"closed","ping_status":"closed","template":"elementor_header_footer","meta":{"footnotes":""},"class_list":["post-1029","page","type-page","status-publish","hentry"],"_links":{"self":[{"href":"https:\/\/ambulanceflight.com\/tr\/wp-json\/wp\/v2\/pages\/1029","targetHints":{"allow":["GET"]}}],"collection":[{"href":"https:\/\/ambulanceflight.com\/tr\/wp-json\/wp\/v2\/pages"}],"about":[{"href":"https:\/\/ambulanceflight.com\/tr\/wp-json\/wp\/v2\/types\/page"}],"author":[{"embeddable":true,"href":"https:\/\/ambulanceflight.com\/tr\/wp-json\/wp\/v2\/users\/1"}],"replies":[{"embeddable":true,"href":"https:\/\/ambulanceflight.com\/tr\/wp-json\/wp\/v2\/comments?post=1029"}],"version-history":[{"count":3,"href":"https:\/\/ambulanceflight.com\/tr\/wp-json\/wp\/v2\/pages\/1029\/revisions"}],"predecessor-version":[{"id":1340,"href":"https:\/\/ambulanceflight.com\/tr\/wp-json\/wp\/v2\/pages\/1029\/revisions\/1340"}],"up":[{"embeddable":true,"href":"https:\/\/ambulanceflight.com\/tr\/wp-json\/wp\/v2\/pages\/492"}],"wp:attachment":[{"href":"https:\/\/ambulanceflight.com\/tr\/wp-json\/wp\/v2\/media?parent=1029"}],"curies":[{"name":"wp","href":"https:\/\/api.w.org\/{rel}","templated":true}]}}