{"id":1007,"date":"2025-11-17T19:49:27","date_gmt":"2025-11-17T19:49:27","guid":{"rendered":"https:\/\/ambulanceflight.com\/hizmetlerimiz\/tabut-ucuslari\/"},"modified":"2025-12-29T10:24:07","modified_gmt":"2025-12-29T10:24:07","slug":"tabut-ucuslari","status":"publish","type":"page","link":"https:\/\/ambulanceflight.com\/tr\/hizmetlerimiz\/tabut-ucuslari\/","title":{"rendered":"Tabut U\u00e7u\u015flar\u0131"},"content":{"rendered":"\t\t<div data-elementor-type=\"wp-page\" data-elementor-id=\"1007\" class=\"elementor elementor-1007 elementor-816\" data-elementor-settings=\"{&quot;ha_cmc_init_switcher&quot;:&quot;no&quot;}\" data-elementor-post-type=\"page\">\n\t\t\t\t<div class=\"elementor-element elementor-element-fd85f9f e-flex e-con-boxed e-con e-parent\" data-id=\"fd85f9f\" data-element_type=\"container\" data-settings=\"{&quot;background_background&quot;:&quot;classic&quot;,&quot;_ha_eqh_enable&quot;:false,&quot;ekit_has_onepagescroll_dot&quot;:&quot;yes&quot;}\">\n\t\t\t\t\t<div class=\"e-con-inner\">\n\t\t\t\t\t<\/div>\n\t\t\t\t<\/div>\n\t\t<div class=\"elementor-element elementor-element-c565c08 e-flex e-con-boxed e-con e-parent\" data-id=\"c565c08\" data-element_type=\"container\" data-settings=\"{&quot;background_background&quot;:&quot;classic&quot;,&quot;_ha_eqh_enable&quot;:false,&quot;ekit_has_onepagescroll_dot&quot;:&quot;yes&quot;}\">\n\t\t\t\t\t<div class=\"e-con-inner\">\n\t\t<div class=\"elementor-element elementor-element-0da1d81 e-con-full e-flex e-con e-child\" data-id=\"0da1d81\" data-element_type=\"container\" data-settings=\"{&quot;_ha_eqh_enable&quot;:false,&quot;ekit_has_onepagescroll_dot&quot;:&quot;yes&quot;}\">\n\t\t\t\t<div class=\"elementor-element elementor-element-79599bd elementor-invisible elementor-widget elementor-widget-heading\" data-id=\"79599bd\" data-element_type=\"widget\" data-settings=\"{&quot;_animation&quot;:&quot;slideInLeft&quot;,&quot;ekit_we_effect_on&quot;:&quot;none&quot;}\" data-widget_type=\"heading.default\">\n\t\t\t\t<div class=\"elementor-widget-container\">\n\t\t\t<h2 class=\"elementor-heading-title elementor-size-default\">Tabut U\u00e7u\u015flar\u0131<\/h2>\t\t<\/div>\n\t\t\t\t<\/div>\n\t\t\t\t<div class=\"elementor-element elementor-element-923d4d5 animated-slow elementor-invisible elementor-widget elementor-widget-text-editor\" data-id=\"923d4d5\" data-element_type=\"widget\" data-settings=\"{&quot;_animation&quot;:&quot;slideInLeft&quot;,&quot;ekit_we_effect_on&quot;:&quot;none&quot;}\" data-widget_type=\"text-editor.default\">\n\t\t\t\t<div class=\"elementor-widget-container\">\n\t\t\t\t\t\t\t<h3 data-start=\"244\" data-end=\"306\">Uluslararas\u0131 Tabut U\u00e7u\u015flar\u0131 ve D\u00fcnya \u00c7ap\u0131nda Vefat Edenlerin Geri G\u00f6nderilmesi<\/h3><p data-start=\"308\" data-end=\"570\">Ambulans Flight, <strong data-start=\"531\" data-end=\"601\">uluslararas\u0131 tabut u\u00e7u\u015flar\u0131 ve vefat edenlerin geri d\u00f6n\u00fc\u015f hizmetleri<\/strong> sunarak s\u0131n\u0131rlar \u00f6tesi onurlu, g\u00fcvenli ve tam uyumlu ula\u015f\u0131m sa\u011flar. \u0130nsan <strong data-start=\"691\" data-end=\"725\">kal\u0131nt\u0131lar\u0131n\u0131n hava yoluyla ta\u015f\u0131nmas\u0131n\u0131<\/strong> uluslararas\u0131 havac\u0131l\u0131k d\u00fczenlemeleri, sa\u011fl\u0131k gereksinimleri ve yerel otoriteler do\u011frultusunda y\u00f6netiyoruz. K\u00fcresel deneyim ve adanm\u0131\u015f bir koordinasyon ekibiyle, aileleri ve kurumlar\u0131 profesyonellik, gizlilik ve sayg\u0131yla geri d\u00f6n\u00fc\u015f s\u00fcrecinin her ad\u0131m\u0131n\u0131 y\u00f6neterek destekliyoruz.  <\/p>\t\t\t\t\t\t<\/div>\n\t\t\t\t<\/div>\n\t\t\t\t<\/div>\n\t\t\t\t\t<\/div>\n\t\t\t\t<\/div>\n\t\t<div class=\"elementor-element elementor-element-9e4ba0b e-flex e-con-boxed e-con e-parent\" data-id=\"9e4ba0b\" data-element_type=\"container\" data-settings=\"{&quot;background_background&quot;:&quot;classic&quot;,&quot;_ha_eqh_enable&quot;:false,&quot;ekit_has_onepagescroll_dot&quot;:&quot;yes&quot;}\">\n\t\t\t\t\t<div class=\"e-con-inner\">\n\t\t<div class=\"elementor-element elementor-element-74f6877 e-con-full e-flex e-con e-child\" data-id=\"74f6877\" data-element_type=\"container\" data-settings=\"{&quot;_ha_eqh_enable&quot;:false,&quot;ekit_has_onepagescroll_dot&quot;:&quot;yes&quot;}\">\n\t\t\t\t<div class=\"elementor-element elementor-element-0afc2dc elementor-invisible elementor-widget elementor-widget-heading\" data-id=\"0afc2dc\" data-element_type=\"widget\" data-settings=\"{&quot;_animation&quot;:&quot;slideInLeft&quot;,&quot;ekit_we_effect_on&quot;:&quot;none&quot;}\" data-widget_type=\"heading.default\">\n\t\t\t\t<div class=\"elementor-widget-container\">\n\t\t\t<h2 class=\"elementor-heading-title elementor-size-default\">Vefat edenlerin Hava Yoluyla Uluslararas\u0131 Geri G\u00f6nderilmesi<\/h2>\t\t<\/div>\n\t\t\t\t<\/div>\n\t\t\t\t<div class=\"elementor-element elementor-element-4166c87 animated-slow elementor-invisible elementor-widget elementor-widget-text-editor\" data-id=\"4166c87\" data-element_type=\"widget\" data-settings=\"{&quot;_animation&quot;:&quot;slideInLeft&quot;,&quot;ekit_we_effect_on&quot;:&quot;none&quot;}\" data-widget_type=\"text-editor.default\">\n\t\t\t\t<div class=\"elementor-widget-container\">\n\t\t\t\t\t\t\t<p data-start=\"615\" data-end=\"860\">Tabut u\u00e7u\u015f hizmetlerimiz, herhangi bir \u00fclkeden \u00f6len ki\u015filerin nihai var\u0131\u015f noktas\u0131na uluslararas\u0131 iadesini kolayla\u015ft\u0131rmak i\u00e7in tasarlanm\u0131\u015ft\u0131r. Mesafe veya konum fark etmeksizin zaman\u0131nda ve sayg\u0131l\u0131 bir transferi sa\u011flamak i\u00e7in hava ta\u015f\u0131mac\u0131l\u0131\u011f\u0131 lojisti\u011fi, u\u00e7u\u015f planlamas\u0131 ve var\u0131\u015f noktas\u0131 d\u00fczenlemelerini koordine ediyoruz. <\/p>\t\t\t\t\t\t<\/div>\n\t\t\t\t<\/div>\n\t\t\t\t<div class=\"elementor-element elementor-element-d18e233 elementor-tablet-align-center elementor-mobile-align-justify elementor-widget-mobile__width-inherit elementor-widget elementor-widget-button\" data-id=\"d18e233\" data-element_type=\"widget\" data-settings=\"{&quot;ekit_we_effect_on&quot;:&quot;none&quot;}\" data-widget_type=\"button.default\">\n\t\t\t\t<div class=\"elementor-widget-container\">\n\t\t\t\t\t<div class=\"elementor-button-wrapper\">\n\t\t\t<a class=\"elementor-button elementor-button-link elementor-size-sm\" href=\"#\">\n\t\t\t\t\t\t<span class=\"elementor-button-content-wrapper\">\n\t\t\t\t\t\t\t\t\t<span class=\"elementor-button-text\">Bir teklif iste\u011fi<\/span>\n\t\t\t\t\t<\/span>\n\t\t\t\t\t<\/a>\n\t\t<\/div>\n\t\t\t\t<\/div>\n\t\t\t\t<\/div>\n\t\t\t\t<\/div>\n\t\t<div class=\"elementor-element elementor-element-32701b4 e-con-full e-flex e-con e-child\" data-id=\"32701b4\" data-element_type=\"container\" data-settings=\"{&quot;_ha_eqh_enable&quot;:false,&quot;ekit_has_onepagescroll_dot&quot;:&quot;yes&quot;}\">\n\t\t\t\t<div class=\"elementor-element elementor-element-4eaf715 elementor-invisible elementor-widget elementor-widget-image\" data-id=\"4eaf715\" data-element_type=\"widget\" data-settings=\"{&quot;_animation&quot;:&quot;slideInDown&quot;,&quot;ekit_we_effect_on&quot;:&quot;none&quot;}\" data-widget_type=\"image.default\">\n\t\t\t\t<div class=\"elementor-widget-container\">\n\t\t\t\t\t\t\t\t\t\t\t\t\t<img fetchpriority=\"high\" decoding=\"async\" width=\"1024\" height=\"1536\" src=\"https:\/\/ambulanceflight.com\/wp-content\/uploads\/2025\/12\/coffin-flight-1.png\" class=\"attachment-full size-full wp-image-1272\" alt=\"\" srcset=\"https:\/\/ambulanceflight.com\/wp-content\/uploads\/2025\/12\/coffin-flight-1.png 1024w, https:\/\/ambulanceflight.com\/wp-content\/uploads\/2025\/12\/coffin-flight-1-200x300.png 200w, https:\/\/ambulanceflight.com\/wp-content\/uploads\/2025\/12\/coffin-flight-1-683x1024.png 683w, https:\/\/ambulanceflight.com\/wp-content\/uploads\/2025\/12\/coffin-flight-1-768x1152.png 768w\" sizes=\"(max-width: 1024px) 100vw, 1024px\" \/>\t\t\t\t\t\t\t\t\t\t\t\t\t<\/div>\n\t\t\t\t<\/div>\n\t\t\t\t<\/div>\n\t\t\t\t\t<\/div>\n\t\t\t\t<\/div>\n\t\t<div class=\"elementor-element elementor-element-5c71d6e e-flex e-con-boxed e-con e-parent\" data-id=\"5c71d6e\" data-element_type=\"container\" data-settings=\"{&quot;background_background&quot;:&quot;classic&quot;,&quot;_ha_eqh_enable&quot;:false,&quot;ekit_has_onepagescroll_dot&quot;:&quot;yes&quot;}\">\n\t\t\t\t\t<div class=\"e-con-inner\">\n\t\t<div class=\"elementor-element elementor-element-8718eb7 e-con-full e-flex e-con e-child\" data-id=\"8718eb7\" data-element_type=\"container\" data-settings=\"{&quot;_ha_eqh_enable&quot;:false,&quot;ekit_has_onepagescroll_dot&quot;:&quot;yes&quot;}\">\n\t\t\t\t<div class=\"elementor-element elementor-element-81d24c0 elementor-invisible elementor-widget elementor-widget-heading\" data-id=\"81d24c0\" data-element_type=\"widget\" data-settings=\"{&quot;_animation&quot;:&quot;slideInLeft&quot;,&quot;ekit_we_effect_on&quot;:&quot;none&quot;}\" data-widget_type=\"heading.default\">\n\t\t\t\t<div class=\"elementor-widget-container\">\n\t\t\t<h2 class=\"elementor-heading-title elementor-size-default\">Uluslararas\u0131 D\u00fczenlemeler ve Standartlara Uyum<\/h2>\t\t<\/div>\n\t\t\t\t<\/div>\n\t\t\t\t<div class=\"elementor-element elementor-element-c10966e animated-slow elementor-invisible elementor-widget elementor-widget-text-editor\" data-id=\"c10966e\" data-element_type=\"widget\" data-settings=\"{&quot;_animation&quot;:&quot;slideInLeft&quot;,&quot;ekit_we_effect_on&quot;:&quot;none&quot;}\" data-widget_type=\"text-editor.default\">\n\t\t\t\t<div class=\"elementor-widget-container\">\n\t\t\t\t\t\t\t<p data-start=\"901\" data-end=\"1158\">\u0130nsan kal\u0131nt\u0131lar\u0131n\u0131n uluslararas\u0131 olarak ta\u015f\u0131nmas\u0131, d\u00fczenlemelere s\u0131k\u0131 uyum gerektirir. Ambulans U\u00e7u\u015fu, IATA standartlar\u0131, halk sa\u011fl\u0131\u011f\u0131 d\u00fczenlemeleri, b\u00fcy\u00fckel\u00e7ilik gereksinimleri ve havayolu politikalar\u0131na tam uyumu sa\u011flar. \u00d6l\u00fcm belgeleri, mumyalama belgeleri, izinler ve g\u00fcmr\u00fck belgeleri dahil t\u00fcm zorunlu belgeleri y\u00f6netiyoruz; b\u00f6ylece tabut ta\u015f\u0131nmas\u0131n\u0131n sorunsuz ve yasal olmas\u0131n\u0131 garanti ediyoruz.  <\/p>\t\t\t\t\t\t<\/div>\n\t\t\t\t<\/div>\n\t\t\t\t<div class=\"elementor-element elementor-element-84d4e78 elementor-mobile-align-justify elementor-widget-mobile__width-inherit elementor-widget elementor-widget-button\" data-id=\"84d4e78\" data-element_type=\"widget\" data-settings=\"{&quot;ekit_we_effect_on&quot;:&quot;none&quot;}\" data-widget_type=\"button.default\">\n\t\t\t\t<div class=\"elementor-widget-container\">\n\t\t\t\t\t<div class=\"elementor-button-wrapper\">\n\t\t\t<a class=\"elementor-button elementor-button-link elementor-size-sm\" href=\"#\">\n\t\t\t\t\t\t<span class=\"elementor-button-content-wrapper\">\n\t\t\t\t\t\t\t\t\t<span class=\"elementor-button-text\">Bir teklif iste\u011fi<\/span>\n\t\t\t\t\t<\/span>\n\t\t\t\t\t<\/a>\n\t\t<\/div>\n\t\t\t\t<\/div>\n\t\t\t\t<\/div>\n\t\t\t\t<\/div>\n\t\t<div class=\"elementor-element elementor-element-9c13d9b e-con-full e-flex e-con e-child\" data-id=\"9c13d9b\" data-element_type=\"container\" data-settings=\"{&quot;_ha_eqh_enable&quot;:false,&quot;ekit_has_onepagescroll_dot&quot;:&quot;yes&quot;}\">\n\t\t\t\t<div class=\"elementor-element elementor-element-c904c1a elementor-invisible elementor-widget elementor-widget-image\" data-id=\"c904c1a\" data-element_type=\"widget\" data-settings=\"{&quot;_animation&quot;:&quot;slideInDown&quot;,&quot;ekit_we_effect_on&quot;:&quot;none&quot;}\" data-widget_type=\"image.default\">\n\t\t\t\t<div class=\"elementor-widget-container\">\n\t\t\t\t\t\t\t\t\t\t\t\t\t<img decoding=\"async\" width=\"1536\" height=\"1024\" src=\"https:\/\/ambulanceflight.com\/wp-content\/uploads\/2025\/12\/worldwide-coverage.png\" class=\"attachment-full size-full wp-image-1118\" alt=\"\" srcset=\"https:\/\/ambulanceflight.com\/wp-content\/uploads\/2025\/12\/worldwide-coverage.png 1536w, https:\/\/ambulanceflight.com\/wp-content\/uploads\/2025\/12\/worldwide-coverage-300x200.png 300w, https:\/\/ambulanceflight.com\/wp-content\/uploads\/2025\/12\/worldwide-coverage-1024x683.png 1024w, https:\/\/ambulanceflight.com\/wp-content\/uploads\/2025\/12\/worldwide-coverage-768x512.png 768w\" sizes=\"(max-width: 1536px) 100vw, 1536px\" \/>\t\t\t\t\t\t\t\t\t\t\t\t\t<\/div>\n\t\t\t\t<\/div>\n\t\t\t\t<\/div>\n\t\t\t\t\t<\/div>\n\t\t\t\t<\/div>\n\t\t<div class=\"elementor-element elementor-element-1388383 e-flex e-con-boxed e-con e-parent\" data-id=\"1388383\" data-element_type=\"container\" data-settings=\"{&quot;background_background&quot;:&quot;classic&quot;,&quot;_ha_eqh_enable&quot;:false,&quot;ekit_has_onepagescroll_dot&quot;:&quot;yes&quot;}\">\n\t\t\t\t\t<div class=\"e-con-inner\">\n\t\t<div class=\"elementor-element elementor-element-eaad0c7 e-con-full e-flex e-con e-child\" data-id=\"eaad0c7\" data-element_type=\"container\" data-settings=\"{&quot;_ha_eqh_enable&quot;:false,&quot;ekit_has_onepagescroll_dot&quot;:&quot;yes&quot;}\">\n\t\t\t\t<div class=\"elementor-element elementor-element-f6cd321 elementor-invisible elementor-widget elementor-widget-heading\" data-id=\"f6cd321\" data-element_type=\"widget\" data-settings=\"{&quot;_animation&quot;:&quot;slideInLeft&quot;,&quot;ekit_we_effect_on&quot;:&quot;none&quot;}\" data-widget_type=\"heading.default\">\n\t\t\t\t<div class=\"elementor-widget-container\">\n\t\t\t<h2 class=\"elementor-heading-title elementor-size-default\">Yetkililer, Havayollar\u0131 ve Cenaze Hizmetleri ile Koordinasyon<\/h2>\t\t<\/div>\n\t\t\t\t<\/div>\n\t\t\t\t<div class=\"elementor-element elementor-element-253ee07 animated-slow elementor-invisible elementor-widget elementor-widget-text-editor\" data-id=\"253ee07\" data-element_type=\"widget\" data-settings=\"{&quot;_animation&quot;:&quot;slideInLeft&quot;,&quot;ekit_we_effect_on&quot;:&quot;none&quot;}\" data-widget_type=\"text-editor.default\">\n\t\t\t\t<div class=\"elementor-widget-container\">\n\t\t\t\t\t\t\t<p data-start=\"615\" data-end=\"860\">Tabut u\u00e7u\u015fu s\u00fcrecinde kesintisiz koordinasyonu sa\u011flamak i\u00e7in b\u00fcy\u00fckel\u00e7ilikler, konsolosluklar, havayollar\u0131, yerel otoriteler ve cenaze hizmetleri sa\u011flay\u0131c\u0131lar\u0131yla yak\u0131n i\u015f birli\u011fi yap\u0131yoruz. Bu \u00e7ok tarafl\u0131 i\u015f birli\u011fi, lojistik ve idari karma\u015f\u0131kl\u0131klar\u0131 verimli bir \u015fekilde y\u00f6netmemizi sa\u011flarken, aileler i\u00e7in gecikmeleri ve stresi en aza indirememizi sa\u011fl\u0131yor. <\/p>\t\t\t\t\t\t<\/div>\n\t\t\t\t<\/div>\n\t\t\t\t<div class=\"elementor-element elementor-element-d19d6a0 elementor-tablet-align-center elementor-mobile-align-justify elementor-widget-mobile__width-inherit elementor-widget elementor-widget-button\" data-id=\"d19d6a0\" data-element_type=\"widget\" data-settings=\"{&quot;ekit_we_effect_on&quot;:&quot;none&quot;}\" data-widget_type=\"button.default\">\n\t\t\t\t<div class=\"elementor-widget-container\">\n\t\t\t\t\t<div class=\"elementor-button-wrapper\">\n\t\t\t<a class=\"elementor-button elementor-button-link elementor-size-sm\" href=\"#\">\n\t\t\t\t\t\t<span class=\"elementor-button-content-wrapper\">\n\t\t\t\t\t\t\t\t\t<span class=\"elementor-button-text\">Bir teklif iste\u011fi<\/span>\n\t\t\t\t\t<\/span>\n\t\t\t\t\t<\/a>\n\t\t<\/div>\n\t\t\t\t<\/div>\n\t\t\t\t<\/div>\n\t\t\t\t<\/div>\n\t\t<div class=\"elementor-element elementor-element-e272582 e-con-full e-flex e-con e-child\" data-id=\"e272582\" data-element_type=\"container\" data-settings=\"{&quot;_ha_eqh_enable&quot;:false,&quot;ekit_has_onepagescroll_dot&quot;:&quot;yes&quot;}\">\n\t\t\t\t<div class=\"elementor-element elementor-element-5f4360d elementor-invisible elementor-widget elementor-widget-image\" data-id=\"5f4360d\" data-element_type=\"widget\" data-settings=\"{&quot;_animation&quot;:&quot;slideInDown&quot;,&quot;ekit_we_effect_on&quot;:&quot;none&quot;}\" data-widget_type=\"image.default\">\n\t\t\t\t<div class=\"elementor-widget-container\">\n\t\t\t\t\t\t\t\t\t\t\t\t\t<img decoding=\"async\" width=\"1536\" height=\"1024\" src=\"https:\/\/ambulanceflight.com\/wp-content\/uploads\/2025\/12\/flight-coffin.png\" class=\"attachment-full size-full wp-image-1368\" alt=\"\" srcset=\"https:\/\/ambulanceflight.com\/wp-content\/uploads\/2025\/12\/flight-coffin.png 1536w, https:\/\/ambulanceflight.com\/wp-content\/uploads\/2025\/12\/flight-coffin-300x200.png 300w, https:\/\/ambulanceflight.com\/wp-content\/uploads\/2025\/12\/flight-coffin-1024x683.png 1024w, https:\/\/ambulanceflight.com\/wp-content\/uploads\/2025\/12\/flight-coffin-768x512.png 768w\" sizes=\"(max-width: 1536px) 100vw, 1536px\" \/>\t\t\t\t\t\t\t\t\t\t\t\t\t<\/div>\n\t\t\t\t<\/div>\n\t\t\t\t<\/div>\n\t\t\t\t\t<\/div>\n\t\t\t\t<\/div>\n\t\t<div class=\"elementor-element elementor-element-bd81d93 e-flex e-con-boxed e-con e-parent\" data-id=\"bd81d93\" data-element_type=\"container\" data-settings=\"{&quot;background_background&quot;:&quot;classic&quot;,&quot;_ha_eqh_enable&quot;:false,&quot;ekit_has_onepagescroll_dot&quot;:&quot;yes&quot;}\">\n\t\t\t\t\t<div class=\"e-con-inner\">\n\t\t<div class=\"elementor-element elementor-element-328475e e-con-full e-flex e-con e-child\" data-id=\"328475e\" data-element_type=\"container\" data-settings=\"{&quot;_ha_eqh_enable&quot;:false,&quot;ekit_has_onepagescroll_dot&quot;:&quot;yes&quot;}\">\n\t\t\t\t<div class=\"elementor-element elementor-element-f53914f elementor-invisible elementor-widget elementor-widget-heading\" data-id=\"f53914f\" data-element_type=\"widget\" data-settings=\"{&quot;_animation&quot;:&quot;slideInLeft&quot;,&quot;ekit_we_effect_on&quot;:&quot;none&quot;}\" data-widget_type=\"heading.default\">\n\t\t\t\t<div class=\"elementor-widget-container\">\n\t\t\t<h2 class=\"elementor-heading-title elementor-size-default\">Her a\u015famada sayg\u0131n ve sayg\u0131l\u0131 bir \u015fekilde muamele<\/h2>\t\t<\/div>\n\t\t\t\t<\/div>\n\t\t\t\t<div class=\"elementor-element elementor-element-cc76981 animated-slow elementor-invisible elementor-widget elementor-widget-text-editor\" data-id=\"cc76981\" data-element_type=\"widget\" data-settings=\"{&quot;_animation&quot;:&quot;slideInLeft&quot;,&quot;ekit_we_effect_on&quot;:&quot;none&quot;}\" data-widget_type=\"text-editor.default\">\n\t\t\t\t<div class=\"elementor-widget-container\">\n\t\t\t\t\t\t\t<p data-start=\"1530\" data-end=\"1780\">Ambulans Flight, \u00f6len ki\u015filerin ta\u015f\u0131nmas\u0131nda onur ve sayg\u0131ya en y\u00fcksek \u00f6nemi verir. Haz\u0131rl\u0131k ve y\u00fcklemeden var\u0131\u015f ve teslimata kadar her ad\u0131m \u00f6zenle ve hassasiyetle ger\u00e7ekle\u015ftirilir. Ekiplerimiz, geri d\u00f6n\u00fc\u015f s\u00fcrecinin m\u00fcmk\u00fcn oldu\u011funca k\u00fclt\u00fcrel, dini ve aile gereksinimlerine sayg\u0131 g\u00f6stermesini sa\u011flar.  <\/p>\t\t\t\t\t\t<\/div>\n\t\t\t\t<\/div>\n\t\t\t\t<div class=\"elementor-element elementor-element-c5d07bf elementor-mobile-align-justify elementor-widget-mobile__width-inherit elementor-widget elementor-widget-button\" data-id=\"c5d07bf\" data-element_type=\"widget\" data-settings=\"{&quot;ekit_we_effect_on&quot;:&quot;none&quot;}\" data-widget_type=\"button.default\">\n\t\t\t\t<div class=\"elementor-widget-container\">\n\t\t\t\t\t<div class=\"elementor-button-wrapper\">\n\t\t\t<a class=\"elementor-button elementor-button-link elementor-size-sm\" href=\"#\">\n\t\t\t\t\t\t<span class=\"elementor-button-content-wrapper\">\n\t\t\t\t\t\t\t\t\t<span class=\"elementor-button-text\">Bir teklif iste\u011fi<\/span>\n\t\t\t\t\t<\/span>\n\t\t\t\t\t<\/a>\n\t\t<\/div>\n\t\t\t\t<\/div>\n\t\t\t\t<\/div>\n\t\t\t\t<\/div>\n\t\t<div class=\"elementor-element elementor-element-134f9a3 e-con-full e-flex e-con e-child\" data-id=\"134f9a3\" data-element_type=\"container\" data-settings=\"{&quot;_ha_eqh_enable&quot;:false,&quot;ekit_has_onepagescroll_dot&quot;:&quot;yes&quot;}\">\n\t\t\t\t<div class=\"elementor-element elementor-element-92f2ce8 elementor-invisible elementor-widget elementor-widget-image\" data-id=\"92f2ce8\" data-element_type=\"widget\" data-settings=\"{&quot;_animation&quot;:&quot;slideInDown&quot;,&quot;ekit_we_effect_on&quot;:&quot;none&quot;}\" data-widget_type=\"image.default\">\n\t\t\t\t<div class=\"elementor-widget-container\">\n\t\t\t\t\t\t\t\t\t\t\t\t\t<img loading=\"lazy\" decoding=\"async\" width=\"1536\" height=\"1024\" src=\"https:\/\/ambulanceflight.com\/wp-content\/uploads\/2025\/12\/coffin-flight-2.png\" class=\"attachment-full size-full wp-image-1367\" alt=\"\" srcset=\"https:\/\/ambulanceflight.com\/wp-content\/uploads\/2025\/12\/coffin-flight-2.png 1536w, https:\/\/ambulanceflight.com\/wp-content\/uploads\/2025\/12\/coffin-flight-2-300x200.png 300w, https:\/\/ambulanceflight.com\/wp-content\/uploads\/2025\/12\/coffin-flight-2-1024x683.png 1024w, https:\/\/ambulanceflight.com\/wp-content\/uploads\/2025\/12\/coffin-flight-2-768x512.png 768w\" sizes=\"(max-width: 1536px) 100vw, 1536px\" \/>\t\t\t\t\t\t\t\t\t\t\t\t\t<\/div>\n\t\t\t\t<\/div>\n\t\t\t\t<\/div>\n\t\t\t\t\t<\/div>\n\t\t\t\t<\/div>\n\t\t<div class=\"elementor-element elementor-element-193d9f7 e-flex e-con-boxed e-con e-parent\" data-id=\"193d9f7\" data-element_type=\"container\" data-settings=\"{&quot;background_background&quot;:&quot;classic&quot;,&quot;_ha_eqh_enable&quot;:false,&quot;ekit_has_onepagescroll_dot&quot;:&quot;yes&quot;}\">\n\t\t\t\t\t<div class=\"e-con-inner\">\n\t\t<div class=\"elementor-element elementor-element-ad5ae10 e-con-full e-flex e-con e-child\" data-id=\"ad5ae10\" data-element_type=\"container\" data-settings=\"{&quot;_ha_eqh_enable&quot;:false,&quot;ekit_has_onepagescroll_dot&quot;:&quot;yes&quot;}\">\n\t\t\t\t<div class=\"elementor-element elementor-element-551f4bc elementor-invisible elementor-widget elementor-widget-heading\" data-id=\"551f4bc\" data-element_type=\"widget\" data-settings=\"{&quot;_animation&quot;:&quot;slideInLeft&quot;,&quot;ekit_we_effect_on&quot;:&quot;none&quot;}\" data-widget_type=\"heading.default\">\n\t\t\t\t<div class=\"elementor-widget-container\">\n\t\t\t<h2 class=\"elementor-heading-title elementor-size-default\">D\u00fcnya \u00c7ap\u0131nda Eri\u015filebilirlik ve 7\/24 Destek<\/h2>\t\t<\/div>\n\t\t\t\t<\/div>\n\t\t\t\t<div class=\"elementor-element elementor-element-9815e0c animated-slow elementor-invisible elementor-widget elementor-widget-text-editor\" data-id=\"9815e0c\" data-element_type=\"widget\" data-settings=\"{&quot;_animation&quot;:&quot;slideInLeft&quot;,&quot;ekit_we_effect_on&quot;:&quot;none&quot;}\" data-widget_type=\"text-editor.default\">\n\t\t\t\t<div class=\"elementor-widget-container\">\n\t\t\t\t\t\t\t<p data-start=\"1834\" data-end=\"2090\">K\u00fcresel operasyonel kapsama ve 7\/24 koordinasyon merkezi ile Ambulans U\u00e7u\u015fu, k\u0131sa s\u00fcrede tabut u\u00e7u\u015flar\u0131 d\u00fczenlemek i\u00e7in her zaman haz\u0131rd\u0131r. Acil uluslararas\u0131 transferler veya planl\u0131 geri d\u00f6n\u00fc\u015fler olsun, d\u00fcnya \u00e7ap\u0131nda g\u00fcvenilir, h\u0131zl\u0131 ve tam destekli hizmetler sunuyoruz. <\/p>\t\t\t\t\t\t<\/div>\n\t\t\t\t<\/div>\n\t\t\t\t<div class=\"elementor-element elementor-element-fd8cc06 elementor-tablet-align-center elementor-mobile-align-justify elementor-widget-mobile__width-inherit elementor-widget elementor-widget-button\" data-id=\"fd8cc06\" data-element_type=\"widget\" data-settings=\"{&quot;ekit_we_effect_on&quot;:&quot;none&quot;}\" data-widget_type=\"button.default\">\n\t\t\t\t<div class=\"elementor-widget-container\">\n\t\t\t\t\t<div class=\"elementor-button-wrapper\">\n\t\t\t<a class=\"elementor-button elementor-button-link elementor-size-sm\" href=\"#\">\n\t\t\t\t\t\t<span class=\"elementor-button-content-wrapper\">\n\t\t\t\t\t\t\t\t\t<span class=\"elementor-button-text\">Bir teklif iste\u011fi<\/span>\n\t\t\t\t\t<\/span>\n\t\t\t\t\t<\/a>\n\t\t<\/div>\n\t\t\t\t<\/div>\n\t\t\t\t<\/div>\n\t\t\t\t<\/div>\n\t\t<div class=\"elementor-element elementor-element-fabc253 e-con-full e-flex e-con e-child\" data-id=\"fabc253\" data-element_type=\"container\" data-settings=\"{&quot;_ha_eqh_enable&quot;:false,&quot;ekit_has_onepagescroll_dot&quot;:&quot;yes&quot;}\">\n\t\t\t\t<div class=\"elementor-element elementor-element-4d40e69 elementor-invisible elementor-widget elementor-widget-image\" data-id=\"4d40e69\" data-element_type=\"widget\" data-settings=\"{&quot;_animation&quot;:&quot;slideInDown&quot;,&quot;ekit_we_effect_on&quot;:&quot;none&quot;}\" data-widget_type=\"image.default\">\n\t\t\t\t<div class=\"elementor-widget-container\">\n\t\t\t\t\t\t\t\t\t\t\t\t\t<img loading=\"lazy\" decoding=\"async\" width=\"1536\" height=\"1024\" src=\"https:\/\/ambulanceflight.com\/wp-content\/uploads\/2025\/12\/ambulanceflight.png\" class=\"attachment-full size-full wp-image-1102\" alt=\"\" srcset=\"https:\/\/ambulanceflight.com\/wp-content\/uploads\/2025\/12\/ambulanceflight.png 1536w, https:\/\/ambulanceflight.com\/wp-content\/uploads\/2025\/12\/ambulanceflight-300x200.png 300w, https:\/\/ambulanceflight.com\/wp-content\/uploads\/2025\/12\/ambulanceflight-1024x683.png 1024w, https:\/\/ambulanceflight.com\/wp-content\/uploads\/2025\/12\/ambulanceflight-768x512.png 768w\" sizes=\"(max-width: 1536px) 100vw, 1536px\" \/>\t\t\t\t\t\t\t\t\t\t\t\t\t<\/div>\n\t\t\t\t<\/div>\n\t\t\t\t<\/div>\n\t\t\t\t\t<\/div>\n\t\t\t\t<\/div>\n\t\t\t\t<\/div>\n\t\t","protected":false},"excerpt":{"rendered":"<p>Tabut U\u00e7u\u015flar\u0131 Uluslararas\u0131 Tabut U\u00e7u\u015flar\u0131 ve D\u00fcnya \u00c7ap\u0131nda Vefat Edenlerin Geri G\u00f6nderilmesi Ambulans Flight, uluslararas\u0131 tabut u\u00e7u\u015flar\u0131 ve vefat edenlerin geri d\u00f6n\u00fc\u015f hizmetleri sunarak s\u0131n\u0131rlar \u00f6tesi onurlu, g\u00fcvenli ve tam uyumlu ula\u015f\u0131m sa\u011flar. \u0130nsan kal\u0131nt\u0131lar\u0131n\u0131n hava yoluyla ta\u015f\u0131nmas\u0131n\u0131 uluslararas\u0131 havac\u0131l\u0131k d\u00fczenlemeleri, sa\u011fl\u0131k gereksinimleri ve yerel otoriteler do\u011frultusunda y\u00f6netiyoruz. K\u00fcresel deneyim ve adanm\u0131\u015f bir koordinasyon ekibiyle, [&hellip;]<\/p>\n","protected":false},"author":1,"featured_media":0,"parent":492,"menu_order":0,"comment_status":"closed","ping_status":"closed","template":"elementor_header_footer","meta":{"footnotes":""},"class_list":["post-1007","page","type-page","status-publish","hentry"],"_links":{"self":[{"href":"https:\/\/ambulanceflight.com\/tr\/wp-json\/wp\/v2\/pages\/1007","targetHints":{"allow":["GET"]}}],"collection":[{"href":"https:\/\/ambulanceflight.com\/tr\/wp-json\/wp\/v2\/pages"}],"about":[{"href":"https:\/\/ambulanceflight.com\/tr\/wp-json\/wp\/v2\/types\/page"}],"author":[{"embeddable":true,"href":"https:\/\/ambulanceflight.com\/tr\/wp-json\/wp\/v2\/users\/1"}],"replies":[{"embeddable":true,"href":"https:\/\/ambulanceflight.com\/tr\/wp-json\/wp\/v2\/comments?post=1007"}],"version-history":[{"count":3,"href":"https:\/\/ambulanceflight.com\/tr\/wp-json\/wp\/v2\/pages\/1007\/revisions"}],"predecessor-version":[{"id":1369,"href":"https:\/\/ambulanceflight.com\/tr\/wp-json\/wp\/v2\/pages\/1007\/revisions\/1369"}],"up":[{"embeddable":true,"href":"https:\/\/ambulanceflight.com\/tr\/wp-json\/wp\/v2\/pages\/492"}],"wp:attachment":[{"href":"https:\/\/ambulanceflight.com\/tr\/wp-json\/wp\/v2\/media?parent=1007"}],"curies":[{"name":"wp","href":"https:\/\/api.w.org\/{rel}","templated":true}]}}