{"id":488,"date":"2025-11-05T17:34:33","date_gmt":"2025-11-05T17:34:33","guid":{"rendered":"https:\/\/ambulanceflight.com\/nouvelles\/"},"modified":"2025-12-26T16:17:01","modified_gmt":"2025-12-26T16:17:01","slug":"nouvelles","status":"publish","type":"page","link":"https:\/\/ambulanceflight.com\/fr\/nouvelles\/","title":{"rendered":"Nouvelles"},"content":{"rendered":"\t\t<div data-elementor-type=\"wp-page\" data-elementor-id=\"488\" class=\"elementor elementor-488 elementor-279\" data-elementor-settings=\"{&quot;ha_cmc_init_switcher&quot;:&quot;no&quot;}\" data-elementor-post-type=\"page\">\n\t\t\t\t<div class=\"elementor-element elementor-element-f1277b1 e-flex e-con-boxed e-con e-parent\" data-id=\"f1277b1\" data-element_type=\"container\" data-settings=\"{&quot;background_background&quot;:&quot;classic&quot;,&quot;_ha_eqh_enable&quot;:false,&quot;ekit_has_onepagescroll_dot&quot;:&quot;yes&quot;}\">\n\t\t\t\t\t<div class=\"e-con-inner\">\n\t\t\t\t<div class=\"elementor-element elementor-element-c5caa3f elementor-widget elementor-widget-heading\" data-id=\"c5caa3f\" data-element_type=\"widget\" data-settings=\"{&quot;ekit_we_effect_on&quot;:&quot;none&quot;}\" data-widget_type=\"heading.default\">\n\t\t\t\t<div class=\"elementor-widget-container\">\n\t\t\t<h2 class=\"elementor-heading-title elementor-size-default\">Nouvelles<\/h2>\t\t<\/div>\n\t\t\t\t<\/div>\n\t\t\t\t<div class=\"elementor-element elementor-element-365a120 elementor-widget elementor-widget-text-editor\" data-id=\"365a120\" data-element_type=\"widget\" data-settings=\"{&quot;ekit_we_effect_on&quot;:&quot;none&quot;}\" data-widget_type=\"text-editor.default\">\n\t\t\t\t<div class=\"elementor-widget-container\">\n\t\t\t\t\t\t\t<p>Accueil &#8211; Actualit\u00e9s<\/p>\t\t\t\t\t\t<\/div>\n\t\t\t\t<\/div>\n\t\t\t\t\t<\/div>\n\t\t\t\t<\/div>\n\t\t<div class=\"elementor-element elementor-element-62647079 e-flex e-con-boxed e-con e-parent\" data-id=\"62647079\" data-element_type=\"container\" data-settings=\"{&quot;_ha_eqh_enable&quot;:false,&quot;ekit_has_onepagescroll_dot&quot;:&quot;yes&quot;}\">\n\t\t\t\t\t<div class=\"e-con-inner\">\n\t\t<div class=\"elementor-element elementor-element-26be31c9 e-con-full e-flex e-con e-child\" data-id=\"26be31c9\" data-element_type=\"container\" data-settings=\"{&quot;_ha_eqh_enable&quot;:false,&quot;ekit_has_onepagescroll_dot&quot;:&quot;yes&quot;}\">\n\t\t\t\t<div class=\"elementor-element elementor-element-4a4fb7c0 animated-fast ha-has-bg-overlay elementor-invisible elementor-widget elementor-widget-heading\" data-id=\"4a4fb7c0\" data-element_type=\"widget\" data-settings=\"{&quot;_animation&quot;:&quot;slideInLeft&quot;,&quot;ekit_we_effect_on&quot;:&quot;none&quot;}\" data-widget_type=\"heading.default\">\n\t\t\t\t<div class=\"elementor-widget-container\">\n\t\t\t<h5 class=\"elementor-heading-title elementor-size-default\">Actualit\u00e9s et perspectives<\/h5>\t\t<\/div>\n\t\t\t\t<\/div>\n\t\t\t\t<div class=\"elementor-element elementor-element-269e70ce elementor-widget__width-inherit elementor-invisible elementor-widget elementor-widget-heading\" data-id=\"269e70ce\" data-element_type=\"widget\" data-settings=\"{&quot;_animation&quot;:&quot;slideInLeft&quot;,&quot;ekit_we_effect_on&quot;:&quot;none&quot;}\" data-widget_type=\"heading.default\">\n\t\t\t\t<div class=\"elementor-widget-container\">\n\t\t\t<h2 class=\"elementor-heading-title elementor-size-default\">Restez inform\u00e9 avec AmbulanceFlight.com<\/h2>\t\t<\/div>\n\t\t\t\t<\/div>\n\t\t\t\t<div class=\"elementor-element elementor-element-7c6a6e4c animated-slow elementor-invisible elementor-widget elementor-widget-text-editor\" data-id=\"7c6a6e4c\" data-element_type=\"widget\" data-settings=\"{&quot;_animation&quot;:&quot;slideInLeft&quot;,&quot;ekit_we_effect_on&quot;:&quot;none&quot;}\" data-widget_type=\"text-editor.default\">\n\t\t\t\t<div class=\"elementor-widget-container\">\n\t\t\t\t\t\t\t<p data-start=\"631\" data-end=\"799\">Vous trouverez ci-dessous nos derniers articles, des conseils d\u2019experts et des mises \u00e0 jour dans le domaine des <strong data-start=\"713\" data-end=\"741\">op\u00e9rations d\u2019ambulance a\u00e9rienne<\/strong>, de <strong data-start=\"743\" data-end=\"763\">l\u2019aviation m\u00e9dicale<\/strong> et du <strong data-start=\"769\" data-end=\"796\">transport de soins intensifs<\/strong>.<\/p>\t\t\t\t\t\t<\/div>\n\t\t\t\t<\/div>\n\t\t\t\t<\/div>\n\t\t\t\t<div class=\"elementor-element elementor-element-43bba9de elementor-widget elementor-widget-elementskit-blog-posts\" data-id=\"43bba9de\" data-element_type=\"widget\" data-settings=\"{&quot;ekit_we_effect_on&quot;:&quot;none&quot;}\" data-widget_type=\"elementskit-blog-posts.default\">\n\t\t\t\t<div class=\"elementor-widget-container\">\n\t\t\t<div class=\"ekit-wid-con\" >\n        <div id=\"post-items--43bba9de\" class=\"row post-items ekit-blog-posts-content wihout-masonry \" data-enable=\"no\">\n\n\t\t\t<!-- Blog Carousel markup render -->\n\t\t\t\n\n            <div class=\"col-lg-4 col-md-6\">\n\n                                    <div class=\"elementskit-post-image-card\">\n                        <div class=\"elementskit-entry-header\">\n                                                            <a href=\"http:\/\/ambulanceflight.com\/fr\/comment-les-vols-dambulance-aerienne-sont-equipes-pour-les-patients-en-soins-intensifs\/\" class=\"elementskit-entry-thumb\">\n                                    <img decoding=\"async\" src=\"http:\/\/ambulanceflight.com\/wp-content\/uploads\/2025\/12\/PHOTO-2023-02-17-10-04-26.jpg\" alt=\"Comment les vols d\u2019ambulance a\u00e9rienne sont \u00e9quip\u00e9s pour les patients en soins intensifs\">\n                                <\/a><!-- .elementskit-entry-thumb END -->\n                                                                                                    <div class=\"elementskit-meta-lists\">\n                                        <div class=\"elementskit-single-meta\"><span class=\"elementskit-meta-wraper\"><strong>05<\/strong>Nov<\/span><\/div>\n                                    <\/div>\n                                                                                            \n                            \n                                                    <\/div><!-- .elementskit-entry-header END -->\n\n                        <div class=\"elementskit-post-body \">\n                            \n                                                                                                                <div class=\"post-meta-list\">\n                                                                        <span class=\"meta-author\">\n                                \n                                    <i aria-hidden=\"true\" class=\"icon icon-user\"><\/i>\n                                                                <a href=\"http:\/\/ambulanceflight.com\/fr\/author\/admin123\/\" class=\"author-name\">Medical Operations<\/a>\n                            <\/span>\n                                                                                                                                                                                                <span class=\"meta-date\">\n\n                                <i aria-hidden=\"true\" class=\"icon icon-calendar3\"><\/i>\n                                <span class=\"meta-date-text\">\n                                    novembre 5, 2025                                <\/span>\n                            <\/span>\n                                                                                                            <\/div>\n                                                                        \n                                        \n                                        \t\t\t\t\t\t\t\t\t\t                <h2 class=\"entry-title\">\n                    <a href=\"http:\/\/ambulanceflight.com\/fr\/comment-les-vols-dambulance-aerienne-sont-equipes-pour-les-patients-en-soins-intensifs\/\">\n                            Comment les vols d\u2019ambulance a\u00e9rienne sont \u00e9quip\u00e9s pour les patients en soins intensifs                    <\/a>\n                <\/h2>\n                                                                                                                                                    \t\t\t\t\t\t\t\t\t\t<p>D\u00e9couvrez comment les ambulances a\u00e9riennes modernes fonctionnent comme des unit\u00e9s de soins intensifs volantes, \u00e9quip\u00e9es d\u2019une technologie m\u00e9dicale de pointe et d\u2019un personnel expert pour\u2026<\/p>\n                                                                                                                                                        <div class=\"btn-wraper\">\n                                    \n                                                                            <a href=\"http:\/\/ambulanceflight.com\/fr\/comment-les-vols-dambulance-aerienne-sont-equipes-pour-les-patients-en-soins-intensifs\/\" class=\"elementskit-btn  whitespace--normal\" >\n                                                                                    Pour en savoir plus                                          <\/a>\n                                                                    <\/div>\n                                                    <\/div><!-- .elementskit-post-body END -->\n                    <\/div>\n                \n            <\/div>\t\t\t\t\n\n            <div class=\"col-lg-4 col-md-6\">\n\n                                    <div class=\"elementskit-post-image-card\">\n                        <div class=\"elementskit-entry-header\">\n                                                            <a href=\"http:\/\/ambulanceflight.com\/fr\/ce-quil-faut-savoir-avant-de-demander-un-vol-de-rapatriement-medical\/\" class=\"elementskit-entry-thumb\">\n                                    <img decoding=\"async\" src=\"http:\/\/ambulanceflight.com\/wp-content\/uploads\/2025\/10\/JAYNJCJ.jpg\" alt=\"Ce qu\u2019il faut savoir avant de demander un vol de rapatriement m\u00e9dical\">\n                                <\/a><!-- .elementskit-entry-thumb END -->\n                                                                                                    <div class=\"elementskit-meta-lists\">\n                                        <div class=\"elementskit-single-meta\"><span class=\"elementskit-meta-wraper\"><strong>05<\/strong>Nov<\/span><\/div>\n                                    <\/div>\n                                                                                            \n                            \n                                                    <\/div><!-- .elementskit-entry-header END -->\n\n                        <div class=\"elementskit-post-body \">\n                            \n                                                                                                                <div class=\"post-meta-list\">\n                                                                        <span class=\"meta-author\">\n                                \n                                    <i aria-hidden=\"true\" class=\"icon icon-user\"><\/i>\n                                                                <a href=\"http:\/\/ambulanceflight.com\/fr\/author\/admin123\/\" class=\"author-name\">Medical Operations<\/a>\n                            <\/span>\n                                                                                                                                                                                                <span class=\"meta-date\">\n\n                                <i aria-hidden=\"true\" class=\"icon icon-calendar3\"><\/i>\n                                <span class=\"meta-date-text\">\n                                    novembre 5, 2025                                <\/span>\n                            <\/span>\n                                                                                                            <\/div>\n                                                                        \n                                        \n                                        \t\t\t\t\t\t\t\t\t\t                <h2 class=\"entry-title\">\n                    <a href=\"http:\/\/ambulanceflight.com\/fr\/ce-quil-faut-savoir-avant-de-demander-un-vol-de-rapatriement-medical\/\">\n                            Ce qu\u2019il faut savoir avant de demander un vol de rapatriement m\u00e9dical                    <\/a>\n                <\/h2>\n                                                                                                                                                    \t\t\t\t\t\t\t\t\t\t<p>Vous pr\u00e9voyez un rapatriement m\u00e9dical ? Voici tout ce que vous devez savoir, de la documentation et de l\u2019assurance au choix du bon fournisseur d\u2019ambulance\u2026<\/p>\n                                                                                                                                                        <div class=\"btn-wraper\">\n                                    \n                                                                            <a href=\"http:\/\/ambulanceflight.com\/fr\/ce-quil-faut-savoir-avant-de-demander-un-vol-de-rapatriement-medical\/\" class=\"elementskit-btn  whitespace--normal\" >\n                                                                                    Pour en savoir plus                                          <\/a>\n                                                                    <\/div>\n                                                    <\/div><!-- .elementskit-post-body END -->\n                    <\/div>\n                \n            <\/div>\t\t\t\t\n\n            <div class=\"col-lg-4 col-md-6\">\n\n                                    <div class=\"elementskit-post-image-card\">\n                        <div class=\"elementskit-entry-header\">\n                                                            <a href=\"http:\/\/ambulanceflight.com\/fr\/limportance-des-services-dambulance-aerienne-en-cas-durgence-medicale\/\" class=\"elementskit-entry-thumb\">\n                                    <img decoding=\"async\" src=\"http:\/\/ambulanceflight.com\/wp-content\/uploads\/2025\/10\/EA82XQR.jpg\" alt=\"L\u2019importance des services d\u2019ambulance a\u00e9rienne en cas d\u2019urgence m\u00e9dicale\">\n                                <\/a><!-- .elementskit-entry-thumb END -->\n                                                                                                    <div class=\"elementskit-meta-lists\">\n                                        <div class=\"elementskit-single-meta\"><span class=\"elementskit-meta-wraper\"><strong>05<\/strong>Nov<\/span><\/div>\n                                    <\/div>\n                                                                                            \n                            \n                                                    <\/div><!-- .elementskit-entry-header END -->\n\n                        <div class=\"elementskit-post-body \">\n                            \n                                                                                                                <div class=\"post-meta-list\">\n                                                                        <span class=\"meta-author\">\n                                \n                                    <i aria-hidden=\"true\" class=\"icon icon-user\"><\/i>\n                                                                <a href=\"http:\/\/ambulanceflight.com\/fr\/author\/admin123\/\" class=\"author-name\">Medical Operations<\/a>\n                            <\/span>\n                                                                                                                                                                                                <span class=\"meta-date\">\n\n                                <i aria-hidden=\"true\" class=\"icon icon-calendar3\"><\/i>\n                                <span class=\"meta-date-text\">\n                                    novembre 5, 2025                                <\/span>\n                            <\/span>\n                                                                                                            <\/div>\n                                                                        \n                                        \n                                        \t\t\t\t\t\t\t\t\t\t                <h2 class=\"entry-title\">\n                    <a href=\"http:\/\/ambulanceflight.com\/fr\/limportance-des-services-dambulance-aerienne-en-cas-durgence-medicale\/\">\n                            L\u2019importance des services d\u2019ambulance a\u00e9rienne en cas d\u2019urgence m\u00e9dicale                    <\/a>\n                <\/h2>\n                                                                                                                                                    \t\t\t\t\t\t\t\t\t\t<p>D\u00e9couvrez pourquoi les services d\u2019ambulance a\u00e9rienne sont essentiels pour sauver des vies lors d\u2019urgences m\u00e9dicales critiques. D\u00e9couvrez comment la rapidit\u00e9 d\u2019intervention et les soins intensifs\u2026<\/p>\n                                                                                                                                                        <div class=\"btn-wraper\">\n                                    \n                                                                            <a href=\"http:\/\/ambulanceflight.com\/fr\/limportance-des-services-dambulance-aerienne-en-cas-durgence-medicale\/\" class=\"elementskit-btn  whitespace--normal\" >\n                                                                                    Pour en savoir plus                                          <\/a>\n                                                                    <\/div>\n                                                    <\/div><!-- .elementskit-post-body END -->\n                    <\/div>\n                \n            <\/div>\t\t\t\t        <\/div>\n        \n        \n        <\/div>\t\t<\/div>\n\t\t\t\t<\/div>\n\t\t\t\t\t<\/div>\n\t\t\t\t<\/div>\n\t\t\t\t<\/div>\n\t\t","protected":false},"excerpt":{"rendered":"<p>Nouvelles Accueil &#8211; Actualit\u00e9s Actualit\u00e9s et perspectives Restez inform\u00e9 avec AmbulanceFlight.com Vous trouverez ci-dessous nos derniers articles, des conseils d\u2019experts et des mises \u00e0 jour dans le domaine des op\u00e9rations d\u2019ambulance a\u00e9rienne, de l\u2019aviation m\u00e9dicale et du transport de soins intensifs. 05Nov admin123 November 5, 2025 How Air Ambulance Flights Are Equipped for Critical Care [&hellip;]<\/p>\n","protected":false},"author":1,"featured_media":0,"parent":0,"menu_order":0,"comment_status":"closed","ping_status":"closed","template":"elementor_header_footer","meta":{"footnotes":""},"class_list":["post-488","page","type-page","status-publish","hentry"],"_links":{"self":[{"href":"https:\/\/ambulanceflight.com\/fr\/wp-json\/wp\/v2\/pages\/488","targetHints":{"allow":["GET"]}}],"collection":[{"href":"https:\/\/ambulanceflight.com\/fr\/wp-json\/wp\/v2\/pages"}],"about":[{"href":"https:\/\/ambulanceflight.com\/fr\/wp-json\/wp\/v2\/types\/page"}],"author":[{"embeddable":true,"href":"https:\/\/ambulanceflight.com\/fr\/wp-json\/wp\/v2\/users\/1"}],"replies":[{"embeddable":true,"href":"https:\/\/ambulanceflight.com\/fr\/wp-json\/wp\/v2\/comments?post=488"}],"version-history":[{"count":4,"href":"https:\/\/ambulanceflight.com\/fr\/wp-json\/wp\/v2\/pages\/488\/revisions"}],"predecessor-version":[{"id":1254,"href":"https:\/\/ambulanceflight.com\/fr\/wp-json\/wp\/v2\/pages\/488\/revisions\/1254"}],"wp:attachment":[{"href":"https:\/\/ambulanceflight.com\/fr\/wp-json\/wp\/v2\/media?parent=488"}],"curies":[{"name":"wp","href":"https:\/\/api.w.org\/{rel}","templated":true}]}}