{"id":479,"date":"2025-11-05T17:09:52","date_gmt":"2025-11-05T17:09:52","guid":{"rendered":"https:\/\/ambulanceflight.com\/flotte\/"},"modified":"2026-04-15T14:23:38","modified_gmt":"2026-04-15T14:23:38","slug":"flotte","status":"publish","type":"page","link":"https:\/\/ambulanceflight.com\/fr\/flotte\/","title":{"rendered":"Flotte"},"content":{"rendered":"\t\t<div data-elementor-type=\"wp-page\" data-elementor-id=\"479\" class=\"elementor elementor-479 elementor-255\" data-elementor-settings=\"{&quot;ha_cmc_init_switcher&quot;:&quot;no&quot;}\" data-elementor-post-type=\"page\">\n\t\t\t\t<div class=\"elementor-element elementor-element-6985655 e-flex e-con-boxed e-con e-parent\" data-id=\"6985655\" data-element_type=\"container\" data-settings=\"{&quot;background_background&quot;:&quot;classic&quot;,&quot;_ha_eqh_enable&quot;:false,&quot;ekit_has_onepagescroll_dot&quot;:&quot;yes&quot;}\">\n\t\t\t\t\t<div class=\"e-con-inner\">\n\t\t\t\t<div class=\"elementor-element elementor-element-0b7ef7c elementor-widget elementor-widget-heading\" data-id=\"0b7ef7c\" data-element_type=\"widget\" data-settings=\"{&quot;ekit_we_effect_on&quot;:&quot;none&quot;}\" data-widget_type=\"heading.default\">\n\t\t\t\t<div class=\"elementor-widget-container\">\n\t\t\t<h2 class=\"elementor-heading-title elementor-size-default\">Flotte<\/h2>\t\t<\/div>\n\t\t\t\t<\/div>\n\t\t\t\t<div class=\"elementor-element elementor-element-b56677a elementor-widget elementor-widget-text-editor\" data-id=\"b56677a\" data-element_type=\"widget\" data-settings=\"{&quot;ekit_we_effect_on&quot;:&quot;none&quot;}\" data-widget_type=\"text-editor.default\">\n\t\t\t\t<div class=\"elementor-widget-container\">\n\t\t\t\t\t\t\t<p>Accueil &#8211; Flotte<\/p>\t\t\t\t\t\t<\/div>\n\t\t\t\t<\/div>\n\t\t\t\t\t<\/div>\n\t\t\t\t<\/div>\n\t\t<div class=\"elementor-element elementor-element-bdd0ceb e-flex e-con-boxed e-con e-parent\" data-id=\"bdd0ceb\" data-element_type=\"container\" data-settings=\"{&quot;background_background&quot;:&quot;classic&quot;,&quot;_ha_eqh_enable&quot;:false,&quot;ekit_has_onepagescroll_dot&quot;:&quot;yes&quot;}\">\n\t\t\t\t\t<div class=\"e-con-inner\">\n\t\t<div class=\"elementor-element elementor-element-7141473 e-con-full e-flex e-con e-child\" data-id=\"7141473\" data-element_type=\"container\" data-settings=\"{&quot;_ha_eqh_enable&quot;:false,&quot;ekit_has_onepagescroll_dot&quot;:&quot;yes&quot;}\">\n\t\t\t\t<div class=\"elementor-element elementor-element-d0e867a elementor-invisible elementor-widget elementor-widget-heading\" data-id=\"d0e867a\" data-element_type=\"widget\" data-settings=\"{&quot;_animation&quot;:&quot;slideInLeft&quot;,&quot;ekit_we_effect_on&quot;:&quot;none&quot;}\" data-widget_type=\"heading.default\">\n\t\t\t\t<div class=\"elementor-widget-container\">\n\t\t\t<h2 class=\"elementor-heading-title elementor-size-default\">Des ambulances a\u00e9riennes modernes et enti\u00e8rement \u00e9quip\u00e9es pour chaque mission<\/h2>\t\t<\/div>\n\t\t\t\t<\/div>\n\t\t\t\t<div class=\"elementor-element elementor-element-44172b0 animated-slow elementor-invisible elementor-widget elementor-widget-text-editor\" data-id=\"44172b0\" data-element_type=\"widget\" data-settings=\"{&quot;_animation&quot;:&quot;slideInLeft&quot;,&quot;ekit_we_effect_on&quot;:&quot;none&quot;}\" data-widget_type=\"text-editor.default\">\n\t\t\t\t<div class=\"elementor-widget-container\">\n\t\t\t\t\t\t\t<p data-start=\"308\" data-end=\"516\">Chez <strong data-start=\"311\" data-end=\"334\">AmbulanceFlight.com<\/strong>, nous exploitons une <strong data-start=\"349\" data-end=\"397\">flotte diversifi\u00e9e d\u2019avions \u00e9quip\u00e9s m\u00e9dicalement<\/strong> con\u00e7us pour g\u00e9rer tous les types de transferts de patients, des courts trajets r\u00e9gionaux aux vols internationaux longue distance.<\/p><p data-start=\"518\" data-end=\"658\">Chaque avion est configur\u00e9 comme une <strong data-start=\"551\" data-end=\"587\">unit\u00e9 de soins intensifs (USI) volante<\/strong>, assurant le <strong data-start=\"602\" data-end=\"655\">m\u00eame niveau de soins dans les airs que dans un h\u00f4pital<\/strong>.<\/p>\t\t\t\t\t\t<\/div>\n\t\t\t\t<\/div>\n\t\t\t\t<div class=\"elementor-element elementor-element-228bd16 elementor-widget elementor-widget-spacer\" data-id=\"228bd16\" data-element_type=\"widget\" data-settings=\"{&quot;ekit_we_effect_on&quot;:&quot;none&quot;}\" data-widget_type=\"spacer.default\">\n\t\t\t\t<div class=\"elementor-widget-container\">\n\t\t\t\t\t<div class=\"elementor-spacer\">\n\t\t\t<div class=\"elementor-spacer-inner\"><\/div>\n\t\t<\/div>\n\t\t\t\t<\/div>\n\t\t\t\t<\/div>\n\t\t\t\t<\/div>\n\t\t\t\t\t<\/div>\n\t\t\t\t<\/div>\n\t\t<div class=\"elementor-element elementor-element-f298591 e-flex e-con-boxed e-con e-parent\" data-id=\"f298591\" data-element_type=\"container\" data-settings=\"{&quot;background_background&quot;:&quot;classic&quot;,&quot;_ha_eqh_enable&quot;:false,&quot;ekit_has_onepagescroll_dot&quot;:&quot;yes&quot;}\">\n\t\t\t\t\t<div class=\"e-con-inner\">\n\t\t<div class=\"elementor-element elementor-element-63a8b44 e-con-full e-flex e-con e-child\" data-id=\"63a8b44\" data-element_type=\"container\" data-settings=\"{&quot;_ha_eqh_enable&quot;:false,&quot;ekit_has_onepagescroll_dot&quot;:&quot;yes&quot;}\">\n\t\t\t\t<div data-ha-element-link=\"{&quot;url&quot;:&quot;https:\\\/\\\/ambulanceflight.com\\\/turboprop\\\/&quot;,&quot;is_external&quot;:&quot;&quot;,&quot;nofollow&quot;:&quot;&quot;}\" style=\"cursor: pointer\" class=\"elementor-element elementor-element-a9129c4 elementor-widget elementor-widget-html\" data-id=\"a9129c4\" data-element_type=\"widget\" data-settings=\"{&quot;ekit_we_effect_on&quot;:&quot;none&quot;}\" data-widget_type=\"html.default\">\n\t\t\t\t<div class=\"elementor-widget-container\">\n\t\t\t<div class=\"aircraft-wrapper\">\n  <div class=\"aircraft-circle\">\n\n    <span class=\"dot dot-1\"><\/span>\n    <span class=\"dot dot-2\"><\/span>\n    <span class=\"dot dot-3\"><\/span>\n    <span class=\"dot dot-4\"><\/span>\n    <span class=\"dot dot-5\"><\/span>\n\n    <div class=\"info info-top-left\">\n      <strong>R\u00e9partition<\/strong><br>707 km\n    <\/div>\n\n    <div class=\"info info-top-right\">\n      <strong>Temps de vol<\/strong><br>2h\n    <\/div>\n\n    <div class=\"info info-left\">\n      <strong><\/brr>Moyenne<br> Vitesse<\/strong><br>269 km\/h\n    <\/div>\n\n    <div class=\"info info-right\">\n      <strong>Type<\/strong><br>Turbopropulseur\n    <\/div>\n\n    <div class=\"info info-bottom\">\n      <strong>Si\u00e8ges<\/strong><br>6 \u2013 9\n    <\/div>\n\n    <img decoding=\"async\" src=\"http:\/\/ambulanceflight.com\/wp-content\/uploads\/2025\/12\/turboprop-copie.png\" alt=\"Avions turbopropulseurs\" class=\"aircraft-image\">\n\n  <\/div>\n\n  <h2 class=\"aircraft-title\">Turbopropulseur<\/h2>\n<\/div>\n\t\t<\/div>\n\t\t\t\t<\/div>\n\t\t\t\t<div class=\"elementor-element elementor-element-3e91e24 elementor-widget elementor-widget-spacer\" data-id=\"3e91e24\" data-element_type=\"widget\" data-settings=\"{&quot;ekit_we_effect_on&quot;:&quot;none&quot;}\" data-widget_type=\"spacer.default\">\n\t\t\t\t<div class=\"elementor-widget-container\">\n\t\t\t\t\t<div class=\"elementor-spacer\">\n\t\t\t<div class=\"elementor-spacer-inner\"><\/div>\n\t\t<\/div>\n\t\t\t\t<\/div>\n\t\t\t\t<\/div>\n\t\t\t\t<\/div>\n\t\t\t\t<div class=\"elementor-element elementor-element-74a2bfe elementor-widget elementor-widget-spacer\" data-id=\"74a2bfe\" data-element_type=\"widget\" data-settings=\"{&quot;ekit_we_effect_on&quot;:&quot;none&quot;}\" data-widget_type=\"spacer.default\">\n\t\t\t\t<div class=\"elementor-widget-container\">\n\t\t\t\t\t<div class=\"elementor-spacer\">\n\t\t\t<div class=\"elementor-spacer-inner\"><\/div>\n\t\t<\/div>\n\t\t\t\t<\/div>\n\t\t\t\t<\/div>\n\t\t<div class=\"elementor-element elementor-element-55bf764 e-con-full e-flex e-con e-child\" data-id=\"55bf764\" data-element_type=\"container\" data-settings=\"{&quot;_ha_eqh_enable&quot;:false,&quot;ekit_has_onepagescroll_dot&quot;:&quot;yes&quot;}\">\n\t\t\t\t<\/div>\n\t\t\t\t<div class=\"elementor-element elementor-element-c5956ea elementor-widget elementor-widget-spacer\" data-id=\"c5956ea\" data-element_type=\"widget\" data-settings=\"{&quot;ekit_we_effect_on&quot;:&quot;none&quot;}\" data-widget_type=\"spacer.default\">\n\t\t\t\t<div class=\"elementor-widget-container\">\n\t\t\t\t\t<div class=\"elementor-spacer\">\n\t\t\t<div class=\"elementor-spacer-inner\"><\/div>\n\t\t<\/div>\n\t\t\t\t<\/div>\n\t\t\t\t<\/div>\n\t\t<div data-ha-element-link=\"{&quot;url&quot;:&quot;https:\\\/\\\/ambulanceflight.com\\\/fleet\\\/light-jets\\\/&quot;,&quot;is_external&quot;:&quot;&quot;,&quot;nofollow&quot;:&quot;&quot;}\" style=\"cursor: pointer\" class=\"elementor-element elementor-element-0dfd8c2 e-con-full e-flex e-con e-child\" data-id=\"0dfd8c2\" data-element_type=\"container\" data-settings=\"{&quot;_ha_eqh_enable&quot;:false,&quot;ekit_has_onepagescroll_dot&quot;:&quot;yes&quot;}\">\n\t\t\t\t<div class=\"elementor-element elementor-element-ba5a7f7 elementor-widget elementor-widget-html\" data-id=\"ba5a7f7\" data-element_type=\"widget\" data-settings=\"{&quot;ekit_we_effect_on&quot;:&quot;none&quot;}\" data-widget_type=\"html.default\">\n\t\t\t\t<div class=\"elementor-widget-container\">\n\t\t\t<div class=\"aircraft-wrapper\">\n  <div class=\"aircraft-circle\">\n\n    <span class=\"dot dot-1\"><\/span>\n    <span class=\"dot dot-2\"><\/span>\n    <span class=\"dot dot-3\"><\/span>\n    <span class=\"dot dot-4\"><\/span>\n    <span class=\"dot dot-5\"><\/span>\n\n    <div class=\"info info-top-left\">\n      <strong>R\u00e9partition<\/strong><br>2 500 km\n    <\/div>\n\n    <div class=\"info info-top-right\">\n      <strong>Temps de vol<\/strong><br>15h30\n    <\/div>\n\n    <div class=\"info info-left\">\n      <strong>Moyenne <br>Vitesse<\/strong><br>720 km\/h\n    <\/div>\n\n    <div class=\"info info-right\">\n      <strong>Type<\/strong><br>Jet l\u00e9ger\n    <\/div>\n\n    <div class=\"info info-bottom\">\n      <strong>Si\u00e8ges<\/strong><br>6 \u2013 8\n    <\/div>\n\n    <img decoding=\"async\" src=\"http:\/\/ambulanceflight.com\/wp-content\/uploads\/2025\/12\/light-jets.png\" alt=\"Avions \u00e0 r\u00e9action l\u00e9gers\" class=\"aircraft-image\">\n\n  <\/div>\n\n  <h2 class=\"aircraft-title\">Jet l\u00e9ger<\/h2>\n<\/div>\n\t\t<\/div>\n\t\t\t\t<\/div>\n\t\t\t\t<\/div>\n\t\t<div class=\"elementor-element elementor-element-934ba68 e-con-full e-flex e-con e-child\" data-id=\"934ba68\" data-element_type=\"container\" data-settings=\"{&quot;_ha_eqh_enable&quot;:false,&quot;ekit_has_onepagescroll_dot&quot;:&quot;yes&quot;}\">\n\t\t\t\t<\/div>\n\t\t\t\t\t<\/div>\n\t\t\t\t<\/div>\n\t\t<div class=\"elementor-element elementor-element-c27ef9e e-flex e-con-boxed e-con e-parent\" data-id=\"c27ef9e\" data-element_type=\"container\" data-settings=\"{&quot;background_background&quot;:&quot;classic&quot;,&quot;_ha_eqh_enable&quot;:false,&quot;ekit_has_onepagescroll_dot&quot;:&quot;yes&quot;}\">\n\t\t\t\t\t<div class=\"e-con-inner\">\n\t\t<div class=\"elementor-element elementor-element-eb3e265 e-con-full e-flex e-con e-child\" data-id=\"eb3e265\" data-element_type=\"container\" data-settings=\"{&quot;_ha_eqh_enable&quot;:false,&quot;ekit_has_onepagescroll_dot&quot;:&quot;yes&quot;}\">\n\t\t\t\t<\/div>\n\t\t<div class=\"elementor-element elementor-element-1d99679 e-con-full e-flex e-con e-child\" data-id=\"1d99679\" data-element_type=\"container\" data-settings=\"{&quot;_ha_eqh_enable&quot;:false,&quot;ekit_has_onepagescroll_dot&quot;:&quot;yes&quot;}\">\n\t\t\t\t<div class=\"elementor-element elementor-element-7cfe90a elementor-widget elementor-widget-spacer\" data-id=\"7cfe90a\" data-element_type=\"widget\" data-settings=\"{&quot;ekit_we_effect_on&quot;:&quot;none&quot;}\" data-widget_type=\"spacer.default\">\n\t\t\t\t<div class=\"elementor-widget-container\">\n\t\t\t\t\t<div class=\"elementor-spacer\">\n\t\t\t<div class=\"elementor-spacer-inner\"><\/div>\n\t\t<\/div>\n\t\t\t\t<\/div>\n\t\t\t\t<\/div>\n\t\t\t\t<div class=\"elementor-element elementor-element-47933a8 elementor-widget elementor-widget-spacer\" data-id=\"47933a8\" data-element_type=\"widget\" data-settings=\"{&quot;ekit_we_effect_on&quot;:&quot;none&quot;}\" data-widget_type=\"spacer.default\">\n\t\t\t\t<div class=\"elementor-widget-container\">\n\t\t\t\t\t<div class=\"elementor-spacer\">\n\t\t\t<div class=\"elementor-spacer-inner\"><\/div>\n\t\t<\/div>\n\t\t\t\t<\/div>\n\t\t\t\t<\/div>\n\t\t\t\t<div data-ha-element-link=\"{&quot;url&quot;:&quot;https:\\\/\\\/ambulanceflight.com\\\/fleet\\\/midsize-jets\\\/&quot;,&quot;is_external&quot;:&quot;&quot;,&quot;nofollow&quot;:&quot;&quot;}\" style=\"cursor: pointer\" class=\"elementor-element elementor-element-355ea67 elementor-widget elementor-widget-html\" data-id=\"355ea67\" data-element_type=\"widget\" data-settings=\"{&quot;ekit_we_effect_on&quot;:&quot;none&quot;}\" data-widget_type=\"html.default\">\n\t\t\t\t<div class=\"elementor-widget-container\">\n\t\t\t<div class=\"aircraft-wrapper\">\n  <div class=\"aircraft-circle\">\n\n    <span class=\"dot dot-1\"><\/span>\n    <span class=\"dot dot-2\"><\/span>\n    <span class=\"dot dot-3\"><\/span>\n    <span class=\"dot dot-4\"><\/span>\n    <span class=\"dot dot-5\"><\/span>\n\n    <div class=\"info info-top-left\">\n      <strong>R\u00e9partition<\/strong><br>4 000 km\n    <\/div>\n\n    <div class=\"info info-top-right\">\n      <strong>Temps de vol<\/strong><br>5h\n    <\/div>\n\n    <div class=\"info info-left\">\n      <strong>Moyenne <br> Vitesse<\/strong><br>800 km\/h\n    <\/div>\n\n    <div class=\"info info-right\">\n      <strong>Type<\/strong><br>Jet de taille moyenne\n    <\/div>\n\n    <div class=\"info info-bottom\">\n      <strong>Si\u00e8ges<\/strong><br>8 \u2013 10\n    <\/div>\n\n    <img decoding=\"async\" src=\"http:\/\/ambulanceflight.com\/wp-content\/uploads\/2025\/12\/midsize.png\" alt=\"Avions \u00e0 r\u00e9action de taille moyenne\" class=\"aircraft-image\">\n\n  <\/div>\n\n  <h2 class=\"aircraft-title\">Jet de taille moyenne<\/h2>\n<\/div>\n\t\t<\/div>\n\t\t\t\t<\/div>\n\t\t\t\t<\/div>\n\t\t<div class=\"elementor-element elementor-element-0df9060 e-con-full e-flex e-con e-child\" data-id=\"0df9060\" data-element_type=\"container\" data-settings=\"{&quot;_ha_eqh_enable&quot;:false,&quot;ekit_has_onepagescroll_dot&quot;:&quot;yes&quot;}\">\n\t\t\t\t<\/div>\n\t\t<div data-ha-element-link=\"{&quot;url&quot;:&quot;https:\\\/\\\/ambulanceflight.com\\\/heavy-jet\\\/&quot;,&quot;is_external&quot;:&quot;&quot;,&quot;nofollow&quot;:&quot;&quot;}\" style=\"cursor: pointer\" class=\"elementor-element elementor-element-98baee7 e-con-full e-flex e-con e-child\" data-id=\"98baee7\" data-element_type=\"container\" data-settings=\"{&quot;_ha_eqh_enable&quot;:false,&quot;ekit_has_onepagescroll_dot&quot;:&quot;yes&quot;}\">\n\t\t\t\t<div class=\"elementor-element elementor-element-d0beb49 elementor-widget elementor-widget-spacer\" data-id=\"d0beb49\" data-element_type=\"widget\" data-settings=\"{&quot;ekit_we_effect_on&quot;:&quot;none&quot;}\" data-widget_type=\"spacer.default\">\n\t\t\t\t<div class=\"elementor-widget-container\">\n\t\t\t\t\t<div class=\"elementor-spacer\">\n\t\t\t<div class=\"elementor-spacer-inner\"><\/div>\n\t\t<\/div>\n\t\t\t\t<\/div>\n\t\t\t\t<\/div>\n\t\t\t\t<div class=\"elementor-element elementor-element-57591b7 elementor-widget elementor-widget-html\" data-id=\"57591b7\" data-element_type=\"widget\" data-settings=\"{&quot;ekit_we_effect_on&quot;:&quot;none&quot;}\" data-widget_type=\"html.default\">\n\t\t\t\t<div class=\"elementor-widget-container\">\n\t\t\t<div class=\"aircraft-wrapper\">\n  <div class=\"aircraft-circle\">\n\n    <span class=\"dot dot-1\"><\/span>\n    <span class=\"dot dot-2\"><\/span>\n    <span class=\"dot dot-3\"><\/span>\n    <span class=\"dot dot-4\"><\/span>\n    <span class=\"dot dot-5\"><\/span>\n\n    <div class=\"info info-top-left\">\n      <strong>R\u00e9partition<\/strong><br>7 000 km\n    <\/div>\n\n    <div class=\"info info-top-right\">\n      <strong>Temps de vol<\/strong><br>8h\n    <\/div>\n\n    <div class=\"info info-left\">\n      <strong>Moyenne <br>Vitesse<\/strong><br>900 km\/h\n    <\/div>\n\n    <div class=\"info info-right\">\n      <strong>Type<\/strong><br>Heavy Jet\n    <\/div>\n\n    <div class=\"info info-bottom\">\n      <strong>Si\u00e8ges<\/strong><br>10 \u2013 16\n    <\/div>\n\n    <img decoding=\"async\" src=\"http:\/\/ambulanceflight.com\/wp-content\/uploads\/2025\/12\/heavy-jets.png\" alt=\"Avions \u00e0 r\u00e9action lourds\" class=\"aircraft-image\">\n\n  <\/div>\n\n  <h2 class=\"aircraft-title\">Heavy Jet<\/h2>\n<\/div>\n\t\t<\/div>\n\t\t\t\t<\/div>\n\t\t\t\t<\/div>\n\t\t\t\t\t<\/div>\n\t\t\t\t<\/div>\n\t\t<div class=\"elementor-element elementor-element-1aa41d6 e-flex e-con-boxed e-con e-parent\" data-id=\"1aa41d6\" data-element_type=\"container\" data-settings=\"{&quot;background_background&quot;:&quot;classic&quot;,&quot;_ha_eqh_enable&quot;:false,&quot;ekit_has_onepagescroll_dot&quot;:&quot;yes&quot;}\">\n\t\t\t\t\t<div class=\"e-con-inner\">\n\t\t<div class=\"elementor-element elementor-element-75a7a95 e-con-full e-flex e-con e-child\" data-id=\"75a7a95\" data-element_type=\"container\" data-settings=\"{&quot;_ha_eqh_enable&quot;:false,&quot;ekit_has_onepagescroll_dot&quot;:&quot;yes&quot;}\">\n\t\t<div class=\"elementor-element elementor-element-19b092e e-con-full e-flex e-con e-child\" data-id=\"19b092e\" data-element_type=\"container\" data-settings=\"{&quot;_ha_eqh_enable&quot;:false,&quot;ekit_has_onepagescroll_dot&quot;:&quot;yes&quot;}\">\n\t\t\t\t<div class=\"elementor-element elementor-element-5fa2226 animated-fast ha-has-bg-overlay elementor-invisible elementor-widget elementor-widget-heading\" data-id=\"5fa2226\" data-element_type=\"widget\" data-settings=\"{&quot;_animation&quot;:&quot;slideInLeft&quot;,&quot;ekit_we_effect_on&quot;:&quot;none&quot;}\" data-widget_type=\"heading.default\">\n\t\t\t\t<div class=\"elementor-widget-container\">\n\t\t\t<h5 class=\"elementor-heading-title elementor-size-default\">Contactez-nous d\u00e8s maintenant<\/h5>\t\t<\/div>\n\t\t\t\t<\/div>\n\t\t\t\t<div class=\"elementor-element elementor-element-77a7cc6 elementor-widget__width-inherit elementor-invisible elementor-widget elementor-widget-heading\" data-id=\"77a7cc6\" data-element_type=\"widget\" data-settings=\"{&quot;_animation&quot;:&quot;slideInLeft&quot;,&quot;ekit_we_effect_on&quot;:&quot;none&quot;}\" data-widget_type=\"heading.default\">\n\t\t\t\t<div class=\"elementor-widget-container\">\n\t\t\t<h2 class=\"elementor-heading-title elementor-size-default\">Besoin imm\u00e9diat <br>Transport a\u00e9rien m\u00e9dical ?<\/h2>\t\t<\/div>\n\t\t\t\t<\/div>\n\t\t\t\t<div class=\"elementor-element elementor-element-90b6757 animated-slow elementor-widget__width-initial elementor-invisible elementor-widget elementor-widget-text-editor\" data-id=\"90b6757\" data-element_type=\"widget\" data-settings=\"{&quot;_animation&quot;:&quot;slideInLeft&quot;,&quot;ekit_we_effect_on&quot;:&quot;none&quot;}\" data-widget_type=\"text-editor.default\">\n\t\t\t\t<div class=\"elementor-widget-container\">\n\t\t\t\t\t\t\tNotre \u00e9quipe de coordination est disponible 24 heures sur 24 et 7 jours sur 7 pour organiser des vols d\u2019ambulance a\u00e9rienne s\u00fbrs et rapides partout dans le monde.\nContactez-nous d\u00e8s maintenant pour obtenir l\u2019aide d\u2019un expert ou obtenez un devis gratuit dans les 30 minutes.\t\t\t\t\t\t<\/div>\n\t\t\t\t<\/div>\n\t\t<div class=\"elementor-element elementor-element-79133b3 e-con-full e-flex e-con e-child\" data-id=\"79133b3\" data-element_type=\"container\" data-settings=\"{&quot;_ha_eqh_enable&quot;:false,&quot;ekit_has_onepagescroll_dot&quot;:&quot;yes&quot;}\">\n\t\t\t\t<div class=\"elementor-element elementor-element-e1d2906 elementor-mobile-align-justify elementor-widget-mobile__width-inherit elementor-widget elementor-widget-button\" data-id=\"e1d2906\" data-element_type=\"widget\" data-settings=\"{&quot;ekit_we_effect_on&quot;:&quot;none&quot;}\" data-widget_type=\"button.default\">\n\t\t\t\t<div class=\"elementor-widget-container\">\n\t\t\t\t\t<div class=\"elementor-button-wrapper\">\n\t\t\t<a class=\"elementor-button elementor-button-link elementor-size-sm\" href=\"#\">\n\t\t\t\t\t\t<span class=\"elementor-button-content-wrapper\">\n\t\t\t\t\t\t\t\t\t<span class=\"elementor-button-text\">Obtenez un devis gratuit<\/span>\n\t\t\t\t\t<\/span>\n\t\t\t\t\t<\/a>\n\t\t<\/div>\n\t\t\t\t<\/div>\n\t\t\t\t<\/div>\n\t\t\t\t<div class=\"elementor-element elementor-element-0fe1e87 elementor-mobile-align-justify elementor-widget-mobile__width-inherit elementor-widget elementor-widget-button\" data-id=\"0fe1e87\" data-element_type=\"widget\" data-settings=\"{&quot;ekit_we_effect_on&quot;:&quot;none&quot;}\" data-widget_type=\"button.default\">\n\t\t\t\t<div class=\"elementor-widget-container\">\n\t\t\t\t\t<div class=\"elementor-button-wrapper\">\n\t\t\t<a class=\"elementor-button elementor-button-link elementor-size-sm\" href=\"#\">\n\t\t\t\t\t\t<span class=\"elementor-button-content-wrapper\">\n\t\t\t\t\t\t<span class=\"elementor-button-icon\">\n\t\t\t\t<svg aria-hidden=\"true\" class=\"e-font-icon-svg e-fab-whatsapp\" viewBox=\"0 0 448 512\" xmlns=\"http:\/\/www.w3.org\/2000\/svg\"><path d=\"M380.9 97.1C339 55.1 283.2 32 223.9 32c-122.4 0-222 99.6-222 222 0 39.1 10.2 77.3 29.6 111L0 480l117.7-30.9c32.4 17.7 68.9 27 106.1 27h.1c122.3 0 224.1-99.6 224.1-222 0-59.3-25.2-115-67.1-157zm-157 341.6c-33.2 0-65.7-8.9-94-25.7l-6.7-4-69.8 18.3L72 359.2l-4.4-7c-18.5-29.4-28.2-63.3-28.2-98.2 0-101.7 82.8-184.5 184.6-184.5 49.3 0 95.6 19.2 130.4 54.1 34.8 34.9 56.2 81.2 56.1 130.5 0 101.8-84.9 184.6-186.6 184.6zm101.2-138.2c-5.5-2.8-32.8-16.2-37.9-18-5.1-1.9-8.8-2.8-12.5 2.8-3.7 5.6-14.3 18-17.6 21.8-3.2 3.7-6.5 4.2-12 1.4-32.6-16.3-54-29.1-75.5-66-5.7-9.8 5.7-9.1 16.3-30.3 1.8-3.7.9-6.9-.5-9.7-1.4-2.8-12.5-30.1-17.1-41.2-4.5-10.8-9.1-9.3-12.5-9.5-3.2-.2-6.9-.2-10.6-.2-3.7 0-9.7 1.4-14.8 6.9-5.1 5.6-19.4 19-19.4 46.3 0 27.3 19.9 53.7 22.6 57.4 2.8 3.7 39.1 59.7 94.8 83.8 35.2 15.2 49 16.5 66.6 13.9 10.7-1.6 32.8-13.4 37.4-26.4 4.6-13 4.6-24.1 3.2-26.4-1.3-2.5-5-3.9-10.5-6.6z\"><\/path><\/svg>\t\t\t<\/span>\n\t\t\t\t\t\t\t\t\t<span class=\"elementor-button-text\">WhatsApp Chat<\/span>\n\t\t\t\t\t<\/span>\n\t\t\t\t\t<\/a>\n\t\t<\/div>\n\t\t\t\t<\/div>\n\t\t\t\t<\/div>\n\t\t\t\t<\/div>\n\t\t\t\t<\/div>\n\t\t<div class=\"elementor-element elementor-element-51a8317 e-con-full e-flex e-con e-child\" data-id=\"51a8317\" data-element_type=\"container\" data-settings=\"{&quot;_ha_eqh_enable&quot;:false,&quot;ekit_has_onepagescroll_dot&quot;:&quot;yes&quot;}\">\n\t\t\t\t<div class=\"elementor-element elementor-element-9c19c18 animated-slow elementor-invisible elementor-widget elementor-widget-image\" data-id=\"9c19c18\" data-element_type=\"widget\" data-settings=\"{&quot;_animation&quot;:&quot;slideInUp&quot;,&quot;ekit_we_effect_on&quot;:&quot;none&quot;}\" data-widget_type=\"image.default\">\n\t\t\t\t<div class=\"elementor-widget-container\">\n\t\t\t\t\t\t\t\t\t\t\t\t\t<img fetchpriority=\"high\" decoding=\"async\" width=\"1600\" height=\"720\" src=\"https:\/\/ambulanceflight.com\/wp-content\/uploads\/2025\/12\/rapide-reponse.jpeg\" class=\"attachment-full size-full wp-image-1304\" alt=\"\" srcset=\"https:\/\/ambulanceflight.com\/wp-content\/uploads\/2025\/12\/rapide-reponse.jpeg 1600w, https:\/\/ambulanceflight.com\/wp-content\/uploads\/2025\/12\/rapide-reponse-300x135.jpeg 300w, https:\/\/ambulanceflight.com\/wp-content\/uploads\/2025\/12\/rapide-reponse-1024x461.jpeg 1024w, https:\/\/ambulanceflight.com\/wp-content\/uploads\/2025\/12\/rapide-reponse-768x346.jpeg 768w, https:\/\/ambulanceflight.com\/wp-content\/uploads\/2025\/12\/rapide-reponse-1536x691.jpeg 1536w\" sizes=\"(max-width: 1600px) 100vw, 1600px\" \/>\t\t\t\t\t\t\t\t\t\t\t\t\t<\/div>\n\t\t\t\t<\/div>\n\t\t\t\t<\/div>\n\t\t\t\t<\/div>\n\t\t\t\t\t<\/div>\n\t\t\t\t<\/div>\n\t\t\t\t<\/div>\n\t\t","protected":false},"excerpt":{"rendered":"<p>Flotte Accueil &#8211; Flotte Des ambulances a\u00e9riennes modernes et enti\u00e8rement \u00e9quip\u00e9es pour chaque mission Chez AmbulanceFlight.com, nous exploitons une flotte diversifi\u00e9e d\u2019avions \u00e9quip\u00e9s m\u00e9dicalement con\u00e7us pour g\u00e9rer tous les types de transferts de patients, des courts trajets r\u00e9gionaux aux vols internationaux longue distance. Chaque avion est configur\u00e9 comme une unit\u00e9 de soins intensifs (USI) volante, [&hellip;]<\/p>\n","protected":false},"author":1,"featured_media":0,"parent":0,"menu_order":0,"comment_status":"closed","ping_status":"closed","template":"elementor_header_footer","meta":{"footnotes":""},"class_list":["post-479","page","type-page","status-publish","hentry"],"_links":{"self":[{"href":"https:\/\/ambulanceflight.com\/fr\/wp-json\/wp\/v2\/pages\/479","targetHints":{"allow":["GET"]}}],"collection":[{"href":"https:\/\/ambulanceflight.com\/fr\/wp-json\/wp\/v2\/pages"}],"about":[{"href":"https:\/\/ambulanceflight.com\/fr\/wp-json\/wp\/v2\/types\/page"}],"author":[{"embeddable":true,"href":"https:\/\/ambulanceflight.com\/fr\/wp-json\/wp\/v2\/users\/1"}],"replies":[{"embeddable":true,"href":"https:\/\/ambulanceflight.com\/fr\/wp-json\/wp\/v2\/comments?post=479"}],"version-history":[{"count":21,"href":"https:\/\/ambulanceflight.com\/fr\/wp-json\/wp\/v2\/pages\/479\/revisions"}],"predecessor-version":[{"id":2464,"href":"https:\/\/ambulanceflight.com\/fr\/wp-json\/wp\/v2\/pages\/479\/revisions\/2464"}],"wp:attachment":[{"href":"https:\/\/ambulanceflight.com\/fr\/wp-json\/wp\/v2\/media?parent=479"}],"curies":[{"name":"wp","href":"https:\/\/api.w.org\/{rel}","templated":true}]}}