{"id":2116,"date":"2025-12-31T16:01:50","date_gmt":"2025-12-31T16:01:50","guid":{"rendered":"https:\/\/ambulanceflight.com\/falcon-900\/"},"modified":"2026-04-15T14:22:02","modified_gmt":"2026-04-15T14:22:02","slug":"falcon-900","status":"publish","type":"page","link":"https:\/\/ambulanceflight.com\/fr\/flotte\/heavy-jet\/falcon-900\/","title":{"rendered":"Falcon 900"},"content":{"rendered":"\t\t<div data-elementor-type=\"wp-page\" data-elementor-id=\"2116\" class=\"elementor elementor-2116 elementor-2109\" data-elementor-settings=\"{&quot;ha_cmc_init_switcher&quot;:&quot;no&quot;}\" data-elementor-post-type=\"page\">\n\t\t\t\t<div class=\"elementor-element elementor-element-1024ae3 e-flex e-con-boxed e-con e-parent\" data-id=\"1024ae3\" data-element_type=\"container\" data-settings=\"{&quot;_ha_eqh_enable&quot;:false,&quot;ekit_has_onepagescroll_dot&quot;:&quot;yes&quot;}\">\n\t\t\t\t\t<div class=\"e-con-inner\">\n\t\t<div class=\"elementor-element elementor-element-b4dbc45 e-con-full e-flex e-con e-child\" data-id=\"b4dbc45\" data-element_type=\"container\" data-settings=\"{&quot;_ha_eqh_enable&quot;:false,&quot;ekit_has_onepagescroll_dot&quot;:&quot;yes&quot;}\">\n\t\t\t\t<div class=\"elementor-element elementor-element-a991142 elementor-widget elementor-widget-image\" data-id=\"a991142\" data-element_type=\"widget\" data-settings=\"{&quot;ekit_we_effect_on&quot;:&quot;none&quot;}\" data-widget_type=\"image.default\">\n\t\t\t\t<div class=\"elementor-widget-container\">\n\t\t\t\t\t\t\t\t\t\t\t\t\t<img fetchpriority=\"high\" decoding=\"async\" width=\"736\" height=\"607\" src=\"https:\/\/ambulanceflight.com\/wp-content\/uploads\/2025\/12\/Falcon-900EX-1.jpg\" class=\"attachment-large size-large wp-image-2118\" alt=\"\" srcset=\"https:\/\/ambulanceflight.com\/wp-content\/uploads\/2025\/12\/Falcon-900EX-1.jpg 736w, https:\/\/ambulanceflight.com\/wp-content\/uploads\/2025\/12\/Falcon-900EX-1-300x247.jpg 300w\" sizes=\"(max-width: 736px) 100vw, 736px\" \/>\t\t\t\t\t\t\t\t\t\t\t\t\t<\/div>\n\t\t\t\t<\/div>\n\t\t\t\t<\/div>\n\t\t<div class=\"elementor-element elementor-element-4a51f56 e-con-full e-flex e-con e-child\" data-id=\"4a51f56\" data-element_type=\"container\" data-settings=\"{&quot;_ha_eqh_enable&quot;:false,&quot;ekit_has_onepagescroll_dot&quot;:&quot;yes&quot;}\">\n\t\t<div class=\"elementor-element elementor-element-a5cd3cb e-con-full e-flex e-con e-child\" data-id=\"a5cd3cb\" data-element_type=\"container\" data-settings=\"{&quot;_ha_eqh_enable&quot;:false,&quot;ekit_has_onepagescroll_dot&quot;:&quot;yes&quot;}\">\n\t\t\t\t<div class=\"elementor-element elementor-element-c21e967 elementor-widget elementor-widget-image\" data-id=\"c21e967\" data-element_type=\"widget\" data-settings=\"{&quot;ekit_we_effect_on&quot;:&quot;none&quot;}\" data-widget_type=\"image.default\">\n\t\t\t\t<div class=\"elementor-widget-container\">\n\t\t\t\t\t\t\t\t\t\t\t\t\t<img decoding=\"async\" width=\"800\" height=\"534\" src=\"https:\/\/ambulanceflight.com\/wp-content\/uploads\/2026\/01\/Airlec_Falcon-900-EX-3-1024x683.jpg\" class=\"attachment-large size-large wp-image-3028\" alt=\"\" srcset=\"https:\/\/ambulanceflight.com\/wp-content\/uploads\/2026\/01\/Airlec_Falcon-900-EX-3-1024x683.jpg 1024w, https:\/\/ambulanceflight.com\/wp-content\/uploads\/2026\/01\/Airlec_Falcon-900-EX-3-300x200.jpg 300w, https:\/\/ambulanceflight.com\/wp-content\/uploads\/2026\/01\/Airlec_Falcon-900-EX-3-768x512.jpg 768w, https:\/\/ambulanceflight.com\/wp-content\/uploads\/2026\/01\/Airlec_Falcon-900-EX-3.jpg 1225w\" sizes=\"(max-width: 800px) 100vw, 800px\" \/>\t\t\t\t\t\t\t\t\t\t\t\t\t<\/div>\n\t\t\t\t<\/div>\n\t\t\t\t<\/div>\n\t\t<div class=\"elementor-element elementor-element-821eb58 e-con-full e-flex e-con e-child\" data-id=\"821eb58\" data-element_type=\"container\" data-settings=\"{&quot;_ha_eqh_enable&quot;:false,&quot;ekit_has_onepagescroll_dot&quot;:&quot;yes&quot;}\">\n\t\t\t\t<\/div>\n\t\t\t\t<\/div>\n\t\t\t\t\t<\/div>\n\t\t\t\t<\/div>\n\t\t<div class=\"elementor-element elementor-element-f9f403c e-flex e-con-boxed e-con e-parent\" data-id=\"f9f403c\" data-element_type=\"container\" data-settings=\"{&quot;background_background&quot;:&quot;classic&quot;,&quot;_ha_eqh_enable&quot;:false,&quot;ekit_has_onepagescroll_dot&quot;:&quot;yes&quot;}\">\n\t\t\t\t\t<div class=\"e-con-inner\">\n\t\t\t\t<div class=\"elementor-element elementor-element-33980db elementor-widget elementor-widget-text-editor\" data-id=\"33980db\" data-element_type=\"widget\" data-settings=\"{&quot;ekit_we_effect_on&quot;:&quot;none&quot;}\" data-widget_type=\"text-editor.default\">\n\t\t\t\t<div class=\"elementor-widget-container\">\n\t\t\t\t\t\t\t<p data-path-to-node=\"0\"> <\/p><p data-path-to-node=\"0\">Le <b data-path-to-node=\"0\" data-index-in-node=\"4\">Dassault Falcon 900<\/b> est l\u2019un des avions lourds les plus polyvalents et prestigieux de la flotte mondiale d\u2019ambulances a\u00e9riennes. Comme le Falcon 50, il dispose d\u2019une <b data-path-to-node=\"0\" data-index-in-node=\"149\">configuration trir\u00e9acteur (trois moteurs),<\/b> offrant une s\u00e9curit\u00e9 et des performances in\u00e9gal\u00e9es pour les vols transoc\u00e9aniques et les op\u00e9rations depuis des a\u00e9roports difficiles. Elle offre une cabine beaucoup plus grande et une port\u00e9e nettement plus large, ce qui en fait un choix de premier plan pour d\u00e9placer des patients gravement malades \u00e0 travers le monde.  <\/p><p data-path-to-node=\"1\">La Falcon 900 est r\u00e9put\u00e9e pour son habitacle \u00ab debout \u00bb \u00e0 fuselage large et son environnement extr\u00eamement silencieux. Sa capacit\u00e9 \u00e0 parcourir de longues distances \u00e0 grande vitesse tout en maintenant une altitude basse (pressurisation sup\u00e9rieure) est essentielle pour les patients ayant des besoins cardiaques ou respiratoires complexes, afin de garantir leur arriv\u00e9e dans les meilleures conditions possibles. <\/p><p data-path-to-node=\"1\"> <\/p><h3 data-path-to-node=\"3\">\u00c9quipement m\u00e9dical<\/h3><p data-path-to-node=\"4\">Le Falcon 900 est une unit\u00e9 de <b data-path-to-node=\"4\" data-index-in-node=\"20\">soins intensifs (USI) de vol lourde<\/b>. Son int\u00e9rieur spacieux permet une large gamme de configurations m\u00e9dicales, notamment la possibilit\u00e9 de transporter deux patients avec deux \u00e9quipes m\u00e9dicales distinctes, ou un patient avec un grand groupe de membres de la famille. <\/p><ul data-path-to-node=\"5\"><li><p data-path-to-node=\"5,0,0\">Ventilateur de transport avanc\u00e9 de qualit\u00e9 r\u00e9animation<\/p><\/li><li><p data-path-to-node=\"5,1,0\">Moniteur multiparam\u00e8tre haut de gamme (ECG 12 d\u00e9rivations, SpO2, EtCO2, IBP\/NIBP, Temp\u00e9rature)<\/p><\/li><li><p data-path-to-node=\"5,2,0\">D\u00e9fibrillateur biphasique, stimulateur cardiaque externe et DEA<\/p><\/li><li><p data-path-to-node=\"5,3,0\">Une banque int\u00e9gr\u00e9e de jusqu\u2019\u00e0 10 tourne-seringues de pr\u00e9cision et des pompes \u00e0 perfusion<\/p><\/li><li><p data-path-to-node=\"5,4,0\">Syst\u00e8mes m\u00e9dicaux d\u2019aspiration \u00e0 double circuit et haute capacit\u00e9<\/p><\/li><li><p data-path-to-node=\"5,5,0\">Analyseur de gaz sanguin et d\u2019\u00e9lectrolytes au point de soins (i-STAT \/ EPOC)<\/p><\/li><li><p data-path-to-node=\"5,6,0\">Kits complets d\u2019urgence, de chirurgie et de r\u00e9animation<\/p><\/li><li><p data-path-to-node=\"5,7,0\">Soutien sp\u00e9cialis\u00e9 pour les missions \u00e0 haute acuit\u00e9 : Incubateur n\u00e9onatal, ECMO ou IABP<\/p><\/li><li><p data-path-to-node=\"5,8,0\">D\u2019\u00e9normes r\u00e9serves d\u2019oxyg\u00e8ne m\u00e9dical pour les ultra-longs courriers et une redondance d\u2019\u00e9nergie d\u00e9di\u00e9e<\/p><\/li><\/ul><blockquote data-path-to-node=\"6\"><p data-path-to-node=\"6,0\"><i data-path-to-node=\"6,0\" data-index-in-node=\"0\">La cabine du Falcon 900 est divis\u00e9e en trois zones, permettant \u00e0 l\u2019\u00e9quipe m\u00e9dicale de se concentrer sur le patient dans une zone tandis que les membres de la famille et l\u2019\u00e9quipe de secours se reposent dans des sections s\u00e9par\u00e9es et priv\u00e9es de l\u2019appareil.<\/i><\/p><\/blockquote><table data-path-to-node=\"9\"><thead><tr><td><strong><\/strong><\/td><td><strong>Sp\u00e9cification<\/strong> des caract\u00e9ristiques<\/td><\/tr><\/thead><tbody><tr><td><span data-path-to-node=\"9,1,0,0\"><b data-path-to-node=\"9,1,0,0\" data-index-in-node=\"0\">Vitesse de croisi\u00e8re<\/b><\/span><\/td><td><span data-path-to-node=\"9,1,1,0\">: environ 850 km\/h (459 kt)<\/span><\/td><\/tr><tr><td><span data-path-to-node=\"9,2,0,0\"><b data-path-to-node=\"9,2,0,0\" data-index-in-node=\"0\">Autonomie<\/b><\/span><\/td><td><span data-path-to-node=\"9,2,1,0\">: environ 7 400 km &#8211; 8 800 km (selon le mod\u00e8le : B\/EX\/LX)<\/span><\/td><\/tr><tr><td><span data-path-to-node=\"9,3,0,0\"><b data-path-to-node=\"9,3,0,0\" data-index-in-node=\"0\"><\/b><\/span><\/td><td><span data-path-to-node=\"9,3,1,0\">Moteurs : 3 x Honeywell TFE731-5BR ou -60<\/span><\/td><\/tr><tr><td><span data-path-to-node=\"9,4,0,0\"><b data-path-to-node=\"9,4,0,0\" data-index-in-node=\"0\">Plafond de service<\/b><\/span><\/td><td><span data-path-to-node=\"9,4,1,0\">51 000 ft (15 545 m)<\/span><\/td><\/tr><tr><td><span data-path-to-node=\"9,5,0,0\"><b data-path-to-node=\"9,5,0,0\" data-index-in-node=\"0\">Avantage cl\u00e9<\/b><\/span><\/td><td><span data-path-to-node=\"9,5,1,0\">: s\u00e9curit\u00e9 Trijet pour les missions long-courriers et confort \u00e0 fuselage large<\/span><\/td><\/tr><\/tbody><\/table>\t\t\t\t\t\t<\/div>\n\t\t\t\t<\/div>\n\t\t\t\t\t<\/div>\n\t\t\t\t<\/div>\n\t\t\t\t<\/div>\n\t\t","protected":false},"excerpt":{"rendered":"<p>Le Dassault Falcon 900 est l\u2019un des avions lourds les plus polyvalents et prestigieux de la flotte mondiale d\u2019ambulances a\u00e9riennes. Comme le Falcon 50, il dispose d\u2019une configuration trir\u00e9acteur (trois moteurs), offrant une s\u00e9curit\u00e9 et des performances in\u00e9gal\u00e9es pour les vols transoc\u00e9aniques et les op\u00e9rations depuis des a\u00e9roports difficiles. Elle offre une cabine beaucoup plus [&hellip;]<\/p>\n","protected":false},"author":1,"featured_media":0,"parent":1607,"menu_order":0,"comment_status":"closed","ping_status":"closed","template":"","meta":{"footnotes":""},"class_list":["post-2116","page","type-page","status-publish","hentry"],"yoast_head":"<!-- This site is optimized with the Yoast SEO plugin v27.6 - https:\/\/yoast.com\/product\/yoast-seo-wordpress\/ -->\n<title>Falcon 900 - Services mondiaux d\u2019ambulance a\u00e9rienne<\/title>\n<meta name=\"robots\" content=\"index, follow, max-snippet:-1, max-image-preview:large, max-video-preview:-1\" \/>\n<link rel=\"canonical\" href=\"https:\/\/ambulanceflight.com\/fr\/flotte\/heavy-jet\/falcon-900\/\" \/>\n<meta property=\"og:locale\" content=\"fr_FR\" \/>\n<meta property=\"og:type\" content=\"article\" \/>\n<meta property=\"og:title\" content=\"Falcon 900 - Services mondiaux d\u2019ambulance a\u00e9rienne\" \/>\n<meta property=\"og:description\" content=\"Le Dassault Falcon 900 est l\u2019un des avions lourds les plus polyvalents et prestigieux de la flotte mondiale d\u2019ambulances a\u00e9riennes. Comme le Falcon 50, il dispose d\u2019une configuration trir\u00e9acteur (trois moteurs), offrant une s\u00e9curit\u00e9 et des performances in\u00e9gal\u00e9es pour les vols transoc\u00e9aniques et les op\u00e9rations depuis des a\u00e9roports difficiles. Elle offre une cabine beaucoup plus [&hellip;]\" \/>\n<meta property=\"og:url\" content=\"https:\/\/ambulanceflight.com\/fr\/flotte\/heavy-jet\/falcon-900\/\" \/>\n<meta property=\"og:site_name\" content=\"Services mondiaux d\u2019ambulance a\u00e9rienne\" \/>\n<meta property=\"article:modified_time\" content=\"2026-04-15T14:22:02+00:00\" \/>\n<meta property=\"og:image\" content=\"http:\/\/ambulanceflight.com\/wp-content\/uploads\/2025\/12\/Falcon-900EX-1.jpg\" \/>\n<meta name=\"twitter:card\" content=\"summary_large_image\" \/>\n<meta name=\"twitter:label1\" content=\"Dur\u00e9e de lecture estim\u00e9e\" \/>\n\t<meta name=\"twitter:data1\" content=\"2 minutes\" \/>\n<script type=\"application\/ld+json\" class=\"yoast-schema-graph\">{\"@context\":\"https:\\\/\\\/schema.org\",\"@graph\":[{\"@type\":\"WebPage\",\"@id\":\"https:\\\/\\\/ambulanceflight.com\\\/fr\\\/flotte\\\/heavy-jet\\\/falcon-900\\\/\",\"url\":\"https:\\\/\\\/ambulanceflight.com\\\/fr\\\/flotte\\\/heavy-jet\\\/falcon-900\\\/\",\"name\":\"Falcon 900 - Services mondiaux d\u2019ambulance a\u00e9rienne\",\"isPartOf\":{\"@id\":\"https:\\\/\\\/ambulanceflight.com\\\/fr\\\/#website\"},\"primaryImageOfPage\":{\"@id\":\"https:\\\/\\\/ambulanceflight.com\\\/fr\\\/flotte\\\/heavy-jet\\\/falcon-900\\\/#primaryimage\"},\"image\":{\"@id\":\"https:\\\/\\\/ambulanceflight.com\\\/fr\\\/flotte\\\/heavy-jet\\\/falcon-900\\\/#primaryimage\"},\"thumbnailUrl\":\"http:\\\/\\\/ambulanceflight.com\\\/wp-content\\\/uploads\\\/2025\\\/12\\\/Falcon-900EX-1.jpg\",\"datePublished\":\"2025-12-31T16:01:50+00:00\",\"dateModified\":\"2026-04-15T14:22:02+00:00\",\"breadcrumb\":{\"@id\":\"https:\\\/\\\/ambulanceflight.com\\\/fr\\\/flotte\\\/heavy-jet\\\/falcon-900\\\/#breadcrumb\"},\"inLanguage\":\"fr-FR\",\"potentialAction\":[{\"@type\":\"ReadAction\",\"target\":[\"https:\\\/\\\/ambulanceflight.com\\\/fr\\\/flotte\\\/heavy-jet\\\/falcon-900\\\/\"]}]},{\"@type\":\"ImageObject\",\"inLanguage\":\"fr-FR\",\"@id\":\"https:\\\/\\\/ambulanceflight.com\\\/fr\\\/flotte\\\/heavy-jet\\\/falcon-900\\\/#primaryimage\",\"url\":\"http:\\\/\\\/ambulanceflight.com\\\/wp-content\\\/uploads\\\/2025\\\/12\\\/Falcon-900EX-1.jpg\",\"contentUrl\":\"http:\\\/\\\/ambulanceflight.com\\\/wp-content\\\/uploads\\\/2025\\\/12\\\/Falcon-900EX-1.jpg\"},{\"@type\":\"BreadcrumbList\",\"@id\":\"https:\\\/\\\/ambulanceflight.com\\\/fr\\\/flotte\\\/heavy-jet\\\/falcon-900\\\/#breadcrumb\",\"itemListElement\":[{\"@type\":\"ListItem\",\"position\":1,\"name\":\"Home\",\"item\":\"https:\\\/\\\/ambulanceflight.com\\\/fr\\\/\"},{\"@type\":\"ListItem\",\"position\":2,\"name\":\"Flotte\",\"item\":\"https:\\\/\\\/ambulanceflight.com\\\/fr\\\/fleet\\\/\"},{\"@type\":\"ListItem\",\"position\":3,\"name\":\"Heavy Jet\",\"item\":\"https:\\\/\\\/ambulanceflight.com\\\/fr\\\/fleet\\\/heavy-jet\\\/\"},{\"@type\":\"ListItem\",\"position\":4,\"name\":\"Falcon 900\"}]},{\"@type\":\"WebSite\",\"@id\":\"https:\\\/\\\/ambulanceflight.com\\\/fr\\\/#website\",\"url\":\"https:\\\/\\\/ambulanceflight.com\\\/fr\\\/\",\"name\":\"Services mondiaux d\u2019ambulance a\u00e9rienne\",\"description\":\"Des transferts rapides, s\u00fbrs et enti\u00e8rement \u00e9quip\u00e9s en ambulance a\u00e9rienne pour les patients partout dans le monde.\",\"potentialAction\":[{\"@type\":\"SearchAction\",\"target\":{\"@type\":\"EntryPoint\",\"urlTemplate\":\"https:\\\/\\\/ambulanceflight.com\\\/fr\\\/?s={search_term_string}\"},\"query-input\":{\"@type\":\"PropertyValueSpecification\",\"valueRequired\":true,\"valueName\":\"search_term_string\"}}],\"inLanguage\":\"fr-FR\"}]}<\/script>\n<!-- \/ Yoast SEO plugin. -->","yoast_head_json":{"title":"Falcon 900 - Services mondiaux d\u2019ambulance a\u00e9rienne","robots":{"index":"index","follow":"follow","max-snippet":"max-snippet:-1","max-image-preview":"max-image-preview:large","max-video-preview":"max-video-preview:-1"},"canonical":"https:\/\/ambulanceflight.com\/fr\/flotte\/heavy-jet\/falcon-900\/","og_locale":"fr_FR","og_type":"article","og_title":"Falcon 900 - Services mondiaux d\u2019ambulance a\u00e9rienne","og_description":"Le Dassault Falcon 900 est l\u2019un des avions lourds les plus polyvalents et prestigieux de la flotte mondiale d\u2019ambulances a\u00e9riennes. Comme le Falcon 50, il dispose d\u2019une configuration trir\u00e9acteur (trois moteurs), offrant une s\u00e9curit\u00e9 et des performances in\u00e9gal\u00e9es pour les vols transoc\u00e9aniques et les op\u00e9rations depuis des a\u00e9roports difficiles. Elle offre une cabine beaucoup plus [&hellip;]","og_url":"https:\/\/ambulanceflight.com\/fr\/flotte\/heavy-jet\/falcon-900\/","og_site_name":"Services mondiaux d\u2019ambulance a\u00e9rienne","article_modified_time":"2026-04-15T14:22:02+00:00","og_image":[{"url":"http:\/\/ambulanceflight.com\/wp-content\/uploads\/2025\/12\/Falcon-900EX-1.jpg","type":"","width":"","height":""}],"twitter_card":"summary_large_image","twitter_misc":{"Dur\u00e9e de lecture estim\u00e9e":"2 minutes"},"schema":{"@context":"https:\/\/schema.org","@graph":[{"@type":"WebPage","@id":"https:\/\/ambulanceflight.com\/fr\/flotte\/heavy-jet\/falcon-900\/","url":"https:\/\/ambulanceflight.com\/fr\/flotte\/heavy-jet\/falcon-900\/","name":"Falcon 900 - Services mondiaux d\u2019ambulance a\u00e9rienne","isPartOf":{"@id":"https:\/\/ambulanceflight.com\/fr\/#website"},"primaryImageOfPage":{"@id":"https:\/\/ambulanceflight.com\/fr\/flotte\/heavy-jet\/falcon-900\/#primaryimage"},"image":{"@id":"https:\/\/ambulanceflight.com\/fr\/flotte\/heavy-jet\/falcon-900\/#primaryimage"},"thumbnailUrl":"http:\/\/ambulanceflight.com\/wp-content\/uploads\/2025\/12\/Falcon-900EX-1.jpg","datePublished":"2025-12-31T16:01:50+00:00","dateModified":"2026-04-15T14:22:02+00:00","breadcrumb":{"@id":"https:\/\/ambulanceflight.com\/fr\/flotte\/heavy-jet\/falcon-900\/#breadcrumb"},"inLanguage":"fr-FR","potentialAction":[{"@type":"ReadAction","target":["https:\/\/ambulanceflight.com\/fr\/flotte\/heavy-jet\/falcon-900\/"]}]},{"@type":"ImageObject","inLanguage":"fr-FR","@id":"https:\/\/ambulanceflight.com\/fr\/flotte\/heavy-jet\/falcon-900\/#primaryimage","url":"http:\/\/ambulanceflight.com\/wp-content\/uploads\/2025\/12\/Falcon-900EX-1.jpg","contentUrl":"http:\/\/ambulanceflight.com\/wp-content\/uploads\/2025\/12\/Falcon-900EX-1.jpg"},{"@type":"BreadcrumbList","@id":"https:\/\/ambulanceflight.com\/fr\/flotte\/heavy-jet\/falcon-900\/#breadcrumb","itemListElement":[{"@type":"ListItem","position":1,"name":"Home","item":"https:\/\/ambulanceflight.com\/fr\/"},{"@type":"ListItem","position":2,"name":"Flotte","item":"https:\/\/ambulanceflight.com\/fr\/fleet\/"},{"@type":"ListItem","position":3,"name":"Heavy Jet","item":"https:\/\/ambulanceflight.com\/fr\/fleet\/heavy-jet\/"},{"@type":"ListItem","position":4,"name":"Falcon 900"}]},{"@type":"WebSite","@id":"https:\/\/ambulanceflight.com\/fr\/#website","url":"https:\/\/ambulanceflight.com\/fr\/","name":"Services mondiaux d\u2019ambulance a\u00e9rienne","description":"Des transferts rapides, s\u00fbrs et enti\u00e8rement \u00e9quip\u00e9s en ambulance a\u00e9rienne pour les patients partout dans le monde.","potentialAction":[{"@type":"SearchAction","target":{"@type":"EntryPoint","urlTemplate":"https:\/\/ambulanceflight.com\/fr\/?s={search_term_string}"},"query-input":{"@type":"PropertyValueSpecification","valueRequired":true,"valueName":"search_term_string"}}],"inLanguage":"fr-FR"}]}},"_links":{"self":[{"href":"https:\/\/ambulanceflight.com\/fr\/wp-json\/wp\/v2\/pages\/2116","targetHints":{"allow":["GET"]}}],"collection":[{"href":"https:\/\/ambulanceflight.com\/fr\/wp-json\/wp\/v2\/pages"}],"about":[{"href":"https:\/\/ambulanceflight.com\/fr\/wp-json\/wp\/v2\/types\/page"}],"author":[{"embeddable":true,"href":"https:\/\/ambulanceflight.com\/fr\/wp-json\/wp\/v2\/users\/1"}],"replies":[{"embeddable":true,"href":"https:\/\/ambulanceflight.com\/fr\/wp-json\/wp\/v2\/comments?post=2116"}],"version-history":[{"count":3,"href":"https:\/\/ambulanceflight.com\/fr\/wp-json\/wp\/v2\/pages\/2116\/revisions"}],"predecessor-version":[{"id":3029,"href":"https:\/\/ambulanceflight.com\/fr\/wp-json\/wp\/v2\/pages\/2116\/revisions\/3029"}],"up":[{"embeddable":true,"href":"https:\/\/ambulanceflight.com\/fr\/wp-json\/wp\/v2\/pages\/1607"}],"wp:attachment":[{"href":"https:\/\/ambulanceflight.com\/fr\/wp-json\/wp\/v2\/media?parent=2116"}],"curies":[{"name":"wp","href":"https:\/\/api.w.org\/{rel}","templated":true}]}}