{"id":2090,"date":"2025-12-31T16:00:05","date_gmt":"2025-12-31T16:00:05","guid":{"rendered":"https:\/\/ambulanceflight.com\/gulfstream-gv\/"},"modified":"2026-04-15T14:22:02","modified_gmt":"2026-04-15T14:22:02","slug":"gulfstream-gv","status":"publish","type":"page","link":"https:\/\/ambulanceflight.com\/fr\/flotte\/heavy-jet\/gulfstream-gv\/","title":{"rendered":"Gulfstream GV"},"content":{"rendered":"\t\t<div data-elementor-type=\"wp-page\" data-elementor-id=\"2090\" class=\"elementor elementor-2090 elementor-2082\" data-elementor-settings=\"{&quot;ha_cmc_init_switcher&quot;:&quot;no&quot;}\" data-elementor-post-type=\"page\">\n\t\t\t\t<div class=\"elementor-element elementor-element-0caaceb e-flex e-con-boxed e-con e-parent\" data-id=\"0caaceb\" data-element_type=\"container\" data-settings=\"{&quot;_ha_eqh_enable&quot;:false,&quot;ekit_has_onepagescroll_dot&quot;:&quot;yes&quot;}\">\n\t\t\t\t\t<div class=\"e-con-inner\">\n\t\t<div class=\"elementor-element elementor-element-a3463ba e-con-full e-flex e-con e-child\" data-id=\"a3463ba\" data-element_type=\"container\" data-settings=\"{&quot;_ha_eqh_enable&quot;:false,&quot;ekit_has_onepagescroll_dot&quot;:&quot;yes&quot;}\">\n\t\t\t\t<div class=\"elementor-element elementor-element-b461129 elementor-widget elementor-widget-image\" data-id=\"b461129\" data-element_type=\"widget\" data-settings=\"{&quot;ekit_we_effect_on&quot;:&quot;none&quot;}\" data-widget_type=\"image.default\">\n\t\t\t\t<div class=\"elementor-widget-container\">\n\t\t\t\t\t\t\t\t\t\t\t\t\t<img fetchpriority=\"high\" decoding=\"async\" width=\"736\" height=\"920\" src=\"https:\/\/ambulanceflight.com\/wp-content\/uploads\/2025\/12\/9-2.jpg\" class=\"attachment-large size-large wp-image-2092\" alt=\"\" srcset=\"https:\/\/ambulanceflight.com\/wp-content\/uploads\/2025\/12\/9-2.jpg 736w, https:\/\/ambulanceflight.com\/wp-content\/uploads\/2025\/12\/9-2-240x300.jpg 240w\" sizes=\"(max-width: 736px) 100vw, 736px\" \/>\t\t\t\t\t\t\t\t\t\t\t\t\t<\/div>\n\t\t\t\t<\/div>\n\t\t\t\t<\/div>\n\t\t<div class=\"elementor-element elementor-element-2080efc e-con-full e-flex e-con e-child\" data-id=\"2080efc\" data-element_type=\"container\" data-settings=\"{&quot;_ha_eqh_enable&quot;:false,&quot;ekit_has_onepagescroll_dot&quot;:&quot;yes&quot;}\">\n\t\t<div class=\"elementor-element elementor-element-ae33363 e-con-full e-flex e-con e-child\" data-id=\"ae33363\" data-element_type=\"container\" data-settings=\"{&quot;_ha_eqh_enable&quot;:false,&quot;ekit_has_onepagescroll_dot&quot;:&quot;yes&quot;}\">\n\t\t\t\t<div class=\"elementor-element elementor-element-20cfffb elementor-widget elementor-widget-image\" data-id=\"20cfffb\" data-element_type=\"widget\" data-settings=\"{&quot;ekit_we_effect_on&quot;:&quot;none&quot;}\" data-widget_type=\"image.default\">\n\t\t\t\t<div class=\"elementor-widget-container\">\n\t\t\t\t\t\t\t\t\t\t\t\t\t<img decoding=\"async\" width=\"800\" height=\"457\" src=\"https:\/\/ambulanceflight.com\/wp-content\/uploads\/2026\/01\/WhatsApp-Image-2026-01-23-at-14.15.41-1024x585.jpeg\" class=\"attachment-large size-large wp-image-3036\" alt=\"\" srcset=\"https:\/\/ambulanceflight.com\/wp-content\/uploads\/2026\/01\/WhatsApp-Image-2026-01-23-at-14.15.41-1024x585.jpeg 1024w, https:\/\/ambulanceflight.com\/wp-content\/uploads\/2026\/01\/WhatsApp-Image-2026-01-23-at-14.15.41-300x171.jpeg 300w, https:\/\/ambulanceflight.com\/wp-content\/uploads\/2026\/01\/WhatsApp-Image-2026-01-23-at-14.15.41-768x439.jpeg 768w, https:\/\/ambulanceflight.com\/wp-content\/uploads\/2026\/01\/WhatsApp-Image-2026-01-23-at-14.15.41.jpeg 1536w\" sizes=\"(max-width: 800px) 100vw, 800px\" \/>\t\t\t\t\t\t\t\t\t\t\t\t\t<\/div>\n\t\t\t\t<\/div>\n\t\t\t\t<\/div>\n\t\t<div class=\"elementor-element elementor-element-a2ff95e e-con-full e-flex e-con e-child\" data-id=\"a2ff95e\" data-element_type=\"container\" data-settings=\"{&quot;_ha_eqh_enable&quot;:false,&quot;ekit_has_onepagescroll_dot&quot;:&quot;yes&quot;}\">\n\t\t\t\t<\/div>\n\t\t\t\t<\/div>\n\t\t\t\t\t<\/div>\n\t\t\t\t<\/div>\n\t\t<div class=\"elementor-element elementor-element-211d9bf e-flex e-con-boxed e-con e-parent\" data-id=\"211d9bf\" data-element_type=\"container\" data-settings=\"{&quot;background_background&quot;:&quot;classic&quot;,&quot;_ha_eqh_enable&quot;:false,&quot;ekit_has_onepagescroll_dot&quot;:&quot;yes&quot;}\">\n\t\t\t\t\t<div class=\"e-con-inner\">\n\t\t\t\t<div class=\"elementor-element elementor-element-b9fcad0 elementor-widget elementor-widget-text-editor\" data-id=\"b9fcad0\" data-element_type=\"widget\" data-settings=\"{&quot;ekit_we_effect_on&quot;:&quot;none&quot;}\" data-widget_type=\"text-editor.default\">\n\t\t\t\t<div class=\"elementor-widget-container\">\n\t\t\t\t\t\t\t<p data-path-to-node=\"0\"> <\/p><p data-path-to-node=\"0\">Le <b data-path-to-node=\"0\" data-index-in-node=\"4\">Gulfstream G-V (G5)<\/b> est l\u2019un des jets ultra-longue port\u00e9e les plus performants au monde, repr\u00e9sentant le sommet du transport a\u00e9rom\u00e9dical international. Il est con\u00e7u pour combler les distances les plus \u00e9loign\u00e9es sur la plan\u00e8te, comme des vols directs de l\u2019Europe vers l\u2019Asie du Sud-Est ou des Am\u00e9riques vers l\u2019Afrique. Son principal avantage est son autonomie incroyable et sa vitesse de croisi\u00e8re \u00e9lev\u00e9e, qui minimisent le temps de trajet et \u00e9liminent la n\u00e9cessit\u00e9 de multiples arr\u00eats pour ravitaillement \u2014 un facteur crucial pour les patients instables ou gravement malades.  <\/p><p data-path-to-node=\"1\">Le G-V est c\u00e9l\u00e8bre pour son syst\u00e8me de pressurisation \u00ab basse altitude de cabine \u00bb. M\u00eame \u00e0 haute altitude de croisi\u00e8re, la cabine reste \u00e0 une pression bien plus \u00e9lev\u00e9e que celle des petits jets, ce qui est essentiel pour les patients souffrant de probl\u00e8mes respiratoires, de probl\u00e8mes cardiaques ou de chirurgies r\u00e9centes sensibles au taux d\u2019oxyg\u00e8ne. <\/p><p data-path-to-node=\"1\"> <\/p><h3 data-path-to-node=\"3\">\u00c9quipement m\u00e9dical<\/h3><p data-path-to-node=\"4\">Le Gulfstream G-V offre une <b data-path-to-node=\"4\" data-index-in-node=\"30\">vaste unit\u00e9 de soins intensifs volants (USI) multi-zones<\/b>. Son int\u00e9rieur massif permet une configuration \u00ab double civi\u00e8re \u00bb si n\u00e9cessaire, avec suffisamment d\u2019espace pour qu\u2019une \u00e9quipe m\u00e9dicale sp\u00e9cialis\u00e9e de trois ou quatre experts puisse travailler simultan\u00e9ment sans restriction. <\/p><ul data-path-to-node=\"5\"><li><p data-path-to-node=\"5,0,0\">Ventilateur de soins intensifs \u00e0 la pointe de la technologie (grade r\u00e9animation)<\/p><\/li><li><p data-path-to-node=\"5,1,0\">Surveillance multiparam\u00e8tre compl\u00e8te (ECG 12 d\u00e9rivations, SpO2, IBP, EtCO2, Temp\u00e9rature)<\/p><\/li><li><p data-path-to-node=\"5,2,0\">D\u00e9fibrillateur biphasique, stimulateur cardiaque externe et DEA<\/p><\/li><li><p data-path-to-node=\"5,3,0\">Grande banque de tourne-seingues de pr\u00e9cision et de pompes \u00e0 perfusion volum\u00e9triques<\/p><\/li><li><p data-path-to-node=\"5,4,0\">Syst\u00e8mes d\u2019aspiration double redondants \u00e0 haute capacit\u00e9<\/p><\/li><li><p data-path-to-node=\"5,5,0\">Analyseur de gaz sanguin et d\u2019\u00e9lectrolytes au point de soins (i-STAT \/ EPOC)<\/p><\/li><li><p data-path-to-node=\"5,6,0\">Kits complets d\u2019urgence, de chirurgie et de r\u00e9animation<\/p><\/li><li><p data-path-to-node=\"5,7,0\">Soutien sp\u00e9cialis\u00e9 pour : Incubateur n\u00e9onatal, ECMO ou IABP (Pompe \u00e0 ballonnet intra-aortique)<\/p><\/li><li><p data-path-to-node=\"5,8,0\">D\u2019\u00e9normes r\u00e9serves d\u2019oxyg\u00e8ne m\u00e9dical (pour des vols jusqu\u2019\u00e0 12+ heures) et une alimentation de secours d\u00e9di\u00e9e<\/p><\/li><\/ul><blockquote data-path-to-node=\"6\"><p data-path-to-node=\"6,0\"><i data-path-to-node=\"6,0\" data-index-in-node=\"0\">La longueur de la cabine du G-V permet des zones distinctes : une zone d\u00e9di\u00e9e aux soins m\u00e9dicaux pour le patient et une zone de repos s\u00e9par\u00e9e et calme pour les membres de la famille accompagnant et l\u2019\u00e9quipage de rel\u00e8ve.<\/i><\/p><p data-path-to-node=\"6,0\"> <\/p><\/blockquote><table data-path-to-node=\"9\"><thead><tr><td><strong><\/strong><\/td><td><strong>Sp\u00e9cification<\/strong> des caract\u00e9ristiques<\/td><\/tr><\/thead><tbody><tr><td><span data-path-to-node=\"9,1,0,0\"><b data-path-to-node=\"9,1,0,0\" data-index-in-node=\"0\">Vitesse de croisi\u00e8re<\/b><\/span><\/td><td><span data-path-to-node=\"9,1,1,0\">: environ 900 km\/h (488 kt)<\/span><\/td><\/tr><tr><td><span data-path-to-node=\"9,2,0,0\"><b data-path-to-node=\"9,2,0,0\" data-index-in-node=\"0\">Port\u00e9e<\/b><\/span><\/td><td><span data-path-to-node=\"9,2,1,0\">: environ 12 000 km (6 500 nm)<\/span><\/td><\/tr><tr><td><span data-path-to-node=\"9,3,0,0\"><b data-path-to-node=\"9,3,0,0\" data-index-in-node=\"0\">Moteurs<\/b><\/span><\/td><td><span data-path-to-node=\"9,3,1,0\">: 2 x Rolls-Royce BR710<\/span><\/td><\/tr><tr><td><span data-path-to-node=\"9,4,0,0\"><b data-path-to-node=\"9,4,0,0\" data-index-in-node=\"0\">Plafond de service<\/b><\/span><\/td><td><span data-path-to-node=\"9,4,1,0\">51 000 ft (15 545 m)<\/span><\/td><\/tr><tr><td><span data-path-to-node=\"9,5,0,0\"><b data-path-to-node=\"9,5,0,0\" data-index-in-node=\"0\">Avantage<\/b><\/span><\/td><td><span data-path-to-node=\"9,5,1,0\">cl\u00e9 : performances ultra-longue port\u00e9e et pression sup\u00e9rieure dans l\u2019habitacle<\/span><\/td><\/tr><\/tbody><\/table>\t\t\t\t\t\t<\/div>\n\t\t\t\t<\/div>\n\t\t\t\t\t<\/div>\n\t\t\t\t<\/div>\n\t\t\t\t<\/div>\n\t\t","protected":false},"excerpt":{"rendered":"<p>Le Gulfstream G-V (G5) est l\u2019un des jets ultra-longue port\u00e9e les plus performants au monde, repr\u00e9sentant le sommet du transport a\u00e9rom\u00e9dical international. Il est con\u00e7u pour combler les distances les plus \u00e9loign\u00e9es sur la plan\u00e8te, comme des vols directs de l\u2019Europe vers l\u2019Asie du Sud-Est ou des Am\u00e9riques vers l\u2019Afrique. Son principal avantage est son [&hellip;]<\/p>\n","protected":false},"author":1,"featured_media":0,"parent":1607,"menu_order":0,"comment_status":"closed","ping_status":"closed","template":"","meta":{"footnotes":""},"class_list":["post-2090","page","type-page","status-publish","hentry"],"yoast_head":"<!-- This site is optimized with the Yoast SEO plugin v27.6 - https:\/\/yoast.com\/product\/yoast-seo-wordpress\/ -->\n<title>Gulfstream GV - Services mondiaux d\u2019ambulance a\u00e9rienne<\/title>\n<meta name=\"robots\" content=\"index, follow, max-snippet:-1, max-image-preview:large, max-video-preview:-1\" \/>\n<link rel=\"canonical\" href=\"https:\/\/ambulanceflight.com\/fr\/flotte\/heavy-jet\/gulfstream-gv\/\" \/>\n<meta property=\"og:locale\" content=\"fr_FR\" \/>\n<meta property=\"og:type\" content=\"article\" \/>\n<meta property=\"og:title\" content=\"Gulfstream GV - Services mondiaux d\u2019ambulance a\u00e9rienne\" \/>\n<meta property=\"og:description\" content=\"Le Gulfstream G-V (G5) est l\u2019un des jets ultra-longue port\u00e9e les plus performants au monde, repr\u00e9sentant le sommet du transport a\u00e9rom\u00e9dical international. Il est con\u00e7u pour combler les distances les plus \u00e9loign\u00e9es sur la plan\u00e8te, comme des vols directs de l\u2019Europe vers l\u2019Asie du Sud-Est ou des Am\u00e9riques vers l\u2019Afrique. Son principal avantage est son [&hellip;]\" \/>\n<meta property=\"og:url\" content=\"https:\/\/ambulanceflight.com\/fr\/flotte\/heavy-jet\/gulfstream-gv\/\" \/>\n<meta property=\"og:site_name\" content=\"Services mondiaux d\u2019ambulance a\u00e9rienne\" \/>\n<meta property=\"article:modified_time\" content=\"2026-04-15T14:22:02+00:00\" \/>\n<meta property=\"og:image\" content=\"http:\/\/ambulanceflight.com\/wp-content\/uploads\/2025\/12\/9-2.jpg\" \/>\n<meta name=\"twitter:card\" content=\"summary_large_image\" \/>\n<meta name=\"twitter:label1\" content=\"Dur\u00e9e de lecture estim\u00e9e\" \/>\n\t<meta name=\"twitter:data1\" content=\"2 minutes\" \/>\n<script type=\"application\/ld+json\" class=\"yoast-schema-graph\">{\"@context\":\"https:\\\/\\\/schema.org\",\"@graph\":[{\"@type\":\"WebPage\",\"@id\":\"https:\\\/\\\/ambulanceflight.com\\\/fr\\\/flotte\\\/heavy-jet\\\/gulfstream-gv\\\/\",\"url\":\"https:\\\/\\\/ambulanceflight.com\\\/fr\\\/flotte\\\/heavy-jet\\\/gulfstream-gv\\\/\",\"name\":\"Gulfstream GV - Services mondiaux d\u2019ambulance a\u00e9rienne\",\"isPartOf\":{\"@id\":\"https:\\\/\\\/ambulanceflight.com\\\/fr\\\/#website\"},\"primaryImageOfPage\":{\"@id\":\"https:\\\/\\\/ambulanceflight.com\\\/fr\\\/flotte\\\/heavy-jet\\\/gulfstream-gv\\\/#primaryimage\"},\"image\":{\"@id\":\"https:\\\/\\\/ambulanceflight.com\\\/fr\\\/flotte\\\/heavy-jet\\\/gulfstream-gv\\\/#primaryimage\"},\"thumbnailUrl\":\"http:\\\/\\\/ambulanceflight.com\\\/wp-content\\\/uploads\\\/2025\\\/12\\\/9-2.jpg\",\"datePublished\":\"2025-12-31T16:00:05+00:00\",\"dateModified\":\"2026-04-15T14:22:02+00:00\",\"breadcrumb\":{\"@id\":\"https:\\\/\\\/ambulanceflight.com\\\/fr\\\/flotte\\\/heavy-jet\\\/gulfstream-gv\\\/#breadcrumb\"},\"inLanguage\":\"fr-FR\",\"potentialAction\":[{\"@type\":\"ReadAction\",\"target\":[\"https:\\\/\\\/ambulanceflight.com\\\/fr\\\/flotte\\\/heavy-jet\\\/gulfstream-gv\\\/\"]}]},{\"@type\":\"ImageObject\",\"inLanguage\":\"fr-FR\",\"@id\":\"https:\\\/\\\/ambulanceflight.com\\\/fr\\\/flotte\\\/heavy-jet\\\/gulfstream-gv\\\/#primaryimage\",\"url\":\"http:\\\/\\\/ambulanceflight.com\\\/wp-content\\\/uploads\\\/2025\\\/12\\\/9-2.jpg\",\"contentUrl\":\"http:\\\/\\\/ambulanceflight.com\\\/wp-content\\\/uploads\\\/2025\\\/12\\\/9-2.jpg\"},{\"@type\":\"BreadcrumbList\",\"@id\":\"https:\\\/\\\/ambulanceflight.com\\\/fr\\\/flotte\\\/heavy-jet\\\/gulfstream-gv\\\/#breadcrumb\",\"itemListElement\":[{\"@type\":\"ListItem\",\"position\":1,\"name\":\"Home\",\"item\":\"https:\\\/\\\/ambulanceflight.com\\\/fr\\\/\"},{\"@type\":\"ListItem\",\"position\":2,\"name\":\"Flotte\",\"item\":\"https:\\\/\\\/ambulanceflight.com\\\/fr\\\/fleet\\\/\"},{\"@type\":\"ListItem\",\"position\":3,\"name\":\"Heavy Jet\",\"item\":\"https:\\\/\\\/ambulanceflight.com\\\/fr\\\/fleet\\\/heavy-jet\\\/\"},{\"@type\":\"ListItem\",\"position\":4,\"name\":\"Gulfstream GV\"}]},{\"@type\":\"WebSite\",\"@id\":\"https:\\\/\\\/ambulanceflight.com\\\/fr\\\/#website\",\"url\":\"https:\\\/\\\/ambulanceflight.com\\\/fr\\\/\",\"name\":\"Services mondiaux d\u2019ambulance a\u00e9rienne\",\"description\":\"Des transferts rapides, s\u00fbrs et enti\u00e8rement \u00e9quip\u00e9s en ambulance a\u00e9rienne pour les patients partout dans le monde.\",\"potentialAction\":[{\"@type\":\"SearchAction\",\"target\":{\"@type\":\"EntryPoint\",\"urlTemplate\":\"https:\\\/\\\/ambulanceflight.com\\\/fr\\\/?s={search_term_string}\"},\"query-input\":{\"@type\":\"PropertyValueSpecification\",\"valueRequired\":true,\"valueName\":\"search_term_string\"}}],\"inLanguage\":\"fr-FR\"}]}<\/script>\n<!-- \/ Yoast SEO plugin. -->","yoast_head_json":{"title":"Gulfstream GV - Services mondiaux d\u2019ambulance a\u00e9rienne","robots":{"index":"index","follow":"follow","max-snippet":"max-snippet:-1","max-image-preview":"max-image-preview:large","max-video-preview":"max-video-preview:-1"},"canonical":"https:\/\/ambulanceflight.com\/fr\/flotte\/heavy-jet\/gulfstream-gv\/","og_locale":"fr_FR","og_type":"article","og_title":"Gulfstream GV - Services mondiaux d\u2019ambulance a\u00e9rienne","og_description":"Le Gulfstream G-V (G5) est l\u2019un des jets ultra-longue port\u00e9e les plus performants au monde, repr\u00e9sentant le sommet du transport a\u00e9rom\u00e9dical international. Il est con\u00e7u pour combler les distances les plus \u00e9loign\u00e9es sur la plan\u00e8te, comme des vols directs de l\u2019Europe vers l\u2019Asie du Sud-Est ou des Am\u00e9riques vers l\u2019Afrique. Son principal avantage est son [&hellip;]","og_url":"https:\/\/ambulanceflight.com\/fr\/flotte\/heavy-jet\/gulfstream-gv\/","og_site_name":"Services mondiaux d\u2019ambulance a\u00e9rienne","article_modified_time":"2026-04-15T14:22:02+00:00","og_image":[{"url":"http:\/\/ambulanceflight.com\/wp-content\/uploads\/2025\/12\/9-2.jpg","type":"","width":"","height":""}],"twitter_card":"summary_large_image","twitter_misc":{"Dur\u00e9e de lecture estim\u00e9e":"2 minutes"},"schema":{"@context":"https:\/\/schema.org","@graph":[{"@type":"WebPage","@id":"https:\/\/ambulanceflight.com\/fr\/flotte\/heavy-jet\/gulfstream-gv\/","url":"https:\/\/ambulanceflight.com\/fr\/flotte\/heavy-jet\/gulfstream-gv\/","name":"Gulfstream GV - Services mondiaux d\u2019ambulance a\u00e9rienne","isPartOf":{"@id":"https:\/\/ambulanceflight.com\/fr\/#website"},"primaryImageOfPage":{"@id":"https:\/\/ambulanceflight.com\/fr\/flotte\/heavy-jet\/gulfstream-gv\/#primaryimage"},"image":{"@id":"https:\/\/ambulanceflight.com\/fr\/flotte\/heavy-jet\/gulfstream-gv\/#primaryimage"},"thumbnailUrl":"http:\/\/ambulanceflight.com\/wp-content\/uploads\/2025\/12\/9-2.jpg","datePublished":"2025-12-31T16:00:05+00:00","dateModified":"2026-04-15T14:22:02+00:00","breadcrumb":{"@id":"https:\/\/ambulanceflight.com\/fr\/flotte\/heavy-jet\/gulfstream-gv\/#breadcrumb"},"inLanguage":"fr-FR","potentialAction":[{"@type":"ReadAction","target":["https:\/\/ambulanceflight.com\/fr\/flotte\/heavy-jet\/gulfstream-gv\/"]}]},{"@type":"ImageObject","inLanguage":"fr-FR","@id":"https:\/\/ambulanceflight.com\/fr\/flotte\/heavy-jet\/gulfstream-gv\/#primaryimage","url":"http:\/\/ambulanceflight.com\/wp-content\/uploads\/2025\/12\/9-2.jpg","contentUrl":"http:\/\/ambulanceflight.com\/wp-content\/uploads\/2025\/12\/9-2.jpg"},{"@type":"BreadcrumbList","@id":"https:\/\/ambulanceflight.com\/fr\/flotte\/heavy-jet\/gulfstream-gv\/#breadcrumb","itemListElement":[{"@type":"ListItem","position":1,"name":"Home","item":"https:\/\/ambulanceflight.com\/fr\/"},{"@type":"ListItem","position":2,"name":"Flotte","item":"https:\/\/ambulanceflight.com\/fr\/fleet\/"},{"@type":"ListItem","position":3,"name":"Heavy Jet","item":"https:\/\/ambulanceflight.com\/fr\/fleet\/heavy-jet\/"},{"@type":"ListItem","position":4,"name":"Gulfstream GV"}]},{"@type":"WebSite","@id":"https:\/\/ambulanceflight.com\/fr\/#website","url":"https:\/\/ambulanceflight.com\/fr\/","name":"Services mondiaux d\u2019ambulance a\u00e9rienne","description":"Des transferts rapides, s\u00fbrs et enti\u00e8rement \u00e9quip\u00e9s en ambulance a\u00e9rienne pour les patients partout dans le monde.","potentialAction":[{"@type":"SearchAction","target":{"@type":"EntryPoint","urlTemplate":"https:\/\/ambulanceflight.com\/fr\/?s={search_term_string}"},"query-input":{"@type":"PropertyValueSpecification","valueRequired":true,"valueName":"search_term_string"}}],"inLanguage":"fr-FR"}]}},"_links":{"self":[{"href":"https:\/\/ambulanceflight.com\/fr\/wp-json\/wp\/v2\/pages\/2090","targetHints":{"allow":["GET"]}}],"collection":[{"href":"https:\/\/ambulanceflight.com\/fr\/wp-json\/wp\/v2\/pages"}],"about":[{"href":"https:\/\/ambulanceflight.com\/fr\/wp-json\/wp\/v2\/types\/page"}],"author":[{"embeddable":true,"href":"https:\/\/ambulanceflight.com\/fr\/wp-json\/wp\/v2\/users\/1"}],"replies":[{"embeddable":true,"href":"https:\/\/ambulanceflight.com\/fr\/wp-json\/wp\/v2\/comments?post=2090"}],"version-history":[{"count":3,"href":"https:\/\/ambulanceflight.com\/fr\/wp-json\/wp\/v2\/pages\/2090\/revisions"}],"predecessor-version":[{"id":3037,"href":"https:\/\/ambulanceflight.com\/fr\/wp-json\/wp\/v2\/pages\/2090\/revisions\/3037"}],"up":[{"embeddable":true,"href":"https:\/\/ambulanceflight.com\/fr\/wp-json\/wp\/v2\/pages\/1607"}],"wp:attachment":[{"href":"https:\/\/ambulanceflight.com\/fr\/wp-json\/wp\/v2\/media?parent=2090"}],"curies":[{"name":"wp","href":"https:\/\/api.w.org\/{rel}","templated":true}]}}