{"id":2067,"date":"2025-12-31T15:47:16","date_gmt":"2025-12-31T15:47:16","guid":{"rendered":"https:\/\/ambulanceflight.com\/challenger-605\/"},"modified":"2026-04-15T14:22:01","modified_gmt":"2026-04-15T14:22:01","slug":"challenger-605","status":"publish","type":"page","link":"https:\/\/ambulanceflight.com\/fr\/flotte\/heavy-jet\/challenger-605\/","title":{"rendered":"Challenger 605"},"content":{"rendered":"\t\t<div data-elementor-type=\"wp-page\" data-elementor-id=\"2067\" class=\"elementor elementor-2067 elementor-2060\" data-elementor-settings=\"{&quot;ha_cmc_init_switcher&quot;:&quot;no&quot;}\" data-elementor-post-type=\"page\">\n\t\t\t\t<div class=\"elementor-element elementor-element-26e069d e-flex e-con-boxed e-con e-parent\" data-id=\"26e069d\" data-element_type=\"container\" data-settings=\"{&quot;_ha_eqh_enable&quot;:false,&quot;ekit_has_onepagescroll_dot&quot;:&quot;yes&quot;}\">\n\t\t\t\t\t<div class=\"e-con-inner\">\n\t\t<div class=\"elementor-element elementor-element-b0ed2e1 e-con-full e-flex e-con e-child\" data-id=\"b0ed2e1\" data-element_type=\"container\" data-settings=\"{&quot;_ha_eqh_enable&quot;:false,&quot;ekit_has_onepagescroll_dot&quot;:&quot;yes&quot;}\">\n\t\t\t\t<div class=\"elementor-element elementor-element-5754ccf elementor-widget elementor-widget-image\" data-id=\"5754ccf\" data-element_type=\"widget\" data-settings=\"{&quot;ekit_we_effect_on&quot;:&quot;none&quot;}\" data-widget_type=\"image.default\">\n\t\t\t\t<div class=\"elementor-widget-container\">\n\t\t\t\t\t\t\t\t\t\t\t\t\t<img fetchpriority=\"high\" decoding=\"async\" width=\"800\" height=\"534\" src=\"https:\/\/ambulanceflight.com\/wp-content\/uploads\/2025\/12\/world_wide_lux_fleet_bombardier_challenger-605_1-1024x683.jpg\" class=\"attachment-large size-large wp-image-2068\" alt=\"\" srcset=\"https:\/\/ambulanceflight.com\/wp-content\/uploads\/2025\/12\/world_wide_lux_fleet_bombardier_challenger-605_1-1024x683.jpg 1024w, https:\/\/ambulanceflight.com\/wp-content\/uploads\/2025\/12\/world_wide_lux_fleet_bombardier_challenger-605_1-300x200.jpg 300w, https:\/\/ambulanceflight.com\/wp-content\/uploads\/2025\/12\/world_wide_lux_fleet_bombardier_challenger-605_1-768x512.jpg 768w, https:\/\/ambulanceflight.com\/wp-content\/uploads\/2025\/12\/world_wide_lux_fleet_bombardier_challenger-605_1-1536x1024.jpg 1536w, https:\/\/ambulanceflight.com\/wp-content\/uploads\/2025\/12\/world_wide_lux_fleet_bombardier_challenger-605_1.jpg 1800w\" sizes=\"(max-width: 800px) 100vw, 800px\" \/>\t\t\t\t\t\t\t\t\t\t\t\t\t<\/div>\n\t\t\t\t<\/div>\n\t\t\t\t<\/div>\n\t\t<div class=\"elementor-element elementor-element-db4d849 e-con-full e-flex e-con e-child\" data-id=\"db4d849\" data-element_type=\"container\" data-settings=\"{&quot;_ha_eqh_enable&quot;:false,&quot;ekit_has_onepagescroll_dot&quot;:&quot;yes&quot;}\">\n\t\t<div class=\"elementor-element elementor-element-d7a7adf e-con-full e-flex e-con e-child\" data-id=\"d7a7adf\" data-element_type=\"container\" data-settings=\"{&quot;_ha_eqh_enable&quot;:false,&quot;ekit_has_onepagescroll_dot&quot;:&quot;yes&quot;}\">\n\t\t\t\t<div class=\"elementor-element elementor-element-4c371ad elementor-widget elementor-widget-image\" data-id=\"4c371ad\" data-element_type=\"widget\" data-settings=\"{&quot;ekit_we_effect_on&quot;:&quot;none&quot;}\" data-widget_type=\"image.default\">\n\t\t\t\t<div class=\"elementor-widget-container\">\n\t\t\t\t\t\t\t\t\t\t\t\t\t<img decoding=\"async\" width=\"800\" height=\"534\" src=\"https:\/\/ambulanceflight.com\/wp-content\/uploads\/2026\/01\/WhatsApp-Image-2026-01-23-at-14.13.16-1024x683.jpeg\" class=\"attachment-large size-large wp-image-3018\" alt=\"\" srcset=\"https:\/\/ambulanceflight.com\/wp-content\/uploads\/2026\/01\/WhatsApp-Image-2026-01-23-at-14.13.16-1024x683.jpeg 1024w, https:\/\/ambulanceflight.com\/wp-content\/uploads\/2026\/01\/WhatsApp-Image-2026-01-23-at-14.13.16-300x200.jpeg 300w, https:\/\/ambulanceflight.com\/wp-content\/uploads\/2026\/01\/WhatsApp-Image-2026-01-23-at-14.13.16-768x512.jpeg 768w, https:\/\/ambulanceflight.com\/wp-content\/uploads\/2026\/01\/WhatsApp-Image-2026-01-23-at-14.13.16-1536x1024.jpeg 1536w, https:\/\/ambulanceflight.com\/wp-content\/uploads\/2026\/01\/WhatsApp-Image-2026-01-23-at-14.13.16.jpeg 1600w\" sizes=\"(max-width: 800px) 100vw, 800px\" \/>\t\t\t\t\t\t\t\t\t\t\t\t\t<\/div>\n\t\t\t\t<\/div>\n\t\t\t\t<\/div>\n\t\t<div class=\"elementor-element elementor-element-2873548 e-con-full e-flex e-con e-child\" data-id=\"2873548\" data-element_type=\"container\" data-settings=\"{&quot;_ha_eqh_enable&quot;:false,&quot;ekit_has_onepagescroll_dot&quot;:&quot;yes&quot;}\">\n\t\t\t\t<div class=\"elementor-element elementor-element-0777f49 elementor-widget elementor-widget-image\" data-id=\"0777f49\" data-element_type=\"widget\" data-settings=\"{&quot;ekit_we_effect_on&quot;:&quot;none&quot;}\" data-widget_type=\"image.default\">\n\t\t\t\t<div class=\"elementor-widget-container\">\n\t\t\t\t\t\t\t\t\t\t\t\t\t<img decoding=\"async\" width=\"800\" height=\"534\" src=\"https:\/\/ambulanceflight.com\/wp-content\/uploads\/2026\/01\/WhatsApp-Image-2026-01-23-at-14.13.16-1-1024x683.jpeg\" class=\"attachment-large size-large wp-image-3019\" alt=\"\" srcset=\"https:\/\/ambulanceflight.com\/wp-content\/uploads\/2026\/01\/WhatsApp-Image-2026-01-23-at-14.13.16-1-1024x683.jpeg 1024w, https:\/\/ambulanceflight.com\/wp-content\/uploads\/2026\/01\/WhatsApp-Image-2026-01-23-at-14.13.16-1-300x200.jpeg 300w, https:\/\/ambulanceflight.com\/wp-content\/uploads\/2026\/01\/WhatsApp-Image-2026-01-23-at-14.13.16-1-768x512.jpeg 768w, https:\/\/ambulanceflight.com\/wp-content\/uploads\/2026\/01\/WhatsApp-Image-2026-01-23-at-14.13.16-1-1536x1024.jpeg 1536w, https:\/\/ambulanceflight.com\/wp-content\/uploads\/2026\/01\/WhatsApp-Image-2026-01-23-at-14.13.16-1.jpeg 1600w\" sizes=\"(max-width: 800px) 100vw, 800px\" \/>\t\t\t\t\t\t\t\t\t\t\t\t\t<\/div>\n\t\t\t\t<\/div>\n\t\t\t\t<\/div>\n\t\t\t\t<\/div>\n\t\t\t\t\t<\/div>\n\t\t\t\t<\/div>\n\t\t<div class=\"elementor-element elementor-element-a1ec8ac e-flex e-con-boxed e-con e-parent\" data-id=\"a1ec8ac\" data-element_type=\"container\" data-settings=\"{&quot;background_background&quot;:&quot;classic&quot;,&quot;_ha_eqh_enable&quot;:false,&quot;ekit_has_onepagescroll_dot&quot;:&quot;yes&quot;}\">\n\t\t\t\t\t<div class=\"e-con-inner\">\n\t\t\t\t<div class=\"elementor-element elementor-element-d102d3a elementor-widget elementor-widget-text-editor\" data-id=\"d102d3a\" data-element_type=\"widget\" data-settings=\"{&quot;ekit_we_effect_on&quot;:&quot;none&quot;}\" data-widget_type=\"text-editor.default\">\n\t\t\t\t<div class=\"elementor-widget-container\">\n\t\t\t\t\t\t\t<p data-path-to-node=\"0\"> <\/p><p data-path-to-node=\"0\">Le <b data-path-to-node=\"0\" data-index-in-node=\"4\">Bombardier Challenger 605<\/b> est le successeur modernis\u00e9 du 604, repr\u00e9sentant l\u2019un des avions lourds les plus avanc\u00e9s du secteur a\u00e9rom\u00e9dical. Elle conserve la l\u00e9gendaire cabine \u00ab wide-body \u00bb pour laquelle la s\u00e9rie Challenger est c\u00e9l\u00e8bre \u2014 offrant le plus grand volume et le plus grand espace au sol de sa cat\u00e9gorie. Cet appareil est la r\u00e9f\u00e9rence pour les missions m\u00e9dicales intercontinentales longue port\u00e9e o\u00f9 le confort des patients, la mobilit\u00e9 de l\u2019\u00e9quipe m\u00e9dicale et la capacit\u00e9 \u00e0 transporter plusieurs passagers sont primordiaux.  <\/p><p data-path-to-node=\"1\">Le 605 dispose d\u2019une avionique am\u00e9lior\u00e9e et de fen\u00eatres plus grandes et mieux plac\u00e9es, cr\u00e9ant un environnement plus lumineux et apaisant pour le patient. Son autonomie incroyable permet des vols directs entre continents lointains, r\u00e9duisant consid\u00e9rablement le stress des d\u00e9placements en \u00e9liminant les escales de ravitaillement inutiles. <\/p><p data-path-to-node=\"1\"> <\/p><h3 data-path-to-node=\"3\">\u00c9quipement m\u00e9dical<\/h3><p data-path-to-node=\"4\">Le Challenger 605 sert <b data-path-to-node=\"4\" data-index-in-node=\"31\">d\u2019unit\u00e9 de soins intensifs (USI) \u00ab \u00e0 la pointe de la technologie \u00bb volante<\/b>. La cabine est suffisamment large pour permettre au personnel m\u00e9dical de se d\u00e9placer librement des deux c\u00f4t\u00e9s de la civi\u00e8re, ce qui est crucial pour les proc\u00e9dures complexes ou la gestion des patients \u00e0 haute gravit\u00e9 lors des vols long-courriers. <\/p><ul data-path-to-node=\"5\"><li><p data-path-to-node=\"5,0,0\">Ventilateur de soins intensifs haut de gamme avec modes de ventilation avanc\u00e9s<\/p><\/li><li><p data-path-to-node=\"5,1,0\">Moniteur multiparam\u00e8tre \u00e0 spectre complet (ECG, 12-d\u00e9rivation, SpO2, EtCO2, IBP\/NIBP, Temp\u00e9rature)<\/p><\/li><li><p data-path-to-node=\"5,2,0\">D\u00e9fibrillateur biphasique et stimulateur cardiaque externe<\/p><\/li><li><p data-path-to-node=\"5,3,0\">Une banque int\u00e9gr\u00e9e de tourne-soies de pr\u00e9cision et de pompes volum\u00e9triques<\/p><\/li><li><p data-path-to-node=\"5,4,0\">Syst\u00e8mes d\u2019aspiration \u00e0 haute capacit\u00e9 et redondants<\/p><\/li><li><p data-path-to-node=\"5,5,0\">Analyseur portatif de gaz sanguin et d\u2019\u00e9lectrolytes (i-STAT \/ EPOC)<\/p><\/li><li><p data-path-to-node=\"5,6,0\">Kits complets d\u2019urgence, de chirurgie et de r\u00e9animation<\/p><\/li><li><p data-path-to-node=\"5,7,0\">Soutien sp\u00e9cialis\u00e9 pour : Incubateur n\u00e9onatal, ECMO (Support de la vie) ou IABP<\/p><\/li><li><p data-path-to-node=\"5,8,0\">D\u2019\u00e9normes r\u00e9serves d\u2019oxyg\u00e8ne m\u00e9dical et une alimentation universelle d\u00e9di\u00e9e<\/p><\/li><\/ul><blockquote data-path-to-node=\"6\"><p data-path-to-node=\"6,0\"><i data-path-to-node=\"6,0\" data-index-in-node=\"0\">La taille du Challenger 605 permet \u00e0 une grande \u00e9quipe m\u00e9dicale (par exemple, m\u00e9decin, infirmier de vol et sp\u00e9cialiste) de travailler simultan\u00e9ment tout en pouvant accueillir jusqu\u2019\u00e0 4 \u00e0 5 membres accompagnant la famille dans un espace de si\u00e8ges s\u00e9par\u00e9.<\/i><\/p><p data-path-to-node=\"6,0\"> <\/p><\/blockquote><table data-path-to-node=\"9\"><thead><tr><td><strong><\/strong><\/td><td><strong>Sp\u00e9cification<\/strong> des caract\u00e9ristiques<\/td><\/tr><\/thead><tbody><tr><td><span data-path-to-node=\"9,1,0,0\"><b data-path-to-node=\"9,1,0,0\" data-index-in-node=\"0\">Vitesse de croisi\u00e8re<\/b><\/span><\/td><td><span data-path-to-node=\"9,1,1,0\">: environ 850 km\/h (459 kt)<\/span><\/td><\/tr><tr><td><span data-path-to-node=\"9,2,0,0\"><b data-path-to-node=\"9,2,0,0\" data-index-in-node=\"0\">Port\u00e9e<\/b><\/span><\/td><td><span data-path-to-node=\"9,2,1,0\">: environ 7 400 km (4 000 nm)<\/span><\/td><\/tr><tr><td><span data-path-to-node=\"9,3,0,0\"><b data-path-to-node=\"9,3,0,0\" data-index-in-node=\"0\"><\/b><\/span><\/td><td><span data-path-to-node=\"9,3,1,0\">Moteurs 2 x General Electric CF34-3B<\/span><\/td><\/tr><tr><td><span data-path-to-node=\"9,4,0,0\"><b data-path-to-node=\"9,4,0,0\" data-index-in-node=\"0\">Plafond de service<\/b><\/span><\/td><td><span data-path-to-node=\"9,4,1,0\">41 000 ft (12 500 m)<\/span><\/td><\/tr><tr><td><span data-path-to-node=\"9,5,0,0\"><b data-path-to-node=\"9,5,0,0\" data-index-in-node=\"0\">Avantage<\/b><\/span><\/td><td><span data-path-to-node=\"9,5,1,0\">cl\u00e9 Plus grand volume d\u2019habitacles de sa cat\u00e9gorie avec autonomie intercontinentale<\/span><\/td><\/tr><\/tbody><\/table>\t\t\t\t\t\t<\/div>\n\t\t\t\t<\/div>\n\t\t\t\t\t<\/div>\n\t\t\t\t<\/div>\n\t\t\t\t<\/div>\n\t\t","protected":false},"excerpt":{"rendered":"<p>Le Bombardier Challenger 605 est le successeur modernis\u00e9 du 604, repr\u00e9sentant l\u2019un des avions lourds les plus avanc\u00e9s du secteur a\u00e9rom\u00e9dical. Elle conserve la l\u00e9gendaire cabine \u00ab wide-body \u00bb pour laquelle la s\u00e9rie Challenger est c\u00e9l\u00e8bre \u2014 offrant le plus grand volume et le plus grand espace au sol de sa cat\u00e9gorie. Cet appareil est [&hellip;]<\/p>\n","protected":false},"author":1,"featured_media":0,"parent":1607,"menu_order":0,"comment_status":"closed","ping_status":"closed","template":"","meta":{"footnotes":""},"class_list":["post-2067","page","type-page","status-publish","hentry"],"yoast_head":"<!-- This site is optimized with the Yoast SEO plugin v27.6 - https:\/\/yoast.com\/product\/yoast-seo-wordpress\/ -->\n<title>Challenger 605 - Services mondiaux d\u2019ambulance a\u00e9rienne<\/title>\n<meta name=\"robots\" content=\"index, follow, max-snippet:-1, max-image-preview:large, max-video-preview:-1\" \/>\n<link rel=\"canonical\" href=\"https:\/\/ambulanceflight.com\/fr\/flotte\/heavy-jet\/challenger-605\/\" \/>\n<meta property=\"og:locale\" content=\"fr_FR\" \/>\n<meta property=\"og:type\" content=\"article\" \/>\n<meta property=\"og:title\" content=\"Challenger 605 - Services mondiaux d\u2019ambulance a\u00e9rienne\" \/>\n<meta property=\"og:description\" content=\"Le Bombardier Challenger 605 est le successeur modernis\u00e9 du 604, repr\u00e9sentant l\u2019un des avions lourds les plus avanc\u00e9s du secteur a\u00e9rom\u00e9dical. Elle conserve la l\u00e9gendaire cabine \u00ab wide-body \u00bb pour laquelle la s\u00e9rie Challenger est c\u00e9l\u00e8bre \u2014 offrant le plus grand volume et le plus grand espace au sol de sa cat\u00e9gorie. Cet appareil est [&hellip;]\" \/>\n<meta property=\"og:url\" content=\"https:\/\/ambulanceflight.com\/fr\/flotte\/heavy-jet\/challenger-605\/\" \/>\n<meta property=\"og:site_name\" content=\"Services mondiaux d\u2019ambulance a\u00e9rienne\" \/>\n<meta property=\"article:modified_time\" content=\"2026-04-15T14:22:01+00:00\" \/>\n<meta property=\"og:image\" content=\"http:\/\/ambulanceflight.com\/wp-content\/uploads\/2025\/12\/world_wide_lux_fleet_bombardier_challenger-605_1-1024x683.jpg\" \/>\n<meta name=\"twitter:card\" content=\"summary_large_image\" \/>\n<meta name=\"twitter:label1\" content=\"Dur\u00e9e de lecture estim\u00e9e\" \/>\n\t<meta name=\"twitter:data1\" content=\"2 minutes\" \/>\n<script type=\"application\/ld+json\" class=\"yoast-schema-graph\">{\"@context\":\"https:\\\/\\\/schema.org\",\"@graph\":[{\"@type\":\"WebPage\",\"@id\":\"https:\\\/\\\/ambulanceflight.com\\\/fr\\\/flotte\\\/heavy-jet\\\/challenger-605\\\/\",\"url\":\"https:\\\/\\\/ambulanceflight.com\\\/fr\\\/flotte\\\/heavy-jet\\\/challenger-605\\\/\",\"name\":\"Challenger 605 - Services mondiaux d\u2019ambulance a\u00e9rienne\",\"isPartOf\":{\"@id\":\"https:\\\/\\\/ambulanceflight.com\\\/fr\\\/#website\"},\"primaryImageOfPage\":{\"@id\":\"https:\\\/\\\/ambulanceflight.com\\\/fr\\\/flotte\\\/heavy-jet\\\/challenger-605\\\/#primaryimage\"},\"image\":{\"@id\":\"https:\\\/\\\/ambulanceflight.com\\\/fr\\\/flotte\\\/heavy-jet\\\/challenger-605\\\/#primaryimage\"},\"thumbnailUrl\":\"http:\\\/\\\/ambulanceflight.com\\\/wp-content\\\/uploads\\\/2025\\\/12\\\/world_wide_lux_fleet_bombardier_challenger-605_1-1024x683.jpg\",\"datePublished\":\"2025-12-31T15:47:16+00:00\",\"dateModified\":\"2026-04-15T14:22:01+00:00\",\"breadcrumb\":{\"@id\":\"https:\\\/\\\/ambulanceflight.com\\\/fr\\\/flotte\\\/heavy-jet\\\/challenger-605\\\/#breadcrumb\"},\"inLanguage\":\"fr-FR\",\"potentialAction\":[{\"@type\":\"ReadAction\",\"target\":[\"https:\\\/\\\/ambulanceflight.com\\\/fr\\\/flotte\\\/heavy-jet\\\/challenger-605\\\/\"]}]},{\"@type\":\"ImageObject\",\"inLanguage\":\"fr-FR\",\"@id\":\"https:\\\/\\\/ambulanceflight.com\\\/fr\\\/flotte\\\/heavy-jet\\\/challenger-605\\\/#primaryimage\",\"url\":\"http:\\\/\\\/ambulanceflight.com\\\/wp-content\\\/uploads\\\/2025\\\/12\\\/world_wide_lux_fleet_bombardier_challenger-605_1-1024x683.jpg\",\"contentUrl\":\"http:\\\/\\\/ambulanceflight.com\\\/wp-content\\\/uploads\\\/2025\\\/12\\\/world_wide_lux_fleet_bombardier_challenger-605_1-1024x683.jpg\"},{\"@type\":\"BreadcrumbList\",\"@id\":\"https:\\\/\\\/ambulanceflight.com\\\/fr\\\/flotte\\\/heavy-jet\\\/challenger-605\\\/#breadcrumb\",\"itemListElement\":[{\"@type\":\"ListItem\",\"position\":1,\"name\":\"Home\",\"item\":\"https:\\\/\\\/ambulanceflight.com\\\/fr\\\/\"},{\"@type\":\"ListItem\",\"position\":2,\"name\":\"Flotte\",\"item\":\"https:\\\/\\\/ambulanceflight.com\\\/fr\\\/fleet\\\/\"},{\"@type\":\"ListItem\",\"position\":3,\"name\":\"Heavy Jet\",\"item\":\"https:\\\/\\\/ambulanceflight.com\\\/fr\\\/fleet\\\/heavy-jet\\\/\"},{\"@type\":\"ListItem\",\"position\":4,\"name\":\"Challenger 605\"}]},{\"@type\":\"WebSite\",\"@id\":\"https:\\\/\\\/ambulanceflight.com\\\/fr\\\/#website\",\"url\":\"https:\\\/\\\/ambulanceflight.com\\\/fr\\\/\",\"name\":\"Services mondiaux d\u2019ambulance a\u00e9rienne\",\"description\":\"Des transferts rapides, s\u00fbrs et enti\u00e8rement \u00e9quip\u00e9s en ambulance a\u00e9rienne pour les patients partout dans le monde.\",\"potentialAction\":[{\"@type\":\"SearchAction\",\"target\":{\"@type\":\"EntryPoint\",\"urlTemplate\":\"https:\\\/\\\/ambulanceflight.com\\\/fr\\\/?s={search_term_string}\"},\"query-input\":{\"@type\":\"PropertyValueSpecification\",\"valueRequired\":true,\"valueName\":\"search_term_string\"}}],\"inLanguage\":\"fr-FR\"}]}<\/script>\n<!-- \/ Yoast SEO plugin. -->","yoast_head_json":{"title":"Challenger 605 - Services mondiaux d\u2019ambulance a\u00e9rienne","robots":{"index":"index","follow":"follow","max-snippet":"max-snippet:-1","max-image-preview":"max-image-preview:large","max-video-preview":"max-video-preview:-1"},"canonical":"https:\/\/ambulanceflight.com\/fr\/flotte\/heavy-jet\/challenger-605\/","og_locale":"fr_FR","og_type":"article","og_title":"Challenger 605 - Services mondiaux d\u2019ambulance a\u00e9rienne","og_description":"Le Bombardier Challenger 605 est le successeur modernis\u00e9 du 604, repr\u00e9sentant l\u2019un des avions lourds les plus avanc\u00e9s du secteur a\u00e9rom\u00e9dical. Elle conserve la l\u00e9gendaire cabine \u00ab wide-body \u00bb pour laquelle la s\u00e9rie Challenger est c\u00e9l\u00e8bre \u2014 offrant le plus grand volume et le plus grand espace au sol de sa cat\u00e9gorie. Cet appareil est [&hellip;]","og_url":"https:\/\/ambulanceflight.com\/fr\/flotte\/heavy-jet\/challenger-605\/","og_site_name":"Services mondiaux d\u2019ambulance a\u00e9rienne","article_modified_time":"2026-04-15T14:22:01+00:00","og_image":[{"url":"http:\/\/ambulanceflight.com\/wp-content\/uploads\/2025\/12\/world_wide_lux_fleet_bombardier_challenger-605_1-1024x683.jpg","type":"","width":"","height":""}],"twitter_card":"summary_large_image","twitter_misc":{"Dur\u00e9e de lecture estim\u00e9e":"2 minutes"},"schema":{"@context":"https:\/\/schema.org","@graph":[{"@type":"WebPage","@id":"https:\/\/ambulanceflight.com\/fr\/flotte\/heavy-jet\/challenger-605\/","url":"https:\/\/ambulanceflight.com\/fr\/flotte\/heavy-jet\/challenger-605\/","name":"Challenger 605 - Services mondiaux d\u2019ambulance a\u00e9rienne","isPartOf":{"@id":"https:\/\/ambulanceflight.com\/fr\/#website"},"primaryImageOfPage":{"@id":"https:\/\/ambulanceflight.com\/fr\/flotte\/heavy-jet\/challenger-605\/#primaryimage"},"image":{"@id":"https:\/\/ambulanceflight.com\/fr\/flotte\/heavy-jet\/challenger-605\/#primaryimage"},"thumbnailUrl":"http:\/\/ambulanceflight.com\/wp-content\/uploads\/2025\/12\/world_wide_lux_fleet_bombardier_challenger-605_1-1024x683.jpg","datePublished":"2025-12-31T15:47:16+00:00","dateModified":"2026-04-15T14:22:01+00:00","breadcrumb":{"@id":"https:\/\/ambulanceflight.com\/fr\/flotte\/heavy-jet\/challenger-605\/#breadcrumb"},"inLanguage":"fr-FR","potentialAction":[{"@type":"ReadAction","target":["https:\/\/ambulanceflight.com\/fr\/flotte\/heavy-jet\/challenger-605\/"]}]},{"@type":"ImageObject","inLanguage":"fr-FR","@id":"https:\/\/ambulanceflight.com\/fr\/flotte\/heavy-jet\/challenger-605\/#primaryimage","url":"http:\/\/ambulanceflight.com\/wp-content\/uploads\/2025\/12\/world_wide_lux_fleet_bombardier_challenger-605_1-1024x683.jpg","contentUrl":"http:\/\/ambulanceflight.com\/wp-content\/uploads\/2025\/12\/world_wide_lux_fleet_bombardier_challenger-605_1-1024x683.jpg"},{"@type":"BreadcrumbList","@id":"https:\/\/ambulanceflight.com\/fr\/flotte\/heavy-jet\/challenger-605\/#breadcrumb","itemListElement":[{"@type":"ListItem","position":1,"name":"Home","item":"https:\/\/ambulanceflight.com\/fr\/"},{"@type":"ListItem","position":2,"name":"Flotte","item":"https:\/\/ambulanceflight.com\/fr\/fleet\/"},{"@type":"ListItem","position":3,"name":"Heavy Jet","item":"https:\/\/ambulanceflight.com\/fr\/fleet\/heavy-jet\/"},{"@type":"ListItem","position":4,"name":"Challenger 605"}]},{"@type":"WebSite","@id":"https:\/\/ambulanceflight.com\/fr\/#website","url":"https:\/\/ambulanceflight.com\/fr\/","name":"Services mondiaux d\u2019ambulance a\u00e9rienne","description":"Des transferts rapides, s\u00fbrs et enti\u00e8rement \u00e9quip\u00e9s en ambulance a\u00e9rienne pour les patients partout dans le monde.","potentialAction":[{"@type":"SearchAction","target":{"@type":"EntryPoint","urlTemplate":"https:\/\/ambulanceflight.com\/fr\/?s={search_term_string}"},"query-input":{"@type":"PropertyValueSpecification","valueRequired":true,"valueName":"search_term_string"}}],"inLanguage":"fr-FR"}]}},"_links":{"self":[{"href":"https:\/\/ambulanceflight.com\/fr\/wp-json\/wp\/v2\/pages\/2067","targetHints":{"allow":["GET"]}}],"collection":[{"href":"https:\/\/ambulanceflight.com\/fr\/wp-json\/wp\/v2\/pages"}],"about":[{"href":"https:\/\/ambulanceflight.com\/fr\/wp-json\/wp\/v2\/types\/page"}],"author":[{"embeddable":true,"href":"https:\/\/ambulanceflight.com\/fr\/wp-json\/wp\/v2\/users\/1"}],"replies":[{"embeddable":true,"href":"https:\/\/ambulanceflight.com\/fr\/wp-json\/wp\/v2\/comments?post=2067"}],"version-history":[{"count":3,"href":"https:\/\/ambulanceflight.com\/fr\/wp-json\/wp\/v2\/pages\/2067\/revisions"}],"predecessor-version":[{"id":3020,"href":"https:\/\/ambulanceflight.com\/fr\/wp-json\/wp\/v2\/pages\/2067\/revisions\/3020"}],"up":[{"embeddable":true,"href":"https:\/\/ambulanceflight.com\/fr\/wp-json\/wp\/v2\/pages\/1607"}],"wp:attachment":[{"href":"https:\/\/ambulanceflight.com\/fr\/wp-json\/wp\/v2\/media?parent=2067"}],"curies":[{"name":"wp","href":"https:\/\/api.w.org\/{rel}","templated":true}]}}