{"id":2045,"date":"2025-12-31T15:40:17","date_gmt":"2025-12-31T15:40:17","guid":{"rendered":"https:\/\/ambulanceflight.com\/challenger-604\/"},"modified":"2026-04-15T14:22:01","modified_gmt":"2026-04-15T14:22:01","slug":"challenger-604","status":"publish","type":"page","link":"https:\/\/ambulanceflight.com\/fr\/flotte\/heavy-jet\/challenger-604\/","title":{"rendered":"Challenger 604"},"content":{"rendered":"\t\t<div data-elementor-type=\"wp-page\" data-elementor-id=\"2045\" class=\"elementor elementor-2045 elementor-2038\" data-elementor-settings=\"{&quot;ha_cmc_init_switcher&quot;:&quot;no&quot;}\" data-elementor-post-type=\"page\">\n\t\t\t\t<div class=\"elementor-element elementor-element-3973d5e e-flex e-con-boxed e-con e-parent\" data-id=\"3973d5e\" data-element_type=\"container\" data-settings=\"{&quot;_ha_eqh_enable&quot;:false,&quot;ekit_has_onepagescroll_dot&quot;:&quot;yes&quot;}\">\n\t\t\t\t\t<div class=\"e-con-inner\">\n\t\t<div class=\"elementor-element elementor-element-4ca7cfb e-con-full e-flex e-con e-child\" data-id=\"4ca7cfb\" data-element_type=\"container\" data-settings=\"{&quot;_ha_eqh_enable&quot;:false,&quot;ekit_has_onepagescroll_dot&quot;:&quot;yes&quot;}\">\n\t\t\t\t<div class=\"elementor-element elementor-element-ccbc4db elementor-widget elementor-widget-image\" data-id=\"ccbc4db\" data-element_type=\"widget\" data-settings=\"{&quot;ekit_we_effect_on&quot;:&quot;none&quot;}\" data-widget_type=\"image.default\">\n\t\t\t\t<div class=\"elementor-widget-container\">\n\t\t\t\t\t\t\t\t\t\t\t\t\t<img fetchpriority=\"high\" decoding=\"async\" width=\"800\" height=\"325\" src=\"https:\/\/ambulanceflight.com\/wp-content\/uploads\/2025\/12\/CL604_sn-5578_extLHsaleshot_ss_-4_wm-3-1024x416.jpg\" class=\"attachment-large size-large wp-image-2046\" alt=\"\" srcset=\"https:\/\/ambulanceflight.com\/wp-content\/uploads\/2025\/12\/CL604_sn-5578_extLHsaleshot_ss_-4_wm-3-1024x416.jpg 1024w, https:\/\/ambulanceflight.com\/wp-content\/uploads\/2025\/12\/CL604_sn-5578_extLHsaleshot_ss_-4_wm-3-300x122.jpg 300w, https:\/\/ambulanceflight.com\/wp-content\/uploads\/2025\/12\/CL604_sn-5578_extLHsaleshot_ss_-4_wm-3-768x312.jpg 768w, https:\/\/ambulanceflight.com\/wp-content\/uploads\/2025\/12\/CL604_sn-5578_extLHsaleshot_ss_-4_wm-3.jpg 1280w\" sizes=\"(max-width: 800px) 100vw, 800px\" \/>\t\t\t\t\t\t\t\t\t\t\t\t\t<\/div>\n\t\t\t\t<\/div>\n\t\t\t\t<\/div>\n\t\t<div class=\"elementor-element elementor-element-f36ef47 e-con-full e-flex e-con e-child\" data-id=\"f36ef47\" data-element_type=\"container\" data-settings=\"{&quot;_ha_eqh_enable&quot;:false,&quot;ekit_has_onepagescroll_dot&quot;:&quot;yes&quot;}\">\n\t\t<div class=\"elementor-element elementor-element-03c12d5 e-con-full e-flex e-con e-child\" data-id=\"03c12d5\" data-element_type=\"container\" data-settings=\"{&quot;_ha_eqh_enable&quot;:false,&quot;ekit_has_onepagescroll_dot&quot;:&quot;yes&quot;}\">\n\t\t\t\t<div class=\"elementor-element elementor-element-05283a6 elementor-widget elementor-widget-image\" data-id=\"05283a6\" data-element_type=\"widget\" data-settings=\"{&quot;ekit_we_effect_on&quot;:&quot;none&quot;}\" data-widget_type=\"image.default\">\n\t\t\t\t<div class=\"elementor-widget-container\">\n\t\t\t\t\t\t\t\t\t\t\t\t\t<img decoding=\"async\" width=\"800\" height=\"450\" src=\"https:\/\/ambulanceflight.com\/wp-content\/uploads\/2026\/01\/WhatsApp-Image-2026-01-23-at-14.11.53-1024x576.jpeg\" class=\"attachment-large size-large wp-image-3009\" alt=\"\" srcset=\"https:\/\/ambulanceflight.com\/wp-content\/uploads\/2026\/01\/WhatsApp-Image-2026-01-23-at-14.11.53-1024x576.jpeg 1024w, https:\/\/ambulanceflight.com\/wp-content\/uploads\/2026\/01\/WhatsApp-Image-2026-01-23-at-14.11.53-300x169.jpeg 300w, https:\/\/ambulanceflight.com\/wp-content\/uploads\/2026\/01\/WhatsApp-Image-2026-01-23-at-14.11.53-768x432.jpeg 768w, https:\/\/ambulanceflight.com\/wp-content\/uploads\/2026\/01\/WhatsApp-Image-2026-01-23-at-14.11.53.jpeg 1200w\" sizes=\"(max-width: 800px) 100vw, 800px\" \/>\t\t\t\t\t\t\t\t\t\t\t\t\t<\/div>\n\t\t\t\t<\/div>\n\t\t\t\t<\/div>\n\t\t<div class=\"elementor-element elementor-element-e6133a9 e-con-full e-flex e-con e-child\" data-id=\"e6133a9\" data-element_type=\"container\" data-settings=\"{&quot;_ha_eqh_enable&quot;:false,&quot;ekit_has_onepagescroll_dot&quot;:&quot;yes&quot;}\">\n\t\t\t\t<\/div>\n\t\t\t\t<\/div>\n\t\t\t\t\t<\/div>\n\t\t\t\t<\/div>\n\t\t<div class=\"elementor-element elementor-element-4042715 e-flex e-con-boxed e-con e-parent\" data-id=\"4042715\" data-element_type=\"container\" data-settings=\"{&quot;background_background&quot;:&quot;classic&quot;,&quot;_ha_eqh_enable&quot;:false,&quot;ekit_has_onepagescroll_dot&quot;:&quot;yes&quot;}\">\n\t\t\t\t\t<div class=\"e-con-inner\">\n\t\t\t\t<div class=\"elementor-element elementor-element-7c8a3df elementor-widget elementor-widget-text-editor\" data-id=\"7c8a3df\" data-element_type=\"widget\" data-settings=\"{&quot;ekit_we_effect_on&quot;:&quot;none&quot;}\" data-widget_type=\"text-editor.default\">\n\t\t\t\t<div class=\"elementor-widget-container\">\n\t\t\t\t\t\t\t<p> <\/p><p data-path-to-node=\"0\">Le <b data-path-to-node=\"0\" data-index-in-node=\"4\">Bombardier Challenger 604<\/b> est un poids lourd dans l\u2019industrie a\u00e9rom\u00e9dicale, offrant une v\u00e9ritable autonomie intercontinentale et l\u2019une des cabines les plus larges de sa cat\u00e9gorie. Appel\u00e9 \u00ab jet lourd \u00bb, il offre un niveau de confort et d\u2019espace inatteignable sur des avions l\u00e9gers ou de taille moyenne. Cela en fait le choix privil\u00e9gi\u00e9 pour les rapatriements m\u00e9dicaux longue distance, tels que les vols entre continents (par exemple, l\u2019Europe vers l\u2019Asie ou les Am\u00e9riques).  <\/p><p data-path-to-node=\"1\">L\u2019habitacle \u00ab debout \u00bb \u00e0 fuselage large du Challenger 604 permet \u00e0 une \u00e9quipe m\u00e9dicale compl\u00e8te de se d\u00e9placer facilement autour du patient. Ses capacit\u00e9s longue port\u00e9e signifient moins d\u2019arr\u00eats carburant, ce qui est essentiel pour maintenir un environnement stable pour les patients dans des conditions d\u00e9licates et r\u00e9duire le temps total de transit. <\/p><p data-path-to-node=\"1\"> <\/p><h3 data-path-to-node=\"3\">\u00c9quipement m\u00e9dical<\/h3><p> <\/p><p data-path-to-node=\"4\">Le Challenger 604 fonctionne comme une <b data-path-to-node=\"4\" data-index-in-node=\"34\">unit\u00e9 de soins intensifs (USI) volante \u00e0 haute capacit\u00e9<\/b>. En raison de sa taille, il peut \u00eatre configur\u00e9 pour transporter plusieurs brancards ou des syst\u00e8mes de survie tr\u00e8s complexes tout en laissant de la place pour plusieurs membres de la famille accompagnant et un personnel m\u00e9dical complet. <\/p><ul data-path-to-node=\"5\"><li><p data-path-to-node=\"5,0,0\">Ventilateur de soins intensifs \u00e0 la pointe de la technologie (capable de haute fr\u00e9quence)<\/p><\/li><li><p data-path-to-node=\"5,1,0\">Surveillance multiparam\u00e9trique avanc\u00e9e (ECG, 12-d\u00e9rivations, SpO2, EtCO2, IBP\/NIBP)<\/p><\/li><li><p data-path-to-node=\"5,2,0\">D\u00e9fibrillateur biphasique et stimulateur cardiaque externe<\/p><\/li><li><p data-path-to-node=\"5,3,0\">Grande banque de tourne-seingues de pr\u00e9cision et de pompes \u00e0 perfusion<\/p><\/li><li><p data-path-to-node=\"5,4,0\">Syst\u00e8me d\u2019aspiration \u00e0 double circuit \u00e0 haute capacit\u00e9<\/p><\/li><li><p data-path-to-node=\"5,5,0\">Analyseur portatif de gaz sanguins (EPOC \/ i-STAT)<\/p><\/li><li><p data-path-to-node=\"5,6,0\">Kits complets de r\u00e9animation d\u2019urgence et chirurgicale<\/p><\/li><li><p data-path-to-node=\"5,7,0\">Soutien complet pour le transport sp\u00e9cialis\u00e9 : incubateur n\u00e9onatal, ECMO ou IABP<\/p><\/li><li><p data-path-to-node=\"5,8,0\">D\u2019\u00e9normes r\u00e9serves d\u2019oxyg\u00e8ne m\u00e9dical et des syst\u00e8mes d\u2019alimentation \u00e9lectriques redondants<\/p><\/li><\/ul><blockquote data-path-to-node=\"6\"><p data-path-to-node=\"6,0\"><i data-path-to-node=\"6,0\" data-index-in-node=\"0\">La configuration m\u00e9dicale est enti\u00e8rement sur mesure. La vaste cabine nous permet de faire voler une \u00e9quipe sp\u00e9cialis\u00e9e (par exemple, intensiviste, infirmi\u00e8re de vol et th\u00e9rapeute respiratoire) aux c\u00f4t\u00e9s du patient et de ses proches en toute s\u00e9curit\u00e9. <\/i><\/p><p data-path-to-node=\"6,0\"> <\/p><\/blockquote><table data-path-to-node=\"9\"><thead><tr><td><strong><\/strong><\/td><td><strong>Sp\u00e9cification<\/strong> des caract\u00e9ristiques<\/td><\/tr><\/thead><tbody><tr><td><span data-path-to-node=\"9,1,0,0\"><b data-path-to-node=\"9,1,0,0\" data-index-in-node=\"0\">Vitesse de croisi\u00e8re<\/b><\/span><\/td><td><span data-path-to-node=\"9,1,1,0\">: environ 850 km\/h (459 kt)<\/span><\/td><\/tr><tr><td><span data-path-to-node=\"9,2,0,0\"><b data-path-to-node=\"9,2,0,0\" data-index-in-node=\"0\">Port\u00e9e<\/b><\/span><\/td><td><span data-path-to-node=\"9,2,1,0\">: environ 7 400 km (4 000 nm)<\/span><\/td><\/tr><tr><td><span data-path-to-node=\"9,3,0,0\"><b data-path-to-node=\"9,3,0,0\" data-index-in-node=\"0\"><\/b><\/span><\/td><td><span data-path-to-node=\"9,3,1,0\">Moteurs 2 x General Electric CF34-3B<\/span><\/td><\/tr><tr><td><span data-path-to-node=\"9,4,0,0\"><b data-path-to-node=\"9,4,0,0\" data-index-in-node=\"0\">Plafond de service<\/b><\/span><\/td><td><span data-path-to-node=\"9,4,1,0\">41 000 ft (12 500 m)<\/span><\/td><\/tr><tr><td><span data-path-to-node=\"9,5,0,0\"><b data-path-to-node=\"9,5,0,0\" data-index-in-node=\"0\">Avantage<\/b><\/span><\/td><td><span data-path-to-node=\"9,5,1,0\">cl\u00e9 : cabine extra-large et autonomie intercontinentale \u00ab longue distance \u00bb<\/span><\/td><\/tr><\/tbody><\/table>\t\t\t\t\t\t<\/div>\n\t\t\t\t<\/div>\n\t\t\t\t\t<\/div>\n\t\t\t\t<\/div>\n\t\t\t\t<\/div>\n\t\t","protected":false},"excerpt":{"rendered":"<p>Le Bombardier Challenger 604 est un poids lourd dans l\u2019industrie a\u00e9rom\u00e9dicale, offrant une v\u00e9ritable autonomie intercontinentale et l\u2019une des cabines les plus larges de sa cat\u00e9gorie. Appel\u00e9 \u00ab jet lourd \u00bb, il offre un niveau de confort et d\u2019espace inatteignable sur des avions l\u00e9gers ou de taille moyenne. Cela en fait le choix privil\u00e9gi\u00e9 pour [&hellip;]<\/p>\n","protected":false},"author":1,"featured_media":0,"parent":1607,"menu_order":0,"comment_status":"closed","ping_status":"closed","template":"","meta":{"footnotes":""},"class_list":["post-2045","page","type-page","status-publish","hentry"],"yoast_head":"<!-- This site is optimized with the Yoast SEO plugin v27.6 - https:\/\/yoast.com\/product\/yoast-seo-wordpress\/ -->\n<title>Challenger 604 - Services mondiaux d\u2019ambulance a\u00e9rienne<\/title>\n<meta name=\"robots\" content=\"index, follow, max-snippet:-1, max-image-preview:large, max-video-preview:-1\" \/>\n<link rel=\"canonical\" href=\"https:\/\/ambulanceflight.com\/fr\/flotte\/heavy-jet\/challenger-604\/\" \/>\n<meta property=\"og:locale\" content=\"fr_FR\" \/>\n<meta property=\"og:type\" content=\"article\" \/>\n<meta property=\"og:title\" content=\"Challenger 604 - Services mondiaux d\u2019ambulance a\u00e9rienne\" \/>\n<meta property=\"og:description\" content=\"Le Bombardier Challenger 604 est un poids lourd dans l\u2019industrie a\u00e9rom\u00e9dicale, offrant une v\u00e9ritable autonomie intercontinentale et l\u2019une des cabines les plus larges de sa cat\u00e9gorie. Appel\u00e9 \u00ab jet lourd \u00bb, il offre un niveau de confort et d\u2019espace inatteignable sur des avions l\u00e9gers ou de taille moyenne. Cela en fait le choix privil\u00e9gi\u00e9 pour [&hellip;]\" \/>\n<meta property=\"og:url\" content=\"https:\/\/ambulanceflight.com\/fr\/flotte\/heavy-jet\/challenger-604\/\" \/>\n<meta property=\"og:site_name\" content=\"Services mondiaux d\u2019ambulance a\u00e9rienne\" \/>\n<meta property=\"article:modified_time\" content=\"2026-04-15T14:22:01+00:00\" \/>\n<meta property=\"og:image\" content=\"http:\/\/ambulanceflight.com\/wp-content\/uploads\/2025\/12\/CL604_sn-5578_extLHsaleshot_ss_-4_wm-3-1024x416.jpg\" \/>\n<meta name=\"twitter:card\" content=\"summary_large_image\" \/>\n<meta name=\"twitter:label1\" content=\"Dur\u00e9e de lecture estim\u00e9e\" \/>\n\t<meta name=\"twitter:data1\" content=\"2 minutes\" \/>\n<script type=\"application\/ld+json\" class=\"yoast-schema-graph\">{\"@context\":\"https:\\\/\\\/schema.org\",\"@graph\":[{\"@type\":\"WebPage\",\"@id\":\"https:\\\/\\\/ambulanceflight.com\\\/fr\\\/flotte\\\/heavy-jet\\\/challenger-604\\\/\",\"url\":\"https:\\\/\\\/ambulanceflight.com\\\/fr\\\/flotte\\\/heavy-jet\\\/challenger-604\\\/\",\"name\":\"Challenger 604 - Services mondiaux d\u2019ambulance a\u00e9rienne\",\"isPartOf\":{\"@id\":\"https:\\\/\\\/ambulanceflight.com\\\/fr\\\/#website\"},\"primaryImageOfPage\":{\"@id\":\"https:\\\/\\\/ambulanceflight.com\\\/fr\\\/flotte\\\/heavy-jet\\\/challenger-604\\\/#primaryimage\"},\"image\":{\"@id\":\"https:\\\/\\\/ambulanceflight.com\\\/fr\\\/flotte\\\/heavy-jet\\\/challenger-604\\\/#primaryimage\"},\"thumbnailUrl\":\"http:\\\/\\\/ambulanceflight.com\\\/wp-content\\\/uploads\\\/2025\\\/12\\\/CL604_sn-5578_extLHsaleshot_ss_-4_wm-3-1024x416.jpg\",\"datePublished\":\"2025-12-31T15:40:17+00:00\",\"dateModified\":\"2026-04-15T14:22:01+00:00\",\"breadcrumb\":{\"@id\":\"https:\\\/\\\/ambulanceflight.com\\\/fr\\\/flotte\\\/heavy-jet\\\/challenger-604\\\/#breadcrumb\"},\"inLanguage\":\"fr-FR\",\"potentialAction\":[{\"@type\":\"ReadAction\",\"target\":[\"https:\\\/\\\/ambulanceflight.com\\\/fr\\\/flotte\\\/heavy-jet\\\/challenger-604\\\/\"]}]},{\"@type\":\"ImageObject\",\"inLanguage\":\"fr-FR\",\"@id\":\"https:\\\/\\\/ambulanceflight.com\\\/fr\\\/flotte\\\/heavy-jet\\\/challenger-604\\\/#primaryimage\",\"url\":\"http:\\\/\\\/ambulanceflight.com\\\/wp-content\\\/uploads\\\/2025\\\/12\\\/CL604_sn-5578_extLHsaleshot_ss_-4_wm-3-1024x416.jpg\",\"contentUrl\":\"http:\\\/\\\/ambulanceflight.com\\\/wp-content\\\/uploads\\\/2025\\\/12\\\/CL604_sn-5578_extLHsaleshot_ss_-4_wm-3-1024x416.jpg\"},{\"@type\":\"BreadcrumbList\",\"@id\":\"https:\\\/\\\/ambulanceflight.com\\\/fr\\\/flotte\\\/heavy-jet\\\/challenger-604\\\/#breadcrumb\",\"itemListElement\":[{\"@type\":\"ListItem\",\"position\":1,\"name\":\"Home\",\"item\":\"https:\\\/\\\/ambulanceflight.com\\\/fr\\\/\"},{\"@type\":\"ListItem\",\"position\":2,\"name\":\"Flotte\",\"item\":\"https:\\\/\\\/ambulanceflight.com\\\/fr\\\/fleet\\\/\"},{\"@type\":\"ListItem\",\"position\":3,\"name\":\"Heavy Jet\",\"item\":\"https:\\\/\\\/ambulanceflight.com\\\/fr\\\/fleet\\\/heavy-jet\\\/\"},{\"@type\":\"ListItem\",\"position\":4,\"name\":\"Challenger 604\"}]},{\"@type\":\"WebSite\",\"@id\":\"https:\\\/\\\/ambulanceflight.com\\\/fr\\\/#website\",\"url\":\"https:\\\/\\\/ambulanceflight.com\\\/fr\\\/\",\"name\":\"Services mondiaux d\u2019ambulance a\u00e9rienne\",\"description\":\"Des transferts rapides, s\u00fbrs et enti\u00e8rement \u00e9quip\u00e9s en ambulance a\u00e9rienne pour les patients partout dans le monde.\",\"potentialAction\":[{\"@type\":\"SearchAction\",\"target\":{\"@type\":\"EntryPoint\",\"urlTemplate\":\"https:\\\/\\\/ambulanceflight.com\\\/fr\\\/?s={search_term_string}\"},\"query-input\":{\"@type\":\"PropertyValueSpecification\",\"valueRequired\":true,\"valueName\":\"search_term_string\"}}],\"inLanguage\":\"fr-FR\"}]}<\/script>\n<!-- \/ Yoast SEO plugin. -->","yoast_head_json":{"title":"Challenger 604 - Services mondiaux d\u2019ambulance a\u00e9rienne","robots":{"index":"index","follow":"follow","max-snippet":"max-snippet:-1","max-image-preview":"max-image-preview:large","max-video-preview":"max-video-preview:-1"},"canonical":"https:\/\/ambulanceflight.com\/fr\/flotte\/heavy-jet\/challenger-604\/","og_locale":"fr_FR","og_type":"article","og_title":"Challenger 604 - Services mondiaux d\u2019ambulance a\u00e9rienne","og_description":"Le Bombardier Challenger 604 est un poids lourd dans l\u2019industrie a\u00e9rom\u00e9dicale, offrant une v\u00e9ritable autonomie intercontinentale et l\u2019une des cabines les plus larges de sa cat\u00e9gorie. Appel\u00e9 \u00ab jet lourd \u00bb, il offre un niveau de confort et d\u2019espace inatteignable sur des avions l\u00e9gers ou de taille moyenne. Cela en fait le choix privil\u00e9gi\u00e9 pour [&hellip;]","og_url":"https:\/\/ambulanceflight.com\/fr\/flotte\/heavy-jet\/challenger-604\/","og_site_name":"Services mondiaux d\u2019ambulance a\u00e9rienne","article_modified_time":"2026-04-15T14:22:01+00:00","og_image":[{"url":"http:\/\/ambulanceflight.com\/wp-content\/uploads\/2025\/12\/CL604_sn-5578_extLHsaleshot_ss_-4_wm-3-1024x416.jpg","type":"","width":"","height":""}],"twitter_card":"summary_large_image","twitter_misc":{"Dur\u00e9e de lecture estim\u00e9e":"2 minutes"},"schema":{"@context":"https:\/\/schema.org","@graph":[{"@type":"WebPage","@id":"https:\/\/ambulanceflight.com\/fr\/flotte\/heavy-jet\/challenger-604\/","url":"https:\/\/ambulanceflight.com\/fr\/flotte\/heavy-jet\/challenger-604\/","name":"Challenger 604 - Services mondiaux d\u2019ambulance a\u00e9rienne","isPartOf":{"@id":"https:\/\/ambulanceflight.com\/fr\/#website"},"primaryImageOfPage":{"@id":"https:\/\/ambulanceflight.com\/fr\/flotte\/heavy-jet\/challenger-604\/#primaryimage"},"image":{"@id":"https:\/\/ambulanceflight.com\/fr\/flotte\/heavy-jet\/challenger-604\/#primaryimage"},"thumbnailUrl":"http:\/\/ambulanceflight.com\/wp-content\/uploads\/2025\/12\/CL604_sn-5578_extLHsaleshot_ss_-4_wm-3-1024x416.jpg","datePublished":"2025-12-31T15:40:17+00:00","dateModified":"2026-04-15T14:22:01+00:00","breadcrumb":{"@id":"https:\/\/ambulanceflight.com\/fr\/flotte\/heavy-jet\/challenger-604\/#breadcrumb"},"inLanguage":"fr-FR","potentialAction":[{"@type":"ReadAction","target":["https:\/\/ambulanceflight.com\/fr\/flotte\/heavy-jet\/challenger-604\/"]}]},{"@type":"ImageObject","inLanguage":"fr-FR","@id":"https:\/\/ambulanceflight.com\/fr\/flotte\/heavy-jet\/challenger-604\/#primaryimage","url":"http:\/\/ambulanceflight.com\/wp-content\/uploads\/2025\/12\/CL604_sn-5578_extLHsaleshot_ss_-4_wm-3-1024x416.jpg","contentUrl":"http:\/\/ambulanceflight.com\/wp-content\/uploads\/2025\/12\/CL604_sn-5578_extLHsaleshot_ss_-4_wm-3-1024x416.jpg"},{"@type":"BreadcrumbList","@id":"https:\/\/ambulanceflight.com\/fr\/flotte\/heavy-jet\/challenger-604\/#breadcrumb","itemListElement":[{"@type":"ListItem","position":1,"name":"Home","item":"https:\/\/ambulanceflight.com\/fr\/"},{"@type":"ListItem","position":2,"name":"Flotte","item":"https:\/\/ambulanceflight.com\/fr\/fleet\/"},{"@type":"ListItem","position":3,"name":"Heavy Jet","item":"https:\/\/ambulanceflight.com\/fr\/fleet\/heavy-jet\/"},{"@type":"ListItem","position":4,"name":"Challenger 604"}]},{"@type":"WebSite","@id":"https:\/\/ambulanceflight.com\/fr\/#website","url":"https:\/\/ambulanceflight.com\/fr\/","name":"Services mondiaux d\u2019ambulance a\u00e9rienne","description":"Des transferts rapides, s\u00fbrs et enti\u00e8rement \u00e9quip\u00e9s en ambulance a\u00e9rienne pour les patients partout dans le monde.","potentialAction":[{"@type":"SearchAction","target":{"@type":"EntryPoint","urlTemplate":"https:\/\/ambulanceflight.com\/fr\/?s={search_term_string}"},"query-input":{"@type":"PropertyValueSpecification","valueRequired":true,"valueName":"search_term_string"}}],"inLanguage":"fr-FR"}]}},"_links":{"self":[{"href":"https:\/\/ambulanceflight.com\/fr\/wp-json\/wp\/v2\/pages\/2045","targetHints":{"allow":["GET"]}}],"collection":[{"href":"https:\/\/ambulanceflight.com\/fr\/wp-json\/wp\/v2\/pages"}],"about":[{"href":"https:\/\/ambulanceflight.com\/fr\/wp-json\/wp\/v2\/types\/page"}],"author":[{"embeddable":true,"href":"https:\/\/ambulanceflight.com\/fr\/wp-json\/wp\/v2\/users\/1"}],"replies":[{"embeddable":true,"href":"https:\/\/ambulanceflight.com\/fr\/wp-json\/wp\/v2\/comments?post=2045"}],"version-history":[{"count":3,"href":"https:\/\/ambulanceflight.com\/fr\/wp-json\/wp\/v2\/pages\/2045\/revisions"}],"predecessor-version":[{"id":3010,"href":"https:\/\/ambulanceflight.com\/fr\/wp-json\/wp\/v2\/pages\/2045\/revisions\/3010"}],"up":[{"embeddable":true,"href":"https:\/\/ambulanceflight.com\/fr\/wp-json\/wp\/v2\/pages\/1607"}],"wp:attachment":[{"href":"https:\/\/ambulanceflight.com\/fr\/wp-json\/wp\/v2\/media?parent=2045"}],"curies":[{"name":"wp","href":"https:\/\/api.w.org\/{rel}","templated":true}]}}