{"id":1994,"date":"2025-12-31T13:02:16","date_gmt":"2025-12-31T13:02:16","guid":{"rendered":"https:\/\/ambulanceflight.com\/learjet-60\/"},"modified":"2026-01-23T13:08:18","modified_gmt":"2026-01-23T13:08:18","slug":"learjet-60","status":"publish","type":"page","link":"https:\/\/ambulanceflight.com\/fr\/flotte\/jets-de-taille-moyenne\/learjet-60\/","title":{"rendered":"LearJet 60"},"content":{"rendered":"\t\t<div data-elementor-type=\"wp-page\" data-elementor-id=\"1994\" class=\"elementor elementor-1994 elementor-1987\" data-elementor-settings=\"{&quot;ha_cmc_init_switcher&quot;:&quot;no&quot;}\" data-elementor-post-type=\"page\">\n\t\t\t\t<div class=\"elementor-element elementor-element-db27b7c e-flex e-con-boxed e-con e-parent\" data-id=\"db27b7c\" data-element_type=\"container\" data-settings=\"{&quot;_ha_eqh_enable&quot;:false,&quot;ekit_has_onepagescroll_dot&quot;:&quot;yes&quot;}\">\n\t\t\t\t\t<div class=\"e-con-inner\">\n\t\t<div class=\"elementor-element elementor-element-54e309d e-con-full e-flex e-con e-child\" data-id=\"54e309d\" data-element_type=\"container\" data-settings=\"{&quot;_ha_eqh_enable&quot;:false,&quot;ekit_has_onepagescroll_dot&quot;:&quot;yes&quot;}\">\n\t\t\t\t<div class=\"elementor-element elementor-element-367f867 elementor-widget elementor-widget-image\" data-id=\"367f867\" data-element_type=\"widget\" data-settings=\"{&quot;ekit_we_effect_on&quot;:&quot;none&quot;}\" data-widget_type=\"image.default\">\n\t\t\t\t<div class=\"elementor-widget-container\">\n\t\t\t\t\t\t\t\t\t\t\t\t\t<img fetchpriority=\"high\" decoding=\"async\" width=\"735\" height=\"490\" src=\"https:\/\/ambulanceflight.com\/wp-content\/uploads\/2025\/12\/Learjet-60-Aircraft-for-Sale-with-Price-2-Aircraft-Available.jpg\" class=\"attachment-large size-large wp-image-1995\" alt=\"\" srcset=\"https:\/\/ambulanceflight.com\/wp-content\/uploads\/2025\/12\/Learjet-60-Aircraft-for-Sale-with-Price-2-Aircraft-Available.jpg 735w, https:\/\/ambulanceflight.com\/wp-content\/uploads\/2025\/12\/Learjet-60-Aircraft-for-Sale-with-Price-2-Aircraft-Available-300x200.jpg 300w\" sizes=\"(max-width: 735px) 100vw, 735px\" \/>\t\t\t\t\t\t\t\t\t\t\t\t\t<\/div>\n\t\t\t\t<\/div>\n\t\t\t\t<\/div>\n\t\t<div class=\"elementor-element elementor-element-064f4d4 e-con-full e-flex e-con e-child\" data-id=\"064f4d4\" data-element_type=\"container\" data-settings=\"{&quot;_ha_eqh_enable&quot;:false,&quot;ekit_has_onepagescroll_dot&quot;:&quot;yes&quot;}\">\n\t\t<div class=\"elementor-element elementor-element-ffaebd6 e-con-full e-flex e-con e-child\" data-id=\"ffaebd6\" data-element_type=\"container\" data-settings=\"{&quot;_ha_eqh_enable&quot;:false,&quot;ekit_has_onepagescroll_dot&quot;:&quot;yes&quot;}\">\n\t\t\t\t<div class=\"elementor-element elementor-element-d4f400c elementor-widget elementor-widget-image\" data-id=\"d4f400c\" data-element_type=\"widget\" data-settings=\"{&quot;ekit_we_effect_on&quot;:&quot;none&quot;}\" data-widget_type=\"image.default\">\n\t\t\t\t<div class=\"elementor-widget-container\">\n\t\t\t\t\t\t\t\t\t\t\t\t\t<img decoding=\"async\" width=\"669\" height=\"446\" src=\"https:\/\/ambulanceflight.com\/wp-content\/uploads\/2026\/01\/WhatsApp-Image-2026-01-23-at-14.07.43.jpeg\" class=\"attachment-large size-large wp-image-2990\" alt=\"\" srcset=\"https:\/\/ambulanceflight.com\/wp-content\/uploads\/2026\/01\/WhatsApp-Image-2026-01-23-at-14.07.43.jpeg 669w, https:\/\/ambulanceflight.com\/wp-content\/uploads\/2026\/01\/WhatsApp-Image-2026-01-23-at-14.07.43-300x200.jpeg 300w\" sizes=\"(max-width: 669px) 100vw, 669px\" \/>\t\t\t\t\t\t\t\t\t\t\t\t\t<\/div>\n\t\t\t\t<\/div>\n\t\t\t\t<\/div>\n\t\t<div class=\"elementor-element elementor-element-13bb64b e-con-full e-flex e-con e-child\" data-id=\"13bb64b\" data-element_type=\"container\" data-settings=\"{&quot;_ha_eqh_enable&quot;:false,&quot;ekit_has_onepagescroll_dot&quot;:&quot;yes&quot;}\">\n\t\t\t\t<\/div>\n\t\t\t\t<\/div>\n\t\t\t\t\t<\/div>\n\t\t\t\t<\/div>\n\t\t<div class=\"elementor-element elementor-element-715f7e6 e-flex e-con-boxed e-con e-parent\" data-id=\"715f7e6\" data-element_type=\"container\" data-settings=\"{&quot;background_background&quot;:&quot;classic&quot;,&quot;_ha_eqh_enable&quot;:false,&quot;ekit_has_onepagescroll_dot&quot;:&quot;yes&quot;}\">\n\t\t\t\t\t<div class=\"e-con-inner\">\n\t\t\t\t<div class=\"elementor-element elementor-element-f27cf1f elementor-widget elementor-widget-text-editor\" data-id=\"f27cf1f\" data-element_type=\"widget\" data-settings=\"{&quot;ekit_we_effect_on&quot;:&quot;none&quot;}\" data-widget_type=\"text-editor.default\">\n\t\t\t\t<div class=\"elementor-widget-container\">\n\t\t\t\t\t\t\t<p data-path-to-node=\"0\">Le <b data-path-to-node=\"0\" data-index-in-node=\"4\">Learjet 60<\/b> est l\u2019un des jets de taille moyenne les plus rapides et les plus performants de l\u2019industrie a\u00e9rom\u00e9dicale. R\u00e9put\u00e9 pour ses performances \u00ab monter et maintenir \u00bb, il peut atteindre de grandes altitudes bien plus rapidement que d\u2019autres appareils, ce qui lui permet de survoler les mauvais temps et les turbulences. Cela offre un environnement exceptionnellement calme et calme, ce qui est essentiel pour les patients pr\u00e9sentant des signes vitaux instables ou des troubles neurologiques.  <\/p><p data-path-to-node=\"1\">Le Learjet 60 pr\u00e9sente une cabine nettement plus longue et large que la Learjet 35 ou 45, offrant un espace de travail plus confortable pour l\u2019\u00e9quipe m\u00e9dicale et de meilleures commodit\u00e9s pour les membres de la famille accompagnant. C\u2019est un choix privil\u00e9gi\u00e9 pour les rapatriements transcontinentaux \u00e0 moyenne et longue distance, o\u00f9 la vitesse est la principale exigence. <\/p><p data-path-to-node=\"1\"> <\/p><h3 data-path-to-node=\"3\">\u00c9quipement m\u00e9dical<\/h3><p data-path-to-node=\"4\">Le Learjet 60 est \u00e9quip\u00e9 comme une unit\u00e9 de <b data-path-to-node=\"4\" data-index-in-node=\"33\">soins intensifs (USI) volante \u00e0 la pointe de la technologie<\/b>. Son volume accru dans la cabine permet des configurations m\u00e9dicales plus avanc\u00e9es et un meilleur acc\u00e8s au patient lors des man\u0153uvres de vol. <\/p><ul data-path-to-node=\"5\"><li><p data-path-to-node=\"5,0,0\">Ventilateur de transport \u00e0 haute fr\u00e9quence avanc\u00e9<\/p><\/li><li><p data-path-to-node=\"5,1,0\">Surveillance multiparam\u00e8tre compl\u00e8te (ECG, capacit\u00e9 12-d\u00e9rivation, SpO2, EtCO2, NIBP\/IBP)<\/p><\/li><li><p data-path-to-node=\"5,2,0\">D\u00e9fibrillateur biphasique et stimulateur cardiaque externe<\/p><\/li><li><p data-path-to-node=\"5,3,0\">Tourne-seingues de pr\u00e9cision et pompes d\u2019infusion \u00e0 haute capacit\u00e9<\/p><\/li><li><p data-path-to-node=\"5,4,0\">Unit\u00e9 d\u2019aspiration \u00e0 double circuit \u00e0 haut vide<\/p><\/li><li><p data-path-to-node=\"5,5,0\">Analyseur de gaz sanguin au point de soins (EPOC)<\/p><\/li><li><p data-path-to-node=\"5,6,0\">Kit sp\u00e9cialis\u00e9 en m\u00e9decine d\u2019urgence et en r\u00e9animation chirurgicale<\/p><\/li><li><p data-path-to-node=\"5,7,0\">Compatibilit\u00e9 totale pour le transport n\u00e9onatal (incubateur) ou les syst\u00e8mes ECMO<\/p><\/li><li><p data-path-to-node=\"5,8,0\">Approvisionnement m\u00e9dical en oxyg\u00e8ne \u00e0 grande \u00e9chelle et convertisseurs de puissance sp\u00e9cialis\u00e9s<\/p><\/li><\/ul><blockquote data-path-to-node=\"6\"><p data-path-to-node=\"6,0\"><i data-path-to-node=\"6,0\" data-index-in-node=\"0\">Chaque mission est configur\u00e9e sur mesure. Nous garantissons une \u00e9quipe m\u00e9dicale sp\u00e9cialis\u00e9e, g\u00e9n\u00e9ralement un m\u00e9decin de vol et une infirmi\u00e8re de vol, sp\u00e9cialement \u00e9quip\u00e9e pour g\u00e9rer la pathologie clinique du patient. <\/i><\/p><p data-path-to-node=\"6,0\"> <\/p><\/blockquote><table data-path-to-node=\"9\"><thead><tr><td><strong><\/strong><\/td><td><strong>Sp\u00e9cification<\/strong> des caract\u00e9ristiques<\/td><\/tr><\/thead><tbody><tr><td><span data-path-to-node=\"9,1,0,0\"><b data-path-to-node=\"9,1,0,0\" data-index-in-node=\"0\">Vitesse de croisi\u00e8re<\/b><\/span><\/td><td><span data-path-to-node=\"9,1,1,0\">environ 860 km\/h (465 kt)<\/span><\/td><\/tr><tr><td><span data-path-to-node=\"9,2,0,0\"><b data-path-to-node=\"9,2,0,0\" data-index-in-node=\"0\">Port\u00e9e<\/b><\/span><\/td><td><span data-path-to-node=\"9,2,1,0\">: environ 4 400 km (2 400 nm)<\/span><\/td><\/tr><tr><td><span data-path-to-node=\"9,3,0,0\"><b data-path-to-node=\"9,3,0,0\" data-index-in-node=\"0\">Moteurs<\/b><\/span><\/td><td><span data-path-to-node=\"9,3,1,0\">2 x Pratt &amp; Whitney PW305A<\/span><\/td><\/tr><tr><td><span data-path-to-node=\"9,4,0,0\"><b data-path-to-node=\"9,4,0,0\" data-index-in-node=\"0\">Plafond de service<\/b><\/span><\/td><td><span data-path-to-node=\"9,4,1,0\">51 000 ft (15 545 m)<\/span><\/td><\/tr><tr><td><span data-path-to-node=\"9,5,0,0\"><b data-path-to-node=\"9,5,0,0\" data-index-in-node=\"0\">Avantage<\/b><\/span><\/td><td><span data-path-to-node=\"9,5,1,0\">cl\u00e9 : taux de mont\u00e9e incroyable et vitesse en haute altitude<\/span><\/td><\/tr><\/tbody><\/table>\t\t\t\t\t\t<\/div>\n\t\t\t\t<\/div>\n\t\t\t\t\t<\/div>\n\t\t\t\t<\/div>\n\t\t\t\t<\/div>\n\t\t","protected":false},"excerpt":{"rendered":"<p>Le Learjet 60 est l\u2019un des jets de taille moyenne les plus rapides et les plus performants de l\u2019industrie a\u00e9rom\u00e9dicale. R\u00e9put\u00e9 pour ses performances \u00ab monter et maintenir \u00bb, il peut atteindre de grandes altitudes bien plus rapidement que d\u2019autres appareils, ce qui lui permet de survoler les mauvais temps et les turbulences. Cela offre [&hellip;]<\/p>\n","protected":false},"author":1,"featured_media":0,"parent":1544,"menu_order":0,"comment_status":"closed","ping_status":"closed","template":"","meta":{"footnotes":""},"class_list":["post-1994","page","type-page","status-publish","hentry"],"yoast_head":"<!-- This site is optimized with the Yoast SEO plugin v27.6 - https:\/\/yoast.com\/product\/yoast-seo-wordpress\/ -->\n<title>LearJet 60 - Services mondiaux d\u2019ambulance a\u00e9rienne<\/title>\n<meta name=\"robots\" content=\"index, follow, max-snippet:-1, max-image-preview:large, max-video-preview:-1\" \/>\n<link rel=\"canonical\" href=\"https:\/\/ambulanceflight.com\/fr\/flotte\/jets-de-taille-moyenne\/learjet-60\/\" \/>\n<meta property=\"og:locale\" content=\"fr_FR\" \/>\n<meta property=\"og:type\" content=\"article\" \/>\n<meta property=\"og:title\" content=\"LearJet 60 - Services mondiaux d\u2019ambulance a\u00e9rienne\" \/>\n<meta property=\"og:description\" content=\"Le Learjet 60 est l\u2019un des jets de taille moyenne les plus rapides et les plus performants de l\u2019industrie a\u00e9rom\u00e9dicale. R\u00e9put\u00e9 pour ses performances \u00ab monter et maintenir \u00bb, il peut atteindre de grandes altitudes bien plus rapidement que d\u2019autres appareils, ce qui lui permet de survoler les mauvais temps et les turbulences. Cela offre [&hellip;]\" \/>\n<meta property=\"og:url\" content=\"https:\/\/ambulanceflight.com\/fr\/flotte\/jets-de-taille-moyenne\/learjet-60\/\" \/>\n<meta property=\"og:site_name\" content=\"Services mondiaux d\u2019ambulance a\u00e9rienne\" \/>\n<meta property=\"article:modified_time\" content=\"2026-01-23T13:08:18+00:00\" \/>\n<meta property=\"og:image\" content=\"http:\/\/ambulanceflight.com\/wp-content\/uploads\/2025\/12\/Learjet-60-Aircraft-for-Sale-with-Price-2-Aircraft-Available.jpg\" \/>\n<meta name=\"twitter:card\" content=\"summary_large_image\" \/>\n<meta name=\"twitter:label1\" content=\"Dur\u00e9e de lecture estim\u00e9e\" \/>\n\t<meta name=\"twitter:data1\" content=\"2 minutes\" \/>\n<script type=\"application\/ld+json\" class=\"yoast-schema-graph\">{\"@context\":\"https:\\\/\\\/schema.org\",\"@graph\":[{\"@type\":\"WebPage\",\"@id\":\"https:\\\/\\\/ambulanceflight.com\\\/fr\\\/flotte\\\/jets-de-taille-moyenne\\\/learjet-60\\\/\",\"url\":\"https:\\\/\\\/ambulanceflight.com\\\/fr\\\/flotte\\\/jets-de-taille-moyenne\\\/learjet-60\\\/\",\"name\":\"LearJet 60 - Services mondiaux d\u2019ambulance a\u00e9rienne\",\"isPartOf\":{\"@id\":\"https:\\\/\\\/ambulanceflight.com\\\/fr\\\/#website\"},\"primaryImageOfPage\":{\"@id\":\"https:\\\/\\\/ambulanceflight.com\\\/fr\\\/flotte\\\/jets-de-taille-moyenne\\\/learjet-60\\\/#primaryimage\"},\"image\":{\"@id\":\"https:\\\/\\\/ambulanceflight.com\\\/fr\\\/flotte\\\/jets-de-taille-moyenne\\\/learjet-60\\\/#primaryimage\"},\"thumbnailUrl\":\"http:\\\/\\\/ambulanceflight.com\\\/wp-content\\\/uploads\\\/2025\\\/12\\\/Learjet-60-Aircraft-for-Sale-with-Price-2-Aircraft-Available.jpg\",\"datePublished\":\"2025-12-31T13:02:16+00:00\",\"dateModified\":\"2026-01-23T13:08:18+00:00\",\"breadcrumb\":{\"@id\":\"https:\\\/\\\/ambulanceflight.com\\\/fr\\\/flotte\\\/jets-de-taille-moyenne\\\/learjet-60\\\/#breadcrumb\"},\"inLanguage\":\"fr-FR\",\"potentialAction\":[{\"@type\":\"ReadAction\",\"target\":[\"https:\\\/\\\/ambulanceflight.com\\\/fr\\\/flotte\\\/jets-de-taille-moyenne\\\/learjet-60\\\/\"]}]},{\"@type\":\"ImageObject\",\"inLanguage\":\"fr-FR\",\"@id\":\"https:\\\/\\\/ambulanceflight.com\\\/fr\\\/flotte\\\/jets-de-taille-moyenne\\\/learjet-60\\\/#primaryimage\",\"url\":\"http:\\\/\\\/ambulanceflight.com\\\/wp-content\\\/uploads\\\/2025\\\/12\\\/Learjet-60-Aircraft-for-Sale-with-Price-2-Aircraft-Available.jpg\",\"contentUrl\":\"http:\\\/\\\/ambulanceflight.com\\\/wp-content\\\/uploads\\\/2025\\\/12\\\/Learjet-60-Aircraft-for-Sale-with-Price-2-Aircraft-Available.jpg\"},{\"@type\":\"BreadcrumbList\",\"@id\":\"https:\\\/\\\/ambulanceflight.com\\\/fr\\\/flotte\\\/jets-de-taille-moyenne\\\/learjet-60\\\/#breadcrumb\",\"itemListElement\":[{\"@type\":\"ListItem\",\"position\":1,\"name\":\"Home\",\"item\":\"https:\\\/\\\/ambulanceflight.com\\\/fr\\\/\"},{\"@type\":\"ListItem\",\"position\":2,\"name\":\"Flotte\",\"item\":\"https:\\\/\\\/ambulanceflight.com\\\/fr\\\/fleet\\\/\"},{\"@type\":\"ListItem\",\"position\":3,\"name\":\"Jets de taille moyenne\",\"item\":\"https:\\\/\\\/ambulanceflight.com\\\/fr\\\/fleet\\\/midsize-jets\\\/\"},{\"@type\":\"ListItem\",\"position\":4,\"name\":\"LearJet 60\"}]},{\"@type\":\"WebSite\",\"@id\":\"https:\\\/\\\/ambulanceflight.com\\\/fr\\\/#website\",\"url\":\"https:\\\/\\\/ambulanceflight.com\\\/fr\\\/\",\"name\":\"Services mondiaux d\u2019ambulance a\u00e9rienne\",\"description\":\"Des transferts rapides, s\u00fbrs et enti\u00e8rement \u00e9quip\u00e9s en ambulance a\u00e9rienne pour les patients partout dans le monde.\",\"potentialAction\":[{\"@type\":\"SearchAction\",\"target\":{\"@type\":\"EntryPoint\",\"urlTemplate\":\"https:\\\/\\\/ambulanceflight.com\\\/fr\\\/?s={search_term_string}\"},\"query-input\":{\"@type\":\"PropertyValueSpecification\",\"valueRequired\":true,\"valueName\":\"search_term_string\"}}],\"inLanguage\":\"fr-FR\"}]}<\/script>\n<!-- \/ Yoast SEO plugin. -->","yoast_head_json":{"title":"LearJet 60 - Services mondiaux d\u2019ambulance a\u00e9rienne","robots":{"index":"index","follow":"follow","max-snippet":"max-snippet:-1","max-image-preview":"max-image-preview:large","max-video-preview":"max-video-preview:-1"},"canonical":"https:\/\/ambulanceflight.com\/fr\/flotte\/jets-de-taille-moyenne\/learjet-60\/","og_locale":"fr_FR","og_type":"article","og_title":"LearJet 60 - Services mondiaux d\u2019ambulance a\u00e9rienne","og_description":"Le Learjet 60 est l\u2019un des jets de taille moyenne les plus rapides et les plus performants de l\u2019industrie a\u00e9rom\u00e9dicale. R\u00e9put\u00e9 pour ses performances \u00ab monter et maintenir \u00bb, il peut atteindre de grandes altitudes bien plus rapidement que d\u2019autres appareils, ce qui lui permet de survoler les mauvais temps et les turbulences. Cela offre [&hellip;]","og_url":"https:\/\/ambulanceflight.com\/fr\/flotte\/jets-de-taille-moyenne\/learjet-60\/","og_site_name":"Services mondiaux d\u2019ambulance a\u00e9rienne","article_modified_time":"2026-01-23T13:08:18+00:00","og_image":[{"url":"http:\/\/ambulanceflight.com\/wp-content\/uploads\/2025\/12\/Learjet-60-Aircraft-for-Sale-with-Price-2-Aircraft-Available.jpg","type":"","width":"","height":""}],"twitter_card":"summary_large_image","twitter_misc":{"Dur\u00e9e de lecture estim\u00e9e":"2 minutes"},"schema":{"@context":"https:\/\/schema.org","@graph":[{"@type":"WebPage","@id":"https:\/\/ambulanceflight.com\/fr\/flotte\/jets-de-taille-moyenne\/learjet-60\/","url":"https:\/\/ambulanceflight.com\/fr\/flotte\/jets-de-taille-moyenne\/learjet-60\/","name":"LearJet 60 - Services mondiaux d\u2019ambulance a\u00e9rienne","isPartOf":{"@id":"https:\/\/ambulanceflight.com\/fr\/#website"},"primaryImageOfPage":{"@id":"https:\/\/ambulanceflight.com\/fr\/flotte\/jets-de-taille-moyenne\/learjet-60\/#primaryimage"},"image":{"@id":"https:\/\/ambulanceflight.com\/fr\/flotte\/jets-de-taille-moyenne\/learjet-60\/#primaryimage"},"thumbnailUrl":"http:\/\/ambulanceflight.com\/wp-content\/uploads\/2025\/12\/Learjet-60-Aircraft-for-Sale-with-Price-2-Aircraft-Available.jpg","datePublished":"2025-12-31T13:02:16+00:00","dateModified":"2026-01-23T13:08:18+00:00","breadcrumb":{"@id":"https:\/\/ambulanceflight.com\/fr\/flotte\/jets-de-taille-moyenne\/learjet-60\/#breadcrumb"},"inLanguage":"fr-FR","potentialAction":[{"@type":"ReadAction","target":["https:\/\/ambulanceflight.com\/fr\/flotte\/jets-de-taille-moyenne\/learjet-60\/"]}]},{"@type":"ImageObject","inLanguage":"fr-FR","@id":"https:\/\/ambulanceflight.com\/fr\/flotte\/jets-de-taille-moyenne\/learjet-60\/#primaryimage","url":"http:\/\/ambulanceflight.com\/wp-content\/uploads\/2025\/12\/Learjet-60-Aircraft-for-Sale-with-Price-2-Aircraft-Available.jpg","contentUrl":"http:\/\/ambulanceflight.com\/wp-content\/uploads\/2025\/12\/Learjet-60-Aircraft-for-Sale-with-Price-2-Aircraft-Available.jpg"},{"@type":"BreadcrumbList","@id":"https:\/\/ambulanceflight.com\/fr\/flotte\/jets-de-taille-moyenne\/learjet-60\/#breadcrumb","itemListElement":[{"@type":"ListItem","position":1,"name":"Home","item":"https:\/\/ambulanceflight.com\/fr\/"},{"@type":"ListItem","position":2,"name":"Flotte","item":"https:\/\/ambulanceflight.com\/fr\/fleet\/"},{"@type":"ListItem","position":3,"name":"Jets de taille moyenne","item":"https:\/\/ambulanceflight.com\/fr\/fleet\/midsize-jets\/"},{"@type":"ListItem","position":4,"name":"LearJet 60"}]},{"@type":"WebSite","@id":"https:\/\/ambulanceflight.com\/fr\/#website","url":"https:\/\/ambulanceflight.com\/fr\/","name":"Services mondiaux d\u2019ambulance a\u00e9rienne","description":"Des transferts rapides, s\u00fbrs et enti\u00e8rement \u00e9quip\u00e9s en ambulance a\u00e9rienne pour les patients partout dans le monde.","potentialAction":[{"@type":"SearchAction","target":{"@type":"EntryPoint","urlTemplate":"https:\/\/ambulanceflight.com\/fr\/?s={search_term_string}"},"query-input":{"@type":"PropertyValueSpecification","valueRequired":true,"valueName":"search_term_string"}}],"inLanguage":"fr-FR"}]}},"_links":{"self":[{"href":"https:\/\/ambulanceflight.com\/fr\/wp-json\/wp\/v2\/pages\/1994","targetHints":{"allow":["GET"]}}],"collection":[{"href":"https:\/\/ambulanceflight.com\/fr\/wp-json\/wp\/v2\/pages"}],"about":[{"href":"https:\/\/ambulanceflight.com\/fr\/wp-json\/wp\/v2\/types\/page"}],"author":[{"embeddable":true,"href":"https:\/\/ambulanceflight.com\/fr\/wp-json\/wp\/v2\/users\/1"}],"replies":[{"embeddable":true,"href":"https:\/\/ambulanceflight.com\/fr\/wp-json\/wp\/v2\/comments?post=1994"}],"version-history":[{"count":3,"href":"https:\/\/ambulanceflight.com\/fr\/wp-json\/wp\/v2\/pages\/1994\/revisions"}],"predecessor-version":[{"id":2991,"href":"https:\/\/ambulanceflight.com\/fr\/wp-json\/wp\/v2\/pages\/1994\/revisions\/2991"}],"up":[{"embeddable":true,"href":"https:\/\/ambulanceflight.com\/fr\/wp-json\/wp\/v2\/pages\/1544"}],"wp:attachment":[{"href":"https:\/\/ambulanceflight.com\/fr\/wp-json\/wp\/v2\/media?parent=1994"}],"curies":[{"name":"wp","href":"https:\/\/api.w.org\/{rel}","templated":true}]}}