{"id":1947,"date":"2025-12-31T10:05:03","date_gmt":"2025-12-31T10:05:03","guid":{"rendered":"https:\/\/ambulanceflight.com\/falcon-50\/"},"modified":"2026-04-15T14:22:04","modified_gmt":"2026-04-15T14:22:04","slug":"falcon-50","status":"publish","type":"page","link":"https:\/\/ambulanceflight.com\/fr\/flotte\/jets-de-taille-moyenne\/falcon-50\/","title":{"rendered":"Falcon 50"},"content":{"rendered":"\t\t<div data-elementor-type=\"wp-page\" data-elementor-id=\"1947\" class=\"elementor elementor-1947 elementor-1940\" data-elementor-settings=\"{&quot;ha_cmc_init_switcher&quot;:&quot;no&quot;}\" data-elementor-post-type=\"page\">\n\t\t\t\t<div class=\"elementor-element elementor-element-ec0edcc e-flex e-con-boxed e-con e-parent\" data-id=\"ec0edcc\" data-element_type=\"container\" data-settings=\"{&quot;_ha_eqh_enable&quot;:false,&quot;ekit_has_onepagescroll_dot&quot;:&quot;yes&quot;}\">\n\t\t\t\t\t<div class=\"e-con-inner\">\n\t\t<div class=\"elementor-element elementor-element-b019927 e-con-full e-flex e-con e-child\" data-id=\"b019927\" data-element_type=\"container\" data-settings=\"{&quot;_ha_eqh_enable&quot;:false,&quot;ekit_has_onepagescroll_dot&quot;:&quot;yes&quot;}\">\n\t\t\t\t<div class=\"elementor-element elementor-element-e852575 elementor-widget elementor-widget-image\" data-id=\"e852575\" data-element_type=\"widget\" data-settings=\"{&quot;ekit_we_effect_on&quot;:&quot;none&quot;}\" data-widget_type=\"image.default\">\n\t\t\t\t<div class=\"elementor-widget-container\">\n\t\t\t\t\t\t\t\t\t\t\t\t\t<img fetchpriority=\"high\" decoding=\"async\" width=\"800\" height=\"352\" src=\"https:\/\/ambulanceflight.com\/wp-content\/uploads\/2025\/12\/falcon50.1-1024x451.jpg\" class=\"attachment-large size-large wp-image-1949\" alt=\"\" srcset=\"https:\/\/ambulanceflight.com\/wp-content\/uploads\/2025\/12\/falcon50.1-1024x451.jpg 1024w, https:\/\/ambulanceflight.com\/wp-content\/uploads\/2025\/12\/falcon50.1-300x132.jpg 300w, https:\/\/ambulanceflight.com\/wp-content\/uploads\/2025\/12\/falcon50.1-768x338.jpg 768w, https:\/\/ambulanceflight.com\/wp-content\/uploads\/2025\/12\/falcon50.1-1536x676.jpg 1536w, https:\/\/ambulanceflight.com\/wp-content\/uploads\/2025\/12\/falcon50.1.jpg 2000w\" sizes=\"(max-width: 800px) 100vw, 800px\" \/>\t\t\t\t\t\t\t\t\t\t\t\t\t<\/div>\n\t\t\t\t<\/div>\n\t\t\t\t<\/div>\n\t\t<div class=\"elementor-element elementor-element-c10d90d e-con-full e-flex e-con e-child\" data-id=\"c10d90d\" data-element_type=\"container\" data-settings=\"{&quot;_ha_eqh_enable&quot;:false,&quot;ekit_has_onepagescroll_dot&quot;:&quot;yes&quot;}\">\n\t\t<div class=\"elementor-element elementor-element-ffcc7cd e-con-full e-flex e-con e-child\" data-id=\"ffcc7cd\" data-element_type=\"container\" data-settings=\"{&quot;_ha_eqh_enable&quot;:false,&quot;ekit_has_onepagescroll_dot&quot;:&quot;yes&quot;}\">\n\t\t\t\t<div class=\"elementor-element elementor-element-6301663 elementor-widget elementor-widget-image\" data-id=\"6301663\" data-element_type=\"widget\" data-settings=\"{&quot;ekit_we_effect_on&quot;:&quot;none&quot;}\" data-widget_type=\"image.default\">\n\t\t\t\t<div class=\"elementor-widget-container\">\n\t\t\t\t\t\t\t\t\t\t\t\t\t<img decoding=\"async\" width=\"768\" height=\"1024\" src=\"https:\/\/ambulanceflight.com\/wp-content\/uploads\/2026\/01\/PHOTO-2026-01-23-14-02-56-768x1024.jpg\" class=\"attachment-large size-large wp-image-2971\" alt=\"\" srcset=\"https:\/\/ambulanceflight.com\/wp-content\/uploads\/2026\/01\/PHOTO-2026-01-23-14-02-56-768x1024.jpg 768w, https:\/\/ambulanceflight.com\/wp-content\/uploads\/2026\/01\/PHOTO-2026-01-23-14-02-56-225x300.jpg 225w, https:\/\/ambulanceflight.com\/wp-content\/uploads\/2026\/01\/PHOTO-2026-01-23-14-02-56-1152x1536.jpg 1152w, https:\/\/ambulanceflight.com\/wp-content\/uploads\/2026\/01\/PHOTO-2026-01-23-14-02-56.jpg 1200w\" sizes=\"(max-width: 768px) 100vw, 768px\" \/>\t\t\t\t\t\t\t\t\t\t\t\t\t<\/div>\n\t\t\t\t<\/div>\n\t\t\t\t<\/div>\n\t\t<div class=\"elementor-element elementor-element-d3f6174 e-con-full e-flex e-con e-child\" data-id=\"d3f6174\" data-element_type=\"container\" data-settings=\"{&quot;_ha_eqh_enable&quot;:false,&quot;ekit_has_onepagescroll_dot&quot;:&quot;yes&quot;}\">\n\t\t\t\t<\/div>\n\t\t\t\t<\/div>\n\t\t\t\t\t<\/div>\n\t\t\t\t<\/div>\n\t\t<div class=\"elementor-element elementor-element-27300c5 e-flex e-con-boxed e-con e-parent\" data-id=\"27300c5\" data-element_type=\"container\" data-settings=\"{&quot;background_background&quot;:&quot;classic&quot;,&quot;_ha_eqh_enable&quot;:false,&quot;ekit_has_onepagescroll_dot&quot;:&quot;yes&quot;}\">\n\t\t\t\t\t<div class=\"e-con-inner\">\n\t\t\t\t<div class=\"elementor-element elementor-element-f616be9 elementor-widget elementor-widget-text-editor\" data-id=\"f616be9\" data-element_type=\"widget\" data-settings=\"{&quot;ekit_we_effect_on&quot;:&quot;none&quot;}\" data-widget_type=\"text-editor.default\">\n\t\t\t\t<div class=\"elementor-widget-container\">\n\t\t\t\t\t\t\t<p data-path-to-node=\"0\"> <\/p><p data-path-to-node=\"0\">Le <b data-path-to-node=\"0\" data-index-in-node=\"4\">Dassault Falcon 50<\/b> est un l\u00e9gendaire avion m\u00e9dical longue port\u00e9e, facilement reconnaissable gr\u00e2ce \u00e0 sa configuration <b data-path-to-node=\"0\" data-index-in-node=\"96\">unique \u00e0 trois moteurs (trijet<\/b>). Ce troisi\u00e8me moteur apporte une couche suppl\u00e9mentaire de s\u00e9curit\u00e9 et de performance, notamment pour les longs vols au-dessus de l\u2019eau ou les missions au d\u00e9part d\u2019a\u00e9roports de haute altitude. Dans le monde a\u00e9rom\u00e9dical, le Falcon 50 est une solution de \u00ab classe lourde \u00bb, offrant une cabine nettement plus grande et une autonomie sup\u00e9rieure \u00e0 celle des avions l\u00e9gers mentionn\u00e9s pr\u00e9c\u00e9demment.  <\/p><p data-path-to-node=\"1\">Sa cabine \u00ab debout \u00bb et sa stabilit\u00e9 sup\u00e9rieure en font un choix privil\u00e9gi\u00e9 pour les rapatriements m\u00e9dicaux intercontinentaux. Le Falcon 50 peut traverser l\u2019Atlantique ou relier des continents lointains avec moins d\u2019arr\u00eats carburant, garantissant ainsi que le patient arrive \u00e0 destination aussi rapidement et confortablement que possible. <\/p><p data-path-to-node=\"1\"> <\/p><h3 data-path-to-node=\"3\">\u00c9quipement m\u00e9dical<\/h3><p> <\/p><p data-path-to-node=\"4\">L\u2019habitacle large du Falcon 50 permet une unit\u00e9 <b data-path-to-node=\"4\" data-index-in-node=\"45\">de soins intensifs (USI) haut de gamme<\/b> . L\u2019espace suppl\u00e9mentaire est essentiel pour les vols long-courriers, car il permet \u00e0 l\u2019\u00e9quipe m\u00e9dicale de se d\u00e9placer facilement autour du patient et m\u00eame d\u2019accueillir des syst\u00e8mes de survie complexes qui ne conviendraient pas dans des jets plus petits. <\/p><ul data-path-to-node=\"5\"><li><p data-path-to-node=\"5,0,0\">Ventilateur de soins intensifs \u00e0 la pointe de la technologie<\/p><\/li><li><p data-path-to-node=\"5,1,0\">Surveillance multiparam\u00e8tre avanc\u00e9e (ECG, SpO2, EtCO2, pression art\u00e9rielle invasive\/non invasive)<\/p><\/li><li><p data-path-to-node=\"5,2,0\">D\u00e9fibrillateur biphasique et stimulateur cardiaque externe<\/p><\/li><li><p data-path-to-node=\"5,3,0\">Plusieurs tourne-seringues de haute pr\u00e9cision et pompes \u00e0 perfusion<\/p><\/li><li><p data-path-to-node=\"5,4,0\">Unit\u00e9 d\u2019aspiration portable \u00e0 double circuit<\/p><\/li><li><p data-path-to-node=\"5,5,0\">Analyseur de gaz sanguin au point de soins (EPOC)<\/p><\/li><li><p data-path-to-node=\"5,6,0\">M\u00e9decine d\u2019urgence sp\u00e9cialis\u00e9e et kit de r\u00e9animation<\/p><\/li><li><p data-path-to-node=\"5,7,0\">Compatibilit\u00e9 totale pour les incubateurs n\u00e9onatals ou ECMO (Support vital)<\/p><\/li><li><p data-path-to-node=\"5,8,0\">D\u2019\u00e9normes r\u00e9serves d\u2019oxyg\u00e8ne m\u00e9dical et des syst\u00e8mes d\u2019alimentation de secours d\u00e9di\u00e9s<\/p><\/li><\/ul><blockquote data-path-to-node=\"6\"><p data-path-to-node=\"6,0\"><i data-path-to-node=\"6,0\" data-index-in-node=\"0\">Cette configuration est enti\u00e8rement modulaire. Selon la mission, nous pouvons transporter un ou deux patients simultan\u00e9ment, accompagn\u00e9s d\u2019une \u00e9quipe m\u00e9dicale compl\u00e8te comprenant des m\u00e9decins sp\u00e9cialis\u00e9s et des infirmi\u00e8res de vol. <\/i><\/p><\/blockquote><p data-path-to-node=\"6,0\"> <\/p><table data-path-to-node=\"9\"><thead><tr><td><strong><\/strong><\/td><td><strong>Sp\u00e9cification<\/strong> des caract\u00e9ristiques<\/td><\/tr><\/thead><tbody><tr><td><span data-path-to-node=\"9,1,0,0\"><b data-path-to-node=\"9,1,0,0\" data-index-in-node=\"0\">Vitesse de croisi\u00e8re<\/b><\/span><\/td><td><span data-path-to-node=\"9,1,1,0\">: environ 850 km\/h (460 n\u0153uds)<\/span><\/td><\/tr><tr><td><span data-path-to-node=\"9,2,0,0\"><b data-path-to-node=\"9,2,0,0\" data-index-in-node=\"0\">Port\u00e9e<\/b><\/span><\/td><td><span data-path-to-node=\"9,2,1,0\">: environ 5 500 km (3 000 nm)<\/span><\/td><\/tr><tr><td><span data-path-to-node=\"9,3,0,0\"><b data-path-to-node=\"9,3,0,0\" data-index-in-node=\"0\">Moteurs<\/b><\/span><\/td><td><span data-path-to-node=\"9,3,1,0\">3 x Honeywell TFE731-3<\/span><\/td><\/tr><tr><td><span data-path-to-node=\"9,4,0,0\"><b data-path-to-node=\"9,4,0,0\" data-index-in-node=\"0\">Plafond de service<\/b><\/span><\/td><td><span data-path-to-node=\"9,4,1,0\">49 000 ft (14 935 m)<\/span><\/td><\/tr><tr><td><span data-path-to-node=\"9,5,0,0\"><b data-path-to-node=\"9,5,0,0\" data-index-in-node=\"0\">Avantage cl\u00e9<\/b><\/span><\/td><td><span data-path-to-node=\"9,5,1,0\">: s\u00e9curit\u00e9 du Trijet pour les missions long-courriers\/au-dessus de l\u2019eau et la grande cabine<\/span><\/td><\/tr><\/tbody><\/table>\t\t\t\t\t\t<\/div>\n\t\t\t\t<\/div>\n\t\t\t\t\t<\/div>\n\t\t\t\t<\/div>\n\t\t\t\t<\/div>\n\t\t","protected":false},"excerpt":{"rendered":"<p>Le Dassault Falcon 50 est un l\u00e9gendaire avion m\u00e9dical longue port\u00e9e, facilement reconnaissable gr\u00e2ce \u00e0 sa configuration unique \u00e0 trois moteurs (trijet). Ce troisi\u00e8me moteur apporte une couche suppl\u00e9mentaire de s\u00e9curit\u00e9 et de performance, notamment pour les longs vols au-dessus de l\u2019eau ou les missions au d\u00e9part d\u2019a\u00e9roports de haute altitude. Dans le monde a\u00e9rom\u00e9dical, [&hellip;]<\/p>\n","protected":false},"author":1,"featured_media":0,"parent":1544,"menu_order":0,"comment_status":"closed","ping_status":"closed","template":"","meta":{"footnotes":""},"class_list":["post-1947","page","type-page","status-publish","hentry"],"yoast_head":"<!-- This site is optimized with the Yoast SEO plugin v27.6 - https:\/\/yoast.com\/product\/yoast-seo-wordpress\/ -->\n<title>Falcon 50 - Services mondiaux d\u2019ambulance a\u00e9rienne<\/title>\n<meta name=\"robots\" content=\"index, follow, max-snippet:-1, max-image-preview:large, max-video-preview:-1\" \/>\n<link rel=\"canonical\" href=\"https:\/\/ambulanceflight.com\/fr\/flotte\/jets-de-taille-moyenne\/falcon-50\/\" \/>\n<meta property=\"og:locale\" content=\"fr_FR\" \/>\n<meta property=\"og:type\" content=\"article\" \/>\n<meta property=\"og:title\" content=\"Falcon 50 - Services mondiaux d\u2019ambulance a\u00e9rienne\" \/>\n<meta property=\"og:description\" content=\"Le Dassault Falcon 50 est un l\u00e9gendaire avion m\u00e9dical longue port\u00e9e, facilement reconnaissable gr\u00e2ce \u00e0 sa configuration unique \u00e0 trois moteurs (trijet). Ce troisi\u00e8me moteur apporte une couche suppl\u00e9mentaire de s\u00e9curit\u00e9 et de performance, notamment pour les longs vols au-dessus de l\u2019eau ou les missions au d\u00e9part d\u2019a\u00e9roports de haute altitude. Dans le monde a\u00e9rom\u00e9dical, [&hellip;]\" \/>\n<meta property=\"og:url\" content=\"https:\/\/ambulanceflight.com\/fr\/flotte\/jets-de-taille-moyenne\/falcon-50\/\" \/>\n<meta property=\"og:site_name\" content=\"Services mondiaux d\u2019ambulance a\u00e9rienne\" \/>\n<meta property=\"article:modified_time\" content=\"2026-04-15T14:22:04+00:00\" \/>\n<meta property=\"og:image\" content=\"http:\/\/ambulanceflight.com\/wp-content\/uploads\/2025\/12\/falcon50.1-1024x451.jpg\" \/>\n<meta name=\"twitter:card\" content=\"summary_large_image\" \/>\n<meta name=\"twitter:label1\" content=\"Dur\u00e9e de lecture estim\u00e9e\" \/>\n\t<meta name=\"twitter:data1\" content=\"2 minutes\" \/>\n<script type=\"application\/ld+json\" class=\"yoast-schema-graph\">{\"@context\":\"https:\\\/\\\/schema.org\",\"@graph\":[{\"@type\":\"WebPage\",\"@id\":\"https:\\\/\\\/ambulanceflight.com\\\/fr\\\/flotte\\\/jets-de-taille-moyenne\\\/falcon-50\\\/\",\"url\":\"https:\\\/\\\/ambulanceflight.com\\\/fr\\\/flotte\\\/jets-de-taille-moyenne\\\/falcon-50\\\/\",\"name\":\"Falcon 50 - Services mondiaux d\u2019ambulance a\u00e9rienne\",\"isPartOf\":{\"@id\":\"https:\\\/\\\/ambulanceflight.com\\\/fr\\\/#website\"},\"primaryImageOfPage\":{\"@id\":\"https:\\\/\\\/ambulanceflight.com\\\/fr\\\/flotte\\\/jets-de-taille-moyenne\\\/falcon-50\\\/#primaryimage\"},\"image\":{\"@id\":\"https:\\\/\\\/ambulanceflight.com\\\/fr\\\/flotte\\\/jets-de-taille-moyenne\\\/falcon-50\\\/#primaryimage\"},\"thumbnailUrl\":\"http:\\\/\\\/ambulanceflight.com\\\/wp-content\\\/uploads\\\/2025\\\/12\\\/falcon50.1-1024x451.jpg\",\"datePublished\":\"2025-12-31T10:05:03+00:00\",\"dateModified\":\"2026-04-15T14:22:04+00:00\",\"breadcrumb\":{\"@id\":\"https:\\\/\\\/ambulanceflight.com\\\/fr\\\/flotte\\\/jets-de-taille-moyenne\\\/falcon-50\\\/#breadcrumb\"},\"inLanguage\":\"fr-FR\",\"potentialAction\":[{\"@type\":\"ReadAction\",\"target\":[\"https:\\\/\\\/ambulanceflight.com\\\/fr\\\/flotte\\\/jets-de-taille-moyenne\\\/falcon-50\\\/\"]}]},{\"@type\":\"ImageObject\",\"inLanguage\":\"fr-FR\",\"@id\":\"https:\\\/\\\/ambulanceflight.com\\\/fr\\\/flotte\\\/jets-de-taille-moyenne\\\/falcon-50\\\/#primaryimage\",\"url\":\"http:\\\/\\\/ambulanceflight.com\\\/wp-content\\\/uploads\\\/2025\\\/12\\\/falcon50.1-1024x451.jpg\",\"contentUrl\":\"http:\\\/\\\/ambulanceflight.com\\\/wp-content\\\/uploads\\\/2025\\\/12\\\/falcon50.1-1024x451.jpg\"},{\"@type\":\"BreadcrumbList\",\"@id\":\"https:\\\/\\\/ambulanceflight.com\\\/fr\\\/flotte\\\/jets-de-taille-moyenne\\\/falcon-50\\\/#breadcrumb\",\"itemListElement\":[{\"@type\":\"ListItem\",\"position\":1,\"name\":\"Home\",\"item\":\"https:\\\/\\\/ambulanceflight.com\\\/fr\\\/\"},{\"@type\":\"ListItem\",\"position\":2,\"name\":\"Flotte\",\"item\":\"https:\\\/\\\/ambulanceflight.com\\\/fr\\\/fleet\\\/\"},{\"@type\":\"ListItem\",\"position\":3,\"name\":\"Jets de taille moyenne\",\"item\":\"https:\\\/\\\/ambulanceflight.com\\\/fr\\\/fleet\\\/midsize-jets\\\/\"},{\"@type\":\"ListItem\",\"position\":4,\"name\":\"Falcon 50\"}]},{\"@type\":\"WebSite\",\"@id\":\"https:\\\/\\\/ambulanceflight.com\\\/fr\\\/#website\",\"url\":\"https:\\\/\\\/ambulanceflight.com\\\/fr\\\/\",\"name\":\"Services mondiaux d\u2019ambulance a\u00e9rienne\",\"description\":\"Des transferts rapides, s\u00fbrs et enti\u00e8rement \u00e9quip\u00e9s en ambulance a\u00e9rienne pour les patients partout dans le monde.\",\"potentialAction\":[{\"@type\":\"SearchAction\",\"target\":{\"@type\":\"EntryPoint\",\"urlTemplate\":\"https:\\\/\\\/ambulanceflight.com\\\/fr\\\/?s={search_term_string}\"},\"query-input\":{\"@type\":\"PropertyValueSpecification\",\"valueRequired\":true,\"valueName\":\"search_term_string\"}}],\"inLanguage\":\"fr-FR\"}]}<\/script>\n<!-- \/ Yoast SEO plugin. -->","yoast_head_json":{"title":"Falcon 50 - Services mondiaux d\u2019ambulance a\u00e9rienne","robots":{"index":"index","follow":"follow","max-snippet":"max-snippet:-1","max-image-preview":"max-image-preview:large","max-video-preview":"max-video-preview:-1"},"canonical":"https:\/\/ambulanceflight.com\/fr\/flotte\/jets-de-taille-moyenne\/falcon-50\/","og_locale":"fr_FR","og_type":"article","og_title":"Falcon 50 - Services mondiaux d\u2019ambulance a\u00e9rienne","og_description":"Le Dassault Falcon 50 est un l\u00e9gendaire avion m\u00e9dical longue port\u00e9e, facilement reconnaissable gr\u00e2ce \u00e0 sa configuration unique \u00e0 trois moteurs (trijet). Ce troisi\u00e8me moteur apporte une couche suppl\u00e9mentaire de s\u00e9curit\u00e9 et de performance, notamment pour les longs vols au-dessus de l\u2019eau ou les missions au d\u00e9part d\u2019a\u00e9roports de haute altitude. Dans le monde a\u00e9rom\u00e9dical, [&hellip;]","og_url":"https:\/\/ambulanceflight.com\/fr\/flotte\/jets-de-taille-moyenne\/falcon-50\/","og_site_name":"Services mondiaux d\u2019ambulance a\u00e9rienne","article_modified_time":"2026-04-15T14:22:04+00:00","og_image":[{"url":"http:\/\/ambulanceflight.com\/wp-content\/uploads\/2025\/12\/falcon50.1-1024x451.jpg","type":"","width":"","height":""}],"twitter_card":"summary_large_image","twitter_misc":{"Dur\u00e9e de lecture estim\u00e9e":"2 minutes"},"schema":{"@context":"https:\/\/schema.org","@graph":[{"@type":"WebPage","@id":"https:\/\/ambulanceflight.com\/fr\/flotte\/jets-de-taille-moyenne\/falcon-50\/","url":"https:\/\/ambulanceflight.com\/fr\/flotte\/jets-de-taille-moyenne\/falcon-50\/","name":"Falcon 50 - Services mondiaux d\u2019ambulance a\u00e9rienne","isPartOf":{"@id":"https:\/\/ambulanceflight.com\/fr\/#website"},"primaryImageOfPage":{"@id":"https:\/\/ambulanceflight.com\/fr\/flotte\/jets-de-taille-moyenne\/falcon-50\/#primaryimage"},"image":{"@id":"https:\/\/ambulanceflight.com\/fr\/flotte\/jets-de-taille-moyenne\/falcon-50\/#primaryimage"},"thumbnailUrl":"http:\/\/ambulanceflight.com\/wp-content\/uploads\/2025\/12\/falcon50.1-1024x451.jpg","datePublished":"2025-12-31T10:05:03+00:00","dateModified":"2026-04-15T14:22:04+00:00","breadcrumb":{"@id":"https:\/\/ambulanceflight.com\/fr\/flotte\/jets-de-taille-moyenne\/falcon-50\/#breadcrumb"},"inLanguage":"fr-FR","potentialAction":[{"@type":"ReadAction","target":["https:\/\/ambulanceflight.com\/fr\/flotte\/jets-de-taille-moyenne\/falcon-50\/"]}]},{"@type":"ImageObject","inLanguage":"fr-FR","@id":"https:\/\/ambulanceflight.com\/fr\/flotte\/jets-de-taille-moyenne\/falcon-50\/#primaryimage","url":"http:\/\/ambulanceflight.com\/wp-content\/uploads\/2025\/12\/falcon50.1-1024x451.jpg","contentUrl":"http:\/\/ambulanceflight.com\/wp-content\/uploads\/2025\/12\/falcon50.1-1024x451.jpg"},{"@type":"BreadcrumbList","@id":"https:\/\/ambulanceflight.com\/fr\/flotte\/jets-de-taille-moyenne\/falcon-50\/#breadcrumb","itemListElement":[{"@type":"ListItem","position":1,"name":"Home","item":"https:\/\/ambulanceflight.com\/fr\/"},{"@type":"ListItem","position":2,"name":"Flotte","item":"https:\/\/ambulanceflight.com\/fr\/fleet\/"},{"@type":"ListItem","position":3,"name":"Jets de taille moyenne","item":"https:\/\/ambulanceflight.com\/fr\/fleet\/midsize-jets\/"},{"@type":"ListItem","position":4,"name":"Falcon 50"}]},{"@type":"WebSite","@id":"https:\/\/ambulanceflight.com\/fr\/#website","url":"https:\/\/ambulanceflight.com\/fr\/","name":"Services mondiaux d\u2019ambulance a\u00e9rienne","description":"Des transferts rapides, s\u00fbrs et enti\u00e8rement \u00e9quip\u00e9s en ambulance a\u00e9rienne pour les patients partout dans le monde.","potentialAction":[{"@type":"SearchAction","target":{"@type":"EntryPoint","urlTemplate":"https:\/\/ambulanceflight.com\/fr\/?s={search_term_string}"},"query-input":{"@type":"PropertyValueSpecification","valueRequired":true,"valueName":"search_term_string"}}],"inLanguage":"fr-FR"}]}},"_links":{"self":[{"href":"https:\/\/ambulanceflight.com\/fr\/wp-json\/wp\/v2\/pages\/1947","targetHints":{"allow":["GET"]}}],"collection":[{"href":"https:\/\/ambulanceflight.com\/fr\/wp-json\/wp\/v2\/pages"}],"about":[{"href":"https:\/\/ambulanceflight.com\/fr\/wp-json\/wp\/v2\/types\/page"}],"author":[{"embeddable":true,"href":"https:\/\/ambulanceflight.com\/fr\/wp-json\/wp\/v2\/users\/1"}],"replies":[{"embeddable":true,"href":"https:\/\/ambulanceflight.com\/fr\/wp-json\/wp\/v2\/comments?post=1947"}],"version-history":[{"count":3,"href":"https:\/\/ambulanceflight.com\/fr\/wp-json\/wp\/v2\/pages\/1947\/revisions"}],"predecessor-version":[{"id":2972,"href":"https:\/\/ambulanceflight.com\/fr\/wp-json\/wp\/v2\/pages\/1947\/revisions\/2972"}],"up":[{"embeddable":true,"href":"https:\/\/ambulanceflight.com\/fr\/wp-json\/wp\/v2\/pages\/1544"}],"wp:attachment":[{"href":"https:\/\/ambulanceflight.com\/fr\/wp-json\/wp\/v2\/media?parent=1947"}],"curies":[{"name":"wp","href":"https:\/\/api.w.org\/{rel}","templated":true}]}}