{"id":1923,"date":"2025-12-31T09:55:19","date_gmt":"2025-12-31T09:55:19","guid":{"rendered":"https:\/\/ambulanceflight.com\/learjet-45\/"},"modified":"2026-01-23T12:59:21","modified_gmt":"2026-01-23T12:59:21","slug":"learjet-45","status":"publish","type":"page","link":"https:\/\/ambulanceflight.com\/fr\/flotte\/jets-de-taille-moyenne\/learjet-45\/","title":{"rendered":"LearJet 45"},"content":{"rendered":"\t\t<div data-elementor-type=\"wp-page\" data-elementor-id=\"1923\" class=\"elementor elementor-1923 elementor-1916\" data-elementor-settings=\"{&quot;ha_cmc_init_switcher&quot;:&quot;no&quot;}\" data-elementor-post-type=\"page\">\n\t\t\t\t<div class=\"elementor-element elementor-element-c99788a e-flex e-con-boxed e-con e-parent\" data-id=\"c99788a\" data-element_type=\"container\" data-settings=\"{&quot;_ha_eqh_enable&quot;:false,&quot;ekit_has_onepagescroll_dot&quot;:&quot;yes&quot;}\">\n\t\t\t\t\t<div class=\"e-con-inner\">\n\t\t<div class=\"elementor-element elementor-element-72d52ad e-con-full e-flex e-con e-child\" data-id=\"72d52ad\" data-element_type=\"container\" data-settings=\"{&quot;_ha_eqh_enable&quot;:false,&quot;ekit_has_onepagescroll_dot&quot;:&quot;yes&quot;}\">\n\t\t\t\t<div class=\"elementor-element elementor-element-0392c31 elementor-widget elementor-widget-image\" data-id=\"0392c31\" data-element_type=\"widget\" data-settings=\"{&quot;ekit_we_effect_on&quot;:&quot;none&quot;}\" data-widget_type=\"image.default\">\n\t\t\t\t<div class=\"elementor-widget-container\">\n\t\t\t\t\t\t\t\t\t\t\t\t\t<img fetchpriority=\"high\" decoding=\"async\" width=\"800\" height=\"500\" src=\"https:\/\/ambulanceflight.com\/wp-content\/uploads\/2025\/12\/LearJet-45-Airbourne.jpg.webp\" class=\"attachment-large size-large wp-image-1924\" alt=\"\" srcset=\"https:\/\/ambulanceflight.com\/wp-content\/uploads\/2025\/12\/LearJet-45-Airbourne.jpg.webp 800w, https:\/\/ambulanceflight.com\/wp-content\/uploads\/2025\/12\/LearJet-45-Airbourne.jpg-300x188.webp 300w, https:\/\/ambulanceflight.com\/wp-content\/uploads\/2025\/12\/LearJet-45-Airbourne.jpg-768x480.webp 768w\" sizes=\"(max-width: 800px) 100vw, 800px\" \/>\t\t\t\t\t\t\t\t\t\t\t\t\t<\/div>\n\t\t\t\t<\/div>\n\t\t\t\t<\/div>\n\t\t<div class=\"elementor-element elementor-element-e7eec1c e-con-full e-flex e-con e-child\" data-id=\"e7eec1c\" data-element_type=\"container\" data-settings=\"{&quot;_ha_eqh_enable&quot;:false,&quot;ekit_has_onepagescroll_dot&quot;:&quot;yes&quot;}\">\n\t\t<div class=\"elementor-element elementor-element-bde0512 e-con-full e-flex e-con e-child\" data-id=\"bde0512\" data-element_type=\"container\" data-settings=\"{&quot;_ha_eqh_enable&quot;:false,&quot;ekit_has_onepagescroll_dot&quot;:&quot;yes&quot;}\">\n\t\t\t\t<div class=\"elementor-element elementor-element-ed565ad elementor-widget elementor-widget-image\" data-id=\"ed565ad\" data-element_type=\"widget\" data-settings=\"{&quot;ekit_we_effect_on&quot;:&quot;none&quot;}\" data-widget_type=\"image.default\">\n\t\t\t\t<div class=\"elementor-widget-container\">\n\t\t\t\t\t\t\t\t\t\t\t\t\t<img decoding=\"async\" width=\"640\" height=\"420\" src=\"https:\/\/ambulanceflight.com\/wp-content\/uploads\/2026\/01\/studiovision-asl-220217-oomed-lrpreview-011-sv5-7916_1645553159.jpg\" class=\"attachment-large size-large wp-image-2961\" alt=\"\" srcset=\"https:\/\/ambulanceflight.com\/wp-content\/uploads\/2026\/01\/studiovision-asl-220217-oomed-lrpreview-011-sv5-7916_1645553159.jpg 640w, https:\/\/ambulanceflight.com\/wp-content\/uploads\/2026\/01\/studiovision-asl-220217-oomed-lrpreview-011-sv5-7916_1645553159-300x197.jpg 300w\" sizes=\"(max-width: 640px) 100vw, 640px\" \/>\t\t\t\t\t\t\t\t\t\t\t\t\t<\/div>\n\t\t\t\t<\/div>\n\t\t\t\t<\/div>\n\t\t<div class=\"elementor-element elementor-element-d3f524b e-con-full e-flex e-con e-child\" data-id=\"d3f524b\" data-element_type=\"container\" data-settings=\"{&quot;_ha_eqh_enable&quot;:false,&quot;ekit_has_onepagescroll_dot&quot;:&quot;yes&quot;}\">\n\t\t\t\t<div class=\"elementor-element elementor-element-1795981 elementor-widget elementor-widget-image\" data-id=\"1795981\" data-element_type=\"widget\" data-settings=\"{&quot;ekit_we_effect_on&quot;:&quot;none&quot;}\" data-widget_type=\"image.default\">\n\t\t\t\t<div class=\"elementor-widget-container\">\n\t\t\t\t\t\t\t\t\t\t\t\t\t<img decoding=\"async\" width=\"450\" height=\"350\" src=\"https:\/\/ambulanceflight.com\/wp-content\/uploads\/2026\/01\/PHOTO-2026-01-23-13-58-27.jpg\" class=\"attachment-large size-large wp-image-2962\" alt=\"\" srcset=\"https:\/\/ambulanceflight.com\/wp-content\/uploads\/2026\/01\/PHOTO-2026-01-23-13-58-27.jpg 450w, https:\/\/ambulanceflight.com\/wp-content\/uploads\/2026\/01\/PHOTO-2026-01-23-13-58-27-300x233.jpg 300w\" sizes=\"(max-width: 450px) 100vw, 450px\" \/>\t\t\t\t\t\t\t\t\t\t\t\t\t<\/div>\n\t\t\t\t<\/div>\n\t\t\t\t<\/div>\n\t\t\t\t<\/div>\n\t\t\t\t\t<\/div>\n\t\t\t\t<\/div>\n\t\t<div class=\"elementor-element elementor-element-5e725d4 e-flex e-con-boxed e-con e-parent\" data-id=\"5e725d4\" data-element_type=\"container\" data-settings=\"{&quot;background_background&quot;:&quot;classic&quot;,&quot;_ha_eqh_enable&quot;:false,&quot;ekit_has_onepagescroll_dot&quot;:&quot;yes&quot;}\">\n\t\t\t\t\t<div class=\"e-con-inner\">\n\t\t\t\t<div class=\"elementor-element elementor-element-ac9c2be elementor-widget elementor-widget-text-editor\" data-id=\"ac9c2be\" data-element_type=\"widget\" data-settings=\"{&quot;ekit_we_effect_on&quot;:&quot;none&quot;}\" data-widget_type=\"text-editor.default\">\n\t\t\t\t<div class=\"elementor-widget-container\">\n\t\t\t\t\t\t\t<p> <\/p><p data-path-to-node=\"0\">Le <b data-path-to-node=\"0\" data-index-in-node=\"4\">Learjet 45<\/b> se distingue dans la cat\u00e9gorie des jets super-l\u00e9gers, offrant un parfait \u00e9quilibre entre performances \u00e0 haute vitesse et une cabine nettement plus large que ses pr\u00e9d\u00e9cesseurs comme le Learjet 35. Il s\u2019agissait du premier mod\u00e8le \u00ab clean sheet \u00bb de la famille Learjet, ce qui a donn\u00e9 un avion tr\u00e8s fiable fr\u00e9quemment utilis\u00e9 pour des \u00e9vacuations m\u00e9dicales internationales longue port\u00e9e. <\/p><p data-path-to-node=\"1\">Le Learjet 45 est pris\u00e9 pour sa capacit\u00e9 \u00e0 survoler la plupart des trafics a\u00e9riens commerciaux et les conditions m\u00e9t\u00e9orologiques d\u00e9favorables, offrant un environnement fluide et stable. Sa largeur et hauteur accrues de cabine permettent \u00e0 l\u2019\u00e9quipe m\u00e9dicale plus d\u2019espace pour op\u00e9rer, en faisant l\u2019un des choix les plus confortables et efficaces pour transporter des patients gravement malades ou bless\u00e9s sur de longues distances. <\/p><h3 data-path-to-node=\"3\"> <\/h3><h3 data-path-to-node=\"3\">\u00c9quipement m\u00e9dical<\/h3><p data-path-to-node=\"4\">Le Learjet 45 est transform\u00e9 en <b data-path-to-node=\"4\" data-index-in-node=\"37\">une unit\u00e9 de soins intensifs \u00e0 haute performance pour pilote<\/b>. Les syst\u00e8mes \u00e9lectriques avanc\u00e9s de l\u2019appareil et son int\u00e9rieur spacieux permettent l\u2019int\u00e9gration des technologies m\u00e9dicales les plus r\u00e9centes, g\u00e9r\u00e9es par une \u00e9quipe sp\u00e9cialis\u00e9e de m\u00e9decins et d\u2019infirmi\u00e8res de vol. <\/p><ul data-path-to-node=\"5\"><li><p data-path-to-node=\"5,0,0\">Ventilateur de soins intensifs avanc\u00e9s (certifi\u00e9 Aero-certifi\u00e9)<\/p><\/li><li><p data-path-to-node=\"5,1,0\">Surveillance multi-param\u00e8tre (ECG, SpO2, IBP\/NIBP, EtCO2, Temp\u00e9rature)<\/p><\/li><li><p data-path-to-node=\"5,2,0\">D\u00e9fibrillateur biphasique et stimulateur externe<\/p><\/li><li><p data-path-to-node=\"5,3,0\">Pompes d\u2019infusion volum\u00e9triques de haute pr\u00e9cision et chauffe-seringues<\/p><\/li><li><p data-path-to-node=\"5,4,0\">Unit\u00e9 d\u2019aspiration portable robuste<\/p><\/li><li><p data-path-to-node=\"5,5,0\">Analyseur de gaz sanguin au point de soins (EPOC)<\/p><\/li><li><p data-path-to-node=\"5,6,0\">Kit complet d\u2019urgence et de r\u00e9animation<\/p><\/li><li><p data-path-to-node=\"5,7,0\">Support pour les syst\u00e8mes d\u2019incubateur de transport n\u00e9onatal ou ECMO<\/p><\/li><li><p data-path-to-node=\"5,8,0\">Alimentation m\u00e9dicale en oxyg\u00e8ne \u00e0 grande capacit\u00e9 et alimentation de secours d\u00e9di\u00e9e<\/p><\/li><\/ul><blockquote data-path-to-node=\"6\"><p data-path-to-node=\"6,0\"><i data-path-to-node=\"6,0\" data-index-in-node=\"0\">Cet \u00e9quipement repr\u00e9sente un syst\u00e8me m\u00e9dical standard. Chaque mission est personnalis\u00e9e avec une technologie sp\u00e9cialis\u00e9e et une \u00e9quipe m\u00e9dicale sp\u00e9cialement choisie pour r\u00e9pondre aux besoins cliniques du patient. <\/i><\/p><p data-path-to-node=\"6,0\"> <\/p><\/blockquote><table data-path-to-node=\"9\"><thead><tr><td><strong><\/strong><\/td><td><strong>Sp\u00e9cification<\/strong> des caract\u00e9ristiques<\/td><\/tr><\/thead><tbody><tr><td><span data-path-to-node=\"9,1,0,0\"><b data-path-to-node=\"9,1,0,0\" data-index-in-node=\"0\">Vitesse de croisi\u00e8re<\/b><\/span><\/td><td><span data-path-to-node=\"9,1,1,0\">: environ 850 km\/h (460 n\u0153uds)<\/span><\/td><\/tr><tr><td><span data-path-to-node=\"9,2,0,0\"><b data-path-to-node=\"9,2,0,0\" data-index-in-node=\"0\">Port\u00e9e<\/b><\/span><\/td><td><span data-path-to-node=\"9,2,1,0\">: environ 3 600 km (1 950 nm)<\/span><\/td><\/tr><tr><td><span data-path-to-node=\"9,3,0,0\"><b data-path-to-node=\"9,3,0,0\" data-index-in-node=\"0\">Moteurs<\/b><\/span><\/td><td><span data-path-to-node=\"9,3,1,0\">2 x Honeywell TFE731-20<\/span><\/td><\/tr><tr><td><span data-path-to-node=\"9,4,0,0\"><b data-path-to-node=\"9,4,0,0\" data-index-in-node=\"0\">Plafond de service<\/b><\/span><\/td><td><span data-path-to-node=\"9,4,1,0\">51 000 ft (15 545 m)<\/span><\/td><\/tr><tr><td><span data-path-to-node=\"9,5,0,0\"><b data-path-to-node=\"9,5,0,0\" data-index-in-node=\"0\">Avantage cl\u00e9<\/b><\/span><\/td><td><span data-path-to-node=\"9,5,1,0\">Plafond de service \u00e9lev\u00e9 (vol plus doux) et cabine spacieuse \u00ab Double Club \u00bb<\/span><\/td><\/tr><\/tbody><\/table>\t\t\t\t\t\t<\/div>\n\t\t\t\t<\/div>\n\t\t\t\t\t<\/div>\n\t\t\t\t<\/div>\n\t\t\t\t<\/div>\n\t\t","protected":false},"excerpt":{"rendered":"<p>Le Learjet 45 se distingue dans la cat\u00e9gorie des jets super-l\u00e9gers, offrant un parfait \u00e9quilibre entre performances \u00e0 haute vitesse et une cabine nettement plus large que ses pr\u00e9d\u00e9cesseurs comme le Learjet 35. Il s\u2019agissait du premier mod\u00e8le \u00ab clean sheet \u00bb de la famille Learjet, ce qui a donn\u00e9 un avion tr\u00e8s fiable fr\u00e9quemment [&hellip;]<\/p>\n","protected":false},"author":1,"featured_media":0,"parent":1544,"menu_order":0,"comment_status":"closed","ping_status":"closed","template":"","meta":{"footnotes":""},"class_list":["post-1923","page","type-page","status-publish","hentry"],"yoast_head":"<!-- This site is optimized with the Yoast SEO plugin v27.6 - https:\/\/yoast.com\/product\/yoast-seo-wordpress\/ -->\n<title>LearJet 45 - Services mondiaux d\u2019ambulance a\u00e9rienne<\/title>\n<meta name=\"robots\" content=\"index, follow, max-snippet:-1, max-image-preview:large, max-video-preview:-1\" \/>\n<link rel=\"canonical\" href=\"https:\/\/ambulanceflight.com\/fr\/flotte\/jets-de-taille-moyenne\/learjet-45\/\" \/>\n<meta property=\"og:locale\" content=\"fr_FR\" \/>\n<meta property=\"og:type\" content=\"article\" \/>\n<meta property=\"og:title\" content=\"LearJet 45 - Services mondiaux d\u2019ambulance a\u00e9rienne\" \/>\n<meta property=\"og:description\" content=\"Le Learjet 45 se distingue dans la cat\u00e9gorie des jets super-l\u00e9gers, offrant un parfait \u00e9quilibre entre performances \u00e0 haute vitesse et une cabine nettement plus large que ses pr\u00e9d\u00e9cesseurs comme le Learjet 35. Il s\u2019agissait du premier mod\u00e8le \u00ab clean sheet \u00bb de la famille Learjet, ce qui a donn\u00e9 un avion tr\u00e8s fiable fr\u00e9quemment [&hellip;]\" \/>\n<meta property=\"og:url\" content=\"https:\/\/ambulanceflight.com\/fr\/flotte\/jets-de-taille-moyenne\/learjet-45\/\" \/>\n<meta property=\"og:site_name\" content=\"Services mondiaux d\u2019ambulance a\u00e9rienne\" \/>\n<meta property=\"article:modified_time\" content=\"2026-01-23T12:59:21+00:00\" \/>\n<meta property=\"og:image\" content=\"http:\/\/ambulanceflight.com\/wp-content\/uploads\/2025\/12\/LearJet-45-Airbourne.jpg.webp\" \/>\n<meta name=\"twitter:card\" content=\"summary_large_image\" \/>\n<meta name=\"twitter:label1\" content=\"Dur\u00e9e de lecture estim\u00e9e\" \/>\n\t<meta name=\"twitter:data1\" content=\"2 minutes\" \/>\n<script type=\"application\/ld+json\" class=\"yoast-schema-graph\">{\"@context\":\"https:\\\/\\\/schema.org\",\"@graph\":[{\"@type\":\"WebPage\",\"@id\":\"https:\\\/\\\/ambulanceflight.com\\\/fr\\\/flotte\\\/jets-de-taille-moyenne\\\/learjet-45\\\/\",\"url\":\"https:\\\/\\\/ambulanceflight.com\\\/fr\\\/flotte\\\/jets-de-taille-moyenne\\\/learjet-45\\\/\",\"name\":\"LearJet 45 - Services mondiaux d\u2019ambulance a\u00e9rienne\",\"isPartOf\":{\"@id\":\"https:\\\/\\\/ambulanceflight.com\\\/fr\\\/#website\"},\"primaryImageOfPage\":{\"@id\":\"https:\\\/\\\/ambulanceflight.com\\\/fr\\\/flotte\\\/jets-de-taille-moyenne\\\/learjet-45\\\/#primaryimage\"},\"image\":{\"@id\":\"https:\\\/\\\/ambulanceflight.com\\\/fr\\\/flotte\\\/jets-de-taille-moyenne\\\/learjet-45\\\/#primaryimage\"},\"thumbnailUrl\":\"http:\\\/\\\/ambulanceflight.com\\\/wp-content\\\/uploads\\\/2025\\\/12\\\/LearJet-45-Airbourne.jpg.webp\",\"datePublished\":\"2025-12-31T09:55:19+00:00\",\"dateModified\":\"2026-01-23T12:59:21+00:00\",\"breadcrumb\":{\"@id\":\"https:\\\/\\\/ambulanceflight.com\\\/fr\\\/flotte\\\/jets-de-taille-moyenne\\\/learjet-45\\\/#breadcrumb\"},\"inLanguage\":\"fr-FR\",\"potentialAction\":[{\"@type\":\"ReadAction\",\"target\":[\"https:\\\/\\\/ambulanceflight.com\\\/fr\\\/flotte\\\/jets-de-taille-moyenne\\\/learjet-45\\\/\"]}]},{\"@type\":\"ImageObject\",\"inLanguage\":\"fr-FR\",\"@id\":\"https:\\\/\\\/ambulanceflight.com\\\/fr\\\/flotte\\\/jets-de-taille-moyenne\\\/learjet-45\\\/#primaryimage\",\"url\":\"http:\\\/\\\/ambulanceflight.com\\\/wp-content\\\/uploads\\\/2025\\\/12\\\/LearJet-45-Airbourne.jpg.webp\",\"contentUrl\":\"http:\\\/\\\/ambulanceflight.com\\\/wp-content\\\/uploads\\\/2025\\\/12\\\/LearJet-45-Airbourne.jpg.webp\"},{\"@type\":\"BreadcrumbList\",\"@id\":\"https:\\\/\\\/ambulanceflight.com\\\/fr\\\/flotte\\\/jets-de-taille-moyenne\\\/learjet-45\\\/#breadcrumb\",\"itemListElement\":[{\"@type\":\"ListItem\",\"position\":1,\"name\":\"Home\",\"item\":\"https:\\\/\\\/ambulanceflight.com\\\/fr\\\/\"},{\"@type\":\"ListItem\",\"position\":2,\"name\":\"Flotte\",\"item\":\"https:\\\/\\\/ambulanceflight.com\\\/fr\\\/fleet\\\/\"},{\"@type\":\"ListItem\",\"position\":3,\"name\":\"Jets de taille moyenne\",\"item\":\"https:\\\/\\\/ambulanceflight.com\\\/fr\\\/fleet\\\/midsize-jets\\\/\"},{\"@type\":\"ListItem\",\"position\":4,\"name\":\"LearJet 45\"}]},{\"@type\":\"WebSite\",\"@id\":\"https:\\\/\\\/ambulanceflight.com\\\/fr\\\/#website\",\"url\":\"https:\\\/\\\/ambulanceflight.com\\\/fr\\\/\",\"name\":\"Services mondiaux d\u2019ambulance a\u00e9rienne\",\"description\":\"Des transferts rapides, s\u00fbrs et enti\u00e8rement \u00e9quip\u00e9s en ambulance a\u00e9rienne pour les patients partout dans le monde.\",\"potentialAction\":[{\"@type\":\"SearchAction\",\"target\":{\"@type\":\"EntryPoint\",\"urlTemplate\":\"https:\\\/\\\/ambulanceflight.com\\\/fr\\\/?s={search_term_string}\"},\"query-input\":{\"@type\":\"PropertyValueSpecification\",\"valueRequired\":true,\"valueName\":\"search_term_string\"}}],\"inLanguage\":\"fr-FR\"}]}<\/script>\n<!-- \/ Yoast SEO plugin. -->","yoast_head_json":{"title":"LearJet 45 - Services mondiaux d\u2019ambulance a\u00e9rienne","robots":{"index":"index","follow":"follow","max-snippet":"max-snippet:-1","max-image-preview":"max-image-preview:large","max-video-preview":"max-video-preview:-1"},"canonical":"https:\/\/ambulanceflight.com\/fr\/flotte\/jets-de-taille-moyenne\/learjet-45\/","og_locale":"fr_FR","og_type":"article","og_title":"LearJet 45 - Services mondiaux d\u2019ambulance a\u00e9rienne","og_description":"Le Learjet 45 se distingue dans la cat\u00e9gorie des jets super-l\u00e9gers, offrant un parfait \u00e9quilibre entre performances \u00e0 haute vitesse et une cabine nettement plus large que ses pr\u00e9d\u00e9cesseurs comme le Learjet 35. Il s\u2019agissait du premier mod\u00e8le \u00ab clean sheet \u00bb de la famille Learjet, ce qui a donn\u00e9 un avion tr\u00e8s fiable fr\u00e9quemment [&hellip;]","og_url":"https:\/\/ambulanceflight.com\/fr\/flotte\/jets-de-taille-moyenne\/learjet-45\/","og_site_name":"Services mondiaux d\u2019ambulance a\u00e9rienne","article_modified_time":"2026-01-23T12:59:21+00:00","og_image":[{"url":"http:\/\/ambulanceflight.com\/wp-content\/uploads\/2025\/12\/LearJet-45-Airbourne.jpg.webp","type":"","width":"","height":""}],"twitter_card":"summary_large_image","twitter_misc":{"Dur\u00e9e de lecture estim\u00e9e":"2 minutes"},"schema":{"@context":"https:\/\/schema.org","@graph":[{"@type":"WebPage","@id":"https:\/\/ambulanceflight.com\/fr\/flotte\/jets-de-taille-moyenne\/learjet-45\/","url":"https:\/\/ambulanceflight.com\/fr\/flotte\/jets-de-taille-moyenne\/learjet-45\/","name":"LearJet 45 - Services mondiaux d\u2019ambulance a\u00e9rienne","isPartOf":{"@id":"https:\/\/ambulanceflight.com\/fr\/#website"},"primaryImageOfPage":{"@id":"https:\/\/ambulanceflight.com\/fr\/flotte\/jets-de-taille-moyenne\/learjet-45\/#primaryimage"},"image":{"@id":"https:\/\/ambulanceflight.com\/fr\/flotte\/jets-de-taille-moyenne\/learjet-45\/#primaryimage"},"thumbnailUrl":"http:\/\/ambulanceflight.com\/wp-content\/uploads\/2025\/12\/LearJet-45-Airbourne.jpg.webp","datePublished":"2025-12-31T09:55:19+00:00","dateModified":"2026-01-23T12:59:21+00:00","breadcrumb":{"@id":"https:\/\/ambulanceflight.com\/fr\/flotte\/jets-de-taille-moyenne\/learjet-45\/#breadcrumb"},"inLanguage":"fr-FR","potentialAction":[{"@type":"ReadAction","target":["https:\/\/ambulanceflight.com\/fr\/flotte\/jets-de-taille-moyenne\/learjet-45\/"]}]},{"@type":"ImageObject","inLanguage":"fr-FR","@id":"https:\/\/ambulanceflight.com\/fr\/flotte\/jets-de-taille-moyenne\/learjet-45\/#primaryimage","url":"http:\/\/ambulanceflight.com\/wp-content\/uploads\/2025\/12\/LearJet-45-Airbourne.jpg.webp","contentUrl":"http:\/\/ambulanceflight.com\/wp-content\/uploads\/2025\/12\/LearJet-45-Airbourne.jpg.webp"},{"@type":"BreadcrumbList","@id":"https:\/\/ambulanceflight.com\/fr\/flotte\/jets-de-taille-moyenne\/learjet-45\/#breadcrumb","itemListElement":[{"@type":"ListItem","position":1,"name":"Home","item":"https:\/\/ambulanceflight.com\/fr\/"},{"@type":"ListItem","position":2,"name":"Flotte","item":"https:\/\/ambulanceflight.com\/fr\/fleet\/"},{"@type":"ListItem","position":3,"name":"Jets de taille moyenne","item":"https:\/\/ambulanceflight.com\/fr\/fleet\/midsize-jets\/"},{"@type":"ListItem","position":4,"name":"LearJet 45"}]},{"@type":"WebSite","@id":"https:\/\/ambulanceflight.com\/fr\/#website","url":"https:\/\/ambulanceflight.com\/fr\/","name":"Services mondiaux d\u2019ambulance a\u00e9rienne","description":"Des transferts rapides, s\u00fbrs et enti\u00e8rement \u00e9quip\u00e9s en ambulance a\u00e9rienne pour les patients partout dans le monde.","potentialAction":[{"@type":"SearchAction","target":{"@type":"EntryPoint","urlTemplate":"https:\/\/ambulanceflight.com\/fr\/?s={search_term_string}"},"query-input":{"@type":"PropertyValueSpecification","valueRequired":true,"valueName":"search_term_string"}}],"inLanguage":"fr-FR"}]}},"_links":{"self":[{"href":"https:\/\/ambulanceflight.com\/fr\/wp-json\/wp\/v2\/pages\/1923","targetHints":{"allow":["GET"]}}],"collection":[{"href":"https:\/\/ambulanceflight.com\/fr\/wp-json\/wp\/v2\/pages"}],"about":[{"href":"https:\/\/ambulanceflight.com\/fr\/wp-json\/wp\/v2\/types\/page"}],"author":[{"embeddable":true,"href":"https:\/\/ambulanceflight.com\/fr\/wp-json\/wp\/v2\/users\/1"}],"replies":[{"embeddable":true,"href":"https:\/\/ambulanceflight.com\/fr\/wp-json\/wp\/v2\/comments?post=1923"}],"version-history":[{"count":3,"href":"https:\/\/ambulanceflight.com\/fr\/wp-json\/wp\/v2\/pages\/1923\/revisions"}],"predecessor-version":[{"id":2963,"href":"https:\/\/ambulanceflight.com\/fr\/wp-json\/wp\/v2\/pages\/1923\/revisions\/2963"}],"up":[{"embeddable":true,"href":"https:\/\/ambulanceflight.com\/fr\/wp-json\/wp\/v2\/pages\/1544"}],"wp:attachment":[{"href":"https:\/\/ambulanceflight.com\/fr\/wp-json\/wp\/v2\/media?parent=1923"}],"curies":[{"name":"wp","href":"https:\/\/api.w.org\/{rel}","templated":true}]}}