{"id":1901,"date":"2025-12-31T09:48:20","date_gmt":"2025-12-31T09:48:20","guid":{"rendered":"https:\/\/ambulanceflight.com\/citation-cj3\/"},"modified":"2026-04-15T14:22:03","modified_gmt":"2026-04-15T14:22:03","slug":"citation-cj3","status":"publish","type":"page","link":"https:\/\/ambulanceflight.com\/fr\/flotte\/avions-legers\/citation-cj3\/","title":{"rendered":"Citation CJ3"},"content":{"rendered":"\t\t<div data-elementor-type=\"wp-page\" data-elementor-id=\"1901\" class=\"elementor elementor-1901 elementor-1894\" data-elementor-settings=\"{&quot;ha_cmc_init_switcher&quot;:&quot;no&quot;}\" data-elementor-post-type=\"page\">\n\t\t\t\t<div class=\"elementor-element elementor-element-bee6586 e-flex e-con-boxed e-con e-parent\" data-id=\"bee6586\" data-element_type=\"container\" data-settings=\"{&quot;_ha_eqh_enable&quot;:false,&quot;ekit_has_onepagescroll_dot&quot;:&quot;yes&quot;}\">\n\t\t\t\t\t<div class=\"e-con-inner\">\n\t\t<div class=\"elementor-element elementor-element-3241271 e-con-full e-flex e-con e-child\" data-id=\"3241271\" data-element_type=\"container\" data-settings=\"{&quot;_ha_eqh_enable&quot;:false,&quot;ekit_has_onepagescroll_dot&quot;:&quot;yes&quot;}\">\n\t\t\t\t<div class=\"elementor-element elementor-element-b312378 elementor-widget elementor-widget-image\" data-id=\"b312378\" data-element_type=\"widget\" data-settings=\"{&quot;ekit_we_effect_on&quot;:&quot;none&quot;}\" data-widget_type=\"image.default\">\n\t\t\t\t<div class=\"elementor-widget-container\">\n\t\t\t\t\t\t\t\t\t\t\t\t\t<img fetchpriority=\"high\" decoding=\"async\" width=\"800\" height=\"450\" src=\"https:\/\/ambulanceflight.com\/wp-content\/uploads\/2025\/12\/952_0_67766a41b183f_a640ddf2ada09f749ee7afbafc31709d6e0572ac.jpg\" class=\"attachment-large size-large wp-image-1902\" alt=\"\" srcset=\"https:\/\/ambulanceflight.com\/wp-content\/uploads\/2025\/12\/952_0_67766a41b183f_a640ddf2ada09f749ee7afbafc31709d6e0572ac.jpg 1000w, https:\/\/ambulanceflight.com\/wp-content\/uploads\/2025\/12\/952_0_67766a41b183f_a640ddf2ada09f749ee7afbafc31709d6e0572ac-300x169.jpg 300w, https:\/\/ambulanceflight.com\/wp-content\/uploads\/2025\/12\/952_0_67766a41b183f_a640ddf2ada09f749ee7afbafc31709d6e0572ac-768x432.jpg 768w\" sizes=\"(max-width: 800px) 100vw, 800px\" \/>\t\t\t\t\t\t\t\t\t\t\t\t\t<\/div>\n\t\t\t\t<\/div>\n\t\t\t\t<\/div>\n\t\t<div class=\"elementor-element elementor-element-bd1c24a e-con-full e-flex e-con e-child\" data-id=\"bd1c24a\" data-element_type=\"container\" data-settings=\"{&quot;_ha_eqh_enable&quot;:false,&quot;ekit_has_onepagescroll_dot&quot;:&quot;yes&quot;}\">\n\t\t<div class=\"elementor-element elementor-element-b8f00b4 e-con-full e-flex e-con e-child\" data-id=\"b8f00b4\" data-element_type=\"container\" data-settings=\"{&quot;_ha_eqh_enable&quot;:false,&quot;ekit_has_onepagescroll_dot&quot;:&quot;yes&quot;}\">\n\t\t\t\t<div class=\"elementor-element elementor-element-b4f9c13 elementor-widget elementor-widget-image\" data-id=\"b4f9c13\" data-element_type=\"widget\" data-settings=\"{&quot;ekit_we_effect_on&quot;:&quot;none&quot;}\" data-widget_type=\"image.default\">\n\t\t\t\t<div class=\"elementor-widget-container\">\n\t\t\t\t\t\t\t\t\t\t\t\t\t<img decoding=\"async\" width=\"768\" height=\"1024\" src=\"https:\/\/ambulanceflight.com\/wp-content\/uploads\/2026\/01\/PHOTO-2026-01-23-13-55-32-768x1024.jpg\" class=\"attachment-large size-large wp-image-2952\" alt=\"\" srcset=\"https:\/\/ambulanceflight.com\/wp-content\/uploads\/2026\/01\/PHOTO-2026-01-23-13-55-32-768x1024.jpg 768w, https:\/\/ambulanceflight.com\/wp-content\/uploads\/2026\/01\/PHOTO-2026-01-23-13-55-32-225x300.jpg 225w, https:\/\/ambulanceflight.com\/wp-content\/uploads\/2026\/01\/PHOTO-2026-01-23-13-55-32-1152x1536.jpg 1152w, https:\/\/ambulanceflight.com\/wp-content\/uploads\/2026\/01\/PHOTO-2026-01-23-13-55-32.jpg 1200w\" sizes=\"(max-width: 768px) 100vw, 768px\" \/>\t\t\t\t\t\t\t\t\t\t\t\t\t<\/div>\n\t\t\t\t<\/div>\n\t\t\t\t<\/div>\n\t\t<div class=\"elementor-element elementor-element-6d5cb69 e-con-full e-flex e-con e-child\" data-id=\"6d5cb69\" data-element_type=\"container\" data-settings=\"{&quot;_ha_eqh_enable&quot;:false,&quot;ekit_has_onepagescroll_dot&quot;:&quot;yes&quot;}\">\n\t\t\t\t<\/div>\n\t\t\t\t<\/div>\n\t\t\t\t\t<\/div>\n\t\t\t\t<\/div>\n\t\t<div class=\"elementor-element elementor-element-989776d e-flex e-con-boxed e-con e-parent\" data-id=\"989776d\" data-element_type=\"container\" data-settings=\"{&quot;background_background&quot;:&quot;classic&quot;,&quot;_ha_eqh_enable&quot;:false,&quot;ekit_has_onepagescroll_dot&quot;:&quot;yes&quot;}\">\n\t\t\t\t\t<div class=\"e-con-inner\">\n\t\t\t\t<div class=\"elementor-element elementor-element-0c2aaaf elementor-widget elementor-widget-text-editor\" data-id=\"0c2aaaf\" data-element_type=\"widget\" data-settings=\"{&quot;ekit_we_effect_on&quot;:&quot;none&quot;}\" data-widget_type=\"text-editor.default\">\n\t\t\t\t<div class=\"elementor-widget-container\">\n\t\t\t\t\t\t\t<p data-path-to-node=\"0\"> <\/p><p data-path-to-node=\"0\">Le <b data-path-to-node=\"0\" data-index-in-node=\"4\">Cessna Citation CJ3<\/b> est l\u2019un des jets l\u00e9gers les plus modernes et efficaces utilis\u00e9s aujourd\u2019hui dans l\u2019industrie a\u00e9rom\u00e9dicale. En tant qu\u2019\u00e9volution significative de la famille Citation, il offre une cabine plus longue et une autonomie sup\u00e9rieure \u00e0 celle de ses pr\u00e9d\u00e9cesseurs. Il est tr\u00e8s appr\u00e9ci\u00e9 pour sa fiabilit\u00e9 et sa capacit\u00e9 \u00e0 monter rapidement en haute altitude, lui permettant de survoler le trafic commercial et les turbulences m\u00e9t\u00e9orologiques, garantissant un environnement fluide et stable pour le patient.  <\/p><p data-path-to-node=\"1\">Le CJ3 est particuli\u00e8rement \u00e9conomique pour les missions \u00e0 moyenne port\u00e9e, offrant des vitesses de r\u00e9action et une cabine tr\u00e8s silencieuse, ce qui r\u00e9duit le stress et la fatigue des patients lors du transfert.<\/p><p data-path-to-node=\"1\"> <\/p><h3 data-path-to-node=\"3\">\u00c9quipement m\u00e9dical<\/h3><p data-path-to-node=\"4\">Le Citation CJ3 est g\u00e9n\u00e9ralement configur\u00e9 comme une <b data-path-to-node=\"4\" data-index-in-node=\"46\">unit\u00e9 mobile de soins intensifs (USI) de haute technologie<\/b>. Sa cabine est con\u00e7ue pour une ergonomie optimale, offrant \u00e0 l\u2019\u00e9quipe m\u00e9dicale (m\u00e9decin et infirmi\u00e8re de vol) une meilleure maniabilit\u00e9 autour de la civi\u00e8re du patient compar\u00e9e aux anciens mod\u00e8les \u00e0 r\u00e9action l\u00e9g\u00e8re. <\/p><ul data-path-to-node=\"5\"><li><p data-path-to-node=\"5,0,0\">Ventilateur de transport ultramoderne<\/p><\/li><li><p data-path-to-node=\"5,1,0\">Moniteur multiparam\u00e8tre avanc\u00e9 (ECG, SpO2, NIBP, EtCO2)<\/p><\/li><li><p data-path-to-node=\"5,2,0\">D\u00e9fibrillateur biphasique et surveillance cardiaque<\/p><\/li><li><p data-path-to-node=\"5,3,0\">Tourne-seringues de pr\u00e9cision et pompes \u00e0 perfusion volum\u00e9trique<\/p><\/li><li><p data-path-to-node=\"5,4,0\">Unit\u00e9 d\u2019aspiration portable \u00e0 haut vide<\/p><\/li><li><p data-path-to-node=\"5,5,0\">Analyseur de gaz sanguin au point de soins (EPOC)<\/p><\/li><li><p data-path-to-node=\"5,6,0\">M\u00e9decine d\u2019urgence sp\u00e9cialis\u00e9e et kit de r\u00e9animation<\/p><\/li><li><p data-path-to-node=\"5,7,0\">Incubateur de transport n\u00e9onatal optionnel<\/p><\/li><li><p data-path-to-node=\"5,8,0\">Syst\u00e8me m\u00e9dical d\u2019oxyg\u00e8ne \u00e0 haute capacit\u00e9 et onduleurs de puissance d\u00e9di\u00e9s<\/p><\/li><\/ul><blockquote data-path-to-node=\"6\"><p data-path-to-node=\"6,0\"><i data-path-to-node=\"6,0\" data-index-in-node=\"0\">Important : Chaque vol m\u00e9dical est unique. Nous personnalisons l\u2019\u00e9quipement embarqu\u00e9 et le personnel m\u00e9dical sp\u00e9cialis\u00e9 selon les besoins cliniques sp\u00e9cifiques du patient afin de garantir les normes de s\u00e9curit\u00e9 les plus \u00e9lev\u00e9es. <\/i><\/p><p data-path-to-node=\"6,0\"> <\/p><\/blockquote><table data-path-to-node=\"9\"><thead><tr><td><strong><\/strong><\/td><td><strong>Sp\u00e9cification<\/strong> des caract\u00e9ristiques<\/td><\/tr><\/thead><tbody><tr><td><span data-path-to-node=\"9,1,0,0\"><b data-path-to-node=\"9,1,0,0\" data-index-in-node=\"0\">Vitesse de croisi\u00e8re<\/b><\/span><\/td><td><span data-path-to-node=\"9,1,1,0\">: environ 770 km\/h (416 n\u0153uds)<\/span><\/td><\/tr><tr><td><span data-path-to-node=\"9,2,0,0\"><b data-path-to-node=\"9,2,0,0\" data-index-in-node=\"0\">Port\u00e9e<\/b><\/span><\/td><td><span data-path-to-node=\"9,2,1,0\">: environ 3 400 km (1 835 nm)<\/span><\/td><\/tr><tr><td><span data-path-to-node=\"9,3,0,0\"><b data-path-to-node=\"9,3,0,0\" data-index-in-node=\"0\">Moteurs<\/b><\/span><\/td><td><span data-path-to-node=\"9,3,1,0\">: 2 x Williams FJ44-3A<\/span><\/td><\/tr><tr><td><span data-path-to-node=\"9,4,0,0\"><b data-path-to-node=\"9,4,0,0\" data-index-in-node=\"0\">Plafond de service<\/b><\/span><\/td><td><span data-path-to-node=\"9,4,1,0\">45 000 ft (13 716 m)<\/span><\/td><\/tr><tr><td><span data-path-to-node=\"9,5,0,0\"><b data-path-to-node=\"9,5,0,0\" data-index-in-node=\"0\">Avantage cl\u00e9<\/b><\/span><\/td><td><span data-path-to-node=\"9,5,1,0\">: Efficacit\u00e9 \u00e9nerg\u00e9tique \u00e9lev\u00e9e et autonomie accrue pour un jet l\u00e9ger<\/span><\/td><\/tr><\/tbody><\/table>\t\t\t\t\t\t<\/div>\n\t\t\t\t<\/div>\n\t\t\t\t\t<\/div>\n\t\t\t\t<\/div>\n\t\t\t\t<\/div>\n\t\t","protected":false},"excerpt":{"rendered":"<p>Le Cessna Citation CJ3 est l\u2019un des jets l\u00e9gers les plus modernes et efficaces utilis\u00e9s aujourd\u2019hui dans l\u2019industrie a\u00e9rom\u00e9dicale. En tant qu\u2019\u00e9volution significative de la famille Citation, il offre une cabine plus longue et une autonomie sup\u00e9rieure \u00e0 celle de ses pr\u00e9d\u00e9cesseurs. Il est tr\u00e8s appr\u00e9ci\u00e9 pour sa fiabilit\u00e9 et sa capacit\u00e9 \u00e0 monter rapidement [&hellip;]<\/p>\n","protected":false},"author":1,"featured_media":0,"parent":1523,"menu_order":0,"comment_status":"closed","ping_status":"closed","template":"","meta":{"footnotes":""},"class_list":["post-1901","page","type-page","status-publish","hentry"],"yoast_head":"<!-- This site is optimized with the Yoast SEO plugin v27.6 - https:\/\/yoast.com\/product\/yoast-seo-wordpress\/ -->\n<title>Citation CJ3 - Services mondiaux d\u2019ambulance a\u00e9rienne<\/title>\n<meta name=\"robots\" content=\"index, follow, max-snippet:-1, max-image-preview:large, max-video-preview:-1\" \/>\n<link rel=\"canonical\" href=\"https:\/\/ambulanceflight.com\/fr\/flotte\/avions-legers\/citation-cj3\/\" \/>\n<meta property=\"og:locale\" content=\"fr_FR\" \/>\n<meta property=\"og:type\" content=\"article\" \/>\n<meta property=\"og:title\" content=\"Citation CJ3 - Services mondiaux d\u2019ambulance a\u00e9rienne\" \/>\n<meta property=\"og:description\" content=\"Le Cessna Citation CJ3 est l\u2019un des jets l\u00e9gers les plus modernes et efficaces utilis\u00e9s aujourd\u2019hui dans l\u2019industrie a\u00e9rom\u00e9dicale. En tant qu\u2019\u00e9volution significative de la famille Citation, il offre une cabine plus longue et une autonomie sup\u00e9rieure \u00e0 celle de ses pr\u00e9d\u00e9cesseurs. Il est tr\u00e8s appr\u00e9ci\u00e9 pour sa fiabilit\u00e9 et sa capacit\u00e9 \u00e0 monter rapidement [&hellip;]\" \/>\n<meta property=\"og:url\" content=\"https:\/\/ambulanceflight.com\/fr\/flotte\/avions-legers\/citation-cj3\/\" \/>\n<meta property=\"og:site_name\" content=\"Services mondiaux d\u2019ambulance a\u00e9rienne\" \/>\n<meta property=\"article:modified_time\" content=\"2026-04-15T14:22:03+00:00\" \/>\n<meta property=\"og:image\" content=\"http:\/\/ambulanceflight.com\/wp-content\/uploads\/2025\/12\/952_0_67766a41b183f_a640ddf2ada09f749ee7afbafc31709d6e0572ac.jpg\" \/>\n<meta name=\"twitter:card\" content=\"summary_large_image\" \/>\n<meta name=\"twitter:label1\" content=\"Dur\u00e9e de lecture estim\u00e9e\" \/>\n\t<meta name=\"twitter:data1\" content=\"2 minutes\" \/>\n<script type=\"application\/ld+json\" class=\"yoast-schema-graph\">{\"@context\":\"https:\\\/\\\/schema.org\",\"@graph\":[{\"@type\":\"WebPage\",\"@id\":\"https:\\\/\\\/ambulanceflight.com\\\/fr\\\/flotte\\\/avions-legers\\\/citation-cj3\\\/\",\"url\":\"https:\\\/\\\/ambulanceflight.com\\\/fr\\\/flotte\\\/avions-legers\\\/citation-cj3\\\/\",\"name\":\"Citation CJ3 - Services mondiaux d\u2019ambulance a\u00e9rienne\",\"isPartOf\":{\"@id\":\"https:\\\/\\\/ambulanceflight.com\\\/fr\\\/#website\"},\"primaryImageOfPage\":{\"@id\":\"https:\\\/\\\/ambulanceflight.com\\\/fr\\\/flotte\\\/avions-legers\\\/citation-cj3\\\/#primaryimage\"},\"image\":{\"@id\":\"https:\\\/\\\/ambulanceflight.com\\\/fr\\\/flotte\\\/avions-legers\\\/citation-cj3\\\/#primaryimage\"},\"thumbnailUrl\":\"http:\\\/\\\/ambulanceflight.com\\\/wp-content\\\/uploads\\\/2025\\\/12\\\/952_0_67766a41b183f_a640ddf2ada09f749ee7afbafc31709d6e0572ac.jpg\",\"datePublished\":\"2025-12-31T09:48:20+00:00\",\"dateModified\":\"2026-04-15T14:22:03+00:00\",\"breadcrumb\":{\"@id\":\"https:\\\/\\\/ambulanceflight.com\\\/fr\\\/flotte\\\/avions-legers\\\/citation-cj3\\\/#breadcrumb\"},\"inLanguage\":\"fr-FR\",\"potentialAction\":[{\"@type\":\"ReadAction\",\"target\":[\"https:\\\/\\\/ambulanceflight.com\\\/fr\\\/flotte\\\/avions-legers\\\/citation-cj3\\\/\"]}]},{\"@type\":\"ImageObject\",\"inLanguage\":\"fr-FR\",\"@id\":\"https:\\\/\\\/ambulanceflight.com\\\/fr\\\/flotte\\\/avions-legers\\\/citation-cj3\\\/#primaryimage\",\"url\":\"http:\\\/\\\/ambulanceflight.com\\\/wp-content\\\/uploads\\\/2025\\\/12\\\/952_0_67766a41b183f_a640ddf2ada09f749ee7afbafc31709d6e0572ac.jpg\",\"contentUrl\":\"http:\\\/\\\/ambulanceflight.com\\\/wp-content\\\/uploads\\\/2025\\\/12\\\/952_0_67766a41b183f_a640ddf2ada09f749ee7afbafc31709d6e0572ac.jpg\"},{\"@type\":\"BreadcrumbList\",\"@id\":\"https:\\\/\\\/ambulanceflight.com\\\/fr\\\/flotte\\\/avions-legers\\\/citation-cj3\\\/#breadcrumb\",\"itemListElement\":[{\"@type\":\"ListItem\",\"position\":1,\"name\":\"Home\",\"item\":\"https:\\\/\\\/ambulanceflight.com\\\/fr\\\/\"},{\"@type\":\"ListItem\",\"position\":2,\"name\":\"Flotte\",\"item\":\"https:\\\/\\\/ambulanceflight.com\\\/fr\\\/fleet\\\/\"},{\"@type\":\"ListItem\",\"position\":3,\"name\":\"Avions l\u00e9gers\",\"item\":\"https:\\\/\\\/ambulanceflight.com\\\/fr\\\/fleet\\\/light-jets\\\/\"},{\"@type\":\"ListItem\",\"position\":4,\"name\":\"Citation CJ3\"}]},{\"@type\":\"WebSite\",\"@id\":\"https:\\\/\\\/ambulanceflight.com\\\/fr\\\/#website\",\"url\":\"https:\\\/\\\/ambulanceflight.com\\\/fr\\\/\",\"name\":\"Services mondiaux d\u2019ambulance a\u00e9rienne\",\"description\":\"Des transferts rapides, s\u00fbrs et enti\u00e8rement \u00e9quip\u00e9s en ambulance a\u00e9rienne pour les patients partout dans le monde.\",\"potentialAction\":[{\"@type\":\"SearchAction\",\"target\":{\"@type\":\"EntryPoint\",\"urlTemplate\":\"https:\\\/\\\/ambulanceflight.com\\\/fr\\\/?s={search_term_string}\"},\"query-input\":{\"@type\":\"PropertyValueSpecification\",\"valueRequired\":true,\"valueName\":\"search_term_string\"}}],\"inLanguage\":\"fr-FR\"}]}<\/script>\n<!-- \/ Yoast SEO plugin. -->","yoast_head_json":{"title":"Citation CJ3 - Services mondiaux d\u2019ambulance a\u00e9rienne","robots":{"index":"index","follow":"follow","max-snippet":"max-snippet:-1","max-image-preview":"max-image-preview:large","max-video-preview":"max-video-preview:-1"},"canonical":"https:\/\/ambulanceflight.com\/fr\/flotte\/avions-legers\/citation-cj3\/","og_locale":"fr_FR","og_type":"article","og_title":"Citation CJ3 - Services mondiaux d\u2019ambulance a\u00e9rienne","og_description":"Le Cessna Citation CJ3 est l\u2019un des jets l\u00e9gers les plus modernes et efficaces utilis\u00e9s aujourd\u2019hui dans l\u2019industrie a\u00e9rom\u00e9dicale. En tant qu\u2019\u00e9volution significative de la famille Citation, il offre une cabine plus longue et une autonomie sup\u00e9rieure \u00e0 celle de ses pr\u00e9d\u00e9cesseurs. Il est tr\u00e8s appr\u00e9ci\u00e9 pour sa fiabilit\u00e9 et sa capacit\u00e9 \u00e0 monter rapidement [&hellip;]","og_url":"https:\/\/ambulanceflight.com\/fr\/flotte\/avions-legers\/citation-cj3\/","og_site_name":"Services mondiaux d\u2019ambulance a\u00e9rienne","article_modified_time":"2026-04-15T14:22:03+00:00","og_image":[{"url":"http:\/\/ambulanceflight.com\/wp-content\/uploads\/2025\/12\/952_0_67766a41b183f_a640ddf2ada09f749ee7afbafc31709d6e0572ac.jpg","type":"","width":"","height":""}],"twitter_card":"summary_large_image","twitter_misc":{"Dur\u00e9e de lecture estim\u00e9e":"2 minutes"},"schema":{"@context":"https:\/\/schema.org","@graph":[{"@type":"WebPage","@id":"https:\/\/ambulanceflight.com\/fr\/flotte\/avions-legers\/citation-cj3\/","url":"https:\/\/ambulanceflight.com\/fr\/flotte\/avions-legers\/citation-cj3\/","name":"Citation CJ3 - Services mondiaux d\u2019ambulance a\u00e9rienne","isPartOf":{"@id":"https:\/\/ambulanceflight.com\/fr\/#website"},"primaryImageOfPage":{"@id":"https:\/\/ambulanceflight.com\/fr\/flotte\/avions-legers\/citation-cj3\/#primaryimage"},"image":{"@id":"https:\/\/ambulanceflight.com\/fr\/flotte\/avions-legers\/citation-cj3\/#primaryimage"},"thumbnailUrl":"http:\/\/ambulanceflight.com\/wp-content\/uploads\/2025\/12\/952_0_67766a41b183f_a640ddf2ada09f749ee7afbafc31709d6e0572ac.jpg","datePublished":"2025-12-31T09:48:20+00:00","dateModified":"2026-04-15T14:22:03+00:00","breadcrumb":{"@id":"https:\/\/ambulanceflight.com\/fr\/flotte\/avions-legers\/citation-cj3\/#breadcrumb"},"inLanguage":"fr-FR","potentialAction":[{"@type":"ReadAction","target":["https:\/\/ambulanceflight.com\/fr\/flotte\/avions-legers\/citation-cj3\/"]}]},{"@type":"ImageObject","inLanguage":"fr-FR","@id":"https:\/\/ambulanceflight.com\/fr\/flotte\/avions-legers\/citation-cj3\/#primaryimage","url":"http:\/\/ambulanceflight.com\/wp-content\/uploads\/2025\/12\/952_0_67766a41b183f_a640ddf2ada09f749ee7afbafc31709d6e0572ac.jpg","contentUrl":"http:\/\/ambulanceflight.com\/wp-content\/uploads\/2025\/12\/952_0_67766a41b183f_a640ddf2ada09f749ee7afbafc31709d6e0572ac.jpg"},{"@type":"BreadcrumbList","@id":"https:\/\/ambulanceflight.com\/fr\/flotte\/avions-legers\/citation-cj3\/#breadcrumb","itemListElement":[{"@type":"ListItem","position":1,"name":"Home","item":"https:\/\/ambulanceflight.com\/fr\/"},{"@type":"ListItem","position":2,"name":"Flotte","item":"https:\/\/ambulanceflight.com\/fr\/fleet\/"},{"@type":"ListItem","position":3,"name":"Avions l\u00e9gers","item":"https:\/\/ambulanceflight.com\/fr\/fleet\/light-jets\/"},{"@type":"ListItem","position":4,"name":"Citation CJ3"}]},{"@type":"WebSite","@id":"https:\/\/ambulanceflight.com\/fr\/#website","url":"https:\/\/ambulanceflight.com\/fr\/","name":"Services mondiaux d\u2019ambulance a\u00e9rienne","description":"Des transferts rapides, s\u00fbrs et enti\u00e8rement \u00e9quip\u00e9s en ambulance a\u00e9rienne pour les patients partout dans le monde.","potentialAction":[{"@type":"SearchAction","target":{"@type":"EntryPoint","urlTemplate":"https:\/\/ambulanceflight.com\/fr\/?s={search_term_string}"},"query-input":{"@type":"PropertyValueSpecification","valueRequired":true,"valueName":"search_term_string"}}],"inLanguage":"fr-FR"}]}},"_links":{"self":[{"href":"https:\/\/ambulanceflight.com\/fr\/wp-json\/wp\/v2\/pages\/1901","targetHints":{"allow":["GET"]}}],"collection":[{"href":"https:\/\/ambulanceflight.com\/fr\/wp-json\/wp\/v2\/pages"}],"about":[{"href":"https:\/\/ambulanceflight.com\/fr\/wp-json\/wp\/v2\/types\/page"}],"author":[{"embeddable":true,"href":"https:\/\/ambulanceflight.com\/fr\/wp-json\/wp\/v2\/users\/1"}],"replies":[{"embeddable":true,"href":"https:\/\/ambulanceflight.com\/fr\/wp-json\/wp\/v2\/comments?post=1901"}],"version-history":[{"count":3,"href":"https:\/\/ambulanceflight.com\/fr\/wp-json\/wp\/v2\/pages\/1901\/revisions"}],"predecessor-version":[{"id":2953,"href":"https:\/\/ambulanceflight.com\/fr\/wp-json\/wp\/v2\/pages\/1901\/revisions\/2953"}],"up":[{"embeddable":true,"href":"https:\/\/ambulanceflight.com\/fr\/wp-json\/wp\/v2\/pages\/1523"}],"wp:attachment":[{"href":"https:\/\/ambulanceflight.com\/fr\/wp-json\/wp\/v2\/media?parent=1901"}],"curies":[{"name":"wp","href":"https:\/\/api.w.org\/{rel}","templated":true}]}}