{"id":1875,"date":"2025-12-31T09:44:07","date_gmt":"2025-12-31T09:44:07","guid":{"rendered":"https:\/\/ambulanceflight.com\/falcon-100\/"},"modified":"2026-04-15T14:22:03","modified_gmt":"2026-04-15T14:22:03","slug":"falcon-100","status":"publish","type":"page","link":"https:\/\/ambulanceflight.com\/fr\/flotte\/avions-legers\/falcon-100\/","title":{"rendered":"Falcon 100"},"content":{"rendered":"\t\t<div data-elementor-type=\"wp-page\" data-elementor-id=\"1875\" class=\"elementor elementor-1875 elementor-1866\" data-elementor-settings=\"{&quot;ha_cmc_init_switcher&quot;:&quot;no&quot;}\" data-elementor-post-type=\"page\">\n\t\t\t\t<div class=\"elementor-element elementor-element-ce523b7 e-flex e-con-boxed e-con e-parent\" data-id=\"ce523b7\" data-element_type=\"container\" data-settings=\"{&quot;_ha_eqh_enable&quot;:false,&quot;ekit_has_onepagescroll_dot&quot;:&quot;yes&quot;}\">\n\t\t\t\t\t<div class=\"e-con-inner\">\n\t\t<div class=\"elementor-element elementor-element-a11c94f e-con-full e-flex e-con e-child\" data-id=\"a11c94f\" data-element_type=\"container\" data-settings=\"{&quot;_ha_eqh_enable&quot;:false,&quot;ekit_has_onepagescroll_dot&quot;:&quot;yes&quot;}\">\n\t\t\t\t<div class=\"elementor-element elementor-element-54387bb elementor-widget elementor-widget-image\" data-id=\"54387bb\" data-element_type=\"widget\" data-settings=\"{&quot;ekit_we_effect_on&quot;:&quot;none&quot;}\" data-widget_type=\"image.default\">\n\t\t\t\t<div class=\"elementor-widget-container\">\n\t\t\t\t\t\t\t\t\t\t\t\t\t<img fetchpriority=\"high\" decoding=\"async\" width=\"800\" height=\"373\" src=\"https:\/\/ambulanceflight.com\/wp-content\/uploads\/2025\/12\/Capture-decran-2025-12-31-a-10.41.53-1024x478.png\" class=\"attachment-large size-large wp-image-1877\" alt=\"\" srcset=\"https:\/\/ambulanceflight.com\/wp-content\/uploads\/2025\/12\/Capture-decran-2025-12-31-a-10.41.53-1024x478.png 1024w, https:\/\/ambulanceflight.com\/wp-content\/uploads\/2025\/12\/Capture-decran-2025-12-31-a-10.41.53-300x140.png 300w, https:\/\/ambulanceflight.com\/wp-content\/uploads\/2025\/12\/Capture-decran-2025-12-31-a-10.41.53-768x359.png 768w, https:\/\/ambulanceflight.com\/wp-content\/uploads\/2025\/12\/Capture-decran-2025-12-31-a-10.41.53-1536x717.png 1536w, https:\/\/ambulanceflight.com\/wp-content\/uploads\/2025\/12\/Capture-decran-2025-12-31-a-10.41.53-2048x956.png 2048w\" sizes=\"(max-width: 800px) 100vw, 800px\" \/>\t\t\t\t\t\t\t\t\t\t\t\t\t<\/div>\n\t\t\t\t<\/div>\n\t\t\t\t<\/div>\n\t\t<div class=\"elementor-element elementor-element-726ed36 e-con-full e-flex e-con e-child\" data-id=\"726ed36\" data-element_type=\"container\" data-settings=\"{&quot;_ha_eqh_enable&quot;:false,&quot;ekit_has_onepagescroll_dot&quot;:&quot;yes&quot;}\">\n\t\t<div class=\"elementor-element elementor-element-a798b8b e-con-full e-flex e-con e-child\" data-id=\"a798b8b\" data-element_type=\"container\" data-settings=\"{&quot;_ha_eqh_enable&quot;:false,&quot;ekit_has_onepagescroll_dot&quot;:&quot;yes&quot;}\">\n\t\t\t\t<div class=\"elementor-element elementor-element-e76a221 elementor-widget elementor-widget-image\" data-id=\"e76a221\" data-element_type=\"widget\" data-settings=\"{&quot;ekit_we_effect_on&quot;:&quot;none&quot;}\" data-widget_type=\"image.default\">\n\t\t\t\t<div class=\"elementor-widget-container\">\n\t\t\t\t\t\t\t\t\t\t\t\t\t<img decoding=\"async\" width=\"800\" height=\"888\" src=\"https:\/\/ambulanceflight.com\/wp-content\/uploads\/2025\/12\/Capture-decran-2025-12-31-a-10.43.50-923x1024.png\" class=\"attachment-large size-large wp-image-1879\" alt=\"\" srcset=\"https:\/\/ambulanceflight.com\/wp-content\/uploads\/2025\/12\/Capture-decran-2025-12-31-a-10.43.50-923x1024.png 923w, https:\/\/ambulanceflight.com\/wp-content\/uploads\/2025\/12\/Capture-decran-2025-12-31-a-10.43.50-271x300.png 271w, https:\/\/ambulanceflight.com\/wp-content\/uploads\/2025\/12\/Capture-decran-2025-12-31-a-10.43.50-768x852.png 768w, https:\/\/ambulanceflight.com\/wp-content\/uploads\/2025\/12\/Capture-decran-2025-12-31-a-10.43.50.png 954w\" sizes=\"(max-width: 800px) 100vw, 800px\" \/>\t\t\t\t\t\t\t\t\t\t\t\t\t<\/div>\n\t\t\t\t<\/div>\n\t\t\t\t<\/div>\n\t\t<div class=\"elementor-element elementor-element-e0b8d5f e-con-full e-flex e-con e-child\" data-id=\"e0b8d5f\" data-element_type=\"container\" data-settings=\"{&quot;_ha_eqh_enable&quot;:false,&quot;ekit_has_onepagescroll_dot&quot;:&quot;yes&quot;}\">\n\t\t\t\t<\/div>\n\t\t\t\t<\/div>\n\t\t\t\t\t<\/div>\n\t\t\t\t<\/div>\n\t\t<div class=\"elementor-element elementor-element-09d1073 e-flex e-con-boxed e-con e-parent\" data-id=\"09d1073\" data-element_type=\"container\" data-settings=\"{&quot;background_background&quot;:&quot;classic&quot;,&quot;_ha_eqh_enable&quot;:false,&quot;ekit_has_onepagescroll_dot&quot;:&quot;yes&quot;}\">\n\t\t\t\t\t<div class=\"e-con-inner\">\n\t\t\t\t<div class=\"elementor-element elementor-element-9d3b7ca elementor-widget elementor-widget-text-editor\" data-id=\"9d3b7ca\" data-element_type=\"widget\" data-settings=\"{&quot;ekit_we_effect_on&quot;:&quot;none&quot;}\" data-widget_type=\"text-editor.default\">\n\t\t\t\t<div class=\"elementor-widget-container\">\n\t\t\t\t\t\t\t<p data-path-to-node=\"0\"> <\/p><p data-path-to-node=\"0\">Le <b data-path-to-node=\"0\" data-index-in-node=\"4\">Dassault Falcon 100<\/b> (une \u00e9volution du Falcon 10) est un jet l\u00e9ger haute performance r\u00e9put\u00e9 pour sa vitesse exceptionnelle et sa robustesse de fabrication. Dans le secteur a\u00e9rom\u00e9dical, on l\u2019appelle souvent la \u00ab Formule 1 \u00bb des jets m\u00e9dicaux. Son principal avantage est la conception de ses ailes, qui permet des vitesses tr\u00e8s \u00e9lev\u00e9es tout en maintenant la possibilit\u00e9 d\u2019atterrir sur des pistes relativement courtes, offrant un lien essentiel entre les petits a\u00e9roports r\u00e9gionaux et les grands h\u00f4pitaux de la ville.  <\/p><p data-path-to-node=\"1\">Le Falcon 100 est particuli\u00e8rement adapt\u00e9 aux missions urgentes et sensibles au temps o\u00f9 la distance et la vitesse sont les priorit\u00e9s. Sa cabine, bien que compacte, est pressuris\u00e9e pour offrir une basse \u00ab altitude cabine \u00bb, essentielle pour les patients souffrant de probl\u00e8mes respiratoires ou ayant r\u00e9cemment subi une op\u00e9ration. <\/p><p data-path-to-node=\"1\"> <\/p><h3 data-path-to-node=\"3\">\u00c9quipement m\u00e9dical<\/h3><p> <\/p><p data-path-to-node=\"4\">Le Falcon 100 est configur\u00e9 comme une <b data-path-to-node=\"4\" data-index-in-node=\"34\">unit\u00e9 de soins intensifs (USI) \u00e0 grande vitesse<\/b>. La disposition est optimis\u00e9e pour garantir un acc\u00e8s imm\u00e9diat aux constantes vitales du patient lors des transports rapides. <\/p><ul data-path-to-node=\"5\"><li><p data-path-to-node=\"5,0,0\">Ventilateur de transport haute performance<\/p><\/li><li><p data-path-to-node=\"5,1,0\">Syst\u00e8me de surveillance avanc\u00e9 (ECG, SpO2, NIBP, pressions invasives)<\/p><\/li><li><p data-path-to-node=\"5,2,0\">D\u00e9fibrillateur biphasique et stimulateur externe<\/p><\/li><li><p data-path-to-node=\"5,3,0\">Pompes d\u2019infusion de pr\u00e9cision et porte-tournois de seringues<\/p><\/li><li><p data-path-to-node=\"5,4,0\">Unit\u00e9 d\u2019aspiration lourde<\/p><\/li><li><p data-path-to-node=\"5,5,0\">Analyseur portatif de gaz sanguins (EPOC)<\/p><\/li><li><p data-path-to-node=\"5,6,0\">Kit m\u00e9dicamenteux d\u2019urgence et de r\u00e9animation<\/p><\/li><li><p data-path-to-node=\"5,7,0\">Compatible avec un incubateur n\u00e9onatal<\/p><\/li><li><p data-path-to-node=\"5,8,0\">Approvisionnement sp\u00e9cialis\u00e9 en oxyg\u00e8ne a\u00e9rom\u00e9dical<\/p><\/li><\/ul><blockquote data-path-to-node=\"6\"><p data-path-to-node=\"6,0\"><i data-path-to-node=\"6,0\" data-index-in-node=\"0\">Veuillez noter : chaque vol est configur\u00e9 sur mesure. Nous veillons \u00e0 la pr\u00e9sence d\u2019une \u00e9quipe m\u00e9dicale sp\u00e9cialis\u00e9e (m\u00e9decin et infirmi\u00e8re de vol) ainsi que d\u2019\u00e9quipements sp\u00e9cifiques \u00e0 la pathologie du patient. <\/i><\/p><p data-path-to-node=\"6,0\"> <\/p><\/blockquote><table data-path-to-node=\"9\"><thead><tr><td><strong><\/strong><\/td><td><strong>Sp\u00e9cification<\/strong> des caract\u00e9ristiques<\/td><\/tr><\/thead><tbody><tr><td><span data-path-to-node=\"9,1,0,0\"><b data-path-to-node=\"9,1,0,0\" data-index-in-node=\"0\">Vitesse de croisi\u00e8re<\/b><\/span><\/td><td><span data-path-to-node=\"9,1,1,0\">: environ 850 km\/h (460 n\u0153uds)<\/span><\/td><\/tr><tr><td><span data-path-to-node=\"9,2,0,0\"><b data-path-to-node=\"9,2,0,0\" data-index-in-node=\"0\">Port\u00e9e<\/b><\/span><\/td><td><span data-path-to-node=\"9,2,1,0\">: environ 3 000 km (1 620 nm)<\/span><\/td><\/tr><tr><td><span data-path-to-node=\"9,3,0,0\"><b data-path-to-node=\"9,3,0,0\" data-index-in-node=\"0\">Moteurs<\/b><\/span><\/td><td><span data-path-to-node=\"9,3,1,0\">2 x Honeywell TFE731-2<\/span><\/td><\/tr><tr><td><span data-path-to-node=\"9,4,0,0\"><b data-path-to-node=\"9,4,0,0\" data-index-in-node=\"0\">Plafond de service<\/b><\/span><\/td><td><span data-path-to-node=\"9,4,1,0\">45 000 ft (13 716 m)<\/span><\/td><\/tr><tr><td><span data-path-to-node=\"9,5,0,0\"><b data-path-to-node=\"9,5,0,0\" data-index-in-node=\"0\">Avantage<\/b><\/span><\/td><td><span data-path-to-node=\"9,5,1,0\">cl\u00e9 : vitesse exceptionnelle et stabilit\u00e9 en haute altitude<\/span><\/td><\/tr><\/tbody><\/table>\t\t\t\t\t\t<\/div>\n\t\t\t\t<\/div>\n\t\t\t\t\t<\/div>\n\t\t\t\t<\/div>\n\t\t\t\t<\/div>\n\t\t","protected":false},"excerpt":{"rendered":"<p>Le Dassault Falcon 100 (une \u00e9volution du Falcon 10) est un jet l\u00e9ger haute performance r\u00e9put\u00e9 pour sa vitesse exceptionnelle et sa robustesse de fabrication. Dans le secteur a\u00e9rom\u00e9dical, on l\u2019appelle souvent la \u00ab Formule 1 \u00bb des jets m\u00e9dicaux. Son principal avantage est la conception de ses ailes, qui permet des vitesses tr\u00e8s \u00e9lev\u00e9es [&hellip;]<\/p>\n","protected":false},"author":1,"featured_media":0,"parent":1523,"menu_order":0,"comment_status":"closed","ping_status":"closed","template":"","meta":{"footnotes":""},"class_list":["post-1875","page","type-page","status-publish","hentry"],"yoast_head":"<!-- This site is optimized with the Yoast SEO plugin v27.6 - https:\/\/yoast.com\/product\/yoast-seo-wordpress\/ -->\n<title>Falcon 100 - Services mondiaux d\u2019ambulance a\u00e9rienne<\/title>\n<meta name=\"robots\" content=\"index, follow, max-snippet:-1, max-image-preview:large, max-video-preview:-1\" \/>\n<link rel=\"canonical\" href=\"https:\/\/ambulanceflight.com\/fr\/flotte\/avions-legers\/falcon-100\/\" \/>\n<meta property=\"og:locale\" content=\"fr_FR\" \/>\n<meta property=\"og:type\" content=\"article\" \/>\n<meta property=\"og:title\" content=\"Falcon 100 - Services mondiaux d\u2019ambulance a\u00e9rienne\" \/>\n<meta property=\"og:description\" content=\"Le Dassault Falcon 100 (une \u00e9volution du Falcon 10) est un jet l\u00e9ger haute performance r\u00e9put\u00e9 pour sa vitesse exceptionnelle et sa robustesse de fabrication. Dans le secteur a\u00e9rom\u00e9dical, on l\u2019appelle souvent la \u00ab Formule 1 \u00bb des jets m\u00e9dicaux. Son principal avantage est la conception de ses ailes, qui permet des vitesses tr\u00e8s \u00e9lev\u00e9es [&hellip;]\" \/>\n<meta property=\"og:url\" content=\"https:\/\/ambulanceflight.com\/fr\/flotte\/avions-legers\/falcon-100\/\" \/>\n<meta property=\"og:site_name\" content=\"Services mondiaux d\u2019ambulance a\u00e9rienne\" \/>\n<meta property=\"article:modified_time\" content=\"2026-04-15T14:22:03+00:00\" \/>\n<meta property=\"og:image\" content=\"http:\/\/ambulanceflight.com\/wp-content\/uploads\/2025\/12\/Capture-decran-2025-12-31-a-10.41.53-1024x478.png\" \/>\n<meta name=\"twitter:card\" content=\"summary_large_image\" \/>\n<meta name=\"twitter:label1\" content=\"Dur\u00e9e de lecture estim\u00e9e\" \/>\n\t<meta name=\"twitter:data1\" content=\"2 minutes\" \/>\n<script type=\"application\/ld+json\" class=\"yoast-schema-graph\">{\"@context\":\"https:\\\/\\\/schema.org\",\"@graph\":[{\"@type\":\"WebPage\",\"@id\":\"https:\\\/\\\/ambulanceflight.com\\\/fr\\\/flotte\\\/avions-legers\\\/falcon-100\\\/\",\"url\":\"https:\\\/\\\/ambulanceflight.com\\\/fr\\\/flotte\\\/avions-legers\\\/falcon-100\\\/\",\"name\":\"Falcon 100 - Services mondiaux d\u2019ambulance a\u00e9rienne\",\"isPartOf\":{\"@id\":\"https:\\\/\\\/ambulanceflight.com\\\/fr\\\/#website\"},\"primaryImageOfPage\":{\"@id\":\"https:\\\/\\\/ambulanceflight.com\\\/fr\\\/flotte\\\/avions-legers\\\/falcon-100\\\/#primaryimage\"},\"image\":{\"@id\":\"https:\\\/\\\/ambulanceflight.com\\\/fr\\\/flotte\\\/avions-legers\\\/falcon-100\\\/#primaryimage\"},\"thumbnailUrl\":\"http:\\\/\\\/ambulanceflight.com\\\/wp-content\\\/uploads\\\/2025\\\/12\\\/Capture-decran-2025-12-31-a-10.41.53-1024x478.png\",\"datePublished\":\"2025-12-31T09:44:07+00:00\",\"dateModified\":\"2026-04-15T14:22:03+00:00\",\"breadcrumb\":{\"@id\":\"https:\\\/\\\/ambulanceflight.com\\\/fr\\\/flotte\\\/avions-legers\\\/falcon-100\\\/#breadcrumb\"},\"inLanguage\":\"fr-FR\",\"potentialAction\":[{\"@type\":\"ReadAction\",\"target\":[\"https:\\\/\\\/ambulanceflight.com\\\/fr\\\/flotte\\\/avions-legers\\\/falcon-100\\\/\"]}]},{\"@type\":\"ImageObject\",\"inLanguage\":\"fr-FR\",\"@id\":\"https:\\\/\\\/ambulanceflight.com\\\/fr\\\/flotte\\\/avions-legers\\\/falcon-100\\\/#primaryimage\",\"url\":\"http:\\\/\\\/ambulanceflight.com\\\/wp-content\\\/uploads\\\/2025\\\/12\\\/Capture-decran-2025-12-31-a-10.41.53-1024x478.png\",\"contentUrl\":\"http:\\\/\\\/ambulanceflight.com\\\/wp-content\\\/uploads\\\/2025\\\/12\\\/Capture-decran-2025-12-31-a-10.41.53-1024x478.png\"},{\"@type\":\"BreadcrumbList\",\"@id\":\"https:\\\/\\\/ambulanceflight.com\\\/fr\\\/flotte\\\/avions-legers\\\/falcon-100\\\/#breadcrumb\",\"itemListElement\":[{\"@type\":\"ListItem\",\"position\":1,\"name\":\"Home\",\"item\":\"https:\\\/\\\/ambulanceflight.com\\\/fr\\\/\"},{\"@type\":\"ListItem\",\"position\":2,\"name\":\"Flotte\",\"item\":\"https:\\\/\\\/ambulanceflight.com\\\/fr\\\/fleet\\\/\"},{\"@type\":\"ListItem\",\"position\":3,\"name\":\"Avions l\u00e9gers\",\"item\":\"https:\\\/\\\/ambulanceflight.com\\\/fr\\\/fleet\\\/light-jets\\\/\"},{\"@type\":\"ListItem\",\"position\":4,\"name\":\"Falcon 100\"}]},{\"@type\":\"WebSite\",\"@id\":\"https:\\\/\\\/ambulanceflight.com\\\/fr\\\/#website\",\"url\":\"https:\\\/\\\/ambulanceflight.com\\\/fr\\\/\",\"name\":\"Services mondiaux d\u2019ambulance a\u00e9rienne\",\"description\":\"Des transferts rapides, s\u00fbrs et enti\u00e8rement \u00e9quip\u00e9s en ambulance a\u00e9rienne pour les patients partout dans le monde.\",\"potentialAction\":[{\"@type\":\"SearchAction\",\"target\":{\"@type\":\"EntryPoint\",\"urlTemplate\":\"https:\\\/\\\/ambulanceflight.com\\\/fr\\\/?s={search_term_string}\"},\"query-input\":{\"@type\":\"PropertyValueSpecification\",\"valueRequired\":true,\"valueName\":\"search_term_string\"}}],\"inLanguage\":\"fr-FR\"}]}<\/script>\n<!-- \/ Yoast SEO plugin. -->","yoast_head_json":{"title":"Falcon 100 - Services mondiaux d\u2019ambulance a\u00e9rienne","robots":{"index":"index","follow":"follow","max-snippet":"max-snippet:-1","max-image-preview":"max-image-preview:large","max-video-preview":"max-video-preview:-1"},"canonical":"https:\/\/ambulanceflight.com\/fr\/flotte\/avions-legers\/falcon-100\/","og_locale":"fr_FR","og_type":"article","og_title":"Falcon 100 - Services mondiaux d\u2019ambulance a\u00e9rienne","og_description":"Le Dassault Falcon 100 (une \u00e9volution du Falcon 10) est un jet l\u00e9ger haute performance r\u00e9put\u00e9 pour sa vitesse exceptionnelle et sa robustesse de fabrication. Dans le secteur a\u00e9rom\u00e9dical, on l\u2019appelle souvent la \u00ab Formule 1 \u00bb des jets m\u00e9dicaux. Son principal avantage est la conception de ses ailes, qui permet des vitesses tr\u00e8s \u00e9lev\u00e9es [&hellip;]","og_url":"https:\/\/ambulanceflight.com\/fr\/flotte\/avions-legers\/falcon-100\/","og_site_name":"Services mondiaux d\u2019ambulance a\u00e9rienne","article_modified_time":"2026-04-15T14:22:03+00:00","og_image":[{"url":"http:\/\/ambulanceflight.com\/wp-content\/uploads\/2025\/12\/Capture-decran-2025-12-31-a-10.41.53-1024x478.png","type":"","width":"","height":""}],"twitter_card":"summary_large_image","twitter_misc":{"Dur\u00e9e de lecture estim\u00e9e":"2 minutes"},"schema":{"@context":"https:\/\/schema.org","@graph":[{"@type":"WebPage","@id":"https:\/\/ambulanceflight.com\/fr\/flotte\/avions-legers\/falcon-100\/","url":"https:\/\/ambulanceflight.com\/fr\/flotte\/avions-legers\/falcon-100\/","name":"Falcon 100 - Services mondiaux d\u2019ambulance a\u00e9rienne","isPartOf":{"@id":"https:\/\/ambulanceflight.com\/fr\/#website"},"primaryImageOfPage":{"@id":"https:\/\/ambulanceflight.com\/fr\/flotte\/avions-legers\/falcon-100\/#primaryimage"},"image":{"@id":"https:\/\/ambulanceflight.com\/fr\/flotte\/avions-legers\/falcon-100\/#primaryimage"},"thumbnailUrl":"http:\/\/ambulanceflight.com\/wp-content\/uploads\/2025\/12\/Capture-decran-2025-12-31-a-10.41.53-1024x478.png","datePublished":"2025-12-31T09:44:07+00:00","dateModified":"2026-04-15T14:22:03+00:00","breadcrumb":{"@id":"https:\/\/ambulanceflight.com\/fr\/flotte\/avions-legers\/falcon-100\/#breadcrumb"},"inLanguage":"fr-FR","potentialAction":[{"@type":"ReadAction","target":["https:\/\/ambulanceflight.com\/fr\/flotte\/avions-legers\/falcon-100\/"]}]},{"@type":"ImageObject","inLanguage":"fr-FR","@id":"https:\/\/ambulanceflight.com\/fr\/flotte\/avions-legers\/falcon-100\/#primaryimage","url":"http:\/\/ambulanceflight.com\/wp-content\/uploads\/2025\/12\/Capture-decran-2025-12-31-a-10.41.53-1024x478.png","contentUrl":"http:\/\/ambulanceflight.com\/wp-content\/uploads\/2025\/12\/Capture-decran-2025-12-31-a-10.41.53-1024x478.png"},{"@type":"BreadcrumbList","@id":"https:\/\/ambulanceflight.com\/fr\/flotte\/avions-legers\/falcon-100\/#breadcrumb","itemListElement":[{"@type":"ListItem","position":1,"name":"Home","item":"https:\/\/ambulanceflight.com\/fr\/"},{"@type":"ListItem","position":2,"name":"Flotte","item":"https:\/\/ambulanceflight.com\/fr\/fleet\/"},{"@type":"ListItem","position":3,"name":"Avions l\u00e9gers","item":"https:\/\/ambulanceflight.com\/fr\/fleet\/light-jets\/"},{"@type":"ListItem","position":4,"name":"Falcon 100"}]},{"@type":"WebSite","@id":"https:\/\/ambulanceflight.com\/fr\/#website","url":"https:\/\/ambulanceflight.com\/fr\/","name":"Services mondiaux d\u2019ambulance a\u00e9rienne","description":"Des transferts rapides, s\u00fbrs et enti\u00e8rement \u00e9quip\u00e9s en ambulance a\u00e9rienne pour les patients partout dans le monde.","potentialAction":[{"@type":"SearchAction","target":{"@type":"EntryPoint","urlTemplate":"https:\/\/ambulanceflight.com\/fr\/?s={search_term_string}"},"query-input":{"@type":"PropertyValueSpecification","valueRequired":true,"valueName":"search_term_string"}}],"inLanguage":"fr-FR"}]}},"_links":{"self":[{"href":"https:\/\/ambulanceflight.com\/fr\/wp-json\/wp\/v2\/pages\/1875","targetHints":{"allow":["GET"]}}],"collection":[{"href":"https:\/\/ambulanceflight.com\/fr\/wp-json\/wp\/v2\/pages"}],"about":[{"href":"https:\/\/ambulanceflight.com\/fr\/wp-json\/wp\/v2\/types\/page"}],"author":[{"embeddable":true,"href":"https:\/\/ambulanceflight.com\/fr\/wp-json\/wp\/v2\/users\/1"}],"replies":[{"embeddable":true,"href":"https:\/\/ambulanceflight.com\/fr\/wp-json\/wp\/v2\/comments?post=1875"}],"version-history":[{"count":3,"href":"https:\/\/ambulanceflight.com\/fr\/wp-json\/wp\/v2\/pages\/1875\/revisions"}],"predecessor-version":[{"id":2946,"href":"https:\/\/ambulanceflight.com\/fr\/wp-json\/wp\/v2\/pages\/1875\/revisions\/2946"}],"up":[{"embeddable":true,"href":"https:\/\/ambulanceflight.com\/fr\/wp-json\/wp\/v2\/pages\/1523"}],"wp:attachment":[{"href":"https:\/\/ambulanceflight.com\/fr\/wp-json\/wp\/v2\/media?parent=1875"}],"curies":[{"name":"wp","href":"https:\/\/api.w.org\/{rel}","templated":true}]}}