{"id":1849,"date":"2025-12-31T09:25:05","date_gmt":"2025-12-31T09:25:05","guid":{"rendered":"https:\/\/ambulanceflight.com\/citation-bravo\/"},"modified":"2026-04-15T14:22:03","modified_gmt":"2026-04-15T14:22:03","slug":"citation-bravo","status":"publish","type":"page","link":"https:\/\/ambulanceflight.com\/fr\/flotte\/avions-legers\/citation-bravo\/","title":{"rendered":"Citation Bravo"},"content":{"rendered":"\t\t<div data-elementor-type=\"wp-page\" data-elementor-id=\"1849\" class=\"elementor elementor-1849 elementor-1841\" data-elementor-settings=\"{&quot;ha_cmc_init_switcher&quot;:&quot;no&quot;}\" data-elementor-post-type=\"page\">\n\t\t\t\t<div class=\"elementor-element elementor-element-476e04f e-flex e-con-boxed e-con e-parent\" data-id=\"476e04f\" data-element_type=\"container\" data-settings=\"{&quot;_ha_eqh_enable&quot;:false,&quot;ekit_has_onepagescroll_dot&quot;:&quot;yes&quot;}\">\n\t\t\t\t\t<div class=\"e-con-inner\">\n\t\t<div class=\"elementor-element elementor-element-e78be01 e-con-full e-flex e-con e-child\" data-id=\"e78be01\" data-element_type=\"container\" data-settings=\"{&quot;_ha_eqh_enable&quot;:false,&quot;ekit_has_onepagescroll_dot&quot;:&quot;yes&quot;}\">\n\t\t\t\t<div class=\"elementor-element elementor-element-20e73b7 elementor-widget elementor-widget-image\" data-id=\"20e73b7\" data-element_type=\"widget\" data-settings=\"{&quot;ekit_we_effect_on&quot;:&quot;none&quot;}\" data-widget_type=\"image.default\">\n\t\t\t\t<div class=\"elementor-widget-container\">\n\t\t\t\t\t\t\t\t\t\t\t\t\t<img fetchpriority=\"high\" decoding=\"async\" width=\"800\" height=\"538\" src=\"https:\/\/ambulanceflight.com\/wp-content\/uploads\/2025\/12\/Cessna_550b_citation_bravo_cs-dhr_arp-1024x689.jpg\" class=\"attachment-large size-large wp-image-1852\" alt=\"\" srcset=\"https:\/\/ambulanceflight.com\/wp-content\/uploads\/2025\/12\/Cessna_550b_citation_bravo_cs-dhr_arp-1024x689.jpg 1024w, https:\/\/ambulanceflight.com\/wp-content\/uploads\/2025\/12\/Cessna_550b_citation_bravo_cs-dhr_arp-300x202.jpg 300w, https:\/\/ambulanceflight.com\/wp-content\/uploads\/2025\/12\/Cessna_550b_citation_bravo_cs-dhr_arp-768x517.jpg 768w, https:\/\/ambulanceflight.com\/wp-content\/uploads\/2025\/12\/Cessna_550b_citation_bravo_cs-dhr_arp-1536x1034.jpg 1536w, https:\/\/ambulanceflight.com\/wp-content\/uploads\/2025\/12\/Cessna_550b_citation_bravo_cs-dhr_arp.jpg 1850w\" sizes=\"(max-width: 800px) 100vw, 800px\" \/>\t\t\t\t\t\t\t\t\t\t\t\t\t<\/div>\n\t\t\t\t<\/div>\n\t\t\t\t<\/div>\n\t\t<div class=\"elementor-element elementor-element-88976b4 e-con-full e-flex e-con e-child\" data-id=\"88976b4\" data-element_type=\"container\" data-settings=\"{&quot;_ha_eqh_enable&quot;:false,&quot;ekit_has_onepagescroll_dot&quot;:&quot;yes&quot;}\">\n\t\t<div class=\"elementor-element elementor-element-6f3193b e-con-full e-flex e-con e-child\" data-id=\"6f3193b\" data-element_type=\"container\" data-settings=\"{&quot;_ha_eqh_enable&quot;:false,&quot;ekit_has_onepagescroll_dot&quot;:&quot;yes&quot;}\">\n\t\t\t\t<div class=\"elementor-element elementor-element-566e352 elementor-widget elementor-widget-image\" data-id=\"566e352\" data-element_type=\"widget\" data-settings=\"{&quot;ekit_we_effect_on&quot;:&quot;none&quot;}\" data-widget_type=\"image.default\">\n\t\t\t\t<div class=\"elementor-widget-container\">\n\t\t\t\t\t\t\t\t\t\t\t\t\t<img decoding=\"async\" width=\"600\" height=\"350\" src=\"https:\/\/ambulanceflight.com\/wp-content\/uploads\/2026\/01\/AeroMD-Citation-Bravo-Interior.jpg\" class=\"attachment-large size-large wp-image-2937\" alt=\"\" srcset=\"https:\/\/ambulanceflight.com\/wp-content\/uploads\/2026\/01\/AeroMD-Citation-Bravo-Interior.jpg 600w, https:\/\/ambulanceflight.com\/wp-content\/uploads\/2026\/01\/AeroMD-Citation-Bravo-Interior-300x175.jpg 300w\" sizes=\"(max-width: 600px) 100vw, 600px\" \/>\t\t\t\t\t\t\t\t\t\t\t\t\t<\/div>\n\t\t\t\t<\/div>\n\t\t\t\t<\/div>\n\t\t<div class=\"elementor-element elementor-element-3cee4fd e-con-full e-flex e-con e-child\" data-id=\"3cee4fd\" data-element_type=\"container\" data-settings=\"{&quot;_ha_eqh_enable&quot;:false,&quot;ekit_has_onepagescroll_dot&quot;:&quot;yes&quot;}\">\n\t\t\t\t<div class=\"elementor-element elementor-element-a446ba8 elementor-widget elementor-widget-image\" data-id=\"a446ba8\" data-element_type=\"widget\" data-settings=\"{&quot;ekit_we_effect_on&quot;:&quot;none&quot;}\" data-widget_type=\"image.default\">\n\t\t\t\t<div class=\"elementor-widget-container\">\n\t\t\t\t\t\t\t\t\t\t\t\t\t<img decoding=\"async\" width=\"800\" height=\"533\" src=\"https:\/\/ambulanceflight.com\/wp-content\/uploads\/2026\/01\/citation_550.jpg\" class=\"attachment-large size-large wp-image-2938\" alt=\"\" srcset=\"https:\/\/ambulanceflight.com\/wp-content\/uploads\/2026\/01\/citation_550.jpg 1000w, https:\/\/ambulanceflight.com\/wp-content\/uploads\/2026\/01\/citation_550-300x200.jpg 300w, https:\/\/ambulanceflight.com\/wp-content\/uploads\/2026\/01\/citation_550-768x511.jpg 768w\" sizes=\"(max-width: 800px) 100vw, 800px\" \/>\t\t\t\t\t\t\t\t\t\t\t\t\t<\/div>\n\t\t\t\t<\/div>\n\t\t\t\t<\/div>\n\t\t\t\t<\/div>\n\t\t\t\t\t<\/div>\n\t\t\t\t<\/div>\n\t\t<div class=\"elementor-element elementor-element-e72a43c e-flex e-con-boxed e-con e-parent\" data-id=\"e72a43c\" data-element_type=\"container\" data-settings=\"{&quot;background_background&quot;:&quot;classic&quot;,&quot;_ha_eqh_enable&quot;:false,&quot;ekit_has_onepagescroll_dot&quot;:&quot;yes&quot;}\">\n\t\t\t\t\t<div class=\"e-con-inner\">\n\t\t\t\t<div class=\"elementor-element elementor-element-40f9b3d elementor-widget elementor-widget-text-editor\" data-id=\"40f9b3d\" data-element_type=\"widget\" data-settings=\"{&quot;ekit_we_effect_on&quot;:&quot;none&quot;}\" data-widget_type=\"text-editor.default\">\n\t\t\t\t<div class=\"elementor-widget-container\">\n\t\t\t\t\t\t\t<p data-path-to-node=\"0\"> <\/p><p data-path-to-node=\"0\">Le <b data-path-to-node=\"0\" data-index-in-node=\"4\">Cessna Citation Bravo<\/b> est un avion l\u00e9ger tr\u00e8s populaire dans l\u2019industrie a\u00e9rom\u00e9dicale, connu pour \u00eatre le successeur du Citation II. Il trouve un excellent \u00e9quilibre entre \u00e9conomie, autonomie et confort habitacle. Il est particuli\u00e8rement appr\u00e9ci\u00e9 pour ses capacit\u00e9s d\u2019atterrissage fluides gr\u00e2ce \u00e0 son train d\u2019atterrissage \u00e0 maillon arri\u00e8re, qui constitue un avantage significatif lors du transport de patients atteints de l\u00e9sions vert\u00e9brales ou sensibles au mouvement.  <\/p><p data-path-to-node=\"1\">La cabine du Bravo est con\u00e7ue pour \u00eatre silencieuse et pressuris\u00e9e, permettant \u00e0 l\u2019\u00e9quipe m\u00e9dicale de travailler dans un environnement stable. Il est capable de voler \u00e0 haute altitude pour \u00e9viter la plupart des perturbations m\u00e9t\u00e9orologiques, assurant ainsi un voyage plus rapide et plus confortable que de nombreuses alternatives aux turbopropulseurs. <\/p><h3 data-path-to-node=\"3\"> <\/h3><h3 data-path-to-node=\"3\">\u00c9quipement m\u00e9dical<\/h3><p> <\/p><p data-path-to-node=\"4\">La Citation Bravo est \u00e9quip\u00e9e en tant <b data-path-to-node=\"4\" data-index-in-node=\"37\">qu\u2019unit\u00e9 de soins intensifs (USI) compacte<\/b>. La disposition de la cabine permet \u00e0 l\u2019\u00e9quipe m\u00e9dicale (m\u00e9decin et infirmi\u00e8re de vol) d\u2019avoir un acc\u00e8s facile \u00e0 la t\u00eate et au torse du patient pour la surveillance et la gestion des voies a\u00e9riennes pendant le vol. <\/p><ul data-path-to-node=\"5\"><li><p data-path-to-node=\"5,0,0\">Ventilateur de transport de soins intensifs<\/p><\/li><li><p data-path-to-node=\"5,1,0\">Moniteur multiparam\u00e8tre du patient (ECG, SpO2, NIBP, EtCO2)<\/p><\/li><li><p data-path-to-node=\"5,2,0\">D\u00e9fibrillateur et moniteur cardiaque<\/p><\/li><li><p data-path-to-node=\"5,3,0\">Chauffeurs de seringues de pr\u00e9cision et pompes \u00e0 perfusion<\/p><\/li><li><p data-path-to-node=\"5,4,0\">Unit\u00e9 d\u2019aspiration portable<\/p><\/li><li><p data-path-to-node=\"5,5,0\">Analyseur de gaz sanguin (EPOC)<\/p><\/li><li><p data-path-to-node=\"5,6,0\">Kit complet d\u2019urgence et de r\u00e9animation<\/p><\/li><li><p data-path-to-node=\"5,7,0\">Incubateur de transport pour missions n\u00e9onatales (optionnel)<\/p><\/li><li><p data-path-to-node=\"5,8,0\">Oxyg\u00e8ne m\u00e9dical int\u00e9gr\u00e9 et alimentation en 220V<\/p><\/li><\/ul><blockquote data-path-to-node=\"6\"><p data-path-to-node=\"6,0\"><i data-path-to-node=\"6,0\" data-index-in-node=\"0\">Les configurations m\u00e9dicales sont strictement adapt\u00e9es \u00e0 chaque mission. Nos experts m\u00e9dicaux veillent \u00e0 ce que tout l\u2019\u00e9quipement sp\u00e9cialis\u00e9 n\u00e9cessaire soit \u00e0 bord en fonction des besoins de sant\u00e9 sp\u00e9cifiques du patient. <\/i><\/p><p data-path-to-node=\"6,0\"> <\/p><\/blockquote><table data-path-to-node=\"9\"><thead><tr><td><strong><\/strong><\/td><td><strong>Sp\u00e9cification<\/strong> des caract\u00e9ristiques<\/td><\/tr><\/thead><tbody><tr><td><span data-path-to-node=\"9,1,0,0\"><b data-path-to-node=\"9,1,0,0\" data-index-in-node=\"0\">Vitesse de croisi\u00e8re<\/b><\/span><\/td><td><span data-path-to-node=\"9,1,1,0\">: environ 740 km\/h (400 n\u0153uds)<\/span><\/td><\/tr><tr><td><span data-path-to-node=\"9,2,0,0\"><b data-path-to-node=\"9,2,0,0\" data-index-in-node=\"0\">Port\u00e9e<\/b><\/span><\/td><td><span data-path-to-node=\"9,2,1,0\">: environ 3 200 km (1 720 nm)<\/span><\/td><\/tr><tr><td><span data-path-to-node=\"9,3,0,0\"><b data-path-to-node=\"9,3,0,0\" data-index-in-node=\"0\">Moteurs<\/b><\/span><\/td><td><span data-path-to-node=\"9,3,1,0\">2 x Pratt &amp; Whitney PW530A<\/span><\/td><\/tr><tr><td><span data-path-to-node=\"9,4,0,0\"><b data-path-to-node=\"9,4,0,0\" data-index-in-node=\"0\">Plafond de service<\/b><\/span><\/td><td><span data-path-to-node=\"9,4,1,0\">45 000 ft (13 716 m)<\/span><\/td><\/tr><tr><td><span data-path-to-node=\"9,5,0,0\"><b data-path-to-node=\"9,5,0,0\" data-index-in-node=\"0\">Avantage<\/b><\/span><\/td><td><span data-path-to-node=\"9,5,1,0\">cl\u00e9 : atterrissages en \u00ab&nbsp;maillon arri\u00e8re&nbsp;\u00bb en douceur et efficacit\u00e9 en haute altitude<\/span><\/td><\/tr><\/tbody><\/table>\t\t\t\t\t\t<\/div>\n\t\t\t\t<\/div>\n\t\t\t\t\t<\/div>\n\t\t\t\t<\/div>\n\t\t\t\t<\/div>\n\t\t","protected":false},"excerpt":{"rendered":"<p>Le Cessna Citation Bravo est un avion l\u00e9ger tr\u00e8s populaire dans l\u2019industrie a\u00e9rom\u00e9dicale, connu pour \u00eatre le successeur du Citation II. Il trouve un excellent \u00e9quilibre entre \u00e9conomie, autonomie et confort habitacle. Il est particuli\u00e8rement appr\u00e9ci\u00e9 pour ses capacit\u00e9s d\u2019atterrissage fluides gr\u00e2ce \u00e0 son train d\u2019atterrissage \u00e0 maillon arri\u00e8re, qui constitue un avantage significatif lors [&hellip;]<\/p>\n","protected":false},"author":1,"featured_media":0,"parent":1523,"menu_order":0,"comment_status":"closed","ping_status":"closed","template":"","meta":{"footnotes":""},"class_list":["post-1849","page","type-page","status-publish","hentry"],"yoast_head":"<!-- This site is optimized with the Yoast SEO plugin v27.6 - https:\/\/yoast.com\/product\/yoast-seo-wordpress\/ -->\n<title>Citation Bravo - Services mondiaux d\u2019ambulance a\u00e9rienne<\/title>\n<meta name=\"robots\" content=\"index, follow, max-snippet:-1, max-image-preview:large, max-video-preview:-1\" \/>\n<link rel=\"canonical\" href=\"https:\/\/ambulanceflight.com\/fr\/flotte\/avions-legers\/citation-bravo\/\" \/>\n<meta property=\"og:locale\" content=\"fr_FR\" \/>\n<meta property=\"og:type\" content=\"article\" \/>\n<meta property=\"og:title\" content=\"Citation Bravo - Services mondiaux d\u2019ambulance a\u00e9rienne\" \/>\n<meta property=\"og:description\" content=\"Le Cessna Citation Bravo est un avion l\u00e9ger tr\u00e8s populaire dans l\u2019industrie a\u00e9rom\u00e9dicale, connu pour \u00eatre le successeur du Citation II. Il trouve un excellent \u00e9quilibre entre \u00e9conomie, autonomie et confort habitacle. Il est particuli\u00e8rement appr\u00e9ci\u00e9 pour ses capacit\u00e9s d\u2019atterrissage fluides gr\u00e2ce \u00e0 son train d\u2019atterrissage \u00e0 maillon arri\u00e8re, qui constitue un avantage significatif lors [&hellip;]\" \/>\n<meta property=\"og:url\" content=\"https:\/\/ambulanceflight.com\/fr\/flotte\/avions-legers\/citation-bravo\/\" \/>\n<meta property=\"og:site_name\" content=\"Services mondiaux d\u2019ambulance a\u00e9rienne\" \/>\n<meta property=\"article:modified_time\" content=\"2026-04-15T14:22:03+00:00\" \/>\n<meta property=\"og:image\" content=\"http:\/\/ambulanceflight.com\/wp-content\/uploads\/2025\/12\/Cessna_550b_citation_bravo_cs-dhr_arp-1024x689.jpg\" \/>\n<meta name=\"twitter:card\" content=\"summary_large_image\" \/>\n<meta name=\"twitter:label1\" content=\"Dur\u00e9e de lecture estim\u00e9e\" \/>\n\t<meta name=\"twitter:data1\" content=\"2 minutes\" \/>\n<script type=\"application\/ld+json\" class=\"yoast-schema-graph\">{\"@context\":\"https:\\\/\\\/schema.org\",\"@graph\":[{\"@type\":\"WebPage\",\"@id\":\"https:\\\/\\\/ambulanceflight.com\\\/fr\\\/flotte\\\/avions-legers\\\/citation-bravo\\\/\",\"url\":\"https:\\\/\\\/ambulanceflight.com\\\/fr\\\/flotte\\\/avions-legers\\\/citation-bravo\\\/\",\"name\":\"Citation Bravo - Services mondiaux d\u2019ambulance a\u00e9rienne\",\"isPartOf\":{\"@id\":\"https:\\\/\\\/ambulanceflight.com\\\/fr\\\/#website\"},\"primaryImageOfPage\":{\"@id\":\"https:\\\/\\\/ambulanceflight.com\\\/fr\\\/flotte\\\/avions-legers\\\/citation-bravo\\\/#primaryimage\"},\"image\":{\"@id\":\"https:\\\/\\\/ambulanceflight.com\\\/fr\\\/flotte\\\/avions-legers\\\/citation-bravo\\\/#primaryimage\"},\"thumbnailUrl\":\"http:\\\/\\\/ambulanceflight.com\\\/wp-content\\\/uploads\\\/2025\\\/12\\\/Cessna_550b_citation_bravo_cs-dhr_arp-1024x689.jpg\",\"datePublished\":\"2025-12-31T09:25:05+00:00\",\"dateModified\":\"2026-04-15T14:22:03+00:00\",\"breadcrumb\":{\"@id\":\"https:\\\/\\\/ambulanceflight.com\\\/fr\\\/flotte\\\/avions-legers\\\/citation-bravo\\\/#breadcrumb\"},\"inLanguage\":\"fr-FR\",\"potentialAction\":[{\"@type\":\"ReadAction\",\"target\":[\"https:\\\/\\\/ambulanceflight.com\\\/fr\\\/flotte\\\/avions-legers\\\/citation-bravo\\\/\"]}]},{\"@type\":\"ImageObject\",\"inLanguage\":\"fr-FR\",\"@id\":\"https:\\\/\\\/ambulanceflight.com\\\/fr\\\/flotte\\\/avions-legers\\\/citation-bravo\\\/#primaryimage\",\"url\":\"http:\\\/\\\/ambulanceflight.com\\\/wp-content\\\/uploads\\\/2025\\\/12\\\/Cessna_550b_citation_bravo_cs-dhr_arp-1024x689.jpg\",\"contentUrl\":\"http:\\\/\\\/ambulanceflight.com\\\/wp-content\\\/uploads\\\/2025\\\/12\\\/Cessna_550b_citation_bravo_cs-dhr_arp-1024x689.jpg\"},{\"@type\":\"BreadcrumbList\",\"@id\":\"https:\\\/\\\/ambulanceflight.com\\\/fr\\\/flotte\\\/avions-legers\\\/citation-bravo\\\/#breadcrumb\",\"itemListElement\":[{\"@type\":\"ListItem\",\"position\":1,\"name\":\"Home\",\"item\":\"https:\\\/\\\/ambulanceflight.com\\\/fr\\\/\"},{\"@type\":\"ListItem\",\"position\":2,\"name\":\"Flotte\",\"item\":\"https:\\\/\\\/ambulanceflight.com\\\/fr\\\/fleet\\\/\"},{\"@type\":\"ListItem\",\"position\":3,\"name\":\"Avions l\u00e9gers\",\"item\":\"https:\\\/\\\/ambulanceflight.com\\\/fr\\\/fleet\\\/light-jets\\\/\"},{\"@type\":\"ListItem\",\"position\":4,\"name\":\"Citation Bravo\"}]},{\"@type\":\"WebSite\",\"@id\":\"https:\\\/\\\/ambulanceflight.com\\\/fr\\\/#website\",\"url\":\"https:\\\/\\\/ambulanceflight.com\\\/fr\\\/\",\"name\":\"Services mondiaux d\u2019ambulance a\u00e9rienne\",\"description\":\"Des transferts rapides, s\u00fbrs et enti\u00e8rement \u00e9quip\u00e9s en ambulance a\u00e9rienne pour les patients partout dans le monde.\",\"potentialAction\":[{\"@type\":\"SearchAction\",\"target\":{\"@type\":\"EntryPoint\",\"urlTemplate\":\"https:\\\/\\\/ambulanceflight.com\\\/fr\\\/?s={search_term_string}\"},\"query-input\":{\"@type\":\"PropertyValueSpecification\",\"valueRequired\":true,\"valueName\":\"search_term_string\"}}],\"inLanguage\":\"fr-FR\"}]}<\/script>\n<!-- \/ Yoast SEO plugin. -->","yoast_head_json":{"title":"Citation Bravo - Services mondiaux d\u2019ambulance a\u00e9rienne","robots":{"index":"index","follow":"follow","max-snippet":"max-snippet:-1","max-image-preview":"max-image-preview:large","max-video-preview":"max-video-preview:-1"},"canonical":"https:\/\/ambulanceflight.com\/fr\/flotte\/avions-legers\/citation-bravo\/","og_locale":"fr_FR","og_type":"article","og_title":"Citation Bravo - Services mondiaux d\u2019ambulance a\u00e9rienne","og_description":"Le Cessna Citation Bravo est un avion l\u00e9ger tr\u00e8s populaire dans l\u2019industrie a\u00e9rom\u00e9dicale, connu pour \u00eatre le successeur du Citation II. Il trouve un excellent \u00e9quilibre entre \u00e9conomie, autonomie et confort habitacle. Il est particuli\u00e8rement appr\u00e9ci\u00e9 pour ses capacit\u00e9s d\u2019atterrissage fluides gr\u00e2ce \u00e0 son train d\u2019atterrissage \u00e0 maillon arri\u00e8re, qui constitue un avantage significatif lors [&hellip;]","og_url":"https:\/\/ambulanceflight.com\/fr\/flotte\/avions-legers\/citation-bravo\/","og_site_name":"Services mondiaux d\u2019ambulance a\u00e9rienne","article_modified_time":"2026-04-15T14:22:03+00:00","og_image":[{"url":"http:\/\/ambulanceflight.com\/wp-content\/uploads\/2025\/12\/Cessna_550b_citation_bravo_cs-dhr_arp-1024x689.jpg","type":"","width":"","height":""}],"twitter_card":"summary_large_image","twitter_misc":{"Dur\u00e9e de lecture estim\u00e9e":"2 minutes"},"schema":{"@context":"https:\/\/schema.org","@graph":[{"@type":"WebPage","@id":"https:\/\/ambulanceflight.com\/fr\/flotte\/avions-legers\/citation-bravo\/","url":"https:\/\/ambulanceflight.com\/fr\/flotte\/avions-legers\/citation-bravo\/","name":"Citation Bravo - Services mondiaux d\u2019ambulance a\u00e9rienne","isPartOf":{"@id":"https:\/\/ambulanceflight.com\/fr\/#website"},"primaryImageOfPage":{"@id":"https:\/\/ambulanceflight.com\/fr\/flotte\/avions-legers\/citation-bravo\/#primaryimage"},"image":{"@id":"https:\/\/ambulanceflight.com\/fr\/flotte\/avions-legers\/citation-bravo\/#primaryimage"},"thumbnailUrl":"http:\/\/ambulanceflight.com\/wp-content\/uploads\/2025\/12\/Cessna_550b_citation_bravo_cs-dhr_arp-1024x689.jpg","datePublished":"2025-12-31T09:25:05+00:00","dateModified":"2026-04-15T14:22:03+00:00","breadcrumb":{"@id":"https:\/\/ambulanceflight.com\/fr\/flotte\/avions-legers\/citation-bravo\/#breadcrumb"},"inLanguage":"fr-FR","potentialAction":[{"@type":"ReadAction","target":["https:\/\/ambulanceflight.com\/fr\/flotte\/avions-legers\/citation-bravo\/"]}]},{"@type":"ImageObject","inLanguage":"fr-FR","@id":"https:\/\/ambulanceflight.com\/fr\/flotte\/avions-legers\/citation-bravo\/#primaryimage","url":"http:\/\/ambulanceflight.com\/wp-content\/uploads\/2025\/12\/Cessna_550b_citation_bravo_cs-dhr_arp-1024x689.jpg","contentUrl":"http:\/\/ambulanceflight.com\/wp-content\/uploads\/2025\/12\/Cessna_550b_citation_bravo_cs-dhr_arp-1024x689.jpg"},{"@type":"BreadcrumbList","@id":"https:\/\/ambulanceflight.com\/fr\/flotte\/avions-legers\/citation-bravo\/#breadcrumb","itemListElement":[{"@type":"ListItem","position":1,"name":"Home","item":"https:\/\/ambulanceflight.com\/fr\/"},{"@type":"ListItem","position":2,"name":"Flotte","item":"https:\/\/ambulanceflight.com\/fr\/fleet\/"},{"@type":"ListItem","position":3,"name":"Avions l\u00e9gers","item":"https:\/\/ambulanceflight.com\/fr\/fleet\/light-jets\/"},{"@type":"ListItem","position":4,"name":"Citation Bravo"}]},{"@type":"WebSite","@id":"https:\/\/ambulanceflight.com\/fr\/#website","url":"https:\/\/ambulanceflight.com\/fr\/","name":"Services mondiaux d\u2019ambulance a\u00e9rienne","description":"Des transferts rapides, s\u00fbrs et enti\u00e8rement \u00e9quip\u00e9s en ambulance a\u00e9rienne pour les patients partout dans le monde.","potentialAction":[{"@type":"SearchAction","target":{"@type":"EntryPoint","urlTemplate":"https:\/\/ambulanceflight.com\/fr\/?s={search_term_string}"},"query-input":{"@type":"PropertyValueSpecification","valueRequired":true,"valueName":"search_term_string"}}],"inLanguage":"fr-FR"}]}},"_links":{"self":[{"href":"https:\/\/ambulanceflight.com\/fr\/wp-json\/wp\/v2\/pages\/1849","targetHints":{"allow":["GET"]}}],"collection":[{"href":"https:\/\/ambulanceflight.com\/fr\/wp-json\/wp\/v2\/pages"}],"about":[{"href":"https:\/\/ambulanceflight.com\/fr\/wp-json\/wp\/v2\/types\/page"}],"author":[{"embeddable":true,"href":"https:\/\/ambulanceflight.com\/fr\/wp-json\/wp\/v2\/users\/1"}],"replies":[{"embeddable":true,"href":"https:\/\/ambulanceflight.com\/fr\/wp-json\/wp\/v2\/comments?post=1849"}],"version-history":[{"count":3,"href":"https:\/\/ambulanceflight.com\/fr\/wp-json\/wp\/v2\/pages\/1849\/revisions"}],"predecessor-version":[{"id":2939,"href":"https:\/\/ambulanceflight.com\/fr\/wp-json\/wp\/v2\/pages\/1849\/revisions\/2939"}],"up":[{"embeddable":true,"href":"https:\/\/ambulanceflight.com\/fr\/wp-json\/wp\/v2\/pages\/1523"}],"wp:attachment":[{"href":"https:\/\/ambulanceflight.com\/fr\/wp-json\/wp\/v2\/media?parent=1849"}],"curies":[{"name":"wp","href":"https:\/\/api.w.org\/{rel}","templated":true}]}}