{"id":1830,"date":"2025-12-31T09:17:18","date_gmt":"2025-12-31T09:17:18","guid":{"rendered":"https:\/\/ambulanceflight.com\/learjet-35\/"},"modified":"2026-04-15T14:22:04","modified_gmt":"2026-04-15T14:22:04","slug":"learjet-35","status":"publish","type":"page","link":"https:\/\/ambulanceflight.com\/fr\/flotte\/avions-legers\/learjet-35\/","title":{"rendered":"LearJet 35"},"content":{"rendered":"\t\t<div data-elementor-type=\"wp-page\" data-elementor-id=\"1830\" class=\"elementor elementor-1830 elementor-1818\" data-elementor-settings=\"{&quot;ha_cmc_init_switcher&quot;:&quot;no&quot;}\" data-elementor-post-type=\"page\">\n\t\t\t\t<div class=\"elementor-element elementor-element-82c16a7 e-flex e-con-boxed e-con e-parent\" data-id=\"82c16a7\" data-element_type=\"container\" data-settings=\"{&quot;_ha_eqh_enable&quot;:false,&quot;ekit_has_onepagescroll_dot&quot;:&quot;yes&quot;}\">\n\t\t\t\t\t<div class=\"e-con-inner\">\n\t\t<div class=\"elementor-element elementor-element-13ce57d e-con-full e-flex e-con e-child\" data-id=\"13ce57d\" data-element_type=\"container\" data-settings=\"{&quot;_ha_eqh_enable&quot;:false,&quot;ekit_has_onepagescroll_dot&quot;:&quot;yes&quot;}\">\n\t\t\t\t<div class=\"elementor-element elementor-element-eda22c1 elementor-widget elementor-widget-image\" data-id=\"eda22c1\" data-element_type=\"widget\" data-settings=\"{&quot;ekit_we_effect_on&quot;:&quot;none&quot;}\" data-widget_type=\"image.default\">\n\t\t\t\t<div class=\"elementor-widget-container\">\n\t\t\t\t\t\t\t\t\t\t\t\t\t<img fetchpriority=\"high\" decoding=\"async\" width=\"800\" height=\"534\" src=\"https:\/\/ambulanceflight.com\/wp-content\/uploads\/2026\/01\/WhatsApp-Image-2026-01-23-at-13.46.50-1024x683.jpeg\" class=\"attachment-large size-large wp-image-2924\" alt=\"\" srcset=\"https:\/\/ambulanceflight.com\/wp-content\/uploads\/2026\/01\/WhatsApp-Image-2026-01-23-at-13.46.50-1024x683.jpeg 1024w, https:\/\/ambulanceflight.com\/wp-content\/uploads\/2026\/01\/WhatsApp-Image-2026-01-23-at-13.46.50-300x200.jpeg 300w, https:\/\/ambulanceflight.com\/wp-content\/uploads\/2026\/01\/WhatsApp-Image-2026-01-23-at-13.46.50-768x512.jpeg 768w, https:\/\/ambulanceflight.com\/wp-content\/uploads\/2026\/01\/WhatsApp-Image-2026-01-23-at-13.46.50.jpeg 1200w\" sizes=\"(max-width: 800px) 100vw, 800px\" \/>\t\t\t\t\t\t\t\t\t\t\t\t\t<\/div>\n\t\t\t\t<\/div>\n\t\t\t\t<\/div>\n\t\t<div class=\"elementor-element elementor-element-bab2570 e-con-full e-flex e-con e-child\" data-id=\"bab2570\" data-element_type=\"container\" data-settings=\"{&quot;_ha_eqh_enable&quot;:false,&quot;ekit_has_onepagescroll_dot&quot;:&quot;yes&quot;}\">\n\t\t<div class=\"elementor-element elementor-element-0c712b1 e-con-full e-flex e-con e-child\" data-id=\"0c712b1\" data-element_type=\"container\" data-settings=\"{&quot;_ha_eqh_enable&quot;:false,&quot;ekit_has_onepagescroll_dot&quot;:&quot;yes&quot;}\">\n\t\t\t\t<div class=\"elementor-element elementor-element-869c1f1 elementor-widget elementor-widget-image\" data-id=\"869c1f1\" data-element_type=\"widget\" data-settings=\"{&quot;ekit_we_effect_on&quot;:&quot;none&quot;}\" data-widget_type=\"image.default\">\n\t\t\t\t<div class=\"elementor-widget-container\">\n\t\t\t\t\t\t\t\t\t\t\t\t\t<img decoding=\"async\" width=\"800\" height=\"534\" src=\"https:\/\/ambulanceflight.com\/wp-content\/uploads\/2026\/01\/WhatsApp-Image-2026-01-23-at-13.46.50-1-1024x683.jpeg\" class=\"attachment-large size-large wp-image-2925\" alt=\"\" srcset=\"https:\/\/ambulanceflight.com\/wp-content\/uploads\/2026\/01\/WhatsApp-Image-2026-01-23-at-13.46.50-1-1024x683.jpeg 1024w, https:\/\/ambulanceflight.com\/wp-content\/uploads\/2026\/01\/WhatsApp-Image-2026-01-23-at-13.46.50-1-300x200.jpeg 300w, https:\/\/ambulanceflight.com\/wp-content\/uploads\/2026\/01\/WhatsApp-Image-2026-01-23-at-13.46.50-1-768x512.jpeg 768w, https:\/\/ambulanceflight.com\/wp-content\/uploads\/2026\/01\/WhatsApp-Image-2026-01-23-at-13.46.50-1.jpeg 1200w\" sizes=\"(max-width: 800px) 100vw, 800px\" \/>\t\t\t\t\t\t\t\t\t\t\t\t\t<\/div>\n\t\t\t\t<\/div>\n\t\t\t\t<\/div>\n\t\t<div class=\"elementor-element elementor-element-c0ef55f e-con-full e-flex e-con e-child\" data-id=\"c0ef55f\" data-element_type=\"container\" data-settings=\"{&quot;_ha_eqh_enable&quot;:false,&quot;ekit_has_onepagescroll_dot&quot;:&quot;yes&quot;}\">\n\t\t\t\t<div class=\"elementor-element elementor-element-f24382e elementor-widget elementor-widget-image\" data-id=\"f24382e\" data-element_type=\"widget\" data-settings=\"{&quot;ekit_we_effect_on&quot;:&quot;none&quot;}\" data-widget_type=\"image.default\">\n\t\t\t\t<div class=\"elementor-widget-container\">\n\t\t\t\t\t\t\t\t\t\t\t\t\t<img decoding=\"async\" width=\"670\" height=\"446\" src=\"https:\/\/ambulanceflight.com\/wp-content\/uploads\/2026\/01\/WhatsApp-Image-2026-01-23-at-13.46.50-2.jpeg\" class=\"attachment-large size-large wp-image-2926\" alt=\"\" srcset=\"https:\/\/ambulanceflight.com\/wp-content\/uploads\/2026\/01\/WhatsApp-Image-2026-01-23-at-13.46.50-2.jpeg 670w, https:\/\/ambulanceflight.com\/wp-content\/uploads\/2026\/01\/WhatsApp-Image-2026-01-23-at-13.46.50-2-300x200.jpeg 300w\" sizes=\"(max-width: 670px) 100vw, 670px\" \/>\t\t\t\t\t\t\t\t\t\t\t\t\t<\/div>\n\t\t\t\t<\/div>\n\t\t\t\t<\/div>\n\t\t\t\t<\/div>\n\t\t\t\t\t<\/div>\n\t\t\t\t<\/div>\n\t\t<div class=\"elementor-element elementor-element-b0d1563 e-flex e-con-boxed e-con e-parent\" data-id=\"b0d1563\" data-element_type=\"container\" data-settings=\"{&quot;background_background&quot;:&quot;classic&quot;,&quot;_ha_eqh_enable&quot;:false,&quot;ekit_has_onepagescroll_dot&quot;:&quot;yes&quot;}\">\n\t\t\t\t\t<div class=\"e-con-inner\">\n\t\t\t\t<div class=\"elementor-element elementor-element-6d150fc elementor-widget elementor-widget-text-editor\" data-id=\"6d150fc\" data-element_type=\"widget\" data-settings=\"{&quot;ekit_we_effect_on&quot;:&quot;none&quot;}\" data-widget_type=\"text-editor.default\">\n\t\t\t\t<div class=\"elementor-widget-container\">\n\t\t\t\t\t\t\t<p data-path-to-node=\"0\"> <\/p><p data-path-to-node=\"0\">Le <b data-path-to-node=\"0\" data-index-in-node=\"4\">Learjet 35<\/b> est un avion l\u00e9gendaire dans le monde du transport a\u00e9rom\u00e9dical, souvent appel\u00e9 le \u00ab cheval de bataille \u00bb de l\u2019industrie. Il est reconnu pour sa vitesse exceptionnelle et ses capacit\u00e9s de longue port\u00e9e, ce qui en fait l\u2019un des choix les plus efficaces pour les rapatriements m\u00e9dicaux internationaux. <\/p><p data-path-to-node=\"1\">La principale force du Learjet 35 r\u00e9side dans ses performances ; Il peut voler plus haut et plus vite que la plupart des avions de sa cat\u00e9gorie, ce qui lui permet de contourner les turbulences m\u00e9t\u00e9orologiques et d\u2019effectuer des transferts longue distance en beaucoup moins de temps. Cette rapidit\u00e9 est souvent un facteur critique lorsque chaque minute compte pour la r\u00e9cup\u00e9ration d\u2019un patient. <\/p><p data-path-to-node=\"1\"> <\/p><h3 data-path-to-node=\"3\">\u00c9quipement m\u00e9dical<\/h3><p data-path-to-node=\"4\">Malgr\u00e9 son profil a\u00e9rodynamique \u00e9l\u00e9gant, le Learjet 35 est configur\u00e9 comme une <b data-path-to-node=\"4\" data-index-in-node=\"73\">unit\u00e9 de soins intensifs (USI) pleinement fonctionnelle<\/b>. L\u2019\u00e9quipe m\u00e9dicale sp\u00e9cialis\u00e9e, g\u00e9n\u00e9ralement compos\u00e9e d\u2019un m\u00e9decin de vol et d\u2019une infirmi\u00e8re de vol, a un acc\u00e8s imm\u00e9diat \u00e0 tous les syst\u00e8mes de survie n\u00e9cessaires \u00e0 la m\u00e9decine en haute altitude. <\/p><ul data-path-to-node=\"5\"><li><p data-path-to-node=\"5,0,0\">Ventilateur de transport haut de gamme<\/p><\/li><li><p data-path-to-node=\"5,1,0\">Surveillance en soins intensifs (ECG, tension art\u00e9rielle invasive\/non invasive, SpO2)<\/p><\/li><li><p data-path-to-node=\"5,2,0\">D\u00e9fibrillateur et pacer cardiaque<\/p><\/li><li><p data-path-to-node=\"5,3,0\">Pompes d\u2019infusion multiples et chauffe-seringues<\/p><\/li><li><p data-path-to-node=\"5,4,0\">Unit\u00e9 d\u2019aspiration portable<\/p><\/li><li><p data-path-to-node=\"5,5,0\">Analyseur de gaz sanguin (EPOC)<\/p><\/li><li><p data-path-to-node=\"5,6,0\">Kit complet d\u2019urgence et de r\u00e9animation<\/p><\/li><li><p data-path-to-node=\"5,7,0\">Capacit\u00e9 pour un transport sp\u00e9cialis\u00e9 (incubateur ou ECMO)<\/p><\/li><li><p data-path-to-node=\"5,8,0\">Alimentation m\u00e9dicale d\u00e9di\u00e9e \u00e0 l\u2019oxyg\u00e8ne et \u00e0 l\u2019\u00e9lectricit\u00e9<\/p><\/li><\/ul><blockquote data-path-to-node=\"6\"><p data-path-to-node=\"6,0\"><i data-path-to-node=\"6,0\" data-index-in-node=\"0\">Note : La configuration m\u00e9dicale est toujours adapt\u00e9e en fonction de la pathologie du patient et de la complexit\u00e9 des soins n\u00e9cessaires pendant le vol.<\/i><\/p><\/blockquote><p data-path-to-node=\"6,0\"> <\/p><table data-path-to-node=\"9\"><thead><tr><td><strong><\/strong><\/td><td><strong>Sp\u00e9cification<\/strong> des caract\u00e9ristiques<\/td><\/tr><\/thead><tbody><tr><td><span data-path-to-node=\"9,1,0,0\"><b data-path-to-node=\"9,1,0,0\" data-index-in-node=\"0\">Vitesse de croisi\u00e8re<\/b><\/span><\/td><td><span data-path-to-node=\"9,1,1,0\">: environ 830 km\/h (450 n\u0153uds)<\/span><\/td><\/tr><tr><td><span data-path-to-node=\"9,2,0,0\"><b data-path-to-node=\"9,2,0,0\" data-index-in-node=\"0\">Autonomie<\/b><\/span><\/td><td><span data-path-to-node=\"9,2,1,0\">: environ 3 700 km (2 000 nm)<\/span><\/td><\/tr><tr><td><span data-path-to-node=\"9,3,0,0\"><b data-path-to-node=\"9,3,0,0\" data-index-in-node=\"0\">Moteurs<\/b><\/span><\/td><td><span data-path-to-node=\"9,3,1,0\">2 x Honeywell TFE731-2<\/span><\/td><\/tr><tr><td><span data-path-to-node=\"9,4,0,0\"><b data-path-to-node=\"9,4,0,0\" data-index-in-node=\"0\">Plafond de service<\/b><\/span><\/td><td><span data-path-to-node=\"9,4,1,0\">45 000 ft (13 716 m)<\/span><\/td><\/tr><tr><td><span data-path-to-node=\"9,5,0,0\"><b data-path-to-node=\"9,5,0,0\" data-index-in-node=\"0\">Avantage<\/b><\/span><\/td><td><span data-path-to-node=\"9,5,1,0\">cl\u00e9 : autonomie exceptionnelle et performances \u00e0 haute vitesse<\/span><\/td><\/tr><\/tbody><\/table>\t\t\t\t\t\t<\/div>\n\t\t\t\t<\/div>\n\t\t\t\t\t<\/div>\n\t\t\t\t<\/div>\n\t\t\t\t<\/div>\n\t\t","protected":false},"excerpt":{"rendered":"<p>Le Learjet 35 est un avion l\u00e9gendaire dans le monde du transport a\u00e9rom\u00e9dical, souvent appel\u00e9 le \u00ab cheval de bataille \u00bb de l\u2019industrie. Il est reconnu pour sa vitesse exceptionnelle et ses capacit\u00e9s de longue port\u00e9e, ce qui en fait l\u2019un des choix les plus efficaces pour les rapatriements m\u00e9dicaux internationaux. La principale force du [&hellip;]<\/p>\n","protected":false},"author":1,"featured_media":0,"parent":1523,"menu_order":0,"comment_status":"closed","ping_status":"closed","template":"","meta":{"footnotes":""},"class_list":["post-1830","page","type-page","status-publish","hentry"],"yoast_head":"<!-- This site is optimized with the Yoast SEO plugin v27.6 - https:\/\/yoast.com\/product\/yoast-seo-wordpress\/ -->\n<title>LearJet 35 - Services mondiaux d\u2019ambulance a\u00e9rienne<\/title>\n<meta name=\"robots\" content=\"index, follow, max-snippet:-1, max-image-preview:large, max-video-preview:-1\" \/>\n<link rel=\"canonical\" href=\"https:\/\/ambulanceflight.com\/fr\/flotte\/avions-legers\/learjet-35\/\" \/>\n<meta property=\"og:locale\" content=\"fr_FR\" \/>\n<meta property=\"og:type\" content=\"article\" \/>\n<meta property=\"og:title\" content=\"LearJet 35 - Services mondiaux d\u2019ambulance a\u00e9rienne\" \/>\n<meta property=\"og:description\" content=\"Le Learjet 35 est un avion l\u00e9gendaire dans le monde du transport a\u00e9rom\u00e9dical, souvent appel\u00e9 le \u00ab cheval de bataille \u00bb de l\u2019industrie. Il est reconnu pour sa vitesse exceptionnelle et ses capacit\u00e9s de longue port\u00e9e, ce qui en fait l\u2019un des choix les plus efficaces pour les rapatriements m\u00e9dicaux internationaux. La principale force du [&hellip;]\" \/>\n<meta property=\"og:url\" content=\"https:\/\/ambulanceflight.com\/fr\/flotte\/avions-legers\/learjet-35\/\" \/>\n<meta property=\"og:site_name\" content=\"Services mondiaux d\u2019ambulance a\u00e9rienne\" \/>\n<meta property=\"article:modified_time\" content=\"2026-04-15T14:22:04+00:00\" \/>\n<meta property=\"og:image\" content=\"http:\/\/ambulanceflight.com\/wp-content\/uploads\/2026\/01\/WhatsApp-Image-2026-01-23-at-13.46.50-1024x683.jpeg\" \/>\n<meta name=\"twitter:card\" content=\"summary_large_image\" \/>\n<meta name=\"twitter:label1\" content=\"Dur\u00e9e de lecture estim\u00e9e\" \/>\n\t<meta name=\"twitter:data1\" content=\"2 minutes\" \/>\n<script type=\"application\/ld+json\" class=\"yoast-schema-graph\">{\"@context\":\"https:\\\/\\\/schema.org\",\"@graph\":[{\"@type\":\"WebPage\",\"@id\":\"https:\\\/\\\/ambulanceflight.com\\\/fr\\\/flotte\\\/avions-legers\\\/learjet-35\\\/\",\"url\":\"https:\\\/\\\/ambulanceflight.com\\\/fr\\\/flotte\\\/avions-legers\\\/learjet-35\\\/\",\"name\":\"LearJet 35 - Services mondiaux d\u2019ambulance a\u00e9rienne\",\"isPartOf\":{\"@id\":\"https:\\\/\\\/ambulanceflight.com\\\/fr\\\/#website\"},\"primaryImageOfPage\":{\"@id\":\"https:\\\/\\\/ambulanceflight.com\\\/fr\\\/flotte\\\/avions-legers\\\/learjet-35\\\/#primaryimage\"},\"image\":{\"@id\":\"https:\\\/\\\/ambulanceflight.com\\\/fr\\\/flotte\\\/avions-legers\\\/learjet-35\\\/#primaryimage\"},\"thumbnailUrl\":\"http:\\\/\\\/ambulanceflight.com\\\/wp-content\\\/uploads\\\/2026\\\/01\\\/WhatsApp-Image-2026-01-23-at-13.46.50-1024x683.jpeg\",\"datePublished\":\"2025-12-31T09:17:18+00:00\",\"dateModified\":\"2026-04-15T14:22:04+00:00\",\"breadcrumb\":{\"@id\":\"https:\\\/\\\/ambulanceflight.com\\\/fr\\\/flotte\\\/avions-legers\\\/learjet-35\\\/#breadcrumb\"},\"inLanguage\":\"fr-FR\",\"potentialAction\":[{\"@type\":\"ReadAction\",\"target\":[\"https:\\\/\\\/ambulanceflight.com\\\/fr\\\/flotte\\\/avions-legers\\\/learjet-35\\\/\"]}]},{\"@type\":\"ImageObject\",\"inLanguage\":\"fr-FR\",\"@id\":\"https:\\\/\\\/ambulanceflight.com\\\/fr\\\/flotte\\\/avions-legers\\\/learjet-35\\\/#primaryimage\",\"url\":\"http:\\\/\\\/ambulanceflight.com\\\/wp-content\\\/uploads\\\/2026\\\/01\\\/WhatsApp-Image-2026-01-23-at-13.46.50-1024x683.jpeg\",\"contentUrl\":\"http:\\\/\\\/ambulanceflight.com\\\/wp-content\\\/uploads\\\/2026\\\/01\\\/WhatsApp-Image-2026-01-23-at-13.46.50-1024x683.jpeg\"},{\"@type\":\"BreadcrumbList\",\"@id\":\"https:\\\/\\\/ambulanceflight.com\\\/fr\\\/flotte\\\/avions-legers\\\/learjet-35\\\/#breadcrumb\",\"itemListElement\":[{\"@type\":\"ListItem\",\"position\":1,\"name\":\"Home\",\"item\":\"https:\\\/\\\/ambulanceflight.com\\\/fr\\\/\"},{\"@type\":\"ListItem\",\"position\":2,\"name\":\"Flotte\",\"item\":\"https:\\\/\\\/ambulanceflight.com\\\/fr\\\/fleet\\\/\"},{\"@type\":\"ListItem\",\"position\":3,\"name\":\"Avions l\u00e9gers\",\"item\":\"https:\\\/\\\/ambulanceflight.com\\\/fr\\\/fleet\\\/light-jets\\\/\"},{\"@type\":\"ListItem\",\"position\":4,\"name\":\"LearJet 35\"}]},{\"@type\":\"WebSite\",\"@id\":\"https:\\\/\\\/ambulanceflight.com\\\/fr\\\/#website\",\"url\":\"https:\\\/\\\/ambulanceflight.com\\\/fr\\\/\",\"name\":\"Services mondiaux d\u2019ambulance a\u00e9rienne\",\"description\":\"Des transferts rapides, s\u00fbrs et enti\u00e8rement \u00e9quip\u00e9s en ambulance a\u00e9rienne pour les patients partout dans le monde.\",\"potentialAction\":[{\"@type\":\"SearchAction\",\"target\":{\"@type\":\"EntryPoint\",\"urlTemplate\":\"https:\\\/\\\/ambulanceflight.com\\\/fr\\\/?s={search_term_string}\"},\"query-input\":{\"@type\":\"PropertyValueSpecification\",\"valueRequired\":true,\"valueName\":\"search_term_string\"}}],\"inLanguage\":\"fr-FR\"}]}<\/script>\n<!-- \/ Yoast SEO plugin. -->","yoast_head_json":{"title":"LearJet 35 - Services mondiaux d\u2019ambulance a\u00e9rienne","robots":{"index":"index","follow":"follow","max-snippet":"max-snippet:-1","max-image-preview":"max-image-preview:large","max-video-preview":"max-video-preview:-1"},"canonical":"https:\/\/ambulanceflight.com\/fr\/flotte\/avions-legers\/learjet-35\/","og_locale":"fr_FR","og_type":"article","og_title":"LearJet 35 - Services mondiaux d\u2019ambulance a\u00e9rienne","og_description":"Le Learjet 35 est un avion l\u00e9gendaire dans le monde du transport a\u00e9rom\u00e9dical, souvent appel\u00e9 le \u00ab cheval de bataille \u00bb de l\u2019industrie. Il est reconnu pour sa vitesse exceptionnelle et ses capacit\u00e9s de longue port\u00e9e, ce qui en fait l\u2019un des choix les plus efficaces pour les rapatriements m\u00e9dicaux internationaux. La principale force du [&hellip;]","og_url":"https:\/\/ambulanceflight.com\/fr\/flotte\/avions-legers\/learjet-35\/","og_site_name":"Services mondiaux d\u2019ambulance a\u00e9rienne","article_modified_time":"2026-04-15T14:22:04+00:00","og_image":[{"url":"http:\/\/ambulanceflight.com\/wp-content\/uploads\/2026\/01\/WhatsApp-Image-2026-01-23-at-13.46.50-1024x683.jpeg","type":"","width":"","height":""}],"twitter_card":"summary_large_image","twitter_misc":{"Dur\u00e9e de lecture estim\u00e9e":"2 minutes"},"schema":{"@context":"https:\/\/schema.org","@graph":[{"@type":"WebPage","@id":"https:\/\/ambulanceflight.com\/fr\/flotte\/avions-legers\/learjet-35\/","url":"https:\/\/ambulanceflight.com\/fr\/flotte\/avions-legers\/learjet-35\/","name":"LearJet 35 - Services mondiaux d\u2019ambulance a\u00e9rienne","isPartOf":{"@id":"https:\/\/ambulanceflight.com\/fr\/#website"},"primaryImageOfPage":{"@id":"https:\/\/ambulanceflight.com\/fr\/flotte\/avions-legers\/learjet-35\/#primaryimage"},"image":{"@id":"https:\/\/ambulanceflight.com\/fr\/flotte\/avions-legers\/learjet-35\/#primaryimage"},"thumbnailUrl":"http:\/\/ambulanceflight.com\/wp-content\/uploads\/2026\/01\/WhatsApp-Image-2026-01-23-at-13.46.50-1024x683.jpeg","datePublished":"2025-12-31T09:17:18+00:00","dateModified":"2026-04-15T14:22:04+00:00","breadcrumb":{"@id":"https:\/\/ambulanceflight.com\/fr\/flotte\/avions-legers\/learjet-35\/#breadcrumb"},"inLanguage":"fr-FR","potentialAction":[{"@type":"ReadAction","target":["https:\/\/ambulanceflight.com\/fr\/flotte\/avions-legers\/learjet-35\/"]}]},{"@type":"ImageObject","inLanguage":"fr-FR","@id":"https:\/\/ambulanceflight.com\/fr\/flotte\/avions-legers\/learjet-35\/#primaryimage","url":"http:\/\/ambulanceflight.com\/wp-content\/uploads\/2026\/01\/WhatsApp-Image-2026-01-23-at-13.46.50-1024x683.jpeg","contentUrl":"http:\/\/ambulanceflight.com\/wp-content\/uploads\/2026\/01\/WhatsApp-Image-2026-01-23-at-13.46.50-1024x683.jpeg"},{"@type":"BreadcrumbList","@id":"https:\/\/ambulanceflight.com\/fr\/flotte\/avions-legers\/learjet-35\/#breadcrumb","itemListElement":[{"@type":"ListItem","position":1,"name":"Home","item":"https:\/\/ambulanceflight.com\/fr\/"},{"@type":"ListItem","position":2,"name":"Flotte","item":"https:\/\/ambulanceflight.com\/fr\/fleet\/"},{"@type":"ListItem","position":3,"name":"Avions l\u00e9gers","item":"https:\/\/ambulanceflight.com\/fr\/fleet\/light-jets\/"},{"@type":"ListItem","position":4,"name":"LearJet 35"}]},{"@type":"WebSite","@id":"https:\/\/ambulanceflight.com\/fr\/#website","url":"https:\/\/ambulanceflight.com\/fr\/","name":"Services mondiaux d\u2019ambulance a\u00e9rienne","description":"Des transferts rapides, s\u00fbrs et enti\u00e8rement \u00e9quip\u00e9s en ambulance a\u00e9rienne pour les patients partout dans le monde.","potentialAction":[{"@type":"SearchAction","target":{"@type":"EntryPoint","urlTemplate":"https:\/\/ambulanceflight.com\/fr\/?s={search_term_string}"},"query-input":{"@type":"PropertyValueSpecification","valueRequired":true,"valueName":"search_term_string"}}],"inLanguage":"fr-FR"}]}},"_links":{"self":[{"href":"https:\/\/ambulanceflight.com\/fr\/wp-json\/wp\/v2\/pages\/1830","targetHints":{"allow":["GET"]}}],"collection":[{"href":"https:\/\/ambulanceflight.com\/fr\/wp-json\/wp\/v2\/pages"}],"about":[{"href":"https:\/\/ambulanceflight.com\/fr\/wp-json\/wp\/v2\/types\/page"}],"author":[{"embeddable":true,"href":"https:\/\/ambulanceflight.com\/fr\/wp-json\/wp\/v2\/users\/1"}],"replies":[{"embeddable":true,"href":"https:\/\/ambulanceflight.com\/fr\/wp-json\/wp\/v2\/comments?post=1830"}],"version-history":[{"count":4,"href":"https:\/\/ambulanceflight.com\/fr\/wp-json\/wp\/v2\/pages\/1830\/revisions"}],"predecessor-version":[{"id":2927,"href":"https:\/\/ambulanceflight.com\/fr\/wp-json\/wp\/v2\/pages\/1830\/revisions\/2927"}],"up":[{"embeddable":true,"href":"https:\/\/ambulanceflight.com\/fr\/wp-json\/wp\/v2\/pages\/1523"}],"wp:attachment":[{"href":"https:\/\/ambulanceflight.com\/fr\/wp-json\/wp\/v2\/media?parent=1830"}],"curies":[{"name":"wp","href":"https:\/\/api.w.org\/{rel}","templated":true}]}}