{"id":1727,"date":"2025-12-31T08:40:33","date_gmt":"2025-12-31T08:40:33","guid":{"rendered":"https:\/\/ambulanceflight.com\/piaggio\/"},"modified":"2026-01-23T12:37:21","modified_gmt":"2026-01-23T12:37:21","slug":"piaggio","status":"publish","type":"page","link":"https:\/\/ambulanceflight.com\/fr\/flotte\/turbopropulseur\/piaggio\/","title":{"rendered":"Piaggio"},"content":{"rendered":"\t\t<div data-elementor-type=\"wp-page\" data-elementor-id=\"1727\" class=\"elementor elementor-1727 elementor-1725\" data-elementor-settings=\"{&quot;ha_cmc_init_switcher&quot;:&quot;no&quot;}\" data-elementor-post-type=\"page\">\n\t\t\t\t<div class=\"elementor-element elementor-element-f7eba07 e-flex e-con-boxed e-con e-parent\" data-id=\"f7eba07\" data-element_type=\"container\" data-settings=\"{&quot;_ha_eqh_enable&quot;:false,&quot;ekit_has_onepagescroll_dot&quot;:&quot;yes&quot;}\">\n\t\t\t\t\t<div class=\"e-con-inner\">\n\t\t<div class=\"elementor-element elementor-element-48e8397 e-con-full e-flex e-con e-child\" data-id=\"48e8397\" data-element_type=\"container\" data-settings=\"{&quot;_ha_eqh_enable&quot;:false,&quot;ekit_has_onepagescroll_dot&quot;:&quot;yes&quot;}\">\n\t\t\t\t<div class=\"elementor-element elementor-element-8688030 elementor-widget elementor-widget-spacer\" data-id=\"8688030\" data-element_type=\"widget\" data-settings=\"{&quot;ekit_we_effect_on&quot;:&quot;none&quot;}\" data-widget_type=\"spacer.default\">\n\t\t\t\t<div class=\"elementor-widget-container\">\n\t\t\t\t\t<div class=\"elementor-spacer\">\n\t\t\t<div class=\"elementor-spacer-inner\"><\/div>\n\t\t<\/div>\n\t\t\t\t<\/div>\n\t\t\t\t<\/div>\n\t\t\t\t<div class=\"elementor-element elementor-element-c7ae5b6 elementor-widget elementor-widget-spacer\" data-id=\"c7ae5b6\" data-element_type=\"widget\" data-settings=\"{&quot;ekit_we_effect_on&quot;:&quot;none&quot;}\" data-widget_type=\"spacer.default\">\n\t\t\t\t<div class=\"elementor-widget-container\">\n\t\t\t\t\t<div class=\"elementor-spacer\">\n\t\t\t<div class=\"elementor-spacer-inner\"><\/div>\n\t\t<\/div>\n\t\t\t\t<\/div>\n\t\t\t\t<\/div>\n\t\t\t\t<div class=\"elementor-element elementor-element-44a113d elementor-widget elementor-widget-image\" data-id=\"44a113d\" data-element_type=\"widget\" data-settings=\"{&quot;ekit_we_effect_on&quot;:&quot;none&quot;}\" data-widget_type=\"image.default\">\n\t\t\t\t<div class=\"elementor-widget-container\">\n\t\t\t\t\t\t\t\t\t\t\t\t\t<img fetchpriority=\"high\" decoding=\"async\" width=\"800\" height=\"450\" src=\"https:\/\/ambulanceflight.com\/wp-content\/uploads\/2025\/12\/piaggio-p180-avanti-ii.jpg-1024x576.webp\" class=\"attachment-large size-large wp-image-1738\" alt=\"\" srcset=\"https:\/\/ambulanceflight.com\/wp-content\/uploads\/2025\/12\/piaggio-p180-avanti-ii.jpg-1024x576.webp 1024w, https:\/\/ambulanceflight.com\/wp-content\/uploads\/2025\/12\/piaggio-p180-avanti-ii.jpg-300x169.webp 300w, https:\/\/ambulanceflight.com\/wp-content\/uploads\/2025\/12\/piaggio-p180-avanti-ii.jpg-768x432.webp 768w, https:\/\/ambulanceflight.com\/wp-content\/uploads\/2025\/12\/piaggio-p180-avanti-ii.jpg-1536x864.webp 1536w, https:\/\/ambulanceflight.com\/wp-content\/uploads\/2025\/12\/piaggio-p180-avanti-ii.jpg.webp 1600w\" sizes=\"(max-width: 800px) 100vw, 800px\" \/>\t\t\t\t\t\t\t\t\t\t\t\t\t<\/div>\n\t\t\t\t<\/div>\n\t\t\t\t<\/div>\n\t\t<div class=\"elementor-element elementor-element-a2d27df e-con-full e-flex e-con e-child\" data-id=\"a2d27df\" data-element_type=\"container\" data-settings=\"{&quot;_ha_eqh_enable&quot;:false,&quot;ekit_has_onepagescroll_dot&quot;:&quot;yes&quot;}\">\n\t\t<div class=\"elementor-element elementor-element-04d09e7 e-con-full e-flex e-con e-child\" data-id=\"04d09e7\" data-element_type=\"container\" data-settings=\"{&quot;_ha_eqh_enable&quot;:false,&quot;ekit_has_onepagescroll_dot&quot;:&quot;yes&quot;}\">\n\t\t\t\t<div class=\"elementor-element elementor-element-e62306f elementor-widget elementor-widget-spacer\" data-id=\"e62306f\" data-element_type=\"widget\" data-settings=\"{&quot;ekit_we_effect_on&quot;:&quot;none&quot;}\" data-widget_type=\"spacer.default\">\n\t\t\t\t<div class=\"elementor-widget-container\">\n\t\t\t\t\t<div class=\"elementor-spacer\">\n\t\t\t<div class=\"elementor-spacer-inner\"><\/div>\n\t\t<\/div>\n\t\t\t\t<\/div>\n\t\t\t\t<\/div>\n\t\t\t\t<div class=\"elementor-element elementor-element-55d089e elementor-widget elementor-widget-image\" data-id=\"55d089e\" data-element_type=\"widget\" data-settings=\"{&quot;ekit_we_effect_on&quot;:&quot;none&quot;}\" data-widget_type=\"image.default\">\n\t\t\t\t<div class=\"elementor-widget-container\">\n\t\t\t\t\t\t\t\t\t\t\t\t\t<img decoding=\"async\" width=\"800\" height=\"370\" src=\"https:\/\/ambulanceflight.com\/wp-content\/uploads\/2025\/12\/20230619_095322-scaled-1-1024x473.jpg\" class=\"attachment-large size-large wp-image-1735\" alt=\"\" srcset=\"https:\/\/ambulanceflight.com\/wp-content\/uploads\/2025\/12\/20230619_095322-scaled-1-1024x473.jpg 1024w, https:\/\/ambulanceflight.com\/wp-content\/uploads\/2025\/12\/20230619_095322-scaled-1-300x139.jpg 300w, https:\/\/ambulanceflight.com\/wp-content\/uploads\/2025\/12\/20230619_095322-scaled-1-768x355.jpg 768w, https:\/\/ambulanceflight.com\/wp-content\/uploads\/2025\/12\/20230619_095322-scaled-1-1536x710.jpg 1536w, https:\/\/ambulanceflight.com\/wp-content\/uploads\/2025\/12\/20230619_095322-scaled-1-2048x946.jpg 2048w\" sizes=\"(max-width: 800px) 100vw, 800px\" \/>\t\t\t\t\t\t\t\t\t\t\t\t\t<\/div>\n\t\t\t\t<\/div>\n\t\t\t\t<\/div>\n\t\t<div class=\"elementor-element elementor-element-30d1a2b e-con-full e-flex e-con e-child\" data-id=\"30d1a2b\" data-element_type=\"container\" data-settings=\"{&quot;_ha_eqh_enable&quot;:false,&quot;ekit_has_onepagescroll_dot&quot;:&quot;yes&quot;}\">\n\t\t\t\t<div class=\"elementor-element elementor-element-243275a elementor-widget elementor-widget-image\" data-id=\"243275a\" data-element_type=\"widget\" data-settings=\"{&quot;ekit_we_effect_on&quot;:&quot;none&quot;}\" data-widget_type=\"image.default\">\n\t\t\t\t<div class=\"elementor-widget-container\">\n\t\t\t\t\t\t\t\t\t\t\t\t\t<img decoding=\"async\" width=\"800\" height=\"370\" src=\"https:\/\/ambulanceflight.com\/wp-content\/uploads\/2026\/01\/20230619_095249-scaled-1-1024x473.jpg\" class=\"attachment-large size-large wp-image-2891\" alt=\"\" srcset=\"https:\/\/ambulanceflight.com\/wp-content\/uploads\/2026\/01\/20230619_095249-scaled-1-1024x473.jpg 1024w, https:\/\/ambulanceflight.com\/wp-content\/uploads\/2026\/01\/20230619_095249-scaled-1-300x139.jpg 300w, https:\/\/ambulanceflight.com\/wp-content\/uploads\/2026\/01\/20230619_095249-scaled-1-768x355.jpg 768w, https:\/\/ambulanceflight.com\/wp-content\/uploads\/2026\/01\/20230619_095249-scaled-1-1536x710.jpg 1536w, https:\/\/ambulanceflight.com\/wp-content\/uploads\/2026\/01\/20230619_095249-scaled-1-2048x946.jpg 2048w\" sizes=\"(max-width: 800px) 100vw, 800px\" \/>\t\t\t\t\t\t\t\t\t\t\t\t\t<\/div>\n\t\t\t\t<\/div>\n\t\t\t\t<\/div>\n\t\t\t\t<\/div>\n\t\t\t\t\t<\/div>\n\t\t\t\t<\/div>\n\t\t<div class=\"elementor-element elementor-element-557f091 e-flex e-con-boxed e-con e-parent\" data-id=\"557f091\" data-element_type=\"container\" data-settings=\"{&quot;background_background&quot;:&quot;classic&quot;,&quot;_ha_eqh_enable&quot;:false,&quot;ekit_has_onepagescroll_dot&quot;:&quot;yes&quot;}\">\n\t\t\t\t\t<div class=\"e-con-inner\">\n\t\t\t\t<div class=\"elementor-element elementor-element-39826a4 elementor-widget elementor-widget-text-editor\" data-id=\"39826a4\" data-element_type=\"widget\" data-settings=\"{&quot;ekit_we_effect_on&quot;:&quot;none&quot;}\" data-widget_type=\"text-editor.default\">\n\t\t\t\t<div class=\"elementor-widget-container\">\n\t\t\t\t\t\t\t<p data-path-to-node=\"12\"> <\/p><p data-path-to-node=\"12\"> <\/p><p data-path-to-node=\"12\">La <b data-path-to-node=\"12\" data-index-in-node=\"4\">Piaggio P.180 Avanti<\/b> est souvent surnomm\u00e9e la \u00ab Ferrari du ciel \u00bb en raison de son design futuriste et de sa vitesse exceptionnelle. Dans le domaine m\u00e9dical, il repr\u00e9sente l\u2019efficacit\u00e9 ultime, combinant des vitesses de r\u00e9action \u00e0 r\u00e9action avec la rentabilit\u00e9 et la flexibilit\u00e9 d\u2019un turbopropulseur. Sa cabine spacieuse \u2014 la plus haute de sa cat\u00e9gorie \u2014 offre un environnement de soins optimal pour les patients et le personnel m\u00e9dical.  <\/p><p data-path-to-node=\"13\">Gr\u00e2ce \u00e0 ses moteurs \u00ab pousseurs \u00bb orient\u00e9s vers l\u2019arri\u00e8re et \u00e0 sa conception unique \u00e0 trois surfaces portantes, le P.180 est l\u2019un des avions les plus silencieux et les plus stables disponibles, r\u00e9duisant consid\u00e9rablement le stress des patients lors des transferts longue distance.<\/p><h4 data-path-to-node=\"14\"> <\/h4><h4 data-path-to-node=\"14\"><b data-path-to-node=\"14\" data-index-in-node=\"0\">Donn\u00e9es techniques :<\/b><\/h4><ul data-path-to-node=\"15\"><li><p data-path-to-node=\"15,0,0\"><b data-path-to-node=\"15,0,0\" data-index-in-node=\"0\">Vitesse de croisi\u00e8re :<\/b> environ 740 km\/h (400 n\u0153uds) <\/p><\/li><li><p data-path-to-node=\"15,1,0\"><b data-path-to-node=\"15,1,0\" data-index-in-node=\"0\">Autonomie :<\/b> 2 800 km<\/p><\/li><li><p data-path-to-node=\"15,2,0\"><b data-path-to-node=\"15,2,0\" data-index-in-node=\"0\">Moteurs :<\/b> 2 x Pratt &amp; Whitney PT6A-66<\/p><\/li><li><p data-path-to-node=\"15,3,0\"><b data-path-to-node=\"15,3,0\" data-index-in-node=\"0\">Altitude maximale :<\/b> 41 000 pieds (12 500 m)<\/p><\/li><\/ul><p> <\/p><table data-path-to-node=\"2\"><thead><tr><td><strong><\/strong><\/td><td><strong>Sp\u00e9cification<\/strong> des caract\u00e9ristiques<\/td><\/tr><\/thead><tbody><tr><td><span data-path-to-node=\"2,1,0,0\"><b data-path-to-node=\"2,1,0,0\" data-index-in-node=\"0\">Vitesse de croisi\u00e8re<\/b><\/span><\/td><td><span data-path-to-node=\"2,1,1,0\">: environ 740 km\/h (400 n\u0153uds)<\/span><\/td><\/tr><tr><td><span data-path-to-node=\"2,2,0,0\"><b data-path-to-node=\"2,2,0,0\" data-index-in-node=\"0\">Port\u00e9e<\/b><\/span><\/td><td><span data-path-to-node=\"2,2,1,0\">: environ 2 800 km (1 510 nm)<\/span><\/td><\/tr><tr><td><span data-path-to-node=\"2,3,0,0\"><b data-path-to-node=\"2,3,0,0\" data-index-in-node=\"0\">Moteurs<\/b><\/span><\/td><td><span data-path-to-node=\"2,3,1,0\">: 2 x Pratt &amp; Whitney PT6A-66<\/span><\/td><\/tr><tr><td><span data-path-to-node=\"2,4,0,0\"><b data-path-to-node=\"2,4,0,0\" data-index-in-node=\"0\">Plafond de service<\/b><\/span><\/td><td><span data-path-to-node=\"2,4,1,0\">41 000 ft (12 500 m)<\/span><\/td><\/tr><tr><td><span data-path-to-node=\"2,5,0,0\"><b data-path-to-node=\"2,5,0,0\" data-index-in-node=\"0\">Avantage<\/b><\/span><\/td><td><span data-path-to-node=\"2,5,1,0\">cl\u00e9 : Habitacle \u00ab debout \u00bb extr\u00eamement silencieux et spacieux<\/span><\/td><\/tr><\/tbody><\/table>\t\t\t\t\t\t<\/div>\n\t\t\t\t<\/div>\n\t\t\t\t\t<\/div>\n\t\t\t\t<\/div>\n\t\t\t\t<\/div>\n\t\t","protected":false},"excerpt":{"rendered":"<p>La Piaggio P.180 Avanti est souvent surnomm\u00e9e la \u00ab Ferrari du ciel \u00bb en raison de son design futuriste et de sa vitesse exceptionnelle. Dans le domaine m\u00e9dical, il repr\u00e9sente l\u2019efficacit\u00e9 ultime, combinant des vitesses de r\u00e9action \u00e0 r\u00e9action avec la rentabilit\u00e9 et la flexibilit\u00e9 d\u2019un turbopropulseur. Sa cabine spacieuse \u2014 la plus haute de [&hellip;]<\/p>\n","protected":false},"author":1,"featured_media":0,"parent":1473,"menu_order":0,"comment_status":"closed","ping_status":"closed","template":"","meta":{"footnotes":""},"class_list":["post-1727","page","type-page","status-publish","hentry"],"yoast_head":"<!-- This site is optimized with the Yoast SEO plugin v27.6 - https:\/\/yoast.com\/product\/yoast-seo-wordpress\/ -->\n<title>Piaggio - Services mondiaux d\u2019ambulance a\u00e9rienne<\/title>\n<meta name=\"robots\" content=\"index, follow, max-snippet:-1, max-image-preview:large, max-video-preview:-1\" \/>\n<link rel=\"canonical\" href=\"https:\/\/ambulanceflight.com\/fr\/flotte\/turbopropulseur\/piaggio\/\" \/>\n<meta property=\"og:locale\" content=\"fr_FR\" \/>\n<meta property=\"og:type\" content=\"article\" \/>\n<meta property=\"og:title\" content=\"Piaggio - Services mondiaux d\u2019ambulance a\u00e9rienne\" \/>\n<meta property=\"og:description\" content=\"La Piaggio P.180 Avanti est souvent surnomm\u00e9e la \u00ab Ferrari du ciel \u00bb en raison de son design futuriste et de sa vitesse exceptionnelle. Dans le domaine m\u00e9dical, il repr\u00e9sente l\u2019efficacit\u00e9 ultime, combinant des vitesses de r\u00e9action \u00e0 r\u00e9action avec la rentabilit\u00e9 et la flexibilit\u00e9 d\u2019un turbopropulseur. Sa cabine spacieuse \u2014 la plus haute de [&hellip;]\" \/>\n<meta property=\"og:url\" content=\"https:\/\/ambulanceflight.com\/fr\/flotte\/turbopropulseur\/piaggio\/\" \/>\n<meta property=\"og:site_name\" content=\"Services mondiaux d\u2019ambulance a\u00e9rienne\" \/>\n<meta property=\"article:modified_time\" content=\"2026-01-23T12:37:21+00:00\" \/>\n<meta property=\"og:image\" content=\"http:\/\/ambulanceflight.com\/wp-content\/uploads\/2025\/12\/piaggio-p180-avanti-ii.jpg-1024x576.webp\" \/>\n<meta name=\"twitter:card\" content=\"summary_large_image\" \/>\n<meta name=\"twitter:label1\" content=\"Dur\u00e9e de lecture estim\u00e9e\" \/>\n\t<meta name=\"twitter:data1\" content=\"1 minute\" \/>\n<script type=\"application\/ld+json\" class=\"yoast-schema-graph\">{\"@context\":\"https:\\\/\\\/schema.org\",\"@graph\":[{\"@type\":\"WebPage\",\"@id\":\"https:\\\/\\\/ambulanceflight.com\\\/fr\\\/flotte\\\/turbopropulseur\\\/piaggio\\\/\",\"url\":\"https:\\\/\\\/ambulanceflight.com\\\/fr\\\/flotte\\\/turbopropulseur\\\/piaggio\\\/\",\"name\":\"Piaggio - Services mondiaux d\u2019ambulance a\u00e9rienne\",\"isPartOf\":{\"@id\":\"https:\\\/\\\/ambulanceflight.com\\\/fr\\\/#website\"},\"primaryImageOfPage\":{\"@id\":\"https:\\\/\\\/ambulanceflight.com\\\/fr\\\/flotte\\\/turbopropulseur\\\/piaggio\\\/#primaryimage\"},\"image\":{\"@id\":\"https:\\\/\\\/ambulanceflight.com\\\/fr\\\/flotte\\\/turbopropulseur\\\/piaggio\\\/#primaryimage\"},\"thumbnailUrl\":\"http:\\\/\\\/ambulanceflight.com\\\/wp-content\\\/uploads\\\/2025\\\/12\\\/piaggio-p180-avanti-ii.jpg-1024x576.webp\",\"datePublished\":\"2025-12-31T08:40:33+00:00\",\"dateModified\":\"2026-01-23T12:37:21+00:00\",\"breadcrumb\":{\"@id\":\"https:\\\/\\\/ambulanceflight.com\\\/fr\\\/flotte\\\/turbopropulseur\\\/piaggio\\\/#breadcrumb\"},\"inLanguage\":\"fr-FR\",\"potentialAction\":[{\"@type\":\"ReadAction\",\"target\":[\"https:\\\/\\\/ambulanceflight.com\\\/fr\\\/flotte\\\/turbopropulseur\\\/piaggio\\\/\"]}]},{\"@type\":\"ImageObject\",\"inLanguage\":\"fr-FR\",\"@id\":\"https:\\\/\\\/ambulanceflight.com\\\/fr\\\/flotte\\\/turbopropulseur\\\/piaggio\\\/#primaryimage\",\"url\":\"http:\\\/\\\/ambulanceflight.com\\\/wp-content\\\/uploads\\\/2025\\\/12\\\/piaggio-p180-avanti-ii.jpg-1024x576.webp\",\"contentUrl\":\"http:\\\/\\\/ambulanceflight.com\\\/wp-content\\\/uploads\\\/2025\\\/12\\\/piaggio-p180-avanti-ii.jpg-1024x576.webp\"},{\"@type\":\"BreadcrumbList\",\"@id\":\"https:\\\/\\\/ambulanceflight.com\\\/fr\\\/flotte\\\/turbopropulseur\\\/piaggio\\\/#breadcrumb\",\"itemListElement\":[{\"@type\":\"ListItem\",\"position\":1,\"name\":\"Home\",\"item\":\"https:\\\/\\\/ambulanceflight.com\\\/fr\\\/\"},{\"@type\":\"ListItem\",\"position\":2,\"name\":\"Flotte\",\"item\":\"https:\\\/\\\/ambulanceflight.com\\\/fr\\\/fleet\\\/\"},{\"@type\":\"ListItem\",\"position\":3,\"name\":\"Turbopropulseur\",\"item\":\"https:\\\/\\\/ambulanceflight.com\\\/fr\\\/fleet\\\/turboprop\\\/\"},{\"@type\":\"ListItem\",\"position\":4,\"name\":\"Piaggio\"}]},{\"@type\":\"WebSite\",\"@id\":\"https:\\\/\\\/ambulanceflight.com\\\/fr\\\/#website\",\"url\":\"https:\\\/\\\/ambulanceflight.com\\\/fr\\\/\",\"name\":\"Services mondiaux d\u2019ambulance a\u00e9rienne\",\"description\":\"Des transferts rapides, s\u00fbrs et enti\u00e8rement \u00e9quip\u00e9s en ambulance a\u00e9rienne pour les patients partout dans le monde.\",\"potentialAction\":[{\"@type\":\"SearchAction\",\"target\":{\"@type\":\"EntryPoint\",\"urlTemplate\":\"https:\\\/\\\/ambulanceflight.com\\\/fr\\\/?s={search_term_string}\"},\"query-input\":{\"@type\":\"PropertyValueSpecification\",\"valueRequired\":true,\"valueName\":\"search_term_string\"}}],\"inLanguage\":\"fr-FR\"}]}<\/script>\n<!-- \/ Yoast SEO plugin. -->","yoast_head_json":{"title":"Piaggio - Services mondiaux d\u2019ambulance a\u00e9rienne","robots":{"index":"index","follow":"follow","max-snippet":"max-snippet:-1","max-image-preview":"max-image-preview:large","max-video-preview":"max-video-preview:-1"},"canonical":"https:\/\/ambulanceflight.com\/fr\/flotte\/turbopropulseur\/piaggio\/","og_locale":"fr_FR","og_type":"article","og_title":"Piaggio - Services mondiaux d\u2019ambulance a\u00e9rienne","og_description":"La Piaggio P.180 Avanti est souvent surnomm\u00e9e la \u00ab Ferrari du ciel \u00bb en raison de son design futuriste et de sa vitesse exceptionnelle. Dans le domaine m\u00e9dical, il repr\u00e9sente l\u2019efficacit\u00e9 ultime, combinant des vitesses de r\u00e9action \u00e0 r\u00e9action avec la rentabilit\u00e9 et la flexibilit\u00e9 d\u2019un turbopropulseur. Sa cabine spacieuse \u2014 la plus haute de [&hellip;]","og_url":"https:\/\/ambulanceflight.com\/fr\/flotte\/turbopropulseur\/piaggio\/","og_site_name":"Services mondiaux d\u2019ambulance a\u00e9rienne","article_modified_time":"2026-01-23T12:37:21+00:00","og_image":[{"url":"http:\/\/ambulanceflight.com\/wp-content\/uploads\/2025\/12\/piaggio-p180-avanti-ii.jpg-1024x576.webp","type":"","width":"","height":""}],"twitter_card":"summary_large_image","twitter_misc":{"Dur\u00e9e de lecture estim\u00e9e":"1 minute"},"schema":{"@context":"https:\/\/schema.org","@graph":[{"@type":"WebPage","@id":"https:\/\/ambulanceflight.com\/fr\/flotte\/turbopropulseur\/piaggio\/","url":"https:\/\/ambulanceflight.com\/fr\/flotte\/turbopropulseur\/piaggio\/","name":"Piaggio - Services mondiaux d\u2019ambulance a\u00e9rienne","isPartOf":{"@id":"https:\/\/ambulanceflight.com\/fr\/#website"},"primaryImageOfPage":{"@id":"https:\/\/ambulanceflight.com\/fr\/flotte\/turbopropulseur\/piaggio\/#primaryimage"},"image":{"@id":"https:\/\/ambulanceflight.com\/fr\/flotte\/turbopropulseur\/piaggio\/#primaryimage"},"thumbnailUrl":"http:\/\/ambulanceflight.com\/wp-content\/uploads\/2025\/12\/piaggio-p180-avanti-ii.jpg-1024x576.webp","datePublished":"2025-12-31T08:40:33+00:00","dateModified":"2026-01-23T12:37:21+00:00","breadcrumb":{"@id":"https:\/\/ambulanceflight.com\/fr\/flotte\/turbopropulseur\/piaggio\/#breadcrumb"},"inLanguage":"fr-FR","potentialAction":[{"@type":"ReadAction","target":["https:\/\/ambulanceflight.com\/fr\/flotte\/turbopropulseur\/piaggio\/"]}]},{"@type":"ImageObject","inLanguage":"fr-FR","@id":"https:\/\/ambulanceflight.com\/fr\/flotte\/turbopropulseur\/piaggio\/#primaryimage","url":"http:\/\/ambulanceflight.com\/wp-content\/uploads\/2025\/12\/piaggio-p180-avanti-ii.jpg-1024x576.webp","contentUrl":"http:\/\/ambulanceflight.com\/wp-content\/uploads\/2025\/12\/piaggio-p180-avanti-ii.jpg-1024x576.webp"},{"@type":"BreadcrumbList","@id":"https:\/\/ambulanceflight.com\/fr\/flotte\/turbopropulseur\/piaggio\/#breadcrumb","itemListElement":[{"@type":"ListItem","position":1,"name":"Home","item":"https:\/\/ambulanceflight.com\/fr\/"},{"@type":"ListItem","position":2,"name":"Flotte","item":"https:\/\/ambulanceflight.com\/fr\/fleet\/"},{"@type":"ListItem","position":3,"name":"Turbopropulseur","item":"https:\/\/ambulanceflight.com\/fr\/fleet\/turboprop\/"},{"@type":"ListItem","position":4,"name":"Piaggio"}]},{"@type":"WebSite","@id":"https:\/\/ambulanceflight.com\/fr\/#website","url":"https:\/\/ambulanceflight.com\/fr\/","name":"Services mondiaux d\u2019ambulance a\u00e9rienne","description":"Des transferts rapides, s\u00fbrs et enti\u00e8rement \u00e9quip\u00e9s en ambulance a\u00e9rienne pour les patients partout dans le monde.","potentialAction":[{"@type":"SearchAction","target":{"@type":"EntryPoint","urlTemplate":"https:\/\/ambulanceflight.com\/fr\/?s={search_term_string}"},"query-input":{"@type":"PropertyValueSpecification","valueRequired":true,"valueName":"search_term_string"}}],"inLanguage":"fr-FR"}]}},"_links":{"self":[{"href":"https:\/\/ambulanceflight.com\/fr\/wp-json\/wp\/v2\/pages\/1727","targetHints":{"allow":["GET"]}}],"collection":[{"href":"https:\/\/ambulanceflight.com\/fr\/wp-json\/wp\/v2\/pages"}],"about":[{"href":"https:\/\/ambulanceflight.com\/fr\/wp-json\/wp\/v2\/types\/page"}],"author":[{"embeddable":true,"href":"https:\/\/ambulanceflight.com\/fr\/wp-json\/wp\/v2\/users\/1"}],"replies":[{"embeddable":true,"href":"https:\/\/ambulanceflight.com\/fr\/wp-json\/wp\/v2\/comments?post=1727"}],"version-history":[{"count":5,"href":"https:\/\/ambulanceflight.com\/fr\/wp-json\/wp\/v2\/pages\/1727\/revisions"}],"predecessor-version":[{"id":2892,"href":"https:\/\/ambulanceflight.com\/fr\/wp-json\/wp\/v2\/pages\/1727\/revisions\/2892"}],"up":[{"embeddable":true,"href":"https:\/\/ambulanceflight.com\/fr\/wp-json\/wp\/v2\/pages\/1473"}],"wp:attachment":[{"href":"https:\/\/ambulanceflight.com\/fr\/wp-json\/wp\/v2\/media?parent=1727"}],"curies":[{"name":"wp","href":"https:\/\/api.w.org\/{rel}","templated":true}]}}