{"id":1700,"date":"2025-12-30T16:53:37","date_gmt":"2025-12-30T16:53:37","guid":{"rendered":"https:\/\/ambulanceflight.com\/beechcraft-1900d\/"},"modified":"2026-01-23T12:29:30","modified_gmt":"2026-01-23T12:29:30","slug":"beechcraft-1900d","status":"publish","type":"page","link":"https:\/\/ambulanceflight.com\/fr\/flotte\/turbopropulseur\/beechcraft-1900d\/","title":{"rendered":"BeechCraft 1900d"},"content":{"rendered":"\t\t<div data-elementor-type=\"wp-page\" data-elementor-id=\"1700\" class=\"elementor elementor-1700 elementor-1688\" data-elementor-settings=\"{&quot;ha_cmc_init_switcher&quot;:&quot;no&quot;}\" data-elementor-post-type=\"page\">\n\t\t\t\t<div class=\"elementor-element elementor-element-ea0c1ae e-flex e-con-boxed e-con e-parent\" data-id=\"ea0c1ae\" data-element_type=\"container\" data-settings=\"{&quot;_ha_eqh_enable&quot;:false,&quot;ekit_has_onepagescroll_dot&quot;:&quot;yes&quot;}\">\n\t\t\t\t\t<div class=\"e-con-inner\">\n\t\t<div class=\"elementor-element elementor-element-d4763c3 e-con-full e-flex e-con e-child\" data-id=\"d4763c3\" data-element_type=\"container\" data-settings=\"{&quot;_ha_eqh_enable&quot;:false,&quot;ekit_has_onepagescroll_dot&quot;:&quot;yes&quot;}\">\n\t\t\t\t<div class=\"elementor-element elementor-element-34f676a elementor-widget elementor-widget-image\" data-id=\"34f676a\" data-element_type=\"widget\" data-settings=\"{&quot;ekit_we_effect_on&quot;:&quot;none&quot;}\" data-widget_type=\"image.default\">\n\t\t\t\t<div class=\"elementor-widget-container\">\n\t\t\t\t\t\t\t\t\t\t\t\t\t<img fetchpriority=\"high\" decoding=\"async\" width=\"800\" height=\"533\" src=\"https:\/\/ambulanceflight.com\/wp-content\/uploads\/2026\/01\/1ac72d0cda5331b935641086a3b8b9f9-1024x682.jpg\" class=\"attachment-large size-large wp-image-2809\" alt=\"\" srcset=\"https:\/\/ambulanceflight.com\/wp-content\/uploads\/2026\/01\/1ac72d0cda5331b935641086a3b8b9f9-1024x682.jpg 1024w, https:\/\/ambulanceflight.com\/wp-content\/uploads\/2026\/01\/1ac72d0cda5331b935641086a3b8b9f9-300x200.jpg 300w, https:\/\/ambulanceflight.com\/wp-content\/uploads\/2026\/01\/1ac72d0cda5331b935641086a3b8b9f9-768x512.jpg 768w, https:\/\/ambulanceflight.com\/wp-content\/uploads\/2026\/01\/1ac72d0cda5331b935641086a3b8b9f9.jpg 1199w\" sizes=\"(max-width: 800px) 100vw, 800px\" \/>\t\t\t\t\t\t\t\t\t\t\t\t\t<\/div>\n\t\t\t\t<\/div>\n\t\t\t\t<\/div>\n\t\t<div class=\"elementor-element elementor-element-0b47cb6 e-con-full e-flex e-con e-child\" data-id=\"0b47cb6\" data-element_type=\"container\" data-settings=\"{&quot;_ha_eqh_enable&quot;:false,&quot;ekit_has_onepagescroll_dot&quot;:&quot;yes&quot;}\">\n\t\t<div class=\"elementor-element elementor-element-abd572a e-con-full e-flex e-con e-child\" data-id=\"abd572a\" data-element_type=\"container\" data-settings=\"{&quot;_ha_eqh_enable&quot;:false,&quot;ekit_has_onepagescroll_dot&quot;:&quot;yes&quot;}\">\n\t\t\t\t<div class=\"elementor-element elementor-element-a4cda34 elementor-widget elementor-widget-image\" data-id=\"a4cda34\" data-element_type=\"widget\" data-settings=\"{&quot;ekit_we_effect_on&quot;:&quot;none&quot;}\" data-widget_type=\"image.default\">\n\t\t\t\t<div class=\"elementor-widget-container\">\n\t\t\t\t\t\t\t\t\t\t\t\t\t<img decoding=\"async\" width=\"800\" height=\"427\" src=\"https:\/\/ambulanceflight.com\/wp-content\/uploads\/2026\/01\/WhatsApp-Image-2026-01-23-at-13.27.19-1024x546.jpeg\" class=\"attachment-large size-large wp-image-2869\" alt=\"\" srcset=\"https:\/\/ambulanceflight.com\/wp-content\/uploads\/2026\/01\/WhatsApp-Image-2026-01-23-at-13.27.19-1024x546.jpeg 1024w, https:\/\/ambulanceflight.com\/wp-content\/uploads\/2026\/01\/WhatsApp-Image-2026-01-23-at-13.27.19-300x160.jpeg 300w, https:\/\/ambulanceflight.com\/wp-content\/uploads\/2026\/01\/WhatsApp-Image-2026-01-23-at-13.27.19-768x410.jpeg 768w, https:\/\/ambulanceflight.com\/wp-content\/uploads\/2026\/01\/WhatsApp-Image-2026-01-23-at-13.27.19.jpeg 1440w\" sizes=\"(max-width: 800px) 100vw, 800px\" \/>\t\t\t\t\t\t\t\t\t\t\t\t\t<\/div>\n\t\t\t\t<\/div>\n\t\t\t\t<\/div>\n\t\t<div class=\"elementor-element elementor-element-9c43184 e-con-full e-flex e-con e-child\" data-id=\"9c43184\" data-element_type=\"container\" data-settings=\"{&quot;_ha_eqh_enable&quot;:false,&quot;ekit_has_onepagescroll_dot&quot;:&quot;yes&quot;}\">\n\t\t\t\t<div class=\"elementor-element elementor-element-20d8b60 elementor-widget elementor-widget-image\" data-id=\"20d8b60\" data-element_type=\"widget\" data-settings=\"{&quot;ekit_we_effect_on&quot;:&quot;none&quot;}\" data-widget_type=\"image.default\">\n\t\t\t\t<div class=\"elementor-widget-container\">\n\t\t\t\t\t\t\t\t\t\t\t\t\t<img decoding=\"async\" width=\"800\" height=\"427\" src=\"https:\/\/ambulanceflight.com\/wp-content\/uploads\/2026\/01\/WhatsApp-Image-2026-01-23-at-13.27.19-1-1024x546.jpeg\" class=\"attachment-large size-large wp-image-2870\" alt=\"\" srcset=\"https:\/\/ambulanceflight.com\/wp-content\/uploads\/2026\/01\/WhatsApp-Image-2026-01-23-at-13.27.19-1-1024x546.jpeg 1024w, https:\/\/ambulanceflight.com\/wp-content\/uploads\/2026\/01\/WhatsApp-Image-2026-01-23-at-13.27.19-1-300x160.jpeg 300w, https:\/\/ambulanceflight.com\/wp-content\/uploads\/2026\/01\/WhatsApp-Image-2026-01-23-at-13.27.19-1-768x410.jpeg 768w, https:\/\/ambulanceflight.com\/wp-content\/uploads\/2026\/01\/WhatsApp-Image-2026-01-23-at-13.27.19-1.jpeg 1440w\" sizes=\"(max-width: 800px) 100vw, 800px\" \/>\t\t\t\t\t\t\t\t\t\t\t\t\t<\/div>\n\t\t\t\t<\/div>\n\t\t\t\t<\/div>\n\t\t\t\t<\/div>\n\t\t\t\t\t<\/div>\n\t\t\t\t<\/div>\n\t\t<div class=\"elementor-element elementor-element-f2e954c e-flex e-con-boxed e-con e-parent\" data-id=\"f2e954c\" data-element_type=\"container\" data-settings=\"{&quot;background_background&quot;:&quot;classic&quot;,&quot;_ha_eqh_enable&quot;:false,&quot;ekit_has_onepagescroll_dot&quot;:&quot;yes&quot;}\">\n\t\t\t\t\t<div class=\"e-con-inner\">\n\t\t\t\t<div class=\"elementor-element elementor-element-a97c4a6 elementor-widget elementor-widget-text-editor\" data-id=\"a97c4a6\" data-element_type=\"widget\" data-settings=\"{&quot;ekit_we_effect_on&quot;:&quot;none&quot;}\" data-widget_type=\"text-editor.default\">\n\t\t\t\t<div class=\"elementor-widget-container\">\n\t\t\t\t\t\t\t<p data-path-to-node=\"0\"> <\/p><p data-path-to-node=\"0\"> <\/p><p data-path-to-node=\"0\">Le <b data-path-to-node=\"0\" data-index-in-node=\"4\">Beechcraft 1900D<\/b> est un choix de premier plan pour les missions r\u00e9gionales d\u2019ambulance a\u00e9rienne, offrant une am\u00e9lioration significative de l\u2019espace et des performances pour les \u00e9vacuations m\u00e9dicales (MEDEVAC). Contrairement aux petits avions, le 1900D dispose d\u2019une \u00ab cabine debout \u00bb, permettant au personnel m\u00e9dical de se d\u00e9placer librement et de fournir des soins intensifs avec une plus grande efficacit\u00e9. <\/p><p data-path-to-node=\"1\">Cet appareil est particuli\u00e8rement r\u00e9put\u00e9 pour sa polyvalence : il combine la robustesse d\u2019un turbopropulseur capable de fonctionner sur des pistes courtes et non am\u00e9nag\u00e9es avec le volume interne d\u2019un avion r\u00e9gional. Cela le rend id\u00e9al pour transporter plusieurs patients ou du mat\u00e9riel de soins intensifs lourds vers et depuis des lieux isol\u00e9s inaccessibles aux avions \u00e0 r\u00e9action plus grands. <\/p><p data-path-to-node=\"1\"> <\/p><h3 data-path-to-node=\"3\">\u00c9quipement m\u00e9dical<\/h3><p data-path-to-node=\"4\">L\u2019int\u00e9rieur du 1900D est configur\u00e9 comme <b data-path-to-node=\"4\" data-index-in-node=\"40\">une unit\u00e9 de soins intensifs mobiles (USI<\/b>). L\u2019augmentation de la hauteur et de la largeur de la cabine garantit que l\u2019\u00e9quipe m\u00e9dicale \u2014 g\u00e9n\u00e9ralement compos\u00e9e d\u2019un m\u00e9decin sp\u00e9cialis\u00e9 et d\u2019une infirmi\u00e8re de vol \u2014 peut surveiller et soigner le patient avec le m\u00eame niveau de soins que dans un h\u00f4pital de premier ordre. <\/p><ul data-path-to-node=\"5\"><li><p data-path-to-node=\"5,0,0\">Ventilateur de transport avanc\u00e9<\/p><\/li><li><p data-path-to-node=\"5,1,0\">Moniteur multi-param\u00e8tre (ECG, SpO2, NIBP)<\/p><\/li><li><p data-path-to-node=\"5,2,0\">Unit\u00e9 d\u2019aspiration portable<\/p><\/li><li><p data-path-to-node=\"5,3,0\">Tourne-seringues et pompes \u00e0 perfusion<\/p><\/li><li><p data-path-to-node=\"5,4,0\">Analyseur portatif de gaz sanguins (EPOC)<\/p><\/li><li><p data-path-to-node=\"5,5,0\">Prise en charge de l\u2019ECMO (Oxyg\u00e9nation par membrane extracorporelle) \/ IABP<\/p><\/li><li><p data-path-to-node=\"5,6,0\">\u00c9chographie portable<\/p><\/li><li><p data-path-to-node=\"5,7,0\">Stimulateur cardiaque externe<\/p><\/li><li><p data-path-to-node=\"5,8,0\">Incubateur de transport n\u00e9onatal<\/p><\/li><li><p data-path-to-node=\"5,9,0\">Syst\u00e8me d\u2019oxyg\u00e8ne \u00e0 haute capacit\u00e9<\/p><\/li><\/ul><p data-path-to-node=\"6,0\"> <\/p><table data-path-to-node=\"9\"><thead><tr><td><strong><\/strong><\/td><td><strong>Sp\u00e9cification<\/strong> des caract\u00e9ristiques<\/td><\/tr><\/thead><tbody><tr><td><span data-path-to-node=\"9,1,0,0\"><b data-path-to-node=\"9,1,0,0\" data-index-in-node=\"0\">Vitesse de croisi\u00e8re<\/b><\/span><\/td><td><span data-path-to-node=\"9,1,1,0\">: environ 520 km\/h (280 n\u0153uds)<\/span><\/td><\/tr><tr><td><span data-path-to-node=\"9,2,0,0\"><b data-path-to-node=\"9,2,0,0\" data-index-in-node=\"0\">Port\u00e9e<\/b><\/span><\/td><td><span data-path-to-node=\"9,2,1,0\">: 2 500 km (selon la charge utile)<\/span><\/td><\/tr><tr><td><span data-path-to-node=\"9,3,0,0\"><b data-path-to-node=\"9,3,0,0\" data-index-in-node=\"0\">Moteurs<\/b><\/span><\/td><td><span data-path-to-node=\"9,3,1,0\">2 x Pratt &amp; Whitney PT6A-67D<\/span><\/td><\/tr><tr><td><span data-path-to-node=\"9,4,0,0\"><b data-path-to-node=\"9,4,0,0\" data-index-in-node=\"0\">Altitude<\/b><\/span><\/td><td><span data-path-to-node=\"9,4,1,0\">maximale : 25 000 ft (7 620 m)<\/span><\/td><\/tr><tr><td><span data-path-to-node=\"9,5,0,0\"><b data-path-to-node=\"9,5,0,0\" data-index-in-node=\"0\">Configuration<\/b><\/span><\/td><td><span data-path-to-node=\"9,5,1,0\">1\u20132 brancards + \u00e9quipe m\u00e9dicale et compagnons<\/span><\/td><\/tr><\/tbody><\/table>\t\t\t\t\t\t<\/div>\n\t\t\t\t<\/div>\n\t\t\t\t\t<\/div>\n\t\t\t\t<\/div>\n\t\t\t\t<\/div>\n\t\t","protected":false},"excerpt":{"rendered":"<p>Le Beechcraft 1900D est un choix de premier plan pour les missions r\u00e9gionales d\u2019ambulance a\u00e9rienne, offrant une am\u00e9lioration significative de l\u2019espace et des performances pour les \u00e9vacuations m\u00e9dicales (MEDEVAC). Contrairement aux petits avions, le 1900D dispose d\u2019une \u00ab cabine debout \u00bb, permettant au personnel m\u00e9dical de se d\u00e9placer librement et de fournir des soins intensifs [&hellip;]<\/p>\n","protected":false},"author":1,"featured_media":0,"parent":1473,"menu_order":0,"comment_status":"closed","ping_status":"closed","template":"","meta":{"footnotes":""},"class_list":["post-1700","page","type-page","status-publish","hentry"],"yoast_head":"<!-- This site is optimized with the Yoast SEO plugin v27.6 - https:\/\/yoast.com\/product\/yoast-seo-wordpress\/ -->\n<title>BeechCraft 1900d - Services mondiaux d\u2019ambulance a\u00e9rienne<\/title>\n<meta name=\"robots\" content=\"index, follow, max-snippet:-1, max-image-preview:large, max-video-preview:-1\" \/>\n<link rel=\"canonical\" href=\"https:\/\/ambulanceflight.com\/fr\/flotte\/turbopropulseur\/beechcraft-1900d\/\" \/>\n<meta property=\"og:locale\" content=\"fr_FR\" \/>\n<meta property=\"og:type\" content=\"article\" \/>\n<meta property=\"og:title\" content=\"BeechCraft 1900d - Services mondiaux d\u2019ambulance a\u00e9rienne\" \/>\n<meta property=\"og:description\" content=\"Le Beechcraft 1900D est un choix de premier plan pour les missions r\u00e9gionales d\u2019ambulance a\u00e9rienne, offrant une am\u00e9lioration significative de l\u2019espace et des performances pour les \u00e9vacuations m\u00e9dicales (MEDEVAC). Contrairement aux petits avions, le 1900D dispose d\u2019une \u00ab cabine debout \u00bb, permettant au personnel m\u00e9dical de se d\u00e9placer librement et de fournir des soins intensifs [&hellip;]\" \/>\n<meta property=\"og:url\" content=\"https:\/\/ambulanceflight.com\/fr\/flotte\/turbopropulseur\/beechcraft-1900d\/\" \/>\n<meta property=\"og:site_name\" content=\"Services mondiaux d\u2019ambulance a\u00e9rienne\" \/>\n<meta property=\"article:modified_time\" content=\"2026-01-23T12:29:30+00:00\" \/>\n<meta property=\"og:image\" content=\"http:\/\/ambulanceflight.com\/wp-content\/uploads\/2026\/01\/1ac72d0cda5331b935641086a3b8b9f9-1024x682.jpg\" \/>\n<meta name=\"twitter:card\" content=\"summary_large_image\" \/>\n<meta name=\"twitter:label1\" content=\"Dur\u00e9e de lecture estim\u00e9e\" \/>\n\t<meta name=\"twitter:data1\" content=\"1 minute\" \/>\n<script type=\"application\/ld+json\" class=\"yoast-schema-graph\">{\"@context\":\"https:\\\/\\\/schema.org\",\"@graph\":[{\"@type\":\"WebPage\",\"@id\":\"https:\\\/\\\/ambulanceflight.com\\\/fr\\\/flotte\\\/turbopropulseur\\\/beechcraft-1900d\\\/\",\"url\":\"https:\\\/\\\/ambulanceflight.com\\\/fr\\\/flotte\\\/turbopropulseur\\\/beechcraft-1900d\\\/\",\"name\":\"BeechCraft 1900d - Services mondiaux d\u2019ambulance a\u00e9rienne\",\"isPartOf\":{\"@id\":\"https:\\\/\\\/ambulanceflight.com\\\/fr\\\/#website\"},\"primaryImageOfPage\":{\"@id\":\"https:\\\/\\\/ambulanceflight.com\\\/fr\\\/flotte\\\/turbopropulseur\\\/beechcraft-1900d\\\/#primaryimage\"},\"image\":{\"@id\":\"https:\\\/\\\/ambulanceflight.com\\\/fr\\\/flotte\\\/turbopropulseur\\\/beechcraft-1900d\\\/#primaryimage\"},\"thumbnailUrl\":\"http:\\\/\\\/ambulanceflight.com\\\/wp-content\\\/uploads\\\/2026\\\/01\\\/1ac72d0cda5331b935641086a3b8b9f9-1024x682.jpg\",\"datePublished\":\"2025-12-30T16:53:37+00:00\",\"dateModified\":\"2026-01-23T12:29:30+00:00\",\"breadcrumb\":{\"@id\":\"https:\\\/\\\/ambulanceflight.com\\\/fr\\\/flotte\\\/turbopropulseur\\\/beechcraft-1900d\\\/#breadcrumb\"},\"inLanguage\":\"fr-FR\",\"potentialAction\":[{\"@type\":\"ReadAction\",\"target\":[\"https:\\\/\\\/ambulanceflight.com\\\/fr\\\/flotte\\\/turbopropulseur\\\/beechcraft-1900d\\\/\"]}]},{\"@type\":\"ImageObject\",\"inLanguage\":\"fr-FR\",\"@id\":\"https:\\\/\\\/ambulanceflight.com\\\/fr\\\/flotte\\\/turbopropulseur\\\/beechcraft-1900d\\\/#primaryimage\",\"url\":\"http:\\\/\\\/ambulanceflight.com\\\/wp-content\\\/uploads\\\/2026\\\/01\\\/1ac72d0cda5331b935641086a3b8b9f9-1024x682.jpg\",\"contentUrl\":\"http:\\\/\\\/ambulanceflight.com\\\/wp-content\\\/uploads\\\/2026\\\/01\\\/1ac72d0cda5331b935641086a3b8b9f9-1024x682.jpg\"},{\"@type\":\"BreadcrumbList\",\"@id\":\"https:\\\/\\\/ambulanceflight.com\\\/fr\\\/flotte\\\/turbopropulseur\\\/beechcraft-1900d\\\/#breadcrumb\",\"itemListElement\":[{\"@type\":\"ListItem\",\"position\":1,\"name\":\"Home\",\"item\":\"https:\\\/\\\/ambulanceflight.com\\\/fr\\\/\"},{\"@type\":\"ListItem\",\"position\":2,\"name\":\"Flotte\",\"item\":\"https:\\\/\\\/ambulanceflight.com\\\/fr\\\/fleet\\\/\"},{\"@type\":\"ListItem\",\"position\":3,\"name\":\"Turbopropulseur\",\"item\":\"https:\\\/\\\/ambulanceflight.com\\\/fr\\\/fleet\\\/turboprop\\\/\"},{\"@type\":\"ListItem\",\"position\":4,\"name\":\"BeechCraft 1900d\"}]},{\"@type\":\"WebSite\",\"@id\":\"https:\\\/\\\/ambulanceflight.com\\\/fr\\\/#website\",\"url\":\"https:\\\/\\\/ambulanceflight.com\\\/fr\\\/\",\"name\":\"Services mondiaux d\u2019ambulance a\u00e9rienne\",\"description\":\"Des transferts rapides, s\u00fbrs et enti\u00e8rement \u00e9quip\u00e9s en ambulance a\u00e9rienne pour les patients partout dans le monde.\",\"potentialAction\":[{\"@type\":\"SearchAction\",\"target\":{\"@type\":\"EntryPoint\",\"urlTemplate\":\"https:\\\/\\\/ambulanceflight.com\\\/fr\\\/?s={search_term_string}\"},\"query-input\":{\"@type\":\"PropertyValueSpecification\",\"valueRequired\":true,\"valueName\":\"search_term_string\"}}],\"inLanguage\":\"fr-FR\"}]}<\/script>\n<!-- \/ Yoast SEO plugin. -->","yoast_head_json":{"title":"BeechCraft 1900d - Services mondiaux d\u2019ambulance a\u00e9rienne","robots":{"index":"index","follow":"follow","max-snippet":"max-snippet:-1","max-image-preview":"max-image-preview:large","max-video-preview":"max-video-preview:-1"},"canonical":"https:\/\/ambulanceflight.com\/fr\/flotte\/turbopropulseur\/beechcraft-1900d\/","og_locale":"fr_FR","og_type":"article","og_title":"BeechCraft 1900d - Services mondiaux d\u2019ambulance a\u00e9rienne","og_description":"Le Beechcraft 1900D est un choix de premier plan pour les missions r\u00e9gionales d\u2019ambulance a\u00e9rienne, offrant une am\u00e9lioration significative de l\u2019espace et des performances pour les \u00e9vacuations m\u00e9dicales (MEDEVAC). Contrairement aux petits avions, le 1900D dispose d\u2019une \u00ab cabine debout \u00bb, permettant au personnel m\u00e9dical de se d\u00e9placer librement et de fournir des soins intensifs [&hellip;]","og_url":"https:\/\/ambulanceflight.com\/fr\/flotte\/turbopropulseur\/beechcraft-1900d\/","og_site_name":"Services mondiaux d\u2019ambulance a\u00e9rienne","article_modified_time":"2026-01-23T12:29:30+00:00","og_image":[{"url":"http:\/\/ambulanceflight.com\/wp-content\/uploads\/2026\/01\/1ac72d0cda5331b935641086a3b8b9f9-1024x682.jpg","type":"","width":"","height":""}],"twitter_card":"summary_large_image","twitter_misc":{"Dur\u00e9e de lecture estim\u00e9e":"1 minute"},"schema":{"@context":"https:\/\/schema.org","@graph":[{"@type":"WebPage","@id":"https:\/\/ambulanceflight.com\/fr\/flotte\/turbopropulseur\/beechcraft-1900d\/","url":"https:\/\/ambulanceflight.com\/fr\/flotte\/turbopropulseur\/beechcraft-1900d\/","name":"BeechCraft 1900d - Services mondiaux d\u2019ambulance a\u00e9rienne","isPartOf":{"@id":"https:\/\/ambulanceflight.com\/fr\/#website"},"primaryImageOfPage":{"@id":"https:\/\/ambulanceflight.com\/fr\/flotte\/turbopropulseur\/beechcraft-1900d\/#primaryimage"},"image":{"@id":"https:\/\/ambulanceflight.com\/fr\/flotte\/turbopropulseur\/beechcraft-1900d\/#primaryimage"},"thumbnailUrl":"http:\/\/ambulanceflight.com\/wp-content\/uploads\/2026\/01\/1ac72d0cda5331b935641086a3b8b9f9-1024x682.jpg","datePublished":"2025-12-30T16:53:37+00:00","dateModified":"2026-01-23T12:29:30+00:00","breadcrumb":{"@id":"https:\/\/ambulanceflight.com\/fr\/flotte\/turbopropulseur\/beechcraft-1900d\/#breadcrumb"},"inLanguage":"fr-FR","potentialAction":[{"@type":"ReadAction","target":["https:\/\/ambulanceflight.com\/fr\/flotte\/turbopropulseur\/beechcraft-1900d\/"]}]},{"@type":"ImageObject","inLanguage":"fr-FR","@id":"https:\/\/ambulanceflight.com\/fr\/flotte\/turbopropulseur\/beechcraft-1900d\/#primaryimage","url":"http:\/\/ambulanceflight.com\/wp-content\/uploads\/2026\/01\/1ac72d0cda5331b935641086a3b8b9f9-1024x682.jpg","contentUrl":"http:\/\/ambulanceflight.com\/wp-content\/uploads\/2026\/01\/1ac72d0cda5331b935641086a3b8b9f9-1024x682.jpg"},{"@type":"BreadcrumbList","@id":"https:\/\/ambulanceflight.com\/fr\/flotte\/turbopropulseur\/beechcraft-1900d\/#breadcrumb","itemListElement":[{"@type":"ListItem","position":1,"name":"Home","item":"https:\/\/ambulanceflight.com\/fr\/"},{"@type":"ListItem","position":2,"name":"Flotte","item":"https:\/\/ambulanceflight.com\/fr\/fleet\/"},{"@type":"ListItem","position":3,"name":"Turbopropulseur","item":"https:\/\/ambulanceflight.com\/fr\/fleet\/turboprop\/"},{"@type":"ListItem","position":4,"name":"BeechCraft 1900d"}]},{"@type":"WebSite","@id":"https:\/\/ambulanceflight.com\/fr\/#website","url":"https:\/\/ambulanceflight.com\/fr\/","name":"Services mondiaux d\u2019ambulance a\u00e9rienne","description":"Des transferts rapides, s\u00fbrs et enti\u00e8rement \u00e9quip\u00e9s en ambulance a\u00e9rienne pour les patients partout dans le monde.","potentialAction":[{"@type":"SearchAction","target":{"@type":"EntryPoint","urlTemplate":"https:\/\/ambulanceflight.com\/fr\/?s={search_term_string}"},"query-input":{"@type":"PropertyValueSpecification","valueRequired":true,"valueName":"search_term_string"}}],"inLanguage":"fr-FR"}]}},"_links":{"self":[{"href":"https:\/\/ambulanceflight.com\/fr\/wp-json\/wp\/v2\/pages\/1700","targetHints":{"allow":["GET"]}}],"collection":[{"href":"https:\/\/ambulanceflight.com\/fr\/wp-json\/wp\/v2\/pages"}],"about":[{"href":"https:\/\/ambulanceflight.com\/fr\/wp-json\/wp\/v2\/types\/page"}],"author":[{"embeddable":true,"href":"https:\/\/ambulanceflight.com\/fr\/wp-json\/wp\/v2\/users\/1"}],"replies":[{"embeddable":true,"href":"https:\/\/ambulanceflight.com\/fr\/wp-json\/wp\/v2\/comments?post=1700"}],"version-history":[{"count":4,"href":"https:\/\/ambulanceflight.com\/fr\/wp-json\/wp\/v2\/pages\/1700\/revisions"}],"predecessor-version":[{"id":2871,"href":"https:\/\/ambulanceflight.com\/fr\/wp-json\/wp\/v2\/pages\/1700\/revisions\/2871"}],"up":[{"embeddable":true,"href":"https:\/\/ambulanceflight.com\/fr\/wp-json\/wp\/v2\/pages\/1473"}],"wp:attachment":[{"href":"https:\/\/ambulanceflight.com\/fr\/wp-json\/wp\/v2\/media?parent=1700"}],"curies":[{"name":"wp","href":"https:\/\/api.w.org\/{rel}","templated":true}]}}