{"id":1667,"date":"2025-12-30T16:15:15","date_gmt":"2025-12-30T16:15:15","guid":{"rendered":"https:\/\/ambulanceflight.com\/pilatus-pc-12\/"},"modified":"2026-01-23T12:27:33","modified_gmt":"2026-01-23T12:27:33","slug":"pilatus-pc-12","status":"publish","type":"page","link":"https:\/\/ambulanceflight.com\/fr\/flotte\/turbopropulseur\/pilatus-pc-12\/","title":{"rendered":"Pilatus PC-12"},"content":{"rendered":"\t\t<div data-elementor-type=\"wp-page\" data-elementor-id=\"1667\" class=\"elementor elementor-1667 elementor-1657\" data-elementor-settings=\"{&quot;ha_cmc_init_switcher&quot;:&quot;no&quot;}\" data-elementor-post-type=\"page\">\n\t\t\t\t<div class=\"elementor-element elementor-element-155d0dc e-flex e-con-boxed e-con e-parent\" data-id=\"155d0dc\" data-element_type=\"container\" data-settings=\"{&quot;_ha_eqh_enable&quot;:false,&quot;ekit_has_onepagescroll_dot&quot;:&quot;yes&quot;}\">\n\t\t\t\t\t<div class=\"e-con-inner\">\n\t\t<div class=\"elementor-element elementor-element-bd6ee64 e-con-full e-flex e-con e-child\" data-id=\"bd6ee64\" data-element_type=\"container\" data-settings=\"{&quot;_ha_eqh_enable&quot;:false,&quot;ekit_has_onepagescroll_dot&quot;:&quot;yes&quot;}\">\n\t\t\t\t<div class=\"elementor-element elementor-element-91f3c37 elementor-widget elementor-widget-spacer\" data-id=\"91f3c37\" data-element_type=\"widget\" data-settings=\"{&quot;ekit_we_effect_on&quot;:&quot;none&quot;}\" data-widget_type=\"spacer.default\">\n\t\t\t\t<div class=\"elementor-widget-container\">\n\t\t\t\t\t<div class=\"elementor-spacer\">\n\t\t\t<div class=\"elementor-spacer-inner\"><\/div>\n\t\t<\/div>\n\t\t\t\t<\/div>\n\t\t\t\t<\/div>\n\t\t\t\t<div class=\"elementor-element elementor-element-4fe9317 elementor-widget elementor-widget-image\" data-id=\"4fe9317\" data-element_type=\"widget\" data-settings=\"{&quot;ekit_we_effect_on&quot;:&quot;none&quot;}\" data-widget_type=\"image.default\">\n\t\t\t\t<div class=\"elementor-widget-container\">\n\t\t\t\t\t\t\t\t\t\t\t\t\t<img fetchpriority=\"high\" decoding=\"async\" width=\"800\" height=\"534\" src=\"https:\/\/ambulanceflight.com\/wp-content\/uploads\/2026\/01\/PHOTO-2026-01-23-13-21-46-2-1024x683.jpg\" class=\"attachment-large size-large wp-image-2847\" alt=\"\" srcset=\"https:\/\/ambulanceflight.com\/wp-content\/uploads\/2026\/01\/PHOTO-2026-01-23-13-21-46-2-1024x683.jpg 1024w, https:\/\/ambulanceflight.com\/wp-content\/uploads\/2026\/01\/PHOTO-2026-01-23-13-21-46-2-300x200.jpg 300w, https:\/\/ambulanceflight.com\/wp-content\/uploads\/2026\/01\/PHOTO-2026-01-23-13-21-46-2-768x512.jpg 768w, https:\/\/ambulanceflight.com\/wp-content\/uploads\/2026\/01\/PHOTO-2026-01-23-13-21-46-2.jpg 1199w\" sizes=\"(max-width: 800px) 100vw, 800px\" \/>\t\t\t\t\t\t\t\t\t\t\t\t\t<\/div>\n\t\t\t\t<\/div>\n\t\t\t\t<\/div>\n\t\t<div class=\"elementor-element elementor-element-a80c3e2 e-con-full e-flex e-con e-child\" data-id=\"a80c3e2\" data-element_type=\"container\" data-settings=\"{&quot;_ha_eqh_enable&quot;:false,&quot;ekit_has_onepagescroll_dot&quot;:&quot;yes&quot;}\">\n\t\t<div class=\"elementor-element elementor-element-a43fd45 e-con-full e-flex e-con e-child\" data-id=\"a43fd45\" data-element_type=\"container\" data-settings=\"{&quot;_ha_eqh_enable&quot;:false,&quot;ekit_has_onepagescroll_dot&quot;:&quot;yes&quot;}\">\n\t\t\t\t<div class=\"elementor-element elementor-element-c803739 elementor-widget elementor-widget-spacer\" data-id=\"c803739\" data-element_type=\"widget\" data-settings=\"{&quot;ekit_we_effect_on&quot;:&quot;none&quot;}\" data-widget_type=\"spacer.default\">\n\t\t\t\t<div class=\"elementor-widget-container\">\n\t\t\t\t\t<div class=\"elementor-spacer\">\n\t\t\t<div class=\"elementor-spacer-inner\"><\/div>\n\t\t<\/div>\n\t\t\t\t<\/div>\n\t\t\t\t<\/div>\n\t\t\t\t<div class=\"elementor-element elementor-element-a0d6bdd elementor-widget elementor-widget-image\" data-id=\"a0d6bdd\" data-element_type=\"widget\" data-settings=\"{&quot;ekit_we_effect_on&quot;:&quot;none&quot;}\" data-widget_type=\"image.default\">\n\t\t\t\t<div class=\"elementor-widget-container\">\n\t\t\t\t\t\t\t\t\t\t\t\t\t<img decoding=\"async\" width=\"800\" height=\"600\" src=\"https:\/\/ambulanceflight.com\/wp-content\/uploads\/2026\/01\/PHOTO-2026-01-23-13-21-57-1024x768.jpg\" class=\"attachment-large size-large wp-image-2848\" alt=\"\" srcset=\"https:\/\/ambulanceflight.com\/wp-content\/uploads\/2026\/01\/PHOTO-2026-01-23-13-21-57-1024x768.jpg 1024w, https:\/\/ambulanceflight.com\/wp-content\/uploads\/2026\/01\/PHOTO-2026-01-23-13-21-57-300x225.jpg 300w, https:\/\/ambulanceflight.com\/wp-content\/uploads\/2026\/01\/PHOTO-2026-01-23-13-21-57-768x576.jpg 768w, https:\/\/ambulanceflight.com\/wp-content\/uploads\/2026\/01\/PHOTO-2026-01-23-13-21-57-1536x1152.jpg 1536w, https:\/\/ambulanceflight.com\/wp-content\/uploads\/2026\/01\/PHOTO-2026-01-23-13-21-57.jpg 1600w\" sizes=\"(max-width: 800px) 100vw, 800px\" \/>\t\t\t\t\t\t\t\t\t\t\t\t\t<\/div>\n\t\t\t\t<\/div>\n\t\t\t\t<\/div>\n\t\t<div class=\"elementor-element elementor-element-77ea3ec e-con-full e-flex e-con e-child\" data-id=\"77ea3ec\" data-element_type=\"container\" data-settings=\"{&quot;_ha_eqh_enable&quot;:false,&quot;ekit_has_onepagescroll_dot&quot;:&quot;yes&quot;}\">\n\t\t\t\t<div class=\"elementor-element elementor-element-3914bbc elementor-widget elementor-widget-image\" data-id=\"3914bbc\" data-element_type=\"widget\" data-settings=\"{&quot;ekit_we_effect_on&quot;:&quot;none&quot;}\" data-widget_type=\"image.default\">\n\t\t\t\t<div class=\"elementor-widget-container\">\n\t\t\t\t\t\t\t\t\t\t\t\t\t<img decoding=\"async\" width=\"800\" height=\"1000\" src=\"https:\/\/ambulanceflight.com\/wp-content\/uploads\/2026\/01\/WhatsApp-Image-2026-01-23-at-13.21.46-819x1024.jpeg\" class=\"attachment-large size-large wp-image-2858\" alt=\"\" srcset=\"https:\/\/ambulanceflight.com\/wp-content\/uploads\/2026\/01\/WhatsApp-Image-2026-01-23-at-13.21.46-819x1024.jpeg 819w, https:\/\/ambulanceflight.com\/wp-content\/uploads\/2026\/01\/WhatsApp-Image-2026-01-23-at-13.21.46-240x300.jpeg 240w, https:\/\/ambulanceflight.com\/wp-content\/uploads\/2026\/01\/WhatsApp-Image-2026-01-23-at-13.21.46-768x960.jpeg 768w, https:\/\/ambulanceflight.com\/wp-content\/uploads\/2026\/01\/WhatsApp-Image-2026-01-23-at-13.21.46.jpeg 1200w\" sizes=\"(max-width: 800px) 100vw, 800px\" \/>\t\t\t\t\t\t\t\t\t\t\t\t\t<\/div>\n\t\t\t\t<\/div>\n\t\t\t\t<\/div>\n\t\t\t\t<\/div>\n\t\t\t\t\t<\/div>\n\t\t\t\t<\/div>\n\t\t<div class=\"elementor-element elementor-element-4547a50 e-flex e-con-boxed e-con e-parent\" data-id=\"4547a50\" data-element_type=\"container\" data-settings=\"{&quot;background_background&quot;:&quot;classic&quot;,&quot;_ha_eqh_enable&quot;:false,&quot;ekit_has_onepagescroll_dot&quot;:&quot;yes&quot;}\">\n\t\t\t\t\t<div class=\"e-con-inner\">\n\t\t\t\t<div class=\"elementor-element elementor-element-f1360f9 elementor-widget elementor-widget-text-editor\" data-id=\"f1360f9\" data-element_type=\"widget\" data-settings=\"{&quot;ekit_we_effect_on&quot;:&quot;none&quot;}\" data-widget_type=\"text-editor.default\">\n\t\t\t\t<div class=\"elementor-widget-container\">\n\t\t\t\t\t\t\t<p> <\/p><h3><strong>Description \u2013 Pilatus PC-12<\/strong><\/h3><p> <\/p><p>Le Pilatus PC-12 est l\u2019un des avions m\u00e9dicaux monomoteurs les plus polyvalents et largement utilis\u00e9s au monde pour les missions d\u2019evacuation m\u00e9dicale. Sa cabine spacieuse et modulaire permet de transporter un patient en position allong\u00e9e ainsi qu\u2019une personne accompagnante, dans des conditions optimales de confort et de s\u00e9curit\u00e9.<br>La particularit\u00e9 du Pilatus PC-12 r\u00e9side dans sa capacit\u00e9 exceptionnelle \u00e0 d\u00e9coller et atterrir sur des pistes tr\u00e8s courtes, parfois sans pr\u00e9paration (terre, gravier ou herbe). Cette capacit\u00e9 lui permet d\u2019op\u00e9rer aussi pr\u00e8s que possible de la localisation du patient, y compris dans des zones isol\u00e9es ou difficiles d\u2019acc\u00e8s. Gr\u00e2ce \u00e0 son turbopropulseur puissant et extr\u00eamement fiable, le PC-12 peut facilement utiliser de nombreux petits a\u00e9roports r\u00e9gionaux, ce qui en fait un appareil parfait pour les transferts m\u00e9dicaux sur des distances courtes \u00e0 moyennes, mais aussi sur des routes sans escale plus longues.<br>Le mat\u00e9riel m\u00e9dical embarqu\u00e9 est de tr\u00e8s haute qualit\u00e9 et comparable \u00e0 celui d\u2019une unit\u00e9 de soins intensifs dans un h\u00f4pital. L\u2019\u00e9quipage accompagnant, compos\u00e9 d\u2019un m\u00e9decin et d\u2019une infirmi\u00e8re sp\u00e9cialis\u00e9e dans le transport a\u00e9rien m\u00e9dical, est form\u00e9 pour fournir des soins complexes pendant le vol. Il veille constamment au bien-\u00eatre du patient et de ses compagnons lors des transferts nationaux ou internationaux de sant\u00e9.     <\/p><h3 data-start=\"1610\" data-end=\"1637\"> <\/h3><h3 data-start=\"1610\" data-end=\"1637\"> <\/h3><h3 data-start=\"1610\" data-end=\"1637\">\u00c9quipements m\u00e9dicaux (exemples)<\/h3><p> <\/p><ul><li data-start=\"1610\" data-end=\"1637\">Ventilateur \/ respirateur<\/li><li data-start=\"1610\" data-end=\"1637\">Moniteur cardiaque multiparam\u00e9trique<\/li><li data-start=\"1610\" data-end=\"1637\">Aspirateur de mucus<\/li><li data-start=\"1610\" data-end=\"1637\">Parfumeurs<\/li><li data-start=\"1610\" data-end=\"1637\">Pompes \u00e0 perfusion<\/li><li data-start=\"1610\" data-end=\"1637\">Analyse mobile des gaz sanguins (EPOC)<\/li><li data-start=\"1610\" data-end=\"1637\">Soutien d\u2019oxyg\u00e9nation extracorporelle \/ pompe intra-aortique (ECMO \/ IABP)*<\/li><li data-start=\"1610\" data-end=\"1637\">Dispositif d\u2019\u00e9chographie<\/li><li data-start=\"1610\" data-end=\"1637\">Stimulateur cardiaque externe<\/li><li data-start=\"1610\" data-end=\"1637\">Incubateur de transport<\/li><\/ul><p> <\/p><p> <\/p><table style=\"width: 100%; border-collapse: collapse;\"><tbody><tr><th style=\"border: 1px solid #ccc; padding: 8px; text-align: left;\">Valeur de sp\u00e9cification<\/th><th style=\"border: 1px solid #ccc; padding: 8px; text-align: left;\"><\/th><\/tr><tr><td style=\"border: 1px solid #ccc; padding: 8px;\">Vitesse de croisi\u00e8re<\/td> <td style=\"border: 1px solid #ccc; padding: 8px;\">~500 km\/h<\/td><\/tr><tr><td style=\"border: 1px solid #ccc; padding: 8px;\">Autonomie<\/td><td style=\"border: 1px solid #ccc; padding: 8px;\">~3 300 km<\/td><\/tr><tr><td style=\"border: 1px solid #ccc; padding: 8px;\">Locomotive<\/td><td style=\"border: 1px solid #ccc; padding: 8px;\">1 \u00d7 Pratt &amp; Whitney Canada PT6A-67P<\/td><\/tr><tr><td style=\"border: 1px solid #ccc; padding: 8px;\">Altitude maximale<\/td> <td style=\"border: 1px solid #ccc; padding: 8px;\">~9 100 m (30 000 ft)<\/td><\/tr><\/tbody><\/table>\t\t\t\t\t\t<\/div>\n\t\t\t\t<\/div>\n\t\t\t\t\t<\/div>\n\t\t\t\t<\/div>\n\t\t\t\t<\/div>\n\t\t","protected":false},"excerpt":{"rendered":"<p>Description \u2013 Pilatus PC-12 Le Pilatus PC-12 est l\u2019un des avions m\u00e9dicaux monomoteurs les plus polyvalents et largement utilis\u00e9s au monde pour les missions d\u2019evacuation m\u00e9dicale. Sa cabine spacieuse et modulaire permet de transporter un patient en position allong\u00e9e ainsi qu\u2019une personne accompagnante, dans des conditions optimales de confort et de s\u00e9curit\u00e9.La particularit\u00e9 du Pilatus [&hellip;]<\/p>\n","protected":false},"author":1,"featured_media":0,"parent":1473,"menu_order":0,"comment_status":"closed","ping_status":"closed","template":"","meta":{"footnotes":""},"class_list":["post-1667","page","type-page","status-publish","hentry"],"yoast_head":"<!-- This site is optimized with the Yoast SEO plugin v27.6 - https:\/\/yoast.com\/product\/yoast-seo-wordpress\/ -->\n<title>Pilatus PC-12 - Services mondiaux d\u2019ambulance a\u00e9rienne<\/title>\n<meta name=\"robots\" content=\"index, follow, max-snippet:-1, max-image-preview:large, max-video-preview:-1\" \/>\n<link rel=\"canonical\" href=\"https:\/\/ambulanceflight.com\/fr\/flotte\/turbopropulseur\/pilatus-pc-12\/\" \/>\n<meta property=\"og:locale\" content=\"fr_FR\" \/>\n<meta property=\"og:type\" content=\"article\" \/>\n<meta property=\"og:title\" content=\"Pilatus PC-12 - Services mondiaux d\u2019ambulance a\u00e9rienne\" \/>\n<meta property=\"og:description\" content=\"Description \u2013 Pilatus PC-12 Le Pilatus PC-12 est l\u2019un des avions m\u00e9dicaux monomoteurs les plus polyvalents et largement utilis\u00e9s au monde pour les missions d\u2019evacuation m\u00e9dicale. Sa cabine spacieuse et modulaire permet de transporter un patient en position allong\u00e9e ainsi qu\u2019une personne accompagnante, dans des conditions optimales de confort et de s\u00e9curit\u00e9.La particularit\u00e9 du Pilatus [&hellip;]\" \/>\n<meta property=\"og:url\" content=\"https:\/\/ambulanceflight.com\/fr\/flotte\/turbopropulseur\/pilatus-pc-12\/\" \/>\n<meta property=\"og:site_name\" content=\"Services mondiaux d\u2019ambulance a\u00e9rienne\" \/>\n<meta property=\"article:modified_time\" content=\"2026-01-23T12:27:33+00:00\" \/>\n<meta property=\"og:image\" content=\"http:\/\/ambulanceflight.com\/wp-content\/uploads\/2026\/01\/PHOTO-2026-01-23-13-21-46-2-1024x683.jpg\" \/>\n<meta name=\"twitter:card\" content=\"summary_large_image\" \/>\n<meta name=\"twitter:label1\" content=\"Dur\u00e9e de lecture estim\u00e9e\" \/>\n\t<meta name=\"twitter:data1\" content=\"1 minute\" \/>\n<script type=\"application\/ld+json\" class=\"yoast-schema-graph\">{\"@context\":\"https:\\\/\\\/schema.org\",\"@graph\":[{\"@type\":\"WebPage\",\"@id\":\"https:\\\/\\\/ambulanceflight.com\\\/fr\\\/flotte\\\/turbopropulseur\\\/pilatus-pc-12\\\/\",\"url\":\"https:\\\/\\\/ambulanceflight.com\\\/fr\\\/flotte\\\/turbopropulseur\\\/pilatus-pc-12\\\/\",\"name\":\"Pilatus PC-12 - Services mondiaux d\u2019ambulance a\u00e9rienne\",\"isPartOf\":{\"@id\":\"https:\\\/\\\/ambulanceflight.com\\\/fr\\\/#website\"},\"primaryImageOfPage\":{\"@id\":\"https:\\\/\\\/ambulanceflight.com\\\/fr\\\/flotte\\\/turbopropulseur\\\/pilatus-pc-12\\\/#primaryimage\"},\"image\":{\"@id\":\"https:\\\/\\\/ambulanceflight.com\\\/fr\\\/flotte\\\/turbopropulseur\\\/pilatus-pc-12\\\/#primaryimage\"},\"thumbnailUrl\":\"http:\\\/\\\/ambulanceflight.com\\\/wp-content\\\/uploads\\\/2026\\\/01\\\/PHOTO-2026-01-23-13-21-46-2-1024x683.jpg\",\"datePublished\":\"2025-12-30T16:15:15+00:00\",\"dateModified\":\"2026-01-23T12:27:33+00:00\",\"breadcrumb\":{\"@id\":\"https:\\\/\\\/ambulanceflight.com\\\/fr\\\/flotte\\\/turbopropulseur\\\/pilatus-pc-12\\\/#breadcrumb\"},\"inLanguage\":\"fr-FR\",\"potentialAction\":[{\"@type\":\"ReadAction\",\"target\":[\"https:\\\/\\\/ambulanceflight.com\\\/fr\\\/flotte\\\/turbopropulseur\\\/pilatus-pc-12\\\/\"]}]},{\"@type\":\"ImageObject\",\"inLanguage\":\"fr-FR\",\"@id\":\"https:\\\/\\\/ambulanceflight.com\\\/fr\\\/flotte\\\/turbopropulseur\\\/pilatus-pc-12\\\/#primaryimage\",\"url\":\"http:\\\/\\\/ambulanceflight.com\\\/wp-content\\\/uploads\\\/2026\\\/01\\\/PHOTO-2026-01-23-13-21-46-2-1024x683.jpg\",\"contentUrl\":\"http:\\\/\\\/ambulanceflight.com\\\/wp-content\\\/uploads\\\/2026\\\/01\\\/PHOTO-2026-01-23-13-21-46-2-1024x683.jpg\"},{\"@type\":\"BreadcrumbList\",\"@id\":\"https:\\\/\\\/ambulanceflight.com\\\/fr\\\/flotte\\\/turbopropulseur\\\/pilatus-pc-12\\\/#breadcrumb\",\"itemListElement\":[{\"@type\":\"ListItem\",\"position\":1,\"name\":\"Home\",\"item\":\"https:\\\/\\\/ambulanceflight.com\\\/fr\\\/\"},{\"@type\":\"ListItem\",\"position\":2,\"name\":\"Flotte\",\"item\":\"https:\\\/\\\/ambulanceflight.com\\\/fr\\\/fleet\\\/\"},{\"@type\":\"ListItem\",\"position\":3,\"name\":\"Turbopropulseur\",\"item\":\"https:\\\/\\\/ambulanceflight.com\\\/fr\\\/fleet\\\/turboprop\\\/\"},{\"@type\":\"ListItem\",\"position\":4,\"name\":\"Pilatus PC-12\"}]},{\"@type\":\"WebSite\",\"@id\":\"https:\\\/\\\/ambulanceflight.com\\\/fr\\\/#website\",\"url\":\"https:\\\/\\\/ambulanceflight.com\\\/fr\\\/\",\"name\":\"Services mondiaux d\u2019ambulance a\u00e9rienne\",\"description\":\"Des transferts rapides, s\u00fbrs et enti\u00e8rement \u00e9quip\u00e9s en ambulance a\u00e9rienne pour les patients partout dans le monde.\",\"potentialAction\":[{\"@type\":\"SearchAction\",\"target\":{\"@type\":\"EntryPoint\",\"urlTemplate\":\"https:\\\/\\\/ambulanceflight.com\\\/fr\\\/?s={search_term_string}\"},\"query-input\":{\"@type\":\"PropertyValueSpecification\",\"valueRequired\":true,\"valueName\":\"search_term_string\"}}],\"inLanguage\":\"fr-FR\"}]}<\/script>\n<!-- \/ Yoast SEO plugin. -->","yoast_head_json":{"title":"Pilatus PC-12 - Services mondiaux d\u2019ambulance a\u00e9rienne","robots":{"index":"index","follow":"follow","max-snippet":"max-snippet:-1","max-image-preview":"max-image-preview:large","max-video-preview":"max-video-preview:-1"},"canonical":"https:\/\/ambulanceflight.com\/fr\/flotte\/turbopropulseur\/pilatus-pc-12\/","og_locale":"fr_FR","og_type":"article","og_title":"Pilatus PC-12 - Services mondiaux d\u2019ambulance a\u00e9rienne","og_description":"Description \u2013 Pilatus PC-12 Le Pilatus PC-12 est l\u2019un des avions m\u00e9dicaux monomoteurs les plus polyvalents et largement utilis\u00e9s au monde pour les missions d\u2019evacuation m\u00e9dicale. Sa cabine spacieuse et modulaire permet de transporter un patient en position allong\u00e9e ainsi qu\u2019une personne accompagnante, dans des conditions optimales de confort et de s\u00e9curit\u00e9.La particularit\u00e9 du Pilatus [&hellip;]","og_url":"https:\/\/ambulanceflight.com\/fr\/flotte\/turbopropulseur\/pilatus-pc-12\/","og_site_name":"Services mondiaux d\u2019ambulance a\u00e9rienne","article_modified_time":"2026-01-23T12:27:33+00:00","og_image":[{"url":"http:\/\/ambulanceflight.com\/wp-content\/uploads\/2026\/01\/PHOTO-2026-01-23-13-21-46-2-1024x683.jpg","type":"","width":"","height":""}],"twitter_card":"summary_large_image","twitter_misc":{"Dur\u00e9e de lecture estim\u00e9e":"1 minute"},"schema":{"@context":"https:\/\/schema.org","@graph":[{"@type":"WebPage","@id":"https:\/\/ambulanceflight.com\/fr\/flotte\/turbopropulseur\/pilatus-pc-12\/","url":"https:\/\/ambulanceflight.com\/fr\/flotte\/turbopropulseur\/pilatus-pc-12\/","name":"Pilatus PC-12 - Services mondiaux d\u2019ambulance a\u00e9rienne","isPartOf":{"@id":"https:\/\/ambulanceflight.com\/fr\/#website"},"primaryImageOfPage":{"@id":"https:\/\/ambulanceflight.com\/fr\/flotte\/turbopropulseur\/pilatus-pc-12\/#primaryimage"},"image":{"@id":"https:\/\/ambulanceflight.com\/fr\/flotte\/turbopropulseur\/pilatus-pc-12\/#primaryimage"},"thumbnailUrl":"http:\/\/ambulanceflight.com\/wp-content\/uploads\/2026\/01\/PHOTO-2026-01-23-13-21-46-2-1024x683.jpg","datePublished":"2025-12-30T16:15:15+00:00","dateModified":"2026-01-23T12:27:33+00:00","breadcrumb":{"@id":"https:\/\/ambulanceflight.com\/fr\/flotte\/turbopropulseur\/pilatus-pc-12\/#breadcrumb"},"inLanguage":"fr-FR","potentialAction":[{"@type":"ReadAction","target":["https:\/\/ambulanceflight.com\/fr\/flotte\/turbopropulseur\/pilatus-pc-12\/"]}]},{"@type":"ImageObject","inLanguage":"fr-FR","@id":"https:\/\/ambulanceflight.com\/fr\/flotte\/turbopropulseur\/pilatus-pc-12\/#primaryimage","url":"http:\/\/ambulanceflight.com\/wp-content\/uploads\/2026\/01\/PHOTO-2026-01-23-13-21-46-2-1024x683.jpg","contentUrl":"http:\/\/ambulanceflight.com\/wp-content\/uploads\/2026\/01\/PHOTO-2026-01-23-13-21-46-2-1024x683.jpg"},{"@type":"BreadcrumbList","@id":"https:\/\/ambulanceflight.com\/fr\/flotte\/turbopropulseur\/pilatus-pc-12\/#breadcrumb","itemListElement":[{"@type":"ListItem","position":1,"name":"Home","item":"https:\/\/ambulanceflight.com\/fr\/"},{"@type":"ListItem","position":2,"name":"Flotte","item":"https:\/\/ambulanceflight.com\/fr\/fleet\/"},{"@type":"ListItem","position":3,"name":"Turbopropulseur","item":"https:\/\/ambulanceflight.com\/fr\/fleet\/turboprop\/"},{"@type":"ListItem","position":4,"name":"Pilatus PC-12"}]},{"@type":"WebSite","@id":"https:\/\/ambulanceflight.com\/fr\/#website","url":"https:\/\/ambulanceflight.com\/fr\/","name":"Services mondiaux d\u2019ambulance a\u00e9rienne","description":"Des transferts rapides, s\u00fbrs et enti\u00e8rement \u00e9quip\u00e9s en ambulance a\u00e9rienne pour les patients partout dans le monde.","potentialAction":[{"@type":"SearchAction","target":{"@type":"EntryPoint","urlTemplate":"https:\/\/ambulanceflight.com\/fr\/?s={search_term_string}"},"query-input":{"@type":"PropertyValueSpecification","valueRequired":true,"valueName":"search_term_string"}}],"inLanguage":"fr-FR"}]}},"_links":{"self":[{"href":"https:\/\/ambulanceflight.com\/fr\/wp-json\/wp\/v2\/pages\/1667","targetHints":{"allow":["GET"]}}],"collection":[{"href":"https:\/\/ambulanceflight.com\/fr\/wp-json\/wp\/v2\/pages"}],"about":[{"href":"https:\/\/ambulanceflight.com\/fr\/wp-json\/wp\/v2\/types\/page"}],"author":[{"embeddable":true,"href":"https:\/\/ambulanceflight.com\/fr\/wp-json\/wp\/v2\/users\/1"}],"replies":[{"embeddable":true,"href":"https:\/\/ambulanceflight.com\/fr\/wp-json\/wp\/v2\/comments?post=1667"}],"version-history":[{"count":6,"href":"https:\/\/ambulanceflight.com\/fr\/wp-json\/wp\/v2\/pages\/1667\/revisions"}],"predecessor-version":[{"id":2859,"href":"https:\/\/ambulanceflight.com\/fr\/wp-json\/wp\/v2\/pages\/1667\/revisions\/2859"}],"up":[{"embeddable":true,"href":"https:\/\/ambulanceflight.com\/fr\/wp-json\/wp\/v2\/pages\/1473"}],"wp:attachment":[{"href":"https:\/\/ambulanceflight.com\/fr\/wp-json\/wp\/v2\/media?parent=1667"}],"curies":[{"name":"wp","href":"https:\/\/api.w.org\/{rel}","templated":true}]}}