{"id":1607,"date":"2025-12-30T14:34:56","date_gmt":"2025-12-30T14:34:56","guid":{"rendered":"https:\/\/ambulanceflight.com\/heavy-jet\/"},"modified":"2026-04-15T14:22:01","modified_gmt":"2026-04-15T14:22:01","slug":"heavy-jet","status":"publish","type":"page","link":"https:\/\/ambulanceflight.com\/fr\/flotte\/heavy-jet\/","title":{"rendered":"Heavy Jet"},"content":{"rendered":"\t\t<div data-elementor-type=\"wp-page\" data-elementor-id=\"1607\" class=\"elementor elementor-1607 elementor-1598\" data-elementor-settings=\"{&quot;ha_cmc_init_switcher&quot;:&quot;no&quot;}\" data-elementor-post-type=\"page\">\n\t\t\t\t<div class=\"elementor-element elementor-element-b39d3ab e-flex e-con-boxed e-con e-parent\" data-id=\"b39d3ab\" data-element_type=\"container\" data-settings=\"{&quot;background_background&quot;:&quot;classic&quot;,&quot;_ha_eqh_enable&quot;:false,&quot;ekit_has_onepagescroll_dot&quot;:&quot;yes&quot;}\">\n\t\t\t\t\t<div class=\"e-con-inner\">\n\t\t<div class=\"elementor-element elementor-element-39ce08a e-con-full e-flex e-con e-child\" data-id=\"39ce08a\" data-element_type=\"container\" data-settings=\"{&quot;_ha_eqh_enable&quot;:false,&quot;ekit_has_onepagescroll_dot&quot;:&quot;yes&quot;}\">\n\t\t\t\t<div class=\"elementor-element elementor-element-df2d290 elementor-widget elementor-widget-spacer\" data-id=\"df2d290\" data-element_type=\"widget\" data-settings=\"{&quot;ekit_we_effect_on&quot;:&quot;none&quot;}\" data-widget_type=\"spacer.default\">\n\t\t\t\t<div class=\"elementor-widget-container\">\n\t\t\t\t\t<div class=\"elementor-spacer\">\n\t\t\t<div class=\"elementor-spacer-inner\"><\/div>\n\t\t<\/div>\n\t\t\t\t<\/div>\n\t\t\t\t<\/div>\n\t\t\t\t<div data-ha-element-link=\"{&quot;url&quot;:&quot;https:\\\/\\\/ambulanceflight.com\\\/challenger-604\\\/&quot;,&quot;is_external&quot;:&quot;&quot;,&quot;nofollow&quot;:&quot;&quot;}\" style=\"cursor: pointer\" class=\"elementor-element elementor-element-4d1c269 elementor-widget elementor-widget-html\" data-id=\"4d1c269\" data-element_type=\"widget\" data-settings=\"{&quot;ekit_we_effect_on&quot;:&quot;none&quot;}\" data-widget_type=\"html.default\">\n\t\t\t\t<div class=\"elementor-widget-container\">\n\t\t\t<div>\n\n\n    <meta charset=\"UTF-8\">\n    <meta name=\"viewport\" content=\"largeur=largeur d\u2019appareil, \u00e9chelle initiale=1,0\">\n    <title>Flotte - Citation V<\/title>\n    <link rel=\"stylesheet\" href=\"style.css\">\n\n\n\n    <section class=\"fleet-container\">\n        <div class=\"fleet-grid\">\n            \n            <div class=\"aircraft-card\">\n                <div class=\"image-container\">\n                    <img decoding=\"async\" src=\"http:\/\/ambulanceflight.com\/wp-content\/uploads\/2025\/12\/challenger-604.jpg\" alt=\"Challenger 604\">\n                <\/div>\n                <div class=\"aircraft-footer\">\n  CHALLENGER 604\n                <\/div>\n            <\/div>\n\n        <\/div>\n    <\/section>\n\n\n<\/div>\t\t<\/div>\n\t\t\t\t<\/div>\n\t\t\t\t<\/div>\n\t\t<div class=\"elementor-element elementor-element-780f0ba e-con-full e-flex e-con e-child\" data-id=\"780f0ba\" data-element_type=\"container\" data-settings=\"{&quot;_ha_eqh_enable&quot;:false,&quot;ekit_has_onepagescroll_dot&quot;:&quot;yes&quot;}\">\n\t\t\t\t<div class=\"elementor-element elementor-element-540b965 elementor-widget elementor-widget-spacer\" data-id=\"540b965\" data-element_type=\"widget\" data-settings=\"{&quot;ekit_we_effect_on&quot;:&quot;none&quot;}\" data-widget_type=\"spacer.default\">\n\t\t\t\t<div class=\"elementor-widget-container\">\n\t\t\t\t\t<div class=\"elementor-spacer\">\n\t\t\t<div class=\"elementor-spacer-inner\"><\/div>\n\t\t<\/div>\n\t\t\t\t<\/div>\n\t\t\t\t<\/div>\n\t\t\t\t<div data-ha-element-link=\"{&quot;url&quot;:&quot;https:\\\/\\\/ambulanceflight.com\\\/challenger-605\\\/&quot;,&quot;is_external&quot;:&quot;&quot;,&quot;nofollow&quot;:&quot;&quot;}\" style=\"cursor: pointer\" class=\"elementor-element elementor-element-3c9bc91 elementor-widget elementor-widget-html\" data-id=\"3c9bc91\" data-element_type=\"widget\" data-settings=\"{&quot;ekit_we_effect_on&quot;:&quot;none&quot;}\" data-widget_type=\"html.default\">\n\t\t\t\t<div class=\"elementor-widget-container\">\n\t\t\t<div>\n\n\n    <meta charset=\"UTF-8\">\n    <meta name=\"viewport\" content=\"largeur=largeur d\u2019appareil, \u00e9chelle initiale=1,0\">\n    <title>Flotte - Citation V<\/title>\n    <link rel=\"stylesheet\" href=\"style.css\">\n\n\n\n    <section class=\"fleet-container\">\n        <div class=\"fleet-grid\">\n            \n            <div class=\"aircraft-card\">\n                <div class=\"image-container\">\n                    <img decoding=\"async\" src=\"http:\/\/ambulanceflight.com\/wp-content\/uploads\/2025\/12\/Aviation-Photo-5365261_-Bombardier-Challenger-605-CL-600-2B16-Untitled.jpg\" alt=\"Challenger 605\">\n                <\/div>\n                <div class=\"aircraft-footer\">\n  Challenger 605\n                <\/div>\n            <\/div>\n\n        <\/div>\n    <\/section>\n\n\n<\/div>\t\t<\/div>\n\t\t\t\t<\/div>\n\t\t\t\t<\/div>\n\t\t<div class=\"elementor-element elementor-element-e23d2cd e-con-full e-flex e-con e-child\" data-id=\"e23d2cd\" data-element_type=\"container\" data-settings=\"{&quot;_ha_eqh_enable&quot;:false,&quot;ekit_has_onepagescroll_dot&quot;:&quot;yes&quot;}\">\n\t\t\t\t<div class=\"elementor-element elementor-element-b9b0891 elementor-widget elementor-widget-spacer\" data-id=\"b9b0891\" data-element_type=\"widget\" data-settings=\"{&quot;ekit_we_effect_on&quot;:&quot;none&quot;}\" data-widget_type=\"spacer.default\">\n\t\t\t\t<div class=\"elementor-widget-container\">\n\t\t\t\t\t<div class=\"elementor-spacer\">\n\t\t\t<div class=\"elementor-spacer-inner\"><\/div>\n\t\t<\/div>\n\t\t\t\t<\/div>\n\t\t\t\t<\/div>\n\t\t\t\t<div data-ha-element-link=\"{&quot;url&quot;:&quot;https:\\\/\\\/ambulanceflight.com\\\/gulfstream-gv\\\/&quot;,&quot;is_external&quot;:&quot;&quot;,&quot;nofollow&quot;:&quot;&quot;}\" style=\"cursor: pointer\" class=\"elementor-element elementor-element-fc05f39 elementor-widget elementor-widget-html\" data-id=\"fc05f39\" data-element_type=\"widget\" data-settings=\"{&quot;ekit_we_effect_on&quot;:&quot;none&quot;}\" data-widget_type=\"html.default\">\n\t\t\t\t<div class=\"elementor-widget-container\">\n\t\t\t<div>\n\n\n    <meta charset=\"UTF-8\">\n    <meta name=\"viewport\" content=\"largeur=largeur d\u2019appareil, \u00e9chelle initiale=1,0\">\n    <title>Flotte - Citation V<\/title>\n    <link rel=\"stylesheet\" href=\"style.css\">\n\n\n\n    <section class=\"fleet-container\">\n        <div class=\"fleet-grid\">\n            \n            <div class=\"aircraft-card\">\n                <div class=\"image-container\">\n                    <img decoding=\"async\" src=\"http:\/\/ambulanceflight.com\/wp-content\/uploads\/2025\/12\/Private-Jet-Fleet_-Gulfstream-Embraer-Dassault-Clay-Lacy-Aviation.jpg\" alt=\"Gulfstream GV\">\n                <\/div>\n                <div class=\"aircraft-footer\">\n  Gulfstream GV\n                <\/div>\n            <\/div>\n\n        <\/div>\n    <\/section>\n\n\n<\/div>\t\t<\/div>\n\t\t\t\t<\/div>\n\t\t\t\t<\/div>\n\t\t<div class=\"elementor-element elementor-element-eaf19c3 e-con-full e-flex e-con e-child\" data-id=\"eaf19c3\" data-element_type=\"container\" data-settings=\"{&quot;_ha_eqh_enable&quot;:false,&quot;ekit_has_onepagescroll_dot&quot;:&quot;yes&quot;}\">\n\t\t\t\t<div class=\"elementor-element elementor-element-d7d515f elementor-widget elementor-widget-spacer\" data-id=\"d7d515f\" data-element_type=\"widget\" data-settings=\"{&quot;ekit_we_effect_on&quot;:&quot;none&quot;}\" data-widget_type=\"spacer.default\">\n\t\t\t\t<div class=\"elementor-widget-container\">\n\t\t\t\t\t<div class=\"elementor-spacer\">\n\t\t\t<div class=\"elementor-spacer-inner\"><\/div>\n\t\t<\/div>\n\t\t\t\t<\/div>\n\t\t\t\t<\/div>\n\t\t\t\t<div data-ha-element-link=\"{&quot;url&quot;:&quot;https:\\\/\\\/ambulanceflight.com\\\/falcon-900\\\/&quot;,&quot;is_external&quot;:&quot;&quot;,&quot;nofollow&quot;:&quot;&quot;}\" style=\"cursor: pointer\" class=\"elementor-element elementor-element-2997316 elementor-widget elementor-widget-html\" data-id=\"2997316\" data-element_type=\"widget\" data-settings=\"{&quot;ekit_we_effect_on&quot;:&quot;none&quot;}\" data-widget_type=\"html.default\">\n\t\t\t\t<div class=\"elementor-widget-container\">\n\t\t\t<div>\n\n\n    <meta charset=\"UTF-8\">\n    <meta name=\"viewport\" content=\"largeur=largeur d\u2019appareil, \u00e9chelle initiale=1,0\">\n    <title>Flotte - Citation V<\/title>\n    <link rel=\"stylesheet\" href=\"style.css\">\n\n\n\n    <section class=\"fleet-container\">\n        <div class=\"fleet-grid\">\n            \n            <div class=\"aircraft-card\">\n                <div class=\"image-container\">\n                    <img decoding=\"async\" src=\"http:\/\/ambulanceflight.com\/wp-content\/uploads\/2025\/12\/Falcon-900EX.jpg\" alt=\"Falcon 900\">\n                <\/div>\n                <div class=\"aircraft-footer\">\n  Falcon 900\n                <\/div>\n            <\/div>\n\n        <\/div>\n    <\/section>\n\n\n<\/div>\t\t<\/div>\n\t\t\t\t<\/div>\n\t\t\t\t<\/div>\n\t\t\t\t\t<\/div>\n\t\t\t\t<\/div>\n\t\t<div class=\"elementor-element elementor-element-3d124a0 e-flex e-con-boxed e-con e-parent\" data-id=\"3d124a0\" data-element_type=\"container\" data-settings=\"{&quot;background_background&quot;:&quot;classic&quot;,&quot;_ha_eqh_enable&quot;:false,&quot;ekit_has_onepagescroll_dot&quot;:&quot;yes&quot;}\">\n\t\t\t\t\t<div class=\"e-con-inner\">\n\t\t\t\t<div class=\"elementor-element elementor-element-7eaa2b4 elementor-widget elementor-widget-text-editor\" data-id=\"7eaa2b4\" data-element_type=\"widget\" data-settings=\"{&quot;ekit_we_effect_on&quot;:&quot;none&quot;}\" data-widget_type=\"text-editor.default\">\n\t\t\t\t<div class=\"elementor-widget-container\">\n\t\t\t\t\t\t\t<p> <\/p><table data-path-to-node=\"2\"><thead><tr><td><strong>D\u00e9tails des fonctionnalit\u00e9s<\/strong><\/td><td><strong><\/strong><\/td><\/tr><\/thead><tbody><tr><td><span data-path-to-node=\"2,1,0,0\"><b data-path-to-node=\"2,1,0,0\" data-index-in-node=\"0\">Capacit\u00e9<\/b><\/span><\/td> assise <td><span data-path-to-node=\"2,1,1,0\"><b data-path-to-node=\"2,1,1,0\" data-index-in-node=\"0\">de 10 \u00e0 16 passagers<\/b> (souvent avec un canap\u00e9\/divan)<\/span><\/td><\/tr><tr><td><span data-path-to-node=\"2,2,0,0\"><b data-path-to-node=\"2,2,0,0\" data-index-in-node=\"0\">Capacit\u00e9 de brancards (Medevac)<\/b><\/span><\/td> <td><span data-path-to-node=\"2,2,1,0\"><b data-path-to-node=\"2,2,1,0\" data-index-in-node=\"0\">de 2 \u00e0 3 brancards<\/b> (v\u00e9ritable unit\u00e9 mobile de soins intensifs)<\/span><\/td><\/tr><tr><td><span data-path-to-node=\"2,3,0,0\"><b data-path-to-node=\"2,3,0,0\" data-index-in-node=\"0\">Altitude maximale<\/b><\/span><\/td> <td><span data-path-to-node=\"2,3,1,0\"><b data-path-to-node=\"2,3,1,0\" data-index-in-node=\"6\">jusqu\u2019\u00e0 41 000 &#8211; 51 000 pieds<\/b> (12 500 &#8211; 15 500 m\u00e8tres)<\/span><\/td><\/tr><tr><td><span data-path-to-node=\"2,4,0,0\"><b data-path-to-node=\"2,4,0,0\" data-index-in-node=\"0\">Vitesse de croisi\u00e8re<\/b><\/span><\/td><td><span data-path-to-node=\"2,4,1,0\">: Environ <b data-path-to-node=\"2,4,1,0\" data-index-in-node=\"8\">470 \u00e0 490 n\u0153uds<\/b> (870 \u00e0 910 km\/h)<\/span><\/td><\/tr><tr><td><span data-path-to-node=\"2,5,0,0\"><b data-path-to-node=\"2,5,0,0\" data-index-in-node=\"0\">Autonomie maximale (distance)<\/b><\/span><\/td> <td><span data-path-to-node=\"2,5,1,0\"><b data-path-to-node=\"2,5,1,0\" data-index-in-node=\"0\">de 4 000 \u00e0 6 000 milles nautiques<\/b> (7 400 \u00e0 11 000 km)<\/span><\/td><\/tr><tr><td><span data-path-to-node=\"2,6,0,0\"><b data-path-to-node=\"2,6,0,0\" data-index-in-node=\"0\">Endurance sans<\/b><\/span><\/td><td><span data-path-to-node=\"2,6,1,0\">escale : environ <b data-path-to-node=\"2,6,1,0\" data-index-in-node=\"8\">8 \u00e0 12 heures<\/b> de vol<\/span><\/td><\/tr><\/tbody><\/table><p> <\/p><p> <\/p><p><strong>Pr\u00e9sentation et ressources du Heavy Jet<\/strong><\/p><p> <\/p><p> <\/p><p>Le Heavy Jet est la cat\u00e9gorie principale pour les voyages intercontinentaux et les missions diplomatiques ou m\u00e9dicales \u00e0 grande \u00e9chelle. Son principal atout est son espace de cabine exceptionnel, offrant une hauteur de plafond g\u00e9n\u00e9reuse et plusieurs espaces de vie distincts (travail, repas, repos). Cette configuration permet d\u2019avoir un \u00e9quipage complet, incluant des agents de bord pour un service VIP ou des \u00e9quipes m\u00e9dicales sp\u00e9cialis\u00e9es pouvant intervenir simultan\u00e9ment sur plusieurs patients. Gr\u00e2ce \u00e0 sa grande autonomie, elle peut relier des continents entiers (par exemple, Paris \u00e0 New York ou Duba\u00ef \u00e0 Tokyo) sans aucune escale, ce qui repr\u00e9sente un gain de temps et de s\u00e9curit\u00e9 consid\u00e9rable. \u00c9quip\u00e9 des technologies les plus avanc\u00e9es et d\u2019un syst\u00e8me de pressurisation haute performance, il r\u00e9duit consid\u00e9rablement l\u2019effet du d\u00e9calage horaire et de la fatigue. C\u2019est l\u2019avion ultime pour ceux qui exigent une flexibilit\u00e9 totale, un confort de type appartement et la capacit\u00e9 d\u2019op\u00e9rer partout dans le monde dans des conditions optimales.     <\/p><p> <\/p><p> <\/p>\t\t\t\t\t\t<\/div>\n\t\t\t\t<\/div>\n\t\t\t\t\t<\/div>\n\t\t\t\t<\/div>\n\t\t\t\t<\/div>\n\t\t","protected":false},"excerpt":{"rendered":"<p>Flotte &#8211; Citation V CHALLENGER 604 Flotte &#8211; Citation V Challenger 605 Flotte &#8211; Citation V Gulfstream GV Flotte &#8211; Citation V Falcon 900 D\u00e9tails des fonctionnalit\u00e9s Capacit\u00e9 assise de 10 \u00e0 16 passagers (souvent avec un canap\u00e9\/divan) Capacit\u00e9 de brancards (Medevac) de 2 \u00e0 3 brancards (v\u00e9ritable unit\u00e9 mobile de soins intensifs) Altitude maximale [&hellip;]<\/p>\n","protected":false},"author":1,"featured_media":0,"parent":479,"menu_order":0,"comment_status":"closed","ping_status":"closed","template":"","meta":{"footnotes":""},"class_list":["post-1607","page","type-page","status-publish","hentry"],"yoast_head":"<!-- This site is optimized with the Yoast SEO plugin v27.6 - https:\/\/yoast.com\/product\/yoast-seo-wordpress\/ -->\n<title>Heavy Jet - Services mondiaux d\u2019ambulance a\u00e9rienne<\/title>\n<meta name=\"robots\" content=\"index, follow, max-snippet:-1, max-image-preview:large, max-video-preview:-1\" \/>\n<link rel=\"canonical\" href=\"https:\/\/ambulanceflight.com\/fr\/flotte\/heavy-jet\/\" \/>\n<meta property=\"og:locale\" content=\"fr_FR\" \/>\n<meta property=\"og:type\" content=\"article\" \/>\n<meta property=\"og:title\" content=\"Heavy Jet - Services mondiaux d\u2019ambulance a\u00e9rienne\" \/>\n<meta property=\"og:description\" content=\"Flotte &#8211; Citation V CHALLENGER 604 Flotte &#8211; Citation V Challenger 605 Flotte &#8211; Citation V Gulfstream GV Flotte &#8211; Citation V Falcon 900 D\u00e9tails des fonctionnalit\u00e9s Capacit\u00e9 assise de 10 \u00e0 16 passagers (souvent avec un canap\u00e9\/divan) Capacit\u00e9 de brancards (Medevac) de 2 \u00e0 3 brancards (v\u00e9ritable unit\u00e9 mobile de soins intensifs) Altitude maximale [&hellip;]\" \/>\n<meta property=\"og:url\" content=\"https:\/\/ambulanceflight.com\/fr\/flotte\/heavy-jet\/\" \/>\n<meta property=\"og:site_name\" content=\"Services mondiaux d\u2019ambulance a\u00e9rienne\" \/>\n<meta property=\"article:modified_time\" content=\"2026-04-15T14:22:01+00:00\" \/>\n<meta property=\"og:image\" content=\"http:\/\/ambulanceflight.com\/wp-content\/uploads\/2025\/12\/challenger-604.jpg\" \/>\n<meta name=\"twitter:card\" content=\"summary_large_image\" \/>\n<meta name=\"twitter:label1\" content=\"Dur\u00e9e de lecture estim\u00e9e\" \/>\n\t<meta name=\"twitter:data1\" content=\"1 minute\" \/>\n<script type=\"application\/ld+json\" class=\"yoast-schema-graph\">{\"@context\":\"https:\\\/\\\/schema.org\",\"@graph\":[{\"@type\":\"WebPage\",\"@id\":\"https:\\\/\\\/ambulanceflight.com\\\/fr\\\/flotte\\\/heavy-jet\\\/\",\"url\":\"https:\\\/\\\/ambulanceflight.com\\\/fr\\\/flotte\\\/heavy-jet\\\/\",\"name\":\"Heavy Jet - Services mondiaux d\u2019ambulance a\u00e9rienne\",\"isPartOf\":{\"@id\":\"https:\\\/\\\/ambulanceflight.com\\\/fr\\\/#website\"},\"primaryImageOfPage\":{\"@id\":\"https:\\\/\\\/ambulanceflight.com\\\/fr\\\/flotte\\\/heavy-jet\\\/#primaryimage\"},\"image\":{\"@id\":\"https:\\\/\\\/ambulanceflight.com\\\/fr\\\/flotte\\\/heavy-jet\\\/#primaryimage\"},\"thumbnailUrl\":\"http:\\\/\\\/ambulanceflight.com\\\/wp-content\\\/uploads\\\/2025\\\/12\\\/challenger-604.jpg\",\"datePublished\":\"2025-12-30T14:34:56+00:00\",\"dateModified\":\"2026-04-15T14:22:01+00:00\",\"breadcrumb\":{\"@id\":\"https:\\\/\\\/ambulanceflight.com\\\/fr\\\/flotte\\\/heavy-jet\\\/#breadcrumb\"},\"inLanguage\":\"fr-FR\",\"potentialAction\":[{\"@type\":\"ReadAction\",\"target\":[\"https:\\\/\\\/ambulanceflight.com\\\/fr\\\/flotte\\\/heavy-jet\\\/\"]}]},{\"@type\":\"ImageObject\",\"inLanguage\":\"fr-FR\",\"@id\":\"https:\\\/\\\/ambulanceflight.com\\\/fr\\\/flotte\\\/heavy-jet\\\/#primaryimage\",\"url\":\"http:\\\/\\\/ambulanceflight.com\\\/wp-content\\\/uploads\\\/2025\\\/12\\\/challenger-604.jpg\",\"contentUrl\":\"http:\\\/\\\/ambulanceflight.com\\\/wp-content\\\/uploads\\\/2025\\\/12\\\/challenger-604.jpg\"},{\"@type\":\"BreadcrumbList\",\"@id\":\"https:\\\/\\\/ambulanceflight.com\\\/fr\\\/flotte\\\/heavy-jet\\\/#breadcrumb\",\"itemListElement\":[{\"@type\":\"ListItem\",\"position\":1,\"name\":\"Home\",\"item\":\"https:\\\/\\\/ambulanceflight.com\\\/fr\\\/\"},{\"@type\":\"ListItem\",\"position\":2,\"name\":\"Flotte\",\"item\":\"https:\\\/\\\/ambulanceflight.com\\\/fr\\\/fleet\\\/\"},{\"@type\":\"ListItem\",\"position\":3,\"name\":\"Heavy Jet\"}]},{\"@type\":\"WebSite\",\"@id\":\"https:\\\/\\\/ambulanceflight.com\\\/fr\\\/#website\",\"url\":\"https:\\\/\\\/ambulanceflight.com\\\/fr\\\/\",\"name\":\"Services mondiaux d\u2019ambulance a\u00e9rienne\",\"description\":\"Des transferts rapides, s\u00fbrs et enti\u00e8rement \u00e9quip\u00e9s en ambulance a\u00e9rienne pour les patients partout dans le monde.\",\"potentialAction\":[{\"@type\":\"SearchAction\",\"target\":{\"@type\":\"EntryPoint\",\"urlTemplate\":\"https:\\\/\\\/ambulanceflight.com\\\/fr\\\/?s={search_term_string}\"},\"query-input\":{\"@type\":\"PropertyValueSpecification\",\"valueRequired\":true,\"valueName\":\"search_term_string\"}}],\"inLanguage\":\"fr-FR\"}]}<\/script>\n<!-- \/ Yoast SEO plugin. -->","yoast_head_json":{"title":"Heavy Jet - Services mondiaux d\u2019ambulance a\u00e9rienne","robots":{"index":"index","follow":"follow","max-snippet":"max-snippet:-1","max-image-preview":"max-image-preview:large","max-video-preview":"max-video-preview:-1"},"canonical":"https:\/\/ambulanceflight.com\/fr\/flotte\/heavy-jet\/","og_locale":"fr_FR","og_type":"article","og_title":"Heavy Jet - Services mondiaux d\u2019ambulance a\u00e9rienne","og_description":"Flotte &#8211; Citation V CHALLENGER 604 Flotte &#8211; Citation V Challenger 605 Flotte &#8211; Citation V Gulfstream GV Flotte &#8211; Citation V Falcon 900 D\u00e9tails des fonctionnalit\u00e9s Capacit\u00e9 assise de 10 \u00e0 16 passagers (souvent avec un canap\u00e9\/divan) Capacit\u00e9 de brancards (Medevac) de 2 \u00e0 3 brancards (v\u00e9ritable unit\u00e9 mobile de soins intensifs) Altitude maximale [&hellip;]","og_url":"https:\/\/ambulanceflight.com\/fr\/flotte\/heavy-jet\/","og_site_name":"Services mondiaux d\u2019ambulance a\u00e9rienne","article_modified_time":"2026-04-15T14:22:01+00:00","og_image":[{"url":"http:\/\/ambulanceflight.com\/wp-content\/uploads\/2025\/12\/challenger-604.jpg","type":"","width":"","height":""}],"twitter_card":"summary_large_image","twitter_misc":{"Dur\u00e9e de lecture estim\u00e9e":"1 minute"},"schema":{"@context":"https:\/\/schema.org","@graph":[{"@type":"WebPage","@id":"https:\/\/ambulanceflight.com\/fr\/flotte\/heavy-jet\/","url":"https:\/\/ambulanceflight.com\/fr\/flotte\/heavy-jet\/","name":"Heavy Jet - Services mondiaux d\u2019ambulance a\u00e9rienne","isPartOf":{"@id":"https:\/\/ambulanceflight.com\/fr\/#website"},"primaryImageOfPage":{"@id":"https:\/\/ambulanceflight.com\/fr\/flotte\/heavy-jet\/#primaryimage"},"image":{"@id":"https:\/\/ambulanceflight.com\/fr\/flotte\/heavy-jet\/#primaryimage"},"thumbnailUrl":"http:\/\/ambulanceflight.com\/wp-content\/uploads\/2025\/12\/challenger-604.jpg","datePublished":"2025-12-30T14:34:56+00:00","dateModified":"2026-04-15T14:22:01+00:00","breadcrumb":{"@id":"https:\/\/ambulanceflight.com\/fr\/flotte\/heavy-jet\/#breadcrumb"},"inLanguage":"fr-FR","potentialAction":[{"@type":"ReadAction","target":["https:\/\/ambulanceflight.com\/fr\/flotte\/heavy-jet\/"]}]},{"@type":"ImageObject","inLanguage":"fr-FR","@id":"https:\/\/ambulanceflight.com\/fr\/flotte\/heavy-jet\/#primaryimage","url":"http:\/\/ambulanceflight.com\/wp-content\/uploads\/2025\/12\/challenger-604.jpg","contentUrl":"http:\/\/ambulanceflight.com\/wp-content\/uploads\/2025\/12\/challenger-604.jpg"},{"@type":"BreadcrumbList","@id":"https:\/\/ambulanceflight.com\/fr\/flotte\/heavy-jet\/#breadcrumb","itemListElement":[{"@type":"ListItem","position":1,"name":"Home","item":"https:\/\/ambulanceflight.com\/fr\/"},{"@type":"ListItem","position":2,"name":"Flotte","item":"https:\/\/ambulanceflight.com\/fr\/fleet\/"},{"@type":"ListItem","position":3,"name":"Heavy Jet"}]},{"@type":"WebSite","@id":"https:\/\/ambulanceflight.com\/fr\/#website","url":"https:\/\/ambulanceflight.com\/fr\/","name":"Services mondiaux d\u2019ambulance a\u00e9rienne","description":"Des transferts rapides, s\u00fbrs et enti\u00e8rement \u00e9quip\u00e9s en ambulance a\u00e9rienne pour les patients partout dans le monde.","potentialAction":[{"@type":"SearchAction","target":{"@type":"EntryPoint","urlTemplate":"https:\/\/ambulanceflight.com\/fr\/?s={search_term_string}"},"query-input":{"@type":"PropertyValueSpecification","valueRequired":true,"valueName":"search_term_string"}}],"inLanguage":"fr-FR"}]}},"_links":{"self":[{"href":"https:\/\/ambulanceflight.com\/fr\/wp-json\/wp\/v2\/pages\/1607","targetHints":{"allow":["GET"]}}],"collection":[{"href":"https:\/\/ambulanceflight.com\/fr\/wp-json\/wp\/v2\/pages"}],"about":[{"href":"https:\/\/ambulanceflight.com\/fr\/wp-json\/wp\/v2\/types\/page"}],"author":[{"embeddable":true,"href":"https:\/\/ambulanceflight.com\/fr\/wp-json\/wp\/v2\/users\/1"}],"replies":[{"embeddable":true,"href":"https:\/\/ambulanceflight.com\/fr\/wp-json\/wp\/v2\/comments?post=1607"}],"version-history":[{"count":5,"href":"https:\/\/ambulanceflight.com\/fr\/wp-json\/wp\/v2\/pages\/1607\/revisions"}],"predecessor-version":[{"id":2127,"href":"https:\/\/ambulanceflight.com\/fr\/wp-json\/wp\/v2\/pages\/1607\/revisions\/2127"}],"up":[{"embeddable":true,"href":"https:\/\/ambulanceflight.com\/fr\/wp-json\/wp\/v2\/pages\/479"}],"wp:attachment":[{"href":"https:\/\/ambulanceflight.com\/fr\/wp-json\/wp\/v2\/media?parent=1607"}],"curies":[{"name":"wp","href":"https:\/\/api.w.org\/{rel}","templated":true}]}}