{"id":1544,"date":"2025-12-30T10:32:11","date_gmt":"2025-12-30T10:32:11","guid":{"rendered":"https:\/\/ambulanceflight.com\/jets-de-taille-moyenne\/"},"modified":"2026-04-15T14:22:04","modified_gmt":"2026-04-15T14:22:04","slug":"jets-de-taille-moyenne","status":"publish","type":"page","link":"https:\/\/ambulanceflight.com\/fr\/flotte\/jets-de-taille-moyenne\/","title":{"rendered":"Jets de taille moyenne"},"content":{"rendered":"\t\t<div data-elementor-type=\"wp-page\" data-elementor-id=\"1544\" class=\"elementor elementor-1544 elementor-1532\" data-elementor-settings=\"{&quot;ha_cmc_init_switcher&quot;:&quot;no&quot;}\" data-elementor-post-type=\"page\">\n\t\t\t\t<div class=\"elementor-element elementor-element-6f4fdc2 e-flex e-con-boxed e-con e-parent\" data-id=\"6f4fdc2\" data-element_type=\"container\" data-settings=\"{&quot;background_background&quot;:&quot;classic&quot;,&quot;_ha_eqh_enable&quot;:false,&quot;ekit_has_onepagescroll_dot&quot;:&quot;yes&quot;}\">\n\t\t\t\t\t<div class=\"e-con-inner\">\n\t\t<div class=\"elementor-element elementor-element-4da73b5 e-con-full e-flex e-con e-child\" data-id=\"4da73b5\" data-element_type=\"container\" data-settings=\"{&quot;_ha_eqh_enable&quot;:false,&quot;ekit_has_onepagescroll_dot&quot;:&quot;yes&quot;}\">\n\t\t\t\t<div class=\"elementor-element elementor-element-fb514bc elementor-widget elementor-widget-spacer\" data-id=\"fb514bc\" data-element_type=\"widget\" data-settings=\"{&quot;ekit_we_effect_on&quot;:&quot;none&quot;}\" data-widget_type=\"spacer.default\">\n\t\t\t\t<div class=\"elementor-widget-container\">\n\t\t\t\t\t<div class=\"elementor-spacer\">\n\t\t\t<div class=\"elementor-spacer-inner\"><\/div>\n\t\t<\/div>\n\t\t\t\t<\/div>\n\t\t\t\t<\/div>\n\t\t\t\t<div data-ha-element-link=\"{&quot;url&quot;:&quot;https:\\\/\\\/ambulanceflight.com\\\/learjet-45\\\/&quot;,&quot;is_external&quot;:&quot;&quot;,&quot;nofollow&quot;:&quot;&quot;}\" style=\"cursor: pointer\" class=\"elementor-element elementor-element-58b8ae5 elementor-widget elementor-widget-html\" data-id=\"58b8ae5\" data-element_type=\"widget\" data-settings=\"{&quot;ekit_we_effect_on&quot;:&quot;none&quot;}\" data-widget_type=\"html.default\">\n\t\t\t\t<div class=\"elementor-widget-container\">\n\t\t\t<div>\n\n\n    <meta charset=\"UTF-8\">\n    <meta name=\"viewport\" content=\"largeur=largeur d\u2019appareil, \u00e9chelle initiale=1,0\">\n    <title>Flotte d\u2019Avions - King Air<\/title>\n    <link rel=\"stylesheet\" href=\"style.css\">\n\n\n\n    <section class=\"fleet-container\">\n        <div class=\"fleet-grid\">\n            \n            <div class=\"aircraft-card\">\n                <div class=\"image-container\">\n                    <img decoding=\"async\" src=\"http:\/\/ambulanceflight.com\/wp-content\/uploads\/2025\/12\/Bombardiers-Learjet-45.jpg\" alt=\"LearJet 45\">\n                <\/div>\n                <div class=\"aircraft-footer\">\n  LearJet 45\n                <\/div>\n            <\/div>\n\n        <\/div>\n    <\/section>\n\n\n<\/div>\t\t<\/div>\n\t\t\t\t<\/div>\n\t\t\t\t<\/div>\n\t\t<div class=\"elementor-element elementor-element-17369f9 e-con-full e-flex e-con e-child\" data-id=\"17369f9\" data-element_type=\"container\" data-settings=\"{&quot;_ha_eqh_enable&quot;:false,&quot;ekit_has_onepagescroll_dot&quot;:&quot;yes&quot;}\">\n\t\t\t\t<div class=\"elementor-element elementor-element-18d5e92 elementor-widget elementor-widget-spacer\" data-id=\"18d5e92\" data-element_type=\"widget\" data-settings=\"{&quot;ekit_we_effect_on&quot;:&quot;none&quot;}\" data-widget_type=\"spacer.default\">\n\t\t\t\t<div class=\"elementor-widget-container\">\n\t\t\t\t\t<div class=\"elementor-spacer\">\n\t\t\t<div class=\"elementor-spacer-inner\"><\/div>\n\t\t<\/div>\n\t\t\t\t<\/div>\n\t\t\t\t<\/div>\n\t\t\t\t<div data-ha-element-link=\"{&quot;url&quot;:&quot;https:\\\/\\\/ambulanceflight.com\\\/falcon-50\\\/&quot;,&quot;is_external&quot;:&quot;&quot;,&quot;nofollow&quot;:&quot;&quot;}\" style=\"cursor: pointer\" class=\"elementor-element elementor-element-50fa4cd elementor-widget elementor-widget-html\" data-id=\"50fa4cd\" data-element_type=\"widget\" data-settings=\"{&quot;ekit_we_effect_on&quot;:&quot;none&quot;}\" data-widget_type=\"html.default\">\n\t\t\t\t<div class=\"elementor-widget-container\">\n\t\t\t<div>\n\n\n    <meta charset=\"UTF-8\">\n    <meta name=\"viewport\" content=\"largeur=largeur d\u2019appareil, \u00e9chelle initiale=1,0\">\n    <title>Flotte d\u2019Avions - King Air<\/title>\n    <link rel=\"stylesheet\" href=\"style.css\">\n\n\n\n    <section class=\"fleet-container\">\n        <div class=\"fleet-grid\">\n            \n            <div class=\"aircraft-card\">\n                <div class=\"image-container\">\n                    <img decoding=\"async\" src=\"http:\/\/ambulanceflight.com\/wp-content\/uploads\/2025\/12\/9-1.jpg\" alt=\"Falcon 50\">\n                <\/div>\n                <div class=\"aircraft-footer\">\n  Falcon 50\n                <\/div>\n            <\/div>\n\n        <\/div>\n    <\/section>\n\n\n<\/div>\t\t<\/div>\n\t\t\t\t<\/div>\n\t\t\t\t<\/div>\n\t\t<div class=\"elementor-element elementor-element-79b448f e-con-full e-flex e-con e-child\" data-id=\"79b448f\" data-element_type=\"container\" data-settings=\"{&quot;_ha_eqh_enable&quot;:false,&quot;ekit_has_onepagescroll_dot&quot;:&quot;yes&quot;}\">\n\t\t\t\t<div class=\"elementor-element elementor-element-b083635 elementor-widget elementor-widget-spacer\" data-id=\"b083635\" data-element_type=\"widget\" data-settings=\"{&quot;ekit_we_effect_on&quot;:&quot;none&quot;}\" data-widget_type=\"spacer.default\">\n\t\t\t\t<div class=\"elementor-widget-container\">\n\t\t\t\t\t<div class=\"elementor-spacer\">\n\t\t\t<div class=\"elementor-spacer-inner\"><\/div>\n\t\t<\/div>\n\t\t\t\t<\/div>\n\t\t\t\t<\/div>\n\t\t\t\t<div data-ha-element-link=\"{&quot;url&quot;:&quot;https:\\\/\\\/ambulanceflight.com\\\/citation-xls\\\/&quot;,&quot;is_external&quot;:&quot;&quot;,&quot;nofollow&quot;:&quot;&quot;}\" style=\"cursor: pointer\" class=\"elementor-element elementor-element-e68e1e6 elementor-widget elementor-widget-html\" data-id=\"e68e1e6\" data-element_type=\"widget\" data-settings=\"{&quot;ekit_we_effect_on&quot;:&quot;none&quot;}\" data-widget_type=\"html.default\">\n\t\t\t\t<div class=\"elementor-widget-container\">\n\t\t\t<div>\n\n\n    <meta charset=\"UTF-8\">\n    <meta name=\"viewport\" content=\"largeur=largeur d\u2019appareil, \u00e9chelle initiale=1,0\">\n    <title>Flotte d\u2019Avions - King Air<\/title>\n    <link rel=\"stylesheet\" href=\"style.css\">\n\n\n\n    <section class=\"fleet-container\">\n        <div class=\"fleet-grid\">\n            \n            <div class=\"aircraft-card\">\n                <div class=\"image-container\">\n                    <img decoding=\"async\" src=\"http:\/\/ambulanceflight.com\/wp-content\/uploads\/2025\/12\/Cessna-Citation-XLS.jpg\" alt=\"Citation XLS\">\n                <\/div>\n                <div class=\"aircraft-footer\">\n  Citation XLS\n                <\/div>\n            <\/div>\n\n        <\/div>\n    <\/section>\n\n\n<\/div>\t\t<\/div>\n\t\t\t\t<\/div>\n\t\t\t\t<\/div>\n\t\t<div class=\"elementor-element elementor-element-45fae4f e-con-full e-flex e-con e-child\" data-id=\"45fae4f\" data-element_type=\"container\" data-settings=\"{&quot;_ha_eqh_enable&quot;:false,&quot;ekit_has_onepagescroll_dot&quot;:&quot;yes&quot;}\">\n\t\t\t\t<div class=\"elementor-element elementor-element-d03c641 elementor-widget elementor-widget-spacer\" data-id=\"d03c641\" data-element_type=\"widget\" data-settings=\"{&quot;ekit_we_effect_on&quot;:&quot;none&quot;}\" data-widget_type=\"spacer.default\">\n\t\t\t\t<div class=\"elementor-widget-container\">\n\t\t\t\t\t<div class=\"elementor-spacer\">\n\t\t\t<div class=\"elementor-spacer-inner\"><\/div>\n\t\t<\/div>\n\t\t\t\t<\/div>\n\t\t\t\t<\/div>\n\t\t\t\t<div data-ha-element-link=\"{&quot;url&quot;:&quot;https:\\\/\\\/ambulanceflight.com\\\/learjet-60\\\/&quot;,&quot;is_external&quot;:&quot;&quot;,&quot;nofollow&quot;:&quot;&quot;}\" style=\"cursor: pointer\" class=\"elementor-element elementor-element-791af11 elementor-widget elementor-widget-html\" data-id=\"791af11\" data-element_type=\"widget\" data-settings=\"{&quot;ekit_we_effect_on&quot;:&quot;none&quot;}\" data-widget_type=\"html.default\">\n\t\t\t\t<div class=\"elementor-widget-container\">\n\t\t\t<div>\n\n\n    <meta charset=\"UTF-8\">\n    <meta name=\"viewport\" content=\"largeur=largeur d\u2019appareil, \u00e9chelle initiale=1,0\">\n    <title>Flotte d\u2019Avions - King Air<\/title>\n    <link rel=\"stylesheet\" href=\"style.css\">\n\n\n\n    <section class=\"fleet-container\">\n        <div class=\"fleet-grid\">\n            \n            <div class=\"aircraft-card\">\n                <div class=\"image-container\">\n                    <img decoding=\"async\" src=\"http:\/\/ambulanceflight.com\/wp-content\/uploads\/2025\/12\/Find-Bombardier-Learjet-60XR-for-sale-on-JamesEdition.jpg\" alt=\"LearJet 60\">\n                <\/div>\n                <div class=\"aircraft-footer\">\n  LearJet 60\n                <\/div>\n            <\/div>\n\n        <\/div>\n    <\/section>\n\n\n<\/div>\t\t<\/div>\n\t\t\t\t<\/div>\n\t\t\t\t<\/div>\n\t\t\t\t\t<\/div>\n\t\t\t\t<\/div>\n\t\t<div class=\"elementor-element elementor-element-476e7bd e-flex e-con-boxed e-con e-parent\" data-id=\"476e7bd\" data-element_type=\"container\" data-settings=\"{&quot;background_background&quot;:&quot;classic&quot;,&quot;_ha_eqh_enable&quot;:false,&quot;ekit_has_onepagescroll_dot&quot;:&quot;yes&quot;}\">\n\t\t\t\t\t<div class=\"e-con-inner\">\n\t\t<div class=\"elementor-element elementor-element-510c359 e-con-full e-flex e-con e-child\" data-id=\"510c359\" data-element_type=\"container\" data-settings=\"{&quot;_ha_eqh_enable&quot;:false,&quot;ekit_has_onepagescroll_dot&quot;:&quot;yes&quot;}\">\n\t\t\t\t<div data-ha-element-link=\"{&quot;url&quot;:&quot;https:\\\/\\\/ambulanceflight.com\\\/hawker-900\\\/&quot;,&quot;is_external&quot;:&quot;&quot;,&quot;nofollow&quot;:&quot;&quot;}\" style=\"cursor: pointer\" class=\"elementor-element elementor-element-7229cad elementor-widget elementor-widget-html\" data-id=\"7229cad\" data-element_type=\"widget\" data-settings=\"{&quot;ekit_we_effect_on&quot;:&quot;none&quot;}\" data-widget_type=\"html.default\">\n\t\t\t\t<div class=\"elementor-widget-container\">\n\t\t\t<div>\n\n\n    <meta charset=\"UTF-8\">\n    <meta name=\"viewport\" content=\"largeur=largeur d\u2019appareil, \u00e9chelle initiale=1,0\">\n    <title>Flotte d\u2019Avions - King Air<\/title>\n    <link rel=\"stylesheet\" href=\"style.css\">\n\n\n\n    <section class=\"fleet-container\">\n        <div class=\"fleet-grid\">\n            \n            <div class=\"aircraft-card\">\n                <div class=\"image-container\">\n                    <img decoding=\"async\" src=\"http:\/\/ambulanceflight.com\/wp-content\/uploads\/2025\/12\/Hawker-900-XP-Midsize-Jets.jpg\" alt=\"Hawker 900\">\n                <\/div>\n                <div class=\"aircraft-footer\">\n  Hawker 900\n                <\/div>\n            <\/div>\n\n        <\/div>\n    <\/section>\n\n\n<\/div>\t\t<\/div>\n\t\t\t\t<\/div>\n\t\t\t\t<div class=\"elementor-element elementor-element-eba68aa elementor-widget elementor-widget-spacer\" data-id=\"eba68aa\" data-element_type=\"widget\" data-settings=\"{&quot;ekit_we_effect_on&quot;:&quot;none&quot;}\" data-widget_type=\"spacer.default\">\n\t\t\t\t<div class=\"elementor-widget-container\">\n\t\t\t\t\t<div class=\"elementor-spacer\">\n\t\t\t<div class=\"elementor-spacer-inner\"><\/div>\n\t\t<\/div>\n\t\t\t\t<\/div>\n\t\t\t\t<\/div>\n\t\t\t\t<\/div>\n\t\t<div class=\"elementor-element elementor-element-8e114e4 e-con-full e-flex e-con e-child\" data-id=\"8e114e4\" data-element_type=\"container\" data-settings=\"{&quot;_ha_eqh_enable&quot;:false,&quot;ekit_has_onepagescroll_dot&quot;:&quot;yes&quot;}\">\n\t\t\t\t<\/div>\n\t\t<div class=\"elementor-element elementor-element-7dedfdc e-con-full e-flex e-con e-child\" data-id=\"7dedfdc\" data-element_type=\"container\" data-settings=\"{&quot;_ha_eqh_enable&quot;:false,&quot;ekit_has_onepagescroll_dot&quot;:&quot;yes&quot;}\">\n\t\t\t\t<\/div>\n\t\t<div class=\"elementor-element elementor-element-fd309d2 e-con-full e-flex e-con e-child\" data-id=\"fd309d2\" data-element_type=\"container\" data-settings=\"{&quot;_ha_eqh_enable&quot;:false,&quot;ekit_has_onepagescroll_dot&quot;:&quot;yes&quot;}\">\n\t\t\t\t<\/div>\n\t\t\t\t\t<\/div>\n\t\t\t\t<\/div>\n\t\t<div class=\"elementor-element elementor-element-39cea31 e-flex e-con-boxed e-con e-parent\" data-id=\"39cea31\" data-element_type=\"container\" data-settings=\"{&quot;background_background&quot;:&quot;classic&quot;,&quot;_ha_eqh_enable&quot;:false,&quot;ekit_has_onepagescroll_dot&quot;:&quot;yes&quot;}\">\n\t\t\t\t\t<div class=\"e-con-inner\">\n\t\t\t\t\t<\/div>\n\t\t\t\t<\/div>\n\t\t<div class=\"elementor-element elementor-element-b640c2c e-flex e-con-boxed e-con e-parent\" data-id=\"b640c2c\" data-element_type=\"container\" data-settings=\"{&quot;background_background&quot;:&quot;classic&quot;,&quot;_ha_eqh_enable&quot;:false,&quot;ekit_has_onepagescroll_dot&quot;:&quot;yes&quot;}\">\n\t\t\t\t\t<div class=\"e-con-inner\">\n\t\t\t\t<div class=\"elementor-element elementor-element-beed1d7 elementor-widget elementor-widget-text-editor\" data-id=\"beed1d7\" data-element_type=\"widget\" data-settings=\"{&quot;ekit_we_effect_on&quot;:&quot;none&quot;}\" data-widget_type=\"text-editor.default\">\n\t\t\t\t<div class=\"elementor-widget-container\">\n\t\t\t\t\t\t\t<p> <\/p><table data-path-to-node=\"2\"><thead><tr><td><strong>D\u00e9tails des fonctionnalit\u00e9s<\/strong><\/td><td><strong><\/strong><\/td><\/tr><\/thead><tbody><tr><td><span data-path-to-node=\"2,1,0,0\"><b data-path-to-node=\"2,1,0,0\" data-index-in-node=\"0\">Capacit\u00e9<\/b><\/span><\/td> assise <td><span data-path-to-node=\"2,1,1,0\"><b data-path-to-node=\"2,1,1,0\" data-index-in-node=\"0\">de 7 \u00e0 9 passagers<\/b> (avec hauteur de cabine debout)<\/span><\/td><\/tr><tr><td><span data-path-to-node=\"2,2,0,0\"><b data-path-to-node=\"2,2,0,0\" data-index-in-node=\"0\">Capacit\u00e9 de brancards (Medevac)<\/b><\/span><\/td> <td><span data-path-to-node=\"2,2,1,0\"><b data-path-to-node=\"2,2,1,0\" data-index-in-node=\"0\">de 1 \u00e0 2 brancards<\/b> (avec installation sp\u00e9cialis\u00e9e en soins intensifs m\u00e9dicaux)<\/span><\/td><\/tr><tr><td><span data-path-to-node=\"2,3,0,0\"><b data-path-to-node=\"2,3,0,0\" data-index-in-node=\"0\">Altitude maximale<\/b><\/span><\/td> <td><span data-path-to-node=\"2,3,1,0\"><b data-path-to-node=\"2,3,1,0\" data-index-in-node=\"6\">jusqu\u2019\u00e0 45 000 &#8211; 51 000 pieds<\/b> (13 700 &#8211; 15 500 m\u00e8tres)<\/span><\/td><\/tr><tr><td><span data-path-to-node=\"2,4,0,0\"><b data-path-to-node=\"2,4,0,0\" data-index-in-node=\"0\">Vitesse de croisi\u00e8re<\/b><\/span><\/td><td><span data-path-to-node=\"2,4,1,0\">: environ <b data-path-to-node=\"2,4,1,0\" data-index-in-node=\"8\">460 n\u0153uds<\/b> (850 km\/h)<\/span><\/td><\/tr><tr><td><span data-path-to-node=\"2,5,0,0\"><b data-path-to-node=\"2,5,0,0\" data-index-in-node=\"0\">Autonomie maximale (distance)<\/b><\/span><\/td> <td><span data-path-to-node=\"2,5,1,0\"><b data-path-to-node=\"2,5,1,0\" data-index-in-node=\"0\">de 2 100 \u00e0 3 000 milles nautiques<\/b> (3 900 \u00e0 5 500 km)<\/span><\/td><\/tr><tr><td><span data-path-to-node=\"2,6,0,0\"><b data-path-to-node=\"2,6,0,0\" data-index-in-node=\"0\">Endurance sans<\/b><\/span><\/td><td><span data-path-to-node=\"2,6,1,0\">escale : <b data-path-to-node=\"2,6,1,0\" data-index-in-node=\"8\">environ 6 \u00e0 7 heures<\/b> de vol<\/span><\/td><\/tr><\/tbody><\/table><p> <\/p><p><strong>Pr\u00e9sentation et atouts du jet de taille moyenne<\/strong><\/p><p>Le Midsize Jet est l\u2019appareil de choix pour les missions transcontinentales n\u00e9cessitant un \u00e9quilibre parfait entre performance et confort de cabine. Son principal atout est sa cabine \u00ab debout \u00bb, qui permet aux passagers et au personnel m\u00e9dical de se tenir debout et de se d\u00e9placer ais\u00e9ment, un avantage crucial pour les vols de longue dur\u00e9e ou les soins m\u00e9dicaux complexes. Gr\u00e2ce \u00e0 son autonomie \u00e9tendue, elle peut relier sans difficult\u00e9 des villes \u00e9loign\u00e9es (comme Duba\u00ef \u00e0 Gen\u00e8ve ou Londres \u00e0 New York avec un escale minimal). Plus rapide et plus spacieux qu\u2019un Light Jet, il dispose \u00e9galement d\u2019une plus grande capacit\u00e9 de chargement pour les bagages ou le mat\u00e9riel m\u00e9dical lourd. Volant \u00e0 tr\u00e8s haute altitude, il garantit une navigation fluide sur le trafic commercial et les dangers climatiques, offrant ainsi une ponctualit\u00e9 et une s\u00e9curit\u00e9 optimales tant pour les voyageurs d\u2019affaires que pour les \u00e9vacuations m\u00e9dicales tr\u00e8s techniques.    <\/p><p> <\/p><p> <\/p>\t\t\t\t\t\t<\/div>\n\t\t\t\t<\/div>\n\t\t\t\t<div class=\"elementor-element elementor-element-4f1c444 elementor-widget elementor-widget-spacer\" data-id=\"4f1c444\" data-element_type=\"widget\" data-settings=\"{&quot;ekit_we_effect_on&quot;:&quot;none&quot;}\" data-widget_type=\"spacer.default\">\n\t\t\t\t<div class=\"elementor-widget-container\">\n\t\t\t\t\t<div class=\"elementor-spacer\">\n\t\t\t<div class=\"elementor-spacer-inner\"><\/div>\n\t\t<\/div>\n\t\t\t\t<\/div>\n\t\t\t\t<\/div>\n\t\t\t\t\t<\/div>\n\t\t\t\t<\/div>\n\t\t\t\t<\/div>\n\t\t","protected":false},"excerpt":{"rendered":"<p>Flotte d\u2019Avions &#8211; King Air LearJet 45 Flotte d\u2019Avions &#8211; King Air Falcon 50 Flotte d\u2019Avions &#8211; King Air Citation XLS Flotte d\u2019Avions &#8211; King Air LearJet 60 Flotte d\u2019Avions &#8211; King Air Hawker 900 D\u00e9tails des fonctionnalit\u00e9s Capacit\u00e9 assise de 7 \u00e0 9 passagers (avec hauteur de cabine debout) Capacit\u00e9 de brancards (Medevac) de [&hellip;]<\/p>\n","protected":false},"author":1,"featured_media":0,"parent":479,"menu_order":0,"comment_status":"closed","ping_status":"closed","template":"","meta":{"footnotes":""},"class_list":["post-1544","page","type-page","status-publish","hentry"],"yoast_head":"<!-- This site is optimized with the Yoast SEO plugin v27.6 - https:\/\/yoast.com\/product\/yoast-seo-wordpress\/ -->\n<title>Jets de taille moyenne - Services mondiaux d\u2019ambulance a\u00e9rienne<\/title>\n<meta name=\"robots\" content=\"index, follow, max-snippet:-1, max-image-preview:large, max-video-preview:-1\" \/>\n<link rel=\"canonical\" href=\"https:\/\/ambulanceflight.com\/fr\/flotte\/jets-de-taille-moyenne\/\" \/>\n<meta property=\"og:locale\" content=\"fr_FR\" \/>\n<meta property=\"og:type\" content=\"article\" \/>\n<meta property=\"og:title\" content=\"Jets de taille moyenne - Services mondiaux d\u2019ambulance a\u00e9rienne\" \/>\n<meta property=\"og:description\" content=\"Flotte d\u2019Avions &#8211; King Air LearJet 45 Flotte d\u2019Avions &#8211; King Air Falcon 50 Flotte d\u2019Avions &#8211; King Air Citation XLS Flotte d\u2019Avions &#8211; King Air LearJet 60 Flotte d\u2019Avions &#8211; King Air Hawker 900 D\u00e9tails des fonctionnalit\u00e9s Capacit\u00e9 assise de 7 \u00e0 9 passagers (avec hauteur de cabine debout) Capacit\u00e9 de brancards (Medevac) de [&hellip;]\" \/>\n<meta property=\"og:url\" content=\"https:\/\/ambulanceflight.com\/fr\/flotte\/jets-de-taille-moyenne\/\" \/>\n<meta property=\"og:site_name\" content=\"Services mondiaux d\u2019ambulance a\u00e9rienne\" \/>\n<meta property=\"article:modified_time\" content=\"2026-04-15T14:22:04+00:00\" \/>\n<meta property=\"og:image\" content=\"http:\/\/ambulanceflight.com\/wp-content\/uploads\/2025\/12\/Bombardiers-Learjet-45.jpg\" \/>\n<meta name=\"twitter:card\" content=\"summary_large_image\" \/>\n<meta name=\"twitter:label1\" content=\"Dur\u00e9e de lecture estim\u00e9e\" \/>\n\t<meta name=\"twitter:data1\" content=\"1 minute\" \/>\n<script type=\"application\/ld+json\" class=\"yoast-schema-graph\">{\"@context\":\"https:\\\/\\\/schema.org\",\"@graph\":[{\"@type\":\"WebPage\",\"@id\":\"https:\\\/\\\/ambulanceflight.com\\\/fr\\\/flotte\\\/jets-de-taille-moyenne\\\/\",\"url\":\"https:\\\/\\\/ambulanceflight.com\\\/fr\\\/flotte\\\/jets-de-taille-moyenne\\\/\",\"name\":\"Jets de taille moyenne - Services mondiaux d\u2019ambulance a\u00e9rienne\",\"isPartOf\":{\"@id\":\"https:\\\/\\\/ambulanceflight.com\\\/fr\\\/#website\"},\"primaryImageOfPage\":{\"@id\":\"https:\\\/\\\/ambulanceflight.com\\\/fr\\\/flotte\\\/jets-de-taille-moyenne\\\/#primaryimage\"},\"image\":{\"@id\":\"https:\\\/\\\/ambulanceflight.com\\\/fr\\\/flotte\\\/jets-de-taille-moyenne\\\/#primaryimage\"},\"thumbnailUrl\":\"http:\\\/\\\/ambulanceflight.com\\\/wp-content\\\/uploads\\\/2025\\\/12\\\/Bombardiers-Learjet-45.jpg\",\"datePublished\":\"2025-12-30T10:32:11+00:00\",\"dateModified\":\"2026-04-15T14:22:04+00:00\",\"breadcrumb\":{\"@id\":\"https:\\\/\\\/ambulanceflight.com\\\/fr\\\/flotte\\\/jets-de-taille-moyenne\\\/#breadcrumb\"},\"inLanguage\":\"fr-FR\",\"potentialAction\":[{\"@type\":\"ReadAction\",\"target\":[\"https:\\\/\\\/ambulanceflight.com\\\/fr\\\/flotte\\\/jets-de-taille-moyenne\\\/\"]}]},{\"@type\":\"ImageObject\",\"inLanguage\":\"fr-FR\",\"@id\":\"https:\\\/\\\/ambulanceflight.com\\\/fr\\\/flotte\\\/jets-de-taille-moyenne\\\/#primaryimage\",\"url\":\"http:\\\/\\\/ambulanceflight.com\\\/wp-content\\\/uploads\\\/2025\\\/12\\\/Bombardiers-Learjet-45.jpg\",\"contentUrl\":\"http:\\\/\\\/ambulanceflight.com\\\/wp-content\\\/uploads\\\/2025\\\/12\\\/Bombardiers-Learjet-45.jpg\"},{\"@type\":\"BreadcrumbList\",\"@id\":\"https:\\\/\\\/ambulanceflight.com\\\/fr\\\/flotte\\\/jets-de-taille-moyenne\\\/#breadcrumb\",\"itemListElement\":[{\"@type\":\"ListItem\",\"position\":1,\"name\":\"Home\",\"item\":\"https:\\\/\\\/ambulanceflight.com\\\/fr\\\/\"},{\"@type\":\"ListItem\",\"position\":2,\"name\":\"Flotte\",\"item\":\"https:\\\/\\\/ambulanceflight.com\\\/fr\\\/fleet\\\/\"},{\"@type\":\"ListItem\",\"position\":3,\"name\":\"Jets de taille moyenne\"}]},{\"@type\":\"WebSite\",\"@id\":\"https:\\\/\\\/ambulanceflight.com\\\/fr\\\/#website\",\"url\":\"https:\\\/\\\/ambulanceflight.com\\\/fr\\\/\",\"name\":\"Services mondiaux d\u2019ambulance a\u00e9rienne\",\"description\":\"Des transferts rapides, s\u00fbrs et enti\u00e8rement \u00e9quip\u00e9s en ambulance a\u00e9rienne pour les patients partout dans le monde.\",\"potentialAction\":[{\"@type\":\"SearchAction\",\"target\":{\"@type\":\"EntryPoint\",\"urlTemplate\":\"https:\\\/\\\/ambulanceflight.com\\\/fr\\\/?s={search_term_string}\"},\"query-input\":{\"@type\":\"PropertyValueSpecification\",\"valueRequired\":true,\"valueName\":\"search_term_string\"}}],\"inLanguage\":\"fr-FR\"}]}<\/script>\n<!-- \/ Yoast SEO plugin. -->","yoast_head_json":{"title":"Jets de taille moyenne - Services mondiaux d\u2019ambulance a\u00e9rienne","robots":{"index":"index","follow":"follow","max-snippet":"max-snippet:-1","max-image-preview":"max-image-preview:large","max-video-preview":"max-video-preview:-1"},"canonical":"https:\/\/ambulanceflight.com\/fr\/flotte\/jets-de-taille-moyenne\/","og_locale":"fr_FR","og_type":"article","og_title":"Jets de taille moyenne - Services mondiaux d\u2019ambulance a\u00e9rienne","og_description":"Flotte d\u2019Avions &#8211; King Air LearJet 45 Flotte d\u2019Avions &#8211; King Air Falcon 50 Flotte d\u2019Avions &#8211; King Air Citation XLS Flotte d\u2019Avions &#8211; King Air LearJet 60 Flotte d\u2019Avions &#8211; King Air Hawker 900 D\u00e9tails des fonctionnalit\u00e9s Capacit\u00e9 assise de 7 \u00e0 9 passagers (avec hauteur de cabine debout) Capacit\u00e9 de brancards (Medevac) de [&hellip;]","og_url":"https:\/\/ambulanceflight.com\/fr\/flotte\/jets-de-taille-moyenne\/","og_site_name":"Services mondiaux d\u2019ambulance a\u00e9rienne","article_modified_time":"2026-04-15T14:22:04+00:00","og_image":[{"url":"http:\/\/ambulanceflight.com\/wp-content\/uploads\/2025\/12\/Bombardiers-Learjet-45.jpg","type":"","width":"","height":""}],"twitter_card":"summary_large_image","twitter_misc":{"Dur\u00e9e de lecture estim\u00e9e":"1 minute"},"schema":{"@context":"https:\/\/schema.org","@graph":[{"@type":"WebPage","@id":"https:\/\/ambulanceflight.com\/fr\/flotte\/jets-de-taille-moyenne\/","url":"https:\/\/ambulanceflight.com\/fr\/flotte\/jets-de-taille-moyenne\/","name":"Jets de taille moyenne - Services mondiaux d\u2019ambulance a\u00e9rienne","isPartOf":{"@id":"https:\/\/ambulanceflight.com\/fr\/#website"},"primaryImageOfPage":{"@id":"https:\/\/ambulanceflight.com\/fr\/flotte\/jets-de-taille-moyenne\/#primaryimage"},"image":{"@id":"https:\/\/ambulanceflight.com\/fr\/flotte\/jets-de-taille-moyenne\/#primaryimage"},"thumbnailUrl":"http:\/\/ambulanceflight.com\/wp-content\/uploads\/2025\/12\/Bombardiers-Learjet-45.jpg","datePublished":"2025-12-30T10:32:11+00:00","dateModified":"2026-04-15T14:22:04+00:00","breadcrumb":{"@id":"https:\/\/ambulanceflight.com\/fr\/flotte\/jets-de-taille-moyenne\/#breadcrumb"},"inLanguage":"fr-FR","potentialAction":[{"@type":"ReadAction","target":["https:\/\/ambulanceflight.com\/fr\/flotte\/jets-de-taille-moyenne\/"]}]},{"@type":"ImageObject","inLanguage":"fr-FR","@id":"https:\/\/ambulanceflight.com\/fr\/flotte\/jets-de-taille-moyenne\/#primaryimage","url":"http:\/\/ambulanceflight.com\/wp-content\/uploads\/2025\/12\/Bombardiers-Learjet-45.jpg","contentUrl":"http:\/\/ambulanceflight.com\/wp-content\/uploads\/2025\/12\/Bombardiers-Learjet-45.jpg"},{"@type":"BreadcrumbList","@id":"https:\/\/ambulanceflight.com\/fr\/flotte\/jets-de-taille-moyenne\/#breadcrumb","itemListElement":[{"@type":"ListItem","position":1,"name":"Home","item":"https:\/\/ambulanceflight.com\/fr\/"},{"@type":"ListItem","position":2,"name":"Flotte","item":"https:\/\/ambulanceflight.com\/fr\/fleet\/"},{"@type":"ListItem","position":3,"name":"Jets de taille moyenne"}]},{"@type":"WebSite","@id":"https:\/\/ambulanceflight.com\/fr\/#website","url":"https:\/\/ambulanceflight.com\/fr\/","name":"Services mondiaux d\u2019ambulance a\u00e9rienne","description":"Des transferts rapides, s\u00fbrs et enti\u00e8rement \u00e9quip\u00e9s en ambulance a\u00e9rienne pour les patients partout dans le monde.","potentialAction":[{"@type":"SearchAction","target":{"@type":"EntryPoint","urlTemplate":"https:\/\/ambulanceflight.com\/fr\/?s={search_term_string}"},"query-input":{"@type":"PropertyValueSpecification","valueRequired":true,"valueName":"search_term_string"}}],"inLanguage":"fr-FR"}]}},"_links":{"self":[{"href":"https:\/\/ambulanceflight.com\/fr\/wp-json\/wp\/v2\/pages\/1544","targetHints":{"allow":["GET"]}}],"collection":[{"href":"https:\/\/ambulanceflight.com\/fr\/wp-json\/wp\/v2\/pages"}],"about":[{"href":"https:\/\/ambulanceflight.com\/fr\/wp-json\/wp\/v2\/types\/page"}],"author":[{"embeddable":true,"href":"https:\/\/ambulanceflight.com\/fr\/wp-json\/wp\/v2\/users\/1"}],"replies":[{"embeddable":true,"href":"https:\/\/ambulanceflight.com\/fr\/wp-json\/wp\/v2\/comments?post=1544"}],"version-history":[{"count":6,"href":"https:\/\/ambulanceflight.com\/fr\/wp-json\/wp\/v2\/pages\/1544\/revisions"}],"predecessor-version":[{"id":2034,"href":"https:\/\/ambulanceflight.com\/fr\/wp-json\/wp\/v2\/pages\/1544\/revisions\/2034"}],"up":[{"embeddable":true,"href":"https:\/\/ambulanceflight.com\/fr\/wp-json\/wp\/v2\/pages\/479"}],"wp:attachment":[{"href":"https:\/\/ambulanceflight.com\/fr\/wp-json\/wp\/v2\/media?parent=1544"}],"curies":[{"name":"wp","href":"https:\/\/api.w.org\/{rel}","templated":true}]}}