{"id":1473,"date":"2025-12-30T09:26:06","date_gmt":"2025-12-30T09:26:06","guid":{"rendered":"https:\/\/ambulanceflight.com\/turbopropulseur\/"},"modified":"2025-12-31T08:59:00","modified_gmt":"2025-12-31T08:59:00","slug":"turbopropulseur","status":"publish","type":"page","link":"https:\/\/ambulanceflight.com\/fr\/flotte\/turbopropulseur\/","title":{"rendered":"Turbopropulseur"},"content":{"rendered":"\t\t<div data-elementor-type=\"wp-page\" data-elementor-id=\"1473\" class=\"elementor elementor-1473 elementor-1457\" data-elementor-settings=\"{&quot;ha_cmc_init_switcher&quot;:&quot;no&quot;}\" data-elementor-post-type=\"page\">\n\t\t\t\t<div class=\"elementor-element elementor-element-d78b2d7 e-flex e-con-boxed e-con e-parent\" data-id=\"d78b2d7\" data-element_type=\"container\" data-settings=\"{&quot;background_background&quot;:&quot;classic&quot;,&quot;_ha_eqh_enable&quot;:false,&quot;ekit_has_onepagescroll_dot&quot;:&quot;yes&quot;}\">\n\t\t\t\t\t<div class=\"e-con-inner\">\n\t\t<div class=\"elementor-element elementor-element-163e5c2 e-con-full e-flex e-con e-child\" data-id=\"163e5c2\" data-element_type=\"container\" data-settings=\"{&quot;_ha_eqh_enable&quot;:false,&quot;ekit_has_onepagescroll_dot&quot;:&quot;yes&quot;}\">\n\t\t\t\t<div class=\"elementor-element elementor-element-99a0b93 elementor-widget elementor-widget-spacer\" data-id=\"99a0b93\" data-element_type=\"widget\" data-settings=\"{&quot;ekit_we_effect_on&quot;:&quot;none&quot;}\" data-widget_type=\"spacer.default\">\n\t\t\t\t<div class=\"elementor-widget-container\">\n\t\t\t\t\t<div class=\"elementor-spacer\">\n\t\t\t<div class=\"elementor-spacer-inner\"><\/div>\n\t\t<\/div>\n\t\t\t\t<\/div>\n\t\t\t\t<\/div>\n\t\t\t\t<div data-ha-element-link=\"{&quot;url&quot;:&quot;https:\\\/\\\/ambulanceflight.com\\\/pilatus-pc-12\\\/&quot;,&quot;is_external&quot;:&quot;&quot;,&quot;nofollow&quot;:&quot;&quot;}\" style=\"cursor: pointer\" class=\"elementor-element elementor-element-d66eaca elementor-widget elementor-widget-html\" data-id=\"d66eaca\" data-element_type=\"widget\" data-settings=\"{&quot;ekit_we_effect_on&quot;:&quot;none&quot;}\" data-widget_type=\"html.default\">\n\t\t\t\t<div class=\"elementor-widget-container\">\n\t\t\t<div>\n\n\n    <meta charset=\"UTF-8\">\n    <meta name=\"viewport\" content=\"largeur=largeur d\u2019appareil, \u00e9chelle initiale=1,0\">\n    <title>Flotte d\u2019Avions<\/title>\n    <link rel=\"stylesheet\" href=\"style.css\">\n\n\n\n    <section class=\"fleet-container\">\n        <div class=\"fleet-grid\">\n            <div class=\"aircraft-card\">\n                <div class=\"image-container\">\n                    <img decoding=\"async\" src=\"http:\/\/ambulanceflight.com\/wp-content\/uploads\/2025\/12\/PC-12.jpg\" alt=\"Pilatus PC12\">\n                <\/div>\n                <div class=\"aircraft-footer\">\n  PILATUS PC12\n                <\/div>\n            <\/div>\n\n            <\/div>\n    <\/section>\n\n\n<\/div>\t\t<\/div>\n\t\t\t\t<\/div>\n\t\t\t\t<\/div>\n\t\t<div class=\"elementor-element elementor-element-7d73b74 e-con-full e-flex e-con e-child\" data-id=\"7d73b74\" data-element_type=\"container\" data-settings=\"{&quot;_ha_eqh_enable&quot;:false,&quot;ekit_has_onepagescroll_dot&quot;:&quot;yes&quot;}\">\n\t\t\t\t<div class=\"elementor-element elementor-element-a2c2d38 elementor-widget elementor-widget-spacer\" data-id=\"a2c2d38\" data-element_type=\"widget\" data-settings=\"{&quot;ekit_we_effect_on&quot;:&quot;none&quot;}\" data-widget_type=\"spacer.default\">\n\t\t\t\t<div class=\"elementor-widget-container\">\n\t\t\t\t\t<div class=\"elementor-spacer\">\n\t\t\t<div class=\"elementor-spacer-inner\"><\/div>\n\t\t<\/div>\n\t\t\t\t<\/div>\n\t\t\t\t<\/div>\n\t\t\t\t<div data-ha-element-link=\"{&quot;url&quot;:&quot;https:\\\/\\\/ambulanceflight.com\\\/beechcraft-1900d\\\/&quot;,&quot;is_external&quot;:&quot;&quot;,&quot;nofollow&quot;:&quot;&quot;}\" style=\"cursor: pointer\" class=\"elementor-element elementor-element-341d007 elementor-widget elementor-widget-html\" data-id=\"341d007\" data-element_type=\"widget\" data-settings=\"{&quot;ekit_we_effect_on&quot;:&quot;none&quot;}\" data-widget_type=\"html.default\">\n\t\t\t\t<div class=\"elementor-widget-container\">\n\t\t\t<div>\n\n\n    <meta charset=\"UTF-8\">\n    <meta name=\"viewport\" content=\"largeur=largeur d\u2019appareil, \u00e9chelle initiale=1,0\">\n    <title>Flotte d\u2019Avions<\/title>\n    <link rel=\"stylesheet\" href=\"style.css\">\n\n\n\n    <section class=\"fleet-container\">\n        <div class=\"fleet-grid\">\n            \n            <div class=\"aircraft-card\">\n                <div class=\"image-container\">\n                    <img decoding=\"async\" src=\"http:\/\/ambulanceflight.com\/wp-content\/uploads\/2025\/12\/actualite5490.jpg\" alt=\"Beechcraft 1900D\">\n                <\/div>\n                <div class=\"aircraft-footer\">\n  BEECHCRAFT 1900D\n                <\/div>\n            <\/div>\n\n        <\/div>\n    <\/section>\n\n\n<\/div>\t\t<\/div>\n\t\t\t\t<\/div>\n\t\t\t\t<\/div>\n\t\t<div class=\"elementor-element elementor-element-b4f1448 e-con-full e-flex e-con e-child\" data-id=\"b4f1448\" data-element_type=\"container\" data-settings=\"{&quot;_ha_eqh_enable&quot;:false,&quot;ekit_has_onepagescroll_dot&quot;:&quot;yes&quot;}\">\n\t\t\t\t<div class=\"elementor-element elementor-element-4998d84 elementor-widget elementor-widget-spacer\" data-id=\"4998d84\" data-element_type=\"widget\" data-settings=\"{&quot;ekit_we_effect_on&quot;:&quot;none&quot;}\" data-widget_type=\"spacer.default\">\n\t\t\t\t<div class=\"elementor-widget-container\">\n\t\t\t\t\t<div class=\"elementor-spacer\">\n\t\t\t<div class=\"elementor-spacer-inner\"><\/div>\n\t\t<\/div>\n\t\t\t\t<\/div>\n\t\t\t\t<\/div>\n\t\t\t\t<div data-ha-element-link=\"{&quot;url&quot;:&quot;https:\\\/\\\/ambulanceflight.com\\\/fleet\\\/turboprop\\\/beechcraft-king-air\\\/&quot;,&quot;is_external&quot;:&quot;&quot;,&quot;nofollow&quot;:&quot;&quot;}\" style=\"cursor: pointer\" class=\"elementor-element elementor-element-8754551 elementor-widget elementor-widget-html\" data-id=\"8754551\" data-element_type=\"widget\" data-settings=\"{&quot;ekit_we_effect_on&quot;:&quot;none&quot;}\" data-widget_type=\"html.default\">\n\t\t\t\t<div class=\"elementor-widget-container\">\n\t\t\t<div>\n\n\n    <meta charset=\"UTF-8\">\n    <meta name=\"viewport\" content=\"largeur=largeur d\u2019appareil, \u00e9chelle initiale=1,0\">\n    <title>Flotte d\u2019Avions - King Air<\/title>\n    <link rel=\"stylesheet\" href=\"style.css\">\n\n\n\n    <section class=\"fleet-container\">\n        <div class=\"fleet-grid\">\n            \n            <div class=\"aircraft-card\">\n                <div class=\"image-container\">\n                    <img decoding=\"async\" src=\"http:\/\/ambulanceflight.com\/wp-content\/uploads\/2025\/12\/Beechcrafts-New-Special-Edition-Turboprop-Is-Fit-for-a-King.jpg\" alt=\"Beechcraft King Air\">\n                <\/div>\n                <div class=\"aircraft-footer\">\n  BEECHCRAFT KING AIR\n                <\/div>\n            <\/div>\n\n        <\/div>\n    <\/section>\n\n\n<\/div>\t\t<\/div>\n\t\t\t\t<\/div>\n\t\t\t\t<div class=\"elementor-element elementor-element-a0fa95a elementor-widget elementor-widget-spacer\" data-id=\"a0fa95a\" data-element_type=\"widget\" data-settings=\"{&quot;ekit_we_effect_on&quot;:&quot;none&quot;}\" data-widget_type=\"spacer.default\">\n\t\t\t\t<div class=\"elementor-widget-container\">\n\t\t\t\t\t<div class=\"elementor-spacer\">\n\t\t\t<div class=\"elementor-spacer-inner\"><\/div>\n\t\t<\/div>\n\t\t\t\t<\/div>\n\t\t\t\t<\/div>\n\t\t\t\t<\/div>\n\t\t<div class=\"elementor-element elementor-element-2f5c004 e-con-full e-flex e-con e-child\" data-id=\"2f5c004\" data-element_type=\"container\" data-settings=\"{&quot;_ha_eqh_enable&quot;:false,&quot;ekit_has_onepagescroll_dot&quot;:&quot;yes&quot;}\">\n\t\t\t\t<div class=\"elementor-element elementor-element-bef2584 elementor-widget elementor-widget-spacer\" data-id=\"bef2584\" data-element_type=\"widget\" data-settings=\"{&quot;ekit_we_effect_on&quot;:&quot;none&quot;}\" data-widget_type=\"spacer.default\">\n\t\t\t\t<div class=\"elementor-widget-container\">\n\t\t\t\t\t<div class=\"elementor-spacer\">\n\t\t\t<div class=\"elementor-spacer-inner\"><\/div>\n\t\t<\/div>\n\t\t\t\t<\/div>\n\t\t\t\t<\/div>\n\t\t\t\t<div data-ha-element-link=\"{&quot;url&quot;:&quot;https:\\\/\\\/ambulanceflight.com\\\/piaggio\\\/&quot;,&quot;is_external&quot;:&quot;&quot;,&quot;nofollow&quot;:&quot;&quot;}\" style=\"cursor: pointer\" class=\"elementor-element elementor-element-7fc49b7 elementor-widget elementor-widget-html\" data-id=\"7fc49b7\" data-element_type=\"widget\" data-settings=\"{&quot;ekit_we_effect_on&quot;:&quot;none&quot;}\" data-widget_type=\"html.default\">\n\t\t\t\t<div class=\"elementor-widget-container\">\n\t\t\t<div>\n\n\n    <meta charset=\"UTF-8\">\n    <meta name=\"viewport\" content=\"largeur=largeur d\u2019appareil, \u00e9chelle initiale=1,0\">\n    <title>Flotte - Piaggio<\/title>\n    <link rel=\"stylesheet\" href=\"style.css\">\n\n\n\n    <section class=\"fleet-container\">\n        <div class=\"fleet-grid\">\n            \n            <div class=\"aircraft-card\">\n                <div class=\"image-container\">\n                    <img decoding=\"async\" src=\"http:\/\/ambulanceflight.com\/wp-content\/uploads\/2025\/12\/piaggio-p180-avanti-ii.jpg.webp\" alt=\"Piaggio P.180 Avanti\">\n                <\/div>\n                <div class=\"aircraft-footer\">\n  PIAGGIO P.180 AVANTI \n                <\/div>\n            <\/div>\n\n        <\/div>\n    <\/section>\n\n\n<\/div>\t\t<\/div>\n\t\t\t\t<\/div>\n\t\t\t\t<\/div>\n\t\t\t\t\t<\/div>\n\t\t\t\t<\/div>\n\t\t<div class=\"elementor-element elementor-element-8864399 e-flex e-con-boxed e-con e-parent\" data-id=\"8864399\" data-element_type=\"container\" data-settings=\"{&quot;background_background&quot;:&quot;classic&quot;,&quot;_ha_eqh_enable&quot;:false,&quot;ekit_has_onepagescroll_dot&quot;:&quot;yes&quot;}\">\n\t\t\t\t\t<div class=\"e-con-inner\">\n\t\t\t\t\t<\/div>\n\t\t\t\t<\/div>\n\t\t<div class=\"elementor-element elementor-element-2c19b4e e-flex e-con-boxed e-con e-parent\" data-id=\"2c19b4e\" data-element_type=\"container\" data-settings=\"{&quot;background_background&quot;:&quot;classic&quot;,&quot;_ha_eqh_enable&quot;:false,&quot;ekit_has_onepagescroll_dot&quot;:&quot;yes&quot;}\">\n\t\t\t\t\t<div class=\"e-con-inner\">\n\t\t\t\t<div class=\"elementor-element elementor-element-51ed071 elementor-widget elementor-widget-spacer\" data-id=\"51ed071\" data-element_type=\"widget\" data-settings=\"{&quot;ekit_we_effect_on&quot;:&quot;none&quot;}\" data-widget_type=\"spacer.default\">\n\t\t\t\t<div class=\"elementor-widget-container\">\n\t\t\t\t\t<div class=\"elementor-spacer\">\n\t\t\t<div class=\"elementor-spacer-inner\"><\/div>\n\t\t<\/div>\n\t\t\t\t<\/div>\n\t\t\t\t<\/div>\n\t\t\t\t<div class=\"elementor-element elementor-element-a3bc4b9 elementor-widget elementor-widget-text-editor\" data-id=\"a3bc4b9\" data-element_type=\"widget\" data-settings=\"{&quot;ekit_we_effect_on&quot;:&quot;none&quot;}\" data-widget_type=\"text-editor.default\">\n\t\t\t\t<div class=\"elementor-widget-container\">\n\t\t\t\t\t\t\t<p> <\/p>\n<table data-path-to-node=\"2\">\n<thead>\n<tr>\n<td><strong>Caract\u00e9ristiques<\/strong><\/td>\n<td><strong>D\u00e9tails<\/strong><\/td>\n<\/tr>\n<\/thead>\n<tbody>\n<tr>\nCapacit\u00e9 \n <td><span data-path-to-node=\"2,1,0,0\"><b data-path-to-node=\"2,1,0,0\" data-index-in-node=\"0\">des places<\/b><\/span><\/td><td><span data-path-to-node=\"2,1,1,0\">Jusqu\u2019\u00e0 <b data-path-to-node=\"2,1,1,0\" data-index-in-node=\"6\">7 \u00e0 9 passagers<\/b> (selon la configuration)<\/span><\/td>\n<\/tr>\n<tr>\n<td><span data-path-to-node=\"2,2,0,0\"><b data-path-to-node=\"2,2,0,0\" data-index-in-node=\"0\">Capacit\u00e9 de la civi\u00e8re (Medevac)<\/b><\/span><\/td>\n<td><span data-path-to-node=\"2,2,1,0\"><b data-path-to-node=\"2,2,1,0\" data-index-in-node=\"0\">1 \u00e0 2 civi\u00e8res<\/b> avec \u00e9quipe m\u00e9dicale<\/span><\/td>\n<\/tr>\n<tr>\n<td><span data-path-to-node=\"2,3,0,0\"><b data-path-to-node=\"2,3,0,0\" data-index-in-node=\"0\">Plafond de service (altitude)<\/b><\/span><\/td>\n<td><span data-path-to-node=\"2,3,1,0\"><strong>Jusqu\u2019\u00e0 25<\/strong> <b data-path-to-node=\"2,3,1,0\" data-index-in-node=\"6\">000 pieds<\/b> (environ 7 500 m\u00e8tres)<\/span><\/td>\n<\/tr>\n<tr>\nVitesse \n <td><span data-path-to-node=\"2,4,0,0\"><b data-path-to-node=\"2,4,0,0\" data-index-in-node=\"0\">de croisi\u00e8re<\/b><\/span><\/td><td><span data-path-to-node=\"2,4,1,0\">Environ <b data-path-to-node=\"2,4,1,0\" data-index-in-node=\"8\">285 n\u0153uds<\/b> (530 km\/h)<\/span><\/td>\n<\/tr>\n<tr>\n<td><span data-path-to-node=\"2,5,0,0\"><b data-path-to-node=\"2,5,0,0\" data-index-in-node=\"0\">Champ de vol<\/b><\/span><\/td>\n<td><span data-path-to-node=\"2,5,1,0\"><b data-path-to-node=\"2,5,1,0\" data-index-in-node=\"6\">Jusqu\u2019\u00e0 1 500 milles nautiques<\/b> (2 800 km)<\/span><\/td>\n<\/tr>\n<tr>\n<td><span data-path-to-node=\"2,6,0,0\"><b data-path-to-node=\"2,6,0,0\" data-index-in-node=\"0\">Endurance (Non-stop)<\/b><\/span><\/td>\n<td><span data-path-to-node=\"2,6,1,0\">Environ <b data-path-to-node=\"2,6,1,0\" data-index-in-node=\"8\">4 heures<\/b> sans ravitaillement<\/span><\/td>\n<\/tr>\n<\/tbody>\n<\/table>\n<h3 data-path-to-node=\"4\"> <\/h3>\n<h3 data-path-to-node=\"4\"> <\/h3>\n<h3 data-path-to-node=\"4\">Aper\u00e7u des a\u00e9ronefs &amp; Principaux atouts<\/h3>\n<p data-path-to-node=\"5\">Le turbopropulseur, en particulier la s\u00e9rie King Air, est largement consid\u00e9r\u00e9 comme le \u00ab cheval de bataille \u00bb de l\u2019aviation d\u2019affaires et humanitaire. Son principal atout est sa <b data-path-to-node=\"5\" data-index-in-node=\"151\">polyvalence extr\u00eame<\/b> : c\u2019est l\u2019un des rares avions capables de combiner le confort d\u2019une cabine pressuris\u00e9e avec la robustesse n\u00e9cessaire pour atterrir sur des pistes courtes ou non am\u00e9nag\u00e9es (herbe, terre ou gravier). Contrairement aux jets priv\u00e9s qui n\u00e9cessitent de longues pistes goudronn\u00e9es, ce turbopropulseur peut acc\u00e9der \u00e0 des a\u00e9rodromes isol\u00e9s, ce qui le rapproche de la destination finale ou des patients lors des \u00e9vacuations m\u00e9dicales d\u2019urgence (Medevac).  <\/p>\n<p data-path-to-node=\"6\">La configuration de la cabine est tr\u00e8s modulaire et peut \u00eatre reconfigur\u00e9e en un temps record, passant d\u2019une disposition VIP \u00ab Club Seat \u00bb \u00e0 une unit\u00e9 de soins intensifs volants. \u00c9conomiquement, il consomme nettement moins de carburant qu\u2019un avion sur des distances courtes \u00e0 moyennes tout en offrant une fiabilit\u00e9 m\u00e9canique exceptionnelle gr\u00e2ce \u00e0 ses moteurs Pratt &amp; Whitney, de renomm\u00e9e mondiale. C\u2019est l\u2019outil id\u00e9al pour des missions rapides, s\u00fbres et flexibles.  <\/p>\t\t\t\t\t\t<\/div>\n\t\t\t\t<\/div>\n\t\t\t\t<div class=\"elementor-element elementor-element-3fc569c elementor-widget elementor-widget-spacer\" data-id=\"3fc569c\" data-element_type=\"widget\" data-settings=\"{&quot;ekit_we_effect_on&quot;:&quot;none&quot;}\" data-widget_type=\"spacer.default\">\n\t\t\t\t<div class=\"elementor-widget-container\">\n\t\t\t\t\t<div class=\"elementor-spacer\">\n\t\t\t<div class=\"elementor-spacer-inner\"><\/div>\n\t\t<\/div>\n\t\t\t\t<\/div>\n\t\t\t\t<\/div>\n\t\t\t\t\t<\/div>\n\t\t\t\t<\/div>\n\t\t\t\t<\/div>\n\t\t","protected":false},"excerpt":{"rendered":"<p>Flotte d\u2019Avions PILATUS PC12 Flotte d\u2019Avions BEECHCRAFT 1900D Flotte d\u2019Avions &#8211; King Air BEECHCRAFT KING AIR Flotte &#8211; Piaggio PIAGGIO P.180 AVANTI Caract\u00e9ristiques D\u00e9tails Capacit\u00e9 des places Jusqu\u2019\u00e0 7 \u00e0 9 passagers (selon la configuration) Capacit\u00e9 de la civi\u00e8re (Medevac) 1 \u00e0 2 civi\u00e8res avec \u00e9quipe m\u00e9dicale Plafond de service (altitude) Jusqu\u2019\u00e0 25 000 pieds [&hellip;]<\/p>\n","protected":false},"author":1,"featured_media":1474,"parent":479,"menu_order":0,"comment_status":"closed","ping_status":"closed","template":"","meta":{"footnotes":""},"class_list":["post-1473","page","type-page","status-publish","has-post-thumbnail","hentry"],"yoast_head":"<!-- This site is optimized with the Yoast SEO plugin v27.6 - https:\/\/yoast.com\/product\/yoast-seo-wordpress\/ -->\n<title>Turbopropulseur - Services mondiaux d\u2019ambulance a\u00e9rienne<\/title>\n<meta name=\"robots\" content=\"index, follow, max-snippet:-1, max-image-preview:large, max-video-preview:-1\" \/>\n<link rel=\"canonical\" href=\"https:\/\/ambulanceflight.com\/fr\/flotte\/turbopropulseur\/\" \/>\n<meta property=\"og:locale\" content=\"fr_FR\" \/>\n<meta property=\"og:type\" content=\"article\" \/>\n<meta property=\"og:title\" content=\"Turbopropulseur - Services mondiaux d\u2019ambulance a\u00e9rienne\" \/>\n<meta property=\"og:description\" content=\"Flotte d\u2019Avions PILATUS PC12 Flotte d\u2019Avions BEECHCRAFT 1900D Flotte d\u2019Avions &#8211; King Air BEECHCRAFT KING AIR Flotte &#8211; Piaggio PIAGGIO P.180 AVANTI Caract\u00e9ristiques D\u00e9tails Capacit\u00e9 des places Jusqu\u2019\u00e0 7 \u00e0 9 passagers (selon la configuration) Capacit\u00e9 de la civi\u00e8re (Medevac) 1 \u00e0 2 civi\u00e8res avec \u00e9quipe m\u00e9dicale Plafond de service (altitude) Jusqu\u2019\u00e0 25 000 pieds [&hellip;]\" \/>\n<meta property=\"og:url\" content=\"https:\/\/ambulanceflight.com\/fr\/flotte\/turbopropulseur\/\" \/>\n<meta property=\"og:site_name\" content=\"Services mondiaux d\u2019ambulance a\u00e9rienne\" \/>\n<meta property=\"article:modified_time\" content=\"2025-12-31T08:59:00+00:00\" \/>\n<meta property=\"og:image\" content=\"https:\/\/ambulanceflight.com\/wp-content\/uploads\/2025\/12\/turboprop-1.png\" \/>\n\t<meta property=\"og:image:width\" content=\"912\" \/>\n\t<meta property=\"og:image:height\" content=\"656\" \/>\n\t<meta property=\"og:image:type\" content=\"image\/png\" \/>\n<meta name=\"twitter:card\" content=\"summary_large_image\" \/>\n<meta name=\"twitter:label1\" content=\"Dur\u00e9e de lecture estim\u00e9e\" \/>\n\t<meta name=\"twitter:data1\" content=\"1 minute\" \/>\n<script type=\"application\/ld+json\" class=\"yoast-schema-graph\">{\"@context\":\"https:\\\/\\\/schema.org\",\"@graph\":[{\"@type\":\"WebPage\",\"@id\":\"https:\\\/\\\/ambulanceflight.com\\\/fr\\\/flotte\\\/turbopropulseur\\\/\",\"url\":\"https:\\\/\\\/ambulanceflight.com\\\/fr\\\/flotte\\\/turbopropulseur\\\/\",\"name\":\"Turbopropulseur - Services mondiaux d\u2019ambulance a\u00e9rienne\",\"isPartOf\":{\"@id\":\"https:\\\/\\\/ambulanceflight.com\\\/fr\\\/#website\"},\"primaryImageOfPage\":{\"@id\":\"https:\\\/\\\/ambulanceflight.com\\\/fr\\\/flotte\\\/turbopropulseur\\\/#primaryimage\"},\"image\":{\"@id\":\"https:\\\/\\\/ambulanceflight.com\\\/fr\\\/flotte\\\/turbopropulseur\\\/#primaryimage\"},\"thumbnailUrl\":\"https:\\\/\\\/ambulanceflight.com\\\/wp-content\\\/uploads\\\/2025\\\/12\\\/turboprop-1.png\",\"datePublished\":\"2025-12-30T09:26:06+00:00\",\"dateModified\":\"2025-12-31T08:59:00+00:00\",\"breadcrumb\":{\"@id\":\"https:\\\/\\\/ambulanceflight.com\\\/fr\\\/flotte\\\/turbopropulseur\\\/#breadcrumb\"},\"inLanguage\":\"fr-FR\",\"potentialAction\":[{\"@type\":\"ReadAction\",\"target\":[\"https:\\\/\\\/ambulanceflight.com\\\/fr\\\/flotte\\\/turbopropulseur\\\/\"]}]},{\"@type\":\"ImageObject\",\"inLanguage\":\"fr-FR\",\"@id\":\"https:\\\/\\\/ambulanceflight.com\\\/fr\\\/flotte\\\/turbopropulseur\\\/#primaryimage\",\"url\":\"https:\\\/\\\/ambulanceflight.com\\\/wp-content\\\/uploads\\\/2025\\\/12\\\/turboprop-1.png\",\"contentUrl\":\"https:\\\/\\\/ambulanceflight.com\\\/wp-content\\\/uploads\\\/2025\\\/12\\\/turboprop-1.png\",\"width\":912,\"height\":656},{\"@type\":\"BreadcrumbList\",\"@id\":\"https:\\\/\\\/ambulanceflight.com\\\/fr\\\/flotte\\\/turbopropulseur\\\/#breadcrumb\",\"itemListElement\":[{\"@type\":\"ListItem\",\"position\":1,\"name\":\"Home\",\"item\":\"https:\\\/\\\/ambulanceflight.com\\\/fr\\\/\"},{\"@type\":\"ListItem\",\"position\":2,\"name\":\"Flotte\",\"item\":\"https:\\\/\\\/ambulanceflight.com\\\/fr\\\/fleet\\\/\"},{\"@type\":\"ListItem\",\"position\":3,\"name\":\"Turbopropulseur\"}]},{\"@type\":\"WebSite\",\"@id\":\"https:\\\/\\\/ambulanceflight.com\\\/fr\\\/#website\",\"url\":\"https:\\\/\\\/ambulanceflight.com\\\/fr\\\/\",\"name\":\"Services mondiaux d\u2019ambulance a\u00e9rienne\",\"description\":\"Des transferts rapides, s\u00fbrs et enti\u00e8rement \u00e9quip\u00e9s en ambulance a\u00e9rienne pour les patients partout dans le monde.\",\"potentialAction\":[{\"@type\":\"SearchAction\",\"target\":{\"@type\":\"EntryPoint\",\"urlTemplate\":\"https:\\\/\\\/ambulanceflight.com\\\/fr\\\/?s={search_term_string}\"},\"query-input\":{\"@type\":\"PropertyValueSpecification\",\"valueRequired\":true,\"valueName\":\"search_term_string\"}}],\"inLanguage\":\"fr-FR\"}]}<\/script>\n<!-- \/ Yoast SEO plugin. -->","yoast_head_json":{"title":"Turbopropulseur - Services mondiaux d\u2019ambulance a\u00e9rienne","robots":{"index":"index","follow":"follow","max-snippet":"max-snippet:-1","max-image-preview":"max-image-preview:large","max-video-preview":"max-video-preview:-1"},"canonical":"https:\/\/ambulanceflight.com\/fr\/flotte\/turbopropulseur\/","og_locale":"fr_FR","og_type":"article","og_title":"Turbopropulseur - Services mondiaux d\u2019ambulance a\u00e9rienne","og_description":"Flotte d\u2019Avions PILATUS PC12 Flotte d\u2019Avions BEECHCRAFT 1900D Flotte d\u2019Avions &#8211; King Air BEECHCRAFT KING AIR Flotte &#8211; Piaggio PIAGGIO P.180 AVANTI Caract\u00e9ristiques D\u00e9tails Capacit\u00e9 des places Jusqu\u2019\u00e0 7 \u00e0 9 passagers (selon la configuration) Capacit\u00e9 de la civi\u00e8re (Medevac) 1 \u00e0 2 civi\u00e8res avec \u00e9quipe m\u00e9dicale Plafond de service (altitude) Jusqu\u2019\u00e0 25 000 pieds [&hellip;]","og_url":"https:\/\/ambulanceflight.com\/fr\/flotte\/turbopropulseur\/","og_site_name":"Services mondiaux d\u2019ambulance a\u00e9rienne","article_modified_time":"2025-12-31T08:59:00+00:00","og_image":[{"width":912,"height":656,"url":"https:\/\/ambulanceflight.com\/wp-content\/uploads\/2025\/12\/turboprop-1.png","type":"image\/png"}],"twitter_card":"summary_large_image","twitter_misc":{"Dur\u00e9e de lecture estim\u00e9e":"1 minute"},"schema":{"@context":"https:\/\/schema.org","@graph":[{"@type":"WebPage","@id":"https:\/\/ambulanceflight.com\/fr\/flotte\/turbopropulseur\/","url":"https:\/\/ambulanceflight.com\/fr\/flotte\/turbopropulseur\/","name":"Turbopropulseur - Services mondiaux d\u2019ambulance a\u00e9rienne","isPartOf":{"@id":"https:\/\/ambulanceflight.com\/fr\/#website"},"primaryImageOfPage":{"@id":"https:\/\/ambulanceflight.com\/fr\/flotte\/turbopropulseur\/#primaryimage"},"image":{"@id":"https:\/\/ambulanceflight.com\/fr\/flotte\/turbopropulseur\/#primaryimage"},"thumbnailUrl":"https:\/\/ambulanceflight.com\/wp-content\/uploads\/2025\/12\/turboprop-1.png","datePublished":"2025-12-30T09:26:06+00:00","dateModified":"2025-12-31T08:59:00+00:00","breadcrumb":{"@id":"https:\/\/ambulanceflight.com\/fr\/flotte\/turbopropulseur\/#breadcrumb"},"inLanguage":"fr-FR","potentialAction":[{"@type":"ReadAction","target":["https:\/\/ambulanceflight.com\/fr\/flotte\/turbopropulseur\/"]}]},{"@type":"ImageObject","inLanguage":"fr-FR","@id":"https:\/\/ambulanceflight.com\/fr\/flotte\/turbopropulseur\/#primaryimage","url":"https:\/\/ambulanceflight.com\/wp-content\/uploads\/2025\/12\/turboprop-1.png","contentUrl":"https:\/\/ambulanceflight.com\/wp-content\/uploads\/2025\/12\/turboprop-1.png","width":912,"height":656},{"@type":"BreadcrumbList","@id":"https:\/\/ambulanceflight.com\/fr\/flotte\/turbopropulseur\/#breadcrumb","itemListElement":[{"@type":"ListItem","position":1,"name":"Home","item":"https:\/\/ambulanceflight.com\/fr\/"},{"@type":"ListItem","position":2,"name":"Flotte","item":"https:\/\/ambulanceflight.com\/fr\/fleet\/"},{"@type":"ListItem","position":3,"name":"Turbopropulseur"}]},{"@type":"WebSite","@id":"https:\/\/ambulanceflight.com\/fr\/#website","url":"https:\/\/ambulanceflight.com\/fr\/","name":"Services mondiaux d\u2019ambulance a\u00e9rienne","description":"Des transferts rapides, s\u00fbrs et enti\u00e8rement \u00e9quip\u00e9s en ambulance a\u00e9rienne pour les patients partout dans le monde.","potentialAction":[{"@type":"SearchAction","target":{"@type":"EntryPoint","urlTemplate":"https:\/\/ambulanceflight.com\/fr\/?s={search_term_string}"},"query-input":{"@type":"PropertyValueSpecification","valueRequired":true,"valueName":"search_term_string"}}],"inLanguage":"fr-FR"}]}},"_links":{"self":[{"href":"https:\/\/ambulanceflight.com\/fr\/wp-json\/wp\/v2\/pages\/1473","targetHints":{"allow":["GET"]}}],"collection":[{"href":"https:\/\/ambulanceflight.com\/fr\/wp-json\/wp\/v2\/pages"}],"about":[{"href":"https:\/\/ambulanceflight.com\/fr\/wp-json\/wp\/v2\/types\/page"}],"author":[{"embeddable":true,"href":"https:\/\/ambulanceflight.com\/fr\/wp-json\/wp\/v2\/users\/1"}],"replies":[{"embeddable":true,"href":"https:\/\/ambulanceflight.com\/fr\/wp-json\/wp\/v2\/comments?post=1473"}],"version-history":[{"count":14,"href":"https:\/\/ambulanceflight.com\/fr\/wp-json\/wp\/v2\/pages\/1473\/revisions"}],"predecessor-version":[{"id":1772,"href":"https:\/\/ambulanceflight.com\/fr\/wp-json\/wp\/v2\/pages\/1473\/revisions\/1772"}],"up":[{"embeddable":true,"href":"https:\/\/ambulanceflight.com\/fr\/wp-json\/wp\/v2\/pages\/479"}],"wp:featuredmedia":[{"embeddable":true,"href":"https:\/\/ambulanceflight.com\/fr\/wp-json\/wp\/v2\/media\/1474"}],"wp:attachment":[{"href":"https:\/\/ambulanceflight.com\/fr\/wp-json\/wp\/v2\/media?parent=1473"}],"curies":[{"name":"wp","href":"https:\/\/api.w.org\/{rel}","templated":true}]}}