{"id":1026,"date":"2025-11-17T19:49:03","date_gmt":"2025-11-17T19:49:03","guid":{"rendered":"https:\/\/ambulanceflight.com\/nos-services\/service-de-lit-a-lit\/"},"modified":"2025-12-29T10:10:40","modified_gmt":"2025-12-29T10:10:40","slug":"service-de-lit-a-lit","status":"publish","type":"page","link":"https:\/\/ambulanceflight.com\/fr\/nos-services\/service-de-lit-a-lit\/","title":{"rendered":"Service de lit \u00e0 lit"},"content":{"rendered":"\t\t<div data-elementor-type=\"wp-page\" data-elementor-id=\"1026\" class=\"elementor elementor-1026 elementor-812\" data-elementor-settings=\"{&quot;ha_cmc_init_switcher&quot;:&quot;no&quot;}\" data-elementor-post-type=\"page\">\n\t\t\t\t<div class=\"elementor-element elementor-element-fd85f9f e-flex e-con-boxed e-con e-parent\" data-id=\"fd85f9f\" data-element_type=\"container\" data-settings=\"{&quot;background_background&quot;:&quot;classic&quot;,&quot;_ha_eqh_enable&quot;:false,&quot;ekit_has_onepagescroll_dot&quot;:&quot;yes&quot;}\">\n\t\t\t\t\t<div class=\"e-con-inner\">\n\t\t\t\t\t<\/div>\n\t\t\t\t<\/div>\n\t\t<div class=\"elementor-element elementor-element-c565c08 e-flex e-con-boxed e-con e-parent\" data-id=\"c565c08\" data-element_type=\"container\" data-settings=\"{&quot;background_background&quot;:&quot;classic&quot;,&quot;_ha_eqh_enable&quot;:false,&quot;ekit_has_onepagescroll_dot&quot;:&quot;yes&quot;}\">\n\t\t\t\t\t<div class=\"e-con-inner\">\n\t\t<div class=\"elementor-element elementor-element-0da1d81 e-con-full e-flex e-con e-child\" data-id=\"0da1d81\" data-element_type=\"container\" data-settings=\"{&quot;_ha_eqh_enable&quot;:false,&quot;ekit_has_onepagescroll_dot&quot;:&quot;yes&quot;}\">\n\t\t\t\t<div class=\"elementor-element elementor-element-79599bd elementor-invisible elementor-widget elementor-widget-heading\" data-id=\"79599bd\" data-element_type=\"widget\" data-settings=\"{&quot;_animation&quot;:&quot;slideInLeft&quot;,&quot;ekit_we_effect_on&quot;:&quot;none&quot;}\" data-widget_type=\"heading.default\">\n\t\t\t\t<div class=\"elementor-widget-container\">\n\t\t\t<h2 class=\"elementor-heading-title elementor-size-default\">Service de transport m\u00e9dical de lit \u00e0 lit<\/h2>\t\t<\/div>\n\t\t\t\t<\/div>\n\t\t\t\t<div class=\"elementor-element elementor-element-923d4d5 animated-slow elementor-invisible elementor-widget elementor-widget-text-editor\" data-id=\"923d4d5\" data-element_type=\"widget\" data-settings=\"{&quot;_animation&quot;:&quot;slideInLeft&quot;,&quot;ekit_we_effect_on&quot;:&quot;none&quot;}\" data-widget_type=\"text-editor.default\">\n\t\t\t\t<div class=\"elementor-widget-container\">\n\t\t\t\t\t\t\t<h3 data-start=\"308\" data-end=\"359\">Transport m\u00e9dical complet de lit en lit dans le monde entier<\/h3><p data-start=\"308\" data-end=\"570\">Ambulance Flight propose un service complet de transport m\u00e9dical de lit en lit, garantissant des transferts fluides des patients du point de d\u00e9part \u00e0 la destination finale. Cette solution enti\u00e8rement coordonn\u00e9e int\u00e8gre le transport d\u2019ambulance terrestre, les vols m\u00e9dicaux a\u00e9riens et les transferts d\u2019h\u00f4pital, garantissant des soins m\u00e9dicaux ininterrompus tout au long du trajet. Disponible dans le monde entier et 24h\/24, 7j\/7, notre service lit \u00e0 lit est con\u00e7u pour minimiser le stress, diminuer les risques de transfert et garantir le plus haut niveau de s\u00e9curit\u00e9 des patients.  <\/p>\t\t\t\t\t\t<\/div>\n\t\t\t\t<\/div>\n\t\t\t\t<\/div>\n\t\t\t\t\t<\/div>\n\t\t\t\t<\/div>\n\t\t<div class=\"elementor-element elementor-element-9e4ba0b e-flex e-con-boxed e-con e-parent\" data-id=\"9e4ba0b\" data-element_type=\"container\" data-settings=\"{&quot;background_background&quot;:&quot;classic&quot;,&quot;_ha_eqh_enable&quot;:false,&quot;ekit_has_onepagescroll_dot&quot;:&quot;yes&quot;}\">\n\t\t\t\t\t<div class=\"e-con-inner\">\n\t\t<div class=\"elementor-element elementor-element-74f6877 e-con-full e-flex e-con e-child\" data-id=\"74f6877\" data-element_type=\"container\" data-settings=\"{&quot;_ha_eqh_enable&quot;:false,&quot;ekit_has_onepagescroll_dot&quot;:&quot;yes&quot;}\">\n\t\t\t\t<div class=\"elementor-element elementor-element-0afc2dc elementor-invisible elementor-widget elementor-widget-heading\" data-id=\"0afc2dc\" data-element_type=\"widget\" data-settings=\"{&quot;_animation&quot;:&quot;slideInLeft&quot;,&quot;ekit_we_effect_on&quot;:&quot;none&quot;}\" data-widget_type=\"heading.default\">\n\t\t\t\t<div class=\"elementor-widget-container\">\n\t\t\t<h2 class=\"elementor-heading-title elementor-size-default\">Transferts de porte \u00e0 h\u00f4pital et d\u2019h\u00f4pital \u00e0 h\u00f4pital<\/h2>\t\t<\/div>\n\t\t\t\t<\/div>\n\t\t\t\t<div class=\"elementor-element elementor-element-4166c87 animated-slow elementor-invisible elementor-widget elementor-widget-text-editor\" data-id=\"4166c87\" data-element_type=\"widget\" data-settings=\"{&quot;_animation&quot;:&quot;slideInLeft&quot;,&quot;ekit_we_effect_on&quot;:&quot;none&quot;}\" data-widget_type=\"text-editor.default\">\n\t\t\t\t<div class=\"elementor-widget-container\">\n\t\t\t\t\t\t\t<p data-start=\"615\" data-end=\"860\">Notre <strong data-start=\"946\" data-end=\"976\">service m\u00e9dical lit \u00e0<\/strong> lit couvre les transferts des r\u00e9sidences priv\u00e9es, h\u00f4pitaux ou cliniques directement vers l\u2019\u00e9tablissement m\u00e9dical d\u2019accueil. Que ce soit pour le transport d\u2019h\u00f4pital \u00e0 h\u00f4pital ou de domicile \u00e0 h\u00f4pital, nous assurons une coordination fluide entre toutes les parties, permettant aux patients de rester sous supervision m\u00e9dicale continue sans retards ou interruptions inutiles. <\/p>\t\t\t\t\t\t<\/div>\n\t\t\t\t<\/div>\n\t\t\t\t<div class=\"elementor-element elementor-element-d18e233 elementor-tablet-align-center elementor-mobile-align-justify elementor-widget-mobile__width-inherit elementor-widget elementor-widget-button\" data-id=\"d18e233\" data-element_type=\"widget\" data-settings=\"{&quot;ekit_we_effect_on&quot;:&quot;none&quot;}\" data-widget_type=\"button.default\">\n\t\t\t\t<div class=\"elementor-widget-container\">\n\t\t\t\t\t<div class=\"elementor-button-wrapper\">\n\t\t\t<a class=\"elementor-button elementor-button-link elementor-size-sm\" href=\"#\">\n\t\t\t\t\t\t<span class=\"elementor-button-content-wrapper\">\n\t\t\t\t\t\t\t\t\t<span class=\"elementor-button-text\">Demander un devis<\/span>\n\t\t\t\t\t<\/span>\n\t\t\t\t\t<\/a>\n\t\t<\/div>\n\t\t\t\t<\/div>\n\t\t\t\t<\/div>\n\t\t\t\t<\/div>\n\t\t<div class=\"elementor-element elementor-element-32701b4 e-con-full e-flex e-con e-child\" data-id=\"32701b4\" data-element_type=\"container\" data-settings=\"{&quot;_ha_eqh_enable&quot;:false,&quot;ekit_has_onepagescroll_dot&quot;:&quot;yes&quot;}\">\n\t\t\t\t<div class=\"elementor-element elementor-element-4eaf715 elementor-invisible elementor-widget elementor-widget-image\" data-id=\"4eaf715\" data-element_type=\"widget\" data-settings=\"{&quot;_animation&quot;:&quot;slideInDown&quot;,&quot;ekit_we_effect_on&quot;:&quot;none&quot;}\" data-widget_type=\"image.default\">\n\t\t\t\t<div class=\"elementor-widget-container\">\n\t\t\t\t\t\t\t\t\t\t\t\t\t<img fetchpriority=\"high\" decoding=\"async\" width=\"736\" height=\"484\" src=\"http:\/\/ambulanceflight.com\/wp-content\/uploads\/2025\/12\/certifier-medical-crew.jpg\" class=\"attachment-full size-full wp-image-1112\" alt=\"\" srcset=\"http:\/\/ambulanceflight.com\/wp-content\/uploads\/2025\/12\/certifier-medical-crew.jpg 736w, http:\/\/ambulanceflight.com\/wp-content\/uploads\/2025\/12\/certifier-medical-crew-300x197.jpg 300w\" sizes=\"(max-width: 736px) 100vw, 736px\" \/>\t\t\t\t\t\t\t\t\t\t\t\t\t<\/div>\n\t\t\t\t<\/div>\n\t\t\t\t<\/div>\n\t\t\t\t\t<\/div>\n\t\t\t\t<\/div>\n\t\t<div class=\"elementor-element elementor-element-5c71d6e e-flex e-con-boxed e-con e-parent\" data-id=\"5c71d6e\" data-element_type=\"container\" data-settings=\"{&quot;background_background&quot;:&quot;classic&quot;,&quot;_ha_eqh_enable&quot;:false,&quot;ekit_has_onepagescroll_dot&quot;:&quot;yes&quot;}\">\n\t\t\t\t\t<div class=\"e-con-inner\">\n\t\t<div class=\"elementor-element elementor-element-8718eb7 e-con-full e-flex e-con e-child\" data-id=\"8718eb7\" data-element_type=\"container\" data-settings=\"{&quot;_ha_eqh_enable&quot;:false,&quot;ekit_has_onepagescroll_dot&quot;:&quot;yes&quot;}\">\n\t\t\t\t<div class=\"elementor-element elementor-element-81d24c0 elementor-invisible elementor-widget elementor-widget-heading\" data-id=\"81d24c0\" data-element_type=\"widget\" data-settings=\"{&quot;_animation&quot;:&quot;slideInLeft&quot;,&quot;ekit_we_effect_on&quot;:&quot;none&quot;}\" data-widget_type=\"heading.default\">\n\t\t\t\t<div class=\"elementor-widget-container\">\n\t\t\t<h2 class=\"elementor-heading-title elementor-size-default\">Transport m\u00e9dical int\u00e9gr\u00e9 terrestre et a\u00e9rien\n<\/h2>\t\t<\/div>\n\t\t\t\t<\/div>\n\t\t\t\t<div class=\"elementor-element elementor-element-c10966e animated-slow elementor-invisible elementor-widget elementor-widget-text-editor\" data-id=\"c10966e\" data-element_type=\"widget\" data-settings=\"{&quot;_animation&quot;:&quot;slideInLeft&quot;,&quot;ekit_we_effect_on&quot;:&quot;none&quot;}\" data-widget_type=\"text-editor.default\">\n\t\t\t\t<div class=\"elementor-widget-container\">\n\t\t\t\t\t\t\t<p data-start=\"901\" data-end=\"1158\">Ambulance Flight combine sans effort les services d\u2019ambulance terrestre avec le transport m\u00e9dical a\u00e9rien pour cr\u00e9er un trajet unique et enti\u00e8rement g\u00e9r\u00e9. Nos \u00e9quipes coordonnent les ambulances de soins intensifs au sol, les transferts a\u00e9roportuaires et les vols d\u2019ambulance a\u00e9rienne afin de maintenir la continuit\u00e9 des soins. Cette approche int\u00e9gr\u00e9e garantit un transport m\u00e9dical efficace, s\u00fbr et urgent sur des distances courtes ou longues.  <\/p>\t\t\t\t\t\t<\/div>\n\t\t\t\t<\/div>\n\t\t\t\t<div class=\"elementor-element elementor-element-84d4e78 elementor-mobile-align-justify elementor-widget-mobile__width-inherit elementor-widget elementor-widget-button\" data-id=\"84d4e78\" data-element_type=\"widget\" data-settings=\"{&quot;ekit_we_effect_on&quot;:&quot;none&quot;}\" data-widget_type=\"button.default\">\n\t\t\t\t<div class=\"elementor-widget-container\">\n\t\t\t\t\t<div class=\"elementor-button-wrapper\">\n\t\t\t<a class=\"elementor-button elementor-button-link elementor-size-sm\" href=\"#\">\n\t\t\t\t\t\t<span class=\"elementor-button-content-wrapper\">\n\t\t\t\t\t\t\t\t\t<span class=\"elementor-button-text\">Demander un devis<\/span>\n\t\t\t\t\t<\/span>\n\t\t\t\t\t<\/a>\n\t\t<\/div>\n\t\t\t\t<\/div>\n\t\t\t\t<\/div>\n\t\t\t\t<\/div>\n\t\t<div class=\"elementor-element elementor-element-9c13d9b e-con-full e-flex e-con e-child\" data-id=\"9c13d9b\" data-element_type=\"container\" data-settings=\"{&quot;_ha_eqh_enable&quot;:false,&quot;ekit_has_onepagescroll_dot&quot;:&quot;yes&quot;}\">\n\t\t\t\t<div class=\"elementor-element elementor-element-c904c1a elementor-invisible elementor-widget elementor-widget-image\" data-id=\"c904c1a\" data-element_type=\"widget\" data-settings=\"{&quot;_animation&quot;:&quot;slideInDown&quot;,&quot;ekit_we_effect_on&quot;:&quot;none&quot;}\" data-widget_type=\"image.default\">\n\t\t\t\t<div class=\"elementor-widget-container\">\n\t\t\t\t\t\t\t\t\t\t\t\t\t<img decoding=\"async\" width=\"1536\" height=\"1024\" src=\"http:\/\/ambulanceflight.com\/wp-content\/uploads\/2025\/12\/worldwide-coverage.png\" class=\"attachment-full size-full wp-image-1113\" alt=\"\" srcset=\"http:\/\/ambulanceflight.com\/wp-content\/uploads\/2025\/12\/worldwide-coverage.png 1536w, http:\/\/ambulanceflight.com\/wp-content\/uploads\/2025\/12\/worldwide-coverage-300x200.png 300w, http:\/\/ambulanceflight.com\/wp-content\/uploads\/2025\/12\/worldwide-coverage-1024x683.png 1024w, http:\/\/ambulanceflight.com\/wp-content\/uploads\/2025\/12\/worldwide-coverage-768x512.png 768w\" sizes=\"(max-width: 1536px) 100vw, 1536px\" \/>\t\t\t\t\t\t\t\t\t\t\t\t\t<\/div>\n\t\t\t\t<\/div>\n\t\t\t\t<\/div>\n\t\t\t\t\t<\/div>\n\t\t\t\t<\/div>\n\t\t<div class=\"elementor-element elementor-element-1388383 e-flex e-con-boxed e-con e-parent\" data-id=\"1388383\" data-element_type=\"container\" data-settings=\"{&quot;background_background&quot;:&quot;classic&quot;,&quot;_ha_eqh_enable&quot;:false,&quot;ekit_has_onepagescroll_dot&quot;:&quot;yes&quot;}\">\n\t\t\t\t\t<div class=\"e-con-inner\">\n\t\t<div class=\"elementor-element elementor-element-eaad0c7 e-con-full e-flex e-con e-child\" data-id=\"eaad0c7\" data-element_type=\"container\" data-settings=\"{&quot;_ha_eqh_enable&quot;:false,&quot;ekit_has_onepagescroll_dot&quot;:&quot;yes&quot;}\">\n\t\t\t\t<div class=\"elementor-element elementor-element-f6cd321 elementor-invisible elementor-widget elementor-widget-heading\" data-id=\"f6cd321\" data-element_type=\"widget\" data-settings=\"{&quot;_animation&quot;:&quot;slideInLeft&quot;,&quot;ekit_we_effect_on&quot;:&quot;none&quot;}\" data-widget_type=\"heading.default\">\n\t\t\t\t<div class=\"elementor-widget-container\">\n\t\t\t<h2 class=\"elementor-heading-title elementor-size-default\">Soins m\u00e9dicaux continus tout au long du transfert<\/h2>\t\t<\/div>\n\t\t\t\t<\/div>\n\t\t\t\t<div class=\"elementor-element elementor-element-253ee07 animated-slow elementor-invisible elementor-widget elementor-widget-text-editor\" data-id=\"253ee07\" data-element_type=\"widget\" data-settings=\"{&quot;_animation&quot;:&quot;slideInLeft&quot;,&quot;ekit_we_effect_on&quot;:&quot;none&quot;}\" data-widget_type=\"text-editor.default\">\n\t\t\t\t<div class=\"elementor-widget-container\">\n\t\t\t\t\t\t\t<p data-start=\"615\" data-end=\"860\">Lors du transport de lit en lit, les patients restent sous <strong data-start=\"1866\" data-end=\"1898\">surveillance m\u00e9dicale constante<\/strong> du d\u00e9part \u00e0 l\u2019arriv\u00e9e. Nos \u00e9quipes m\u00e9dicales certifi\u00e9es surveillent les signes vitaux, administrent les m\u00e9dicaments et assurent un soutien vital avanc\u00e9 selon les besoins. Cela garantit <strong data-start=\"2060\" data-end=\"2095\">un traitement m\u00e9dical ininterrompu<\/strong>, r\u00e9duisant les risques cliniques lors des transitions entre les \u00e9tapes de transport.  <\/p>\t\t\t\t\t\t<\/div>\n\t\t\t\t<\/div>\n\t\t\t\t<div class=\"elementor-element elementor-element-d19d6a0 elementor-tablet-align-center elementor-mobile-align-justify elementor-widget-mobile__width-inherit elementor-widget elementor-widget-button\" data-id=\"d19d6a0\" data-element_type=\"widget\" data-settings=\"{&quot;ekit_we_effect_on&quot;:&quot;none&quot;}\" data-widget_type=\"button.default\">\n\t\t\t\t<div class=\"elementor-widget-container\">\n\t\t\t\t\t<div class=\"elementor-button-wrapper\">\n\t\t\t<a class=\"elementor-button elementor-button-link elementor-size-sm\" href=\"#\">\n\t\t\t\t\t\t<span class=\"elementor-button-content-wrapper\">\n\t\t\t\t\t\t\t\t\t<span class=\"elementor-button-text\">Demander un devis<\/span>\n\t\t\t\t\t<\/span>\n\t\t\t\t\t<\/a>\n\t\t<\/div>\n\t\t\t\t<\/div>\n\t\t\t\t<\/div>\n\t\t\t\t<\/div>\n\t\t<div class=\"elementor-element elementor-element-e272582 e-con-full e-flex e-con e-child\" data-id=\"e272582\" data-element_type=\"container\" data-settings=\"{&quot;_ha_eqh_enable&quot;:false,&quot;ekit_has_onepagescroll_dot&quot;:&quot;yes&quot;}\">\n\t\t\t\t<div class=\"elementor-element elementor-element-5f4360d elementor-invisible elementor-widget elementor-widget-image\" data-id=\"5f4360d\" data-element_type=\"widget\" data-settings=\"{&quot;_animation&quot;:&quot;slideInDown&quot;,&quot;ekit_we_effect_on&quot;:&quot;none&quot;}\" data-widget_type=\"image.default\">\n\t\t\t\t<div class=\"elementor-widget-container\">\n\t\t\t\t\t\t\t\t\t\t\t\t\t<img decoding=\"async\" width=\"1600\" height=\"1067\" src=\"http:\/\/ambulanceflight.com\/wp-content\/uploads\/2025\/10\/EA82XQR.jpg\" class=\"attachment-full size-full wp-image-396\" alt=\"\" srcset=\"http:\/\/ambulanceflight.com\/wp-content\/uploads\/2025\/10\/EA82XQR.jpg 1600w, http:\/\/ambulanceflight.com\/wp-content\/uploads\/2025\/10\/EA82XQR-300x200.jpg 300w, http:\/\/ambulanceflight.com\/wp-content\/uploads\/2025\/10\/EA82XQR-1024x683.jpg 1024w, http:\/\/ambulanceflight.com\/wp-content\/uploads\/2025\/10\/EA82XQR-768x512.jpg 768w, http:\/\/ambulanceflight.com\/wp-content\/uploads\/2025\/10\/EA82XQR-1536x1024.jpg 1536w\" sizes=\"(max-width: 1600px) 100vw, 1600px\" \/>\t\t\t\t\t\t\t\t\t\t\t\t\t<\/div>\n\t\t\t\t<\/div>\n\t\t\t\t<\/div>\n\t\t\t\t\t<\/div>\n\t\t\t\t<\/div>\n\t\t<div class=\"elementor-element elementor-element-bd81d93 e-flex e-con-boxed e-con e-parent\" data-id=\"bd81d93\" data-element_type=\"container\" data-settings=\"{&quot;background_background&quot;:&quot;classic&quot;,&quot;_ha_eqh_enable&quot;:false,&quot;ekit_has_onepagescroll_dot&quot;:&quot;yes&quot;}\">\n\t\t\t\t\t<div class=\"e-con-inner\">\n\t\t<div class=\"elementor-element elementor-element-328475e e-con-full e-flex e-con e-child\" data-id=\"328475e\" data-element_type=\"container\" data-settings=\"{&quot;_ha_eqh_enable&quot;:false,&quot;ekit_has_onepagescroll_dot&quot;:&quot;yes&quot;}\">\n\t\t\t\t<div class=\"elementor-element elementor-element-f53914f elementor-invisible elementor-widget elementor-widget-heading\" data-id=\"f53914f\" data-element_type=\"widget\" data-settings=\"{&quot;_animation&quot;:&quot;slideInLeft&quot;,&quot;ekit_we_effect_on&quot;:&quot;none&quot;}\" data-widget_type=\"heading.default\">\n\t\t\t\t<div class=\"elementor-widget-container\">\n\t\t\t<h2 class=\"elementor-heading-title elementor-size-default\">Coordination mondiale et gestion administrative<\/h2>\t\t<\/div>\n\t\t\t\t<\/div>\n\t\t\t\t<div class=\"elementor-element elementor-element-cc76981 animated-slow elementor-invisible elementor-widget elementor-widget-text-editor\" data-id=\"cc76981\" data-element_type=\"widget\" data-settings=\"{&quot;_animation&quot;:&quot;slideInLeft&quot;,&quot;ekit_we_effect_on&quot;:&quot;none&quot;}\" data-widget_type=\"text-editor.default\">\n\t\t\t\t<div class=\"elementor-widget-container\">\n\t\t\t\t\t\t\t<p data-start=\"1530\" data-end=\"1780\">Le transport m\u00e9dical de lit en lit n\u00e9cessite une logistique complexe et une coordination internationale. Ambulance Flight g\u00e8re toutes les proc\u00e9dures administratives et r\u00e9glementaires, y compris les habilitations m\u00e9dicales, les autorisations de vol, la communication hospitali\u00e8re et la documentation transfrontali\u00e8re. Notre expertise garantit une conformit\u00e9 totale et une ex\u00e9cution fluide, m\u00eame pour les transferts internationaux et longue distance.  <\/p>\t\t\t\t\t\t<\/div>\n\t\t\t\t<\/div>\n\t\t\t\t<div class=\"elementor-element elementor-element-c5d07bf elementor-mobile-align-justify elementor-widget-mobile__width-inherit elementor-widget elementor-widget-button\" data-id=\"c5d07bf\" data-element_type=\"widget\" data-settings=\"{&quot;ekit_we_effect_on&quot;:&quot;none&quot;}\" data-widget_type=\"button.default\">\n\t\t\t\t<div class=\"elementor-widget-container\">\n\t\t\t\t\t<div class=\"elementor-button-wrapper\">\n\t\t\t<a class=\"elementor-button elementor-button-link elementor-size-sm\" href=\"#\">\n\t\t\t\t\t\t<span class=\"elementor-button-content-wrapper\">\n\t\t\t\t\t\t\t\t\t<span class=\"elementor-button-text\">Demander un devis<\/span>\n\t\t\t\t\t<\/span>\n\t\t\t\t\t<\/a>\n\t\t<\/div>\n\t\t\t\t<\/div>\n\t\t\t\t<\/div>\n\t\t\t\t<\/div>\n\t\t<div class=\"elementor-element elementor-element-134f9a3 e-con-full e-flex e-con e-child\" data-id=\"134f9a3\" data-element_type=\"container\" data-settings=\"{&quot;_ha_eqh_enable&quot;:false,&quot;ekit_has_onepagescroll_dot&quot;:&quot;yes&quot;}\">\n\t\t\t\t<div class=\"elementor-element elementor-element-92f2ce8 elementor-invisible elementor-widget elementor-widget-image\" data-id=\"92f2ce8\" data-element_type=\"widget\" data-settings=\"{&quot;_animation&quot;:&quot;slideInDown&quot;,&quot;ekit_we_effect_on&quot;:&quot;none&quot;}\" data-widget_type=\"image.default\">\n\t\t\t\t<div class=\"elementor-widget-container\">\n\t\t\t\t\t\t\t\t\t\t\t\t\t<img loading=\"lazy\" decoding=\"async\" width=\"736\" height=\"552\" src=\"http:\/\/ambulanceflight.com\/wp-content\/uploads\/2025\/12\/Air-Ambulance-Services-Sydney.jpg\" class=\"attachment-full size-full wp-image-1114\" alt=\"\" srcset=\"http:\/\/ambulanceflight.com\/wp-content\/uploads\/2025\/12\/Air-Ambulance-Services-Sydney.jpg 736w, http:\/\/ambulanceflight.com\/wp-content\/uploads\/2025\/12\/Air-Ambulance-Services-Sydney-300x225.jpg 300w\" sizes=\"(max-width: 736px) 100vw, 736px\" \/>\t\t\t\t\t\t\t\t\t\t\t\t\t<\/div>\n\t\t\t\t<\/div>\n\t\t\t\t<\/div>\n\t\t\t\t\t<\/div>\n\t\t\t\t<\/div>\n\t\t<div class=\"elementor-element elementor-element-193d9f7 e-flex e-con-boxed e-con e-parent\" data-id=\"193d9f7\" data-element_type=\"container\" data-settings=\"{&quot;background_background&quot;:&quot;classic&quot;,&quot;_ha_eqh_enable&quot;:false,&quot;ekit_has_onepagescroll_dot&quot;:&quot;yes&quot;}\">\n\t\t\t\t\t<div class=\"e-con-inner\">\n\t\t<div class=\"elementor-element elementor-element-ad5ae10 e-con-full e-flex e-con e-child\" data-id=\"ad5ae10\" data-element_type=\"container\" data-settings=\"{&quot;_ha_eqh_enable&quot;:false,&quot;ekit_has_onepagescroll_dot&quot;:&quot;yes&quot;}\">\n\t\t\t\t<div class=\"elementor-element elementor-element-551f4bc elementor-invisible elementor-widget elementor-widget-heading\" data-id=\"551f4bc\" data-element_type=\"widget\" data-settings=\"{&quot;_animation&quot;:&quot;slideInLeft&quot;,&quot;ekit_we_effect_on&quot;:&quot;none&quot;}\" data-widget_type=\"heading.default\">\n\t\t\t\t<div class=\"elementor-widget-container\">\n\t\t\t<h2 class=\"elementor-heading-title elementor-size-default\">Transport m\u00e9dical 24h\/24 et 7j\/7 \u2013 Couverture mondiale<\/h2>\t\t<\/div>\n\t\t\t\t<\/div>\n\t\t\t\t<div class=\"elementor-element elementor-element-9815e0c animated-slow elementor-invisible elementor-widget elementor-widget-text-editor\" data-id=\"9815e0c\" data-element_type=\"widget\" data-settings=\"{&quot;_animation&quot;:&quot;slideInLeft&quot;,&quot;ekit_we_effect_on&quot;:&quot;none&quot;}\" data-widget_type=\"text-editor.default\">\n\t\t\t\t<div class=\"elementor-widget-container\">\n\t\t\t\t\t\t\t<p data-start=\"1834\" data-end=\"2090\">Notre centre d\u2019op\u00e9rations 24h\/24 et 7j\/7 garantit une r\u00e9ponse imm\u00e9diate et un d\u00e9ploiement rapide des services de transport m\u00e9dical de lit \u00e0 lit \u00e0 travers le monde. Que ce soit pour une \u00e9vacuation d\u2019urgence ou un transfert m\u00e9dical programm\u00e9, nous coordonnons chaque d\u00e9tail pour garantir un transport rapide, fiable et enti\u00e8rement supervis\u00e9 des patients, partout dans le monde. <\/p>\t\t\t\t\t\t<\/div>\n\t\t\t\t<\/div>\n\t\t\t\t<div class=\"elementor-element elementor-element-fd8cc06 elementor-tablet-align-center elementor-mobile-align-justify elementor-widget-mobile__width-inherit elementor-widget elementor-widget-button\" data-id=\"fd8cc06\" data-element_type=\"widget\" data-settings=\"{&quot;ekit_we_effect_on&quot;:&quot;none&quot;}\" data-widget_type=\"button.default\">\n\t\t\t\t<div class=\"elementor-widget-container\">\n\t\t\t\t\t<div class=\"elementor-button-wrapper\">\n\t\t\t<a class=\"elementor-button elementor-button-link elementor-size-sm\" href=\"#\">\n\t\t\t\t\t\t<span class=\"elementor-button-content-wrapper\">\n\t\t\t\t\t\t\t\t\t<span class=\"elementor-button-text\">Demander un devis<\/span>\n\t\t\t\t\t<\/span>\n\t\t\t\t\t<\/a>\n\t\t<\/div>\n\t\t\t\t<\/div>\n\t\t\t\t<\/div>\n\t\t\t\t<\/div>\n\t\t<div class=\"elementor-element elementor-element-fabc253 e-con-full e-flex e-con e-child\" data-id=\"fabc253\" data-element_type=\"container\" data-settings=\"{&quot;_ha_eqh_enable&quot;:false,&quot;ekit_has_onepagescroll_dot&quot;:&quot;yes&quot;}\">\n\t\t\t\t<div class=\"elementor-element elementor-element-4d40e69 elementor-invisible elementor-widget elementor-widget-image\" data-id=\"4d40e69\" data-element_type=\"widget\" data-settings=\"{&quot;_animation&quot;:&quot;slideInDown&quot;,&quot;ekit_we_effect_on&quot;:&quot;none&quot;}\" data-widget_type=\"image.default\">\n\t\t\t\t<div class=\"elementor-widget-container\">\n\t\t\t\t\t\t\t\t\t\t\t\t\t<img loading=\"lazy\" decoding=\"async\" width=\"736\" height=\"484\" src=\"http:\/\/ambulanceflight.com\/wp-content\/uploads\/2025\/12\/certifier-medical-crew-1.jpg\" class=\"attachment-full size-full wp-image-1115\" alt=\"\" srcset=\"http:\/\/ambulanceflight.com\/wp-content\/uploads\/2025\/12\/certifier-medical-crew-1.jpg 736w, http:\/\/ambulanceflight.com\/wp-content\/uploads\/2025\/12\/certifier-medical-crew-1-300x197.jpg 300w\" sizes=\"(max-width: 736px) 100vw, 736px\" \/>\t\t\t\t\t\t\t\t\t\t\t\t\t<\/div>\n\t\t\t\t<\/div>\n\t\t\t\t<\/div>\n\t\t\t\t\t<\/div>\n\t\t\t\t<\/div>\n\t\t\t\t<\/div>\n\t\t","protected":false},"excerpt":{"rendered":"<p>Service de transport m\u00e9dical de lit \u00e0 lit Transport m\u00e9dical complet de lit en lit dans le monde entier Ambulance Flight propose un service complet de transport m\u00e9dical de lit en lit, garantissant des transferts fluides des patients du point de d\u00e9part \u00e0 la destination finale. Cette solution enti\u00e8rement coordonn\u00e9e int\u00e8gre le transport d\u2019ambulance terrestre, [&hellip;]<\/p>\n","protected":false},"author":1,"featured_media":0,"parent":476,"menu_order":0,"comment_status":"closed","ping_status":"closed","template":"elementor_header_footer","meta":{"footnotes":""},"class_list":["post-1026","page","type-page","status-publish","hentry"],"_links":{"self":[{"href":"https:\/\/ambulanceflight.com\/fr\/wp-json\/wp\/v2\/pages\/1026","targetHints":{"allow":["GET"]}}],"collection":[{"href":"https:\/\/ambulanceflight.com\/fr\/wp-json\/wp\/v2\/pages"}],"about":[{"href":"https:\/\/ambulanceflight.com\/fr\/wp-json\/wp\/v2\/types\/page"}],"author":[{"embeddable":true,"href":"https:\/\/ambulanceflight.com\/fr\/wp-json\/wp\/v2\/users\/1"}],"replies":[{"embeddable":true,"href":"https:\/\/ambulanceflight.com\/fr\/wp-json\/wp\/v2\/comments?post=1026"}],"version-history":[{"count":3,"href":"https:\/\/ambulanceflight.com\/fr\/wp-json\/wp\/v2\/pages\/1026\/revisions"}],"predecessor-version":[{"id":1356,"href":"https:\/\/ambulanceflight.com\/fr\/wp-json\/wp\/v2\/pages\/1026\/revisions\/1356"}],"up":[{"embeddable":true,"href":"https:\/\/ambulanceflight.com\/fr\/wp-json\/wp\/v2\/pages\/476"}],"wp:attachment":[{"href":"https:\/\/ambulanceflight.com\/fr\/wp-json\/wp\/v2\/media?parent=1026"}],"curies":[{"name":"wp","href":"https:\/\/api.w.org\/{rel}","templated":true}]}}