{"id":1002,"date":"2025-11-17T19:48:01","date_gmt":"2025-11-17T19:48:01","guid":{"rendered":"https:\/\/ambulanceflight.com\/nos-services\/rapatriement-medical\/"},"modified":"2025-12-29T09:40:04","modified_gmt":"2025-12-29T09:40:04","slug":"rapatriement-medical","status":"publish","type":"page","link":"https:\/\/ambulanceflight.com\/fr\/nos-services\/rapatriement-medical\/","title":{"rendered":"Rapatriement m\u00e9dical"},"content":{"rendered":"\t\t<div data-elementor-type=\"wp-page\" data-elementor-id=\"1002\" class=\"elementor elementor-1002 elementor-805\" data-elementor-settings=\"{&quot;ha_cmc_init_switcher&quot;:&quot;no&quot;}\" data-elementor-post-type=\"page\">\n\t\t\t\t<div class=\"elementor-element elementor-element-fd85f9f e-flex e-con-boxed e-con e-parent\" data-id=\"fd85f9f\" data-element_type=\"container\" data-settings=\"{&quot;background_background&quot;:&quot;classic&quot;,&quot;_ha_eqh_enable&quot;:false,&quot;ekit_has_onepagescroll_dot&quot;:&quot;yes&quot;}\">\n\t\t\t\t\t<div class=\"e-con-inner\">\n\t\t\t\t\t<\/div>\n\t\t\t\t<\/div>\n\t\t<div class=\"elementor-element elementor-element-c565c08 e-flex e-con-boxed e-con e-parent\" data-id=\"c565c08\" data-element_type=\"container\" data-settings=\"{&quot;background_background&quot;:&quot;classic&quot;,&quot;_ha_eqh_enable&quot;:false,&quot;ekit_has_onepagescroll_dot&quot;:&quot;yes&quot;}\">\n\t\t\t\t\t<div class=\"e-con-inner\">\n\t\t<div class=\"elementor-element elementor-element-0da1d81 e-con-full e-flex e-con e-child\" data-id=\"0da1d81\" data-element_type=\"container\" data-settings=\"{&quot;_ha_eqh_enable&quot;:false,&quot;ekit_has_onepagescroll_dot&quot;:&quot;yes&quot;}\">\n\t\t\t\t<div class=\"elementor-element elementor-element-79599bd elementor-invisible elementor-widget elementor-widget-heading\" data-id=\"79599bd\" data-element_type=\"widget\" data-settings=\"{&quot;_animation&quot;:&quot;slideInLeft&quot;,&quot;ekit_we_effect_on&quot;:&quot;none&quot;}\" data-widget_type=\"heading.default\">\n\t\t\t\t<div class=\"elementor-widget-container\">\n\t\t\t<h2 class=\"elementor-heading-title elementor-size-default\">Rapatriement m\u00e9dical<\/h2>\t\t<\/div>\n\t\t\t\t<\/div>\n\t\t\t\t<div class=\"elementor-element elementor-element-923d4d5 animated-slow elementor-invisible elementor-widget elementor-widget-text-editor\" data-id=\"923d4d5\" data-element_type=\"widget\" data-settings=\"{&quot;_animation&quot;:&quot;slideInLeft&quot;,&quot;ekit_we_effect_on&quot;:&quot;none&quot;}\" data-widget_type=\"text-editor.default\">\n\t\t\t\t<div class=\"elementor-widget-container\">\n\t\t\t\t\t\t\t<h3 data-start=\"244\" data-end=\"306\">Services de rapatriement m\u00e9dical mondiaux \u2013 S\u00fbrs, rapides et enti\u00e8rement coordonn\u00e9s<\/h3><p data-start=\"308\" data-end=\"570\">Ambulance Flight fournit des services internationaux de rapatriement m\u00e9dical aux patients n\u00e9cessitant un transport s\u00e9curis\u00e9 vers leur pays d\u2019origine ou vers un \u00e9tablissement m\u00e9dical sp\u00e9cialis\u00e9. Que ce soit \u00e0 la suite d\u2019un accident, d\u2019une maladie ou d\u2019une urgence m\u00e9dicale \u00e0 l\u2019\u00e9tranger, nous assurons des vols de rapatriement enti\u00e8rement coordonn\u00e9s et supervis\u00e9s m\u00e9dicalement dans le monde entier. Avec des avions \u00e9quip\u00e9s de soins intensifs, des \u00e9quipes m\u00e9dicales certifi\u00e9es et des op\u00e9rations 24h\/24 et 7j\/7, nous g\u00e9rons chaque aspect du processus de rapatriement avec pr\u00e9cision, rapidit\u00e9 et soin.  <\/p>\t\t\t\t\t\t<\/div>\n\t\t\t\t<\/div>\n\t\t\t\t<\/div>\n\t\t\t\t\t<\/div>\n\t\t\t\t<\/div>\n\t\t<div class=\"elementor-element elementor-element-9e4ba0b e-flex e-con-boxed e-con e-parent\" data-id=\"9e4ba0b\" data-element_type=\"container\" data-settings=\"{&quot;background_background&quot;:&quot;classic&quot;,&quot;_ha_eqh_enable&quot;:false,&quot;ekit_has_onepagescroll_dot&quot;:&quot;yes&quot;}\">\n\t\t\t\t\t<div class=\"e-con-inner\">\n\t\t<div class=\"elementor-element elementor-element-74f6877 e-con-full e-flex e-con e-child\" data-id=\"74f6877\" data-element_type=\"container\" data-settings=\"{&quot;_ha_eqh_enable&quot;:false,&quot;ekit_has_onepagescroll_dot&quot;:&quot;yes&quot;}\">\n\t\t\t\t<div class=\"elementor-element elementor-element-0afc2dc elementor-invisible elementor-widget elementor-widget-heading\" data-id=\"0afc2dc\" data-element_type=\"widget\" data-settings=\"{&quot;_animation&quot;:&quot;slideInLeft&quot;,&quot;ekit_we_effect_on&quot;:&quot;none&quot;}\" data-widget_type=\"heading.default\">\n\t\t\t\t<div class=\"elementor-widget-container\">\n\t\t\t<h2 class=\"elementor-heading-title elementor-size-default\">Rapatriement m\u00e9dical international par ambulance a\u00e9rienne<\/h2>\t\t<\/div>\n\t\t\t\t<\/div>\n\t\t\t\t<div class=\"elementor-element elementor-element-4166c87 animated-slow elementor-invisible elementor-widget elementor-widget-text-editor\" data-id=\"4166c87\" data-element_type=\"widget\" data-settings=\"{&quot;_animation&quot;:&quot;slideInLeft&quot;,&quot;ekit_we_effect_on&quot;:&quot;none&quot;}\" data-widget_type=\"text-editor.default\">\n\t\t\t\t<div class=\"elementor-widget-container\">\n\t\t\t\t\t\t\t<p data-start=\"615\" data-end=\"860\">Nos services de rapatriement m\u00e9dical en ambulance a\u00e9rienne sont con\u00e7us pour les patients qui ne peuvent pas voyager par avions commerciaux en raison de leur \u00e9tat de sant\u00e9. Utilisant des avions m\u00e9dicaux priv\u00e9s \u00e9quip\u00e9s comme unit\u00e9s de soins intensifs volants, nous assurons une surveillance m\u00e9dicale continue, un soutien vital avanc\u00e9 et des soins personnalis\u00e9s tout au long du parcours. Cette solution garantit un environnement s\u00fbr et contr\u00f4l\u00e9 pour les rapatriements longue distance et intercontinentaux.  <\/p>\t\t\t\t\t\t<\/div>\n\t\t\t\t<\/div>\n\t\t\t\t<div class=\"elementor-element elementor-element-d18e233 elementor-tablet-align-center elementor-mobile-align-justify elementor-widget-mobile__width-inherit elementor-widget elementor-widget-button\" data-id=\"d18e233\" data-element_type=\"widget\" data-settings=\"{&quot;ekit_we_effect_on&quot;:&quot;none&quot;}\" data-widget_type=\"button.default\">\n\t\t\t\t<div class=\"elementor-widget-container\">\n\t\t\t\t\t<div class=\"elementor-button-wrapper\">\n\t\t\t<a class=\"elementor-button elementor-button-link elementor-size-sm\" href=\"#\">\n\t\t\t\t\t\t<span class=\"elementor-button-content-wrapper\">\n\t\t\t\t\t\t\t\t\t<span class=\"elementor-button-text\">Demander un devis<\/span>\n\t\t\t\t\t<\/span>\n\t\t\t\t\t<\/a>\n\t\t<\/div>\n\t\t\t\t<\/div>\n\t\t\t\t<\/div>\n\t\t\t\t<\/div>\n\t\t<div class=\"elementor-element elementor-element-32701b4 e-con-full e-flex e-con e-child\" data-id=\"32701b4\" data-element_type=\"container\" data-settings=\"{&quot;_ha_eqh_enable&quot;:false,&quot;ekit_has_onepagescroll_dot&quot;:&quot;yes&quot;}\">\n\t\t\t\t<div class=\"elementor-element elementor-element-4eaf715 elementor-invisible elementor-widget elementor-widget-image\" data-id=\"4eaf715\" data-element_type=\"widget\" data-settings=\"{&quot;_animation&quot;:&quot;slideInDown&quot;,&quot;ekit_we_effect_on&quot;:&quot;none&quot;}\" data-widget_type=\"image.default\">\n\t\t\t\t<div class=\"elementor-widget-container\">\n\t\t\t\t\t\t\t\t\t\t\t\t\t<img fetchpriority=\"high\" decoding=\"async\" width=\"1024\" height=\"1024\" src=\"https:\/\/ambulanceflight.com\/wp-content\/uploads\/2025\/12\/international-medical-air-transport.png\" class=\"attachment-full size-full wp-image-1319\" alt=\"\" srcset=\"https:\/\/ambulanceflight.com\/wp-content\/uploads\/2025\/12\/international-medical-air-transport.png 1024w, https:\/\/ambulanceflight.com\/wp-content\/uploads\/2025\/12\/international-medical-air-transport-300x300.png 300w, https:\/\/ambulanceflight.com\/wp-content\/uploads\/2025\/12\/international-medical-air-transport-150x150.png 150w, https:\/\/ambulanceflight.com\/wp-content\/uploads\/2025\/12\/international-medical-air-transport-768x768.png 768w\" sizes=\"(max-width: 1024px) 100vw, 1024px\" \/>\t\t\t\t\t\t\t\t\t\t\t\t\t<\/div>\n\t\t\t\t<\/div>\n\t\t\t\t<\/div>\n\t\t\t\t\t<\/div>\n\t\t\t\t<\/div>\n\t\t<div class=\"elementor-element elementor-element-5c71d6e e-flex e-con-boxed e-con e-parent\" data-id=\"5c71d6e\" data-element_type=\"container\" data-settings=\"{&quot;background_background&quot;:&quot;classic&quot;,&quot;_ha_eqh_enable&quot;:false,&quot;ekit_has_onepagescroll_dot&quot;:&quot;yes&quot;}\">\n\t\t\t\t\t<div class=\"e-con-inner\">\n\t\t<div class=\"elementor-element elementor-element-8718eb7 e-con-full e-flex e-con e-child\" data-id=\"8718eb7\" data-element_type=\"container\" data-settings=\"{&quot;_ha_eqh_enable&quot;:false,&quot;ekit_has_onepagescroll_dot&quot;:&quot;yes&quot;}\">\n\t\t\t\t<div class=\"elementor-element elementor-element-81d24c0 elementor-invisible elementor-widget elementor-widget-heading\" data-id=\"81d24c0\" data-element_type=\"widget\" data-settings=\"{&quot;_animation&quot;:&quot;slideInLeft&quot;,&quot;ekit_we_effect_on&quot;:&quot;none&quot;}\" data-widget_type=\"heading.default\">\n\t\t\t\t<div class=\"elementor-widget-container\">\n\t\t\t<h2 class=\"elementor-heading-title elementor-size-default\">Rapatriement m\u00e9dical d\u2019h\u00f4pital \u00e0 h\u00f4pital<\/h2>\t\t<\/div>\n\t\t\t\t<\/div>\n\t\t\t\t<div class=\"elementor-element elementor-element-c10966e animated-slow elementor-invisible elementor-widget elementor-widget-text-editor\" data-id=\"c10966e\" data-element_type=\"widget\" data-settings=\"{&quot;_animation&quot;:&quot;slideInLeft&quot;,&quot;ekit_we_effect_on&quot;:&quot;none&quot;}\" data-widget_type=\"text-editor.default\">\n\t\t\t\t<div class=\"elementor-widget-container\">\n\t\t\t\t\t\t\t<p data-start=\"901\" data-end=\"1158\">Ambulance Flight est sp\u00e9cialis\u00e9 dans le <strong data-start=\"1726\" data-end=\"1771\">rapatriement m\u00e9dical d\u2019h\u00f4pital \u00e0 h\u00f4pital<\/strong>, assurant une coordination fluide entre les \u00e9tablissements m\u00e9dicaux d\u2019envoi et d\u2019accueil. Nous g\u00e9rons les dossiers m\u00e9dicaux, la communication avec les m\u00e9decins, la stabilisation des patients et la logistique des vols afin de maintenir la continuit\u00e9 des soins. Cette approche garantit que les patients sont directement transf\u00e9r\u00e9s vers des soins m\u00e9dicaux appropri\u00e9s \u00e0 leur arriv\u00e9e, sans interruption ni risque.  <\/p>\t\t\t\t\t\t<\/div>\n\t\t\t\t<\/div>\n\t\t\t\t<div class=\"elementor-element elementor-element-84d4e78 elementor-mobile-align-justify elementor-widget-mobile__width-inherit elementor-widget elementor-widget-button\" data-id=\"84d4e78\" data-element_type=\"widget\" data-settings=\"{&quot;ekit_we_effect_on&quot;:&quot;none&quot;}\" data-widget_type=\"button.default\">\n\t\t\t\t<div class=\"elementor-widget-container\">\n\t\t\t\t\t<div class=\"elementor-button-wrapper\">\n\t\t\t<a class=\"elementor-button elementor-button-link elementor-size-sm\" href=\"#\">\n\t\t\t\t\t\t<span class=\"elementor-button-content-wrapper\">\n\t\t\t\t\t\t\t\t\t<span class=\"elementor-button-text\">Demander un devis<\/span>\n\t\t\t\t\t<\/span>\n\t\t\t\t\t<\/a>\n\t\t<\/div>\n\t\t\t\t<\/div>\n\t\t\t\t<\/div>\n\t\t\t\t<\/div>\n\t\t<div class=\"elementor-element elementor-element-9c13d9b e-con-full e-flex e-con e-child\" data-id=\"9c13d9b\" data-element_type=\"container\" data-settings=\"{&quot;_ha_eqh_enable&quot;:false,&quot;ekit_has_onepagescroll_dot&quot;:&quot;yes&quot;}\">\n\t\t\t\t<div class=\"elementor-element elementor-element-c904c1a elementor-invisible elementor-widget elementor-widget-image\" data-id=\"c904c1a\" data-element_type=\"widget\" data-settings=\"{&quot;_animation&quot;:&quot;slideInDown&quot;,&quot;ekit_we_effect_on&quot;:&quot;none&quot;}\" data-widget_type=\"image.default\">\n\t\t\t\t<div class=\"elementor-widget-container\">\n\t\t\t\t\t\t\t\t\t\t\t\t\t<img decoding=\"async\" width=\"1440\" height=\"811\" src=\"https:\/\/ambulanceflight.com\/wp-content\/uploads\/2025\/12\/hospital-to-hospital.jpeg\" class=\"attachment-full size-full wp-image-1321\" alt=\"\" srcset=\"https:\/\/ambulanceflight.com\/wp-content\/uploads\/2025\/12\/hospital-to-hospital.jpeg 1440w, https:\/\/ambulanceflight.com\/wp-content\/uploads\/2025\/12\/hospital-to-hospital-300x169.jpeg 300w, https:\/\/ambulanceflight.com\/wp-content\/uploads\/2025\/12\/hospital-to-hospital-1024x577.jpeg 1024w, https:\/\/ambulanceflight.com\/wp-content\/uploads\/2025\/12\/hospital-to-hospital-768x433.jpeg 768w\" sizes=\"(max-width: 1440px) 100vw, 1440px\" \/>\t\t\t\t\t\t\t\t\t\t\t\t\t<\/div>\n\t\t\t\t<\/div>\n\t\t\t\t<\/div>\n\t\t\t\t\t<\/div>\n\t\t\t\t<\/div>\n\t\t<div class=\"elementor-element elementor-element-1388383 e-flex e-con-boxed e-con e-parent\" data-id=\"1388383\" data-element_type=\"container\" data-settings=\"{&quot;background_background&quot;:&quot;classic&quot;,&quot;_ha_eqh_enable&quot;:false,&quot;ekit_has_onepagescroll_dot&quot;:&quot;yes&quot;}\">\n\t\t\t\t\t<div class=\"e-con-inner\">\n\t\t<div class=\"elementor-element elementor-element-eaad0c7 e-con-full e-flex e-con e-child\" data-id=\"eaad0c7\" data-element_type=\"container\" data-settings=\"{&quot;_ha_eqh_enable&quot;:false,&quot;ekit_has_onepagescroll_dot&quot;:&quot;yes&quot;}\">\n\t\t\t\t<div class=\"elementor-element elementor-element-f6cd321 elementor-invisible elementor-widget elementor-widget-heading\" data-id=\"f6cd321\" data-element_type=\"widget\" data-settings=\"{&quot;_animation&quot;:&quot;slideInLeft&quot;,&quot;ekit_we_effect_on&quot;:&quot;none&quot;}\" data-widget_type=\"heading.default\">\n\t\t\t\t<div class=\"elementor-widget-container\">\n\t\t\t<h2 class=\"elementor-heading-title elementor-size-default\">Rapatriement en vol commercial avec escorte m\u00e9dicale<\/h2>\t\t<\/div>\n\t\t\t\t<\/div>\n\t\t\t\t<div class=\"elementor-element elementor-element-253ee07 animated-slow elementor-invisible elementor-widget elementor-widget-text-editor\" data-id=\"253ee07\" data-element_type=\"widget\" data-settings=\"{&quot;_animation&quot;:&quot;slideInLeft&quot;,&quot;ekit_we_effect_on&quot;:&quot;none&quot;}\" data-widget_type=\"text-editor.default\">\n\t\t\t\t<div class=\"elementor-widget-container\">\n\t\t\t\t\t\t\t<p data-start=\"615\" data-end=\"860\">Pour les patients stables pouvant voyager en avions commerciaux, nous proposons un rapatriement m\u00e9dical avec une escorte m\u00e9dicale professionnelle. Un m\u00e9decin ou une infirmi\u00e8re certifi\u00e9e accompagne le patient tout au long du trajet, assurant la surveillance, l\u2019administration des m\u00e9dicaments et une assistance m\u00e9dicale selon les besoins. Cette option de rapatriement \u00e9conomique maintient des normes de s\u00e9curit\u00e9 \u00e9lev\u00e9es tout en assurant le confort et la supervision du patient.  <\/p>\t\t\t\t\t\t<\/div>\n\t\t\t\t<\/div>\n\t\t\t\t<div class=\"elementor-element elementor-element-d19d6a0 elementor-tablet-align-center elementor-mobile-align-justify elementor-widget-mobile__width-inherit elementor-widget elementor-widget-button\" data-id=\"d19d6a0\" data-element_type=\"widget\" data-settings=\"{&quot;ekit_we_effect_on&quot;:&quot;none&quot;}\" data-widget_type=\"button.default\">\n\t\t\t\t<div class=\"elementor-widget-container\">\n\t\t\t\t\t<div class=\"elementor-button-wrapper\">\n\t\t\t<a class=\"elementor-button elementor-button-link elementor-size-sm\" href=\"#\">\n\t\t\t\t\t\t<span class=\"elementor-button-content-wrapper\">\n\t\t\t\t\t\t\t\t\t<span class=\"elementor-button-text\">Demander un devis<\/span>\n\t\t\t\t\t<\/span>\n\t\t\t\t\t<\/a>\n\t\t<\/div>\n\t\t\t\t<\/div>\n\t\t\t\t<\/div>\n\t\t\t\t<\/div>\n\t\t<div class=\"elementor-element elementor-element-e272582 e-con-full e-flex e-con e-child\" data-id=\"e272582\" data-element_type=\"container\" data-settings=\"{&quot;_ha_eqh_enable&quot;:false,&quot;ekit_has_onepagescroll_dot&quot;:&quot;yes&quot;}\">\n\t\t\t\t<div class=\"elementor-element elementor-element-5f4360d elementor-invisible elementor-widget elementor-widget-image\" data-id=\"5f4360d\" data-element_type=\"widget\" data-settings=\"{&quot;_animation&quot;:&quot;slideInDown&quot;,&quot;ekit_we_effect_on&quot;:&quot;none&quot;}\" data-widget_type=\"image.default\">\n\t\t\t\t<div class=\"elementor-widget-container\">\n\t\t\t\t\t\t\t\t\t\t\t\t\t<img decoding=\"async\" width=\"828\" height=\"896\" src=\"https:\/\/ambulanceflight.com\/wp-content\/uploads\/2025\/12\/Capture-decran-2025-12-29-a-10.38.51.png\" class=\"attachment-full size-full wp-image-1323\" alt=\"\" srcset=\"https:\/\/ambulanceflight.com\/wp-content\/uploads\/2025\/12\/Capture-decran-2025-12-29-a-10.38.51.png 828w, https:\/\/ambulanceflight.com\/wp-content\/uploads\/2025\/12\/Capture-decran-2025-12-29-a-10.38.51-277x300.png 277w, https:\/\/ambulanceflight.com\/wp-content\/uploads\/2025\/12\/Capture-decran-2025-12-29-a-10.38.51-768x831.png 768w\" sizes=\"(max-width: 828px) 100vw, 828px\" \/>\t\t\t\t\t\t\t\t\t\t\t\t\t<\/div>\n\t\t\t\t<\/div>\n\t\t\t\t<\/div>\n\t\t\t\t\t<\/div>\n\t\t\t\t<\/div>\n\t\t<div class=\"elementor-element elementor-element-bd81d93 e-flex e-con-boxed e-con e-parent\" data-id=\"bd81d93\" data-element_type=\"container\" data-settings=\"{&quot;background_background&quot;:&quot;classic&quot;,&quot;_ha_eqh_enable&quot;:false,&quot;ekit_has_onepagescroll_dot&quot;:&quot;yes&quot;}\">\n\t\t\t\t\t<div class=\"e-con-inner\">\n\t\t<div class=\"elementor-element elementor-element-328475e e-con-full e-flex e-con e-child\" data-id=\"328475e\" data-element_type=\"container\" data-settings=\"{&quot;_ha_eqh_enable&quot;:false,&quot;ekit_has_onepagescroll_dot&quot;:&quot;yes&quot;}\">\n\t\t\t\t<div class=\"elementor-element elementor-element-f53914f elementor-invisible elementor-widget elementor-widget-heading\" data-id=\"f53914f\" data-element_type=\"widget\" data-settings=\"{&quot;_animation&quot;:&quot;slideInLeft&quot;,&quot;ekit_we_effect_on&quot;:&quot;none&quot;}\" data-widget_type=\"heading.default\">\n\t\t\t\t<div class=\"elementor-widget-container\">\n\t\t\t<h2 class=\"elementor-heading-title elementor-size-default\">Coordination mondiale, documentation et conformit\u00e9 r\u00e9glementaire<\/h2>\t\t<\/div>\n\t\t\t\t<\/div>\n\t\t\t\t<div class=\"elementor-element elementor-element-cc76981 animated-slow elementor-invisible elementor-widget elementor-widget-text-editor\" data-id=\"cc76981\" data-element_type=\"widget\" data-settings=\"{&quot;_animation&quot;:&quot;slideInLeft&quot;,&quot;ekit_we_effect_on&quot;:&quot;none&quot;}\" data-widget_type=\"text-editor.default\">\n\t\t\t\t<div class=\"elementor-widget-container\">\n\t\t\t\t\t\t\t<p data-start=\"1530\" data-end=\"1780\">Le rapatriement m\u00e9dical implique des r\u00e9glementations internationales complexes. Ambulance Flight g\u00e8re toutes les proc\u00e9dures administratives, y compris les autorisations de vol, les autorisations m\u00e9dicales, la coordination de l\u2019ambassade, la communication avec les assurances et la documentation internationale. Notre expertise garantit une conformit\u00e9 r\u00e9glementaire compl\u00e8te, \u00e9liminant les retards et r\u00e9duisant le stress pour les patients et leurs familles.  <\/p>\t\t\t\t\t\t<\/div>\n\t\t\t\t<\/div>\n\t\t\t\t<div class=\"elementor-element elementor-element-c5d07bf elementor-mobile-align-justify elementor-widget-mobile__width-inherit elementor-widget elementor-widget-button\" data-id=\"c5d07bf\" data-element_type=\"widget\" data-settings=\"{&quot;ekit_we_effect_on&quot;:&quot;none&quot;}\" data-widget_type=\"button.default\">\n\t\t\t\t<div class=\"elementor-widget-container\">\n\t\t\t\t\t<div class=\"elementor-button-wrapper\">\n\t\t\t<a class=\"elementor-button elementor-button-link elementor-size-sm\" href=\"#\">\n\t\t\t\t\t\t<span class=\"elementor-button-content-wrapper\">\n\t\t\t\t\t\t\t\t\t<span class=\"elementor-button-text\">Demander un devis<\/span>\n\t\t\t\t\t<\/span>\n\t\t\t\t\t<\/a>\n\t\t<\/div>\n\t\t\t\t<\/div>\n\t\t\t\t<\/div>\n\t\t\t\t<\/div>\n\t\t<div class=\"elementor-element elementor-element-134f9a3 e-con-full e-flex e-con e-child\" data-id=\"134f9a3\" data-element_type=\"container\" data-settings=\"{&quot;_ha_eqh_enable&quot;:false,&quot;ekit_has_onepagescroll_dot&quot;:&quot;yes&quot;}\">\n\t\t\t\t<div class=\"elementor-element elementor-element-92f2ce8 elementor-invisible elementor-widget elementor-widget-image\" data-id=\"92f2ce8\" data-element_type=\"widget\" data-settings=\"{&quot;_animation&quot;:&quot;slideInDown&quot;,&quot;ekit_we_effect_on&quot;:&quot;none&quot;}\" data-widget_type=\"image.default\">\n\t\t\t\t<div class=\"elementor-widget-container\">\n\t\t\t\t\t\t\t\t\t\t\t\t\t<img loading=\"lazy\" decoding=\"async\" width=\"720\" height=\"899\" src=\"https:\/\/ambulanceflight.com\/wp-content\/uploads\/2025\/12\/medical-air-transport.jpg\" class=\"attachment-full size-full wp-image-1070\" alt=\"\" srcset=\"https:\/\/ambulanceflight.com\/wp-content\/uploads\/2025\/12\/medical-air-transport.jpg 720w, https:\/\/ambulanceflight.com\/wp-content\/uploads\/2025\/12\/medical-air-transport-240x300.jpg 240w\" sizes=\"(max-width: 720px) 100vw, 720px\" \/>\t\t\t\t\t\t\t\t\t\t\t\t\t<\/div>\n\t\t\t\t<\/div>\n\t\t\t\t<\/div>\n\t\t\t\t\t<\/div>\n\t\t\t\t<\/div>\n\t\t<div class=\"elementor-element elementor-element-193d9f7 e-flex e-con-boxed e-con e-parent\" data-id=\"193d9f7\" data-element_type=\"container\" data-settings=\"{&quot;background_background&quot;:&quot;classic&quot;,&quot;_ha_eqh_enable&quot;:false,&quot;ekit_has_onepagescroll_dot&quot;:&quot;yes&quot;}\">\n\t\t\t\t\t<div class=\"e-con-inner\">\n\t\t<div class=\"elementor-element elementor-element-ad5ae10 e-con-full e-flex e-con e-child\" data-id=\"ad5ae10\" data-element_type=\"container\" data-settings=\"{&quot;_ha_eqh_enable&quot;:false,&quot;ekit_has_onepagescroll_dot&quot;:&quot;yes&quot;}\">\n\t\t\t\t<div class=\"elementor-element elementor-element-551f4bc elementor-invisible elementor-widget elementor-widget-heading\" data-id=\"551f4bc\" data-element_type=\"widget\" data-settings=\"{&quot;_animation&quot;:&quot;slideInLeft&quot;,&quot;ekit_we_effect_on&quot;:&quot;none&quot;}\" data-widget_type=\"heading.default\">\n\t\t\t\t<div class=\"elementor-widget-container\">\n\t\t\t<h2 class=\"elementor-heading-title elementor-size-default\">Service de rapatriement m\u00e9dical 24h\/24 et 7j\/7<\/h2>\t\t<\/div>\n\t\t\t\t<\/div>\n\t\t\t\t<div class=\"elementor-element elementor-element-9815e0c animated-slow elementor-invisible elementor-widget elementor-widget-text-editor\" data-id=\"9815e0c\" data-element_type=\"widget\" data-settings=\"{&quot;_animation&quot;:&quot;slideInLeft&quot;,&quot;ekit_we_effect_on&quot;:&quot;none&quot;}\" data-widget_type=\"text-editor.default\">\n\t\t\t\t<div class=\"elementor-widget-container\">\n\t\t\t\t\t\t\t<p data-start=\"1834\" data-end=\"2090\">Nous proposons un service complet de rapatriement m\u00e9dical de lit \u00e0 lit, couvrant le transport d\u2019ambulance au sol, le vol m\u00e9dical et le transfert final vers l\u2019h\u00f4pital ou la r\u00e9sidence de destination. Notre centre d\u2019op\u00e9rations 24h\/24 et 7j\/7 garantit une r\u00e9ponse imm\u00e9diate, un d\u00e9ploiement rapide et une communication constante tout au long du processus de rapatriement, garantissant un transfert fluide, s\u00fbr et efficace. <\/p>\t\t\t\t\t\t<\/div>\n\t\t\t\t<\/div>\n\t\t\t\t<div class=\"elementor-element elementor-element-fd8cc06 elementor-tablet-align-center elementor-mobile-align-justify elementor-widget-mobile__width-inherit elementor-widget elementor-widget-button\" data-id=\"fd8cc06\" data-element_type=\"widget\" data-settings=\"{&quot;ekit_we_effect_on&quot;:&quot;none&quot;}\" data-widget_type=\"button.default\">\n\t\t\t\t<div class=\"elementor-widget-container\">\n\t\t\t\t\t<div class=\"elementor-button-wrapper\">\n\t\t\t<a class=\"elementor-button elementor-button-link elementor-size-sm\" href=\"#\">\n\t\t\t\t\t\t<span class=\"elementor-button-content-wrapper\">\n\t\t\t\t\t\t\t\t\t<span class=\"elementor-button-text\">Demander un devis<\/span>\n\t\t\t\t\t<\/span>\n\t\t\t\t\t<\/a>\n\t\t<\/div>\n\t\t\t\t<\/div>\n\t\t\t\t<\/div>\n\t\t\t\t<\/div>\n\t\t<div class=\"elementor-element elementor-element-fabc253 e-con-full e-flex e-con e-child\" data-id=\"fabc253\" data-element_type=\"container\" data-settings=\"{&quot;_ha_eqh_enable&quot;:false,&quot;ekit_has_onepagescroll_dot&quot;:&quot;yes&quot;}\">\n\t\t\t\t<div class=\"elementor-element elementor-element-4d40e69 elementor-invisible elementor-widget elementor-widget-image\" data-id=\"4d40e69\" data-element_type=\"widget\" data-settings=\"{&quot;_animation&quot;:&quot;slideInDown&quot;,&quot;ekit_we_effect_on&quot;:&quot;none&quot;}\" data-widget_type=\"image.default\">\n\t\t\t\t<div class=\"elementor-widget-container\">\n\t\t\t\t\t\t\t\t\t\t\t\t\t<img loading=\"lazy\" decoding=\"async\" width=\"1600\" height=\"1200\" src=\"https:\/\/ambulanceflight.com\/wp-content\/uploads\/2025\/12\/global-ICU-et-ECMO-medical-evacuation.jpeg\" class=\"attachment-full size-full wp-image-1303\" alt=\"\" srcset=\"https:\/\/ambulanceflight.com\/wp-content\/uploads\/2025\/12\/global-ICU-et-ECMO-medical-evacuation.jpeg 1600w, https:\/\/ambulanceflight.com\/wp-content\/uploads\/2025\/12\/global-ICU-et-ECMO-medical-evacuation-300x225.jpeg 300w, https:\/\/ambulanceflight.com\/wp-content\/uploads\/2025\/12\/global-ICU-et-ECMO-medical-evacuation-1024x768.jpeg 1024w, https:\/\/ambulanceflight.com\/wp-content\/uploads\/2025\/12\/global-ICU-et-ECMO-medical-evacuation-768x576.jpeg 768w, https:\/\/ambulanceflight.com\/wp-content\/uploads\/2025\/12\/global-ICU-et-ECMO-medical-evacuation-1536x1152.jpeg 1536w\" sizes=\"(max-width: 1600px) 100vw, 1600px\" \/>\t\t\t\t\t\t\t\t\t\t\t\t\t<\/div>\n\t\t\t\t<\/div>\n\t\t\t\t<\/div>\n\t\t\t\t\t<\/div>\n\t\t\t\t<\/div>\n\t\t\t\t<\/div>\n\t\t","protected":false},"excerpt":{"rendered":"<p>Rapatriement m\u00e9dical Services de rapatriement m\u00e9dical mondiaux \u2013 S\u00fbrs, rapides et enti\u00e8rement coordonn\u00e9s Ambulance Flight fournit des services internationaux de rapatriement m\u00e9dical aux patients n\u00e9cessitant un transport s\u00e9curis\u00e9 vers leur pays d\u2019origine ou vers un \u00e9tablissement m\u00e9dical sp\u00e9cialis\u00e9. Que ce soit \u00e0 la suite d\u2019un accident, d\u2019une maladie ou d\u2019une urgence m\u00e9dicale \u00e0 l\u2019\u00e9tranger, nous [&hellip;]<\/p>\n","protected":false},"author":1,"featured_media":0,"parent":476,"menu_order":0,"comment_status":"closed","ping_status":"closed","template":"elementor_header_footer","meta":{"footnotes":""},"class_list":["post-1002","page","type-page","status-publish","hentry"],"_links":{"self":[{"href":"https:\/\/ambulanceflight.com\/fr\/wp-json\/wp\/v2\/pages\/1002","targetHints":{"allow":["GET"]}}],"collection":[{"href":"https:\/\/ambulanceflight.com\/fr\/wp-json\/wp\/v2\/pages"}],"about":[{"href":"https:\/\/ambulanceflight.com\/fr\/wp-json\/wp\/v2\/types\/page"}],"author":[{"embeddable":true,"href":"https:\/\/ambulanceflight.com\/fr\/wp-json\/wp\/v2\/users\/1"}],"replies":[{"embeddable":true,"href":"https:\/\/ambulanceflight.com\/fr\/wp-json\/wp\/v2\/comments?post=1002"}],"version-history":[{"count":3,"href":"https:\/\/ambulanceflight.com\/fr\/wp-json\/wp\/v2\/pages\/1002\/revisions"}],"predecessor-version":[{"id":1324,"href":"https:\/\/ambulanceflight.com\/fr\/wp-json\/wp\/v2\/pages\/1002\/revisions\/1324"}],"up":[{"embeddable":true,"href":"https:\/\/ambulanceflight.com\/fr\/wp-json\/wp\/v2\/pages\/476"}],"wp:attachment":[{"href":"https:\/\/ambulanceflight.com\/fr\/wp-json\/wp\/v2\/media?parent=1002"}],"curies":[{"name":"wp","href":"https:\/\/api.w.org\/{rel}","templated":true}]}}